{"id":9536,"date":"2022-03-11T17:31:59","date_gmt":"2022-03-11T17:31:59","guid":{"rendered":"https:\/\/stonersmeds.com\/?post_type=product&#038;p=9536"},"modified":"2026-02-20T16:40:05","modified_gmt":"2026-02-20T14:40:05","slug":"buy-pineapple-express-marijuana-strain-online","status":"publish","type":"product","link":"https:\/\/stonersmeds.com\/es\/shop\/buy-pineapple-express-marijuana-strain-online\/","title":{"rendered":"Comprar Cepa de Marihuana Pineapple Express Online"},"content":{"rendered":"<h1>Comprar Cepa de Marihuana Pineapple Express Online.<\/h1>\n<p>Comprar Cepa de Marihuana Pineapple Express Online.<\/p>\n<p>Efectos<br \/>\nEnergizante, Euforia, Enfoque<br \/>\npuede aliviar<br \/>\nDolor cr\u00f3nico, depresi\u00f3n, fatiga, p\u00e9rdida de apetito, migra\u00f1as, n\u00e1useas, pesadillas<br \/>\nSabores<br \/>\nC\u00edtricos, Pino, Pi\u00f1a, Dulce, Tropical<br \/>\nAromas<br \/>\nTerroso, Pino, Pi\u00f1a, Dulce<\/p>\n<p>Sin embargo, debe tener en cuenta que la tensi\u00f3n no es tan intensa como la pel\u00edcula parece. Pero la Pineapple Express se las arregla para ofrecer un coloc\u00f3n suave y agradable que adormece el cuerpo, algo que esperas con ansias.<\/p>\n<p>La cepa se ofrece en forma de pepitas bien pesadas que parecen palomitas de poliestireno. No tiene un sabor dulce, pero huele raro con sus matices c\u00edtricos. El sabor es bastante extraordinario con un toque de pi\u00f1a mientras inhalas. Pineapple Express se elige para tratar muchos problemas m\u00e9dicos, como la ansiedad y el estr\u00e9s. Sin embargo, es a\u00fan m\u00e1s efectivo para curar los s\u00edntomas de la depresi\u00f3n cr\u00f3nica al mismo tiempo. Si sufre de dolores y molestias leves, no debe buscar m\u00e1s. Despu\u00e9s de fumarla, te dar\u00e1s cuenta de que Pineapple Express es calmante y estimulante al mismo tiempo.<\/p>\n<p>&nbsp;<\/p>\n<p>&nbsp;<\/p>\n<p>&nbsp;<\/p>\n<pre><strong>Comprar variedad de marihuana Pineapple Express en l\u00ednea - comprar variedad de marihuana, comprar variedad de marihuana Pineapple Express, comprar variedad de marihuana Pineapple en l\u00ednea, d\u00f3nde comprar variedad de marihuana Pineapple Express, venta de variedad de marihuana Pineapple Express, venta de variedad de marihuana Pineapple, comprar variedad de marihuana en l\u00ednea, donde para comprar variedad de marihuana Pineapple Express en l\u00ednea, variedad de marihuana Pineapple Express a la venta en EE. UU., EE. UU., canad\u00e1, Reino Unido, comprar, en l\u00ednea, proveedores, entrega segura, a\u00fan puede obtener variedad de marihuana Pineapple Express, es la variedad de marihuana Pineapple Express EE. UU., comprar pi\u00f1a Express Marijuana Strain en l\u00ednea EE. UU., C\u00f3mo pedir Pineapple Express Marijuana Strain, \u00bfEs legal Pineapple Express Marijuana Strain en Canad\u00e1?<\/strong><\/pre>","protected":false},"excerpt":{"rendered":"<p>Comprar Pineapple Express Variedad de Marihuana Online. Comprar Pineapple Express Variedad de Marihuana. Un hibrido sativa dominante - 60% Sativa \/ 40% Indica THC: 25%, CBN: 1%<\/p>\n<pre><strong>Comprar variedad de marihuana Pineapple Express en l\u00ednea - comprar variedad de marihuana, comprar variedad de marihuana Pineapple Express, comprar variedad de marihuana Pineapple en l\u00ednea, d\u00f3nde comprar variedad de marihuana Pineapple Express, venta de variedad de marihuana Pineapple Express, venta de variedad de marihuana Pineapple, comprar variedad de marihuana en l\u00ednea, donde para comprar variedad de marihuana Pineapple Express en l\u00ednea, variedad de marihuana Pineapple Express a la venta en EE. UU., EE. UU., canad\u00e1, Reino Unido, comprar, en l\u00ednea, proveedores, entrega segura, a\u00fan puede obtener variedad de marihuana Pineapple Express, es la variedad de marihuana Pineapple Express EE. UU., comprar pi\u00f1a Express Marijuana Strain en l\u00ednea EE. UU., C\u00f3mo pedir Pineapple Express Marijuana Strain, \u00bfEs legal Pineapple Express Marijuana Strain en Canad\u00e1?<\/strong><\/pre>","protected":false},"featured_media":9543,"comment_status":"open","ping_status":"closed","template":"","meta":{"_bst_post_transparent":"","_bst_post_title":"","_bst_post_layout":"","_bst_post_sidebar_id":"","_bst_post_content_style":"","_bst_post_vertical_padding":"","_bst_post_feature":"","_bst_post_feature_position":"","_bst_post_header":false,"_bst_post_footer":false},"product_brand":[],"product_cat":[81],"product_tag":[],"product_brands":[],"class_list":{"0":"post-9536","1":"product","2":"type-product","3":"status-publish","4":"has-post-thumbnail","6":"product_cat-marijuana-medical-cannabis","8":"first","9":"instock","10":"shipping-taxable","11":"purchasable","12":"product-type-variable","13":"entry","14":"content-bg","15":"loop-entry"},"tiered_pricing_type":"fixed","tiered_pricing_fixed_rules":{"28":"9","50":"8","100":"7","250":"6","500":"4.5","1000":"3"},"tiered_pricing_percentage_rules":[],"tiered_pricing_minimum":1,"_administrator_tiered_pricing_type":"fixed","_administrator_tiered_pricing_fixed_rules":[],"_editor_tiered_pricing_type":"fixed","_editor_tiered_pricing_fixed_rules":[],"_author_tiered_pricing_type":"fixed","_author_tiered_pricing_fixed_rules":[],"_contributor_tiered_pricing_type":"fixed","_contributor_tiered_pricing_fixed_rules":[],"_subscriber_tiered_pricing_type":"fixed","_subscriber_tiered_pricing_fixed_rules":[],"_customer_tiered_pricing_type":"fixed","_customer_tiered_pricing_fixed_rules":[],"_shop_manager_tiered_pricing_type":"fixed","_shop_manager_tiered_pricing_fixed_rules":[],"_wpseo_manager_tiered_pricing_type":"fixed","_wpseo_manager_tiered_pricing_fixed_rules":[],"_wpseo_editor_tiered_pricing_type":"fixed","_wpseo_editor_tiered_pricing_fixed_rules":[],"yoast_head":"<!-- This site is optimized with the Yoast SEO plugin v27.2 - https:\/\/yoast.com\/product\/yoast-seo-wordpress\/ -->\n<title>Buy Pineapple Express Marijuana Strain Online - stonersmeds.com<\/title>\n<meta name=\"robots\" content=\"index, follow, max-snippet:-1, max-image-preview:large, max-video-preview:-1\" \/>\n<link rel=\"canonical\" href=\"https:\/\/stonersmeds.com\/es\/shop\/buy-pineapple-express-marijuana-strain-online\/\" \/>\n<meta property=\"og:locale\" content=\"es_ES\" \/>\n<meta property=\"og:type\" content=\"article\" \/>\n<meta property=\"og:title\" content=\"Buy Pineapple Express Marijuana Strain Online - stonersmeds.com\" \/>\n<meta property=\"og:description\" content=\"Buy Pineapple Express Marijuana Strain Online.\u00a0Buy Pineapple Express Marijuana Strain. A sativa Dominant\u00a0Hybrid\u00a0\u2013 60% Sativa \/ 40% Indica THC: 25%, CBN: 1% Buy Pineapple Express Marijuana Strain Online - buy Marijuana Strain , buy Pineapple Express Marijuana Strain , buy Pineapple Marijuana Strain online, Where to Buy Pineapple Express Marijuana Strain , Pineapple Express Marijuana Strain for sale, Pineapple Marijuana Strain for sale, buy Marijuana Strain online, where to Buy Pineapple Express Marijuana Strain online, Pineapple Express Marijuana Strain for sale in usa , USA, canada,uk, buy, online, suppliers, safe delivery, You can still get Pineapple Express Marijuana Strain , Is Pineapple Express Marijuana Strain usa, buy Pineapple Express Marijuana Strain online usa, how to order Pineapple Express Marijuana Strain , Is Pineapple Express Marijuana Strain legal in Canada\" \/>\n<meta property=\"og:url\" content=\"https:\/\/stonersmeds.com\/es\/shop\/buy-pineapple-express-marijuana-strain-online\/\" \/>\n<meta property=\"og:site_name\" content=\"stonersmeds.com\" \/>\n<meta property=\"article:modified_time\" content=\"2026-02-20T14:40:05+00:00\" \/>\n<meta property=\"og:image\" content=\"https:\/\/stonersmeds.com\/wp-content\/uploads\/2022\/03\/Buy-Pineapple-Express-Marijuana-Strain-Online.jpg\" \/>\n\t<meta property=\"og:image:width\" content=\"600\" \/>\n\t<meta property=\"og:image:height\" content=\"600\" \/>\n\t<meta property=\"og:image:type\" content=\"image\/jpeg\" \/>\n<meta name=\"twitter:card\" content=\"summary_large_image\" \/>\n<meta name=\"twitter:label1\" content=\"Disponibilidad\" \/>\n\t<meta name=\"twitter:data1\" content=\"Disponible\" \/>\n<script type=\"application\/ld+json\" class=\"yoast-schema-graph\">{\"@context\":\"https:\/\/schema.org\",\"@graph\":[{\"@type\":\"WebPage\",\"@id\":\"https:\/\/stonersmeds.com\/shop\/buy-pineapple-express-marijuana-strain-online\/\",\"url\":\"https:\/\/stonersmeds.com\/shop\/buy-pineapple-express-marijuana-strain-online\/\",\"name\":\"Buy Pineapple Express Marijuana Strain Online - stonersmeds.com\",\"isPartOf\":{\"@id\":\"https:\/\/stonersmeds.com\/#website\"},\"primaryImageOfPage\":{\"@id\":\"https:\/\/stonersmeds.com\/shop\/buy-pineapple-express-marijuana-strain-online\/#primaryimage\"},\"image\":{\"@id\":\"https:\/\/stonersmeds.com\/shop\/buy-pineapple-express-marijuana-strain-online\/#primaryimage\"},\"thumbnailUrl\":\"https:\/\/stonersmeds.com\/wp-content\/uploads\/2022\/03\/Buy-Pineapple-Express-Marijuana-Strain-Online.jpg\",\"datePublished\":\"2022-03-11T17:31:59+00:00\",\"dateModified\":\"2026-02-20T14:40:05+00:00\",\"breadcrumb\":{\"@id\":\"https:\/\/stonersmeds.com\/shop\/buy-pineapple-express-marijuana-strain-online\/#breadcrumb\"},\"inLanguage\":\"es\",\"potentialAction\":[{\"@type\":\"ReadAction\",\"target\":[\"https:\/\/stonersmeds.com\/shop\/buy-pineapple-express-marijuana-strain-online\/\"]}]},{\"@type\":\"ImageObject\",\"inLanguage\":\"es\",\"@id\":\"https:\/\/stonersmeds.com\/shop\/buy-pineapple-express-marijuana-strain-online\/#primaryimage\",\"url\":\"https:\/\/stonersmeds.com\/wp-content\/uploads\/2022\/03\/Buy-Pineapple-Express-Marijuana-Strain-Online.jpg\",\"contentUrl\":\"https:\/\/stonersmeds.com\/wp-content\/uploads\/2022\/03\/Buy-Pineapple-Express-Marijuana-Strain-Online.jpg\",\"width\":600,\"height\":600},{\"@type\":\"BreadcrumbList\",\"@id\":\"https:\/\/stonersmeds.com\/shop\/buy-pineapple-express-marijuana-strain-online\/#breadcrumb\",\"itemListElement\":[{\"@type\":\"ListItem\",\"position\":1,\"name\":\"Home\",\"item\":\"https:\/\/stonersmeds.com\/\"},{\"@type\":\"ListItem\",\"position\":2,\"name\":\"Shop\",\"item\":\"https:\/\/stonersmeds.com\/shop\/\"},{\"@type\":\"ListItem\",\"position\":3,\"name\":\"Buy Pineapple Express Marijuana Strain Online\"}]},{\"@type\":\"WebSite\",\"@id\":\"https:\/\/stonersmeds.com\/#website\",\"url\":\"https:\/\/stonersmeds.com\/\",\"name\":\"stonersmeds.com\",\"description\":\"verschreibungspflichtige Medizin kaufen\",\"publisher\":{\"@id\":\"https:\/\/stonersmeds.com\/#organization\"},\"alternateName\":\"Research chemical shop\",\"potentialAction\":[{\"@type\":\"SearchAction\",\"target\":{\"@type\":\"EntryPoint\",\"urlTemplate\":\"https:\/\/stonersmeds.com\/?s={search_term_string}\"},\"query-input\":{\"@type\":\"PropertyValueSpecification\",\"valueRequired\":true,\"valueName\":\"search_term_string\"}}],\"inLanguage\":\"es\"},{\"@type\":\"Organization\",\"@id\":\"https:\/\/stonersmeds.com\/#organization\",\"name\":\"Stonersmeds Shop\",\"url\":\"https:\/\/stonersmeds.com\/\",\"logo\":{\"@type\":\"ImageObject\",\"inLanguage\":\"es\",\"@id\":\"https:\/\/stonersmeds.com\/#\/schema\/logo\/image\/\",\"url\":\"https:\/\/stonersmeds.com\/wp-content\/uploads\/2026\/02\/high-purity-DMT-powder.jpg\",\"contentUrl\":\"https:\/\/stonersmeds.com\/wp-content\/uploads\/2026\/02\/high-purity-DMT-powder.jpg\",\"width\":500,\"height\":500,\"caption\":\"Stonersmeds Shop\"},\"image\":{\"@id\":\"https:\/\/stonersmeds.com\/#\/schema\/logo\/image\/\"}}]}<\/script>\n<meta property=\"og:availability\" content=\"instock\" \/>\n<meta property=\"product:availability\" content=\"instock\" \/>\n<meta property=\"product:condition\" content=\"new\" \/>\n<!-- \/ Yoast SEO plugin. -->","yoast_head_json":{"title":"Comprar variedad de marihuana Pineapple Express en l\u00ednea - stonersmeds.com","robots":{"index":"index","follow":"follow","max-snippet":"max-snippet:-1","max-image-preview":"max-image-preview:large","max-video-preview":"max-video-preview:-1"},"canonical":"https:\/\/stonersmeds.com\/es\/shop\/buy-pineapple-express-marijuana-strain-online\/","og_locale":"es_ES","og_type":"article","og_title":"Buy Pineapple Express Marijuana Strain Online - stonersmeds.com","og_description":"Buy Pineapple Express Marijuana Strain Online.\u00a0Buy Pineapple Express Marijuana Strain. A sativa Dominant\u00a0Hybrid\u00a0\u2013 60% Sativa \/ 40% Indica THC: 25%, CBN: 1% Buy Pineapple Express Marijuana Strain Online - buy Marijuana Strain , buy Pineapple Express Marijuana Strain , buy Pineapple Marijuana Strain online, Where to Buy Pineapple Express Marijuana Strain , Pineapple Express Marijuana Strain for sale, Pineapple Marijuana Strain for sale, buy Marijuana Strain online, where to Buy Pineapple Express Marijuana Strain online, Pineapple Express Marijuana Strain for sale in usa , USA, canada,uk, buy, online, suppliers, safe delivery, You can still get Pineapple Express Marijuana Strain , Is Pineapple Express Marijuana Strain usa, buy Pineapple Express Marijuana Strain online usa, how to order Pineapple Express Marijuana Strain , Is Pineapple Express Marijuana Strain legal in Canada","og_url":"https:\/\/stonersmeds.com\/es\/shop\/buy-pineapple-express-marijuana-strain-online\/","og_site_name":"stonersmeds.com","article_modified_time":"2026-02-20T14:40:05+00:00","og_image":[{"width":600,"height":600,"url":"https:\/\/stonersmeds.com\/wp-content\/uploads\/2022\/03\/Buy-Pineapple-Express-Marijuana-Strain-Online.jpg","type":"image\/jpeg"}],"twitter_card":"summary_large_image","twitter_misc":{"Disponibilidad":"Disponible"},"schema":{"@context":"https:\/\/schema.org","@graph":[{"@type":"WebPage","@id":"https:\/\/stonersmeds.com\/shop\/buy-pineapple-express-marijuana-strain-online\/","url":"https:\/\/stonersmeds.com\/shop\/buy-pineapple-express-marijuana-strain-online\/","name":"Comprar variedad de marihuana Pineapple Express en l\u00ednea - stonersmeds.com","isPartOf":{"@id":"https:\/\/stonersmeds.com\/#website"},"primaryImageOfPage":{"@id":"https:\/\/stonersmeds.com\/shop\/buy-pineapple-express-marijuana-strain-online\/#primaryimage"},"image":{"@id":"https:\/\/stonersmeds.com\/shop\/buy-pineapple-express-marijuana-strain-online\/#primaryimage"},"thumbnailUrl":"https:\/\/stonersmeds.com\/wp-content\/uploads\/2022\/03\/Buy-Pineapple-Express-Marijuana-Strain-Online.jpg","datePublished":"2022-03-11T17:31:59+00:00","dateModified":"2026-02-20T14:40:05+00:00","breadcrumb":{"@id":"https:\/\/stonersmeds.com\/shop\/buy-pineapple-express-marijuana-strain-online\/#breadcrumb"},"inLanguage":"es","potentialAction":[{"@type":"ReadAction","target":["https:\/\/stonersmeds.com\/shop\/buy-pineapple-express-marijuana-strain-online\/"]}]},{"@type":"ImageObject","inLanguage":"es","@id":"https:\/\/stonersmeds.com\/shop\/buy-pineapple-express-marijuana-strain-online\/#primaryimage","url":"https:\/\/stonersmeds.com\/wp-content\/uploads\/2022\/03\/Buy-Pineapple-Express-Marijuana-Strain-Online.jpg","contentUrl":"https:\/\/stonersmeds.com\/wp-content\/uploads\/2022\/03\/Buy-Pineapple-Express-Marijuana-Strain-Online.jpg","width":600,"height":600},{"@type":"BreadcrumbList","@id":"https:\/\/stonersmeds.com\/shop\/buy-pineapple-express-marijuana-strain-online\/#breadcrumb","itemListElement":[{"@type":"ListItem","position":1,"name":"Home","item":"https:\/\/stonersmeds.com\/"},{"@type":"ListItem","position":2,"name":"Shop","item":"https:\/\/stonersmeds.com\/shop\/"},{"@type":"ListItem","position":3,"name":"Buy Pineapple Express Marijuana Strain Online"}]},{"@type":"WebSite","@id":"https:\/\/stonersmeds.com\/#website","url":"https:\/\/stonersmeds.com\/","name":"stonersmeds.com","description":"verschreibungspflichtige Medizin kaufen","publisher":{"@id":"https:\/\/stonersmeds.com\/#organization"},"alternateName":"Research chemical shop","potentialAction":[{"@type":"SearchAction","target":{"@type":"EntryPoint","urlTemplate":"https:\/\/stonersmeds.com\/?s={search_term_string}"},"query-input":{"@type":"PropertyValueSpecification","valueRequired":true,"valueName":"search_term_string"}}],"inLanguage":"es"},{"@type":"Organization","@id":"https:\/\/stonersmeds.com\/#organization","name":"Stonersmeds Shop","url":"https:\/\/stonersmeds.com\/","logo":{"@type":"ImageObject","inLanguage":"es","@id":"https:\/\/stonersmeds.com\/#\/schema\/logo\/image\/","url":"https:\/\/stonersmeds.com\/wp-content\/uploads\/2026\/02\/high-purity-DMT-powder.jpg","contentUrl":"https:\/\/stonersmeds.com\/wp-content\/uploads\/2026\/02\/high-purity-DMT-powder.jpg","width":500,"height":500,"caption":"Stonersmeds Shop"},"image":{"@id":"https:\/\/stonersmeds.com\/#\/schema\/logo\/image\/"}}]},"og_availability":"instock","product_availability":"instock","product_condition":"new"},"_links":{"self":[{"href":"https:\/\/stonersmeds.com\/es\/wp-json\/wp\/v2\/product\/9536","targetHints":{"allow":["GET"]}}],"collection":[{"href":"https:\/\/stonersmeds.com\/es\/wp-json\/wp\/v2\/product"}],"about":[{"href":"https:\/\/stonersmeds.com\/es\/wp-json\/wp\/v2\/types\/product"}],"replies":[{"embeddable":true,"href":"https:\/\/stonersmeds.com\/es\/wp-json\/wp\/v2\/comments?post=9536"}],"version-history":[{"count":0,"href":"https:\/\/stonersmeds.com\/es\/wp-json\/wp\/v2\/product\/9536\/revisions"}],"wp:featuredmedia":[{"embeddable":true,"href":"https:\/\/stonersmeds.com\/es\/wp-json\/wp\/v2\/media\/9543"}],"wp:attachment":[{"href":"https:\/\/stonersmeds.com\/es\/wp-json\/wp\/v2\/media?parent=9536"}],"wp:term":[{"taxonomy":"product_brand","embeddable":true,"href":"https:\/\/stonersmeds.com\/es\/wp-json\/wp\/v2\/product_brand?post=9536"},{"taxonomy":"product_cat","embeddable":true,"href":"https:\/\/stonersmeds.com\/es\/wp-json\/wp\/v2\/product_cat?post=9536"},{"taxonomy":"product_tag","embeddable":true,"href":"https:\/\/stonersmeds.com\/es\/wp-json\/wp\/v2\/product_tag?post=9536"},{"taxonomy":"product_brands","embeddable":true,"href":"https:\/\/stonersmeds.com\/es\/wp-json\/wp\/v2\/product_brands?post=9536"}],"curies":[{"name":"wp","href":"https:\/\/api.w.org\/{rel}","templated":true}]}}