{"id":9732,"date":"2022-03-11T19:18:50","date_gmt":"2022-03-11T19:18:50","guid":{"rendered":"https:\/\/stonersmeds.com\/?post_type=product&#038;p=9732"},"modified":"2026-03-02T14:00:07","modified_gmt":"2026-03-02T12:00:07","slug":"buy-thca-crystals-top-shelf","status":"publish","type":"product","link":"https:\/\/stonersmeds.com\/es\/shop\/buy-thca-crystals-top-shelf\/","title":{"rendered":"Comprar cristales de THCA - Estante superior"},"content":{"rendered":"<h1>Comprar cristales de THCA - Estante superior<\/h1>\n<p>El THCA, o corrosivo tetrahidrocannabin\u00f3lico, es un compuesto del cannabis que est\u00e1 empezando a mostrar potencial curativo desde el principio de su examen. Ya conoces el THC, y teniendo en cuenta que pueden sonar comparativos, el THCA tiene propiedades totalmente diferentes. En absoluto parecido al THC, el THCA es un cannabinoide no embriagador que se encuentra en el cannabis crudo y vivo. A medida que la planta se seca, el THCA se convierte gradualmente en THC. El calor facilita este cambio en un ciclo conocido como descarboxilaci\u00f3n, una palabra extravagante que retrata lo que ocurre cuando fumas o desintegras la flor.<\/p>\n<p>Si has comprado cannabis de laboratorio, puede que veas que el cannabinoide m\u00e1s abundante es el THC o el THCA, que pueden oscilar entre 10-20%. Mientras que THCA es el nombre m\u00e1s preciso para la flor que no ha sido descarboxilada, b\u00e1sicamente significan algo muy similar en la remota posibilidad de que aceptes que el comprador espere fumar, desintegrar o calentar el art\u00edculo de una forma u otra.<\/p>\n<p>Las \"piedras preciosas\" o gemas de THCA se han estado moviendo con los clientes de concentrado de cannabis en el transcurso de los \u00faltimos a\u00f1os. Hasta no hace mucho, el THCA aislado era dif\u00edcil de encontrar. En la actualidad, puedes descubrirlas segregadas o m\u00e1s generalmente rociadas con terpenos en recipientes llamados \"salsa\". Repasaremos todo lo que necesitas saber sobre el THCA en forma de cristal.<\/p>\n<p>THCA representa corrosivo tetrahidrocannabin\u00f3lico. El cannabis crudo y vivo tiene las agrupaciones m\u00e1s grandes. El THCA se convierte gradualmente en THC a medida que se seca la planta. Calentar el cannabis acelera el ciclo.<\/p>\n<p>El THCA es un antecedente no psicoactivo del THC, lo que significa que no te colocar\u00e1. Esta es la raz\u00f3n por la que el cannabis debe descarboxilarse en una estufa antes de ser utilizado en comestibles. El ciclo garantiza que todo el THCA se haya transformado en THC para que puedas sentir todos los efectos psicoactivos.<\/p>\n<p>El THCA es un antecedente no psicoactivo del THC, lo que significa que no te colocar\u00e1. Esta es la raz\u00f3n por la que el cannabis debe descarboxilarse en una estufa antes de ser utilizado en comestibles. El ciclo garantiza que todo el THCA se haya transformado en THC para que puedas sentir todos los efectos psicoactivos.<\/p>\n<p>El cannabis crudo es un superalimento conocido. Exprimir el cannabis puede dar niveles m\u00e1s significativos de THCA. Comer niveles elevados de THCA puede ayudar a compensar la falta de endocannabinoides sin el subid\u00f3n. Las insuficiencias endocannabinoides son responsables de algunas dolencias paralizantes.<\/p>\n<p>buy thca online, thca crystalline for sale, thca crystalline for sale online, thc crystals for sale, thca for sale, Ciertas personas que son sensibles al THC no pueden ingerir suficiente cannabinoide para aliviar sus manifestaciones. Por suerte, ahora pueden encontrar una ayuda equivalente o m\u00e1s importante comiendo cannabis crudo.<\/p>\n<p>El Dr. William Courtney, m\u00e9dico de Willits, California, lleva casi 10 a\u00f1os promoviendo las ventajas de exprimir hierba. Las nuevas plantas son m\u00e1s elevadas en THCA. As\u00ed que excepto si te das cuenta de c\u00f3mo desarrollar la hierba o alguien que lo hace, est\u00e1s en una situaci\u00f3n ideal descubrir THCA transl\u00facido.<\/p>\n<p>&nbsp;<\/p>\n<p>&nbsp;<\/p>\n<p>&nbsp;<\/p>\n<pre><strong>Comprar cristales de THCA - Estante superior - comprar THCA, comprar cristales de THCA, comprar cristales de THCA en l\u00ednea, d\u00f3nde comprar cristales de THCA, cristales de THCA en venta, cristales en venta, comprar THCA en l\u00ednea, d\u00f3nde comprar cristales de THCA en l\u00ednea, cristales de THCA en venta en EE. UU., EE. UU., Canad\u00e1, Reino Unido, comprar, en l\u00ednea, proveedores, entrega segura, a\u00fan puede obtener cristales de THCA, \u00bflos cristales de THCA son legales en EE. UU.?<\/strong><\/pre>","protected":false},"excerpt":{"rendered":"<ul>\n<li>Env\u00edo al mundo entero<\/li>\n<li><strong>Un concentrado compuesto por 97-99% THC<\/strong><\/li>\n<li><strong>99% THC-A puro<\/strong><\/li>\n<li><strong>Cont\u00e1ctenos<\/strong>\u00a0para pedidos m\u00e1s grandes<\/li>\n<\/ul>\n<pre><\/pre>","protected":false},"featured_media":9747,"comment_status":"open","ping_status":"closed","template":"","meta":{"_bst_post_transparent":"","_bst_post_title":"","_bst_post_layout":"","_bst_post_sidebar_id":"","_bst_post_content_style":"","_bst_post_vertical_padding":"","_bst_post_feature":"","_bst_post_feature_position":"","_bst_post_header":false,"_bst_post_footer":false},"product_brand":[],"product_cat":[76],"product_tag":[970,987,980,985,983,988,971,977,990,974,979,976,982,973,986,972,975,989,981,984,978],"product_brands":[],"class_list":{"0":"post-9732","1":"product","2":"type-product","3":"status-publish","4":"has-post-thumbnail","6":"product_cat-marijuana-wax","7":"product_tag-100-thc-wax-shop-online","8":"product_tag-buy-cannabis-wax-online","9":"product_tag-buy-dab-wax-online","10":"product_tag-buy-dabs-online-any-state","11":"product_tag-cannabis-wax-for-sale","12":"product_tag-dabs-for-sale-online","13":"product_tag-dangers-of-marijuana-wax","14":"product_tag-how-do-you-smoke-wax","15":"product_tag-marijuana-wax-dabs","16":"product_tag-marijuana-wax-for-sale","17":"product_tag-marijuana-wax-for-sale-online","18":"product_tag-marijuana-wax-making-kit","19":"product_tag-marijuana-wax-making-machine","20":"product_tag-side-effects-of-smoking-wax","21":"product_tag-thc-edibles-online-ship-anywhere","22":"product_tag-thc-wax-concentrates-prices","23":"product_tag-wax-concentrate-for-sale","24":"product_tag-wax-dabs-for-sale","25":"product_tag-wax-press-machine-for-weed","26":"product_tag-where-to-buy-dab-wax","27":"product_tag-where-to-buy-hash-wax","29":"first","30":"instock","31":"shipping-taxable","32":"purchasable","33":"product-type-variable","34":"entry","35":"content-bg","36":"loop-entry"},"tiered_pricing_type":"fixed","tiered_pricing_fixed_rules":[],"tiered_pricing_percentage_rules":[],"tiered_pricing_minimum":1,"_administrator_tiered_pricing_type":"fixed","_administrator_tiered_pricing_fixed_rules":[],"_editor_tiered_pricing_type":"fixed","_editor_tiered_pricing_fixed_rules":[],"_author_tiered_pricing_type":"fixed","_author_tiered_pricing_fixed_rules":[],"_contributor_tiered_pricing_type":"fixed","_contributor_tiered_pricing_fixed_rules":[],"_subscriber_tiered_pricing_type":"fixed","_subscriber_tiered_pricing_fixed_rules":[],"_customer_tiered_pricing_type":"fixed","_customer_tiered_pricing_fixed_rules":[],"_shop_manager_tiered_pricing_type":"fixed","_shop_manager_tiered_pricing_fixed_rules":[],"_wpseo_manager_tiered_pricing_type":"fixed","_wpseo_manager_tiered_pricing_fixed_rules":[],"_wpseo_editor_tiered_pricing_type":"fixed","_wpseo_editor_tiered_pricing_fixed_rules":[],"yoast_head":"<!-- This site is optimized with the Yoast SEO plugin v27.2 - https:\/\/yoast.com\/product\/yoast-seo-wordpress\/ -->\n<title>Buy THCA Crystals- Top Shelf - stonersmeds.com<\/title>\n<meta name=\"description\" content=\"By THCA crystal, 99.9 % pure. safe and fast delivery to your door step. Order now and get quality THCA crystals in maximum 3 days\" \/>\n<meta name=\"robots\" content=\"index, follow, max-snippet:-1, max-image-preview:large, max-video-preview:-1\" \/>\n<link rel=\"canonical\" href=\"https:\/\/stonersmeds.com\/es\/shop\/buy-thca-crystals-top-shelf\/\" \/>\n<meta property=\"og:locale\" content=\"es_ES\" \/>\n<meta property=\"og:type\" content=\"article\" \/>\n<meta property=\"og:title\" content=\"Buy THCA Crystals- Top Shelf - stonersmeds.com\" \/>\n<meta property=\"og:description\" content=\"By THCA crystal, 99.9 % pure. safe and fast delivery to your door step. Order now and get quality THCA crystals in maximum 3 days\" \/>\n<meta property=\"og:url\" content=\"https:\/\/stonersmeds.com\/es\/shop\/buy-thca-crystals-top-shelf\/\" \/>\n<meta property=\"og:site_name\" content=\"stonersmeds.com\" \/>\n<meta property=\"article:modified_time\" content=\"2026-03-02T12:00:07+00:00\" \/>\n<meta property=\"og:image\" content=\"https:\/\/stonersmeds.com\/wp-content\/uploads\/2022\/03\/Buy-THCA-Crystals-Top-Shelf.jpg\" \/>\n\t<meta property=\"og:image:width\" content=\"600\" \/>\n\t<meta property=\"og:image:height\" content=\"600\" \/>\n\t<meta property=\"og:image:type\" content=\"image\/jpeg\" \/>\n<meta name=\"twitter:card\" content=\"summary_large_image\" \/>\n<meta name=\"twitter:label1\" content=\"Disponibilidad\" \/>\n\t<meta name=\"twitter:data1\" content=\"Disponible\" \/>\n<script type=\"application\/ld+json\" class=\"yoast-schema-graph\">{\"@context\":\"https:\/\/schema.org\",\"@graph\":[{\"@type\":\"WebPage\",\"@id\":\"https:\/\/stonersmeds.com\/shop\/buy-thca-crystals-top-shelf\/\",\"url\":\"https:\/\/stonersmeds.com\/shop\/buy-thca-crystals-top-shelf\/\",\"name\":\"Buy THCA Crystals- Top Shelf - stonersmeds.com\",\"isPartOf\":{\"@id\":\"https:\/\/stonersmeds.com\/#website\"},\"primaryImageOfPage\":{\"@id\":\"https:\/\/stonersmeds.com\/shop\/buy-thca-crystals-top-shelf\/#primaryimage\"},\"image\":{\"@id\":\"https:\/\/stonersmeds.com\/shop\/buy-thca-crystals-top-shelf\/#primaryimage\"},\"thumbnailUrl\":\"https:\/\/stonersmeds.com\/wp-content\/uploads\/2022\/03\/Buy-THCA-Crystals-Top-Shelf.jpg\",\"datePublished\":\"2022-03-11T19:18:50+00:00\",\"dateModified\":\"2026-03-02T12:00:07+00:00\",\"description\":\"By THCA crystal, 99.9 % pure. safe and fast delivery to your door step. Order now and get quality THCA crystals in maximum 3 days\",\"breadcrumb\":{\"@id\":\"https:\/\/stonersmeds.com\/shop\/buy-thca-crystals-top-shelf\/#breadcrumb\"},\"inLanguage\":\"es\",\"potentialAction\":[{\"@type\":\"ReadAction\",\"target\":[\"https:\/\/stonersmeds.com\/shop\/buy-thca-crystals-top-shelf\/\"]}]},{\"@type\":\"ImageObject\",\"inLanguage\":\"es\",\"@id\":\"https:\/\/stonersmeds.com\/shop\/buy-thca-crystals-top-shelf\/#primaryimage\",\"url\":\"https:\/\/stonersmeds.com\/wp-content\/uploads\/2022\/03\/Buy-THCA-Crystals-Top-Shelf.jpg\",\"contentUrl\":\"https:\/\/stonersmeds.com\/wp-content\/uploads\/2022\/03\/Buy-THCA-Crystals-Top-Shelf.jpg\",\"width\":600,\"height\":600},{\"@type\":\"BreadcrumbList\",\"@id\":\"https:\/\/stonersmeds.com\/shop\/buy-thca-crystals-top-shelf\/#breadcrumb\",\"itemListElement\":[{\"@type\":\"ListItem\",\"position\":1,\"name\":\"Home\",\"item\":\"https:\/\/stonersmeds.com\/\"},{\"@type\":\"ListItem\",\"position\":2,\"name\":\"Shop\",\"item\":\"https:\/\/stonersmeds.com\/shop\/\"},{\"@type\":\"ListItem\",\"position\":3,\"name\":\"Buy THCA Crystals- Top Shelf\"}]},{\"@type\":\"WebSite\",\"@id\":\"https:\/\/stonersmeds.com\/#website\",\"url\":\"https:\/\/stonersmeds.com\/\",\"name\":\"stonersmeds.com\",\"description\":\"verschreibungspflichtige Medizin kaufen\",\"publisher\":{\"@id\":\"https:\/\/stonersmeds.com\/#organization\"},\"alternateName\":\"Research chemical shop\",\"potentialAction\":[{\"@type\":\"SearchAction\",\"target\":{\"@type\":\"EntryPoint\",\"urlTemplate\":\"https:\/\/stonersmeds.com\/?s={search_term_string}\"},\"query-input\":{\"@type\":\"PropertyValueSpecification\",\"valueRequired\":true,\"valueName\":\"search_term_string\"}}],\"inLanguage\":\"es\"},{\"@type\":\"Organization\",\"@id\":\"https:\/\/stonersmeds.com\/#organization\",\"name\":\"Stonersmeds Shop\",\"url\":\"https:\/\/stonersmeds.com\/\",\"logo\":{\"@type\":\"ImageObject\",\"inLanguage\":\"es\",\"@id\":\"https:\/\/stonersmeds.com\/#\/schema\/logo\/image\/\",\"url\":\"https:\/\/stonersmeds.com\/wp-content\/uploads\/2026\/02\/high-purity-DMT-powder.jpg\",\"contentUrl\":\"https:\/\/stonersmeds.com\/wp-content\/uploads\/2026\/02\/high-purity-DMT-powder.jpg\",\"width\":500,\"height\":500,\"caption\":\"Stonersmeds Shop\"},\"image\":{\"@id\":\"https:\/\/stonersmeds.com\/#\/schema\/logo\/image\/\"}}]}<\/script>\n<meta property=\"og:availability\" content=\"instock\" \/>\n<meta property=\"product:availability\" content=\"instock\" \/>\n<meta property=\"product:condition\" content=\"new\" \/>\n<!-- \/ Yoast SEO plugin. -->","yoast_head_json":{"title":"Comprar cristales de THCA - Top Shelf - stonersmeds.com","description":"Por THCA cristal, 99,9 % puro. entrega segura y r\u00e1pida a su paso de la puerta. Orden ahora y obtener cristales de THCA de calidad en un m\u00e1ximo de 3 d\u00edas.","robots":{"index":"index","follow":"follow","max-snippet":"max-snippet:-1","max-image-preview":"max-image-preview:large","max-video-preview":"max-video-preview:-1"},"canonical":"https:\/\/stonersmeds.com\/es\/shop\/buy-thca-crystals-top-shelf\/","og_locale":"es_ES","og_type":"article","og_title":"Buy THCA Crystals- Top Shelf - stonersmeds.com","og_description":"By THCA crystal, 99.9 % pure. safe and fast delivery to your door step. Order now and get quality THCA crystals in maximum 3 days","og_url":"https:\/\/stonersmeds.com\/es\/shop\/buy-thca-crystals-top-shelf\/","og_site_name":"stonersmeds.com","article_modified_time":"2026-03-02T12:00:07+00:00","og_image":[{"width":600,"height":600,"url":"https:\/\/stonersmeds.com\/wp-content\/uploads\/2022\/03\/Buy-THCA-Crystals-Top-Shelf.jpg","type":"image\/jpeg"}],"twitter_card":"summary_large_image","twitter_misc":{"Disponibilidad":"Disponible"},"schema":{"@context":"https:\/\/schema.org","@graph":[{"@type":"WebPage","@id":"https:\/\/stonersmeds.com\/shop\/buy-thca-crystals-top-shelf\/","url":"https:\/\/stonersmeds.com\/shop\/buy-thca-crystals-top-shelf\/","name":"Comprar cristales de THCA - Top Shelf - stonersmeds.com","isPartOf":{"@id":"https:\/\/stonersmeds.com\/#website"},"primaryImageOfPage":{"@id":"https:\/\/stonersmeds.com\/shop\/buy-thca-crystals-top-shelf\/#primaryimage"},"image":{"@id":"https:\/\/stonersmeds.com\/shop\/buy-thca-crystals-top-shelf\/#primaryimage"},"thumbnailUrl":"https:\/\/stonersmeds.com\/wp-content\/uploads\/2022\/03\/Buy-THCA-Crystals-Top-Shelf.jpg","datePublished":"2022-03-11T19:18:50+00:00","dateModified":"2026-03-02T12:00:07+00:00","description":"Por THCA cristal, 99,9 % puro. entrega segura y r\u00e1pida a su paso de la puerta. Orden ahora y obtener cristales de THCA de calidad en un m\u00e1ximo de 3 d\u00edas.","breadcrumb":{"@id":"https:\/\/stonersmeds.com\/shop\/buy-thca-crystals-top-shelf\/#breadcrumb"},"inLanguage":"es","potentialAction":[{"@type":"ReadAction","target":["https:\/\/stonersmeds.com\/shop\/buy-thca-crystals-top-shelf\/"]}]},{"@type":"ImageObject","inLanguage":"es","@id":"https:\/\/stonersmeds.com\/shop\/buy-thca-crystals-top-shelf\/#primaryimage","url":"https:\/\/stonersmeds.com\/wp-content\/uploads\/2022\/03\/Buy-THCA-Crystals-Top-Shelf.jpg","contentUrl":"https:\/\/stonersmeds.com\/wp-content\/uploads\/2022\/03\/Buy-THCA-Crystals-Top-Shelf.jpg","width":600,"height":600},{"@type":"BreadcrumbList","@id":"https:\/\/stonersmeds.com\/shop\/buy-thca-crystals-top-shelf\/#breadcrumb","itemListElement":[{"@type":"ListItem","position":1,"name":"Home","item":"https:\/\/stonersmeds.com\/"},{"@type":"ListItem","position":2,"name":"Shop","item":"https:\/\/stonersmeds.com\/shop\/"},{"@type":"ListItem","position":3,"name":"Buy THCA Crystals- Top Shelf"}]},{"@type":"WebSite","@id":"https:\/\/stonersmeds.com\/#website","url":"https:\/\/stonersmeds.com\/","name":"stonersmeds.com","description":"verschreibungspflichtige Medizin kaufen","publisher":{"@id":"https:\/\/stonersmeds.com\/#organization"},"alternateName":"Research chemical shop","potentialAction":[{"@type":"SearchAction","target":{"@type":"EntryPoint","urlTemplate":"https:\/\/stonersmeds.com\/?s={search_term_string}"},"query-input":{"@type":"PropertyValueSpecification","valueRequired":true,"valueName":"search_term_string"}}],"inLanguage":"es"},{"@type":"Organization","@id":"https:\/\/stonersmeds.com\/#organization","name":"Stonersmeds Shop","url":"https:\/\/stonersmeds.com\/","logo":{"@type":"ImageObject","inLanguage":"es","@id":"https:\/\/stonersmeds.com\/#\/schema\/logo\/image\/","url":"https:\/\/stonersmeds.com\/wp-content\/uploads\/2026\/02\/high-purity-DMT-powder.jpg","contentUrl":"https:\/\/stonersmeds.com\/wp-content\/uploads\/2026\/02\/high-purity-DMT-powder.jpg","width":500,"height":500,"caption":"Stonersmeds Shop"},"image":{"@id":"https:\/\/stonersmeds.com\/#\/schema\/logo\/image\/"}}]},"og_availability":"instock","product_availability":"instock","product_condition":"new"},"_links":{"self":[{"href":"https:\/\/stonersmeds.com\/es\/wp-json\/wp\/v2\/product\/9732","targetHints":{"allow":["GET"]}}],"collection":[{"href":"https:\/\/stonersmeds.com\/es\/wp-json\/wp\/v2\/product"}],"about":[{"href":"https:\/\/stonersmeds.com\/es\/wp-json\/wp\/v2\/types\/product"}],"replies":[{"embeddable":true,"href":"https:\/\/stonersmeds.com\/es\/wp-json\/wp\/v2\/comments?post=9732"}],"version-history":[{"count":0,"href":"https:\/\/stonersmeds.com\/es\/wp-json\/wp\/v2\/product\/9732\/revisions"}],"wp:featuredmedia":[{"embeddable":true,"href":"https:\/\/stonersmeds.com\/es\/wp-json\/wp\/v2\/media\/9747"}],"wp:attachment":[{"href":"https:\/\/stonersmeds.com\/es\/wp-json\/wp\/v2\/media?parent=9732"}],"wp:term":[{"taxonomy":"product_brand","embeddable":true,"href":"https:\/\/stonersmeds.com\/es\/wp-json\/wp\/v2\/product_brand?post=9732"},{"taxonomy":"product_cat","embeddable":true,"href":"https:\/\/stonersmeds.com\/es\/wp-json\/wp\/v2\/product_cat?post=9732"},{"taxonomy":"product_tag","embeddable":true,"href":"https:\/\/stonersmeds.com\/es\/wp-json\/wp\/v2\/product_tag?post=9732"},{"taxonomy":"product_brands","embeddable":true,"href":"https:\/\/stonersmeds.com\/es\/wp-json\/wp\/v2\/product_brands?post=9732"}],"curies":[{"name":"wp","href":"https:\/\/api.w.org\/{rel}","templated":true}]}}