{"id":9984,"date":"2022-03-12T03:57:18","date_gmt":"2022-03-12T03:57:18","guid":{"rendered":"https:\/\/stonersmeds.com\/?post_type=product&#038;p=9984"},"modified":"2026-03-02T07:20:48","modified_gmt":"2026-03-02T05:20:48","slug":"buy-white-widow-shatter-top-shelf","status":"publish","type":"product","link":"https:\/\/stonersmeds.com\/es\/shop\/buy-white-widow-shatter-top-shelf\/","title":{"rendered":"Comprar White Widow Shatter - Top Shelf"},"content":{"rendered":"<h1>Comprar White Widow Shatter - Top Shelf<\/h1>\n<p>COMPRAR BLANCO SALVAJE ONLINE<\/p>\n<p>Compra la White Widow Shatter, esta es una cepa h\u00edbrida que ha sido ampliamente conocida desde principios de los 90. Esta cepa es mundialmente famosa y se puede encontrar en el men\u00fa principal de casi todos los caf\u00e9s de Amsterdam. La distribuci\u00f3n de White Widow ha aumentado significativamente a trav\u00e9s del programa de televisi\u00f3n Weeds y referencias en la industria del rap. Esta cepa tiene una proporci\u00f3n sativa\/indica bastante equilibrada de 60:40 (sativa brasile\u00f1a x indica del sur de la India), lo que resulta en una mejora cognitiva con una ventaja calmante. Los pacientes elegir\u00e1n White Widow cuando busquen una excitante que les permita descansar y relajarse mientras mantienen una sensaci\u00f3n de conciencia mental. Esta cepa es excelente para la depresi\u00f3n, el estr\u00e9s, el dolor y el TEPT. La White Widow recibe su nombre del hecho de que est\u00e1 completamente cubierta de cristales blancos. Pero ten cuidado, este humo de az\u00facar dulce es suave al principio pero se expande dr\u00e1sticamente, lo que puede provocar una fuerte tos; especialmente si eres un fumador novato. En cuanto al aroma, puedes esperar notas c\u00edtricas y picantes acompa\u00f1adas de un toque de lim\u00f3n. Esta cepa es ideal para actividades al aire libre como ir a la playa o dar un agradable paseo.<\/p>\n<pre><strong>Comprar White Widow Shatter - Top Shelf - comprar White Widow Shatter , comprar White Widow Shatter usa , comprar White Widow Shatter online USA , Donde comprar White Widow Shatter , White Widow Shatter en venta , White Widow Shatter en venta cerca de mi , comprar White Widow Shatter online cerca de mi , donde comprar White Widow Shatter online , White Widow Shatter en venta en usa , USA, canada,uk, compra, online, proveedores, entrega segura, Aun puedes conseguir White Widow Shatter , Is White Widow Shatter legal in usa, buy White Widow Shatter online usa, how to order White Widow Shatter , Is White Widow Shatter legal in Canada<\/strong><\/pre>","protected":false},"excerpt":{"rendered":"<ul>\n<li>Env\u00edo al mundo entero<\/li>\n<li><strong>Grado: AAAAA<\/strong><\/li>\n<li>El pedido m\u00ednimo es\u00a0<strong>3,5 gramos<\/strong><\/li>\n<li><strong>Cont\u00e1ctenos<\/strong>\u00a0para pedidos m\u00e1s grandes<\/li>\n<\/ul>\n<pre><strong>Comprar White Widow Shatter - Top Shelf - comprar White Widow Shatter , comprar White Widow Shatter usa , comprar White Widow Shatter online USA , Donde comprar White Widow Shatter , White Widow Shatter en venta , White Widow Shatter en venta cerca de mi , comprar White Widow Shatter online cerca de mi , donde comprar White Widow Shatter online , White Widow Shatter en venta en usa , USA, canada,uk, compra, online, proveedores, entrega segura, Aun puedes conseguir White Widow Shatter , Is White Widow Shatter legal in usa, buy White Widow Shatter online usa, how to order White Widow Shatter , Is White Widow Shatter legal in Canada<\/strong><\/pre>","protected":false},"featured_media":9988,"comment_status":"open","ping_status":"closed","template":"","meta":{"_bst_post_transparent":"","_bst_post_title":"","_bst_post_layout":"","_bst_post_sidebar_id":"","_bst_post_content_style":"","_bst_post_vertical_padding":"","_bst_post_feature":"","_bst_post_feature_position":"","_bst_post_header":false,"_bst_post_footer":false},"product_brand":[],"product_cat":[78],"product_tag":[],"product_brands":[],"class_list":{"0":"post-9984","1":"product","2":"type-product","3":"status-publish","4":"has-post-thumbnail","6":"product_cat-shatter","8":"first","9":"instock","10":"shipping-taxable","11":"purchasable","12":"product-type-variable","13":"entry","14":"content-bg","15":"loop-entry"},"tiered_pricing_type":"fixed","tiered_pricing_fixed_rules":[],"tiered_pricing_percentage_rules":[],"tiered_pricing_minimum":1,"_administrator_tiered_pricing_type":"fixed","_administrator_tiered_pricing_fixed_rules":[],"_editor_tiered_pricing_type":"fixed","_editor_tiered_pricing_fixed_rules":[],"_author_tiered_pricing_type":"fixed","_author_tiered_pricing_fixed_rules":[],"_contributor_tiered_pricing_type":"fixed","_contributor_tiered_pricing_fixed_rules":[],"_subscriber_tiered_pricing_type":"fixed","_subscriber_tiered_pricing_fixed_rules":[],"_customer_tiered_pricing_type":"fixed","_customer_tiered_pricing_fixed_rules":[],"_shop_manager_tiered_pricing_type":"fixed","_shop_manager_tiered_pricing_fixed_rules":[],"_wpseo_manager_tiered_pricing_type":"fixed","_wpseo_manager_tiered_pricing_fixed_rules":[],"_wpseo_editor_tiered_pricing_type":"fixed","_wpseo_editor_tiered_pricing_fixed_rules":[],"yoast_head":"<!-- This site is optimized with the Yoast SEO plugin v27.2 - https:\/\/yoast.com\/product\/yoast-seo-wordpress\/ -->\n<title>Buy White Widow Shatter \u2013 Top Shelf - Cheap price, top quality<\/title>\n<meta name=\"description\" content=\"Buy White Widow Shatter Online at an affordable price at stonersmeds. Our hash has high THC, best quality you will find\" \/>\n<meta name=\"robots\" content=\"index, follow, max-snippet:-1, max-image-preview:large, max-video-preview:-1\" \/>\n<link rel=\"canonical\" href=\"https:\/\/stonersmeds.com\/es\/shop\/buy-white-widow-shatter-top-shelf\/\" \/>\n<meta property=\"og:locale\" content=\"es_ES\" \/>\n<meta property=\"og:type\" content=\"article\" \/>\n<meta property=\"og:title\" content=\"Buy White Widow Shatter \u2013 Top Shelf - Cheap price, top quality\" \/>\n<meta property=\"og:description\" content=\"Buy White Widow Shatter Online at an affordable price at stonersmeds. Our hash has high THC, best quality you will find\" \/>\n<meta property=\"og:url\" content=\"https:\/\/stonersmeds.com\/es\/shop\/buy-white-widow-shatter-top-shelf\/\" \/>\n<meta property=\"og:site_name\" content=\"stonersmeds.com\" \/>\n<meta property=\"article:modified_time\" content=\"2026-03-02T05:20:48+00:00\" \/>\n<meta property=\"og:image\" content=\"https:\/\/stonersmeds.com\/wp-content\/uploads\/2022\/03\/Buy-White-Widow-Shatter.jpg\" \/>\n\t<meta property=\"og:image:width\" content=\"600\" \/>\n\t<meta property=\"og:image:height\" content=\"600\" \/>\n\t<meta property=\"og:image:type\" content=\"image\/jpeg\" \/>\n<meta name=\"twitter:card\" content=\"summary_large_image\" \/>\n<meta name=\"twitter:label1\" content=\"Disponibilidad\" \/>\n\t<meta name=\"twitter:data1\" content=\"Disponible\" \/>\n<script type=\"application\/ld+json\" class=\"yoast-schema-graph\">{\"@context\":\"https:\/\/schema.org\",\"@graph\":[{\"@type\":\"WebPage\",\"@id\":\"https:\/\/stonersmeds.com\/shop\/buy-white-widow-shatter-top-shelf\/\",\"url\":\"https:\/\/stonersmeds.com\/shop\/buy-white-widow-shatter-top-shelf\/\",\"name\":\"Buy White Widow Shatter \u2013 Top Shelf - Cheap price, top quality\",\"isPartOf\":{\"@id\":\"https:\/\/stonersmeds.com\/#website\"},\"primaryImageOfPage\":{\"@id\":\"https:\/\/stonersmeds.com\/shop\/buy-white-widow-shatter-top-shelf\/#primaryimage\"},\"image\":{\"@id\":\"https:\/\/stonersmeds.com\/shop\/buy-white-widow-shatter-top-shelf\/#primaryimage\"},\"thumbnailUrl\":\"https:\/\/stonersmeds.com\/wp-content\/uploads\/2022\/03\/Buy-White-Widow-Shatter.jpg\",\"datePublished\":\"2022-03-12T03:57:18+00:00\",\"dateModified\":\"2026-03-02T05:20:48+00:00\",\"description\":\"Buy White Widow Shatter Online at an affordable price at stonersmeds. Our hash has high THC, best quality you will find\",\"breadcrumb\":{\"@id\":\"https:\/\/stonersmeds.com\/shop\/buy-white-widow-shatter-top-shelf\/#breadcrumb\"},\"inLanguage\":\"es\",\"potentialAction\":[{\"@type\":\"ReadAction\",\"target\":[\"https:\/\/stonersmeds.com\/shop\/buy-white-widow-shatter-top-shelf\/\"]}]},{\"@type\":\"ImageObject\",\"inLanguage\":\"es\",\"@id\":\"https:\/\/stonersmeds.com\/shop\/buy-white-widow-shatter-top-shelf\/#primaryimage\",\"url\":\"https:\/\/stonersmeds.com\/wp-content\/uploads\/2022\/03\/Buy-White-Widow-Shatter.jpg\",\"contentUrl\":\"https:\/\/stonersmeds.com\/wp-content\/uploads\/2022\/03\/Buy-White-Widow-Shatter.jpg\",\"width\":600,\"height\":600},{\"@type\":\"BreadcrumbList\",\"@id\":\"https:\/\/stonersmeds.com\/shop\/buy-white-widow-shatter-top-shelf\/#breadcrumb\",\"itemListElement\":[{\"@type\":\"ListItem\",\"position\":1,\"name\":\"Home\",\"item\":\"https:\/\/stonersmeds.com\/\"},{\"@type\":\"ListItem\",\"position\":2,\"name\":\"Shop\",\"item\":\"https:\/\/stonersmeds.com\/shop\/\"},{\"@type\":\"ListItem\",\"position\":3,\"name\":\"Buy White Widow Shatter \u2013 Top Shelf\"}]},{\"@type\":\"WebSite\",\"@id\":\"https:\/\/stonersmeds.com\/#website\",\"url\":\"https:\/\/stonersmeds.com\/\",\"name\":\"stonersmeds.com\",\"description\":\"verschreibungspflichtige Medizin kaufen\",\"publisher\":{\"@id\":\"https:\/\/stonersmeds.com\/#organization\"},\"alternateName\":\"Research chemical shop\",\"potentialAction\":[{\"@type\":\"SearchAction\",\"target\":{\"@type\":\"EntryPoint\",\"urlTemplate\":\"https:\/\/stonersmeds.com\/?s={search_term_string}\"},\"query-input\":{\"@type\":\"PropertyValueSpecification\",\"valueRequired\":true,\"valueName\":\"search_term_string\"}}],\"inLanguage\":\"es\"},{\"@type\":\"Organization\",\"@id\":\"https:\/\/stonersmeds.com\/#organization\",\"name\":\"Stonersmeds Shop\",\"url\":\"https:\/\/stonersmeds.com\/\",\"logo\":{\"@type\":\"ImageObject\",\"inLanguage\":\"es\",\"@id\":\"https:\/\/stonersmeds.com\/#\/schema\/logo\/image\/\",\"url\":\"https:\/\/stonersmeds.com\/wp-content\/uploads\/2026\/02\/high-purity-DMT-powder.jpg\",\"contentUrl\":\"https:\/\/stonersmeds.com\/wp-content\/uploads\/2026\/02\/high-purity-DMT-powder.jpg\",\"width\":500,\"height\":500,\"caption\":\"Stonersmeds Shop\"},\"image\":{\"@id\":\"https:\/\/stonersmeds.com\/#\/schema\/logo\/image\/\"}}]}<\/script>\n<meta property=\"og:availability\" content=\"instock\" \/>\n<meta property=\"product:availability\" content=\"instock\" \/>\n<meta property=\"product:condition\" content=\"new\" \/>\n<!-- \/ Yoast SEO plugin. -->","yoast_head_json":{"title":"Comprar White Widow Shatter - Top Shelf - Precio barato, calidad superior","description":"Comprar White Widow Shatter Online a un precio asequible en stonersmeds. Nuestro hach\u00eds tiene alto THC, la mejor calidad que encontrar\u00e1","robots":{"index":"index","follow":"follow","max-snippet":"max-snippet:-1","max-image-preview":"max-image-preview:large","max-video-preview":"max-video-preview:-1"},"canonical":"https:\/\/stonersmeds.com\/es\/shop\/buy-white-widow-shatter-top-shelf\/","og_locale":"es_ES","og_type":"article","og_title":"Buy White Widow Shatter \u2013 Top Shelf - Cheap price, top quality","og_description":"Buy White Widow Shatter Online at an affordable price at stonersmeds. Our hash has high THC, best quality you will find","og_url":"https:\/\/stonersmeds.com\/es\/shop\/buy-white-widow-shatter-top-shelf\/","og_site_name":"stonersmeds.com","article_modified_time":"2026-03-02T05:20:48+00:00","og_image":[{"width":600,"height":600,"url":"https:\/\/stonersmeds.com\/wp-content\/uploads\/2022\/03\/Buy-White-Widow-Shatter.jpg","type":"image\/jpeg"}],"twitter_card":"summary_large_image","twitter_misc":{"Disponibilidad":"Disponible"},"schema":{"@context":"https:\/\/schema.org","@graph":[{"@type":"WebPage","@id":"https:\/\/stonersmeds.com\/shop\/buy-white-widow-shatter-top-shelf\/","url":"https:\/\/stonersmeds.com\/shop\/buy-white-widow-shatter-top-shelf\/","name":"Comprar White Widow Shatter - Top Shelf - Precio barato, calidad superior","isPartOf":{"@id":"https:\/\/stonersmeds.com\/#website"},"primaryImageOfPage":{"@id":"https:\/\/stonersmeds.com\/shop\/buy-white-widow-shatter-top-shelf\/#primaryimage"},"image":{"@id":"https:\/\/stonersmeds.com\/shop\/buy-white-widow-shatter-top-shelf\/#primaryimage"},"thumbnailUrl":"https:\/\/stonersmeds.com\/wp-content\/uploads\/2022\/03\/Buy-White-Widow-Shatter.jpg","datePublished":"2022-03-12T03:57:18+00:00","dateModified":"2026-03-02T05:20:48+00:00","description":"Comprar White Widow Shatter Online a un precio asequible en stonersmeds. Nuestro hach\u00eds tiene alto THC, la mejor calidad que encontrar\u00e1","breadcrumb":{"@id":"https:\/\/stonersmeds.com\/shop\/buy-white-widow-shatter-top-shelf\/#breadcrumb"},"inLanguage":"es","potentialAction":[{"@type":"ReadAction","target":["https:\/\/stonersmeds.com\/shop\/buy-white-widow-shatter-top-shelf\/"]}]},{"@type":"ImageObject","inLanguage":"es","@id":"https:\/\/stonersmeds.com\/shop\/buy-white-widow-shatter-top-shelf\/#primaryimage","url":"https:\/\/stonersmeds.com\/wp-content\/uploads\/2022\/03\/Buy-White-Widow-Shatter.jpg","contentUrl":"https:\/\/stonersmeds.com\/wp-content\/uploads\/2022\/03\/Buy-White-Widow-Shatter.jpg","width":600,"height":600},{"@type":"BreadcrumbList","@id":"https:\/\/stonersmeds.com\/shop\/buy-white-widow-shatter-top-shelf\/#breadcrumb","itemListElement":[{"@type":"ListItem","position":1,"name":"Home","item":"https:\/\/stonersmeds.com\/"},{"@type":"ListItem","position":2,"name":"Shop","item":"https:\/\/stonersmeds.com\/shop\/"},{"@type":"ListItem","position":3,"name":"Buy White Widow Shatter \u2013 Top Shelf"}]},{"@type":"WebSite","@id":"https:\/\/stonersmeds.com\/#website","url":"https:\/\/stonersmeds.com\/","name":"stonersmeds.com","description":"verschreibungspflichtige Medizin kaufen","publisher":{"@id":"https:\/\/stonersmeds.com\/#organization"},"alternateName":"Research chemical shop","potentialAction":[{"@type":"SearchAction","target":{"@type":"EntryPoint","urlTemplate":"https:\/\/stonersmeds.com\/?s={search_term_string}"},"query-input":{"@type":"PropertyValueSpecification","valueRequired":true,"valueName":"search_term_string"}}],"inLanguage":"es"},{"@type":"Organization","@id":"https:\/\/stonersmeds.com\/#organization","name":"Stonersmeds Shop","url":"https:\/\/stonersmeds.com\/","logo":{"@type":"ImageObject","inLanguage":"es","@id":"https:\/\/stonersmeds.com\/#\/schema\/logo\/image\/","url":"https:\/\/stonersmeds.com\/wp-content\/uploads\/2026\/02\/high-purity-DMT-powder.jpg","contentUrl":"https:\/\/stonersmeds.com\/wp-content\/uploads\/2026\/02\/high-purity-DMT-powder.jpg","width":500,"height":500,"caption":"Stonersmeds Shop"},"image":{"@id":"https:\/\/stonersmeds.com\/#\/schema\/logo\/image\/"}}]},"og_availability":"instock","product_availability":"instock","product_condition":"new"},"_links":{"self":[{"href":"https:\/\/stonersmeds.com\/es\/wp-json\/wp\/v2\/product\/9984","targetHints":{"allow":["GET"]}}],"collection":[{"href":"https:\/\/stonersmeds.com\/es\/wp-json\/wp\/v2\/product"}],"about":[{"href":"https:\/\/stonersmeds.com\/es\/wp-json\/wp\/v2\/types\/product"}],"replies":[{"embeddable":true,"href":"https:\/\/stonersmeds.com\/es\/wp-json\/wp\/v2\/comments?post=9984"}],"version-history":[{"count":0,"href":"https:\/\/stonersmeds.com\/es\/wp-json\/wp\/v2\/product\/9984\/revisions"}],"wp:featuredmedia":[{"embeddable":true,"href":"https:\/\/stonersmeds.com\/es\/wp-json\/wp\/v2\/media\/9988"}],"wp:attachment":[{"href":"https:\/\/stonersmeds.com\/es\/wp-json\/wp\/v2\/media?parent=9984"}],"wp:term":[{"taxonomy":"product_brand","embeddable":true,"href":"https:\/\/stonersmeds.com\/es\/wp-json\/wp\/v2\/product_brand?post=9984"},{"taxonomy":"product_cat","embeddable":true,"href":"https:\/\/stonersmeds.com\/es\/wp-json\/wp\/v2\/product_cat?post=9984"},{"taxonomy":"product_tag","embeddable":true,"href":"https:\/\/stonersmeds.com\/es\/wp-json\/wp\/v2\/product_tag?post=9984"},{"taxonomy":"product_brands","embeddable":true,"href":"https:\/\/stonersmeds.com\/es\/wp-json\/wp\/v2\/product_brands?post=9984"}],"curies":[{"name":"wp","href":"https:\/\/api.w.org\/{rel}","templated":true}]}}