{"id":8616,"date":"2022-03-11T06:05:16","date_gmt":"2022-03-11T06:05:16","guid":{"rendered":"https:\/\/stonersmeds.com\/?post_type=product&#038;p=8616"},"modified":"2026-02-25T01:20:35","modified_gmt":"2026-02-24T23:20:35","slug":"buy-crack-cocaine-online","status":"publish","type":"product","link":"https:\/\/stonersmeds.com\/et\/shop\/buy-crack-cocaine-online\/","title":{"rendered":"Ostke Crack Cocaine Internetist"},"content":{"rendered":"<h1><b>Osta Crack kokaiini<\/b><\/h1>\n<p>Crack Cocaine on kokaiini vorm, mida nimetatakse ka baasvabaks vormiks. See avaldab kasutaja kehale tugevat m\u00f5ju ja sel viisil tunneb ta end l\u00f5dvestunult. Inimesed langesid selle vormiga kiiresti s\u00f5ltuvusse. Sellep\u00e4rast; seda nimetatakse ka kokaiini k\u00f5ige s\u00f5ltuvust tekitavamaks vormiks.<\/p>\n<p>Inimesed suitsetasid seda enamasti, kuid v\u00f5ivad seda kasutada ka muul viisil. Crack Cocaine toodeti esmakordselt aastatel 1984 ja 1985, et kasutada seda meelelahutusliku uimastina. Kuid viimastel aastatel on selle kasutamine paljude funktsioonide t\u00f5ttu levinud v\u00e4ga kiiresti igas eluvaldkonnas. online crack, kust osta crack, legaalne crack, crack internetis<\/p>\n<p>Kiire populaarsuse t\u00f5ttu on see tuntud ka kui Cracki epideemia.<\/p>\n<p>Seda toodetakse keemiliselt, segades selle toime suurendamiseks erinevaid aluseid teiste koostisosadega. See ulatub inimm\u00f5istuseni, et suitsetades sellega soovitud toiminguid teha. See kokaiini vorm annab inimese ajule l\u00fchikese aja jooksul intensiivse toime.<\/p>\n<p>Seda, kuidas seda saab otse l\u00e4bi nina v\u00f5tta, nimetatakse norskamiseks. Kuid see ei ole sellisel m\u00e4\u00e4ral kahjulik. Suitsetamisel v\u00f5ib kasutajal tekkida s\u00f5ltuvus. Kuid viimasel juhul on sellest v\u00e4ga tugevast ravimist s\u00f5ltuvusse sattumise v\u00f5imalus v\u00e4ga v\u00e4ike.<\/p>\n<p>Crack kokaiin on \u00fcks puhtamaid vorme, milles kokaiini leidub. Selle puhtusaste on 70-100%, mis v\u00f5ib pikaajalisel kasutamisel olla inimeste tervisele kahjulik. Seda t\u00fc\u00fcpi kokaiini nimetatakse Crackiks, kuna see tekitab erinevate toodete tootmiseks kuumutamisel heli.<\/p>\n<p>Selle nii suure populaarsuse p\u00f5hjuseks on see, et see on saadaval v\u00e4ga madala hinnaga. Tavalist kokaiini nimetatakse ka\u00a0<b>\"rikka mehe narkootikum\"<\/b>\u00a0sest seda m\u00fc\u00fcakse v\u00e4ga k\u00f5rgete hindadega. Kuigi Crack Cocaine on seevastu k\u00f5igile kergesti k\u00e4ttesaadav.<\/p>\n<h3>$70 grammi ja crack-kokaiini kohta.<\/h3>\n<p>Kuidas me pakke saadame?<br \/>\nOstke crack-kokaiini veebist ja tarnige diskreetselt \u00fcle kogu maailma. Pakime pakid hoolikalt volframi- ja kopeerpaberiga, et lennujaamades tolli r\u00f6ntgeniseadmetest l\u00e4bi lasta. Pakid on kaunilt pakitud v\u00e4ljastpoolt tulnud kinkepaberitega.<\/p>\n<p>toote hind on: grammi kohta<br \/>\n<strong>Minimaalne tellitav kogus on: 2 grammi<\/strong><\/p>\n<p>See on saadaval peaaegu igas veebipoes. Meie veebipood tegeleb ka v\u00e4ga madalate hindadega. V\u00f5ite osta seda toodet ja saada kiire tarne toote oma doorstep.c<\/p>\n<p><a href=\"https:\/\/stonersmeds.com\/et\/tootekategooria\/cocaine\/\">https:\/\/stonersmeds.com\/product-category\/cocaine\/<\/a><\/p>\n<blockquote class=\"wp-embedded-content\" data-secret=\"Ux82VA29Ss\"><p><a href=\"https:\/\/stonersmeds.com\/et\/shop\/buy-bio-cocaine-86\/\">Ostke Bio Cocaine 86%<\/a><\/p><\/blockquote>\n<p><iframe class=\"wp-embedded-content\" sandbox=\"allow-scripts\" security=\"restricted\" style=\"position: absolute; visibility: hidden;\" title=\"&quot;Osta Bio Cocaine 86%&quot; - stonersmeds.com\" src=\"https:\/\/stonersmeds.com\/shop\/buy-bio-cocaine-86\/embed\/#?secret=X43AyYOnvF#?secret=Ux82VA29Ss\" data-secret=\"Ux82VA29Ss\" width=\"600\" height=\"338\" frameborder=\"0\" marginwidth=\"0\" marginheight=\"0\" scrolling=\"no\"><\/iframe><\/p>\n<blockquote class=\"wp-embedded-content\" data-secret=\"T0Nn8AUwFa\"><p><a href=\"https:\/\/stonersmeds.com\/et\/shop\/buy-pure-colombian-cocaine-96-pure\/\">Ostke puhast Colombia kokaiini 96% puhast<\/a><\/p><\/blockquote>\n<p><iframe class=\"wp-embedded-content\" sandbox=\"allow-scripts\" security=\"restricted\" style=\"position: absolute; visibility: hidden;\" title=\"&quot;Osta puhast kolumbia kokaiini 96% Pure&quot; - stonersmeds.com\" src=\"https:\/\/stonersmeds.com\/shop\/buy-pure-colombian-cocaine-96-pure\/embed\/#?secret=YPas3lunK0#?secret=T0Nn8AUwFa\" data-secret=\"T0Nn8AUwFa\" width=\"600\" height=\"338\" frameborder=\"0\" marginwidth=\"0\" marginheight=\"0\" scrolling=\"no\"><\/iframe><\/p>\n<pre><strong>Ostke Crack Kokaiini Internetis \u2013 Ostke Crack Kokaiini, Ostke Crack Kokaiini, Ostke kokaiini Internetist, Kust osta Crack Kokaiini , M\u00fc\u00fca Crack Kokaiini, M\u00fc\u00fca Kokaiini, Ostke kokaiini Internetis, Kust osta Kokaiini Internetis, Ostke Crack Kokaiini m\u00fc\u00fck USA-s, USA , Kanada, \u00dchendkuningriik, osta, Internetis, tarnijad, ohutu kohaletoimetamine, Crack Cocaine on endiselt saadaval, kas Crack Cocaine on USA-s legaalne, ostke Crack Cocaine Internetis USA-s, kuidas tellida Crack Cocaine , Kas Crack Cocaine on Kanadas legaalne<\/strong><\/pre>","protected":false},"excerpt":{"rendered":"<p>Parim crack-kokaiin, mida Internetis m\u00fc\u00fcakse. Pakume teile taskukohase hinnaga crack-koksi. Esitage oma tellimus kohe!<\/p>\n<p><strong>Ostke ravimeid Internetist h\u00e4mmastavate hulgihindadega!!!<\/strong><\/p>\n<p>&nbsp;<\/p>\n<pre><strong>Ostke Crack Kokaiini Internetis \u2013 Ostke Crack Kokaiini, Ostke Crack Kokaiini, Ostke kokaiini Internetist, Kust osta Crack Kokaiini , M\u00fc\u00fca Crack Kokaiini, M\u00fc\u00fca Kokaiini, Ostke kokaiini Internetis, Kust osta Kokaiini Internetis, Ostke Crack Kokaiini m\u00fc\u00fck USA-s, USA , Kanada, \u00dchendkuningriik, osta, Internetis, tarnijad, ohutu kohaletoimetamine, Crack Cocaine on endiselt saadaval, kas Crack Cocaine on USA-s legaalne, ostke Crack Cocaine Internetis USA-s, kuidas tellida Crack Cocaine , Kas Crack Cocaine on Kanadas legaalne<\/strong><\/pre>","protected":false},"featured_media":8621,"comment_status":"closed","ping_status":"closed","template":"","meta":{"_bst_post_transparent":"","_bst_post_title":"","_bst_post_layout":"","_bst_post_sidebar_id":"","_bst_post_content_style":"","_bst_post_vertical_padding":"","_bst_post_feature":"","_bst_post_feature_position":"","_bst_post_header":false,"_bst_post_footer":false},"product_brand":[],"product_cat":[72],"product_tag":[101,105,128,98,127,89,97,102,130,132,90,93,95,94,141,96,137,99,103,91,92,100,139,138,135,133,104,131,129,140],"product_brands":[],"class_list":{"0":"post-8616","1":"product","2":"type-product","3":"status-publish","4":"has-post-thumbnail","6":"product_cat-cocaine","7":"product_tag-bolivian-cocaine-for-sale","8":"product_tag-buy-adhd-pills-online","9":"product_tag-buy-cocaine-online","10":"product_tag-buy-cocaine-powder-online","11":"product_tag-buy-crack-cocaine","12":"product_tag-cheap-cocaine","13":"product_tag-cocaine-for-sale","14":"product_tag-colombian-cocaine-for-sale","15":"product_tag-crack-cocaine-for-sale","16":"product_tag-crack-cocaine-for-sale-in-usa","17":"product_tag-crack-for-sale","18":"product_tag-drugs-online","19":"product_tag-dutchanonstore","20":"product_tag-gogaine","21":"product_tag-is-crack-cocaine-legal-in-usa","22":"product_tag-legal-cocaine","23":"product_tag-online","24":"product_tag-order-volkswagen-cocaine-online","25":"product_tag-peruvian-cocaine-for-sale","26":"product_tag-pure-cocaine","27":"product_tag-pure-coke-shop","28":"product_tag-pure-peruvian-cocaine-for-sale","29":"product_tag-safe-delivery","30":"product_tag-suppliers","31":"product_tag-uk","32":"product_tag-usa","33":"product_tag-where-to-buy-bio-cocaine","34":"product_tag-where-to-buy-cocaine-online","35":"product_tag-where-to-buy-crack-cocaine","36":"product_tag-you-can-still-get-crack-cocaine","38":"first","39":"instock","40":"shipping-taxable","41":"purchasable","42":"product-type-simple","43":"entry","44":"content-bg","45":"loop-entry"},"tiered_pricing_type":"fixed","tiered_pricing_fixed_rules":{"8":"35","20":"30","50":"17","100":"15","250":"13","500":"10","1000":"8"},"tiered_pricing_percentage_rules":[],"tiered_pricing_minimum":1,"_administrator_tiered_pricing_type":"fixed","_administrator_tiered_pricing_fixed_rules":[],"_editor_tiered_pricing_type":"fixed","_editor_tiered_pricing_fixed_rules":[],"_author_tiered_pricing_type":"fixed","_author_tiered_pricing_fixed_rules":[],"_contributor_tiered_pricing_type":"fixed","_contributor_tiered_pricing_fixed_rules":[],"_subscriber_tiered_pricing_type":"fixed","_subscriber_tiered_pricing_fixed_rules":[],"_customer_tiered_pricing_type":"fixed","_customer_tiered_pricing_fixed_rules":[],"_shop_manager_tiered_pricing_type":"fixed","_shop_manager_tiered_pricing_fixed_rules":[],"_wpseo_manager_tiered_pricing_type":"fixed","_wpseo_manager_tiered_pricing_fixed_rules":[],"_wpseo_editor_tiered_pricing_type":"fixed","_wpseo_editor_tiered_pricing_fixed_rules":[],"yoast_head":"<!-- This site is optimized with the Yoast SEO plugin v27.2 - https:\/\/yoast.com\/product\/yoast-seo-wordpress\/ -->\n<title>Buy Crack Cocaine Online - fast and safe delivery<\/title>\n<meta name=\"description\" content=\"Buy Crack Cocaine, Order safely &amp; maintain your privacy No prescription necessary Discreet standard shipping at Low prices.\" \/>\n<meta name=\"robots\" content=\"index, follow, max-snippet:-1, max-image-preview:large, max-video-preview:-1\" \/>\n<link rel=\"canonical\" href=\"https:\/\/stonersmeds.com\/et\/shop\/buy-crack-cocaine-online\/\" \/>\n<meta property=\"og:locale\" content=\"et_EE\" \/>\n<meta property=\"og:type\" content=\"article\" \/>\n<meta property=\"og:title\" content=\"Buy Crack Cocaine Online - fast and safe delivery\" \/>\n<meta property=\"og:description\" content=\"Buy Crack Cocaine, Order safely &amp; maintain your privacy No prescription necessary Discreet standard shipping at Low prices.\" \/>\n<meta property=\"og:url\" content=\"https:\/\/stonersmeds.com\/et\/shop\/buy-crack-cocaine-online\/\" \/>\n<meta property=\"og:site_name\" content=\"stonersmeds.com\" \/>\n<meta property=\"article:modified_time\" content=\"2026-02-24T23:20:35+00:00\" \/>\n<meta property=\"og:image\" content=\"https:\/\/stonersmeds.com\/wp-content\/uploads\/2022\/03\/buy-volkswagen-cocaine-online-90-pure.jpg\" \/>\n\t<meta property=\"og:image:width\" content=\"600\" \/>\n\t<meta property=\"og:image:height\" content=\"600\" \/>\n\t<meta property=\"og:image:type\" content=\"image\/jpeg\" \/>\n<meta name=\"twitter:card\" content=\"summary_large_image\" \/>\n<meta name=\"twitter:label1\" content=\"Price\" \/>\n\t<meta name=\"twitter:data1\" content=\"35&#036;\" \/>\n\t<meta name=\"twitter:label2\" content=\"Availability\" \/>\n\t<meta name=\"twitter:data2\" content=\"In stock\" \/>\n<script type=\"application\/ld+json\" class=\"yoast-schema-graph\">{\"@context\":\"https:\/\/schema.org\",\"@graph\":[{\"@type\":\"WebPage\",\"@id\":\"https:\/\/stonersmeds.com\/shop\/buy-crack-cocaine-online\/\",\"url\":\"https:\/\/stonersmeds.com\/shop\/buy-crack-cocaine-online\/\",\"name\":\"Buy Crack Cocaine Online - fast and safe delivery\",\"isPartOf\":{\"@id\":\"https:\/\/stonersmeds.com\/#website\"},\"primaryImageOfPage\":{\"@id\":\"https:\/\/stonersmeds.com\/shop\/buy-crack-cocaine-online\/#primaryimage\"},\"image\":{\"@id\":\"https:\/\/stonersmeds.com\/shop\/buy-crack-cocaine-online\/#primaryimage\"},\"thumbnailUrl\":\"https:\/\/stonersmeds.com\/wp-content\/uploads\/2022\/03\/buy-volkswagen-cocaine-online-90-pure.jpg\",\"datePublished\":\"2022-03-11T06:05:16+00:00\",\"dateModified\":\"2026-02-24T23:20:35+00:00\",\"description\":\"Buy Crack Cocaine, Order safely & maintain your privacy No prescription necessary Discreet standard shipping at Low prices.\",\"breadcrumb\":{\"@id\":\"https:\/\/stonersmeds.com\/shop\/buy-crack-cocaine-online\/#breadcrumb\"},\"inLanguage\":\"et\",\"potentialAction\":[{\"@type\":\"ReadAction\",\"target\":[\"https:\/\/stonersmeds.com\/shop\/buy-crack-cocaine-online\/\"]}]},{\"@type\":\"ImageObject\",\"inLanguage\":\"et\",\"@id\":\"https:\/\/stonersmeds.com\/shop\/buy-crack-cocaine-online\/#primaryimage\",\"url\":\"https:\/\/stonersmeds.com\/wp-content\/uploads\/2022\/03\/buy-volkswagen-cocaine-online-90-pure.jpg\",\"contentUrl\":\"https:\/\/stonersmeds.com\/wp-content\/uploads\/2022\/03\/buy-volkswagen-cocaine-online-90-pure.jpg\",\"width\":600,\"height\":600},{\"@type\":\"BreadcrumbList\",\"@id\":\"https:\/\/stonersmeds.com\/shop\/buy-crack-cocaine-online\/#breadcrumb\",\"itemListElement\":[{\"@type\":\"ListItem\",\"position\":1,\"name\":\"Home\",\"item\":\"https:\/\/stonersmeds.com\/\"},{\"@type\":\"ListItem\",\"position\":2,\"name\":\"Shop\",\"item\":\"https:\/\/stonersmeds.com\/shop\/\"},{\"@type\":\"ListItem\",\"position\":3,\"name\":\"Buy Crack Cocaine Online\"}]},{\"@type\":\"WebSite\",\"@id\":\"https:\/\/stonersmeds.com\/#website\",\"url\":\"https:\/\/stonersmeds.com\/\",\"name\":\"stonersmeds.com\",\"description\":\"verschreibungspflichtige Medizin kaufen\",\"publisher\":{\"@id\":\"https:\/\/stonersmeds.com\/#organization\"},\"alternateName\":\"Research chemical shop\",\"potentialAction\":[{\"@type\":\"SearchAction\",\"target\":{\"@type\":\"EntryPoint\",\"urlTemplate\":\"https:\/\/stonersmeds.com\/?s={search_term_string}\"},\"query-input\":{\"@type\":\"PropertyValueSpecification\",\"valueRequired\":true,\"valueName\":\"search_term_string\"}}],\"inLanguage\":\"et\"},{\"@type\":\"Organization\",\"@id\":\"https:\/\/stonersmeds.com\/#organization\",\"name\":\"Stonersmeds Shop\",\"url\":\"https:\/\/stonersmeds.com\/\",\"logo\":{\"@type\":\"ImageObject\",\"inLanguage\":\"et\",\"@id\":\"https:\/\/stonersmeds.com\/#\/schema\/logo\/image\/\",\"url\":\"https:\/\/stonersmeds.com\/wp-content\/uploads\/2026\/02\/high-purity-DMT-powder.jpg\",\"contentUrl\":\"https:\/\/stonersmeds.com\/wp-content\/uploads\/2026\/02\/high-purity-DMT-powder.jpg\",\"width\":500,\"height\":500,\"caption\":\"Stonersmeds Shop\"},\"image\":{\"@id\":\"https:\/\/stonersmeds.com\/#\/schema\/logo\/image\/\"}}]}<\/script>\n<meta property=\"product:price:amount\" content=\"35.00\" \/>\n<meta property=\"product:price:currency\" content=\"USD\" \/>\n<meta property=\"og:availability\" content=\"instock\" \/>\n<meta property=\"product:availability\" content=\"instock\" \/>\n<meta property=\"product:condition\" content=\"new\" \/>\n<!-- \/ Yoast SEO plugin. -->","yoast_head_json":{"title":"Ostke Crack Cocaine Internetist \u2013 kiire ja turvaline kohaletoimetamine","description":"Ostke Crack Cocaine, tellige turvaliselt ja s\u00e4ilitage oma privaatsus Retsepti pole vaja Diskreetne standardne kohaletoimetamine madalate hindadega.","robots":{"index":"index","follow":"follow","max-snippet":"max-snippet:-1","max-image-preview":"max-image-preview:large","max-video-preview":"max-video-preview:-1"},"canonical":"https:\/\/stonersmeds.com\/et\/shop\/buy-crack-cocaine-online\/","og_locale":"et_EE","og_type":"article","og_title":"Buy Crack Cocaine Online - fast and safe delivery","og_description":"Buy Crack Cocaine, Order safely & maintain your privacy No prescription necessary Discreet standard shipping at Low prices.","og_url":"https:\/\/stonersmeds.com\/et\/shop\/buy-crack-cocaine-online\/","og_site_name":"stonersmeds.com","article_modified_time":"2026-02-24T23:20:35+00:00","og_image":[{"width":600,"height":600,"url":"https:\/\/stonersmeds.com\/wp-content\/uploads\/2022\/03\/buy-volkswagen-cocaine-online-90-pure.jpg","type":"image\/jpeg"}],"twitter_card":"summary_large_image","twitter_misc":{"Price":"35&#36;","Availability":"In stock"},"schema":{"@context":"https:\/\/schema.org","@graph":[{"@type":"WebPage","@id":"https:\/\/stonersmeds.com\/shop\/buy-crack-cocaine-online\/","url":"https:\/\/stonersmeds.com\/shop\/buy-crack-cocaine-online\/","name":"Ostke Crack Cocaine Internetist \u2013 kiire ja turvaline kohaletoimetamine","isPartOf":{"@id":"https:\/\/stonersmeds.com\/#website"},"primaryImageOfPage":{"@id":"https:\/\/stonersmeds.com\/shop\/buy-crack-cocaine-online\/#primaryimage"},"image":{"@id":"https:\/\/stonersmeds.com\/shop\/buy-crack-cocaine-online\/#primaryimage"},"thumbnailUrl":"https:\/\/stonersmeds.com\/wp-content\/uploads\/2022\/03\/buy-volkswagen-cocaine-online-90-pure.jpg","datePublished":"2022-03-11T06:05:16+00:00","dateModified":"2026-02-24T23:20:35+00:00","description":"Ostke Crack Cocaine, tellige turvaliselt ja s\u00e4ilitage oma privaatsus Retsepti pole vaja Diskreetne standardne kohaletoimetamine madalate hindadega.","breadcrumb":{"@id":"https:\/\/stonersmeds.com\/shop\/buy-crack-cocaine-online\/#breadcrumb"},"inLanguage":"et","potentialAction":[{"@type":"ReadAction","target":["https:\/\/stonersmeds.com\/shop\/buy-crack-cocaine-online\/"]}]},{"@type":"ImageObject","inLanguage":"et","@id":"https:\/\/stonersmeds.com\/shop\/buy-crack-cocaine-online\/#primaryimage","url":"https:\/\/stonersmeds.com\/wp-content\/uploads\/2022\/03\/buy-volkswagen-cocaine-online-90-pure.jpg","contentUrl":"https:\/\/stonersmeds.com\/wp-content\/uploads\/2022\/03\/buy-volkswagen-cocaine-online-90-pure.jpg","width":600,"height":600},{"@type":"BreadcrumbList","@id":"https:\/\/stonersmeds.com\/shop\/buy-crack-cocaine-online\/#breadcrumb","itemListElement":[{"@type":"ListItem","position":1,"name":"Home","item":"https:\/\/stonersmeds.com\/"},{"@type":"ListItem","position":2,"name":"Shop","item":"https:\/\/stonersmeds.com\/shop\/"},{"@type":"ListItem","position":3,"name":"Buy Crack Cocaine Online"}]},{"@type":"WebSite","@id":"https:\/\/stonersmeds.com\/#website","url":"https:\/\/stonersmeds.com\/","name":"stonersmeds.com","description":"verschreibungspflichtige Medizin kaufen","publisher":{"@id":"https:\/\/stonersmeds.com\/#organization"},"alternateName":"Research chemical shop","potentialAction":[{"@type":"SearchAction","target":{"@type":"EntryPoint","urlTemplate":"https:\/\/stonersmeds.com\/?s={search_term_string}"},"query-input":{"@type":"PropertyValueSpecification","valueRequired":true,"valueName":"search_term_string"}}],"inLanguage":"et"},{"@type":"Organization","@id":"https:\/\/stonersmeds.com\/#organization","name":"Stonersmeds Shop","url":"https:\/\/stonersmeds.com\/","logo":{"@type":"ImageObject","inLanguage":"et","@id":"https:\/\/stonersmeds.com\/#\/schema\/logo\/image\/","url":"https:\/\/stonersmeds.com\/wp-content\/uploads\/2026\/02\/high-purity-DMT-powder.jpg","contentUrl":"https:\/\/stonersmeds.com\/wp-content\/uploads\/2026\/02\/high-purity-DMT-powder.jpg","width":500,"height":500,"caption":"Stonersmeds Shop"},"image":{"@id":"https:\/\/stonersmeds.com\/#\/schema\/logo\/image\/"}}]},"product_price_amount":"35.00","product_price_currency":"USD","og_availability":"instock","product_availability":"instock","product_condition":"new"},"_links":{"self":[{"href":"https:\/\/stonersmeds.com\/et\/wp-json\/wp\/v2\/product\/8616","targetHints":{"allow":["GET"]}}],"collection":[{"href":"https:\/\/stonersmeds.com\/et\/wp-json\/wp\/v2\/product"}],"about":[{"href":"https:\/\/stonersmeds.com\/et\/wp-json\/wp\/v2\/types\/product"}],"replies":[{"embeddable":true,"href":"https:\/\/stonersmeds.com\/et\/wp-json\/wp\/v2\/comments?post=8616"}],"version-history":[{"count":0,"href":"https:\/\/stonersmeds.com\/et\/wp-json\/wp\/v2\/product\/8616\/revisions"}],"wp:featuredmedia":[{"embeddable":true,"href":"https:\/\/stonersmeds.com\/et\/wp-json\/wp\/v2\/media\/8621"}],"wp:attachment":[{"href":"https:\/\/stonersmeds.com\/et\/wp-json\/wp\/v2\/media?parent=8616"}],"wp:term":[{"taxonomy":"product_brand","embeddable":true,"href":"https:\/\/stonersmeds.com\/et\/wp-json\/wp\/v2\/product_brand?post=8616"},{"taxonomy":"product_cat","embeddable":true,"href":"https:\/\/stonersmeds.com\/et\/wp-json\/wp\/v2\/product_cat?post=8616"},{"taxonomy":"product_tag","embeddable":true,"href":"https:\/\/stonersmeds.com\/et\/wp-json\/wp\/v2\/product_tag?post=8616"},{"taxonomy":"product_brands","embeddable":true,"href":"https:\/\/stonersmeds.com\/et\/wp-json\/wp\/v2\/product_brands?post=8616"}],"curies":[{"name":"wp","href":"https:\/\/api.w.org\/{rel}","templated":true}]}}