{"id":8638,"date":"2022-03-11T06:07:05","date_gmt":"2022-03-11T06:07:05","guid":{"rendered":"https:\/\/stonersmeds.com\/?post_type=product&#038;p=8638"},"modified":"2026-03-02T14:40:43","modified_gmt":"2026-03-02T12:40:43","slug":"buy-peruvian-cocaine-92-pure","status":"publish","type":"product","link":"https:\/\/stonersmeds.com\/et\/shop\/buy-peruvian-cocaine-92-pure\/","title":{"rendered":"Ostke Peruu kokaiini 92% puhas"},"content":{"rendered":"<h1><strong>Ostke Peruu kokaiini 92% puhas<\/strong><\/h1>\n<p>Peruu kokaiini ekstraktid taimest nimega Coca. Seda taime viljeldakse paljudes l\u00e4\u00e4neriikides nagu Kolumbia, Boliivia, Peruu jne. Kuid k\u00f5ige olulisem kokaiini vorm on leitud Peruus. Selle p\u00f5hjuseks on selle puhtus ja mitmekordne kasutusviis inimese igap\u00e4evaelus.<\/p>\n<p>Paljud ettev\u00f5tted kasutavad seda toodet ka ise v\u00f5i selle taime lehti oma soovitud toodete tootmiseks. K\u00f5ige kuulsam karastusjookide ettev\u00f5te Coca Cola kasutas neid lehti kuni 1903. aastani oma tootmises. Ka paljudes teistes toodetes kasutatakse seda ikka veel toote m\u00f5ju suurendamiseks.<\/p>\n<p>Peruu kokaiini kasutamine<\/p>\n<p>Peruu kokaiini puhtus<\/p>\n<p>Peruu kokaiin on \u00fcks puhtamaid kokaiini vorme, mida planeedil leidub. Inimesed kasutavad seda stimulandina, et suurendada ajus teatud hormoonide tootmist ja saada leevendust asjaomasest h\u00e4irest.<\/p>\n<p>Oma puhtuse t\u00f5ttu on see paigutatud kokaiini sisaldavate suure v\u00f5imsusega ravimite tabelisse. Samuti on see kogu maailmas tuntud oma ps\u00fchhoaktiivsete omaduste t\u00f5ttu. See on v\u00e4ga kasulik omadus inimestele erinevates tingimustes ja aitab neil taastuda igasugusest \u0161okist.<\/p>\n<p>Peruu kokaiini meditsiiniline kasutamine<\/p>\n<p>Peruu kokaiinil on meditsiinilises maailmas mitmeid omadusi. T\u00e4nu sellele kasutatakse seda paljudes ravimites ja arstid m\u00e4\u00e4ravad seda erinevate haiguste raviks.<\/p>\n<p>Arstid kasutavad seda ravimit v\u00f5i ravimit, kui nad tegelevad patsientidega, kes kannatavad depressiooni ja muud liiki valu all. Seda ei kasuta mitte ainult arstid, vaid ka tavalised inimesed tantsuklubides ja baarides.<\/p>\n<p>T\u00e4nu sellele, et see pakub inimkehale l\u00f5\u00f5gastust, kasutavad seda noored inimesed v\u00e4ga laialdaselt l\u00f5\u00f5gastumiseks. Kokaiini ostmine Peruus m\u00fc\u00fcakse ja ostetakse internetis ja on k\u00f5igile kergesti k\u00e4ttesaadav.<\/p>\n<p>Meie veebipood tegeleb sellega ka v\u00e4ga m\u00f5istlike hindadega ja pakub ka kiireimat toote kohaletoimetamist teie ukse taha. Meil on ka parim kvaliteetne koks internetis<\/p>\n<p>&nbsp;<\/p>\n<pre><strong>Osta Peruu kokaiin 92% Pure - osta Peruu kokaiini, osta kokaiini 92% Pure, osta Peruu kokaiini online, kust osta Peruu kokaiini 92% Pure,Peruu kokaiini 92% Pure m\u00fc\u00fcgiks, Peruu kokaiini m\u00fc\u00fcgiks, osta Peruu kokaiini online, kust osta Peruu kokaiini online, Peruu kokaiini 92% Pure m\u00fc\u00fcgiks usa , USA, Kanada, Suurbritannia, osta, online, tarnijad, ohutu kohaletoimetamine, Saate ikkagi Peruu kokaiin 92% Pure, Kas Peruu kokaiin 92% Pure on seaduslik usa, osta Peruu kokaiin 92% Pure online usa, kuidas tellida Peruu kokaiin 92% Pure, Kas Peruu kokaiin 92% Pure on seaduslik Kanadas.<\/strong><\/pre>","protected":false},"excerpt":{"rendered":"<p><strong>Ostke ravimeid Internetist h\u00e4mmastavate hulgihindadega!!!<\/strong><\/p>\n<p>Osta peruu kokaiini 92% puhtalt. Parim kokaiinipood osta osta puhast peruu kokaiini. Pakume tasuta saatmist ja spetsiaalseid allahindlusi hulgim\u00fc\u00fcgitellimustele. Helista meile n\u00fc\u00fcd, et osta meie hinnatud Peruu kokaiini m\u00fc\u00fcgiks.<\/p>\n<pre><strong>Osta Peruu kokaiin 92% Pure - osta Peruu kokaiini, osta kokaiini 92% Pure, osta Peruu kokaiini online, kust osta Peruu kokaiini 92% Pure,Peruu kokaiini 92% Pure m\u00fc\u00fcgiks, Peruu kokaiini m\u00fc\u00fcgiks, osta Peruu kokaiini online, kust osta Peruu kokaiini online, Peruu kokaiini 92% Pure m\u00fc\u00fcgiks usa , USA, Kanada, Suurbritannia, osta, online, tarnijad, ohutu kohaletoimetamine, Saate ikkagi Peruu kokaiin 92% Pure, Kas Peruu kokaiin 92% Pure on seaduslik usa, osta Peruu kokaiin 92% Pure online usa, kuidas tellida Peruu kokaiin 92% Pure, Kas Peruu kokaiin 92% Pure on seaduslik Kanadas.<\/strong><\/pre>","protected":false},"featured_media":8651,"comment_status":"closed","ping_status":"closed","template":"","meta":{"_bst_post_transparent":"","_bst_post_title":"","_bst_post_layout":"","_bst_post_sidebar_id":"","_bst_post_content_style":"","_bst_post_vertical_padding":"","_bst_post_feature":"","_bst_post_feature_position":"","_bst_post_header":false,"_bst_post_footer":false},"product_brand":[],"product_cat":[72],"product_tag":[101,105,120,98,121,119,124,89,97,102,90,93,95,94,96,99,123,126,103,91,92,100,104,122,125],"product_brands":[],"class_list":{"0":"post-8638","1":"product","2":"type-product","3":"status-publish","4":"has-post-thumbnail","6":"product_cat-cocaine","7":"product_tag-bolivian-cocaine-for-sale","8":"product_tag-buy-adhd-pills-online","9":"product_tag-buy-cocaine-92-pure","10":"product_tag-buy-cocaine-powder-online","11":"product_tag-buy-peruvian-cocain-online","12":"product_tag-buy-peruvian-cocaine","13":"product_tag-buy-peruvian-cocaine-online","14":"product_tag-cheap-cocaine","15":"product_tag-cocaine-for-sale","16":"product_tag-colombian-cocaine-for-sale","17":"product_tag-crack-for-sale","18":"product_tag-drugs-online","19":"product_tag-dutchanonstore","20":"product_tag-gogaine","21":"product_tag-legal-cocaine","22":"product_tag-order-volkswagen-cocaine-online","23":"product_tag-peruvian-cocaine-92-pure-for-sale","24":"product_tag-peruvian-cocaine-92-pure-for-sale-in-usa","25":"product_tag-peruvian-cocaine-for-sale","26":"product_tag-pure-cocaine","27":"product_tag-pure-coke-shop","28":"product_tag-pure-peruvian-cocaine-for-sale","29":"product_tag-where-to-buy-bio-cocaine","30":"product_tag-where-to-buy-peruvian-cocaine-92-pure","31":"product_tag-where-to-buy-peruvian-cocaine-online","33":"first","34":"instock","35":"shipping-taxable","36":"purchasable","37":"product-type-simple","38":"entry","39":"content-bg","40":"loop-entry"},"tiered_pricing_type":"fixed","tiered_pricing_fixed_rules":{"5":"55","10":"50","25":"40","50":"30","100":"20","500":"10","1000":"7"},"tiered_pricing_percentage_rules":[],"tiered_pricing_minimum":1,"_administrator_tiered_pricing_type":"fixed","_administrator_tiered_pricing_fixed_rules":[],"_editor_tiered_pricing_type":"fixed","_editor_tiered_pricing_fixed_rules":[],"_author_tiered_pricing_type":"fixed","_author_tiered_pricing_fixed_rules":[],"_contributor_tiered_pricing_type":"fixed","_contributor_tiered_pricing_fixed_rules":[],"_subscriber_tiered_pricing_type":"fixed","_subscriber_tiered_pricing_fixed_rules":[],"_customer_tiered_pricing_type":"fixed","_customer_tiered_pricing_fixed_rules":[],"_shop_manager_tiered_pricing_type":"fixed","_shop_manager_tiered_pricing_fixed_rules":[],"_wpseo_manager_tiered_pricing_type":"fixed","_wpseo_manager_tiered_pricing_fixed_rules":[],"_wpseo_editor_tiered_pricing_type":"fixed","_wpseo_editor_tiered_pricing_fixed_rules":[],"yoast_head":"<!-- This site is optimized with the Yoast SEO plugin v27.2 - https:\/\/yoast.com\/product\/yoast-seo-wordpress\/ -->\n<title>Buy Peruvian Cocaine 92% Pure - Fast and safe delivery<\/title>\n<meta name=\"description\" content=\"Buy Peruvian Cocaine, Order safely &amp; maintain your privacy No prescription necessary Discreet standard shipping at Low prices.\" \/>\n<meta name=\"robots\" content=\"index, follow, max-snippet:-1, max-image-preview:large, max-video-preview:-1\" \/>\n<link rel=\"canonical\" href=\"https:\/\/stonersmeds.com\/et\/shop\/buy-peruvian-cocaine-92-pure\/\" \/>\n<meta property=\"og:locale\" content=\"et_EE\" \/>\n<meta property=\"og:type\" content=\"article\" \/>\n<meta property=\"og:title\" content=\"Buy Peruvian Cocaine 92% Pure - Fast and safe delivery\" \/>\n<meta property=\"og:description\" content=\"Buy Peruvian Cocaine, Order safely &amp; maintain your privacy No prescription necessary Discreet standard shipping at Low prices.\" \/>\n<meta property=\"og:url\" content=\"https:\/\/stonersmeds.com\/et\/shop\/buy-peruvian-cocaine-92-pure\/\" \/>\n<meta property=\"og:site_name\" content=\"stonersmeds.com\" \/>\n<meta property=\"article:modified_time\" content=\"2026-03-02T12:40:43+00:00\" \/>\n<meta property=\"og:image\" content=\"https:\/\/stonersmeds.com\/wp-content\/uploads\/2022\/03\/Buy-Columbian-cocaine-96-pure.jpg\" \/>\n\t<meta property=\"og:image:width\" content=\"600\" \/>\n\t<meta property=\"og:image:height\" content=\"600\" \/>\n\t<meta property=\"og:image:type\" content=\"image\/jpeg\" \/>\n<meta name=\"twitter:card\" content=\"summary_large_image\" \/>\n<meta name=\"twitter:label1\" content=\"Price\" \/>\n\t<meta name=\"twitter:data1\" content=\"70&#036;\" \/>\n\t<meta name=\"twitter:label2\" content=\"Availability\" \/>\n\t<meta name=\"twitter:data2\" content=\"In stock\" \/>\n<script type=\"application\/ld+json\" class=\"yoast-schema-graph\">{\"@context\":\"https:\/\/schema.org\",\"@graph\":[{\"@type\":\"WebPage\",\"@id\":\"https:\/\/stonersmeds.com\/cs\/shop\/buy-peruvian-cocaine-92-pure\/\",\"url\":\"https:\/\/stonersmeds.com\/cs\/shop\/buy-peruvian-cocaine-92-pure\/\",\"name\":\"Buy Peruvian Cocaine 92% Pure - Fast and safe delivery\",\"isPartOf\":{\"@id\":\"https:\/\/stonersmeds.com\/#website\"},\"primaryImageOfPage\":{\"@id\":\"https:\/\/stonersmeds.com\/cs\/shop\/buy-peruvian-cocaine-92-pure\/#primaryimage\"},\"image\":{\"@id\":\"https:\/\/stonersmeds.com\/cs\/shop\/buy-peruvian-cocaine-92-pure\/#primaryimage\"},\"thumbnailUrl\":\"https:\/\/stonersmeds.com\/wp-content\/uploads\/2022\/03\/Buy-Columbian-cocaine-96-pure.jpg\",\"datePublished\":\"2022-03-11T06:07:05+00:00\",\"dateModified\":\"2026-03-02T12:40:43+00:00\",\"description\":\"Buy Peruvian Cocaine, Order safely & maintain your privacy No prescription necessary Discreet standard shipping at Low prices.\",\"breadcrumb\":{\"@id\":\"https:\/\/stonersmeds.com\/cs\/shop\/buy-peruvian-cocaine-92-pure\/#breadcrumb\"},\"inLanguage\":\"et\",\"potentialAction\":[{\"@type\":\"ReadAction\",\"target\":[\"https:\/\/stonersmeds.com\/cs\/shop\/buy-peruvian-cocaine-92-pure\/\"]}]},{\"@type\":\"ImageObject\",\"inLanguage\":\"et\",\"@id\":\"https:\/\/stonersmeds.com\/cs\/shop\/buy-peruvian-cocaine-92-pure\/#primaryimage\",\"url\":\"https:\/\/stonersmeds.com\/wp-content\/uploads\/2022\/03\/Buy-Columbian-cocaine-96-pure.jpg\",\"contentUrl\":\"https:\/\/stonersmeds.com\/wp-content\/uploads\/2022\/03\/Buy-Columbian-cocaine-96-pure.jpg\",\"width\":600,\"height\":600},{\"@type\":\"BreadcrumbList\",\"@id\":\"https:\/\/stonersmeds.com\/cs\/shop\/buy-peruvian-cocaine-92-pure\/#breadcrumb\",\"itemListElement\":[{\"@type\":\"ListItem\",\"position\":1,\"name\":\"Home\",\"item\":\"https:\/\/stonersmeds.com\/\"},{\"@type\":\"ListItem\",\"position\":2,\"name\":\"Shop\",\"item\":\"https:\/\/stonersmeds.com\/shop\/\"},{\"@type\":\"ListItem\",\"position\":3,\"name\":\"Buy Peruvian Cocaine 92% Pure\"}]},{\"@type\":\"WebSite\",\"@id\":\"https:\/\/stonersmeds.com\/#website\",\"url\":\"https:\/\/stonersmeds.com\/\",\"name\":\"stonersmeds.com\",\"description\":\"verschreibungspflichtige Medizin kaufen\",\"publisher\":{\"@id\":\"https:\/\/stonersmeds.com\/#organization\"},\"alternateName\":\"Research chemical shop\",\"potentialAction\":[{\"@type\":\"SearchAction\",\"target\":{\"@type\":\"EntryPoint\",\"urlTemplate\":\"https:\/\/stonersmeds.com\/?s={search_term_string}\"},\"query-input\":{\"@type\":\"PropertyValueSpecification\",\"valueRequired\":true,\"valueName\":\"search_term_string\"}}],\"inLanguage\":\"et\"},{\"@type\":\"Organization\",\"@id\":\"https:\/\/stonersmeds.com\/#organization\",\"name\":\"Stonersmeds Shop\",\"url\":\"https:\/\/stonersmeds.com\/\",\"logo\":{\"@type\":\"ImageObject\",\"inLanguage\":\"et\",\"@id\":\"https:\/\/stonersmeds.com\/#\/schema\/logo\/image\/\",\"url\":\"https:\/\/stonersmeds.com\/wp-content\/uploads\/2026\/02\/high-purity-DMT-powder.jpg\",\"contentUrl\":\"https:\/\/stonersmeds.com\/wp-content\/uploads\/2026\/02\/high-purity-DMT-powder.jpg\",\"width\":500,\"height\":500,\"caption\":\"Stonersmeds Shop\"},\"image\":{\"@id\":\"https:\/\/stonersmeds.com\/#\/schema\/logo\/image\/\"}}]}<\/script>\n<meta property=\"product:price:amount\" content=\"70.00\" \/>\n<meta property=\"product:price:currency\" content=\"USD\" \/>\n<meta property=\"og:availability\" content=\"instock\" \/>\n<meta property=\"product:availability\" content=\"instock\" \/>\n<meta property=\"product:condition\" content=\"new\" \/>\n<!-- \/ Yoast SEO plugin. -->","yoast_head_json":{"title":"Osta Peruu kokaiini 92% Pure - kiire ja turvaline tarne","description":"Ostke puhast Colombia kokaiini, tellige turvaliselt ja s\u00e4ilitage oma privaatsus Retsepti pole vaja Diskreetne standardne kohaletoimetamine madalate hindadega.","robots":{"index":"index","follow":"follow","max-snippet":"max-snippet:-1","max-image-preview":"max-image-preview:large","max-video-preview":"max-video-preview:-1"},"canonical":"https:\/\/stonersmeds.com\/et\/shop\/buy-peruvian-cocaine-92-pure\/","og_locale":"et_EE","og_type":"article","og_title":"Buy Peruvian Cocaine 92% Pure - Fast and safe delivery","og_description":"Buy Peruvian Cocaine, Order safely & maintain your privacy No prescription necessary Discreet standard shipping at Low prices.","og_url":"https:\/\/stonersmeds.com\/et\/shop\/buy-peruvian-cocaine-92-pure\/","og_site_name":"stonersmeds.com","article_modified_time":"2026-03-02T12:40:43+00:00","og_image":[{"width":600,"height":600,"url":"https:\/\/stonersmeds.com\/wp-content\/uploads\/2022\/03\/Buy-Columbian-cocaine-96-pure.jpg","type":"image\/jpeg"}],"twitter_card":"summary_large_image","twitter_misc":{"Price":"70&#36;","Availability":"In stock"},"schema":{"@context":"https:\/\/schema.org","@graph":[{"@type":"WebPage","@id":"https:\/\/stonersmeds.com\/cs\/shop\/buy-peruvian-cocaine-92-pure\/","url":"https:\/\/stonersmeds.com\/cs\/shop\/buy-peruvian-cocaine-92-pure\/","name":"Osta Peruu kokaiini 92% Pure - kiire ja turvaline tarne","isPartOf":{"@id":"https:\/\/stonersmeds.com\/#website"},"primaryImageOfPage":{"@id":"https:\/\/stonersmeds.com\/cs\/shop\/buy-peruvian-cocaine-92-pure\/#primaryimage"},"image":{"@id":"https:\/\/stonersmeds.com\/cs\/shop\/buy-peruvian-cocaine-92-pure\/#primaryimage"},"thumbnailUrl":"https:\/\/stonersmeds.com\/wp-content\/uploads\/2022\/03\/Buy-Columbian-cocaine-96-pure.jpg","datePublished":"2022-03-11T06:07:05+00:00","dateModified":"2026-03-02T12:40:43+00:00","description":"Ostke puhast Colombia kokaiini, tellige turvaliselt ja s\u00e4ilitage oma privaatsus Retsepti pole vaja Diskreetne standardne kohaletoimetamine madalate hindadega.","breadcrumb":{"@id":"https:\/\/stonersmeds.com\/cs\/shop\/buy-peruvian-cocaine-92-pure\/#breadcrumb"},"inLanguage":"et","potentialAction":[{"@type":"ReadAction","target":["https:\/\/stonersmeds.com\/cs\/shop\/buy-peruvian-cocaine-92-pure\/"]}]},{"@type":"ImageObject","inLanguage":"et","@id":"https:\/\/stonersmeds.com\/cs\/shop\/buy-peruvian-cocaine-92-pure\/#primaryimage","url":"https:\/\/stonersmeds.com\/wp-content\/uploads\/2022\/03\/Buy-Columbian-cocaine-96-pure.jpg","contentUrl":"https:\/\/stonersmeds.com\/wp-content\/uploads\/2022\/03\/Buy-Columbian-cocaine-96-pure.jpg","width":600,"height":600},{"@type":"BreadcrumbList","@id":"https:\/\/stonersmeds.com\/cs\/shop\/buy-peruvian-cocaine-92-pure\/#breadcrumb","itemListElement":[{"@type":"ListItem","position":1,"name":"Home","item":"https:\/\/stonersmeds.com\/"},{"@type":"ListItem","position":2,"name":"Shop","item":"https:\/\/stonersmeds.com\/shop\/"},{"@type":"ListItem","position":3,"name":"Buy Peruvian Cocaine 92% Pure"}]},{"@type":"WebSite","@id":"https:\/\/stonersmeds.com\/#website","url":"https:\/\/stonersmeds.com\/","name":"stonersmeds.com","description":"verschreibungspflichtige Medizin kaufen","publisher":{"@id":"https:\/\/stonersmeds.com\/#organization"},"alternateName":"Research chemical shop","potentialAction":[{"@type":"SearchAction","target":{"@type":"EntryPoint","urlTemplate":"https:\/\/stonersmeds.com\/?s={search_term_string}"},"query-input":{"@type":"PropertyValueSpecification","valueRequired":true,"valueName":"search_term_string"}}],"inLanguage":"et"},{"@type":"Organization","@id":"https:\/\/stonersmeds.com\/#organization","name":"Stonersmeds Shop","url":"https:\/\/stonersmeds.com\/","logo":{"@type":"ImageObject","inLanguage":"et","@id":"https:\/\/stonersmeds.com\/#\/schema\/logo\/image\/","url":"https:\/\/stonersmeds.com\/wp-content\/uploads\/2026\/02\/high-purity-DMT-powder.jpg","contentUrl":"https:\/\/stonersmeds.com\/wp-content\/uploads\/2026\/02\/high-purity-DMT-powder.jpg","width":500,"height":500,"caption":"Stonersmeds Shop"},"image":{"@id":"https:\/\/stonersmeds.com\/#\/schema\/logo\/image\/"}}]},"product_price_amount":"70.00","product_price_currency":"USD","og_availability":"instock","product_availability":"instock","product_condition":"new"},"_links":{"self":[{"href":"https:\/\/stonersmeds.com\/et\/wp-json\/wp\/v2\/product\/8638","targetHints":{"allow":["GET"]}}],"collection":[{"href":"https:\/\/stonersmeds.com\/et\/wp-json\/wp\/v2\/product"}],"about":[{"href":"https:\/\/stonersmeds.com\/et\/wp-json\/wp\/v2\/types\/product"}],"replies":[{"embeddable":true,"href":"https:\/\/stonersmeds.com\/et\/wp-json\/wp\/v2\/comments?post=8638"}],"version-history":[{"count":0,"href":"https:\/\/stonersmeds.com\/et\/wp-json\/wp\/v2\/product\/8638\/revisions"}],"wp:featuredmedia":[{"embeddable":true,"href":"https:\/\/stonersmeds.com\/et\/wp-json\/wp\/v2\/media\/8651"}],"wp:attachment":[{"href":"https:\/\/stonersmeds.com\/et\/wp-json\/wp\/v2\/media?parent=8638"}],"wp:term":[{"taxonomy":"product_brand","embeddable":true,"href":"https:\/\/stonersmeds.com\/et\/wp-json\/wp\/v2\/product_brand?post=8638"},{"taxonomy":"product_cat","embeddable":true,"href":"https:\/\/stonersmeds.com\/et\/wp-json\/wp\/v2\/product_cat?post=8638"},{"taxonomy":"product_tag","embeddable":true,"href":"https:\/\/stonersmeds.com\/et\/wp-json\/wp\/v2\/product_tag?post=8638"},{"taxonomy":"product_brands","embeddable":true,"href":"https:\/\/stonersmeds.com\/et\/wp-json\/wp\/v2\/product_brands?post=8638"}],"curies":[{"name":"wp","href":"https:\/\/api.w.org\/{rel}","templated":true}]}}