{"id":9125,"date":"2022-03-11T13:50:44","date_gmt":"2022-03-11T13:50:44","guid":{"rendered":"https:\/\/stonersmeds.com\/?post_type=product&#038;p=9125"},"modified":"2026-02-23T00:00:11","modified_gmt":"2026-02-22T22:00:11","slug":"thc-live-diamonds-superior-extract","status":"publish","type":"product","link":"https:\/\/stonersmeds.com\/et\/shop\/thc-live-diamonds-superior-extract\/","title":{"rendered":"THC Live Diamonds \u2013 suurep\u00e4rane ekstrakt"},"content":{"rendered":"<h1>THC Live Diamonds \u2013 suurep\u00e4rane ekstrakt<\/h1>\n<div>\n<div>Superior THC Live Diamonds on valatud elusa vaigust - mis aitab s\u00e4ilitada terpeene - v\u00f5imaldades erootilisemat kontsentraati!<\/div>\n<div>Elav vaik, mis on endiselt viskoosne, suletakse surveanumasse ja j\u00e4etakse toatemperatuurile. Aja jooksul hakkavad selles segus moodustuma THCA kristallid, mis langevad purgi p\u00f5hja. \u00dclej\u00e4\u00e4nud terpeenid, mis on elavas vaigus, t\u00f5usevad ja moodustavad peal viskoosse kihi. Tulemus: kontsentraat, mis on valmistatud 97-99% THC-st, millele on lisatud t\u00fcvespetsiifiliste terpeenide maitset ja tervendavat kasu.<\/div>\n<div><\/div>\n<div>Praegu saadaval sortidena:<\/div>\n<div><\/div>\n<div>Pulmatort (sativa domineeriv h\u00fcbriid)<\/div>\n<div>Gelato (indica domineeriv h\u00fcbriid)<\/div>\n<div>Monkey Mints (tasakaalustatud h\u00fcbriid)<\/div>\n<div>Tom Ford Pink (Indica h\u00fcbriid domineeriv)<\/div>\n<div>Maui Vaui (Sativa)<\/div>\n<div>Mimosa (sativa domineeriv h\u00fcbriid)<\/div>\n<div>Super Lemon Haze (Sativa domineeriv h\u00fcbriid)<\/div>\n<div>White Castle (h\u00fcbriid domineeriva indica'ga)<\/div>\n<div>Beetle Death (Indica)<\/div>\n<div>Lord Bud (Indica)<\/div>\n<div>Troopilised tr\u00fchvlid (valdavalt Sativa)<\/div>\n<div>Lemon Diesel (sativa domineeriv)<\/div>\n<div>Taimne hinge\u00f5hk (h\u00fcbriid, kus domineerib indica)<\/div>\n<div>Pink Beetle (indica domineeriv h\u00fcbriid)<\/div>\n<div>Cake Crasher (sativa domineeriv h\u00fcbriid)<\/div>\n<div>Rockstar (indica domineeriv h\u00fcbriid)<\/div>\n<\/div>\n<div><\/div>\n<div><\/div>\n<div><\/div>\n<div><\/div>\n<pre><strong>THC Live Diamonds- Superior Extract - osta THC, osta THC Live Diamonds , osta THC Live Diamonds online, kust osta THC Live Diamonds- Superior Extract , THC Live Diamonds- Superior Extract m\u00fc\u00fcgiks,THC Live Diamonds- Superior Extract m\u00fc\u00fcgiks, osta THC Live online, kust osta THC Live Diamonds- Superior Extract online,THC Live Diamonds- Superior Extract m\u00fc\u00fcgiks usa , USA, Kanada,uk, osta, online, tarnijad, ohutu kohaletoimetamine, Saate ikka saada THC Live Diamonds- Superior Extract , Kas THC Live Diamonds- Superior Extract on seaduslik usa, osta THC Live Diamonds- Superior Extract online usa, kuidas tellida THC Live Diamonds- Superior Extract , Kas THC Live Diamonds- Superior Extract on seaduslik Kanadas.<\/strong><\/pre>","protected":false},"excerpt":{"rendered":"<p>Uskumatu elav THC teemandid<br \/>\nDiamond Live THC Superior, mida sageli nimetatakse \"maailma tugevaimaks\", on viimane kanepikogukonnas populaarsust kogunud ekstrakt, kuna see on k\u00f5ige tugevam kontsentraat turul. See kristalliseerunud ekstrakt koosneb \u00fcle 99% puhtast THC-A-st - mis ei p\u00f5hjusta sissev\u00f5tmisel k\u00f5rgeid tasemeid, vaid n\u00f5uab dekarboks\u00fclaatorit (p\u00f5letamist), et THC-A muutuks ps\u00fchhoaktiivseks THC-ks.<\/p>\n<p>&nbsp;<\/p>\n<ul>\n<li>Kontsentraat, mis koosneb 97-99% THC-st<\/li>\n<li>99% puhas THC-A<\/li>\n<li>\u00fclemaailmne laevandus<\/li>\n<\/ul>\n<pre><strong>THC Live Diamonds- Superior Extract - osta THC, osta THC Live Diamonds , osta THC Live Diamonds online, kust osta THC Live Diamonds- Superior Extract , THC Live Diamonds- Superior Extract m\u00fc\u00fcgiks,THC Live Diamonds- Superior Extract m\u00fc\u00fcgiks, osta THC Live online, kust osta THC Live Diamonds- Superior Extract online,THC Live Diamonds- Superior Extract m\u00fc\u00fcgiks usa , USA, Kanada,uk, osta, online, tarnijad, ohutu kohaletoimetamine, Saate ikka saada THC Live Diamonds- Superior Extract , Kas THC Live Diamonds- Superior Extract on seaduslik usa, osta THC Live Diamonds- Superior Extract online usa, kuidas tellida THC Live Diamonds- Superior Extract , Kas THC Live Diamonds- Superior Extract on seaduslik Kanadas.<\/strong><\/pre>","protected":false},"featured_media":9132,"comment_status":"open","ping_status":"closed","template":"","meta":{"_bst_post_transparent":"","_bst_post_title":"","_bst_post_layout":"","_bst_post_sidebar_id":"","_bst_post_content_style":"","_bst_post_vertical_padding":"","_bst_post_feature":"","_bst_post_feature_position":"","_bst_post_header":false,"_bst_post_footer":false},"product_brand":[],"product_cat":[74],"product_tag":[],"product_brands":[],"class_list":{"0":"post-9125","1":"product","2":"type-product","3":"status-publish","4":"has-post-thumbnail","6":"product_cat-hash-hashish","8":"first","9":"instock","10":"shipping-taxable","11":"purchasable","12":"product-type-variable","13":"entry","14":"content-bg","15":"loop-entry"},"tiered_pricing_type":"fixed","tiered_pricing_fixed_rules":[],"tiered_pricing_percentage_rules":[],"tiered_pricing_minimum":1,"_administrator_tiered_pricing_type":"fixed","_administrator_tiered_pricing_fixed_rules":[],"_editor_tiered_pricing_type":"fixed","_editor_tiered_pricing_fixed_rules":[],"_author_tiered_pricing_type":"fixed","_author_tiered_pricing_fixed_rules":[],"_contributor_tiered_pricing_type":"fixed","_contributor_tiered_pricing_fixed_rules":[],"_subscriber_tiered_pricing_type":"fixed","_subscriber_tiered_pricing_fixed_rules":[],"_customer_tiered_pricing_type":"fixed","_customer_tiered_pricing_fixed_rules":[],"_shop_manager_tiered_pricing_type":"fixed","_shop_manager_tiered_pricing_fixed_rules":[],"_wpseo_manager_tiered_pricing_type":"fixed","_wpseo_manager_tiered_pricing_fixed_rules":[],"_wpseo_editor_tiered_pricing_type":"fixed","_wpseo_editor_tiered_pricing_fixed_rules":[],"yoast_head":"<!-- This site is optimized with the Yoast SEO plugin v27.2 - https:\/\/yoast.com\/product\/yoast-seo-wordpress\/ -->\n<title>THC Live Diamonds- Superior Extract - Cheap price, top quality<\/title>\n<meta name=\"description\" content=\"buy THC Live Diamonds Online at an affordable price at stonersmeds. Our hash has high THC, best quality you will find\" \/>\n<meta name=\"robots\" content=\"index, follow, max-snippet:-1, max-image-preview:large, max-video-preview:-1\" \/>\n<link rel=\"canonical\" href=\"https:\/\/stonersmeds.com\/et\/shop\/thc-live-diamonds-superior-extract\/\" \/>\n<meta property=\"og:locale\" content=\"et_EE\" \/>\n<meta property=\"og:type\" content=\"article\" \/>\n<meta property=\"og:title\" content=\"THC Live Diamonds- Superior Extract - Cheap price, top quality\" \/>\n<meta property=\"og:description\" content=\"buy THC Live Diamonds Online at an affordable price at stonersmeds. Our hash has high THC, best quality you will find\" \/>\n<meta property=\"og:url\" content=\"https:\/\/stonersmeds.com\/et\/shop\/thc-live-diamonds-superior-extract\/\" \/>\n<meta property=\"og:site_name\" content=\"stonersmeds.com\" \/>\n<meta property=\"article:modified_time\" content=\"2026-02-22T22:00:11+00:00\" \/>\n<meta property=\"og:image\" content=\"https:\/\/stonersmeds.com\/wp-content\/uploads\/2022\/03\/THC-Live-Diamonds-Superior-Extract.jpg\" \/>\n\t<meta property=\"og:image:width\" content=\"600\" \/>\n\t<meta property=\"og:image:height\" content=\"600\" \/>\n\t<meta property=\"og:image:type\" content=\"image\/jpeg\" \/>\n<meta name=\"twitter:card\" content=\"summary_large_image\" \/>\n<meta name=\"twitter:label1\" content=\"Availability\" \/>\n\t<meta name=\"twitter:data1\" content=\"In stock\" \/>\n<script type=\"application\/ld+json\" class=\"yoast-schema-graph\">{\"@context\":\"https:\/\/schema.org\",\"@graph\":[{\"@type\":\"WebPage\",\"@id\":\"https:\/\/stonersmeds.com\/shop\/thc-live-diamonds-superior-extract\/\",\"url\":\"https:\/\/stonersmeds.com\/shop\/thc-live-diamonds-superior-extract\/\",\"name\":\"THC Live Diamonds- Superior Extract - Cheap price, top quality\",\"isPartOf\":{\"@id\":\"https:\/\/stonersmeds.com\/#website\"},\"primaryImageOfPage\":{\"@id\":\"https:\/\/stonersmeds.com\/shop\/thc-live-diamonds-superior-extract\/#primaryimage\"},\"image\":{\"@id\":\"https:\/\/stonersmeds.com\/shop\/thc-live-diamonds-superior-extract\/#primaryimage\"},\"thumbnailUrl\":\"https:\/\/stonersmeds.com\/wp-content\/uploads\/2022\/03\/THC-Live-Diamonds-Superior-Extract.jpg\",\"datePublished\":\"2022-03-11T13:50:44+00:00\",\"dateModified\":\"2026-02-22T22:00:11+00:00\",\"description\":\"buy THC Live Diamonds Online at an affordable price at stonersmeds. Our hash has high THC, best quality you will find\",\"breadcrumb\":{\"@id\":\"https:\/\/stonersmeds.com\/shop\/thc-live-diamonds-superior-extract\/#breadcrumb\"},\"inLanguage\":\"et\",\"potentialAction\":[{\"@type\":\"ReadAction\",\"target\":[\"https:\/\/stonersmeds.com\/shop\/thc-live-diamonds-superior-extract\/\"]}]},{\"@type\":\"ImageObject\",\"inLanguage\":\"et\",\"@id\":\"https:\/\/stonersmeds.com\/shop\/thc-live-diamonds-superior-extract\/#primaryimage\",\"url\":\"https:\/\/stonersmeds.com\/wp-content\/uploads\/2022\/03\/THC-Live-Diamonds-Superior-Extract.jpg\",\"contentUrl\":\"https:\/\/stonersmeds.com\/wp-content\/uploads\/2022\/03\/THC-Live-Diamonds-Superior-Extract.jpg\",\"width\":600,\"height\":600},{\"@type\":\"BreadcrumbList\",\"@id\":\"https:\/\/stonersmeds.com\/shop\/thc-live-diamonds-superior-extract\/#breadcrumb\",\"itemListElement\":[{\"@type\":\"ListItem\",\"position\":1,\"name\":\"Home\",\"item\":\"https:\/\/stonersmeds.com\/\"},{\"@type\":\"ListItem\",\"position\":2,\"name\":\"Shop\",\"item\":\"https:\/\/stonersmeds.com\/shop\/\"},{\"@type\":\"ListItem\",\"position\":3,\"name\":\"THC Live Diamonds- Superior Extract\"}]},{\"@type\":\"WebSite\",\"@id\":\"https:\/\/stonersmeds.com\/#website\",\"url\":\"https:\/\/stonersmeds.com\/\",\"name\":\"stonersmeds.com\",\"description\":\"verschreibungspflichtige Medizin kaufen\",\"publisher\":{\"@id\":\"https:\/\/stonersmeds.com\/#organization\"},\"alternateName\":\"Research chemical shop\",\"potentialAction\":[{\"@type\":\"SearchAction\",\"target\":{\"@type\":\"EntryPoint\",\"urlTemplate\":\"https:\/\/stonersmeds.com\/?s={search_term_string}\"},\"query-input\":{\"@type\":\"PropertyValueSpecification\",\"valueRequired\":true,\"valueName\":\"search_term_string\"}}],\"inLanguage\":\"et\"},{\"@type\":\"Organization\",\"@id\":\"https:\/\/stonersmeds.com\/#organization\",\"name\":\"Stonersmeds Shop\",\"url\":\"https:\/\/stonersmeds.com\/\",\"logo\":{\"@type\":\"ImageObject\",\"inLanguage\":\"et\",\"@id\":\"https:\/\/stonersmeds.com\/#\/schema\/logo\/image\/\",\"url\":\"https:\/\/stonersmeds.com\/wp-content\/uploads\/2026\/02\/high-purity-DMT-powder.jpg\",\"contentUrl\":\"https:\/\/stonersmeds.com\/wp-content\/uploads\/2026\/02\/high-purity-DMT-powder.jpg\",\"width\":500,\"height\":500,\"caption\":\"Stonersmeds Shop\"},\"image\":{\"@id\":\"https:\/\/stonersmeds.com\/#\/schema\/logo\/image\/\"}}]}<\/script>\n<meta property=\"og:availability\" content=\"instock\" \/>\n<meta property=\"product:availability\" content=\"instock\" \/>\n<meta property=\"product:condition\" content=\"new\" \/>\n<!-- \/ Yoast SEO plugin. -->","yoast_head_json":{"title":"THC Live Diamonds- Superior Extract - Odav hind, tippkvaliteetne toode","description":"osta THC Live Diamonds Online taskukohase hinnaga stonersmeds. Meie hash on k\u00f5rge THC, parim kvaliteet, mida leiad","robots":{"index":"index","follow":"follow","max-snippet":"max-snippet:-1","max-image-preview":"max-image-preview:large","max-video-preview":"max-video-preview:-1"},"canonical":"https:\/\/stonersmeds.com\/et\/shop\/thc-live-diamonds-superior-extract\/","og_locale":"et_EE","og_type":"article","og_title":"THC Live Diamonds- Superior Extract - Cheap price, top quality","og_description":"buy THC Live Diamonds Online at an affordable price at stonersmeds. Our hash has high THC, best quality you will find","og_url":"https:\/\/stonersmeds.com\/et\/shop\/thc-live-diamonds-superior-extract\/","og_site_name":"stonersmeds.com","article_modified_time":"2026-02-22T22:00:11+00:00","og_image":[{"width":600,"height":600,"url":"https:\/\/stonersmeds.com\/wp-content\/uploads\/2022\/03\/THC-Live-Diamonds-Superior-Extract.jpg","type":"image\/jpeg"}],"twitter_card":"summary_large_image","twitter_misc":{"Availability":"In stock"},"schema":{"@context":"https:\/\/schema.org","@graph":[{"@type":"WebPage","@id":"https:\/\/stonersmeds.com\/shop\/thc-live-diamonds-superior-extract\/","url":"https:\/\/stonersmeds.com\/shop\/thc-live-diamonds-superior-extract\/","name":"THC Live Diamonds- Superior Extract - Odav hind, tippkvaliteetne toode","isPartOf":{"@id":"https:\/\/stonersmeds.com\/#website"},"primaryImageOfPage":{"@id":"https:\/\/stonersmeds.com\/shop\/thc-live-diamonds-superior-extract\/#primaryimage"},"image":{"@id":"https:\/\/stonersmeds.com\/shop\/thc-live-diamonds-superior-extract\/#primaryimage"},"thumbnailUrl":"https:\/\/stonersmeds.com\/wp-content\/uploads\/2022\/03\/THC-Live-Diamonds-Superior-Extract.jpg","datePublished":"2022-03-11T13:50:44+00:00","dateModified":"2026-02-22T22:00:11+00:00","description":"osta THC Live Diamonds Online taskukohase hinnaga stonersmeds. Meie hash on k\u00f5rge THC, parim kvaliteet, mida leiad","breadcrumb":{"@id":"https:\/\/stonersmeds.com\/shop\/thc-live-diamonds-superior-extract\/#breadcrumb"},"inLanguage":"et","potentialAction":[{"@type":"ReadAction","target":["https:\/\/stonersmeds.com\/shop\/thc-live-diamonds-superior-extract\/"]}]},{"@type":"ImageObject","inLanguage":"et","@id":"https:\/\/stonersmeds.com\/shop\/thc-live-diamonds-superior-extract\/#primaryimage","url":"https:\/\/stonersmeds.com\/wp-content\/uploads\/2022\/03\/THC-Live-Diamonds-Superior-Extract.jpg","contentUrl":"https:\/\/stonersmeds.com\/wp-content\/uploads\/2022\/03\/THC-Live-Diamonds-Superior-Extract.jpg","width":600,"height":600},{"@type":"BreadcrumbList","@id":"https:\/\/stonersmeds.com\/shop\/thc-live-diamonds-superior-extract\/#breadcrumb","itemListElement":[{"@type":"ListItem","position":1,"name":"Home","item":"https:\/\/stonersmeds.com\/"},{"@type":"ListItem","position":2,"name":"Shop","item":"https:\/\/stonersmeds.com\/shop\/"},{"@type":"ListItem","position":3,"name":"THC Live Diamonds- Superior Extract"}]},{"@type":"WebSite","@id":"https:\/\/stonersmeds.com\/#website","url":"https:\/\/stonersmeds.com\/","name":"stonersmeds.com","description":"verschreibungspflichtige Medizin kaufen","publisher":{"@id":"https:\/\/stonersmeds.com\/#organization"},"alternateName":"Research chemical shop","potentialAction":[{"@type":"SearchAction","target":{"@type":"EntryPoint","urlTemplate":"https:\/\/stonersmeds.com\/?s={search_term_string}"},"query-input":{"@type":"PropertyValueSpecification","valueRequired":true,"valueName":"search_term_string"}}],"inLanguage":"et"},{"@type":"Organization","@id":"https:\/\/stonersmeds.com\/#organization","name":"Stonersmeds Shop","url":"https:\/\/stonersmeds.com\/","logo":{"@type":"ImageObject","inLanguage":"et","@id":"https:\/\/stonersmeds.com\/#\/schema\/logo\/image\/","url":"https:\/\/stonersmeds.com\/wp-content\/uploads\/2026\/02\/high-purity-DMT-powder.jpg","contentUrl":"https:\/\/stonersmeds.com\/wp-content\/uploads\/2026\/02\/high-purity-DMT-powder.jpg","width":500,"height":500,"caption":"Stonersmeds Shop"},"image":{"@id":"https:\/\/stonersmeds.com\/#\/schema\/logo\/image\/"}}]},"og_availability":"instock","product_availability":"instock","product_condition":"new"},"_links":{"self":[{"href":"https:\/\/stonersmeds.com\/et\/wp-json\/wp\/v2\/product\/9125","targetHints":{"allow":["GET"]}}],"collection":[{"href":"https:\/\/stonersmeds.com\/et\/wp-json\/wp\/v2\/product"}],"about":[{"href":"https:\/\/stonersmeds.com\/et\/wp-json\/wp\/v2\/types\/product"}],"replies":[{"embeddable":true,"href":"https:\/\/stonersmeds.com\/et\/wp-json\/wp\/v2\/comments?post=9125"}],"version-history":[{"count":0,"href":"https:\/\/stonersmeds.com\/et\/wp-json\/wp\/v2\/product\/9125\/revisions"}],"wp:featuredmedia":[{"embeddable":true,"href":"https:\/\/stonersmeds.com\/et\/wp-json\/wp\/v2\/media\/9132"}],"wp:attachment":[{"href":"https:\/\/stonersmeds.com\/et\/wp-json\/wp\/v2\/media?parent=9125"}],"wp:term":[{"taxonomy":"product_brand","embeddable":true,"href":"https:\/\/stonersmeds.com\/et\/wp-json\/wp\/v2\/product_brand?post=9125"},{"taxonomy":"product_cat","embeddable":true,"href":"https:\/\/stonersmeds.com\/et\/wp-json\/wp\/v2\/product_cat?post=9125"},{"taxonomy":"product_tag","embeddable":true,"href":"https:\/\/stonersmeds.com\/et\/wp-json\/wp\/v2\/product_tag?post=9125"},{"taxonomy":"product_brands","embeddable":true,"href":"https:\/\/stonersmeds.com\/et\/wp-json\/wp\/v2\/product_brands?post=9125"}],"curies":[{"name":"wp","href":"https:\/\/api.w.org\/{rel}","templated":true}]}}