{"id":9162,"date":"2022-03-11T14:15:04","date_gmt":"2022-03-11T14:15:04","guid":{"rendered":"https:\/\/stonersmeds.com\/?post_type=product&#038;p=9162"},"modified":"2026-03-02T16:10:06","modified_gmt":"2026-03-02T14:10:06","slug":"buy-brown-heroin-99-pure-online","status":"publish","type":"product","link":"https:\/\/stonersmeds.com\/et\/shop\/buy-brown-heroin-99-pure-online\/","title":{"rendered":"Ostke pruuni heroiini 99% puhast veebist"},"content":{"rendered":"<h1>Pruun heroiin 99% puhas<\/h1>\n<p>Ostke pruuni heroiini, mis on puhas 60%<br \/>\nOsta pruuni heroiini - m\u00fc\u00fcme k\u00f5rgeima kvaliteediga heroiini m\u00fc\u00fcgiks maailmas. Pakume edasim\u00fc\u00fcjatele v\u00f5imalust tellida <a href=\"https:\/\/stonersmeds.com\/et\/shop\/buy-fub-akb48-powder-1-oz-pure-online\/\">pruun suhkur internetis hulgim\u00fc\u00fcgihinnaga.<\/a><\/p>\n<p>Kasutatakse valge heroiini r\u00f5\u00f5mustamiseks<br \/>\nSeda kasutatakse meelelahutuseks ravimina selle tekitatava eufooria t\u00f5ttu. Antropoloog Michael Hagar kirjeldas kunagi heroiini kui &quot;t\u00e4iuslikku uimastit mis tahes kujul?&quot;. Tolerantsus areneb kiiresti ja sama efekti saavutamiseks on vaja suuremaid doose. On teatatud, et selle populaarsus uimastitarbijate seas v\u00f5rreldes morfiiniga on tingitud selle erinevatest tajutavatest m\u00f5judest.<\/p>\n<p>Samade teadlaste l\u00fchiajalised s\u00f5ltuvusuuringud n\u00e4itavad. See tolerantsus areneb sama kiiresti kui heroiin ja morfiin. Morfiin ja heroiin p\u00f5hjustavad ka palju t\u00f5en\u00e4olisemalt eufooriat. Veel \u00fcks positiivne subjektiivne m\u00f5ju v\u00f5rreldes nende teiste opioididega.<\/p>\n<div><\/div>\n<div><a href=\"https:\/\/stonersmeds.com\/et\/shop\/buy-arctic-wolf-heroin-70-pure\/\">https:\/\/stonersmeds.com\/shop\/buy-arctic-wolf-heroin-70-pure\/<\/a><\/div>\n<div><a href=\"https:\/\/stonersmeds.com\/et\/shop\/buy-black-tar-heroin-online\/\">https:\/\/stonersmeds.com\/shop\/buy-black-tar-heroin-online\/<\/a><\/div>\n<div><a href=\"https:\/\/stonersmeds.com\/et\/shop\/buy-white-heroin-100-pure-online\/\">https:\/\/stonersmeds.com\/shop\/buy-white-heroin-100-pure-online\/<\/a><\/div>\n<div><a href=\"https:\/\/stonersmeds.com\/et\/shop\/rolls-royce-heroin-98-pure\/\">https:\/\/stonersmeds.com\/shop\/rolls-royce-heroin-98-pure\/<\/a><\/div>\n<div><a href=\"https:\/\/stonersmeds.com\/et\/shop\/buy-brown-heroin-99-pure-online\/\">https:\/\/stonersmeds.com\/shop\/buy-brown-heroin-99-pure-online\/<\/a><\/div>\n<div><\/div>\n<div><\/div>\n<div><\/div>\n<pre><strong>Ostke pruuni heroiini 60% puhast veebist \u2013 ostke pruuni heroiini, ostke pruuni heroiini 60% puhast, ostke heroiini 60% puhast veebist, kust osta pruuni heroiini 60% puhast, pruuni heroiini 60% puhast veebis, m\u00fc\u00fca pruuni heroiini 60% puhast, ostke pruuni heroiini eest TP2T, ostke pruuni heroiini eest 61 kust osta Brown Heroin 60% Pure online, Brown Heroin 60% Pure m\u00fc\u00fcgiks USA-s , USA, Kanada, \u00dchendkuningriik, osta, v\u00f5rgus, tarnijad, ohutu kohaletoimetamine, Brown Heroin 60% Pure on endiselt saadaval, kas Brown Heroin 60% Pure on USA-s legaalne , osta Brown Heroin 60% Pure online usa, kuidas tellida Brown Heroin 60% Pure , Kas Brown Heroin 60% Pure legaalne Kanadas<\/strong><\/pre>","protected":false},"excerpt":{"rendered":"<p>This is one our best quality heroin. Buy Heroin Online comes here to provide to you a top class heroin for sale. Brown heroin is one of the highest sold heroin in our store.<\/p>\n<p>toote hind on: grammi kohta<br \/>\n<strong>Minimum order quantity is: 5 grams<\/strong><\/p>\n<p>&nbsp;<\/p>","protected":false},"featured_media":9173,"comment_status":"closed","ping_status":"closed","template":"","meta":{"_bst_post_transparent":"","_bst_post_title":"","_bst_post_layout":"","_bst_post_sidebar_id":"","_bst_post_content_style":"","_bst_post_vertical_padding":"","_bst_post_feature":"","_bst_post_feature_position":"","_bst_post_header":false,"_bst_post_footer":false},"product_brand":[],"product_cat":[75],"product_tag":[1490,1493,204,1487,1486,1496,1491,1488,203,1497,1498,1495,137,139,138,135,133,1489,1492,1494],"product_brands":[],"class_list":{"0":"post-9162","1":"product","2":"type-product","3":"status-publish","4":"has-post-thumbnail","6":"product_cat-heroine","7":"product_tag-brown-heroin-60-pure-for-sale","8":"product_tag-brown-heroin-60-pure-for-sale-in-usa","9":"product_tag-buy","10":"product_tag-buy-brown-heroin-60-pure","11":"product_tag-buy-brown-heroin-60-pure-online-buy-brown-heroin","12":"product_tag-buy-brown-heroin-60-pure-online-usa","13":"product_tag-buy-brown-heroin-online","14":"product_tag-buy-heroin-60-pure-online","15":"product_tag-canada","16":"product_tag-how-to-order-brown-heroin-60-pure","17":"product_tag-is-brown-heroin-60-pure-legal-in-canada","18":"product_tag-is-brown-heroin-60-pure-legal-in-usa","19":"product_tag-online","20":"product_tag-safe-delivery","21":"product_tag-suppliers","22":"product_tag-uk","23":"product_tag-usa","24":"product_tag-where-to-buy-brown-heroin-60-pure","25":"product_tag-where-to-buy-brown-heroin-60-pure-online","26":"product_tag-you-can-still-get-brown-heroin-60-pure","28":"first","29":"instock","30":"shipping-taxable","31":"purchasable","32":"product-type-simple","33":"entry","34":"content-bg","35":"loop-entry"},"tiered_pricing_type":"fixed","tiered_pricing_fixed_rules":{"5":"50","10":"48","25":"44"},"tiered_pricing_percentage_rules":[],"tiered_pricing_minimum":1,"_administrator_tiered_pricing_type":"fixed","_administrator_tiered_pricing_fixed_rules":[],"_editor_tiered_pricing_type":"fixed","_editor_tiered_pricing_fixed_rules":[],"_author_tiered_pricing_type":"fixed","_author_tiered_pricing_fixed_rules":[],"_contributor_tiered_pricing_type":"fixed","_contributor_tiered_pricing_fixed_rules":[],"_subscriber_tiered_pricing_type":"fixed","_subscriber_tiered_pricing_fixed_rules":[],"_customer_tiered_pricing_type":"fixed","_customer_tiered_pricing_fixed_rules":[],"_shop_manager_tiered_pricing_type":"fixed","_shop_manager_tiered_pricing_fixed_rules":[],"_wpseo_manager_tiered_pricing_type":"fixed","_wpseo_manager_tiered_pricing_fixed_rules":[],"_wpseo_editor_tiered_pricing_type":"fixed","_wpseo_editor_tiered_pricing_fixed_rules":[],"yoast_head":"<!-- This site is optimized with the Yoast SEO plugin v27.2 - https:\/\/yoast.com\/product\/yoast-seo-wordpress\/ -->\n<title>Buy Brown Heroin 99% Pure Online - Cheap price, Best quality<\/title>\n<meta name=\"description\" content=\"Buy brown heroin Online at an affordable price at stonersmeds. All products are lab qualified and have premium quality.\" \/>\n<meta name=\"robots\" content=\"index, follow, max-snippet:-1, max-image-preview:large, max-video-preview:-1\" \/>\n<link rel=\"canonical\" href=\"https:\/\/stonersmeds.com\/et\/shop\/buy-brown-heroin-99-pure-online\/\" \/>\n<meta property=\"og:locale\" content=\"et_EE\" \/>\n<meta property=\"og:type\" content=\"article\" \/>\n<meta property=\"og:title\" content=\"Buy Brown Heroin 99% Pure Online - Cheap price, Best quality\" \/>\n<meta property=\"og:description\" content=\"Buy brown heroin Online at an affordable price at stonersmeds. All products are lab qualified and have premium quality.\" \/>\n<meta property=\"og:url\" content=\"https:\/\/stonersmeds.com\/et\/shop\/buy-brown-heroin-99-pure-online\/\" \/>\n<meta property=\"og:site_name\" content=\"stonersmeds.com\" \/>\n<meta property=\"article:modified_time\" content=\"2026-03-02T14:10:06+00:00\" \/>\n<meta property=\"og:image\" content=\"https:\/\/stonersmeds.com\/wp-content\/uploads\/2022\/03\/Brown-Heroin-60-pure.jpg\" \/>\n\t<meta property=\"og:image:width\" content=\"600\" \/>\n\t<meta property=\"og:image:height\" content=\"600\" \/>\n\t<meta property=\"og:image:type\" content=\"image\/jpeg\" \/>\n<meta name=\"twitter:card\" content=\"summary_large_image\" \/>\n<meta name=\"twitter:label1\" content=\"Price\" \/>\n\t<meta name=\"twitter:data1\" content=\"60&#036;\" \/>\n\t<meta name=\"twitter:label2\" content=\"Availability\" \/>\n\t<meta name=\"twitter:data2\" content=\"In stock\" \/>\n<script type=\"application\/ld+json\" class=\"yoast-schema-graph\">{\"@context\":\"https:\/\/schema.org\",\"@graph\":[{\"@type\":\"WebPage\",\"@id\":\"https:\/\/stonersmeds.com\/shop\/buy-brown-heroin-99-pure-online\/\",\"url\":\"https:\/\/stonersmeds.com\/shop\/buy-brown-heroin-99-pure-online\/\",\"name\":\"Buy Brown Heroin 99% Pure Online - Cheap price, Best quality\",\"isPartOf\":{\"@id\":\"https:\/\/stonersmeds.com\/#website\"},\"primaryImageOfPage\":{\"@id\":\"https:\/\/stonersmeds.com\/shop\/buy-brown-heroin-99-pure-online\/#primaryimage\"},\"image\":{\"@id\":\"https:\/\/stonersmeds.com\/shop\/buy-brown-heroin-99-pure-online\/#primaryimage\"},\"thumbnailUrl\":\"https:\/\/stonersmeds.com\/wp-content\/uploads\/2022\/03\/Brown-Heroin-60-pure.jpg\",\"datePublished\":\"2022-03-11T14:15:04+00:00\",\"dateModified\":\"2026-03-02T14:10:06+00:00\",\"description\":\"Buy brown heroin Online at an affordable price at stonersmeds. All products are lab qualified and have premium quality.\",\"breadcrumb\":{\"@id\":\"https:\/\/stonersmeds.com\/shop\/buy-brown-heroin-99-pure-online\/#breadcrumb\"},\"inLanguage\":\"et\",\"potentialAction\":[{\"@type\":\"ReadAction\",\"target\":[\"https:\/\/stonersmeds.com\/shop\/buy-brown-heroin-99-pure-online\/\"]}]},{\"@type\":\"ImageObject\",\"inLanguage\":\"et\",\"@id\":\"https:\/\/stonersmeds.com\/shop\/buy-brown-heroin-99-pure-online\/#primaryimage\",\"url\":\"https:\/\/stonersmeds.com\/wp-content\/uploads\/2022\/03\/Brown-Heroin-60-pure.jpg\",\"contentUrl\":\"https:\/\/stonersmeds.com\/wp-content\/uploads\/2022\/03\/Brown-Heroin-60-pure.jpg\",\"width\":600,\"height\":600},{\"@type\":\"BreadcrumbList\",\"@id\":\"https:\/\/stonersmeds.com\/shop\/buy-brown-heroin-99-pure-online\/#breadcrumb\",\"itemListElement\":[{\"@type\":\"ListItem\",\"position\":1,\"name\":\"Home\",\"item\":\"https:\/\/stonersmeds.com\/\"},{\"@type\":\"ListItem\",\"position\":2,\"name\":\"Shop\",\"item\":\"https:\/\/stonersmeds.com\/shop\/\"},{\"@type\":\"ListItem\",\"position\":3,\"name\":\"Buy Brown Heroin 99% Pure Online\"}]},{\"@type\":\"WebSite\",\"@id\":\"https:\/\/stonersmeds.com\/#website\",\"url\":\"https:\/\/stonersmeds.com\/\",\"name\":\"stonersmeds.com\",\"description\":\"verschreibungspflichtige Medizin kaufen\",\"publisher\":{\"@id\":\"https:\/\/stonersmeds.com\/#organization\"},\"alternateName\":\"Research chemical shop\",\"potentialAction\":[{\"@type\":\"SearchAction\",\"target\":{\"@type\":\"EntryPoint\",\"urlTemplate\":\"https:\/\/stonersmeds.com\/?s={search_term_string}\"},\"query-input\":{\"@type\":\"PropertyValueSpecification\",\"valueRequired\":true,\"valueName\":\"search_term_string\"}}],\"inLanguage\":\"et\"},{\"@type\":\"Organization\",\"@id\":\"https:\/\/stonersmeds.com\/#organization\",\"name\":\"Stonersmeds Shop\",\"url\":\"https:\/\/stonersmeds.com\/\",\"logo\":{\"@type\":\"ImageObject\",\"inLanguage\":\"et\",\"@id\":\"https:\/\/stonersmeds.com\/#\/schema\/logo\/image\/\",\"url\":\"https:\/\/stonersmeds.com\/wp-content\/uploads\/2026\/02\/high-purity-DMT-powder.jpg\",\"contentUrl\":\"https:\/\/stonersmeds.com\/wp-content\/uploads\/2026\/02\/high-purity-DMT-powder.jpg\",\"width\":500,\"height\":500,\"caption\":\"Stonersmeds Shop\"},\"image\":{\"@id\":\"https:\/\/stonersmeds.com\/#\/schema\/logo\/image\/\"}}]}<\/script>\n<meta property=\"product:price:amount\" content=\"60.00\" \/>\n<meta property=\"product:price:currency\" content=\"USD\" \/>\n<meta property=\"og:availability\" content=\"instock\" \/>\n<meta property=\"product:availability\" content=\"instock\" \/>\n<meta property=\"product:condition\" content=\"new\" \/>\n<!-- \/ Yoast SEO plugin. -->","yoast_head_json":{"title":"Ostke pruuni heroiini 99% puhast veebist \u2013 odav hind, parim kvaliteet","description":"Ostke stonersmedsist soodsa hinnaga pruuni heroiini Internetist. K\u00f5ik tooted on labori kvalifitseeritud ja kvaliteetsed.","robots":{"index":"index","follow":"follow","max-snippet":"max-snippet:-1","max-image-preview":"max-image-preview:large","max-video-preview":"max-video-preview:-1"},"canonical":"https:\/\/stonersmeds.com\/et\/shop\/buy-brown-heroin-99-pure-online\/","og_locale":"et_EE","og_type":"article","og_title":"Buy Brown Heroin 99% Pure Online - Cheap price, Best quality","og_description":"Buy brown heroin Online at an affordable price at stonersmeds. All products are lab qualified and have premium quality.","og_url":"https:\/\/stonersmeds.com\/et\/shop\/buy-brown-heroin-99-pure-online\/","og_site_name":"stonersmeds.com","article_modified_time":"2026-03-02T14:10:06+00:00","og_image":[{"width":600,"height":600,"url":"https:\/\/stonersmeds.com\/wp-content\/uploads\/2022\/03\/Brown-Heroin-60-pure.jpg","type":"image\/jpeg"}],"twitter_card":"summary_large_image","twitter_misc":{"Price":"60&#36;","Availability":"In stock"},"schema":{"@context":"https:\/\/schema.org","@graph":[{"@type":"WebPage","@id":"https:\/\/stonersmeds.com\/shop\/buy-brown-heroin-99-pure-online\/","url":"https:\/\/stonersmeds.com\/shop\/buy-brown-heroin-99-pure-online\/","name":"Ostke pruuni heroiini 99% puhast veebist \u2013 odav hind, parim kvaliteet","isPartOf":{"@id":"https:\/\/stonersmeds.com\/#website"},"primaryImageOfPage":{"@id":"https:\/\/stonersmeds.com\/shop\/buy-brown-heroin-99-pure-online\/#primaryimage"},"image":{"@id":"https:\/\/stonersmeds.com\/shop\/buy-brown-heroin-99-pure-online\/#primaryimage"},"thumbnailUrl":"https:\/\/stonersmeds.com\/wp-content\/uploads\/2022\/03\/Brown-Heroin-60-pure.jpg","datePublished":"2022-03-11T14:15:04+00:00","dateModified":"2026-03-02T14:10:06+00:00","description":"Ostke stonersmedsist soodsa hinnaga pruuni heroiini Internetist. K\u00f5ik tooted on labori kvalifitseeritud ja kvaliteetsed.","breadcrumb":{"@id":"https:\/\/stonersmeds.com\/shop\/buy-brown-heroin-99-pure-online\/#breadcrumb"},"inLanguage":"et","potentialAction":[{"@type":"ReadAction","target":["https:\/\/stonersmeds.com\/shop\/buy-brown-heroin-99-pure-online\/"]}]},{"@type":"ImageObject","inLanguage":"et","@id":"https:\/\/stonersmeds.com\/shop\/buy-brown-heroin-99-pure-online\/#primaryimage","url":"https:\/\/stonersmeds.com\/wp-content\/uploads\/2022\/03\/Brown-Heroin-60-pure.jpg","contentUrl":"https:\/\/stonersmeds.com\/wp-content\/uploads\/2022\/03\/Brown-Heroin-60-pure.jpg","width":600,"height":600},{"@type":"BreadcrumbList","@id":"https:\/\/stonersmeds.com\/shop\/buy-brown-heroin-99-pure-online\/#breadcrumb","itemListElement":[{"@type":"ListItem","position":1,"name":"Home","item":"https:\/\/stonersmeds.com\/"},{"@type":"ListItem","position":2,"name":"Shop","item":"https:\/\/stonersmeds.com\/shop\/"},{"@type":"ListItem","position":3,"name":"Buy Brown Heroin 99% Pure Online"}]},{"@type":"WebSite","@id":"https:\/\/stonersmeds.com\/#website","url":"https:\/\/stonersmeds.com\/","name":"stonersmeds.com","description":"verschreibungspflichtige Medizin kaufen","publisher":{"@id":"https:\/\/stonersmeds.com\/#organization"},"alternateName":"Research chemical shop","potentialAction":[{"@type":"SearchAction","target":{"@type":"EntryPoint","urlTemplate":"https:\/\/stonersmeds.com\/?s={search_term_string}"},"query-input":{"@type":"PropertyValueSpecification","valueRequired":true,"valueName":"search_term_string"}}],"inLanguage":"et"},{"@type":"Organization","@id":"https:\/\/stonersmeds.com\/#organization","name":"Stonersmeds Shop","url":"https:\/\/stonersmeds.com\/","logo":{"@type":"ImageObject","inLanguage":"et","@id":"https:\/\/stonersmeds.com\/#\/schema\/logo\/image\/","url":"https:\/\/stonersmeds.com\/wp-content\/uploads\/2026\/02\/high-purity-DMT-powder.jpg","contentUrl":"https:\/\/stonersmeds.com\/wp-content\/uploads\/2026\/02\/high-purity-DMT-powder.jpg","width":500,"height":500,"caption":"Stonersmeds Shop"},"image":{"@id":"https:\/\/stonersmeds.com\/#\/schema\/logo\/image\/"}}]},"product_price_amount":"60.00","product_price_currency":"USD","og_availability":"instock","product_availability":"instock","product_condition":"new"},"_links":{"self":[{"href":"https:\/\/stonersmeds.com\/et\/wp-json\/wp\/v2\/product\/9162","targetHints":{"allow":["GET"]}}],"collection":[{"href":"https:\/\/stonersmeds.com\/et\/wp-json\/wp\/v2\/product"}],"about":[{"href":"https:\/\/stonersmeds.com\/et\/wp-json\/wp\/v2\/types\/product"}],"replies":[{"embeddable":true,"href":"https:\/\/stonersmeds.com\/et\/wp-json\/wp\/v2\/comments?post=9162"}],"version-history":[{"count":0,"href":"https:\/\/stonersmeds.com\/et\/wp-json\/wp\/v2\/product\/9162\/revisions"}],"wp:featuredmedia":[{"embeddable":true,"href":"https:\/\/stonersmeds.com\/et\/wp-json\/wp\/v2\/media\/9173"}],"wp:attachment":[{"href":"https:\/\/stonersmeds.com\/et\/wp-json\/wp\/v2\/media?parent=9162"}],"wp:term":[{"taxonomy":"product_brand","embeddable":true,"href":"https:\/\/stonersmeds.com\/et\/wp-json\/wp\/v2\/product_brand?post=9162"},{"taxonomy":"product_cat","embeddable":true,"href":"https:\/\/stonersmeds.com\/et\/wp-json\/wp\/v2\/product_cat?post=9162"},{"taxonomy":"product_tag","embeddable":true,"href":"https:\/\/stonersmeds.com\/et\/wp-json\/wp\/v2\/product_tag?post=9162"},{"taxonomy":"product_brands","embeddable":true,"href":"https:\/\/stonersmeds.com\/et\/wp-json\/wp\/v2\/product_brands?post=9162"}],"curies":[{"name":"wp","href":"https:\/\/api.w.org\/{rel}","templated":true}]}}