{"id":9208,"date":"2022-03-11T14:37:25","date_gmt":"2022-03-11T14:37:25","guid":{"rendered":"https:\/\/stonersmeds.com\/?post_type=product&#038;p=9208"},"modified":"2026-02-24T21:20:05","modified_gmt":"2026-02-24T19:20:05","slug":"buy-k2-incense-spray-online-spice","status":"publish","type":"product","link":"https:\/\/stonersmeds.com\/et\/shop\/buy-k2-incense-spray-online-spice\/","title":{"rendered":"Ostke K2 viirukipihusti veebist (SPICE)"},"content":{"rendered":"<h1>Osta K2 suitsupihustit online<\/h1>\n<p>Osta K2 suitsuspreid - Meil on ka\u00a0<a href=\"https:\/\/www.lawsonspharmacy24.com\/product\/drug\/buy-mephedrone-hydrochloride-4-mmc-online\/\">K2 paber m\u00fc\u00fcgiks<\/a>.\u00a0<strong>l\u00f5hnatu ja v\u00e4rvitu<\/strong>\u00a0K2 spray m\u00fc\u00fcgil.\u00a0<em>\u00dche terve A4 paberilehe pihustamiseks on vaja 25 ml.\u00a0<a href=\"https:\/\/casadelamedicina.es\/english\/contact-us\/\">Osta K2 suitsupihustit online<\/a>\u00a0(SPICE)<br \/>\n<\/em><\/p>\n<p>Aroom ja K2 on kaks p\u00f5hilist nime, mida kasutatakse toodetud marihuaana jaoks. Need on loodud kuivatatud taimematerjalist, millele on s\u00fcstitud tehniliselt toodetud kannabinoid. Disainitud kannabinoidid on valmistatud segud, mis aitavad v\u00e4lja aju kannabinoidiretseptorid vastavalt Delta9-tetrah\u00fcdrokannabinoolile (THC) - d\u00fcnaamiline aine, mis vastutab marihuaana m\u00f5ju eest. Spice'i kasutavad inimesed teatavad tunnetest, mis sarnanevad Marihuaana on taim, mis sisaldab kannabinoide, mis on segud. Flavor ja K2 on kaks nimetust, mida kasutatakse retseptide kogumi kirjeldamiseks, mida tuntakse kui kavandatud (konstrueeritud) kannabinoide. Need on loodud kuivatatud taimsetest materjalidest, mida on pritsitud meelt muutvate toodetud ainetega. Need toodetud uimastid olid algul anal\u00fc\u00fctikute poolt korraldatud, et kasutada neid uuringutes.<\/p>\n<h3>Ostke K2 viirukipihusti veebist (SPICE)<\/h3>\n<p>K2 on lisaks sellele saadaval vedelas struktuuris, mida saab kasutada e-sigarettides. Seda suitsetatakse ka piibude kaudu, jointides v\u00f5i teeks valmistatuna. Vedela struktuuriga K2 puistatakse seej\u00e4rel taimedele, paberile v\u00f5i kiududele. Spice'i suitsetamise m\u00f5ju v\u00f5ib dubleerida poti suitsetamise tunnet, kuid peamised p\u00f5hjused, miks inimesed suitsetavad Spice'i, on see, et see on tagasihoidlik, ja arvestades seda, kuidas see on teadaolevalt ... Seda ainet m\u00fc\u00fcakse tavaliselt taimse materjalina. Vaatamata sellele, kuidas me m\u00fc\u00fcme t\u00e4helepanuv\u00e4\u00e4rset k2-maitset, on meie konstrueeritud segude kogumik t\u00e4ielikult haritud seoses kehtivate eeskirjadega. Osta taimne suitsutus online Tugev K2 taimne suitsutus, et s\u00fc\u00fcdata meeled! Kuigi teised m\u00fc\u00fcvad surnud segu ei ole v\u00f5imu imitatsiooni asju, kui ostate K2 meilt, meie kvaliteet r\u00e4\u00e4gib endast ilma probleemita! Me m\u00fc\u00fcme suurep\u00e4rase Herbal-Incense ja on erakordne teiste Herbal zing kauplejad. Flavor, lisaks tavaliselt tuntud kui K2, s\u00fcnteetiline marihuaana ja s\u00fcnteetiline Weed suitsutuspihusti, k2 spray m\u00fc\u00fcgiks on inimese valmistatud t\u00e4naval vaikne, mis sisaldab insenerlikke aineid, mis on du\u0161\u0161itud maitsed. Vedel k2 paberil. Ostu K2 Spray ja vedeliku suitsutus veebis. Osta kvaliteetset K2 tsingi paberit ja saada see oma koduuksele. Olete \u00f5iges poes, et meisterdada K2 kohalikke suitsutusvedelikke ja E-Liquids pritsmeid veebis. Me m\u00fc\u00fcme domineerib K2 vedelik kohalik vihane k\u00f5ige v\u00e4hendatud kulud, et t\u00e4ita kuni vajaduste k\u00f5ik kliendid USAs ja kogu maailmas. Teine t\u00e4helepanuv\u00e4\u00e4rne kasutamine on teha K2 du\u0161\u0161, nii et see \u00fcldiselt rakendatakse paikselt. See on t\u00f5eliselt oluline. Toodetud kannabinoidid, sarnaselt tuntud tavaliselt nime all \"Flavor\" v\u00f5i \"K2\", avati esimest korda USAs 2000ndatel aastatel. Autentne k\u00f5rge K2 v\u00fcrtsipaber. Meil on parim K2 segupaber, mida saab osta veebis. Hankige see kohe. Mis on disainitud marihuaana (toodetud kannabinoidid, K2 v\u00f5i Spice)? Meil on parim kohalik suitsupaber veebis.<\/p>\n<p>&nbsp;<\/p>\n<pre><strong>Osta K2 suitsupulber - Bizarro taimne suitsupulber, vedel k2, vedel k2 vanglates, k2 vedelik, k2 vedel suitsupulber, k2, osta k2 Spice spray, s\u00fcnteetiline umbrohi, s\u00fcnteetiline marihuaana, k2 narkootikum, osta k2 vedel Spice, k2 vedel tilk, kuidas panna vedel k2 paberile, kust saab osta k2 e-vedelik, bizarro suitsupulber, k2 spray, k2 vedel spray, osta Bizarro Liquid K2 Spray Online, Bizarro vedelik K2 spray, k2 rohi, bizarro, bizarro vedelik suitsu, k2 spray paberile, k2 spray m\u00fc\u00fcgiks, K2 spray kemikaal, Diablo, s\u00fcnteetiline rohi, k2 rohi, k2 spray, k2, diablo k2, diablo k2 m\u00fc\u00fcgiks, , diablo vedelik suitsu, diablo taimne suitsu, diablo taimne suitsu m\u00fc\u00fcgiks, k2 spray paberile,osta, osta,turvaline,online,<\/strong><\/pre>","protected":false},"excerpt":{"rendered":"<p><strong>l\u00f5hnatu ja v\u00e4rvitu<\/strong>\u00a0K2 spray m\u00fc\u00fcgil.\u00a0<em><strong>\u00dche terve A4 paberilehe pihustamiseks on vaja 25 ml.\u00a0\u00a0<\/strong><\/em>Meil on ka<strong>\u00a0K2 paber<\/strong>\u00a0m\u00fc\u00fcgiks.<\/p>","protected":false},"featured_media":9213,"comment_status":"open","ping_status":"closed","template":"","meta":{"_bst_post_transparent":"","_bst_post_title":"","_bst_post_layout":"","_bst_post_sidebar_id":"","_bst_post_content_style":"","_bst_post_vertical_padding":"","_bst_post_feature":"","_bst_post_feature_position":"","_bst_post_header":false,"_bst_post_footer":false},"product_brand":[],"product_cat":[82],"product_tag":[],"product_brands":[],"class_list":{"0":"post-9208","1":"product","2":"type-product","3":"status-publish","4":"has-post-thumbnail","6":"product_cat-k2-paper-and-spray","8":"first","9":"instock","10":"shipping-taxable","11":"purchasable","12":"product-type-variable","13":"entry","14":"content-bg","15":"loop-entry"},"tiered_pricing_type":"fixed","tiered_pricing_fixed_rules":[],"tiered_pricing_percentage_rules":[],"tiered_pricing_minimum":1,"_administrator_tiered_pricing_type":"fixed","_administrator_tiered_pricing_fixed_rules":[],"_editor_tiered_pricing_type":"fixed","_editor_tiered_pricing_fixed_rules":[],"_author_tiered_pricing_type":"fixed","_author_tiered_pricing_fixed_rules":[],"_contributor_tiered_pricing_type":"fixed","_contributor_tiered_pricing_fixed_rules":[],"_subscriber_tiered_pricing_type":"fixed","_subscriber_tiered_pricing_fixed_rules":[],"_customer_tiered_pricing_type":"fixed","_customer_tiered_pricing_fixed_rules":[],"_shop_manager_tiered_pricing_type":"fixed","_shop_manager_tiered_pricing_fixed_rules":[],"_wpseo_manager_tiered_pricing_type":"fixed","_wpseo_manager_tiered_pricing_fixed_rules":[],"_wpseo_editor_tiered_pricing_type":"fixed","_wpseo_editor_tiered_pricing_fixed_rules":[],"yoast_head":"<!-- This site is optimized with the Yoast SEO plugin v27.2 - https:\/\/yoast.com\/product\/yoast-seo-wordpress\/ -->\n<title>Buy K2 Incense Spray Online (SPICE) - Cheap price, top quality<\/title>\n<meta name=\"description\" content=\"Buy K2 Incense Spray Online at an affordable price at stonersmeds. All products are lab qualified and have premium quality.\" \/>\n<meta name=\"robots\" content=\"index, follow, max-snippet:-1, max-image-preview:large, max-video-preview:-1\" \/>\n<link rel=\"canonical\" href=\"https:\/\/stonersmeds.com\/et\/shop\/buy-k2-incense-spray-online-spice\/\" \/>\n<meta property=\"og:locale\" content=\"et_EE\" \/>\n<meta property=\"og:type\" content=\"article\" \/>\n<meta property=\"og:title\" content=\"Buy K2 Incense Spray Online (SPICE) - Cheap price, top quality\" \/>\n<meta property=\"og:description\" content=\"Buy K2 Incense Spray Online at an affordable price at stonersmeds. All products are lab qualified and have premium quality.\" \/>\n<meta property=\"og:url\" content=\"https:\/\/stonersmeds.com\/et\/shop\/buy-k2-incense-spray-online-spice\/\" \/>\n<meta property=\"og:site_name\" content=\"stonersmeds.com\" \/>\n<meta property=\"article:modified_time\" content=\"2026-02-24T19:20:05+00:00\" \/>\n<meta property=\"og:image\" content=\"https:\/\/stonersmeds.com\/wp-content\/uploads\/2022\/03\/sp.jpg\" \/>\n\t<meta property=\"og:image:width\" content=\"600\" \/>\n\t<meta property=\"og:image:height\" content=\"600\" \/>\n\t<meta property=\"og:image:type\" content=\"image\/jpeg\" \/>\n<meta name=\"twitter:card\" content=\"summary_large_image\" \/>\n<meta name=\"twitter:label1\" content=\"Availability\" \/>\n\t<meta name=\"twitter:data1\" content=\"In stock\" \/>\n<script type=\"application\/ld+json\" class=\"yoast-schema-graph\">{\"@context\":\"https:\/\/schema.org\",\"@graph\":[{\"@type\":\"WebPage\",\"@id\":\"https:\/\/stonersmeds.com\/shop\/buy-k2-incense-spray-online-spice\/\",\"url\":\"https:\/\/stonersmeds.com\/shop\/buy-k2-incense-spray-online-spice\/\",\"name\":\"Buy K2 Incense Spray Online (SPICE) - Cheap price, top quality\",\"isPartOf\":{\"@id\":\"https:\/\/stonersmeds.com\/#website\"},\"primaryImageOfPage\":{\"@id\":\"https:\/\/stonersmeds.com\/shop\/buy-k2-incense-spray-online-spice\/#primaryimage\"},\"image\":{\"@id\":\"https:\/\/stonersmeds.com\/shop\/buy-k2-incense-spray-online-spice\/#primaryimage\"},\"thumbnailUrl\":\"https:\/\/stonersmeds.com\/wp-content\/uploads\/2022\/03\/sp.jpg\",\"datePublished\":\"2022-03-11T14:37:25+00:00\",\"dateModified\":\"2026-02-24T19:20:05+00:00\",\"description\":\"Buy K2 Incense Spray Online at an affordable price at stonersmeds. All products are lab qualified and have premium quality.\",\"breadcrumb\":{\"@id\":\"https:\/\/stonersmeds.com\/shop\/buy-k2-incense-spray-online-spice\/#breadcrumb\"},\"inLanguage\":\"et\",\"potentialAction\":[{\"@type\":\"ReadAction\",\"target\":[\"https:\/\/stonersmeds.com\/shop\/buy-k2-incense-spray-online-spice\/\"]}]},{\"@type\":\"ImageObject\",\"inLanguage\":\"et\",\"@id\":\"https:\/\/stonersmeds.com\/shop\/buy-k2-incense-spray-online-spice\/#primaryimage\",\"url\":\"https:\/\/stonersmeds.com\/wp-content\/uploads\/2022\/03\/sp.jpg\",\"contentUrl\":\"https:\/\/stonersmeds.com\/wp-content\/uploads\/2022\/03\/sp.jpg\",\"width\":600,\"height\":600},{\"@type\":\"BreadcrumbList\",\"@id\":\"https:\/\/stonersmeds.com\/shop\/buy-k2-incense-spray-online-spice\/#breadcrumb\",\"itemListElement\":[{\"@type\":\"ListItem\",\"position\":1,\"name\":\"Home\",\"item\":\"https:\/\/stonersmeds.com\/\"},{\"@type\":\"ListItem\",\"position\":2,\"name\":\"Shop\",\"item\":\"https:\/\/stonersmeds.com\/shop\/\"},{\"@type\":\"ListItem\",\"position\":3,\"name\":\"Buy K2 Incense Spray Online (SPICE)\"}]},{\"@type\":\"WebSite\",\"@id\":\"https:\/\/stonersmeds.com\/#website\",\"url\":\"https:\/\/stonersmeds.com\/\",\"name\":\"stonersmeds.com\",\"description\":\"verschreibungspflichtige Medizin kaufen\",\"publisher\":{\"@id\":\"https:\/\/stonersmeds.com\/#organization\"},\"alternateName\":\"Research chemical shop\",\"potentialAction\":[{\"@type\":\"SearchAction\",\"target\":{\"@type\":\"EntryPoint\",\"urlTemplate\":\"https:\/\/stonersmeds.com\/?s={search_term_string}\"},\"query-input\":{\"@type\":\"PropertyValueSpecification\",\"valueRequired\":true,\"valueName\":\"search_term_string\"}}],\"inLanguage\":\"et\"},{\"@type\":\"Organization\",\"@id\":\"https:\/\/stonersmeds.com\/#organization\",\"name\":\"Stonersmeds Shop\",\"url\":\"https:\/\/stonersmeds.com\/\",\"logo\":{\"@type\":\"ImageObject\",\"inLanguage\":\"et\",\"@id\":\"https:\/\/stonersmeds.com\/#\/schema\/logo\/image\/\",\"url\":\"https:\/\/stonersmeds.com\/wp-content\/uploads\/2026\/02\/high-purity-DMT-powder.jpg\",\"contentUrl\":\"https:\/\/stonersmeds.com\/wp-content\/uploads\/2026\/02\/high-purity-DMT-powder.jpg\",\"width\":500,\"height\":500,\"caption\":\"Stonersmeds Shop\"},\"image\":{\"@id\":\"https:\/\/stonersmeds.com\/#\/schema\/logo\/image\/\"}}]}<\/script>\n<meta property=\"og:availability\" content=\"instock\" \/>\n<meta property=\"product:availability\" content=\"instock\" \/>\n<meta property=\"product:condition\" content=\"new\" \/>\n<!-- \/ Yoast SEO plugin. -->","yoast_head_json":{"title":"Osta K2 Incense Spray Online (SPICE) - Odav hind, tippkvaliteetne","description":"Osta K2 suitsupihustit online taskukohase hinnaga stonersmeds'is. K\u00f5ik tooted on laboratooriumis kvalifitseeritud ja k\u00f5rgekvaliteedilised.","robots":{"index":"index","follow":"follow","max-snippet":"max-snippet:-1","max-image-preview":"max-image-preview:large","max-video-preview":"max-video-preview:-1"},"canonical":"https:\/\/stonersmeds.com\/et\/shop\/buy-k2-incense-spray-online-spice\/","og_locale":"et_EE","og_type":"article","og_title":"Buy K2 Incense Spray Online (SPICE) - Cheap price, top quality","og_description":"Buy K2 Incense Spray Online at an affordable price at stonersmeds. All products are lab qualified and have premium quality.","og_url":"https:\/\/stonersmeds.com\/et\/shop\/buy-k2-incense-spray-online-spice\/","og_site_name":"stonersmeds.com","article_modified_time":"2026-02-24T19:20:05+00:00","og_image":[{"width":600,"height":600,"url":"https:\/\/stonersmeds.com\/wp-content\/uploads\/2022\/03\/sp.jpg","type":"image\/jpeg"}],"twitter_card":"summary_large_image","twitter_misc":{"Availability":"In stock"},"schema":{"@context":"https:\/\/schema.org","@graph":[{"@type":"WebPage","@id":"https:\/\/stonersmeds.com\/shop\/buy-k2-incense-spray-online-spice\/","url":"https:\/\/stonersmeds.com\/shop\/buy-k2-incense-spray-online-spice\/","name":"Osta K2 Incense Spray Online (SPICE) - Odav hind, tippkvaliteetne","isPartOf":{"@id":"https:\/\/stonersmeds.com\/#website"},"primaryImageOfPage":{"@id":"https:\/\/stonersmeds.com\/shop\/buy-k2-incense-spray-online-spice\/#primaryimage"},"image":{"@id":"https:\/\/stonersmeds.com\/shop\/buy-k2-incense-spray-online-spice\/#primaryimage"},"thumbnailUrl":"https:\/\/stonersmeds.com\/wp-content\/uploads\/2022\/03\/sp.jpg","datePublished":"2022-03-11T14:37:25+00:00","dateModified":"2026-02-24T19:20:05+00:00","description":"Osta K2 suitsupihustit online taskukohase hinnaga stonersmeds'is. K\u00f5ik tooted on laboratooriumis kvalifitseeritud ja k\u00f5rgekvaliteedilised.","breadcrumb":{"@id":"https:\/\/stonersmeds.com\/shop\/buy-k2-incense-spray-online-spice\/#breadcrumb"},"inLanguage":"et","potentialAction":[{"@type":"ReadAction","target":["https:\/\/stonersmeds.com\/shop\/buy-k2-incense-spray-online-spice\/"]}]},{"@type":"ImageObject","inLanguage":"et","@id":"https:\/\/stonersmeds.com\/shop\/buy-k2-incense-spray-online-spice\/#primaryimage","url":"https:\/\/stonersmeds.com\/wp-content\/uploads\/2022\/03\/sp.jpg","contentUrl":"https:\/\/stonersmeds.com\/wp-content\/uploads\/2022\/03\/sp.jpg","width":600,"height":600},{"@type":"BreadcrumbList","@id":"https:\/\/stonersmeds.com\/shop\/buy-k2-incense-spray-online-spice\/#breadcrumb","itemListElement":[{"@type":"ListItem","position":1,"name":"Home","item":"https:\/\/stonersmeds.com\/"},{"@type":"ListItem","position":2,"name":"Shop","item":"https:\/\/stonersmeds.com\/shop\/"},{"@type":"ListItem","position":3,"name":"Buy K2 Incense Spray Online (SPICE)"}]},{"@type":"WebSite","@id":"https:\/\/stonersmeds.com\/#website","url":"https:\/\/stonersmeds.com\/","name":"stonersmeds.com","description":"verschreibungspflichtige Medizin kaufen","publisher":{"@id":"https:\/\/stonersmeds.com\/#organization"},"alternateName":"Research chemical shop","potentialAction":[{"@type":"SearchAction","target":{"@type":"EntryPoint","urlTemplate":"https:\/\/stonersmeds.com\/?s={search_term_string}"},"query-input":{"@type":"PropertyValueSpecification","valueRequired":true,"valueName":"search_term_string"}}],"inLanguage":"et"},{"@type":"Organization","@id":"https:\/\/stonersmeds.com\/#organization","name":"Stonersmeds Shop","url":"https:\/\/stonersmeds.com\/","logo":{"@type":"ImageObject","inLanguage":"et","@id":"https:\/\/stonersmeds.com\/#\/schema\/logo\/image\/","url":"https:\/\/stonersmeds.com\/wp-content\/uploads\/2026\/02\/high-purity-DMT-powder.jpg","contentUrl":"https:\/\/stonersmeds.com\/wp-content\/uploads\/2026\/02\/high-purity-DMT-powder.jpg","width":500,"height":500,"caption":"Stonersmeds Shop"},"image":{"@id":"https:\/\/stonersmeds.com\/#\/schema\/logo\/image\/"}}]},"og_availability":"instock","product_availability":"instock","product_condition":"new"},"_links":{"self":[{"href":"https:\/\/stonersmeds.com\/et\/wp-json\/wp\/v2\/product\/9208","targetHints":{"allow":["GET"]}}],"collection":[{"href":"https:\/\/stonersmeds.com\/et\/wp-json\/wp\/v2\/product"}],"about":[{"href":"https:\/\/stonersmeds.com\/et\/wp-json\/wp\/v2\/types\/product"}],"replies":[{"embeddable":true,"href":"https:\/\/stonersmeds.com\/et\/wp-json\/wp\/v2\/comments?post=9208"}],"version-history":[{"count":0,"href":"https:\/\/stonersmeds.com\/et\/wp-json\/wp\/v2\/product\/9208\/revisions"}],"wp:featuredmedia":[{"embeddable":true,"href":"https:\/\/stonersmeds.com\/et\/wp-json\/wp\/v2\/media\/9213"}],"wp:attachment":[{"href":"https:\/\/stonersmeds.com\/et\/wp-json\/wp\/v2\/media?parent=9208"}],"wp:term":[{"taxonomy":"product_brand","embeddable":true,"href":"https:\/\/stonersmeds.com\/et\/wp-json\/wp\/v2\/product_brand?post=9208"},{"taxonomy":"product_cat","embeddable":true,"href":"https:\/\/stonersmeds.com\/et\/wp-json\/wp\/v2\/product_cat?post=9208"},{"taxonomy":"product_tag","embeddable":true,"href":"https:\/\/stonersmeds.com\/et\/wp-json\/wp\/v2\/product_tag?post=9208"},{"taxonomy":"product_brands","embeddable":true,"href":"https:\/\/stonersmeds.com\/et\/wp-json\/wp\/v2\/product_brands?post=9208"}],"curies":[{"name":"wp","href":"https:\/\/api.w.org\/{rel}","templated":true}]}}