{"id":9817,"date":"2022-03-12T02:36:43","date_gmt":"2022-03-12T02:36:43","guid":{"rendered":"https:\/\/stonersmeds.com\/?post_type=product&#038;p=9817"},"modified":"2026-02-25T06:40:39","modified_gmt":"2026-02-25T04:40:39","slug":"buy-dormicum-7-5mg-pills-online","status":"publish","type":"product","link":"https:\/\/stonersmeds.com\/et\/shop\/buy-dormicum-7-5mg-pills-online\/","title":{"rendered":"Ostke Internetist Dormicum 7,5 mg pillid"},"content":{"rendered":"<h1>Ostke Internetist Dormicum 7,5 mg pillid.<\/h1>\n<p>Dormicum 7,5 mg saate veebist osta siit, meil on parima kvaliteediga Dormicum 7,5 mg pillid. See toode on ametlikult tuntud kui Dormicum 7,5 mg. Need pillid tarnitakse teile tarneaadressi edastamiseks EMS-i v\u00f5i USPS-i teenuse kaudu. K\u00f5ik Dormicumi 7,5 mg pakendid on pakendatud meie ekspertide poolt ning pakend on diskreetne ja ohutu. Nii et saate Dormicum 7,5 mg veebist k\u00f5hklemata osta, meie eksperdid hoolitsevad selle eest.<\/p>\n<p>&nbsp;<\/p>\n<p>&nbsp;<\/p>\n<pre><strong>Dormicum 7,5 mg pillide ostmine veebis - Dormicum 7,5 mg pillide ostmine, Dormicum 7,5 mg pillide ostmine, Dormicum 7,5 mg pillide ostmine Internetis, kust osta Dormicum 7,5 mg pillid, Dormicum 7,5 mg pillid m\u00fc\u00fcgil, Dormicum 7,5 mg pillid m\u00fc\u00fcgil, Dormicum 7,5 mg pillide ostmine veebis, kust osta Osta Dormicum 7,5 mg pillid Internetist, Dormicum 7,5 mg pillid m\u00fc\u00fcgil USA-s, USA-s, Kanadas, \u00dchendkuningriigis, ostmine, v\u00f5rgus, tarnijad, ohutu kohaletoimetamine, Dormicum 7,5 mg pillid on endiselt saadaval, Kas Dormicum 7,5 mg pillid on USA-s legaalsed, osta Dormicum 7.5mg pillid Internetis USA-s, kuidas tellida Dormicum 7.5mg pillid , Kas Dormicum 7.5mg pillid on Kanadas legaalsed<\/strong><\/pre>","protected":false},"excerpt":{"rendered":"<p>Kaubam\u00e4rk: Dormicum<\/p>\n<p>\u00dcldnimetus: Midasolaam<\/p>\n<p>Tugevus: 7,5 mg<\/p>\n<p>Toote vorm: tabletid\/pillid<\/p>\n<p>Pakendi \u00fcksikasjad: villid<\/p>\n<p>Tootja: Roche<\/p>\n<p>toote hind on: pilli kohta<br \/>\n<strong>Minimaalne tellitav kogus on: 50 pilli<\/strong><\/p>\n<pre><strong>Dormicum 7,5 mg pillide ostmine veebis - Dormicum 7,5 mg pillide ostmine, Dormicum 7,5 mg pillide ostmine, Dormicum 7,5 mg pillide ostmine Internetis, kust osta Dormicum 7,5 mg pillid, Dormicum 7,5 mg pillid m\u00fc\u00fcgil, Dormicum 7,5 mg pillid m\u00fc\u00fcgil, Dormicum 7,5 mg pillide ostmine veebis, kust osta Osta Dormicum 7,5 mg pillid Internetist, Dormicum 7,5 mg pillid m\u00fc\u00fcgil USA-s, USA-s, Kanadas, \u00dchendkuningriigis, ostmine, v\u00f5rgus, tarnijad, ohutu kohaletoimetamine, Dormicum 7,5 mg pillid on endiselt saadaval, Kas Dormicum 7,5 mg pillid on USA-s legaalsed, osta Dormicum 7.5mg pillid Internetis USA-s, kuidas tellida Dormicum 7.5mg pillid , Kas Dormicum 7.5mg pillid on Kanadas legaalsed<\/strong><\/pre>","protected":false},"featured_media":9826,"comment_status":"open","ping_status":"closed","template":"","meta":{"_bst_post_transparent":"","_bst_post_title":"","_bst_post_layout":"","_bst_post_sidebar_id":"","_bst_post_content_style":"","_bst_post_vertical_padding":"","_bst_post_feature":"","_bst_post_feature_position":"","_bst_post_header":false,"_bst_post_footer":false},"product_brand":[],"product_cat":[769,77],"product_tag":[1251,732,737,742,1253,733,1252,727,730,725,726,728,735,739,729,736,731,743,744,741,734,738,740],"product_brands":[],"class_list":{"0":"post-9817","1":"product","2":"type-product","3":"status-publish","4":"has-post-thumbnail","6":"product_cat-pain-pills","7":"product_cat-pain-sleeping-sex-pills","8":"product_tag-buy-dormicum","9":"product_tag-buy-dormicum-7-5mg-pills","10":"product_tag-buy-dormicum-7-5mg-pills-online","11":"product_tag-buy-dormicum-7-5mg-pills-online-usa","12":"product_tag-buy-dormicum-malaysia","13":"product_tag-buy-dormicum-pills-online","14":"product_tag-buy-midazolam","15":"product_tag-dormicum-15mg","16":"product_tag-dormicum-7-5-mg-side-effects","17":"product_tag-dormicum-7-5mg-price","18":"product_tag-dormicum-7-5mg-tablet","19":"product_tag-dormicum-7-5mg-uses","20":"product_tag-dormicum-7-5mg-pills-for-sale","21":"product_tag-dormicum-7-5mg-pills-for-sale-in-usa","22":"product_tag-dormicum-dosage-tablet","23":"product_tag-dormicum-pills-for-sale","24":"product_tag-dormicum-tablet","25":"product_tag-how-to-order-dormicum-7-5mg-pills","26":"product_tag-is-dormicum-7-5mg-pills-legal-in-canada","27":"product_tag-is-dormicum-7-5mg-pills-legal-in-usa","28":"product_tag-where-to-buy-dormicum-7-5mg-pills","29":"product_tag-where-to-buy-dormicum-7-5mg-pills-online","30":"product_tag-you-can-still-get-dormicum-7-5mg-pills","32":"first","33":"instock","34":"shipping-taxable","35":"purchasable","36":"product-type-variable","37":"entry","38":"content-bg","39":"loop-entry"},"tiered_pricing_type":"fixed","tiered_pricing_fixed_rules":[],"tiered_pricing_percentage_rules":[],"tiered_pricing_minimum":1,"_administrator_tiered_pricing_type":"fixed","_administrator_tiered_pricing_fixed_rules":[],"_editor_tiered_pricing_type":"fixed","_editor_tiered_pricing_fixed_rules":[],"_author_tiered_pricing_type":"fixed","_author_tiered_pricing_fixed_rules":[],"_contributor_tiered_pricing_type":"fixed","_contributor_tiered_pricing_fixed_rules":[],"_subscriber_tiered_pricing_type":"fixed","_subscriber_tiered_pricing_fixed_rules":[],"_customer_tiered_pricing_type":"fixed","_customer_tiered_pricing_fixed_rules":[],"_shop_manager_tiered_pricing_type":"fixed","_shop_manager_tiered_pricing_fixed_rules":[],"_wpseo_manager_tiered_pricing_type":"fixed","_wpseo_manager_tiered_pricing_fixed_rules":[],"_wpseo_editor_tiered_pricing_type":"fixed","_wpseo_editor_tiered_pricing_fixed_rules":[],"yoast_head":"<!-- This site is optimized with the Yoast SEO plugin v27.2 - https:\/\/yoast.com\/product\/yoast-seo-wordpress\/ -->\n<title>Buy Dormicum 7.5mg pills online - Fast and safe delivery worldwide<\/title>\n<meta name=\"description\" content=\"Buy Dormicum 7.5mg, Order safely &amp; maintain your privacy No prescription necessary Discreet standard shipping at Low prices.\" \/>\n<meta name=\"robots\" content=\"index, follow, max-snippet:-1, max-image-preview:large, max-video-preview:-1\" \/>\n<link rel=\"canonical\" href=\"https:\/\/stonersmeds.com\/et\/shop\/buy-dormicum-7-5mg-pills-online\/\" \/>\n<meta property=\"og:locale\" content=\"et_EE\" \/>\n<meta property=\"og:type\" content=\"article\" \/>\n<meta property=\"og:title\" content=\"Buy Dormicum 7.5mg pills online - Fast and safe delivery worldwide\" \/>\n<meta property=\"og:description\" content=\"Buy Dormicum 7.5mg, Order safely &amp; maintain your privacy No prescription necessary Discreet standard shipping at Low prices.\" \/>\n<meta property=\"og:url\" content=\"https:\/\/stonersmeds.com\/et\/shop\/buy-dormicum-7-5mg-pills-online\/\" \/>\n<meta property=\"og:site_name\" content=\"stonersmeds.com\" \/>\n<meta property=\"article:modified_time\" content=\"2026-02-25T04:40:39+00:00\" \/>\n<meta property=\"og:image\" content=\"https:\/\/stonersmeds.com\/wp-content\/uploads\/2022\/03\/buy-dormicum-7-5mg-pills-online.jpg\" \/>\n\t<meta property=\"og:image:width\" content=\"600\" \/>\n\t<meta property=\"og:image:height\" content=\"600\" \/>\n\t<meta property=\"og:image:type\" content=\"image\/jpeg\" \/>\n<meta name=\"twitter:card\" content=\"summary_large_image\" \/>\n<meta name=\"twitter:label1\" content=\"Availability\" \/>\n\t<meta name=\"twitter:data1\" content=\"In stock\" \/>\n<script type=\"application\/ld+json\" class=\"yoast-schema-graph\">{\"@context\":\"https:\/\/schema.org\",\"@graph\":[{\"@type\":\"WebPage\",\"@id\":\"https:\/\/stonersmeds.com\/sk\/shop\/buy-dormicum-7-5mg-pills-online\/\",\"url\":\"https:\/\/stonersmeds.com\/sk\/shop\/buy-dormicum-7-5mg-pills-online\/\",\"name\":\"Buy Dormicum 7.5mg pills online - Fast and safe delivery worldwide\",\"isPartOf\":{\"@id\":\"https:\/\/stonersmeds.com\/#website\"},\"primaryImageOfPage\":{\"@id\":\"https:\/\/stonersmeds.com\/sk\/shop\/buy-dormicum-7-5mg-pills-online\/#primaryimage\"},\"image\":{\"@id\":\"https:\/\/stonersmeds.com\/sk\/shop\/buy-dormicum-7-5mg-pills-online\/#primaryimage\"},\"thumbnailUrl\":\"https:\/\/stonersmeds.com\/wp-content\/uploads\/2022\/03\/buy-dormicum-7-5mg-pills-online.jpg\",\"datePublished\":\"2022-03-12T02:36:43+00:00\",\"dateModified\":\"2026-02-25T04:40:39+00:00\",\"description\":\"Buy Dormicum 7.5mg, Order safely & maintain your privacy No prescription necessary Discreet standard shipping at Low prices.\",\"breadcrumb\":{\"@id\":\"https:\/\/stonersmeds.com\/sk\/shop\/buy-dormicum-7-5mg-pills-online\/#breadcrumb\"},\"inLanguage\":\"et\",\"potentialAction\":[{\"@type\":\"ReadAction\",\"target\":[\"https:\/\/stonersmeds.com\/sk\/shop\/buy-dormicum-7-5mg-pills-online\/\"]}]},{\"@type\":\"ImageObject\",\"inLanguage\":\"et\",\"@id\":\"https:\/\/stonersmeds.com\/sk\/shop\/buy-dormicum-7-5mg-pills-online\/#primaryimage\",\"url\":\"https:\/\/stonersmeds.com\/wp-content\/uploads\/2022\/03\/buy-dormicum-7-5mg-pills-online.jpg\",\"contentUrl\":\"https:\/\/stonersmeds.com\/wp-content\/uploads\/2022\/03\/buy-dormicum-7-5mg-pills-online.jpg\",\"width\":600,\"height\":600},{\"@type\":\"BreadcrumbList\",\"@id\":\"https:\/\/stonersmeds.com\/sk\/shop\/buy-dormicum-7-5mg-pills-online\/#breadcrumb\",\"itemListElement\":[{\"@type\":\"ListItem\",\"position\":1,\"name\":\"Home\",\"item\":\"https:\/\/stonersmeds.com\/\"},{\"@type\":\"ListItem\",\"position\":2,\"name\":\"Shop\",\"item\":\"https:\/\/stonersmeds.com\/shop\/\"},{\"@type\":\"ListItem\",\"position\":3,\"name\":\"Buy Dormicum 7.5mg pills online\"}]},{\"@type\":\"WebSite\",\"@id\":\"https:\/\/stonersmeds.com\/#website\",\"url\":\"https:\/\/stonersmeds.com\/\",\"name\":\"stonersmeds.com\",\"description\":\"verschreibungspflichtige Medizin kaufen\",\"publisher\":{\"@id\":\"https:\/\/stonersmeds.com\/#organization\"},\"alternateName\":\"Research chemical shop\",\"potentialAction\":[{\"@type\":\"SearchAction\",\"target\":{\"@type\":\"EntryPoint\",\"urlTemplate\":\"https:\/\/stonersmeds.com\/?s={search_term_string}\"},\"query-input\":{\"@type\":\"PropertyValueSpecification\",\"valueRequired\":true,\"valueName\":\"search_term_string\"}}],\"inLanguage\":\"et\"},{\"@type\":\"Organization\",\"@id\":\"https:\/\/stonersmeds.com\/#organization\",\"name\":\"Stonersmeds Shop\",\"url\":\"https:\/\/stonersmeds.com\/\",\"logo\":{\"@type\":\"ImageObject\",\"inLanguage\":\"et\",\"@id\":\"https:\/\/stonersmeds.com\/#\/schema\/logo\/image\/\",\"url\":\"https:\/\/stonersmeds.com\/wp-content\/uploads\/2026\/02\/high-purity-DMT-powder.jpg\",\"contentUrl\":\"https:\/\/stonersmeds.com\/wp-content\/uploads\/2026\/02\/high-purity-DMT-powder.jpg\",\"width\":500,\"height\":500,\"caption\":\"Stonersmeds Shop\"},\"image\":{\"@id\":\"https:\/\/stonersmeds.com\/#\/schema\/logo\/image\/\"}}]}<\/script>\n<meta property=\"og:availability\" content=\"instock\" \/>\n<meta property=\"product:availability\" content=\"instock\" \/>\n<meta property=\"product:condition\" content=\"new\" \/>\n<!-- \/ Yoast SEO plugin. -->","yoast_head_json":{"title":"Ostke Dormicum 7,5 mg pillid veebist \u2013 kiire ja turvaline kohaletoimetamine \u00fcle maailma","description":"Ostke Dormicum 7,5 mg, tellige turvaliselt ja s\u00e4ilitage oma privaatsus Retsepti pole vaja Diskreetne standardne kohaletoimetamine madalate hindadega.","robots":{"index":"index","follow":"follow","max-snippet":"max-snippet:-1","max-image-preview":"max-image-preview:large","max-video-preview":"max-video-preview:-1"},"canonical":"https:\/\/stonersmeds.com\/et\/shop\/buy-dormicum-7-5mg-pills-online\/","og_locale":"et_EE","og_type":"article","og_title":"Buy Dormicum 7.5mg pills online - Fast and safe delivery worldwide","og_description":"Buy Dormicum 7.5mg, Order safely & maintain your privacy No prescription necessary Discreet standard shipping at Low prices.","og_url":"https:\/\/stonersmeds.com\/et\/shop\/buy-dormicum-7-5mg-pills-online\/","og_site_name":"stonersmeds.com","article_modified_time":"2026-02-25T04:40:39+00:00","og_image":[{"width":600,"height":600,"url":"https:\/\/stonersmeds.com\/wp-content\/uploads\/2022\/03\/buy-dormicum-7-5mg-pills-online.jpg","type":"image\/jpeg"}],"twitter_card":"summary_large_image","twitter_misc":{"Availability":"In stock"},"schema":{"@context":"https:\/\/schema.org","@graph":[{"@type":"WebPage","@id":"https:\/\/stonersmeds.com\/sk\/shop\/buy-dormicum-7-5mg-pills-online\/","url":"https:\/\/stonersmeds.com\/sk\/shop\/buy-dormicum-7-5mg-pills-online\/","name":"Ostke Dormicum 7,5 mg pillid veebist \u2013 kiire ja turvaline kohaletoimetamine \u00fcle maailma","isPartOf":{"@id":"https:\/\/stonersmeds.com\/#website"},"primaryImageOfPage":{"@id":"https:\/\/stonersmeds.com\/sk\/shop\/buy-dormicum-7-5mg-pills-online\/#primaryimage"},"image":{"@id":"https:\/\/stonersmeds.com\/sk\/shop\/buy-dormicum-7-5mg-pills-online\/#primaryimage"},"thumbnailUrl":"https:\/\/stonersmeds.com\/wp-content\/uploads\/2022\/03\/buy-dormicum-7-5mg-pills-online.jpg","datePublished":"2022-03-12T02:36:43+00:00","dateModified":"2026-02-25T04:40:39+00:00","description":"Ostke Dormicum 7,5 mg, tellige turvaliselt ja s\u00e4ilitage oma privaatsus Retsepti pole vaja Diskreetne standardne kohaletoimetamine madalate hindadega.","breadcrumb":{"@id":"https:\/\/stonersmeds.com\/sk\/shop\/buy-dormicum-7-5mg-pills-online\/#breadcrumb"},"inLanguage":"et","potentialAction":[{"@type":"ReadAction","target":["https:\/\/stonersmeds.com\/sk\/shop\/buy-dormicum-7-5mg-pills-online\/"]}]},{"@type":"ImageObject","inLanguage":"et","@id":"https:\/\/stonersmeds.com\/sk\/shop\/buy-dormicum-7-5mg-pills-online\/#primaryimage","url":"https:\/\/stonersmeds.com\/wp-content\/uploads\/2022\/03\/buy-dormicum-7-5mg-pills-online.jpg","contentUrl":"https:\/\/stonersmeds.com\/wp-content\/uploads\/2022\/03\/buy-dormicum-7-5mg-pills-online.jpg","width":600,"height":600},{"@type":"BreadcrumbList","@id":"https:\/\/stonersmeds.com\/sk\/shop\/buy-dormicum-7-5mg-pills-online\/#breadcrumb","itemListElement":[{"@type":"ListItem","position":1,"name":"Home","item":"https:\/\/stonersmeds.com\/"},{"@type":"ListItem","position":2,"name":"Shop","item":"https:\/\/stonersmeds.com\/shop\/"},{"@type":"ListItem","position":3,"name":"Buy Dormicum 7.5mg pills online"}]},{"@type":"WebSite","@id":"https:\/\/stonersmeds.com\/#website","url":"https:\/\/stonersmeds.com\/","name":"stonersmeds.com","description":"verschreibungspflichtige Medizin kaufen","publisher":{"@id":"https:\/\/stonersmeds.com\/#organization"},"alternateName":"Research chemical shop","potentialAction":[{"@type":"SearchAction","target":{"@type":"EntryPoint","urlTemplate":"https:\/\/stonersmeds.com\/?s={search_term_string}"},"query-input":{"@type":"PropertyValueSpecification","valueRequired":true,"valueName":"search_term_string"}}],"inLanguage":"et"},{"@type":"Organization","@id":"https:\/\/stonersmeds.com\/#organization","name":"Stonersmeds Shop","url":"https:\/\/stonersmeds.com\/","logo":{"@type":"ImageObject","inLanguage":"et","@id":"https:\/\/stonersmeds.com\/#\/schema\/logo\/image\/","url":"https:\/\/stonersmeds.com\/wp-content\/uploads\/2026\/02\/high-purity-DMT-powder.jpg","contentUrl":"https:\/\/stonersmeds.com\/wp-content\/uploads\/2026\/02\/high-purity-DMT-powder.jpg","width":500,"height":500,"caption":"Stonersmeds Shop"},"image":{"@id":"https:\/\/stonersmeds.com\/#\/schema\/logo\/image\/"}}]},"og_availability":"instock","product_availability":"instock","product_condition":"new"},"_links":{"self":[{"href":"https:\/\/stonersmeds.com\/et\/wp-json\/wp\/v2\/product\/9817","targetHints":{"allow":["GET"]}}],"collection":[{"href":"https:\/\/stonersmeds.com\/et\/wp-json\/wp\/v2\/product"}],"about":[{"href":"https:\/\/stonersmeds.com\/et\/wp-json\/wp\/v2\/types\/product"}],"replies":[{"embeddable":true,"href":"https:\/\/stonersmeds.com\/et\/wp-json\/wp\/v2\/comments?post=9817"}],"version-history":[{"count":0,"href":"https:\/\/stonersmeds.com\/et\/wp-json\/wp\/v2\/product\/9817\/revisions"}],"wp:featuredmedia":[{"embeddable":true,"href":"https:\/\/stonersmeds.com\/et\/wp-json\/wp\/v2\/media\/9826"}],"wp:attachment":[{"href":"https:\/\/stonersmeds.com\/et\/wp-json\/wp\/v2\/media?parent=9817"}],"wp:term":[{"taxonomy":"product_brand","embeddable":true,"href":"https:\/\/stonersmeds.com\/et\/wp-json\/wp\/v2\/product_brand?post=9817"},{"taxonomy":"product_cat","embeddable":true,"href":"https:\/\/stonersmeds.com\/et\/wp-json\/wp\/v2\/product_cat?post=9817"},{"taxonomy":"product_tag","embeddable":true,"href":"https:\/\/stonersmeds.com\/et\/wp-json\/wp\/v2\/product_tag?post=9817"},{"taxonomy":"product_brands","embeddable":true,"href":"https:\/\/stonersmeds.com\/et\/wp-json\/wp\/v2\/product_brands?post=9817"}],"curies":[{"name":"wp","href":"https:\/\/api.w.org\/{rel}","templated":true}]}}