{"id":9839,"date":"2022-03-12T02:45:28","date_gmt":"2022-03-12T02:45:28","guid":{"rendered":"https:\/\/stonersmeds.com\/?post_type=product&#038;p=9839"},"modified":"2026-03-01T12:30:04","modified_gmt":"2026-03-01T10:30:04","slug":"buy-fentanyl-transdermal-system-patch","status":"publish","type":"product","link":"https:\/\/stonersmeds.com\/et\/shop\/buy-fentanyl-transdermal-system-patch\/","title":{"rendered":"Ostke fentan\u00fc\u00fcli transdermaalse s\u00fcsteemi plaaster"},"content":{"rendered":"<p>Mis on fentan\u00fc\u00fclplaaster?<br \/>\nFentan\u00fc\u00fcl kuulub narkootikumide r\u00fchma, mida nimetatakse opioidideks. Fentan\u00fc\u00fcli kasutatakse tugeva p\u00fcsiva, kroonilise (pikaajalise) valu raviks patsientidel, kes vajavad pidevat valuvaigistamist ja kes kasutavad teisi opioide (narkootikume).<\/p>\n<p>Kuidas osta fentan\u00fc\u00fcli plaastreid internetis?<br \/>\nFentan\u00fc\u00fclplaastrit saate osta veebis PocketPills'ist, kui teil on juba kehtiv retsept arstilt. V\u00f5ite alustada oma retsepti \u00fcleslaadimisest, tellimuse t\u00e4itmisest, mis tahes ravimite \u00fclekandmisest meie apteeki v\u00f5i r\u00e4\u00e4kida \u00fche meie Kanada arstiga, et saada online retsept. N\u00fc\u00fcdsest alates!<\/p>\n<p>&nbsp;<\/p>\n<p>&nbsp;<\/p>\n<pre><strong>Osta fentan\u00fc\u00fcli transdermaalse s\u00fcsteemi plaaster online - osta fentan\u00fc\u00fcli , osta fentan\u00fc\u00fcli transdermaalne , osta fentan\u00fc\u00fcli online, kust osta fentan\u00fc\u00fcli transdermaalse s\u00fcsteemi plaaster , fentan\u00fc\u00fcli transdermaalse s\u00fcsteemi plaaster m\u00fc\u00fcgiks, fentan\u00fc\u00fcli transdermaalne plaaster m\u00fc\u00fcgiks, osta fentan\u00fc\u00fcli transdermaalne online, kust osta fentan\u00fc\u00fcli transdermaalse s\u00fcsteemi plaaster online, fentanyl Transdermal System Patch for sale in usa , USA, canada,uk, buy, online, suppliers, safe delivery, You can still get fentanyl Transdermal System Patch , Is fentanyl Transdermal System Patch legal in usa, buy fentanyl Transdermal System Patch online usa, how to order fentanyl Transdermal System Patch , Is fentanyl Transdermal System Patch legally in Canada<\/strong><\/pre>","protected":false},"excerpt":{"rendered":"<p>Kas ma saan sama p\u00e4eva tarne?<br \/>\nJah! Teatud piirkondades saadame kauba samal p\u00e4eval. Me saadame j\u00e4rgmisel t\u00f6\u00f6p\u00e4eval ja v\u00f5ime saata ka \u00f5htul.<\/p>\n<pre><strong>Osta fentan\u00fc\u00fcli transdermaalse s\u00fcsteemi plaaster online - osta fentan\u00fc\u00fcli , osta fentan\u00fc\u00fcli transdermaalne , osta fentan\u00fc\u00fcli online, kust osta fentan\u00fc\u00fcli transdermaalse s\u00fcsteemi plaaster , fentan\u00fc\u00fcli transdermaalse s\u00fcsteemi plaaster m\u00fc\u00fcgiks, fentan\u00fc\u00fcli transdermaalne plaaster m\u00fc\u00fcgiks, osta fentan\u00fc\u00fcli transdermaalne online, kust osta fentan\u00fc\u00fcli transdermaalse s\u00fcsteemi plaaster online, fentanyl Transdermal System Patch for sale in usa , USA, canada,uk, buy, online, suppliers, safe delivery, You can still get fentanyl Transdermal System Patch , Is fentanyl Transdermal System Patch legal in usa, buy fentanyl Transdermal System Patch online usa, how to order fentanyl Transdermal System Patch , Is fentanyl Transdermal System Patch legally in Canada<\/strong><\/pre>","protected":false},"featured_media":9845,"comment_status":"open","ping_status":"closed","template":"","meta":{"_bst_post_transparent":"","_bst_post_title":"","_bst_post_layout":"","_bst_post_sidebar_id":"","_bst_post_content_style":"","_bst_post_vertical_padding":"","_bst_post_feature":"","_bst_post_feature_position":"","_bst_post_header":false,"_bst_post_footer":false},"product_brand":[],"product_cat":[769,77,771],"product_tag":[713,1250],"product_brands":[],"class_list":{"0":"post-9839","1":"product","2":"type-product","3":"status-publish","4":"has-post-thumbnail","6":"product_cat-pain-pills","7":"product_cat-pain-sleeping-sex-pills","8":"product_cat-sex-pills","9":"product_tag-buy-fentanyl-tablets","10":"product_tag-buy-fentanyl-transdermal","12":"first","13":"instock","14":"shipping-taxable","15":"purchasable","16":"product-type-variable","17":"entry","18":"content-bg","19":"loop-entry"},"tiered_pricing_type":"fixed","tiered_pricing_fixed_rules":[],"tiered_pricing_percentage_rules":[],"tiered_pricing_minimum":1,"_administrator_tiered_pricing_type":"fixed","_administrator_tiered_pricing_fixed_rules":[],"_editor_tiered_pricing_type":"fixed","_editor_tiered_pricing_fixed_rules":[],"_author_tiered_pricing_type":"fixed","_author_tiered_pricing_fixed_rules":[],"_contributor_tiered_pricing_type":"fixed","_contributor_tiered_pricing_fixed_rules":[],"_subscriber_tiered_pricing_type":"fixed","_subscriber_tiered_pricing_fixed_rules":[],"_customer_tiered_pricing_type":"fixed","_customer_tiered_pricing_fixed_rules":[],"_shop_manager_tiered_pricing_type":"fixed","_shop_manager_tiered_pricing_fixed_rules":[],"_wpseo_manager_tiered_pricing_type":"fixed","_wpseo_manager_tiered_pricing_fixed_rules":[],"_wpseo_editor_tiered_pricing_type":"fixed","_wpseo_editor_tiered_pricing_fixed_rules":[],"yoast_head":"<!-- This site is optimized with the Yoast SEO plugin v27.2 - https:\/\/yoast.com\/product\/yoast-seo-wordpress\/ -->\n<title>Buy fentanyl Transdermal System Patch - Fast and safe delivery<\/title>\n<meta name=\"description\" content=\"Buy fentanyl Transdermal, Order safely &amp; maintain your privacy No prescription necessary Discreet standard shipping at Low prices\" \/>\n<meta name=\"robots\" content=\"index, follow, max-snippet:-1, max-image-preview:large, max-video-preview:-1\" \/>\n<link rel=\"canonical\" href=\"https:\/\/stonersmeds.com\/et\/shop\/buy-fentanyl-transdermal-system-patch\/\" \/>\n<meta property=\"og:locale\" content=\"et_EE\" \/>\n<meta property=\"og:type\" content=\"article\" \/>\n<meta property=\"og:title\" content=\"Buy fentanyl Transdermal System Patch - Fast and safe delivery\" \/>\n<meta property=\"og:description\" content=\"Buy fentanyl Transdermal, Order safely &amp; maintain your privacy No prescription necessary Discreet standard shipping at Low prices\" \/>\n<meta property=\"og:url\" content=\"https:\/\/stonersmeds.com\/et\/shop\/buy-fentanyl-transdermal-system-patch\/\" \/>\n<meta property=\"og:site_name\" content=\"stonersmeds.com\" \/>\n<meta property=\"article:modified_time\" content=\"2026-03-01T10:30:04+00:00\" \/>\n<meta property=\"og:image\" content=\"https:\/\/stonersmeds.com\/wp-content\/uploads\/2022\/03\/buy-fentanyl-transdermal-system-patch.jpg\" \/>\n\t<meta property=\"og:image:width\" content=\"600\" \/>\n\t<meta property=\"og:image:height\" content=\"600\" \/>\n\t<meta property=\"og:image:type\" content=\"image\/jpeg\" \/>\n<meta name=\"twitter:card\" content=\"summary_large_image\" \/>\n<meta name=\"twitter:label1\" content=\"Availability\" \/>\n\t<meta name=\"twitter:data1\" content=\"In stock\" \/>\n<script type=\"application\/ld+json\" class=\"yoast-schema-graph\">{\"@context\":\"https:\/\/schema.org\",\"@graph\":[{\"@type\":\"WebPage\",\"@id\":\"https:\/\/stonersmeds.com\/it\/shop\/buy-fentanyl-transdermal-system-patch\/\",\"url\":\"https:\/\/stonersmeds.com\/it\/shop\/buy-fentanyl-transdermal-system-patch\/\",\"name\":\"Buy fentanyl Transdermal System Patch - Fast and safe delivery\",\"isPartOf\":{\"@id\":\"https:\/\/stonersmeds.com\/#website\"},\"primaryImageOfPage\":{\"@id\":\"https:\/\/stonersmeds.com\/it\/shop\/buy-fentanyl-transdermal-system-patch\/#primaryimage\"},\"image\":{\"@id\":\"https:\/\/stonersmeds.com\/it\/shop\/buy-fentanyl-transdermal-system-patch\/#primaryimage\"},\"thumbnailUrl\":\"https:\/\/stonersmeds.com\/wp-content\/uploads\/2022\/03\/buy-fentanyl-transdermal-system-patch.jpg\",\"datePublished\":\"2022-03-12T02:45:28+00:00\",\"dateModified\":\"2026-03-01T10:30:04+00:00\",\"description\":\"Buy fentanyl Transdermal, Order safely & maintain your privacy No prescription necessary Discreet standard shipping at Low prices\",\"breadcrumb\":{\"@id\":\"https:\/\/stonersmeds.com\/it\/shop\/buy-fentanyl-transdermal-system-patch\/#breadcrumb\"},\"inLanguage\":\"et\",\"potentialAction\":[{\"@type\":\"ReadAction\",\"target\":[\"https:\/\/stonersmeds.com\/it\/shop\/buy-fentanyl-transdermal-system-patch\/\"]}]},{\"@type\":\"ImageObject\",\"inLanguage\":\"et\",\"@id\":\"https:\/\/stonersmeds.com\/it\/shop\/buy-fentanyl-transdermal-system-patch\/#primaryimage\",\"url\":\"https:\/\/stonersmeds.com\/wp-content\/uploads\/2022\/03\/buy-fentanyl-transdermal-system-patch.jpg\",\"contentUrl\":\"https:\/\/stonersmeds.com\/wp-content\/uploads\/2022\/03\/buy-fentanyl-transdermal-system-patch.jpg\",\"width\":600,\"height\":600},{\"@type\":\"BreadcrumbList\",\"@id\":\"https:\/\/stonersmeds.com\/it\/shop\/buy-fentanyl-transdermal-system-patch\/#breadcrumb\",\"itemListElement\":[{\"@type\":\"ListItem\",\"position\":1,\"name\":\"Home\",\"item\":\"https:\/\/stonersmeds.com\/\"},{\"@type\":\"ListItem\",\"position\":2,\"name\":\"Shop\",\"item\":\"https:\/\/stonersmeds.com\/shop\/\"},{\"@type\":\"ListItem\",\"position\":3,\"name\":\"Buy fentanyl Transdermal System Patch\"}]},{\"@type\":\"WebSite\",\"@id\":\"https:\/\/stonersmeds.com\/#website\",\"url\":\"https:\/\/stonersmeds.com\/\",\"name\":\"stonersmeds.com\",\"description\":\"verschreibungspflichtige Medizin kaufen\",\"publisher\":{\"@id\":\"https:\/\/stonersmeds.com\/#organization\"},\"alternateName\":\"Research chemical shop\",\"potentialAction\":[{\"@type\":\"SearchAction\",\"target\":{\"@type\":\"EntryPoint\",\"urlTemplate\":\"https:\/\/stonersmeds.com\/?s={search_term_string}\"},\"query-input\":{\"@type\":\"PropertyValueSpecification\",\"valueRequired\":true,\"valueName\":\"search_term_string\"}}],\"inLanguage\":\"et\"},{\"@type\":\"Organization\",\"@id\":\"https:\/\/stonersmeds.com\/#organization\",\"name\":\"Stonersmeds Shop\",\"url\":\"https:\/\/stonersmeds.com\/\",\"logo\":{\"@type\":\"ImageObject\",\"inLanguage\":\"et\",\"@id\":\"https:\/\/stonersmeds.com\/#\/schema\/logo\/image\/\",\"url\":\"https:\/\/stonersmeds.com\/wp-content\/uploads\/2026\/02\/high-purity-DMT-powder.jpg\",\"contentUrl\":\"https:\/\/stonersmeds.com\/wp-content\/uploads\/2026\/02\/high-purity-DMT-powder.jpg\",\"width\":500,\"height\":500,\"caption\":\"Stonersmeds Shop\"},\"image\":{\"@id\":\"https:\/\/stonersmeds.com\/#\/schema\/logo\/image\/\"}}]}<\/script>\n<meta property=\"og:availability\" content=\"instock\" \/>\n<meta property=\"product:availability\" content=\"instock\" \/>\n<meta property=\"product:condition\" content=\"new\" \/>\n<!-- \/ Yoast SEO plugin. -->","yoast_head_json":{"title":"Osta fentan\u00fc\u00fcli transdermaalse s\u00fcsteemi plaaster - kiire ja turvaline tarne","description":"Osta fentan\u00fc\u00fcli transdermaalne, tellige ohutult ja s\u00e4ilitage oma privaatsus Ei retsepti vaja Diskreetne standard shipping at Low prices","robots":{"index":"index","follow":"follow","max-snippet":"max-snippet:-1","max-image-preview":"max-image-preview:large","max-video-preview":"max-video-preview:-1"},"canonical":"https:\/\/stonersmeds.com\/et\/shop\/buy-fentanyl-transdermal-system-patch\/","og_locale":"et_EE","og_type":"article","og_title":"Buy fentanyl Transdermal System Patch - Fast and safe delivery","og_description":"Buy fentanyl Transdermal, Order safely & maintain your privacy No prescription necessary Discreet standard shipping at Low prices","og_url":"https:\/\/stonersmeds.com\/et\/shop\/buy-fentanyl-transdermal-system-patch\/","og_site_name":"stonersmeds.com","article_modified_time":"2026-03-01T10:30:04+00:00","og_image":[{"width":600,"height":600,"url":"https:\/\/stonersmeds.com\/wp-content\/uploads\/2022\/03\/buy-fentanyl-transdermal-system-patch.jpg","type":"image\/jpeg"}],"twitter_card":"summary_large_image","twitter_misc":{"Availability":"In stock"},"schema":{"@context":"https:\/\/schema.org","@graph":[{"@type":"WebPage","@id":"https:\/\/stonersmeds.com\/it\/shop\/buy-fentanyl-transdermal-system-patch\/","url":"https:\/\/stonersmeds.com\/it\/shop\/buy-fentanyl-transdermal-system-patch\/","name":"Osta fentan\u00fc\u00fcli transdermaalse s\u00fcsteemi plaaster - kiire ja turvaline tarne","isPartOf":{"@id":"https:\/\/stonersmeds.com\/#website"},"primaryImageOfPage":{"@id":"https:\/\/stonersmeds.com\/it\/shop\/buy-fentanyl-transdermal-system-patch\/#primaryimage"},"image":{"@id":"https:\/\/stonersmeds.com\/it\/shop\/buy-fentanyl-transdermal-system-patch\/#primaryimage"},"thumbnailUrl":"https:\/\/stonersmeds.com\/wp-content\/uploads\/2022\/03\/buy-fentanyl-transdermal-system-patch.jpg","datePublished":"2022-03-12T02:45:28+00:00","dateModified":"2026-03-01T10:30:04+00:00","description":"Osta fentan\u00fc\u00fcli transdermaalne, tellige ohutult ja s\u00e4ilitage oma privaatsus Ei retsepti vaja Diskreetne standard shipping at Low prices","breadcrumb":{"@id":"https:\/\/stonersmeds.com\/it\/shop\/buy-fentanyl-transdermal-system-patch\/#breadcrumb"},"inLanguage":"et","potentialAction":[{"@type":"ReadAction","target":["https:\/\/stonersmeds.com\/it\/shop\/buy-fentanyl-transdermal-system-patch\/"]}]},{"@type":"ImageObject","inLanguage":"et","@id":"https:\/\/stonersmeds.com\/it\/shop\/buy-fentanyl-transdermal-system-patch\/#primaryimage","url":"https:\/\/stonersmeds.com\/wp-content\/uploads\/2022\/03\/buy-fentanyl-transdermal-system-patch.jpg","contentUrl":"https:\/\/stonersmeds.com\/wp-content\/uploads\/2022\/03\/buy-fentanyl-transdermal-system-patch.jpg","width":600,"height":600},{"@type":"BreadcrumbList","@id":"https:\/\/stonersmeds.com\/it\/shop\/buy-fentanyl-transdermal-system-patch\/#breadcrumb","itemListElement":[{"@type":"ListItem","position":1,"name":"Home","item":"https:\/\/stonersmeds.com\/"},{"@type":"ListItem","position":2,"name":"Shop","item":"https:\/\/stonersmeds.com\/shop\/"},{"@type":"ListItem","position":3,"name":"Buy fentanyl Transdermal System Patch"}]},{"@type":"WebSite","@id":"https:\/\/stonersmeds.com\/#website","url":"https:\/\/stonersmeds.com\/","name":"stonersmeds.com","description":"verschreibungspflichtige Medizin kaufen","publisher":{"@id":"https:\/\/stonersmeds.com\/#organization"},"alternateName":"Research chemical shop","potentialAction":[{"@type":"SearchAction","target":{"@type":"EntryPoint","urlTemplate":"https:\/\/stonersmeds.com\/?s={search_term_string}"},"query-input":{"@type":"PropertyValueSpecification","valueRequired":true,"valueName":"search_term_string"}}],"inLanguage":"et"},{"@type":"Organization","@id":"https:\/\/stonersmeds.com\/#organization","name":"Stonersmeds Shop","url":"https:\/\/stonersmeds.com\/","logo":{"@type":"ImageObject","inLanguage":"et","@id":"https:\/\/stonersmeds.com\/#\/schema\/logo\/image\/","url":"https:\/\/stonersmeds.com\/wp-content\/uploads\/2026\/02\/high-purity-DMT-powder.jpg","contentUrl":"https:\/\/stonersmeds.com\/wp-content\/uploads\/2026\/02\/high-purity-DMT-powder.jpg","width":500,"height":500,"caption":"Stonersmeds Shop"},"image":{"@id":"https:\/\/stonersmeds.com\/#\/schema\/logo\/image\/"}}]},"og_availability":"instock","product_availability":"instock","product_condition":"new"},"_links":{"self":[{"href":"https:\/\/stonersmeds.com\/et\/wp-json\/wp\/v2\/product\/9839","targetHints":{"allow":["GET"]}}],"collection":[{"href":"https:\/\/stonersmeds.com\/et\/wp-json\/wp\/v2\/product"}],"about":[{"href":"https:\/\/stonersmeds.com\/et\/wp-json\/wp\/v2\/types\/product"}],"replies":[{"embeddable":true,"href":"https:\/\/stonersmeds.com\/et\/wp-json\/wp\/v2\/comments?post=9839"}],"version-history":[{"count":0,"href":"https:\/\/stonersmeds.com\/et\/wp-json\/wp\/v2\/product\/9839\/revisions"}],"wp:featuredmedia":[{"embeddable":true,"href":"https:\/\/stonersmeds.com\/et\/wp-json\/wp\/v2\/media\/9845"}],"wp:attachment":[{"href":"https:\/\/stonersmeds.com\/et\/wp-json\/wp\/v2\/media?parent=9839"}],"wp:term":[{"taxonomy":"product_brand","embeddable":true,"href":"https:\/\/stonersmeds.com\/et\/wp-json\/wp\/v2\/product_brand?post=9839"},{"taxonomy":"product_cat","embeddable":true,"href":"https:\/\/stonersmeds.com\/et\/wp-json\/wp\/v2\/product_cat?post=9839"},{"taxonomy":"product_tag","embeddable":true,"href":"https:\/\/stonersmeds.com\/et\/wp-json\/wp\/v2\/product_tag?post=9839"},{"taxonomy":"product_brands","embeddable":true,"href":"https:\/\/stonersmeds.com\/et\/wp-json\/wp\/v2\/product_brands?post=9839"}],"curies":[{"name":"wp","href":"https:\/\/api.w.org\/{rel}","templated":true}]}}