{"id":9893,"date":"2022-03-12T03:40:18","date_gmt":"2022-03-12T03:40:18","guid":{"rendered":"https:\/\/stonersmeds.com\/?post_type=product&#038;p=9893"},"modified":"2026-03-01T11:40:04","modified_gmt":"2026-03-01T09:40:04","slug":"buy-thc-live-diamonds-superior-extract-2","status":"publish","type":"product","link":"https:\/\/stonersmeds.com\/et\/shop\/buy-thc-live-diamonds-superior-extract-2\/","title":{"rendered":"Ostke THC Live Diamonds- Superior Extract"},"content":{"rendered":"<h1>Ostke THC Live Diamonds- Superior Extract<\/h1>\n<p>Osta THC Live Diamonds - kena ekstrakt. Sageli nimetatakse \"maailma tugevaimaks\" - Superior THC Live Diamonds on viimane ekstrakt, mis on saavutanud m\u00e4rkimisv\u00e4\u00e4rse populaarsuse kanepi kogukonnas, kuna see on tugevaim kontsentraat turul. See kristalliseerunud ekstrakt koosneb \u00fcle 99% puhtast THC-A-st - mis ei p\u00f5hjusta sissev\u00f5tmisel k\u00f5rgeid tasemeid, vaid n\u00f5uab dekarboks\u00fclaatorit (p\u00f5letamist), et muuta THC-A ps\u00fchhoaktiivseks THC-ks.<\/p>\n<p>Suurep\u00e4rane THC Live Diamonds on moodustatud elavast vaigust - mis aitab s\u00e4ilitada terpeene - v\u00f5imaldades erootilisemat kontsentraati!<br \/>\nElav vaik, mis on endiselt viskoosne, suletakse surveanumasse ja j\u00e4etakse toatemperatuurile. Aja jooksul hakkavad selles segus moodustuma THCA kristallid, mis langevad purgi p\u00f5hja. \u00dclej\u00e4\u00e4nud terpeenid, mis on elavas vaigus, t\u00f5usevad ja moodustavad peal viskoosse kihi. Tulemus: kontsentraat, mis on valmistatud 97-99% THC-st, millele on lisatud t\u00fcvespetsiifiliste terpeenide maitset ja tervendavat kasu.<\/p>\n<pre><strong>Ostke THC Live Diamonds - Superior Extract - ostke teemante, ostke THC live teemante, ostke THC Live teemante v\u00f5rgus, kust saab osta THC live teemante, m\u00fc\u00fca THC live teemante, m\u00fc\u00fca THC teemante, osta veebis THC teemante, kust osta THC Live Teemandid Internetis, THC Live Diamonds m\u00fc\u00fck USA-s, USA, Kanada, \u00dchendkuningriik, ostmine, v\u00f5rgus, tarnijad, ohutu kohaletoimetamine, THC Live Diamonds on endiselt saadaval, Kas THC Live Diamonds on USA-s seaduslik, ostke THC Live Diamonds Internetist USA-s, kuidas tellida THC Live Diamonds , kas THC Live Diamonds on Kanadas seaduslik<\/strong><\/pre>","protected":false},"excerpt":{"rendered":"<ul>\n<li>\u00dclemaailmne saatmine<\/li>\n<li><strong>Kontsentraat, mis koosneb 97-99% THC-st<\/strong><\/li>\n<li><strong>99% puhas THC-A<\/strong><\/li>\n<li><strong>V\u00f5ta meiega \u00fchendust<\/strong>\u00a0suuremate tellimuste jaoks<\/li>\n<\/ul>\n<pre><strong>Ostke THC Live Diamonds - Superior Extract - ostke teemante, ostke THC live teemante, ostke THC Live teemante v\u00f5rgus, kust saab osta THC live teemante, m\u00fc\u00fca THC live teemante, m\u00fc\u00fca THC teemante, osta veebis THC teemante, kust osta THC Live Teemandid Internetis, THC Live Diamonds m\u00fc\u00fck USA-s, USA, Kanada, \u00dchendkuningriik, ostmine, v\u00f5rgus, tarnijad, ohutu kohaletoimetamine, THC Live Diamonds on endiselt saadaval, Kas THC Live Diamonds on USA-s seaduslik, ostke THC Live Diamonds Internetist USA-s, kuidas tellida THC Live Diamonds , kas THC Live Diamonds on Kanadas seaduslik<\/strong><\/pre>","protected":false},"featured_media":9949,"comment_status":"open","ping_status":"closed","template":"","meta":{"_bst_post_transparent":"","_bst_post_title":"","_bst_post_layout":"","_bst_post_sidebar_id":"","_bst_post_content_style":"","_bst_post_vertical_padding":"","_bst_post_feature":"","_bst_post_feature_position":"","_bst_post_header":false,"_bst_post_footer":false},"product_brand":[],"product_cat":[78],"product_tag":[],"product_brands":[],"class_list":{"0":"post-9893","1":"product","2":"type-product","3":"status-publish","4":"has-post-thumbnail","6":"product_cat-shatter","8":"first","9":"instock","10":"shipping-taxable","11":"purchasable","12":"product-type-variable","13":"entry","14":"content-bg","15":"loop-entry"},"tiered_pricing_type":"fixed","tiered_pricing_fixed_rules":[],"tiered_pricing_percentage_rules":[],"tiered_pricing_minimum":1,"_administrator_tiered_pricing_type":"fixed","_administrator_tiered_pricing_fixed_rules":[],"_editor_tiered_pricing_type":"fixed","_editor_tiered_pricing_fixed_rules":[],"_author_tiered_pricing_type":"fixed","_author_tiered_pricing_fixed_rules":[],"_contributor_tiered_pricing_type":"fixed","_contributor_tiered_pricing_fixed_rules":[],"_subscriber_tiered_pricing_type":"fixed","_subscriber_tiered_pricing_fixed_rules":[],"_customer_tiered_pricing_type":"fixed","_customer_tiered_pricing_fixed_rules":[],"_shop_manager_tiered_pricing_type":"fixed","_shop_manager_tiered_pricing_fixed_rules":[],"_wpseo_manager_tiered_pricing_type":"fixed","_wpseo_manager_tiered_pricing_fixed_rules":[],"_wpseo_editor_tiered_pricing_type":"fixed","_wpseo_editor_tiered_pricing_fixed_rules":[],"yoast_head":"<!-- This site is optimized with the Yoast SEO plugin v27.2 - https:\/\/yoast.com\/product\/yoast-seo-wordpress\/ -->\n<title>Buy THC Live Diamonds- Superior Extract - Cheap price, top quality<\/title>\n<meta name=\"description\" content=\"Buy THC Live Diamonds Online at an affordable price at stonersmeds. Our hash has high THC, best quality you will find\" \/>\n<meta name=\"robots\" content=\"index, follow, max-snippet:-1, max-image-preview:large, max-video-preview:-1\" \/>\n<link rel=\"canonical\" href=\"https:\/\/stonersmeds.com\/et\/shop\/buy-thc-live-diamonds-superior-extract-2\/\" \/>\n<meta property=\"og:locale\" content=\"et_EE\" \/>\n<meta property=\"og:type\" content=\"article\" \/>\n<meta property=\"og:title\" content=\"Buy THC Live Diamonds- Superior Extract - Cheap price, top quality\" \/>\n<meta property=\"og:description\" content=\"Buy THC Live Diamonds Online at an affordable price at stonersmeds. Our hash has high THC, best quality you will find\" \/>\n<meta property=\"og:url\" content=\"https:\/\/stonersmeds.com\/et\/shop\/buy-thc-live-diamonds-superior-extract-2\/\" \/>\n<meta property=\"og:site_name\" content=\"stonersmeds.com\" \/>\n<meta property=\"article:modified_time\" content=\"2026-03-01T09:40:04+00:00\" \/>\n<meta property=\"og:image\" content=\"https:\/\/stonersmeds.com\/wp-content\/uploads\/2022\/03\/Buy-THC-Live-Diamonds-Superior-Extract-1.jpg\" \/>\n\t<meta property=\"og:image:width\" content=\"600\" \/>\n\t<meta property=\"og:image:height\" content=\"600\" \/>\n\t<meta property=\"og:image:type\" content=\"image\/jpeg\" \/>\n<meta name=\"twitter:card\" content=\"summary_large_image\" \/>\n<meta name=\"twitter:label1\" content=\"Availability\" \/>\n\t<meta name=\"twitter:data1\" content=\"In stock\" \/>\n<script type=\"application\/ld+json\" class=\"yoast-schema-graph\">{\"@context\":\"https:\/\/schema.org\",\"@graph\":[{\"@type\":\"WebPage\",\"@id\":\"https:\/\/stonersmeds.com\/shop\/buy-thc-live-diamonds-superior-extract-2\/\",\"url\":\"https:\/\/stonersmeds.com\/shop\/buy-thc-live-diamonds-superior-extract-2\/\",\"name\":\"Buy THC Live Diamonds- Superior Extract - Cheap price, top quality\",\"isPartOf\":{\"@id\":\"https:\/\/stonersmeds.com\/#website\"},\"primaryImageOfPage\":{\"@id\":\"https:\/\/stonersmeds.com\/shop\/buy-thc-live-diamonds-superior-extract-2\/#primaryimage\"},\"image\":{\"@id\":\"https:\/\/stonersmeds.com\/shop\/buy-thc-live-diamonds-superior-extract-2\/#primaryimage\"},\"thumbnailUrl\":\"https:\/\/stonersmeds.com\/wp-content\/uploads\/2022\/03\/Buy-THC-Live-Diamonds-Superior-Extract-1.jpg\",\"datePublished\":\"2022-03-12T03:40:18+00:00\",\"dateModified\":\"2026-03-01T09:40:04+00:00\",\"description\":\"Buy THC Live Diamonds Online at an affordable price at stonersmeds. Our hash has high THC, best quality you will find\",\"breadcrumb\":{\"@id\":\"https:\/\/stonersmeds.com\/shop\/buy-thc-live-diamonds-superior-extract-2\/#breadcrumb\"},\"inLanguage\":\"et\",\"potentialAction\":[{\"@type\":\"ReadAction\",\"target\":[\"https:\/\/stonersmeds.com\/shop\/buy-thc-live-diamonds-superior-extract-2\/\"]}]},{\"@type\":\"ImageObject\",\"inLanguage\":\"et\",\"@id\":\"https:\/\/stonersmeds.com\/shop\/buy-thc-live-diamonds-superior-extract-2\/#primaryimage\",\"url\":\"https:\/\/stonersmeds.com\/wp-content\/uploads\/2022\/03\/Buy-THC-Live-Diamonds-Superior-Extract-1.jpg\",\"contentUrl\":\"https:\/\/stonersmeds.com\/wp-content\/uploads\/2022\/03\/Buy-THC-Live-Diamonds-Superior-Extract-1.jpg\",\"width\":600,\"height\":600},{\"@type\":\"BreadcrumbList\",\"@id\":\"https:\/\/stonersmeds.com\/shop\/buy-thc-live-diamonds-superior-extract-2\/#breadcrumb\",\"itemListElement\":[{\"@type\":\"ListItem\",\"position\":1,\"name\":\"Home\",\"item\":\"https:\/\/stonersmeds.com\/\"},{\"@type\":\"ListItem\",\"position\":2,\"name\":\"Shop\",\"item\":\"https:\/\/stonersmeds.com\/shop\/\"},{\"@type\":\"ListItem\",\"position\":3,\"name\":\"Buy THC Live Diamonds- Superior Extract\"}]},{\"@type\":\"WebSite\",\"@id\":\"https:\/\/stonersmeds.com\/#website\",\"url\":\"https:\/\/stonersmeds.com\/\",\"name\":\"stonersmeds.com\",\"description\":\"verschreibungspflichtige Medizin kaufen\",\"publisher\":{\"@id\":\"https:\/\/stonersmeds.com\/#organization\"},\"alternateName\":\"Research chemical shop\",\"potentialAction\":[{\"@type\":\"SearchAction\",\"target\":{\"@type\":\"EntryPoint\",\"urlTemplate\":\"https:\/\/stonersmeds.com\/?s={search_term_string}\"},\"query-input\":{\"@type\":\"PropertyValueSpecification\",\"valueRequired\":true,\"valueName\":\"search_term_string\"}}],\"inLanguage\":\"et\"},{\"@type\":\"Organization\",\"@id\":\"https:\/\/stonersmeds.com\/#organization\",\"name\":\"Stonersmeds Shop\",\"url\":\"https:\/\/stonersmeds.com\/\",\"logo\":{\"@type\":\"ImageObject\",\"inLanguage\":\"et\",\"@id\":\"https:\/\/stonersmeds.com\/#\/schema\/logo\/image\/\",\"url\":\"https:\/\/stonersmeds.com\/wp-content\/uploads\/2026\/02\/high-purity-DMT-powder.jpg\",\"contentUrl\":\"https:\/\/stonersmeds.com\/wp-content\/uploads\/2026\/02\/high-purity-DMT-powder.jpg\",\"width\":500,\"height\":500,\"caption\":\"Stonersmeds Shop\"},\"image\":{\"@id\":\"https:\/\/stonersmeds.com\/#\/schema\/logo\/image\/\"}}]}<\/script>\n<meta property=\"og:availability\" content=\"instock\" \/>\n<meta property=\"product:availability\" content=\"instock\" \/>\n<meta property=\"product:condition\" content=\"new\" \/>\n<!-- \/ Yoast SEO plugin. -->","yoast_head_json":{"title":"Ostke THC Live Diamonds- Superior Extract - odav hind, tippkvaliteet","description":"Ostke veebist THC Live Diamonds taskukohase hinnaga stonersmedsist. Meie r\u00e4sil on k\u00f5rge THC, parim kvaliteet, mille leiate","robots":{"index":"index","follow":"follow","max-snippet":"max-snippet:-1","max-image-preview":"max-image-preview:large","max-video-preview":"max-video-preview:-1"},"canonical":"https:\/\/stonersmeds.com\/et\/shop\/buy-thc-live-diamonds-superior-extract-2\/","og_locale":"et_EE","og_type":"article","og_title":"Buy THC Live Diamonds- Superior Extract - Cheap price, top quality","og_description":"Buy THC Live Diamonds Online at an affordable price at stonersmeds. Our hash has high THC, best quality you will find","og_url":"https:\/\/stonersmeds.com\/et\/shop\/buy-thc-live-diamonds-superior-extract-2\/","og_site_name":"stonersmeds.com","article_modified_time":"2026-03-01T09:40:04+00:00","og_image":[{"width":600,"height":600,"url":"https:\/\/stonersmeds.com\/wp-content\/uploads\/2022\/03\/Buy-THC-Live-Diamonds-Superior-Extract-1.jpg","type":"image\/jpeg"}],"twitter_card":"summary_large_image","twitter_misc":{"Availability":"In stock"},"schema":{"@context":"https:\/\/schema.org","@graph":[{"@type":"WebPage","@id":"https:\/\/stonersmeds.com\/shop\/buy-thc-live-diamonds-superior-extract-2\/","url":"https:\/\/stonersmeds.com\/shop\/buy-thc-live-diamonds-superior-extract-2\/","name":"Ostke THC Live Diamonds- Superior Extract - odav hind, tippkvaliteet","isPartOf":{"@id":"https:\/\/stonersmeds.com\/#website"},"primaryImageOfPage":{"@id":"https:\/\/stonersmeds.com\/shop\/buy-thc-live-diamonds-superior-extract-2\/#primaryimage"},"image":{"@id":"https:\/\/stonersmeds.com\/shop\/buy-thc-live-diamonds-superior-extract-2\/#primaryimage"},"thumbnailUrl":"https:\/\/stonersmeds.com\/wp-content\/uploads\/2022\/03\/Buy-THC-Live-Diamonds-Superior-Extract-1.jpg","datePublished":"2022-03-12T03:40:18+00:00","dateModified":"2026-03-01T09:40:04+00:00","description":"Ostke veebist THC Live Diamonds taskukohase hinnaga stonersmedsist. Meie r\u00e4sil on k\u00f5rge THC, parim kvaliteet, mille leiate","breadcrumb":{"@id":"https:\/\/stonersmeds.com\/shop\/buy-thc-live-diamonds-superior-extract-2\/#breadcrumb"},"inLanguage":"et","potentialAction":[{"@type":"ReadAction","target":["https:\/\/stonersmeds.com\/shop\/buy-thc-live-diamonds-superior-extract-2\/"]}]},{"@type":"ImageObject","inLanguage":"et","@id":"https:\/\/stonersmeds.com\/shop\/buy-thc-live-diamonds-superior-extract-2\/#primaryimage","url":"https:\/\/stonersmeds.com\/wp-content\/uploads\/2022\/03\/Buy-THC-Live-Diamonds-Superior-Extract-1.jpg","contentUrl":"https:\/\/stonersmeds.com\/wp-content\/uploads\/2022\/03\/Buy-THC-Live-Diamonds-Superior-Extract-1.jpg","width":600,"height":600},{"@type":"BreadcrumbList","@id":"https:\/\/stonersmeds.com\/shop\/buy-thc-live-diamonds-superior-extract-2\/#breadcrumb","itemListElement":[{"@type":"ListItem","position":1,"name":"Home","item":"https:\/\/stonersmeds.com\/"},{"@type":"ListItem","position":2,"name":"Shop","item":"https:\/\/stonersmeds.com\/shop\/"},{"@type":"ListItem","position":3,"name":"Buy THC Live Diamonds- Superior Extract"}]},{"@type":"WebSite","@id":"https:\/\/stonersmeds.com\/#website","url":"https:\/\/stonersmeds.com\/","name":"stonersmeds.com","description":"verschreibungspflichtige Medizin kaufen","publisher":{"@id":"https:\/\/stonersmeds.com\/#organization"},"alternateName":"Research chemical shop","potentialAction":[{"@type":"SearchAction","target":{"@type":"EntryPoint","urlTemplate":"https:\/\/stonersmeds.com\/?s={search_term_string}"},"query-input":{"@type":"PropertyValueSpecification","valueRequired":true,"valueName":"search_term_string"}}],"inLanguage":"et"},{"@type":"Organization","@id":"https:\/\/stonersmeds.com\/#organization","name":"Stonersmeds Shop","url":"https:\/\/stonersmeds.com\/","logo":{"@type":"ImageObject","inLanguage":"et","@id":"https:\/\/stonersmeds.com\/#\/schema\/logo\/image\/","url":"https:\/\/stonersmeds.com\/wp-content\/uploads\/2026\/02\/high-purity-DMT-powder.jpg","contentUrl":"https:\/\/stonersmeds.com\/wp-content\/uploads\/2026\/02\/high-purity-DMT-powder.jpg","width":500,"height":500,"caption":"Stonersmeds Shop"},"image":{"@id":"https:\/\/stonersmeds.com\/#\/schema\/logo\/image\/"}}]},"og_availability":"instock","product_availability":"instock","product_condition":"new"},"_links":{"self":[{"href":"https:\/\/stonersmeds.com\/et\/wp-json\/wp\/v2\/product\/9893","targetHints":{"allow":["GET"]}}],"collection":[{"href":"https:\/\/stonersmeds.com\/et\/wp-json\/wp\/v2\/product"}],"about":[{"href":"https:\/\/stonersmeds.com\/et\/wp-json\/wp\/v2\/types\/product"}],"replies":[{"embeddable":true,"href":"https:\/\/stonersmeds.com\/et\/wp-json\/wp\/v2\/comments?post=9893"}],"version-history":[{"count":0,"href":"https:\/\/stonersmeds.com\/et\/wp-json\/wp\/v2\/product\/9893\/revisions"}],"wp:featuredmedia":[{"embeddable":true,"href":"https:\/\/stonersmeds.com\/et\/wp-json\/wp\/v2\/media\/9949"}],"wp:attachment":[{"href":"https:\/\/stonersmeds.com\/et\/wp-json\/wp\/v2\/media?parent=9893"}],"wp:term":[{"taxonomy":"product_brand","embeddable":true,"href":"https:\/\/stonersmeds.com\/et\/wp-json\/wp\/v2\/product_brand?post=9893"},{"taxonomy":"product_cat","embeddable":true,"href":"https:\/\/stonersmeds.com\/et\/wp-json\/wp\/v2\/product_cat?post=9893"},{"taxonomy":"product_tag","embeddable":true,"href":"https:\/\/stonersmeds.com\/et\/wp-json\/wp\/v2\/product_tag?post=9893"},{"taxonomy":"product_brands","embeddable":true,"href":"https:\/\/stonersmeds.com\/et\/wp-json\/wp\/v2\/product_brands?post=9893"}],"curies":[{"name":"wp","href":"https:\/\/api.w.org\/{rel}","templated":true}]}}