{"id":9968,"date":"2022-03-12T03:49:50","date_gmt":"2022-03-12T03:49:50","guid":{"rendered":"https:\/\/stonersmeds.com\/?post_type=product&#038;p=9968"},"modified":"2026-02-24T10:20:34","modified_gmt":"2026-02-24T08:20:34","slug":"buy-onax-2mg-alprazolam-pills-online","status":"publish","type":"product","link":"https:\/\/stonersmeds.com\/et\/shop\/buy-onax-2mg-alprazolam-pills-online\/","title":{"rendered":"Ostke Onax 2mg Alprazolam pillid Internetist"},"content":{"rendered":"<h1>Osta Onax 20mg online Alprazolam pillid.<\/h1>\n<p>Alprasolaam on tugev ravim, mida tavaliselt m\u00fc\u00fcakse nime all Onax. Ps\u00fchhiaatrilised h\u00e4ired Onax 2 mg on tuntud ka kui anksiol\u00fc\u00fctiliste h\u00e4irete ravi, mille puhul inimesed kogevad tugevat \u00e4revust. V\u00f5ite osta Onax 2 mg online meilt ka t\u00e4ieliku kontrolli oma elu \u00fcle. Ps\u00fchhiaatrilised h\u00e4ired on tuntud ka kui paanikah\u00e4ired, kus inimesed kogevad paanikahooge. Need r\u00fcnnakud algavad \u00e4kilise hirmu ja hirmu tundega ilma p\u00f5hjuseta. Teadmata p\u00f5hjustel v\u00f5i m\u00f5ne muu seletuse t\u00f5ttu v\u00f5ime karta. Need inimesed tunnevad, et nad ei ole vastutavad oma tegurite v\u00f5i keskkonnategurite eest. Osta Onax 20mg online, nende n\u00e4idustuste hulka kuuluvad kiire s\u00fcdame l\u00f6\u00f6gisagedus, kipitustunne k\u00e4tes, k\u00fclma- v\u00f5i k\u00fclmatunne, higistamine, pearinglus, k\u00f5hu- v\u00f5i rinnavalu, hingamisraskused ja nii edasi. Kasutades ONAX p\u00e4\u00e4stab teid k\u00f5igist neist vaevustest.<\/p>\n<p>&nbsp;<\/p>\n<p>&nbsp;<\/p>\n<p>&nbsp;<\/p>\n<pre><strong>Alprazolam pillid online - osta Onax 2mg , osta Onax 2mg Alprazolam pillid , osta Alprazolam pillid online, kust osta Onax 2mg Alprazolam pillid , Onax 2mg Alprazolam pillid m\u00fc\u00fcgiks, Alprazolam pillid m\u00fc\u00fcgiks, osta Onax Alprazolam pillid online, kust osta Onax 2mg Alprazolam pillid online, Onax 2mg Alprazolam pills for sale in usa , USA, canada,uk, buy, online, suppliers, safe delivery, You can still get Onax 2mg Alprazolam pills , Is Onax 2mg Alprazolam pills legal in usa, buy Onax 2mg Alprazolam pills online usa, how to order Onax 2mg Alprazolam pills , Is Onax 2mg Alprazolam pills legal in Canada<\/strong><\/pre>","protected":false},"excerpt":{"rendered":"<p>Osta Onax 2mg Alprazolam pillid online. Alprasolaami kasutatakse raviks n\u00e4rvilisuse k\u00fcsimus, meelepaha k\u00fcsimus ja rahutus loodud viletsus.<\/p>\n<p>toote hind on: pilli kohta<br \/>\n<strong>Minimaalne tellitav kogus on: 50 pilli<\/strong><\/p>\n<pre><\/pre>","protected":false},"featured_media":9979,"comment_status":"open","ping_status":"closed","template":"","meta":{"_bst_post_transparent":"","_bst_post_title":"","_bst_post_layout":"","_bst_post_sidebar_id":"","_bst_post_content_style":"","_bst_post_vertical_padding":"","_bst_post_feature":"","_bst_post_feature_position":"","_bst_post_header":false,"_bst_post_footer":false},"product_brand":[],"product_cat":[769,77,771,770],"product_tag":[1120,1116,1130,1122,1129,1135,1127,1114,1117,1119,1121,1132,1136,1126,1115,1118,1125,1131,1124,1123,1128,1134,1133],"product_brands":[],"class_list":{"0":"post-9968","1":"product","2":"type-product","3":"status-publish","4":"has-post-thumbnail","6":"product_cat-pain-pills","7":"product_cat-pain-sleeping-sex-pills","8":"product_cat-sex-pills","9":"product_cat-sleeping-pills","10":"product_tag-2mg-alprazolam","11":"product_tag-2mg-alprazolam-bars","12":"product_tag-alprazolam-0-25-mg-and-alcohol","13":"product_tag-alprazolam-0-25-mg-for-sleep","14":"product_tag-alprazolam-0-25-mg-side-effects","15":"product_tag-alprazolam-0-5-mg-tab","16":"product_tag-alprazolam-2mg-bars-for-sale","17":"product_tag-alprazolam-2mg-for-sale","18":"product_tag-alprazolam-2mg-in-canada","19":"product_tag-alprazolam-2mg-white-bar","20":"product_tag-alprazolam-farmapram","21":"product_tag-alprazolam-for-sleep-dosage","22":"product_tag-alprazolam-medication-25mg","23":"product_tag-alprazolam-xanax-2-mg-tablet","24":"product_tag-farmapram-2mg-buy","25":"product_tag-farmapram-alprazolam-2mg","26":"product_tag-overnight-delivery-xanax-2mg","27":"product_tag-xanax-0-25-for-sleep","28":"product_tag-xanax-2mg-bars-overnight","29":"product_tag-xanax-2mg-bars-overnight-uk","30":"product_tag-xanax-alprazolam-2mg","31":"product_tag-xanax-at-bedtime","32":"product_tag-xanax-for-sleep-dosage","34":"first","35":"instock","36":"shipping-taxable","37":"purchasable","38":"product-type-variable","39":"entry","40":"content-bg","41":"loop-entry"},"tiered_pricing_type":"fixed","tiered_pricing_fixed_rules":[],"tiered_pricing_percentage_rules":[],"tiered_pricing_minimum":1,"_administrator_tiered_pricing_type":"fixed","_administrator_tiered_pricing_fixed_rules":[],"_editor_tiered_pricing_type":"fixed","_editor_tiered_pricing_fixed_rules":[],"_author_tiered_pricing_type":"fixed","_author_tiered_pricing_fixed_rules":[],"_contributor_tiered_pricing_type":"fixed","_contributor_tiered_pricing_fixed_rules":[],"_subscriber_tiered_pricing_type":"fixed","_subscriber_tiered_pricing_fixed_rules":[],"_customer_tiered_pricing_type":"fixed","_customer_tiered_pricing_fixed_rules":[],"_shop_manager_tiered_pricing_type":"fixed","_shop_manager_tiered_pricing_fixed_rules":[],"_wpseo_manager_tiered_pricing_type":"fixed","_wpseo_manager_tiered_pricing_fixed_rules":[],"_wpseo_editor_tiered_pricing_type":"fixed","_wpseo_editor_tiered_pricing_fixed_rules":[],"yoast_head":"<!-- This site is optimized with the Yoast SEO plugin v27.2 - https:\/\/yoast.com\/product\/yoast-seo-wordpress\/ -->\n<title>Buy Onax 20mg online, Onax 2mg White Bars<\/title>\n<meta name=\"description\" content=\"Are you looking for where to buy Onax 2mg online without prescription?,visit us today for the best prices.\" \/>\n<meta name=\"robots\" content=\"index, follow, max-snippet:-1, max-image-preview:large, max-video-preview:-1\" \/>\n<link rel=\"canonical\" href=\"https:\/\/stonersmeds.com\/et\/shop\/buy-onax-2mg-alprazolam-pills-online\/\" \/>\n<meta property=\"og:locale\" content=\"et_EE\" \/>\n<meta property=\"og:type\" content=\"article\" \/>\n<meta property=\"og:title\" content=\"Buy Onax 20mg online, Onax 2mg White Bars\" \/>\n<meta property=\"og:description\" content=\"Are you looking for where to buy Onax 2mg online without prescription?,visit us today for the best prices.\" \/>\n<meta property=\"og:url\" content=\"https:\/\/stonersmeds.com\/et\/shop\/buy-onax-2mg-alprazolam-pills-online\/\" \/>\n<meta property=\"og:site_name\" content=\"stonersmeds.com\" \/>\n<meta property=\"article:modified_time\" content=\"2026-02-24T08:20:34+00:00\" \/>\n<meta property=\"og:image\" content=\"https:\/\/stonersmeds.com\/wp-content\/uploads\/2022\/03\/buy-onax-2mg-alprazolam-pills-online.jpg\" \/>\n\t<meta property=\"og:image:width\" content=\"600\" \/>\n\t<meta property=\"og:image:height\" content=\"600\" \/>\n\t<meta property=\"og:image:type\" content=\"image\/jpeg\" \/>\n<meta name=\"twitter:card\" content=\"summary_large_image\" \/>\n<meta name=\"twitter:label1\" content=\"Availability\" \/>\n\t<meta name=\"twitter:data1\" content=\"In stock\" \/>\n<script type=\"application\/ld+json\" class=\"yoast-schema-graph\">{\"@context\":\"https:\/\/schema.org\",\"@graph\":[{\"@type\":\"WebPage\",\"@id\":\"https:\/\/stonersmeds.com\/shop\/buy-onax-2mg-alprazolam-pills-online\/\",\"url\":\"https:\/\/stonersmeds.com\/shop\/buy-onax-2mg-alprazolam-pills-online\/\",\"name\":\"Buy Onax 20mg online, Onax 2mg White Bars\",\"isPartOf\":{\"@id\":\"https:\/\/stonersmeds.com\/#website\"},\"primaryImageOfPage\":{\"@id\":\"https:\/\/stonersmeds.com\/shop\/buy-onax-2mg-alprazolam-pills-online\/#primaryimage\"},\"image\":{\"@id\":\"https:\/\/stonersmeds.com\/shop\/buy-onax-2mg-alprazolam-pills-online\/#primaryimage\"},\"thumbnailUrl\":\"https:\/\/stonersmeds.com\/wp-content\/uploads\/2022\/03\/buy-onax-2mg-alprazolam-pills-online.jpg\",\"datePublished\":\"2022-03-12T03:49:50+00:00\",\"dateModified\":\"2026-02-24T08:20:34+00:00\",\"description\":\"Are you looking for where to buy Onax 2mg online without prescription?,visit us today for the best prices.\",\"breadcrumb\":{\"@id\":\"https:\/\/stonersmeds.com\/shop\/buy-onax-2mg-alprazolam-pills-online\/#breadcrumb\"},\"inLanguage\":\"et\",\"potentialAction\":[{\"@type\":\"ReadAction\",\"target\":[\"https:\/\/stonersmeds.com\/shop\/buy-onax-2mg-alprazolam-pills-online\/\"]}]},{\"@type\":\"ImageObject\",\"inLanguage\":\"et\",\"@id\":\"https:\/\/stonersmeds.com\/shop\/buy-onax-2mg-alprazolam-pills-online\/#primaryimage\",\"url\":\"https:\/\/stonersmeds.com\/wp-content\/uploads\/2022\/03\/buy-onax-2mg-alprazolam-pills-online.jpg\",\"contentUrl\":\"https:\/\/stonersmeds.com\/wp-content\/uploads\/2022\/03\/buy-onax-2mg-alprazolam-pills-online.jpg\",\"width\":600,\"height\":600},{\"@type\":\"BreadcrumbList\",\"@id\":\"https:\/\/stonersmeds.com\/shop\/buy-onax-2mg-alprazolam-pills-online\/#breadcrumb\",\"itemListElement\":[{\"@type\":\"ListItem\",\"position\":1,\"name\":\"Home\",\"item\":\"https:\/\/stonersmeds.com\/\"},{\"@type\":\"ListItem\",\"position\":2,\"name\":\"Shop\",\"item\":\"https:\/\/stonersmeds.com\/shop\/\"},{\"@type\":\"ListItem\",\"position\":3,\"name\":\"Buy Onax 2mg Alprazolam pills online\"}]},{\"@type\":\"WebSite\",\"@id\":\"https:\/\/stonersmeds.com\/#website\",\"url\":\"https:\/\/stonersmeds.com\/\",\"name\":\"stonersmeds.com\",\"description\":\"verschreibungspflichtige Medizin kaufen\",\"publisher\":{\"@id\":\"https:\/\/stonersmeds.com\/#organization\"},\"alternateName\":\"Research chemical shop\",\"potentialAction\":[{\"@type\":\"SearchAction\",\"target\":{\"@type\":\"EntryPoint\",\"urlTemplate\":\"https:\/\/stonersmeds.com\/?s={search_term_string}\"},\"query-input\":{\"@type\":\"PropertyValueSpecification\",\"valueRequired\":true,\"valueName\":\"search_term_string\"}}],\"inLanguage\":\"et\"},{\"@type\":\"Organization\",\"@id\":\"https:\/\/stonersmeds.com\/#organization\",\"name\":\"Stonersmeds Shop\",\"url\":\"https:\/\/stonersmeds.com\/\",\"logo\":{\"@type\":\"ImageObject\",\"inLanguage\":\"et\",\"@id\":\"https:\/\/stonersmeds.com\/#\/schema\/logo\/image\/\",\"url\":\"https:\/\/stonersmeds.com\/wp-content\/uploads\/2026\/02\/high-purity-DMT-powder.jpg\",\"contentUrl\":\"https:\/\/stonersmeds.com\/wp-content\/uploads\/2026\/02\/high-purity-DMT-powder.jpg\",\"width\":500,\"height\":500,\"caption\":\"Stonersmeds Shop\"},\"image\":{\"@id\":\"https:\/\/stonersmeds.com\/#\/schema\/logo\/image\/\"}}]}<\/script>\n<meta property=\"og:availability\" content=\"instock\" \/>\n<meta property=\"product:availability\" content=\"instock\" \/>\n<meta property=\"product:condition\" content=\"new\" \/>\n<!-- \/ Yoast SEO plugin. -->","yoast_head_json":{"title":"Osta Onax 20mg online, Onax 2mg White Bars","description":"Kas otsite, kust osta Onax 2mg online ilma retseptita?,k\u00fclastage meid t\u00e4na, et saada parimaid hindu.","robots":{"index":"index","follow":"follow","max-snippet":"max-snippet:-1","max-image-preview":"max-image-preview:large","max-video-preview":"max-video-preview:-1"},"canonical":"https:\/\/stonersmeds.com\/et\/shop\/buy-onax-2mg-alprazolam-pills-online\/","og_locale":"et_EE","og_type":"article","og_title":"Buy Onax 20mg online, Onax 2mg White Bars","og_description":"Are you looking for where to buy Onax 2mg online without prescription?,visit us today for the best prices.","og_url":"https:\/\/stonersmeds.com\/et\/shop\/buy-onax-2mg-alprazolam-pills-online\/","og_site_name":"stonersmeds.com","article_modified_time":"2026-02-24T08:20:34+00:00","og_image":[{"width":600,"height":600,"url":"https:\/\/stonersmeds.com\/wp-content\/uploads\/2022\/03\/buy-onax-2mg-alprazolam-pills-online.jpg","type":"image\/jpeg"}],"twitter_card":"summary_large_image","twitter_misc":{"Availability":"In stock"},"schema":{"@context":"https:\/\/schema.org","@graph":[{"@type":"WebPage","@id":"https:\/\/stonersmeds.com\/shop\/buy-onax-2mg-alprazolam-pills-online\/","url":"https:\/\/stonersmeds.com\/shop\/buy-onax-2mg-alprazolam-pills-online\/","name":"Osta Onax 20mg online, Onax 2mg White Bars","isPartOf":{"@id":"https:\/\/stonersmeds.com\/#website"},"primaryImageOfPage":{"@id":"https:\/\/stonersmeds.com\/shop\/buy-onax-2mg-alprazolam-pills-online\/#primaryimage"},"image":{"@id":"https:\/\/stonersmeds.com\/shop\/buy-onax-2mg-alprazolam-pills-online\/#primaryimage"},"thumbnailUrl":"https:\/\/stonersmeds.com\/wp-content\/uploads\/2022\/03\/buy-onax-2mg-alprazolam-pills-online.jpg","datePublished":"2022-03-12T03:49:50+00:00","dateModified":"2026-02-24T08:20:34+00:00","description":"Kas otsite, kust osta Onax 2mg online ilma retseptita?,k\u00fclastage meid t\u00e4na, et saada parimaid hindu.","breadcrumb":{"@id":"https:\/\/stonersmeds.com\/shop\/buy-onax-2mg-alprazolam-pills-online\/#breadcrumb"},"inLanguage":"et","potentialAction":[{"@type":"ReadAction","target":["https:\/\/stonersmeds.com\/shop\/buy-onax-2mg-alprazolam-pills-online\/"]}]},{"@type":"ImageObject","inLanguage":"et","@id":"https:\/\/stonersmeds.com\/shop\/buy-onax-2mg-alprazolam-pills-online\/#primaryimage","url":"https:\/\/stonersmeds.com\/wp-content\/uploads\/2022\/03\/buy-onax-2mg-alprazolam-pills-online.jpg","contentUrl":"https:\/\/stonersmeds.com\/wp-content\/uploads\/2022\/03\/buy-onax-2mg-alprazolam-pills-online.jpg","width":600,"height":600},{"@type":"BreadcrumbList","@id":"https:\/\/stonersmeds.com\/shop\/buy-onax-2mg-alprazolam-pills-online\/#breadcrumb","itemListElement":[{"@type":"ListItem","position":1,"name":"Home","item":"https:\/\/stonersmeds.com\/"},{"@type":"ListItem","position":2,"name":"Shop","item":"https:\/\/stonersmeds.com\/shop\/"},{"@type":"ListItem","position":3,"name":"Buy Onax 2mg Alprazolam pills online"}]},{"@type":"WebSite","@id":"https:\/\/stonersmeds.com\/#website","url":"https:\/\/stonersmeds.com\/","name":"stonersmeds.com","description":"verschreibungspflichtige Medizin kaufen","publisher":{"@id":"https:\/\/stonersmeds.com\/#organization"},"alternateName":"Research chemical shop","potentialAction":[{"@type":"SearchAction","target":{"@type":"EntryPoint","urlTemplate":"https:\/\/stonersmeds.com\/?s={search_term_string}"},"query-input":{"@type":"PropertyValueSpecification","valueRequired":true,"valueName":"search_term_string"}}],"inLanguage":"et"},{"@type":"Organization","@id":"https:\/\/stonersmeds.com\/#organization","name":"Stonersmeds Shop","url":"https:\/\/stonersmeds.com\/","logo":{"@type":"ImageObject","inLanguage":"et","@id":"https:\/\/stonersmeds.com\/#\/schema\/logo\/image\/","url":"https:\/\/stonersmeds.com\/wp-content\/uploads\/2026\/02\/high-purity-DMT-powder.jpg","contentUrl":"https:\/\/stonersmeds.com\/wp-content\/uploads\/2026\/02\/high-purity-DMT-powder.jpg","width":500,"height":500,"caption":"Stonersmeds Shop"},"image":{"@id":"https:\/\/stonersmeds.com\/#\/schema\/logo\/image\/"}}]},"og_availability":"instock","product_availability":"instock","product_condition":"new"},"_links":{"self":[{"href":"https:\/\/stonersmeds.com\/et\/wp-json\/wp\/v2\/product\/9968","targetHints":{"allow":["GET"]}}],"collection":[{"href":"https:\/\/stonersmeds.com\/et\/wp-json\/wp\/v2\/product"}],"about":[{"href":"https:\/\/stonersmeds.com\/et\/wp-json\/wp\/v2\/types\/product"}],"replies":[{"embeddable":true,"href":"https:\/\/stonersmeds.com\/et\/wp-json\/wp\/v2\/comments?post=9968"}],"version-history":[{"count":0,"href":"https:\/\/stonersmeds.com\/et\/wp-json\/wp\/v2\/product\/9968\/revisions"}],"wp:featuredmedia":[{"embeddable":true,"href":"https:\/\/stonersmeds.com\/et\/wp-json\/wp\/v2\/media\/9979"}],"wp:attachment":[{"href":"https:\/\/stonersmeds.com\/et\/wp-json\/wp\/v2\/media?parent=9968"}],"wp:term":[{"taxonomy":"product_brand","embeddable":true,"href":"https:\/\/stonersmeds.com\/et\/wp-json\/wp\/v2\/product_brand?post=9968"},{"taxonomy":"product_cat","embeddable":true,"href":"https:\/\/stonersmeds.com\/et\/wp-json\/wp\/v2\/product_cat?post=9968"},{"taxonomy":"product_tag","embeddable":true,"href":"https:\/\/stonersmeds.com\/et\/wp-json\/wp\/v2\/product_tag?post=9968"},{"taxonomy":"product_brands","embeddable":true,"href":"https:\/\/stonersmeds.com\/et\/wp-json\/wp\/v2\/product_brands?post=9968"}],"curies":[{"name":"wp","href":"https:\/\/api.w.org\/{rel}","templated":true}]}}