{"id":10465,"date":"2022-03-12T07:45:45","date_gmt":"2022-03-12T07:45:45","guid":{"rendered":"https:\/\/stonersmeds.com\/?post_type=product&#038;p=10465"},"modified":"2026-02-25T03:00:28","modified_gmt":"2026-02-25T01:00:28","slug":"buy-fub-akb48-powder-1-oz-pure-online","status":"publish","type":"product","link":"https:\/\/stonersmeds.com\/fi\/shop\/buy-fub-akb48-powder-1-oz-pure-online\/","title":{"rendered":"Osta Fub Akb48 jauhe 1 oz Pure Online"},"content":{"rendered":"<h1>Osta Fub Akb48 Powder 1 oz Pure Online.<\/h1>\n<p>Osta FUB-APINACA puhdasta jauhetta verkossa<br \/>\nOsta FUB-APINACA Pure Powder verkossa tai AFUBINACA (tunnetaan my\u00f6s nimell\u00e4 AFUBINACA). <a href=\"https:\/\/en.wikipedia.org\/wiki\/FUB-APINACA\">FUB-AKB48<\/a>) on indatsoliin perustuva synteettinen kannabinoidi, jonka uskotaan olevan CB1-reseptorin voimakas agonisti ja jota myyd\u00e4\u00e4n verkossa design-l\u00e4\u00e4kkeen\u00e4. Se on APINACA:n ja 5F-APINACA:n analogi, jossa nippoketju on korvattu fluorobentsyylill\u00e4.<\/p>\n<p>FUB-AKB-48 toimii t\u00e4ydellisen\u00e4 agonistina, jonka sitoutumisaffiniteetti on 1,06 nM CB1-reseptoriin ja 0,174 nM kannabinoidireseptoriin CB2.<\/p>\n<p>Ruotsin terveysviranomainen ehdotti 10. marraskuuta 2014 FUB-APINACA:n luokittelua vaaralliseksi aineeksi.<\/p>\n<p><a href=\"https:\/\/stonersmeds.com\/fi\/tuote-avainsana\/where-to-buy-pure-quality-al-lad-10-mg-powder-online\/\">Osta FUB-APINACA Pure<\/a><\/p>\n<div><\/div>\n<div><\/div>\n<pre><strong>Osta Fub Akb48 Powder 1 oz Pure Online - osta Fub Akb48 , osta Fub Akb48 Powder 1 oz Pure , osta 1 oz Pure verkossa, Mist\u00e4 ostaa Fub Akb48 Powder 1 oz Pure , Fub Akb48 Powder 1 oz Pure myyt\u00e4v\u00e4n\u00e4, Fub Akb48 Powder myyt\u00e4v\u00e4n\u00e4, osta Fub Akb48 Powder verkossa, mist\u00e4 ostaa Fub Akb48 Powder 1 oz Pure verkossa , Fub Akb48 Powder 1 oz Pure myyt\u00e4v\u00e4n\u00e4 usa , USA, Kanada,uk, ostaa, verkossa, toimittajat, turvallinen toimitus, Voit silti saada Fub Akb48 Powder 1 oz Pure , Onko Fub Akb48 Powder 1 oz Pure laillista usa, ostaa Fub Akb48 Powder 1 oz Pure verkossa usa, miten tilata Fub Akb48 Powder 1 oz Pure , Onko Fub Akb48 Powder 1 oz Pure laillista Kanadassa.<\/strong><\/pre>","protected":false},"excerpt":{"rendered":"<p>Osta Fub Akb48 Powder 1 oz Pure Online. Kutsutaan my\u00f6s nimell\u00e4 fub-apinaca on synteettinen kannabinoidi indoli, sit\u00e4 on k\u00e4ytetty huumeiden suunnittelija ja synteettinen marihuana sekoitettu aktiivisia ainesosia myyt\u00e4v\u00e4n\u00e4.<\/p>\n<pre><\/pre>","protected":false},"featured_media":10475,"comment_status":"open","ping_status":"closed","template":"","meta":{"_bst_post_transparent":"","_bst_post_title":"","_bst_post_layout":"","_bst_post_sidebar_id":"","_bst_post_content_style":"","_bst_post_vertical_padding":"","_bst_post_feature":"","_bst_post_feature_position":"","_bst_post_header":false,"_bst_post_footer":false},"product_brand":[],"product_cat":[79],"product_tag":[660,658,659,668,664,662,666,663,669,670,667,661,665],"product_brands":[],"class_list":{"0":"post-10465","1":"product","2":"type-product","3":"status-publish","4":"has-post-thumbnail","6":"product_cat-research-chemicals-and-bath-salt","7":"product_tag-buy-1-oz-pure-online","8":"product_tag-buy-fub-akb48","9":"product_tag-buy-fub-akb48-powder-1-oz-pure","10":"product_tag-buy-fub-akb48-powder-1-oz-pure-online-usa","11":"product_tag-buy-fub-akb48-powder-online","12":"product_tag-fub-akb48-powder-1-oz-pure-for-sale","13":"product_tag-fub-akb48-powder-1-oz-pure-for-sale-in-usa","14":"product_tag-fub-akb48-powder-for-sale","15":"product_tag-how-to-order-fub-akb48-powder-1-oz-pure","16":"product_tag-is-fub-akb48-powder-1-oz-pure-legal-in-canada","17":"product_tag-is-fub-akb48-powder-1-oz-pure-legal-in-usa","18":"product_tag-where-to-buy-fub-akb48-powder-1-oz-pure","19":"product_tag-where-to-buy-fub-akb48-powder-1-oz-pure-online","21":"first","22":"instock","23":"shipping-taxable","24":"purchasable","25":"product-type-variable","26":"entry","27":"content-bg","28":"loop-entry"},"tiered_pricing_type":"fixed","tiered_pricing_fixed_rules":[],"tiered_pricing_percentage_rules":[],"tiered_pricing_minimum":1,"_administrator_tiered_pricing_type":"fixed","_administrator_tiered_pricing_fixed_rules":[],"_editor_tiered_pricing_type":"fixed","_editor_tiered_pricing_fixed_rules":[],"_author_tiered_pricing_type":"fixed","_author_tiered_pricing_fixed_rules":[],"_contributor_tiered_pricing_type":"fixed","_contributor_tiered_pricing_fixed_rules":[],"_subscriber_tiered_pricing_type":"fixed","_subscriber_tiered_pricing_fixed_rules":[],"_customer_tiered_pricing_type":"fixed","_customer_tiered_pricing_fixed_rules":[],"_shop_manager_tiered_pricing_type":"fixed","_shop_manager_tiered_pricing_fixed_rules":[],"_wpseo_manager_tiered_pricing_type":"fixed","_wpseo_manager_tiered_pricing_fixed_rules":[],"_wpseo_editor_tiered_pricing_type":"fixed","_wpseo_editor_tiered_pricing_fixed_rules":[],"yoast_head":"<!-- This site is optimized with the Yoast SEO plugin v27.2 - https:\/\/yoast.com\/product\/yoast-seo-wordpress\/ -->\n<title>Buy Fub Akb48 Powder 1 oz Pure Online - Cheap price, Grade A++<\/title>\n<meta name=\"description\" content=\"Buy Fub Akb48 Powder Online at an affordable price at stonersmeds. All products are lab qualified and have premium quality.\" \/>\n<meta name=\"robots\" content=\"index, follow, max-snippet:-1, max-image-preview:large, max-video-preview:-1\" \/>\n<link rel=\"canonical\" href=\"https:\/\/stonersmeds.com\/fi\/shop\/buy-fub-akb48-powder-1-oz-pure-online\/\" \/>\n<meta property=\"og:locale\" content=\"fi_FI\" \/>\n<meta property=\"og:type\" content=\"article\" \/>\n<meta property=\"og:title\" content=\"Buy Fub Akb48 Powder 1 oz Pure Online - Cheap price, Grade A++\" \/>\n<meta property=\"og:description\" content=\"Buy Fub Akb48 Powder Online at an affordable price at stonersmeds. All products are lab qualified and have premium quality.\" \/>\n<meta property=\"og:url\" content=\"https:\/\/stonersmeds.com\/fi\/shop\/buy-fub-akb48-powder-1-oz-pure-online\/\" \/>\n<meta property=\"og:site_name\" content=\"stonersmeds.com\" \/>\n<meta property=\"article:modified_time\" content=\"2026-02-25T01:00:28+00:00\" \/>\n<meta property=\"og:image\" content=\"https:\/\/stonersmeds.com\/wp-content\/uploads\/2022\/03\/buy-u-47700-powder-1-oz-wholesale-online.jpg\" \/>\n\t<meta property=\"og:image:width\" content=\"600\" \/>\n\t<meta property=\"og:image:height\" content=\"600\" \/>\n\t<meta property=\"og:image:type\" content=\"image\/jpeg\" \/>\n<meta name=\"twitter:card\" content=\"summary_large_image\" \/>\n<meta name=\"twitter:label1\" content=\"Saatavuus\" \/>\n\t<meta name=\"twitter:data1\" content=\"Varastossa\" \/>\n<script type=\"application\/ld+json\" class=\"yoast-schema-graph\">{\"@context\":\"https:\/\/schema.org\",\"@graph\":[{\"@type\":\"WebPage\",\"@id\":\"https:\/\/stonersmeds.com\/cs\/shop\/buy-fub-akb48-powder-1-oz-pure-online\/\",\"url\":\"https:\/\/stonersmeds.com\/cs\/shop\/buy-fub-akb48-powder-1-oz-pure-online\/\",\"name\":\"Buy Fub Akb48 Powder 1 oz Pure Online - Cheap price, Grade A++\",\"isPartOf\":{\"@id\":\"https:\/\/stonersmeds.com\/#website\"},\"primaryImageOfPage\":{\"@id\":\"https:\/\/stonersmeds.com\/cs\/shop\/buy-fub-akb48-powder-1-oz-pure-online\/#primaryimage\"},\"image\":{\"@id\":\"https:\/\/stonersmeds.com\/cs\/shop\/buy-fub-akb48-powder-1-oz-pure-online\/#primaryimage\"},\"thumbnailUrl\":\"https:\/\/stonersmeds.com\/wp-content\/uploads\/2022\/03\/buy-u-47700-powder-1-oz-wholesale-online.jpg\",\"datePublished\":\"2022-03-12T07:45:45+00:00\",\"dateModified\":\"2026-02-25T01:00:28+00:00\",\"description\":\"Buy Fub Akb48 Powder Online at an affordable price at stonersmeds. All products are lab qualified and have premium quality.\",\"breadcrumb\":{\"@id\":\"https:\/\/stonersmeds.com\/cs\/shop\/buy-fub-akb48-powder-1-oz-pure-online\/#breadcrumb\"},\"inLanguage\":\"fi\",\"potentialAction\":[{\"@type\":\"ReadAction\",\"target\":[\"https:\/\/stonersmeds.com\/cs\/shop\/buy-fub-akb48-powder-1-oz-pure-online\/\"]}]},{\"@type\":\"ImageObject\",\"inLanguage\":\"fi\",\"@id\":\"https:\/\/stonersmeds.com\/cs\/shop\/buy-fub-akb48-powder-1-oz-pure-online\/#primaryimage\",\"url\":\"https:\/\/stonersmeds.com\/wp-content\/uploads\/2022\/03\/buy-u-47700-powder-1-oz-wholesale-online.jpg\",\"contentUrl\":\"https:\/\/stonersmeds.com\/wp-content\/uploads\/2022\/03\/buy-u-47700-powder-1-oz-wholesale-online.jpg\",\"width\":600,\"height\":600},{\"@type\":\"BreadcrumbList\",\"@id\":\"https:\/\/stonersmeds.com\/cs\/shop\/buy-fub-akb48-powder-1-oz-pure-online\/#breadcrumb\",\"itemListElement\":[{\"@type\":\"ListItem\",\"position\":1,\"name\":\"Home\",\"item\":\"https:\/\/stonersmeds.com\/\"},{\"@type\":\"ListItem\",\"position\":2,\"name\":\"Shop\",\"item\":\"https:\/\/stonersmeds.com\/shop\/\"},{\"@type\":\"ListItem\",\"position\":3,\"name\":\"Buy Fub Akb48 Powder 1 oz Pure Online\"}]},{\"@type\":\"WebSite\",\"@id\":\"https:\/\/stonersmeds.com\/#website\",\"url\":\"https:\/\/stonersmeds.com\/\",\"name\":\"stonersmeds.com\",\"description\":\"verschreibungspflichtige Medizin kaufen\",\"publisher\":{\"@id\":\"https:\/\/stonersmeds.com\/#organization\"},\"alternateName\":\"Research chemical shop\",\"potentialAction\":[{\"@type\":\"SearchAction\",\"target\":{\"@type\":\"EntryPoint\",\"urlTemplate\":\"https:\/\/stonersmeds.com\/?s={search_term_string}\"},\"query-input\":{\"@type\":\"PropertyValueSpecification\",\"valueRequired\":true,\"valueName\":\"search_term_string\"}}],\"inLanguage\":\"fi\"},{\"@type\":\"Organization\",\"@id\":\"https:\/\/stonersmeds.com\/#organization\",\"name\":\"Stonersmeds Shop\",\"url\":\"https:\/\/stonersmeds.com\/\",\"logo\":{\"@type\":\"ImageObject\",\"inLanguage\":\"fi\",\"@id\":\"https:\/\/stonersmeds.com\/#\/schema\/logo\/image\/\",\"url\":\"https:\/\/stonersmeds.com\/wp-content\/uploads\/2026\/02\/high-purity-DMT-powder.jpg\",\"contentUrl\":\"https:\/\/stonersmeds.com\/wp-content\/uploads\/2026\/02\/high-purity-DMT-powder.jpg\",\"width\":500,\"height\":500,\"caption\":\"Stonersmeds Shop\"},\"image\":{\"@id\":\"https:\/\/stonersmeds.com\/#\/schema\/logo\/image\/\"}}]}<\/script>\n<meta property=\"og:availability\" content=\"instock\" \/>\n<meta property=\"product:availability\" content=\"instock\" \/>\n<meta property=\"product:condition\" content=\"new\" \/>\n<!-- \/ Yoast SEO plugin. -->","yoast_head_json":{"title":"Osta Fub Akb48 Powder 1 oz Pure Online - Edullinen hinta, luokka A++","description":"Osta Fub Akb48 -jauhetta verkossa edulliseen hintaan stonersmedsilt\u00e4. Kaikki tuotteet ovat laboratoriossa hyv\u00e4ksyttyj\u00e4 ja korkealaatuisia.","robots":{"index":"index","follow":"follow","max-snippet":"max-snippet:-1","max-image-preview":"max-image-preview:large","max-video-preview":"max-video-preview:-1"},"canonical":"https:\/\/stonersmeds.com\/fi\/shop\/buy-fub-akb48-powder-1-oz-pure-online\/","og_locale":"fi_FI","og_type":"article","og_title":"Buy Fub Akb48 Powder 1 oz Pure Online - Cheap price, Grade A++","og_description":"Buy Fub Akb48 Powder Online at an affordable price at stonersmeds. All products are lab qualified and have premium quality.","og_url":"https:\/\/stonersmeds.com\/fi\/shop\/buy-fub-akb48-powder-1-oz-pure-online\/","og_site_name":"stonersmeds.com","article_modified_time":"2026-02-25T01:00:28+00:00","og_image":[{"width":600,"height":600,"url":"https:\/\/stonersmeds.com\/wp-content\/uploads\/2022\/03\/buy-u-47700-powder-1-oz-wholesale-online.jpg","type":"image\/jpeg"}],"twitter_card":"summary_large_image","twitter_misc":{"Saatavuus":"Varastossa"},"schema":{"@context":"https:\/\/schema.org","@graph":[{"@type":"WebPage","@id":"https:\/\/stonersmeds.com\/cs\/shop\/buy-fub-akb48-powder-1-oz-pure-online\/","url":"https:\/\/stonersmeds.com\/cs\/shop\/buy-fub-akb48-powder-1-oz-pure-online\/","name":"Osta Fub Akb48 Powder 1 oz Pure Online - Edullinen hinta, luokka A++","isPartOf":{"@id":"https:\/\/stonersmeds.com\/#website"},"primaryImageOfPage":{"@id":"https:\/\/stonersmeds.com\/cs\/shop\/buy-fub-akb48-powder-1-oz-pure-online\/#primaryimage"},"image":{"@id":"https:\/\/stonersmeds.com\/cs\/shop\/buy-fub-akb48-powder-1-oz-pure-online\/#primaryimage"},"thumbnailUrl":"https:\/\/stonersmeds.com\/wp-content\/uploads\/2022\/03\/buy-u-47700-powder-1-oz-wholesale-online.jpg","datePublished":"2022-03-12T07:45:45+00:00","dateModified":"2026-02-25T01:00:28+00:00","description":"Osta Fub Akb48 -jauhetta verkossa edulliseen hintaan stonersmedsilt\u00e4. Kaikki tuotteet ovat laboratoriossa hyv\u00e4ksyttyj\u00e4 ja korkealaatuisia.","breadcrumb":{"@id":"https:\/\/stonersmeds.com\/cs\/shop\/buy-fub-akb48-powder-1-oz-pure-online\/#breadcrumb"},"inLanguage":"fi","potentialAction":[{"@type":"ReadAction","target":["https:\/\/stonersmeds.com\/cs\/shop\/buy-fub-akb48-powder-1-oz-pure-online\/"]}]},{"@type":"ImageObject","inLanguage":"fi","@id":"https:\/\/stonersmeds.com\/cs\/shop\/buy-fub-akb48-powder-1-oz-pure-online\/#primaryimage","url":"https:\/\/stonersmeds.com\/wp-content\/uploads\/2022\/03\/buy-u-47700-powder-1-oz-wholesale-online.jpg","contentUrl":"https:\/\/stonersmeds.com\/wp-content\/uploads\/2022\/03\/buy-u-47700-powder-1-oz-wholesale-online.jpg","width":600,"height":600},{"@type":"BreadcrumbList","@id":"https:\/\/stonersmeds.com\/cs\/shop\/buy-fub-akb48-powder-1-oz-pure-online\/#breadcrumb","itemListElement":[{"@type":"ListItem","position":1,"name":"Home","item":"https:\/\/stonersmeds.com\/"},{"@type":"ListItem","position":2,"name":"Shop","item":"https:\/\/stonersmeds.com\/shop\/"},{"@type":"ListItem","position":3,"name":"Buy Fub Akb48 Powder 1 oz Pure Online"}]},{"@type":"WebSite","@id":"https:\/\/stonersmeds.com\/#website","url":"https:\/\/stonersmeds.com\/","name":"stonersmeds.com","description":"verschreibungspflichtige Medizin kaufen","publisher":{"@id":"https:\/\/stonersmeds.com\/#organization"},"alternateName":"Research chemical shop","potentialAction":[{"@type":"SearchAction","target":{"@type":"EntryPoint","urlTemplate":"https:\/\/stonersmeds.com\/?s={search_term_string}"},"query-input":{"@type":"PropertyValueSpecification","valueRequired":true,"valueName":"search_term_string"}}],"inLanguage":"fi"},{"@type":"Organization","@id":"https:\/\/stonersmeds.com\/#organization","name":"Stonersmeds Shop","url":"https:\/\/stonersmeds.com\/","logo":{"@type":"ImageObject","inLanguage":"fi","@id":"https:\/\/stonersmeds.com\/#\/schema\/logo\/image\/","url":"https:\/\/stonersmeds.com\/wp-content\/uploads\/2026\/02\/high-purity-DMT-powder.jpg","contentUrl":"https:\/\/stonersmeds.com\/wp-content\/uploads\/2026\/02\/high-purity-DMT-powder.jpg","width":500,"height":500,"caption":"Stonersmeds Shop"},"image":{"@id":"https:\/\/stonersmeds.com\/#\/schema\/logo\/image\/"}}]},"og_availability":"instock","product_availability":"instock","product_condition":"new"},"_links":{"self":[{"href":"https:\/\/stonersmeds.com\/fi\/wp-json\/wp\/v2\/product\/10465","targetHints":{"allow":["GET"]}}],"collection":[{"href":"https:\/\/stonersmeds.com\/fi\/wp-json\/wp\/v2\/product"}],"about":[{"href":"https:\/\/stonersmeds.com\/fi\/wp-json\/wp\/v2\/types\/product"}],"replies":[{"embeddable":true,"href":"https:\/\/stonersmeds.com\/fi\/wp-json\/wp\/v2\/comments?post=10465"}],"version-history":[{"count":0,"href":"https:\/\/stonersmeds.com\/fi\/wp-json\/wp\/v2\/product\/10465\/revisions"}],"wp:featuredmedia":[{"embeddable":true,"href":"https:\/\/stonersmeds.com\/fi\/wp-json\/wp\/v2\/media\/10475"}],"wp:attachment":[{"href":"https:\/\/stonersmeds.com\/fi\/wp-json\/wp\/v2\/media?parent=10465"}],"wp:term":[{"taxonomy":"product_brand","embeddable":true,"href":"https:\/\/stonersmeds.com\/fi\/wp-json\/wp\/v2\/product_brand?post=10465"},{"taxonomy":"product_cat","embeddable":true,"href":"https:\/\/stonersmeds.com\/fi\/wp-json\/wp\/v2\/product_cat?post=10465"},{"taxonomy":"product_tag","embeddable":true,"href":"https:\/\/stonersmeds.com\/fi\/wp-json\/wp\/v2\/product_tag?post=10465"},{"taxonomy":"product_brands","embeddable":true,"href":"https:\/\/stonersmeds.com\/fi\/wp-json\/wp\/v2\/product_brands?post=10465"}],"curies":[{"name":"wp","href":"https:\/\/api.w.org\/{rel}","templated":true}]}}