{"id":10646,"date":"2022-03-12T09:03:00","date_gmt":"2022-03-12T09:03:00","guid":{"rendered":"https:\/\/stonersmeds.com\/?post_type=product&#038;p=10646"},"modified":"2026-02-26T09:50:34","modified_gmt":"2026-02-26T07:50:34","slug":"buy-mdpv-online","status":"publish","type":"product","link":"https:\/\/stonersmeds.com\/fi\/shop\/buy-mdpv-online\/","title":{"rendered":"Osta MDPV verkosta"},"content":{"rendered":"<p>Osta MDPV verkosta<\/p>\n<p>ostaa MDPV verkossa henkil\u00f6kohtaiseen k\u00e4ytt\u00f6\u00f6n tai j\u00e4lleenmyyntiin. voimme vakuuttaa, ett\u00e4 myyt\u00e4v\u00e4 MDPV on parasta laatua MDPV-jauhetta markkinoilla juuri nyt. Tarjoamme diskreetin toimituksen ja turvalliset maksutavat, kuten Western Union, Moneygram ja bitcoins. Tarjoamme my\u00f6s monia muita tutkimuskemikaaleja, kuten JWH-018 myyt\u00e4v\u00e4n\u00e4. On huomattava, ett\u00e4 emme ole vastuussa siit\u00e4, miten kukin asiakas k\u00e4ytt\u00e4\u00e4 meid\u00e4n MDPV myyt\u00e4v\u00e4n\u00e4 Yhdysvalloissa.<\/p>\n<p>&nbsp;<\/p>\n<p>&nbsp;<\/p>\n<pre><strong>Osta MDPV verkosta - osta MDPV, osta MDPV usa, osta MDPV verkosta USA:sta, mist\u00e4 ostaa MDPV, MDPV myyt\u00e4v\u00e4n\u00e4, MDPV myyt\u00e4v\u00e4n\u00e4 l\u00e4hell\u00e4ni, osta MDPV verkosta l\u00e4hell\u00e4ni, mist\u00e4 ostaa MDPV verkosta, MDPV myyt\u00e4v\u00e4n\u00e4 Yhdysvalloissa, USA , Kanada, Yhdistynyt kuningaskunta, osta, verkossa, toimittajat, turvallinen toimitus, voit silti saada MDPV:t\u00e4 , Onko MDPV laillista Yhdysvalloissa, osta MDPV verkosta usa, kuinka tilata MDPV, Onko MDPV laillista Kanadassa<\/strong><\/pre>","protected":false},"excerpt":{"rendered":"<p>y MDPV verkossa t\u00e4\u00e4ll\u00e4 casadelamedicina.es. Tutkimuskemikaalien ostaminen verkosta on eritt\u00e4in vaikeaa. Mutta voimme tarjota laadukasta MDPV:t\u00e4 myyntiin eritt\u00e4in alhaisilla hinnoilla. Mik\u00e4\u00e4n hyv\u00e4 ei tule helposti, ja meilt\u00e4 vaaditaan paljon ty\u00f6t\u00e4, jotta saamme parasta laatua olevaa MDPV:t\u00e4 myyntiin.<\/p>\n<pre><strong>Osta MDPV verkosta - osta MDPV, osta MDPV usa, osta MDPV verkosta USA:sta, mist\u00e4 ostaa MDPV, MDPV myyt\u00e4v\u00e4n\u00e4, MDPV myyt\u00e4v\u00e4n\u00e4 l\u00e4hell\u00e4ni, osta MDPV verkosta l\u00e4hell\u00e4ni, mist\u00e4 ostaa MDPV verkosta, MDPV myyt\u00e4v\u00e4n\u00e4 Yhdysvalloissa, USA , Kanada, Yhdistynyt kuningaskunta, osta, verkossa, toimittajat, turvallinen toimitus, voit silti saada MDPV:t\u00e4 , Onko MDPV laillista Yhdysvalloissa, osta MDPV verkosta usa, kuinka tilata MDPV, Onko MDPV laillista Kanadassa<\/strong><\/pre>","protected":false},"featured_media":10656,"comment_status":"open","ping_status":"closed","template":"","meta":{"_bst_post_transparent":"","_bst_post_title":"","_bst_post_layout":"","_bst_post_sidebar_id":"","_bst_post_content_style":"","_bst_post_vertical_padding":"","_bst_post_feature":"","_bst_post_feature_position":"","_bst_post_header":false,"_bst_post_footer":false},"product_brand":[],"product_cat":[79],"product_tag":[384,390,386,385,395,396,394,388,392,389,387,391,393],"product_brands":[],"class_list":{"0":"post-10646","1":"product","2":"type-product","3":"status-publish","4":"has-post-thumbnail","6":"product_cat-research-chemicals-and-bath-salt","7":"product_tag-buy-mdpv","8":"product_tag-buy-mdpv-online-near-me","9":"product_tag-buy-mdpv-online-usa","10":"product_tag-buy-mdpv-usa","11":"product_tag-how-to-order-mdpv","12":"product_tag-is-mdpv-legal-in-canada","13":"product_tag-is-mdpv-legal-in-usa","14":"product_tag-mdpv-for-sale","15":"product_tag-mdpv-for-sale-in-usa","16":"product_tag-mdpv-for-sale-near-me","17":"product_tag-where-to-buy-mdpv","18":"product_tag-where-to-buy-mdpv-online","19":"product_tag-you-can-still-get-mdpv","21":"first","22":"instock","23":"shipping-taxable","24":"purchasable","25":"product-type-variable","26":"entry","27":"content-bg","28":"loop-entry"},"tiered_pricing_type":"fixed","tiered_pricing_fixed_rules":[],"tiered_pricing_percentage_rules":[],"tiered_pricing_minimum":1,"_administrator_tiered_pricing_type":"fixed","_administrator_tiered_pricing_fixed_rules":[],"_editor_tiered_pricing_type":"fixed","_editor_tiered_pricing_fixed_rules":[],"_author_tiered_pricing_type":"fixed","_author_tiered_pricing_fixed_rules":[],"_contributor_tiered_pricing_type":"fixed","_contributor_tiered_pricing_fixed_rules":[],"_subscriber_tiered_pricing_type":"fixed","_subscriber_tiered_pricing_fixed_rules":[],"_customer_tiered_pricing_type":"fixed","_customer_tiered_pricing_fixed_rules":[],"_shop_manager_tiered_pricing_type":"fixed","_shop_manager_tiered_pricing_fixed_rules":[],"_wpseo_manager_tiered_pricing_type":"fixed","_wpseo_manager_tiered_pricing_fixed_rules":[],"_wpseo_editor_tiered_pricing_type":"fixed","_wpseo_editor_tiered_pricing_fixed_rules":[],"yoast_head":"<!-- This site is optimized with the Yoast SEO plugin v27.2 - https:\/\/yoast.com\/product\/yoast-seo-wordpress\/ -->\n<title>Buy MDPV online - Cheap price, Grade A++<\/title>\n<meta name=\"description\" content=\"Buy MDPV online Online at an affordable price at stonersmeds. All products are lab qualified and have premium quality.\" \/>\n<meta name=\"robots\" content=\"index, follow, max-snippet:-1, max-image-preview:large, max-video-preview:-1\" \/>\n<link rel=\"canonical\" href=\"https:\/\/stonersmeds.com\/fi\/shop\/buy-mdpv-online\/\" \/>\n<meta property=\"og:locale\" content=\"fi_FI\" \/>\n<meta property=\"og:type\" content=\"article\" \/>\n<meta property=\"og:title\" content=\"Buy MDPV online - Cheap price, Grade A++\" \/>\n<meta property=\"og:description\" content=\"Buy MDPV online Online at an affordable price at stonersmeds. All products are lab qualified and have premium quality.\" \/>\n<meta property=\"og:url\" content=\"https:\/\/stonersmeds.com\/fi\/shop\/buy-mdpv-online\/\" \/>\n<meta property=\"og:site_name\" content=\"stonersmeds.com\" \/>\n<meta property=\"article:modified_time\" content=\"2026-02-26T07:50:34+00:00\" \/>\n<meta property=\"og:image\" content=\"https:\/\/stonersmeds.com\/wp-content\/uploads\/2022\/03\/buy-mdpv-online.jpg\" \/>\n\t<meta property=\"og:image:width\" content=\"600\" \/>\n\t<meta property=\"og:image:height\" content=\"600\" \/>\n\t<meta property=\"og:image:type\" content=\"image\/jpeg\" \/>\n<meta name=\"twitter:card\" content=\"summary_large_image\" \/>\n<meta name=\"twitter:label1\" content=\"Saatavuus\" \/>\n\t<meta name=\"twitter:data1\" content=\"Varastossa\" \/>\n<script type=\"application\/ld+json\" class=\"yoast-schema-graph\">{\"@context\":\"https:\/\/schema.org\",\"@graph\":[{\"@type\":\"WebPage\",\"@id\":\"https:\/\/stonersmeds.com\/shop\/buy-mdpv-online\/\",\"url\":\"https:\/\/stonersmeds.com\/shop\/buy-mdpv-online\/\",\"name\":\"Buy MDPV online - Cheap price, Grade A++\",\"isPartOf\":{\"@id\":\"https:\/\/stonersmeds.com\/#website\"},\"primaryImageOfPage\":{\"@id\":\"https:\/\/stonersmeds.com\/shop\/buy-mdpv-online\/#primaryimage\"},\"image\":{\"@id\":\"https:\/\/stonersmeds.com\/shop\/buy-mdpv-online\/#primaryimage\"},\"thumbnailUrl\":\"https:\/\/stonersmeds.com\/wp-content\/uploads\/2022\/03\/buy-mdpv-online.jpg\",\"datePublished\":\"2022-03-12T09:03:00+00:00\",\"dateModified\":\"2026-02-26T07:50:34+00:00\",\"description\":\"Buy MDPV online Online at an affordable price at stonersmeds. All products are lab qualified and have premium quality.\",\"breadcrumb\":{\"@id\":\"https:\/\/stonersmeds.com\/shop\/buy-mdpv-online\/#breadcrumb\"},\"inLanguage\":\"fi\",\"potentialAction\":[{\"@type\":\"ReadAction\",\"target\":[\"https:\/\/stonersmeds.com\/shop\/buy-mdpv-online\/\"]}]},{\"@type\":\"ImageObject\",\"inLanguage\":\"fi\",\"@id\":\"https:\/\/stonersmeds.com\/shop\/buy-mdpv-online\/#primaryimage\",\"url\":\"https:\/\/stonersmeds.com\/wp-content\/uploads\/2022\/03\/buy-mdpv-online.jpg\",\"contentUrl\":\"https:\/\/stonersmeds.com\/wp-content\/uploads\/2022\/03\/buy-mdpv-online.jpg\",\"width\":600,\"height\":600},{\"@type\":\"BreadcrumbList\",\"@id\":\"https:\/\/stonersmeds.com\/shop\/buy-mdpv-online\/#breadcrumb\",\"itemListElement\":[{\"@type\":\"ListItem\",\"position\":1,\"name\":\"Home\",\"item\":\"https:\/\/stonersmeds.com\/\"},{\"@type\":\"ListItem\",\"position\":2,\"name\":\"Shop\",\"item\":\"https:\/\/stonersmeds.com\/shop\/\"},{\"@type\":\"ListItem\",\"position\":3,\"name\":\"Buy MDPV online\"}]},{\"@type\":\"WebSite\",\"@id\":\"https:\/\/stonersmeds.com\/#website\",\"url\":\"https:\/\/stonersmeds.com\/\",\"name\":\"stonersmeds.com\",\"description\":\"verschreibungspflichtige Medizin kaufen\",\"publisher\":{\"@id\":\"https:\/\/stonersmeds.com\/#organization\"},\"alternateName\":\"Research chemical shop\",\"potentialAction\":[{\"@type\":\"SearchAction\",\"target\":{\"@type\":\"EntryPoint\",\"urlTemplate\":\"https:\/\/stonersmeds.com\/?s={search_term_string}\"},\"query-input\":{\"@type\":\"PropertyValueSpecification\",\"valueRequired\":true,\"valueName\":\"search_term_string\"}}],\"inLanguage\":\"fi\"},{\"@type\":\"Organization\",\"@id\":\"https:\/\/stonersmeds.com\/#organization\",\"name\":\"Stonersmeds Shop\",\"url\":\"https:\/\/stonersmeds.com\/\",\"logo\":{\"@type\":\"ImageObject\",\"inLanguage\":\"fi\",\"@id\":\"https:\/\/stonersmeds.com\/#\/schema\/logo\/image\/\",\"url\":\"https:\/\/stonersmeds.com\/wp-content\/uploads\/2026\/02\/high-purity-DMT-powder.jpg\",\"contentUrl\":\"https:\/\/stonersmeds.com\/wp-content\/uploads\/2026\/02\/high-purity-DMT-powder.jpg\",\"width\":500,\"height\":500,\"caption\":\"Stonersmeds Shop\"},\"image\":{\"@id\":\"https:\/\/stonersmeds.com\/#\/schema\/logo\/image\/\"}}]}<\/script>\n<meta property=\"og:availability\" content=\"instock\" \/>\n<meta property=\"product:availability\" content=\"instock\" \/>\n<meta property=\"product:condition\" content=\"new\" \/>\n<!-- \/ Yoast SEO plugin. -->","yoast_head_json":{"title":"Osta MDPV verkosta - halpa hinta, luokka A++","description":"Osta MDPV verkosta edulliseen hintaan stonersmedsist\u00e4. Kaikki tuotteet ovat laboratoriohyv\u00e4ksyttyj\u00e4 ja korkealaatuisia.","robots":{"index":"index","follow":"follow","max-snippet":"max-snippet:-1","max-image-preview":"max-image-preview:large","max-video-preview":"max-video-preview:-1"},"canonical":"https:\/\/stonersmeds.com\/fi\/shop\/buy-mdpv-online\/","og_locale":"fi_FI","og_type":"article","og_title":"Buy MDPV online - Cheap price, Grade A++","og_description":"Buy MDPV online Online at an affordable price at stonersmeds. All products are lab qualified and have premium quality.","og_url":"https:\/\/stonersmeds.com\/fi\/shop\/buy-mdpv-online\/","og_site_name":"stonersmeds.com","article_modified_time":"2026-02-26T07:50:34+00:00","og_image":[{"width":600,"height":600,"url":"https:\/\/stonersmeds.com\/wp-content\/uploads\/2022\/03\/buy-mdpv-online.jpg","type":"image\/jpeg"}],"twitter_card":"summary_large_image","twitter_misc":{"Saatavuus":"Varastossa"},"schema":{"@context":"https:\/\/schema.org","@graph":[{"@type":"WebPage","@id":"https:\/\/stonersmeds.com\/shop\/buy-mdpv-online\/","url":"https:\/\/stonersmeds.com\/shop\/buy-mdpv-online\/","name":"Osta MDPV verkosta - halpa hinta, luokka A++","isPartOf":{"@id":"https:\/\/stonersmeds.com\/#website"},"primaryImageOfPage":{"@id":"https:\/\/stonersmeds.com\/shop\/buy-mdpv-online\/#primaryimage"},"image":{"@id":"https:\/\/stonersmeds.com\/shop\/buy-mdpv-online\/#primaryimage"},"thumbnailUrl":"https:\/\/stonersmeds.com\/wp-content\/uploads\/2022\/03\/buy-mdpv-online.jpg","datePublished":"2022-03-12T09:03:00+00:00","dateModified":"2026-02-26T07:50:34+00:00","description":"Osta MDPV verkosta edulliseen hintaan stonersmedsist\u00e4. Kaikki tuotteet ovat laboratoriohyv\u00e4ksyttyj\u00e4 ja korkealaatuisia.","breadcrumb":{"@id":"https:\/\/stonersmeds.com\/shop\/buy-mdpv-online\/#breadcrumb"},"inLanguage":"fi","potentialAction":[{"@type":"ReadAction","target":["https:\/\/stonersmeds.com\/shop\/buy-mdpv-online\/"]}]},{"@type":"ImageObject","inLanguage":"fi","@id":"https:\/\/stonersmeds.com\/shop\/buy-mdpv-online\/#primaryimage","url":"https:\/\/stonersmeds.com\/wp-content\/uploads\/2022\/03\/buy-mdpv-online.jpg","contentUrl":"https:\/\/stonersmeds.com\/wp-content\/uploads\/2022\/03\/buy-mdpv-online.jpg","width":600,"height":600},{"@type":"BreadcrumbList","@id":"https:\/\/stonersmeds.com\/shop\/buy-mdpv-online\/#breadcrumb","itemListElement":[{"@type":"ListItem","position":1,"name":"Home","item":"https:\/\/stonersmeds.com\/"},{"@type":"ListItem","position":2,"name":"Shop","item":"https:\/\/stonersmeds.com\/shop\/"},{"@type":"ListItem","position":3,"name":"Buy MDPV online"}]},{"@type":"WebSite","@id":"https:\/\/stonersmeds.com\/#website","url":"https:\/\/stonersmeds.com\/","name":"stonersmeds.com","description":"verschreibungspflichtige Medizin kaufen","publisher":{"@id":"https:\/\/stonersmeds.com\/#organization"},"alternateName":"Research chemical shop","potentialAction":[{"@type":"SearchAction","target":{"@type":"EntryPoint","urlTemplate":"https:\/\/stonersmeds.com\/?s={search_term_string}"},"query-input":{"@type":"PropertyValueSpecification","valueRequired":true,"valueName":"search_term_string"}}],"inLanguage":"fi"},{"@type":"Organization","@id":"https:\/\/stonersmeds.com\/#organization","name":"Stonersmeds Shop","url":"https:\/\/stonersmeds.com\/","logo":{"@type":"ImageObject","inLanguage":"fi","@id":"https:\/\/stonersmeds.com\/#\/schema\/logo\/image\/","url":"https:\/\/stonersmeds.com\/wp-content\/uploads\/2026\/02\/high-purity-DMT-powder.jpg","contentUrl":"https:\/\/stonersmeds.com\/wp-content\/uploads\/2026\/02\/high-purity-DMT-powder.jpg","width":500,"height":500,"caption":"Stonersmeds Shop"},"image":{"@id":"https:\/\/stonersmeds.com\/#\/schema\/logo\/image\/"}}]},"og_availability":"instock","product_availability":"instock","product_condition":"new"},"_links":{"self":[{"href":"https:\/\/stonersmeds.com\/fi\/wp-json\/wp\/v2\/product\/10646","targetHints":{"allow":["GET"]}}],"collection":[{"href":"https:\/\/stonersmeds.com\/fi\/wp-json\/wp\/v2\/product"}],"about":[{"href":"https:\/\/stonersmeds.com\/fi\/wp-json\/wp\/v2\/types\/product"}],"replies":[{"embeddable":true,"href":"https:\/\/stonersmeds.com\/fi\/wp-json\/wp\/v2\/comments?post=10646"}],"version-history":[{"count":0,"href":"https:\/\/stonersmeds.com\/fi\/wp-json\/wp\/v2\/product\/10646\/revisions"}],"wp:featuredmedia":[{"embeddable":true,"href":"https:\/\/stonersmeds.com\/fi\/wp-json\/wp\/v2\/media\/10656"}],"wp:attachment":[{"href":"https:\/\/stonersmeds.com\/fi\/wp-json\/wp\/v2\/media?parent=10646"}],"wp:term":[{"taxonomy":"product_brand","embeddable":true,"href":"https:\/\/stonersmeds.com\/fi\/wp-json\/wp\/v2\/product_brand?post=10646"},{"taxonomy":"product_cat","embeddable":true,"href":"https:\/\/stonersmeds.com\/fi\/wp-json\/wp\/v2\/product_cat?post=10646"},{"taxonomy":"product_tag","embeddable":true,"href":"https:\/\/stonersmeds.com\/fi\/wp-json\/wp\/v2\/product_tag?post=10646"},{"taxonomy":"product_brands","embeddable":true,"href":"https:\/\/stonersmeds.com\/fi\/wp-json\/wp\/v2\/product_brands?post=10646"}],"curies":[{"name":"wp","href":"https:\/\/api.w.org\/{rel}","templated":true}]}}