{"id":10718,"date":"2022-03-12T09:26:17","date_gmt":"2022-03-12T09:26:17","guid":{"rendered":"https:\/\/stonersmeds.com\/?post_type=product&#038;p=10718"},"modified":"2026-03-02T07:10:40","modified_gmt":"2026-03-02T05:10:40","slug":"buy-mexedrone-mxe-power-crystal-online","status":"publish","type":"product","link":"https:\/\/stonersmeds.com\/fi\/shop\/buy-mexedrone-mxe-power-crystal-online\/","title":{"rendered":"Osta Mexedrone MXE Power &amp; Crystal verkossa"},"content":{"rendered":"<h1>Osta Mexedrone MXE Power &amp; Crystal verkossa.<\/h1>\n<p>Meksedroni (4-mmc-oMe) on mefedronin yksinkertainen aine, <a href=\"https:\/\/www.mancheck-berlin.de\/mephedron\/\">4-MMC<\/a>. Meksedroni\u00e2 ilmestyi mefedronin tilauksesta laittomana l\u00e4\u00e4kkeen\u00e4. Meksedronin atomimassa on\u00e2 207,268g\/Mol, subatominen resepti\u00e2 C12H17NO2 ja metodinen nimi\u00e2 3-metoksi-2-(metyyliamino)- 1-(4-metyylifenyyli)propan-1-oni. Koska meksedroni on erityinen yhdiste, meksedronin biokemiallisia ominaisuuksia koskevia tietoja ei ole saatavilla.<\/p>\n<p>Meksedroni kuuluu katinonien yhdisteluokkaan ja reagoi sen mukaisesti. Mexedronen\u00e2 fyysinen ulkon\u00e4k\u00f6\u00e2 on valkoisia jalokivi\u00e4, mutta voit ostaa Mexedronen\u00e2 kiteiden\u00e2 rakenteessa\u00e2 tai <a href=\"https:\/\/stonersmeds.com\/fi\/tuote-avainsana\/synthetic-powder\/\">synteettisesti identtinen\u00e2 jauhe<\/a>. Meksedroni annetaan suun kautta, ja sen raja-arvot ovat 50 mg:sta 100 mg:aan. Meksedronin 100 mg:n ja 150 mg:n v\u00e4lisiss\u00e4 mittauksissa on havaittu mefedroniin verrattavia vaikutuksia. Mexedronen vaikutukset voivat kest\u00e4\u00e4 4-6 tuntia.<\/p>\n<p>Meksedroni on psykoaktiivinen huumausaine, joka on sek\u00e4 stimuloiva ett\u00e4 entaktogeeni, joka aiheuttaa lis\u00e4ksi kiihottumista. On uskottavaa, mutta sit\u00e4 ei ole viel\u00e4 osoitettu, ett\u00e4 Mexedrone aiheuttaa synapsien tulvan, joka syntyy kokemuksen stimuloivissa vaikutuksissa. Meksedronikokemukseen liittyv\u00e4t synapsit voivat sis\u00e4lt\u00e4\u00e4 dopamiinia, noradrenaliinia ja serotoniinia.<\/p>\n<p>Meksedronin vaikutukset ovat\u00e2 70%\u00e2 emoyhdisteens\u00e4, mefedronin, vaikutuksista.\u00e2 Meksedronin vaikutukset\u00e2 tulevat uskottavammiksi suuremmissa mittauksissa, ja ne ovat luonteeltaan fyysisi\u00e4, \u00e4lyllisi\u00e4 ja kuultavia. Meksedronen todelliset vaikutukset sis\u00e4lt\u00e4v\u00e4t onnellisuuden, sedaation, materiaalisen tunteen ja parannuksen, parchedness, laajentuneen hikoilun, rajoittamattomat tuntemukset, hampaiden murskautumisen, t\u00e4risev\u00e4n n\u00e4\u00f6n ja tukahdutetun l\u00e4mp\u00f6tilan hallinnolliset kyvyt. Psykologiset vaikutukset Mexedrone sis\u00e4llytt\u00e4\u00e4 hurmio, ja ajatus nopeuttaa ja verkko. Vaikutukset Mexedrone voi samoin esitell\u00e4 kuin kuultavissa parannuksia.<\/p>\n<p>J\u00e4lkeen sy\u00f6minen Mexedrone, \u00e2 post-stimulaatio\u00e2 top vaikutuksia voi tapahtua. Mexedronen virityksen j\u00e4lkeiset vaikutukset voivat olla luonteeltaan negatiivisia ja sis\u00e4lt\u00e4\u00e4 hidastuneita pohdintoja ja inspiraatiota, \u00e4lyllist\u00e4 v\u00e4symyst\u00e4, levottomuutta, hajamielisyytt\u00e4, rasittavaa mielentilaa ja tarkkaavaisuutta. Meksedronen kiihottumisen j\u00e4lkeiset vaikutukset johtuvat todenn\u00e4k\u00f6isesti synapsien kulumisesta, kun synapsien tarjonta loppui kokemuksen kiihottumisvaiheessa.<\/p>\n<p>&nbsp;<\/p>\n<p>&nbsp;<\/p>\n<pre><strong>Osta Mexedrone MXE Power &amp; Crystal Online - ostaa Mexedrone , ostaa Mexedrone MXE Power &amp; Crystal usa , ostaa Mexedrone MXE Power &amp; Crystal verkossa USA , Mist\u00e4 ostaa Mexedrone MXE Power &amp; Crystal , Mexedrone MXE Power &amp; Crystal myyt\u00e4v\u00e4n\u00e4, Mexedrone MXE Power &amp; Crystal myyt\u00e4v\u00e4n\u00e4 l\u00e4hell\u00e4ni , ostaa Mexedrone MXE Power &amp; Crystal verkossa l\u00e4hell\u00e4ni , mist\u00e4 ostaa Mexedrone MXE Power &amp; Crystal verkossa, Mexedrone MXE Power &amp; Crystal myyt\u00e4v\u00e4n\u00e4 usa , USA, Kanada,uk, ostaa, verkossa, toimittajat, turvallinen toimitus, Voit silti saada Mexedrone MXE Power &amp; Crystal , Onko Mexedrone MXE Power &amp; Crystal laillista usa, ostaa Mexedrone MXE Power &amp; Crystal verkossa usa, miten tilata Mexedrone MXE Power &amp; Crystal , Onko Mexedrone MXE Power &amp; Crystal laillista Kanadassa.<\/strong><\/pre>","protected":false},"excerpt":{"rendered":"<p>Osta Mexedrone MXE Power &amp; Crystal verkossa. Mexedrone MXE Power .Mexedrone, jota kutsutaan my\u00f6s nimell\u00e4 MEX tai 4-MMC-Ome.<\/p>\n<pre><strong>Osta Mexedrone MXE Power &amp; Crystal Online - ostaa Mexedrone , ostaa Mexedrone MXE Power &amp; Crystal usa , ostaa Mexedrone MXE Power &amp; Crystal verkossa USA , Mist\u00e4 ostaa Mexedrone MXE Power &amp; Crystal , Mexedrone MXE Power &amp; Crystal myyt\u00e4v\u00e4n\u00e4, Mexedrone MXE Power &amp; Crystal myyt\u00e4v\u00e4n\u00e4 l\u00e4hell\u00e4ni , ostaa Mexedrone MXE Power &amp; Crystal verkossa l\u00e4hell\u00e4ni , mist\u00e4 ostaa Mexedrone MXE Power &amp; Crystal verkossa, Mexedrone MXE Power &amp; Crystal myyt\u00e4v\u00e4n\u00e4 usa , USA, Kanada,uk, ostaa, verkossa, toimittajat, turvallinen toimitus, Voit silti saada Mexedrone MXE Power &amp; Crystal , Onko Mexedrone MXE Power &amp; Crystal laillista usa, ostaa Mexedrone MXE Power &amp; Crystal verkossa usa, miten tilata Mexedrone MXE Power &amp; Crystal , Onko Mexedrone MXE Power &amp; Crystal laillista Kanadassa.<\/strong><\/pre>","protected":false},"featured_media":10729,"comment_status":"open","ping_status":"closed","template":"","meta":{"_bst_post_transparent":"","_bst_post_title":"","_bst_post_layout":"","_bst_post_sidebar_id":"","_bst_post_content_style":"","_bst_post_vertical_padding":"","_bst_post_feature":"","_bst_post_feature_position":"","_bst_post_header":false,"_bst_post_footer":false},"product_brand":[],"product_cat":[79],"product_tag":[252,258,254,253,261,256,260,257,255,259],"product_brands":[],"class_list":{"0":"post-10718","1":"product","2":"type-product","3":"status-publish","4":"has-post-thumbnail","6":"product_cat-research-chemicals-and-bath-salt","7":"product_tag-buy-mexedrone","8":"product_tag-buy-mexedrone-mxe-power-crystal-online-near-me","9":"product_tag-buy-mexedrone-mxe-power-crystal-online-usa","10":"product_tag-buy-mexedrone-mxe-power-crystal-usa","11":"product_tag-how-to-order-mexedrone-mxe-power-crystal","12":"product_tag-mexedrone-mxe-power-crystal-for-sale","13":"product_tag-mexedrone-mxe-power-crystal-for-sale-in-usa","14":"product_tag-mexedrone-mxe-power-crystal-for-sale-near-me","15":"product_tag-where-to-buy-mexedrone-mxe-power-crystal","16":"product_tag-where-to-buy-mexedrone-mxe-power-crystal-online","18":"first","19":"instock","20":"shipping-taxable","21":"purchasable","22":"product-type-variable","23":"entry","24":"content-bg","25":"loop-entry"},"tiered_pricing_type":"fixed","tiered_pricing_fixed_rules":[],"tiered_pricing_percentage_rules":[],"tiered_pricing_minimum":1,"_administrator_tiered_pricing_type":"fixed","_administrator_tiered_pricing_fixed_rules":[],"_editor_tiered_pricing_type":"fixed","_editor_tiered_pricing_fixed_rules":[],"_author_tiered_pricing_type":"fixed","_author_tiered_pricing_fixed_rules":[],"_contributor_tiered_pricing_type":"fixed","_contributor_tiered_pricing_fixed_rules":[],"_subscriber_tiered_pricing_type":"fixed","_subscriber_tiered_pricing_fixed_rules":[],"_customer_tiered_pricing_type":"fixed","_customer_tiered_pricing_fixed_rules":[],"_shop_manager_tiered_pricing_type":"fixed","_shop_manager_tiered_pricing_fixed_rules":[],"_wpseo_manager_tiered_pricing_type":"fixed","_wpseo_manager_tiered_pricing_fixed_rules":[],"_wpseo_editor_tiered_pricing_type":"fixed","_wpseo_editor_tiered_pricing_fixed_rules":[],"yoast_head":"<!-- This site is optimized with the Yoast SEO plugin v27.2 - https:\/\/yoast.com\/product\/yoast-seo-wordpress\/ -->\n<title>Buy Mexedrone MXE Power &amp; Crystal Online - Cheap price, Grade A++<\/title>\n<meta name=\"description\" content=\"Buy Mexedrone MXE Power Online at an affordable price at stonersmeds. All products are lab qualified and have premium quality.\" \/>\n<meta name=\"robots\" content=\"index, follow, max-snippet:-1, max-image-preview:large, max-video-preview:-1\" \/>\n<link rel=\"canonical\" href=\"https:\/\/stonersmeds.com\/fi\/shop\/buy-mexedrone-mxe-power-crystal-online\/\" \/>\n<meta property=\"og:locale\" content=\"fi_FI\" \/>\n<meta property=\"og:type\" content=\"article\" \/>\n<meta property=\"og:title\" content=\"Buy Mexedrone MXE Power &amp; Crystal Online - Cheap price, Grade A++\" \/>\n<meta property=\"og:description\" content=\"Buy Mexedrone MXE Power Online at an affordable price at stonersmeds. All products are lab qualified and have premium quality.\" \/>\n<meta property=\"og:url\" content=\"https:\/\/stonersmeds.com\/fi\/shop\/buy-mexedrone-mxe-power-crystal-online\/\" \/>\n<meta property=\"og:site_name\" content=\"stonersmeds.com\" \/>\n<meta property=\"article:modified_time\" content=\"2026-03-02T05:10:40+00:00\" \/>\n<meta property=\"og:image\" content=\"https:\/\/stonersmeds.com\/wp-content\/uploads\/2022\/03\/buy-mexedrone-mxe-power-crystal-online-1.jpg\" \/>\n\t<meta property=\"og:image:width\" content=\"600\" \/>\n\t<meta property=\"og:image:height\" content=\"600\" \/>\n\t<meta property=\"og:image:type\" content=\"image\/jpeg\" \/>\n<meta name=\"twitter:card\" content=\"summary_large_image\" \/>\n<meta name=\"twitter:label1\" content=\"Saatavuus\" \/>\n\t<meta name=\"twitter:data1\" content=\"Varastossa\" \/>\n<script type=\"application\/ld+json\" class=\"yoast-schema-graph\">{\"@context\":\"https:\/\/schema.org\",\"@graph\":[{\"@type\":\"WebPage\",\"@id\":\"https:\/\/stonersmeds.com\/el\/shop\/buy-mexedrone-mxe-power-crystal-online\/\",\"url\":\"https:\/\/stonersmeds.com\/el\/shop\/buy-mexedrone-mxe-power-crystal-online\/\",\"name\":\"Buy Mexedrone MXE Power & Crystal Online - Cheap price, Grade A++\",\"isPartOf\":{\"@id\":\"https:\/\/stonersmeds.com\/#website\"},\"primaryImageOfPage\":{\"@id\":\"https:\/\/stonersmeds.com\/el\/shop\/buy-mexedrone-mxe-power-crystal-online\/#primaryimage\"},\"image\":{\"@id\":\"https:\/\/stonersmeds.com\/el\/shop\/buy-mexedrone-mxe-power-crystal-online\/#primaryimage\"},\"thumbnailUrl\":\"https:\/\/stonersmeds.com\/wp-content\/uploads\/2022\/03\/buy-mexedrone-mxe-power-crystal-online-1.jpg\",\"datePublished\":\"2022-03-12T09:26:17+00:00\",\"dateModified\":\"2026-03-02T05:10:40+00:00\",\"description\":\"Buy Mexedrone MXE Power Online at an affordable price at stonersmeds. All products are lab qualified and have premium quality.\",\"breadcrumb\":{\"@id\":\"https:\/\/stonersmeds.com\/el\/shop\/buy-mexedrone-mxe-power-crystal-online\/#breadcrumb\"},\"inLanguage\":\"fi\",\"potentialAction\":[{\"@type\":\"ReadAction\",\"target\":[\"https:\/\/stonersmeds.com\/el\/shop\/buy-mexedrone-mxe-power-crystal-online\/\"]}]},{\"@type\":\"ImageObject\",\"inLanguage\":\"fi\",\"@id\":\"https:\/\/stonersmeds.com\/el\/shop\/buy-mexedrone-mxe-power-crystal-online\/#primaryimage\",\"url\":\"https:\/\/stonersmeds.com\/wp-content\/uploads\/2022\/03\/buy-mexedrone-mxe-power-crystal-online-1.jpg\",\"contentUrl\":\"https:\/\/stonersmeds.com\/wp-content\/uploads\/2022\/03\/buy-mexedrone-mxe-power-crystal-online-1.jpg\",\"width\":600,\"height\":600},{\"@type\":\"BreadcrumbList\",\"@id\":\"https:\/\/stonersmeds.com\/el\/shop\/buy-mexedrone-mxe-power-crystal-online\/#breadcrumb\",\"itemListElement\":[{\"@type\":\"ListItem\",\"position\":1,\"name\":\"Home\",\"item\":\"https:\/\/stonersmeds.com\/\"},{\"@type\":\"ListItem\",\"position\":2,\"name\":\"Shop\",\"item\":\"https:\/\/stonersmeds.com\/shop\/\"},{\"@type\":\"ListItem\",\"position\":3,\"name\":\"Buy Mexedrone MXE Power &#038; Crystal Online\"}]},{\"@type\":\"WebSite\",\"@id\":\"https:\/\/stonersmeds.com\/#website\",\"url\":\"https:\/\/stonersmeds.com\/\",\"name\":\"stonersmeds.com\",\"description\":\"verschreibungspflichtige Medizin kaufen\",\"publisher\":{\"@id\":\"https:\/\/stonersmeds.com\/#organization\"},\"alternateName\":\"Research chemical shop\",\"potentialAction\":[{\"@type\":\"SearchAction\",\"target\":{\"@type\":\"EntryPoint\",\"urlTemplate\":\"https:\/\/stonersmeds.com\/?s={search_term_string}\"},\"query-input\":{\"@type\":\"PropertyValueSpecification\",\"valueRequired\":true,\"valueName\":\"search_term_string\"}}],\"inLanguage\":\"fi\"},{\"@type\":\"Organization\",\"@id\":\"https:\/\/stonersmeds.com\/#organization\",\"name\":\"Stonersmeds Shop\",\"url\":\"https:\/\/stonersmeds.com\/\",\"logo\":{\"@type\":\"ImageObject\",\"inLanguage\":\"fi\",\"@id\":\"https:\/\/stonersmeds.com\/#\/schema\/logo\/image\/\",\"url\":\"https:\/\/stonersmeds.com\/wp-content\/uploads\/2026\/02\/high-purity-DMT-powder.jpg\",\"contentUrl\":\"https:\/\/stonersmeds.com\/wp-content\/uploads\/2026\/02\/high-purity-DMT-powder.jpg\",\"width\":500,\"height\":500,\"caption\":\"Stonersmeds Shop\"},\"image\":{\"@id\":\"https:\/\/stonersmeds.com\/#\/schema\/logo\/image\/\"}}]}<\/script>\n<meta property=\"og:availability\" content=\"instock\" \/>\n<meta property=\"product:availability\" content=\"instock\" \/>\n<meta property=\"product:condition\" content=\"new\" \/>\n<!-- \/ Yoast SEO plugin. -->","yoast_head_json":{"title":"Osta Mexedrone MXE Power &amp; Crystal verkossa - Edullinen hinta, luokka A++","description":"Osta Mexedrone MXE Power verkossa edulliseen hintaan stonersmedsilt\u00e4. Kaikki tuotteet ovat laboratoriossa p\u00e4tevi\u00e4 ja korkealaatuisia.","robots":{"index":"index","follow":"follow","max-snippet":"max-snippet:-1","max-image-preview":"max-image-preview:large","max-video-preview":"max-video-preview:-1"},"canonical":"https:\/\/stonersmeds.com\/fi\/shop\/buy-mexedrone-mxe-power-crystal-online\/","og_locale":"fi_FI","og_type":"article","og_title":"Buy Mexedrone MXE Power & Crystal Online - Cheap price, Grade A++","og_description":"Buy Mexedrone MXE Power Online at an affordable price at stonersmeds. All products are lab qualified and have premium quality.","og_url":"https:\/\/stonersmeds.com\/fi\/shop\/buy-mexedrone-mxe-power-crystal-online\/","og_site_name":"stonersmeds.com","article_modified_time":"2026-03-02T05:10:40+00:00","og_image":[{"width":600,"height":600,"url":"https:\/\/stonersmeds.com\/wp-content\/uploads\/2022\/03\/buy-mexedrone-mxe-power-crystal-online-1.jpg","type":"image\/jpeg"}],"twitter_card":"summary_large_image","twitter_misc":{"Saatavuus":"Varastossa"},"schema":{"@context":"https:\/\/schema.org","@graph":[{"@type":"WebPage","@id":"https:\/\/stonersmeds.com\/el\/shop\/buy-mexedrone-mxe-power-crystal-online\/","url":"https:\/\/stonersmeds.com\/el\/shop\/buy-mexedrone-mxe-power-crystal-online\/","name":"Osta Mexedrone MXE Power &amp; Crystal verkossa - Edullinen hinta, luokka A++","isPartOf":{"@id":"https:\/\/stonersmeds.com\/#website"},"primaryImageOfPage":{"@id":"https:\/\/stonersmeds.com\/el\/shop\/buy-mexedrone-mxe-power-crystal-online\/#primaryimage"},"image":{"@id":"https:\/\/stonersmeds.com\/el\/shop\/buy-mexedrone-mxe-power-crystal-online\/#primaryimage"},"thumbnailUrl":"https:\/\/stonersmeds.com\/wp-content\/uploads\/2022\/03\/buy-mexedrone-mxe-power-crystal-online-1.jpg","datePublished":"2022-03-12T09:26:17+00:00","dateModified":"2026-03-02T05:10:40+00:00","description":"Osta Mexedrone MXE Power verkossa edulliseen hintaan stonersmedsilt\u00e4. Kaikki tuotteet ovat laboratoriossa p\u00e4tevi\u00e4 ja korkealaatuisia.","breadcrumb":{"@id":"https:\/\/stonersmeds.com\/el\/shop\/buy-mexedrone-mxe-power-crystal-online\/#breadcrumb"},"inLanguage":"fi","potentialAction":[{"@type":"ReadAction","target":["https:\/\/stonersmeds.com\/el\/shop\/buy-mexedrone-mxe-power-crystal-online\/"]}]},{"@type":"ImageObject","inLanguage":"fi","@id":"https:\/\/stonersmeds.com\/el\/shop\/buy-mexedrone-mxe-power-crystal-online\/#primaryimage","url":"https:\/\/stonersmeds.com\/wp-content\/uploads\/2022\/03\/buy-mexedrone-mxe-power-crystal-online-1.jpg","contentUrl":"https:\/\/stonersmeds.com\/wp-content\/uploads\/2022\/03\/buy-mexedrone-mxe-power-crystal-online-1.jpg","width":600,"height":600},{"@type":"BreadcrumbList","@id":"https:\/\/stonersmeds.com\/el\/shop\/buy-mexedrone-mxe-power-crystal-online\/#breadcrumb","itemListElement":[{"@type":"ListItem","position":1,"name":"Home","item":"https:\/\/stonersmeds.com\/"},{"@type":"ListItem","position":2,"name":"Shop","item":"https:\/\/stonersmeds.com\/shop\/"},{"@type":"ListItem","position":3,"name":"Buy Mexedrone MXE Power &#038; Crystal Online"}]},{"@type":"WebSite","@id":"https:\/\/stonersmeds.com\/#website","url":"https:\/\/stonersmeds.com\/","name":"stonersmeds.com","description":"verschreibungspflichtige Medizin kaufen","publisher":{"@id":"https:\/\/stonersmeds.com\/#organization"},"alternateName":"Research chemical shop","potentialAction":[{"@type":"SearchAction","target":{"@type":"EntryPoint","urlTemplate":"https:\/\/stonersmeds.com\/?s={search_term_string}"},"query-input":{"@type":"PropertyValueSpecification","valueRequired":true,"valueName":"search_term_string"}}],"inLanguage":"fi"},{"@type":"Organization","@id":"https:\/\/stonersmeds.com\/#organization","name":"Stonersmeds Shop","url":"https:\/\/stonersmeds.com\/","logo":{"@type":"ImageObject","inLanguage":"fi","@id":"https:\/\/stonersmeds.com\/#\/schema\/logo\/image\/","url":"https:\/\/stonersmeds.com\/wp-content\/uploads\/2026\/02\/high-purity-DMT-powder.jpg","contentUrl":"https:\/\/stonersmeds.com\/wp-content\/uploads\/2026\/02\/high-purity-DMT-powder.jpg","width":500,"height":500,"caption":"Stonersmeds Shop"},"image":{"@id":"https:\/\/stonersmeds.com\/#\/schema\/logo\/image\/"}}]},"og_availability":"instock","product_availability":"instock","product_condition":"new"},"_links":{"self":[{"href":"https:\/\/stonersmeds.com\/fi\/wp-json\/wp\/v2\/product\/10718","targetHints":{"allow":["GET"]}}],"collection":[{"href":"https:\/\/stonersmeds.com\/fi\/wp-json\/wp\/v2\/product"}],"about":[{"href":"https:\/\/stonersmeds.com\/fi\/wp-json\/wp\/v2\/types\/product"}],"replies":[{"embeddable":true,"href":"https:\/\/stonersmeds.com\/fi\/wp-json\/wp\/v2\/comments?post=10718"}],"version-history":[{"count":0,"href":"https:\/\/stonersmeds.com\/fi\/wp-json\/wp\/v2\/product\/10718\/revisions"}],"wp:featuredmedia":[{"embeddable":true,"href":"https:\/\/stonersmeds.com\/fi\/wp-json\/wp\/v2\/media\/10729"}],"wp:attachment":[{"href":"https:\/\/stonersmeds.com\/fi\/wp-json\/wp\/v2\/media?parent=10718"}],"wp:term":[{"taxonomy":"product_brand","embeddable":true,"href":"https:\/\/stonersmeds.com\/fi\/wp-json\/wp\/v2\/product_brand?post=10718"},{"taxonomy":"product_cat","embeddable":true,"href":"https:\/\/stonersmeds.com\/fi\/wp-json\/wp\/v2\/product_cat?post=10718"},{"taxonomy":"product_tag","embeddable":true,"href":"https:\/\/stonersmeds.com\/fi\/wp-json\/wp\/v2\/product_tag?post=10718"},{"taxonomy":"product_brands","embeddable":true,"href":"https:\/\/stonersmeds.com\/fi\/wp-json\/wp\/v2\/product_brands?post=10718"}],"curies":[{"name":"wp","href":"https:\/\/api.w.org\/{rel}","templated":true}]}}