{"id":9386,"date":"2022-03-11T15:49:49","date_gmt":"2022-03-11T15:49:49","guid":{"rendered":"https:\/\/stonersmeds.com\/?post_type=product&#038;p=9386"},"modified":"2026-03-01T11:50:07","modified_gmt":"2026-03-01T09:50:07","slug":"buy-gorilla-biscuit-marijuana-strain-online","status":"publish","type":"product","link":"https:\/\/stonersmeds.com\/fi\/shop\/buy-gorilla-biscuit-marijuana-strain-online\/","title":{"rendered":"Osta Gorilla Biscuit Marihuana Strain verkosta"},"content":{"rendered":"<h1>Osta Gorilla Biscuit Marihuana Strain verkosta.<\/h1>\n<p>Osta Gorilla Biscuit Marihuana Strain verkosta.<\/p>\n<p>Gorilla biscuit marijuana is Indica Dominant Hybrid \u2013 60% Indica \/ 40% Sativa THC: 15% \u2013 20%<\/p>\n<p>Tehosteet<br \/>\nHer\u00e4stynyt, Euforia, N\u00e4lk\u00e4inen, Rentouttava, Uninen<br \/>\nVoi helpottaa<br \/>\nAnoreksia, kouristukset, masennus, unettomuus, stressi<br \/>\nMaut<br \/>\nKahvi, sitruuna, m\u00e4nty<br \/>\nAromit<br \/>\nKahvi, maanl\u00e4heinen, pist\u00e4v\u00e4, mausteinen<\/p>\n<p>Seeds of Compassionin Gorilla Biscuit on indikaa hallitseva leikkaus, joka on toistettu Sensi Starin ja Stardawg IX:n t\u00e4rp\u00e4ttifenon risteyksest\u00e4. T\u00e4m\u00e4 harvinainen ja melko vanhan koulukunnan sekoitus on nimetty metakvalonista, jota kutsutaan my\u00f6s quaaludeksiksi, l\u00e4\u00e4kkeeksi, jolla on rauhoittava ja eksoottinen vaikutus kehoon. Sen tavarat kulkevat my\u00f6s rauhoittavalla tavalla j\u00e4tt\u00e4en lis\u00e4kkeet reiluiksi ja l\u00f6ysiksi. Gorilla Biscuitissa on kiinte\u00e4 terpeeniprofiili, joka tuoksuu vakavasti Pine Solilta ja kahvipavuilta.<\/p>\n<p>Gorilla Biscuits Strain: A genuine stoner strain, Gorilla OG\u2019s high forms gradually and achieves an impression of rapture that goes on for quite a long time. Your psyche and body will be humming and musings may not be very as clear as they were a couple of hours back once her belongings completely grab hold. The most noticeable piece of your experience will be the solid impression of love seat lock, making it hard for you to fulfill the munchies that have sneaked in. Our recommendation is to advance beyond time with a sweeping, pad, and a lot of food inside arm\u2019s scope. This uncommon and rather old school mix is named for Methaqualone, otherwise called quaaludes, a medicine which has a soothing and exotic impact on the body. Its belongings carry on in an also soothing way, leaving the appendages hefty and loose. Gorilla Biscuit has a solid terpene profile, smelling seriously of Pine Sol and coffee beans.<\/p>\n<p>&nbsp;<\/p>\n<p>&nbsp;<\/p>\n<p>&nbsp;<\/p>\n<pre><strong>Osta Gorilla Biscuit Marihuana Strain Online - osta Biscuit Marijuana, osta Gorilla Biscuit Marihuana Strain, osta Gorilla Biscuit Marihuana Strain verkossa, Mist\u00e4 ostaa Gorilla Biscuit Marihuana Strain , Gorilla Biscuit Marihuana Strain myyt\u00e4v\u00e4n\u00e4, Marijuana Biscuit Marijuana Strain myyt\u00e4v\u00e4n\u00e4, osta Mariju Gorilla Biscuit verkossa , mist\u00e4 ostaa Gorilla Biscuit Marihuana Strain verkossa, Gorilla Biscuit Marihuana Strain myyt\u00e4v\u00e4n\u00e4 Yhdysvalloissa , USA, Kanada, Iso-Britannia, osta, online, toimittajat, turvallinen toimitus, Voit edelleen saada Gorilla Biscuit Marihuana Strain -kantaa , Onko Gorilla Biscuit Marihuana -kanta Yhdysvalloissa , osta Gorilla Biscuit Marijuana Strain verkosta usa, kuinka tilaat Gorilla Biscuit Marijuana Strain, Onko Gorilla Biscuit Marijuana Strain laillista Kanadassa<\/strong><\/pre>","protected":false},"excerpt":{"rendered":"<p>Osta Gorilla Biscuit Marihuana Strain verkosta. Johtaja sis\u00e4\u00e4n\u00a0<em>kannabista<\/em>\u00a0mail orders in Canada with more than 15 year\u2019s experience in the medical\u00a0<em>marihuana<\/em>\u00a0ala.<\/p>\n<pre><strong>Osta Gorilla Biscuit Marihuana Strain Online - osta Biscuit Marijuana, osta Gorilla Biscuit Marihuana Strain, osta Gorilla Biscuit Marihuana Strain verkossa, Mist\u00e4 ostaa Gorilla Biscuit Marihuana Strain , Gorilla Biscuit Marihuana Strain myyt\u00e4v\u00e4n\u00e4, Marijuana Biscuit Marijuana Strain myyt\u00e4v\u00e4n\u00e4, osta Mariju Gorilla Biscuit verkossa , mist\u00e4 ostaa Gorilla Biscuit Marihuana Strain verkossa, Gorilla Biscuit Marihuana Strain myyt\u00e4v\u00e4n\u00e4 Yhdysvalloissa , USA, Kanada, Iso-Britannia, osta, online, toimittajat, turvallinen toimitus, Voit edelleen saada Gorilla Biscuit Marihuana Strain -kantaa , Onko Gorilla Biscuit Marihuana -kanta Yhdysvalloissa , osta Gorilla Biscuit Marijuana Strain verkosta usa, kuinka tilaat Gorilla Biscuit Marijuana Strain, Onko Gorilla Biscuit Marijuana Strain laillista Kanadassa<\/strong><\/pre>","protected":false},"featured_media":9402,"comment_status":"open","ping_status":"closed","template":"","meta":{"_bst_post_transparent":"","_bst_post_title":"","_bst_post_layout":"","_bst_post_sidebar_id":"","_bst_post_content_style":"","_bst_post_vertical_padding":"","_bst_post_feature":"","_bst_post_feature_position":"","_bst_post_header":false,"_bst_post_footer":false},"product_brand":[],"product_cat":[81],"product_tag":[],"product_brands":[],"class_list":{"0":"post-9386","1":"product","2":"type-product","3":"status-publish","4":"has-post-thumbnail","6":"product_cat-marijuana-medical-cannabis","8":"first","9":"instock","10":"shipping-taxable","11":"purchasable","12":"product-type-variable","13":"entry","14":"content-bg","15":"loop-entry"},"tiered_pricing_type":"fixed","tiered_pricing_fixed_rules":{"28":"9","50":"8","100":"7","250":"6","500":"4.5","1000":"3"},"tiered_pricing_percentage_rules":[],"tiered_pricing_minimum":1,"_administrator_tiered_pricing_type":"fixed","_administrator_tiered_pricing_fixed_rules":[],"_editor_tiered_pricing_type":"fixed","_editor_tiered_pricing_fixed_rules":[],"_author_tiered_pricing_type":"fixed","_author_tiered_pricing_fixed_rules":[],"_contributor_tiered_pricing_type":"fixed","_contributor_tiered_pricing_fixed_rules":[],"_subscriber_tiered_pricing_type":"fixed","_subscriber_tiered_pricing_fixed_rules":[],"_customer_tiered_pricing_type":"fixed","_customer_tiered_pricing_fixed_rules":[],"_shop_manager_tiered_pricing_type":"fixed","_shop_manager_tiered_pricing_fixed_rules":[],"_wpseo_manager_tiered_pricing_type":"fixed","_wpseo_manager_tiered_pricing_fixed_rules":[],"_wpseo_editor_tiered_pricing_type":"fixed","_wpseo_editor_tiered_pricing_fixed_rules":[],"yoast_head":"<!-- This site is optimized with the Yoast SEO plugin v27.2 - https:\/\/yoast.com\/product\/yoast-seo-wordpress\/ -->\n<title>Buy Gorilla Biscuit Marijuana Strain Online - stonersmeds.com<\/title>\n<meta name=\"robots\" content=\"index, follow, max-snippet:-1, max-image-preview:large, max-video-preview:-1\" \/>\n<link rel=\"canonical\" href=\"https:\/\/stonersmeds.com\/fi\/shop\/buy-gorilla-biscuit-marijuana-strain-online\/\" \/>\n<meta property=\"og:locale\" content=\"fi_FI\" \/>\n<meta property=\"og:type\" content=\"article\" \/>\n<meta property=\"og:title\" content=\"Buy Gorilla Biscuit Marijuana Strain Online - stonersmeds.com\" \/>\n<meta property=\"og:description\" content=\"Buy Gorilla Biscuit Marijuana Strain Online. The leader in\u00a0cannabis\u00a0mail orders in Canada with more than 15 year\u2019s experience in the medical\u00a0marijuana\u00a0industry. Buy Gorilla Biscuit Marijuana Strain Online - buy Biscuit Marijuana , buy Gorilla Biscuit Marijuana Strain , buy Gorilla Biscuit Marijuana Strain online, Where to Buy Gorilla Biscuit Marijuana Strain , Gorilla Biscuit Marijuana Strain for sale, Marijuana Strain for sale, buy Gorilla Biscuit Marijuana Strain online, where to Buy Gorilla Biscuit Marijuana Strain online, Gorilla Biscuit Marijuana Strain for sale in usa , USA, canada,uk, buy, online, suppliers, safe delivery, You can still get Gorilla Biscuit Marijuana Strain , Is Gorilla Biscuit Marijuana Strain in usa, buy Gorilla Biscuit Marijuana Strain online usa, how to order Gorilla Biscuit Marijuana Strain, Is Gorilla Biscuit Marijuana Strain legal in Canada\" \/>\n<meta property=\"og:url\" content=\"https:\/\/stonersmeds.com\/fi\/shop\/buy-gorilla-biscuit-marijuana-strain-online\/\" \/>\n<meta property=\"og:site_name\" content=\"stonersmeds.com\" \/>\n<meta property=\"article:modified_time\" content=\"2026-03-01T09:50:07+00:00\" \/>\n<meta property=\"og:image\" content=\"https:\/\/stonersmeds.com\/wp-content\/uploads\/2022\/03\/Buy-Gorilla-Biscuit-Marijuana-Strain-Online.jpg\" \/>\n\t<meta property=\"og:image:width\" content=\"600\" \/>\n\t<meta property=\"og:image:height\" content=\"600\" \/>\n\t<meta property=\"og:image:type\" content=\"image\/jpeg\" \/>\n<meta name=\"twitter:card\" content=\"summary_large_image\" \/>\n<meta name=\"twitter:label1\" content=\"Saatavuus\" \/>\n\t<meta name=\"twitter:data1\" content=\"Varastossa\" \/>\n<script type=\"application\/ld+json\" class=\"yoast-schema-graph\">{\"@context\":\"https:\/\/schema.org\",\"@graph\":[{\"@type\":\"WebPage\",\"@id\":\"https:\/\/stonersmeds.com\/shop\/buy-gorilla-biscuit-marijuana-strain-online\/\",\"url\":\"https:\/\/stonersmeds.com\/shop\/buy-gorilla-biscuit-marijuana-strain-online\/\",\"name\":\"Buy Gorilla Biscuit Marijuana Strain Online - stonersmeds.com\",\"isPartOf\":{\"@id\":\"https:\/\/stonersmeds.com\/#website\"},\"primaryImageOfPage\":{\"@id\":\"https:\/\/stonersmeds.com\/shop\/buy-gorilla-biscuit-marijuana-strain-online\/#primaryimage\"},\"image\":{\"@id\":\"https:\/\/stonersmeds.com\/shop\/buy-gorilla-biscuit-marijuana-strain-online\/#primaryimage\"},\"thumbnailUrl\":\"https:\/\/stonersmeds.com\/wp-content\/uploads\/2022\/03\/Buy-Gorilla-Biscuit-Marijuana-Strain-Online.jpg\",\"datePublished\":\"2022-03-11T15:49:49+00:00\",\"dateModified\":\"2026-03-01T09:50:07+00:00\",\"breadcrumb\":{\"@id\":\"https:\/\/stonersmeds.com\/shop\/buy-gorilla-biscuit-marijuana-strain-online\/#breadcrumb\"},\"inLanguage\":\"fi\",\"potentialAction\":[{\"@type\":\"ReadAction\",\"target\":[\"https:\/\/stonersmeds.com\/shop\/buy-gorilla-biscuit-marijuana-strain-online\/\"]}]},{\"@type\":\"ImageObject\",\"inLanguage\":\"fi\",\"@id\":\"https:\/\/stonersmeds.com\/shop\/buy-gorilla-biscuit-marijuana-strain-online\/#primaryimage\",\"url\":\"https:\/\/stonersmeds.com\/wp-content\/uploads\/2022\/03\/Buy-Gorilla-Biscuit-Marijuana-Strain-Online.jpg\",\"contentUrl\":\"https:\/\/stonersmeds.com\/wp-content\/uploads\/2022\/03\/Buy-Gorilla-Biscuit-Marijuana-Strain-Online.jpg\",\"width\":600,\"height\":600},{\"@type\":\"BreadcrumbList\",\"@id\":\"https:\/\/stonersmeds.com\/shop\/buy-gorilla-biscuit-marijuana-strain-online\/#breadcrumb\",\"itemListElement\":[{\"@type\":\"ListItem\",\"position\":1,\"name\":\"Home\",\"item\":\"https:\/\/stonersmeds.com\/\"},{\"@type\":\"ListItem\",\"position\":2,\"name\":\"Shop\",\"item\":\"https:\/\/stonersmeds.com\/shop\/\"},{\"@type\":\"ListItem\",\"position\":3,\"name\":\"Buy Gorilla Biscuit Marijuana Strain Online\"}]},{\"@type\":\"WebSite\",\"@id\":\"https:\/\/stonersmeds.com\/#website\",\"url\":\"https:\/\/stonersmeds.com\/\",\"name\":\"stonersmeds.com\",\"description\":\"verschreibungspflichtige Medizin kaufen\",\"publisher\":{\"@id\":\"https:\/\/stonersmeds.com\/#organization\"},\"alternateName\":\"Research chemical shop\",\"potentialAction\":[{\"@type\":\"SearchAction\",\"target\":{\"@type\":\"EntryPoint\",\"urlTemplate\":\"https:\/\/stonersmeds.com\/?s={search_term_string}\"},\"query-input\":{\"@type\":\"PropertyValueSpecification\",\"valueRequired\":true,\"valueName\":\"search_term_string\"}}],\"inLanguage\":\"fi\"},{\"@type\":\"Organization\",\"@id\":\"https:\/\/stonersmeds.com\/#organization\",\"name\":\"Stonersmeds Shop\",\"url\":\"https:\/\/stonersmeds.com\/\",\"logo\":{\"@type\":\"ImageObject\",\"inLanguage\":\"fi\",\"@id\":\"https:\/\/stonersmeds.com\/#\/schema\/logo\/image\/\",\"url\":\"https:\/\/stonersmeds.com\/wp-content\/uploads\/2026\/02\/high-purity-DMT-powder.jpg\",\"contentUrl\":\"https:\/\/stonersmeds.com\/wp-content\/uploads\/2026\/02\/high-purity-DMT-powder.jpg\",\"width\":500,\"height\":500,\"caption\":\"Stonersmeds Shop\"},\"image\":{\"@id\":\"https:\/\/stonersmeds.com\/#\/schema\/logo\/image\/\"}}]}<\/script>\n<meta property=\"og:availability\" content=\"instock\" \/>\n<meta property=\"product:availability\" content=\"instock\" \/>\n<meta property=\"product:condition\" content=\"new\" \/>\n<!-- \/ Yoast SEO plugin. -->","yoast_head_json":{"title":"Osta Gorilla Biscuit Marihuana Strain Online - stonersmeds.com","robots":{"index":"index","follow":"follow","max-snippet":"max-snippet:-1","max-image-preview":"max-image-preview:large","max-video-preview":"max-video-preview:-1"},"canonical":"https:\/\/stonersmeds.com\/fi\/shop\/buy-gorilla-biscuit-marijuana-strain-online\/","og_locale":"fi_FI","og_type":"article","og_title":"Buy Gorilla Biscuit Marijuana Strain Online - stonersmeds.com","og_description":"Buy Gorilla Biscuit Marijuana Strain Online. The leader in\u00a0cannabis\u00a0mail orders in Canada with more than 15 year\u2019s experience in the medical\u00a0marijuana\u00a0industry. Buy Gorilla Biscuit Marijuana Strain Online - buy Biscuit Marijuana , buy Gorilla Biscuit Marijuana Strain , buy Gorilla Biscuit Marijuana Strain online, Where to Buy Gorilla Biscuit Marijuana Strain , Gorilla Biscuit Marijuana Strain for sale, Marijuana Strain for sale, buy Gorilla Biscuit Marijuana Strain online, where to Buy Gorilla Biscuit Marijuana Strain online, Gorilla Biscuit Marijuana Strain for sale in usa , USA, canada,uk, buy, online, suppliers, safe delivery, You can still get Gorilla Biscuit Marijuana Strain , Is Gorilla Biscuit Marijuana Strain in usa, buy Gorilla Biscuit Marijuana Strain online usa, how to order Gorilla Biscuit Marijuana Strain, Is Gorilla Biscuit Marijuana Strain legal in Canada","og_url":"https:\/\/stonersmeds.com\/fi\/shop\/buy-gorilla-biscuit-marijuana-strain-online\/","og_site_name":"stonersmeds.com","article_modified_time":"2026-03-01T09:50:07+00:00","og_image":[{"width":600,"height":600,"url":"https:\/\/stonersmeds.com\/wp-content\/uploads\/2022\/03\/Buy-Gorilla-Biscuit-Marijuana-Strain-Online.jpg","type":"image\/jpeg"}],"twitter_card":"summary_large_image","twitter_misc":{"Saatavuus":"Varastossa"},"schema":{"@context":"https:\/\/schema.org","@graph":[{"@type":"WebPage","@id":"https:\/\/stonersmeds.com\/shop\/buy-gorilla-biscuit-marijuana-strain-online\/","url":"https:\/\/stonersmeds.com\/shop\/buy-gorilla-biscuit-marijuana-strain-online\/","name":"Osta Gorilla Biscuit Marihuana Strain Online - stonersmeds.com","isPartOf":{"@id":"https:\/\/stonersmeds.com\/#website"},"primaryImageOfPage":{"@id":"https:\/\/stonersmeds.com\/shop\/buy-gorilla-biscuit-marijuana-strain-online\/#primaryimage"},"image":{"@id":"https:\/\/stonersmeds.com\/shop\/buy-gorilla-biscuit-marijuana-strain-online\/#primaryimage"},"thumbnailUrl":"https:\/\/stonersmeds.com\/wp-content\/uploads\/2022\/03\/Buy-Gorilla-Biscuit-Marijuana-Strain-Online.jpg","datePublished":"2022-03-11T15:49:49+00:00","dateModified":"2026-03-01T09:50:07+00:00","breadcrumb":{"@id":"https:\/\/stonersmeds.com\/shop\/buy-gorilla-biscuit-marijuana-strain-online\/#breadcrumb"},"inLanguage":"fi","potentialAction":[{"@type":"ReadAction","target":["https:\/\/stonersmeds.com\/shop\/buy-gorilla-biscuit-marijuana-strain-online\/"]}]},{"@type":"ImageObject","inLanguage":"fi","@id":"https:\/\/stonersmeds.com\/shop\/buy-gorilla-biscuit-marijuana-strain-online\/#primaryimage","url":"https:\/\/stonersmeds.com\/wp-content\/uploads\/2022\/03\/Buy-Gorilla-Biscuit-Marijuana-Strain-Online.jpg","contentUrl":"https:\/\/stonersmeds.com\/wp-content\/uploads\/2022\/03\/Buy-Gorilla-Biscuit-Marijuana-Strain-Online.jpg","width":600,"height":600},{"@type":"BreadcrumbList","@id":"https:\/\/stonersmeds.com\/shop\/buy-gorilla-biscuit-marijuana-strain-online\/#breadcrumb","itemListElement":[{"@type":"ListItem","position":1,"name":"Home","item":"https:\/\/stonersmeds.com\/"},{"@type":"ListItem","position":2,"name":"Shop","item":"https:\/\/stonersmeds.com\/shop\/"},{"@type":"ListItem","position":3,"name":"Buy Gorilla Biscuit Marijuana Strain Online"}]},{"@type":"WebSite","@id":"https:\/\/stonersmeds.com\/#website","url":"https:\/\/stonersmeds.com\/","name":"stonersmeds.com","description":"verschreibungspflichtige Medizin kaufen","publisher":{"@id":"https:\/\/stonersmeds.com\/#organization"},"alternateName":"Research chemical shop","potentialAction":[{"@type":"SearchAction","target":{"@type":"EntryPoint","urlTemplate":"https:\/\/stonersmeds.com\/?s={search_term_string}"},"query-input":{"@type":"PropertyValueSpecification","valueRequired":true,"valueName":"search_term_string"}}],"inLanguage":"fi"},{"@type":"Organization","@id":"https:\/\/stonersmeds.com\/#organization","name":"Stonersmeds Shop","url":"https:\/\/stonersmeds.com\/","logo":{"@type":"ImageObject","inLanguage":"fi","@id":"https:\/\/stonersmeds.com\/#\/schema\/logo\/image\/","url":"https:\/\/stonersmeds.com\/wp-content\/uploads\/2026\/02\/high-purity-DMT-powder.jpg","contentUrl":"https:\/\/stonersmeds.com\/wp-content\/uploads\/2026\/02\/high-purity-DMT-powder.jpg","width":500,"height":500,"caption":"Stonersmeds Shop"},"image":{"@id":"https:\/\/stonersmeds.com\/#\/schema\/logo\/image\/"}}]},"og_availability":"instock","product_availability":"instock","product_condition":"new"},"_links":{"self":[{"href":"https:\/\/stonersmeds.com\/fi\/wp-json\/wp\/v2\/product\/9386","targetHints":{"allow":["GET"]}}],"collection":[{"href":"https:\/\/stonersmeds.com\/fi\/wp-json\/wp\/v2\/product"}],"about":[{"href":"https:\/\/stonersmeds.com\/fi\/wp-json\/wp\/v2\/types\/product"}],"replies":[{"embeddable":true,"href":"https:\/\/stonersmeds.com\/fi\/wp-json\/wp\/v2\/comments?post=9386"}],"version-history":[{"count":0,"href":"https:\/\/stonersmeds.com\/fi\/wp-json\/wp\/v2\/product\/9386\/revisions"}],"wp:featuredmedia":[{"embeddable":true,"href":"https:\/\/stonersmeds.com\/fi\/wp-json\/wp\/v2\/media\/9402"}],"wp:attachment":[{"href":"https:\/\/stonersmeds.com\/fi\/wp-json\/wp\/v2\/media?parent=9386"}],"wp:term":[{"taxonomy":"product_brand","embeddable":true,"href":"https:\/\/stonersmeds.com\/fi\/wp-json\/wp\/v2\/product_brand?post=9386"},{"taxonomy":"product_cat","embeddable":true,"href":"https:\/\/stonersmeds.com\/fi\/wp-json\/wp\/v2\/product_cat?post=9386"},{"taxonomy":"product_tag","embeddable":true,"href":"https:\/\/stonersmeds.com\/fi\/wp-json\/wp\/v2\/product_tag?post=9386"},{"taxonomy":"product_brands","embeddable":true,"href":"https:\/\/stonersmeds.com\/fi\/wp-json\/wp\/v2\/product_brands?post=9386"}],"curies":[{"name":"wp","href":"https:\/\/api.w.org\/{rel}","templated":true}]}}