{"id":9481,"date":"2022-03-11T17:03:34","date_gmt":"2022-03-11T17:03:34","guid":{"rendered":"https:\/\/stonersmeds.com\/?post_type=product&#038;p=9481"},"modified":"2026-03-02T12:20:04","modified_gmt":"2026-03-02T10:20:04","slug":"buy-medical-and-recreational-marijuana-online","status":"publish","type":"product","link":"https:\/\/stonersmeds.com\/fi\/shop\/buy-medical-and-recreational-marijuana-online\/","title":{"rendered":"Osta l\u00e4\u00e4ketieteellist\u00e4 ja virkistysmarihuanaa verkosta"},"content":{"rendered":"<h1>Osta Space Monster Marijuana verkosta.<\/h1>\n<p>Osta Space Monster Marijuana verkosta.<\/p>\n<p>Osta Space Monster Marijuana. Avaruushirvi\u00f6 marihuana on dominoiva hybridi - 75% Indica \/ 25% Sativa THC: 20%<\/p>\n<p>Tehosteet<br \/>\nKeho korkea, euforia, iloinen, rentouttava, unelias, kohottava<br \/>\nVoi helpottaa<br \/>\nKrooninen kipu, tulehdus, unettomuus, lihasspasmit, vapina<br \/>\nMaut<br \/>\nMarja, kemiallinen, ryp\u00e4le, makea<\/p>\n<p>&nbsp;<\/p>\n<p>&nbsp;<\/p>\n<p>&nbsp;<\/p>\n<pre><strong>Osta l\u00e4\u00e4ketieteellist\u00e4 ja virkistysmarihuanaa verkosta - osta marihuanaa, osta l\u00e4\u00e4ketieteellist\u00e4 ja virkistysmarihuanaa, osta virkistysmarihuanaa verkosta, mist\u00e4 ostaa l\u00e4\u00e4ketieteellist\u00e4 ja virkistysmarihuanaa , myyt\u00e4v\u00e4n\u00e4 l\u00e4\u00e4ke- ja virkistysmarihuanaa, myyt\u00e4v\u00e4n\u00e4 l\u00e4\u00e4kemarihuanaa, osta l\u00e4\u00e4kemarihuanaa verkosta, mist\u00e4 ostaa l\u00e4\u00e4ketieteellist\u00e4 marihuanaa Marihuana verkossa, L\u00e4\u00e4ketieteellinen ja virkistysmarihuana myyt\u00e4v\u00e4n\u00e4 Yhdysvalloissa, USA, Kanada, Yhdistynyt kuningaskunta, osta, verkossa, toimittajat, turvallinen toimitus, Voit silti saada l\u00e4\u00e4ketieteellist\u00e4 ja virkistysmarihuanaa , Onko l\u00e4\u00e4ketieteellist\u00e4 ja virkistysmarihuanaa Yhdysvalloissa, osta l\u00e4\u00e4ketieteellist\u00e4 ja virkistysmarihuanaa verkossa usa, kuinka tilata l\u00e4\u00e4ketieteellist\u00e4 ja virkistysmarihuanaa , Onko l\u00e4\u00e4ke- ja virkistysmarihuana laillista Kanadassa<\/strong><\/pre>","protected":false},"excerpt":{"rendered":"<p>Osta Space Monster Marijuana verkossa. Osta ruohoa verkossa l\u00a0<em>Osta marihuana verkosta<\/em>\u00a0|\u00a0<em>Osta kannabista verkosta<\/em>\u00a0| sy\u00f6t\u00e4v\u00e4t | Kannabis\u00f6ljy\u00e4 myynniss\u00e4.<\/p>\n<pre><strong>\r\nOsta l\u00e4\u00e4ketieteellist\u00e4 ja virkistysmarihuanaa verkosta - osta marihuanaa, osta l\u00e4\u00e4ketieteellist\u00e4 ja virkistysmarihuanaa, osta virkistysmarihuanaa verkosta, mist\u00e4 ostaa l\u00e4\u00e4ketieteellist\u00e4 ja virkistysmarihuanaa , myyt\u00e4v\u00e4n\u00e4 l\u00e4\u00e4ke- ja virkistysmarihuanaa, myyt\u00e4v\u00e4n\u00e4 l\u00e4\u00e4kemarihuanaa, osta l\u00e4\u00e4kemarihuanaa verkosta, mist\u00e4 ostaa l\u00e4\u00e4ketieteellist\u00e4 marihuanaa Marihuana verkossa, L\u00e4\u00e4ketieteellinen ja virkistysmarihuana myyt\u00e4v\u00e4n\u00e4 Yhdysvalloissa, USA, Kanada, Yhdistynyt kuningaskunta, osta, verkossa, toimittajat, turvallinen toimitus, Voit silti saada l\u00e4\u00e4ketieteellist\u00e4 ja virkistysmarihuanaa , Onko l\u00e4\u00e4ketieteellist\u00e4 ja virkistysmarihuanaa Yhdysvalloissa, osta l\u00e4\u00e4ketieteellist\u00e4 ja virkistysmarihuanaa verkossa usa, kuinka tilata l\u00e4\u00e4ketieteellist\u00e4 ja virkistysmarihuanaa , Onko l\u00e4\u00e4ke- ja virkistysmarihuana laillista Kanadassa<\/strong><\/pre>","protected":false},"featured_media":9489,"comment_status":"open","ping_status":"closed","template":"","meta":{"_bst_post_transparent":"","_bst_post_title":"","_bst_post_layout":"","_bst_post_sidebar_id":"","_bst_post_content_style":"","_bst_post_vertical_padding":"","_bst_post_feature":"","_bst_post_feature_position":"","_bst_post_header":false,"_bst_post_footer":false},"product_brand":[],"product_cat":[81],"product_tag":[],"product_brands":[],"class_list":{"0":"post-9481","1":"product","2":"type-product","3":"status-publish","4":"has-post-thumbnail","6":"product_cat-marijuana-medical-cannabis","8":"first","9":"instock","10":"shipping-taxable","11":"purchasable","12":"product-type-variable","13":"entry","14":"content-bg","15":"loop-entry"},"tiered_pricing_type":"fixed","tiered_pricing_fixed_rules":{"28":"9","50":"8","100":"7","250":"6","500":"4.5","1000":"3"},"tiered_pricing_percentage_rules":[],"tiered_pricing_minimum":1,"_administrator_tiered_pricing_type":"fixed","_administrator_tiered_pricing_fixed_rules":[],"_editor_tiered_pricing_type":"fixed","_editor_tiered_pricing_fixed_rules":[],"_author_tiered_pricing_type":"fixed","_author_tiered_pricing_fixed_rules":[],"_contributor_tiered_pricing_type":"fixed","_contributor_tiered_pricing_fixed_rules":[],"_subscriber_tiered_pricing_type":"fixed","_subscriber_tiered_pricing_fixed_rules":[],"_customer_tiered_pricing_type":"fixed","_customer_tiered_pricing_fixed_rules":[],"_shop_manager_tiered_pricing_type":"fixed","_shop_manager_tiered_pricing_fixed_rules":[],"_wpseo_manager_tiered_pricing_type":"fixed","_wpseo_manager_tiered_pricing_fixed_rules":[],"_wpseo_editor_tiered_pricing_type":"fixed","_wpseo_editor_tiered_pricing_fixed_rules":[],"yoast_head":"<!-- This site is optimized with the Yoast SEO plugin v27.2 - https:\/\/yoast.com\/product\/yoast-seo-wordpress\/ -->\n<title>Buy Medical and recreational Marijuana Online - stonersmeds.com<\/title>\n<meta name=\"robots\" content=\"index, follow, max-snippet:-1, max-image-preview:large, max-video-preview:-1\" \/>\n<link rel=\"canonical\" href=\"https:\/\/stonersmeds.com\/fi\/shop\/buy-medical-and-recreational-marijuana-online\/\" \/>\n<meta property=\"og:locale\" content=\"fi_FI\" \/>\n<meta property=\"og:type\" content=\"article\" \/>\n<meta property=\"og:title\" content=\"Buy Medical and recreational Marijuana Online - stonersmeds.com\" \/>\n<meta property=\"og:description\" content=\"Buy Space Monster Marijuana online.\u00a0Buy Weed Online l\u00a0Buy Marijuana Online\u00a0|\u00a0Buy Cannabis Online\u00a0| edibles | Cannabis Oil for sale.  Buy Medical and recreational Marijuana Online - buy Marijuana, buy Medical and recreational Marijuana , buy recreational Marijuana online, Where to Buy Medical and recreational Marijuana , Medical and recreational Marijuana for sale, Medical Marijuana for sale, buy Medical Marijuana online, where to Buy Medical Marijuana online, Medical and recreational Marijuana for sale in usa , USA, canada,uk, buy, online, suppliers, safe delivery, You can still get Medical and recreational Marijuana , Is Medical and recreational Marijuana in usa, buy Medical and recreational Marijuana online usa, how to order Medical and recreational Marijuana , Is Medical and recreational Marijuana legal in Canada\" \/>\n<meta property=\"og:url\" content=\"https:\/\/stonersmeds.com\/fi\/shop\/buy-medical-and-recreational-marijuana-online\/\" \/>\n<meta property=\"og:site_name\" content=\"stonersmeds.com\" \/>\n<meta property=\"article:modified_time\" content=\"2026-03-02T10:20:04+00:00\" \/>\n<meta property=\"og:image\" content=\"https:\/\/stonersmeds.com\/wp-content\/uploads\/2022\/03\/Buy-Space-Monster-Marijuana-online.jpg\" \/>\n\t<meta property=\"og:image:width\" content=\"600\" \/>\n\t<meta property=\"og:image:height\" content=\"600\" \/>\n\t<meta property=\"og:image:type\" content=\"image\/jpeg\" \/>\n<meta name=\"twitter:card\" content=\"summary_large_image\" \/>\n<meta name=\"twitter:label1\" content=\"Saatavuus\" \/>\n\t<meta name=\"twitter:data1\" content=\"Varastossa\" \/>\n<script type=\"application\/ld+json\" class=\"yoast-schema-graph\">{\"@context\":\"https:\/\/schema.org\",\"@graph\":[{\"@type\":\"WebPage\",\"@id\":\"https:\/\/stonersmeds.com\/shop\/buy-medical-and-recreational-marijuana-online\/\",\"url\":\"https:\/\/stonersmeds.com\/shop\/buy-medical-and-recreational-marijuana-online\/\",\"name\":\"Buy Medical and recreational Marijuana Online - stonersmeds.com\",\"isPartOf\":{\"@id\":\"https:\/\/stonersmeds.com\/#website\"},\"primaryImageOfPage\":{\"@id\":\"https:\/\/stonersmeds.com\/shop\/buy-medical-and-recreational-marijuana-online\/#primaryimage\"},\"image\":{\"@id\":\"https:\/\/stonersmeds.com\/shop\/buy-medical-and-recreational-marijuana-online\/#primaryimage\"},\"thumbnailUrl\":\"https:\/\/stonersmeds.com\/wp-content\/uploads\/2022\/03\/Buy-Space-Monster-Marijuana-online.jpg\",\"datePublished\":\"2022-03-11T17:03:34+00:00\",\"dateModified\":\"2026-03-02T10:20:04+00:00\",\"breadcrumb\":{\"@id\":\"https:\/\/stonersmeds.com\/shop\/buy-medical-and-recreational-marijuana-online\/#breadcrumb\"},\"inLanguage\":\"fi\",\"potentialAction\":[{\"@type\":\"ReadAction\",\"target\":[\"https:\/\/stonersmeds.com\/shop\/buy-medical-and-recreational-marijuana-online\/\"]}]},{\"@type\":\"ImageObject\",\"inLanguage\":\"fi\",\"@id\":\"https:\/\/stonersmeds.com\/shop\/buy-medical-and-recreational-marijuana-online\/#primaryimage\",\"url\":\"https:\/\/stonersmeds.com\/wp-content\/uploads\/2022\/03\/Buy-Space-Monster-Marijuana-online.jpg\",\"contentUrl\":\"https:\/\/stonersmeds.com\/wp-content\/uploads\/2022\/03\/Buy-Space-Monster-Marijuana-online.jpg\",\"width\":600,\"height\":600},{\"@type\":\"BreadcrumbList\",\"@id\":\"https:\/\/stonersmeds.com\/shop\/buy-medical-and-recreational-marijuana-online\/#breadcrumb\",\"itemListElement\":[{\"@type\":\"ListItem\",\"position\":1,\"name\":\"Home\",\"item\":\"https:\/\/stonersmeds.com\/\"},{\"@type\":\"ListItem\",\"position\":2,\"name\":\"Shop\",\"item\":\"https:\/\/stonersmeds.com\/shop\/\"},{\"@type\":\"ListItem\",\"position\":3,\"name\":\"Buy Medical and recreational Marijuana Online\"}]},{\"@type\":\"WebSite\",\"@id\":\"https:\/\/stonersmeds.com\/#website\",\"url\":\"https:\/\/stonersmeds.com\/\",\"name\":\"stonersmeds.com\",\"description\":\"verschreibungspflichtige Medizin kaufen\",\"publisher\":{\"@id\":\"https:\/\/stonersmeds.com\/#organization\"},\"alternateName\":\"Research chemical shop\",\"potentialAction\":[{\"@type\":\"SearchAction\",\"target\":{\"@type\":\"EntryPoint\",\"urlTemplate\":\"https:\/\/stonersmeds.com\/?s={search_term_string}\"},\"query-input\":{\"@type\":\"PropertyValueSpecification\",\"valueRequired\":true,\"valueName\":\"search_term_string\"}}],\"inLanguage\":\"fi\"},{\"@type\":\"Organization\",\"@id\":\"https:\/\/stonersmeds.com\/#organization\",\"name\":\"Stonersmeds Shop\",\"url\":\"https:\/\/stonersmeds.com\/\",\"logo\":{\"@type\":\"ImageObject\",\"inLanguage\":\"fi\",\"@id\":\"https:\/\/stonersmeds.com\/#\/schema\/logo\/image\/\",\"url\":\"https:\/\/stonersmeds.com\/wp-content\/uploads\/2026\/02\/high-purity-DMT-powder.jpg\",\"contentUrl\":\"https:\/\/stonersmeds.com\/wp-content\/uploads\/2026\/02\/high-purity-DMT-powder.jpg\",\"width\":500,\"height\":500,\"caption\":\"Stonersmeds Shop\"},\"image\":{\"@id\":\"https:\/\/stonersmeds.com\/#\/schema\/logo\/image\/\"}}]}<\/script>\n<meta property=\"og:availability\" content=\"instock\" \/>\n<meta property=\"product:availability\" content=\"instock\" \/>\n<meta property=\"product:condition\" content=\"new\" \/>\n<!-- \/ Yoast SEO plugin. -->","yoast_head_json":{"title":"Osta l\u00e4\u00e4ketieteellist\u00e4 ja virkistysmarihuanaa verkosta - stonersmeds.com","robots":{"index":"index","follow":"follow","max-snippet":"max-snippet:-1","max-image-preview":"max-image-preview:large","max-video-preview":"max-video-preview:-1"},"canonical":"https:\/\/stonersmeds.com\/fi\/shop\/buy-medical-and-recreational-marijuana-online\/","og_locale":"fi_FI","og_type":"article","og_title":"Buy Medical and recreational Marijuana Online - stonersmeds.com","og_description":"Buy Space Monster Marijuana online.\u00a0Buy Weed Online l\u00a0Buy Marijuana Online\u00a0|\u00a0Buy Cannabis Online\u00a0| edibles | Cannabis Oil for sale.  Buy Medical and recreational Marijuana Online - buy Marijuana, buy Medical and recreational Marijuana , buy recreational Marijuana online, Where to Buy Medical and recreational Marijuana , Medical and recreational Marijuana for sale, Medical Marijuana for sale, buy Medical Marijuana online, where to Buy Medical Marijuana online, Medical and recreational Marijuana for sale in usa , USA, canada,uk, buy, online, suppliers, safe delivery, You can still get Medical and recreational Marijuana , Is Medical and recreational Marijuana in usa, buy Medical and recreational Marijuana online usa, how to order Medical and recreational Marijuana , Is Medical and recreational Marijuana legal in Canada","og_url":"https:\/\/stonersmeds.com\/fi\/shop\/buy-medical-and-recreational-marijuana-online\/","og_site_name":"stonersmeds.com","article_modified_time":"2026-03-02T10:20:04+00:00","og_image":[{"width":600,"height":600,"url":"https:\/\/stonersmeds.com\/wp-content\/uploads\/2022\/03\/Buy-Space-Monster-Marijuana-online.jpg","type":"image\/jpeg"}],"twitter_card":"summary_large_image","twitter_misc":{"Saatavuus":"Varastossa"},"schema":{"@context":"https:\/\/schema.org","@graph":[{"@type":"WebPage","@id":"https:\/\/stonersmeds.com\/shop\/buy-medical-and-recreational-marijuana-online\/","url":"https:\/\/stonersmeds.com\/shop\/buy-medical-and-recreational-marijuana-online\/","name":"Osta l\u00e4\u00e4ketieteellist\u00e4 ja virkistysmarihuanaa verkosta - stonersmeds.com","isPartOf":{"@id":"https:\/\/stonersmeds.com\/#website"},"primaryImageOfPage":{"@id":"https:\/\/stonersmeds.com\/shop\/buy-medical-and-recreational-marijuana-online\/#primaryimage"},"image":{"@id":"https:\/\/stonersmeds.com\/shop\/buy-medical-and-recreational-marijuana-online\/#primaryimage"},"thumbnailUrl":"https:\/\/stonersmeds.com\/wp-content\/uploads\/2022\/03\/Buy-Space-Monster-Marijuana-online.jpg","datePublished":"2022-03-11T17:03:34+00:00","dateModified":"2026-03-02T10:20:04+00:00","breadcrumb":{"@id":"https:\/\/stonersmeds.com\/shop\/buy-medical-and-recreational-marijuana-online\/#breadcrumb"},"inLanguage":"fi","potentialAction":[{"@type":"ReadAction","target":["https:\/\/stonersmeds.com\/shop\/buy-medical-and-recreational-marijuana-online\/"]}]},{"@type":"ImageObject","inLanguage":"fi","@id":"https:\/\/stonersmeds.com\/shop\/buy-medical-and-recreational-marijuana-online\/#primaryimage","url":"https:\/\/stonersmeds.com\/wp-content\/uploads\/2022\/03\/Buy-Space-Monster-Marijuana-online.jpg","contentUrl":"https:\/\/stonersmeds.com\/wp-content\/uploads\/2022\/03\/Buy-Space-Monster-Marijuana-online.jpg","width":600,"height":600},{"@type":"BreadcrumbList","@id":"https:\/\/stonersmeds.com\/shop\/buy-medical-and-recreational-marijuana-online\/#breadcrumb","itemListElement":[{"@type":"ListItem","position":1,"name":"Home","item":"https:\/\/stonersmeds.com\/"},{"@type":"ListItem","position":2,"name":"Shop","item":"https:\/\/stonersmeds.com\/shop\/"},{"@type":"ListItem","position":3,"name":"Buy Medical and recreational Marijuana Online"}]},{"@type":"WebSite","@id":"https:\/\/stonersmeds.com\/#website","url":"https:\/\/stonersmeds.com\/","name":"stonersmeds.com","description":"verschreibungspflichtige Medizin kaufen","publisher":{"@id":"https:\/\/stonersmeds.com\/#organization"},"alternateName":"Research chemical shop","potentialAction":[{"@type":"SearchAction","target":{"@type":"EntryPoint","urlTemplate":"https:\/\/stonersmeds.com\/?s={search_term_string}"},"query-input":{"@type":"PropertyValueSpecification","valueRequired":true,"valueName":"search_term_string"}}],"inLanguage":"fi"},{"@type":"Organization","@id":"https:\/\/stonersmeds.com\/#organization","name":"Stonersmeds Shop","url":"https:\/\/stonersmeds.com\/","logo":{"@type":"ImageObject","inLanguage":"fi","@id":"https:\/\/stonersmeds.com\/#\/schema\/logo\/image\/","url":"https:\/\/stonersmeds.com\/wp-content\/uploads\/2026\/02\/high-purity-DMT-powder.jpg","contentUrl":"https:\/\/stonersmeds.com\/wp-content\/uploads\/2026\/02\/high-purity-DMT-powder.jpg","width":500,"height":500,"caption":"Stonersmeds Shop"},"image":{"@id":"https:\/\/stonersmeds.com\/#\/schema\/logo\/image\/"}}]},"og_availability":"instock","product_availability":"instock","product_condition":"new"},"_links":{"self":[{"href":"https:\/\/stonersmeds.com\/fi\/wp-json\/wp\/v2\/product\/9481","targetHints":{"allow":["GET"]}}],"collection":[{"href":"https:\/\/stonersmeds.com\/fi\/wp-json\/wp\/v2\/product"}],"about":[{"href":"https:\/\/stonersmeds.com\/fi\/wp-json\/wp\/v2\/types\/product"}],"replies":[{"embeddable":true,"href":"https:\/\/stonersmeds.com\/fi\/wp-json\/wp\/v2\/comments?post=9481"}],"version-history":[{"count":0,"href":"https:\/\/stonersmeds.com\/fi\/wp-json\/wp\/v2\/product\/9481\/revisions"}],"wp:featuredmedia":[{"embeddable":true,"href":"https:\/\/stonersmeds.com\/fi\/wp-json\/wp\/v2\/media\/9489"}],"wp:attachment":[{"href":"https:\/\/stonersmeds.com\/fi\/wp-json\/wp\/v2\/media?parent=9481"}],"wp:term":[{"taxonomy":"product_brand","embeddable":true,"href":"https:\/\/stonersmeds.com\/fi\/wp-json\/wp\/v2\/product_brand?post=9481"},{"taxonomy":"product_cat","embeddable":true,"href":"https:\/\/stonersmeds.com\/fi\/wp-json\/wp\/v2\/product_cat?post=9481"},{"taxonomy":"product_tag","embeddable":true,"href":"https:\/\/stonersmeds.com\/fi\/wp-json\/wp\/v2\/product_tag?post=9481"},{"taxonomy":"product_brands","embeddable":true,"href":"https:\/\/stonersmeds.com\/fi\/wp-json\/wp\/v2\/product_brands?post=9481"}],"curies":[{"name":"wp","href":"https:\/\/api.w.org\/{rel}","templated":true}]}}