{"id":9491,"date":"2022-03-11T17:08:26","date_gmt":"2022-03-11T17:08:26","guid":{"rendered":"https:\/\/stonersmeds.com\/?post_type=product&#038;p=9491"},"modified":"2026-03-02T15:30:04","modified_gmt":"2026-03-02T13:30:04","slug":"buy-mickey-kush-marijuana-strain-online","status":"publish","type":"product","link":"https:\/\/stonersmeds.com\/fi\/shop\/buy-mickey-kush-marijuana-strain-online\/","title":{"rendered":"Osta Mickey Kush Marihuana Strain verkosta"},"content":{"rendered":"<h1>Osta Mickey Kush Marihuana Strain verkosta.<\/h1>\n<p>Mickey Kush on sativa-dominantti (75% sativa \/ 25% indica) hybridikanta, jonka ovat kehitt\u00e4neet kasvattajat maineikkaalla TGA Genetics -tilalla. N\u00e4m\u00e4 m\u00e4r\u00e4t versot ovat uskomattoman sitke\u00e4n Sweet Irish Kush X Jack the Ripper -kannan risteytys, ja niiden THC-pitoisuus on 28,6%, mik\u00e4 on korkein arvo, joka on koskaan mitattu Sunrise Analyticsin testauslaitoksen historiassa. Mickey Kushissa on maanl\u00e4heinen sitruunan maku, jossa on kukkaisia aksentteja hengityksess\u00e4 ja makea sitruunakarkin tuoksu. Valmistaudu nopeaan alkuun energisen keskittymisen tunteeseen, rauhalliseen mieleen ja l\u00e4mpim\u00e4\u00e4n p\u00f6rin\u00e4\u00e4n koko kehossasi, kun imeskelet tuota m\u00e4rk\u00e4\u00e4 n\u00e4ppyl\u00e4\u00e4. N\u00e4iden vaikutusten vuoksi Mickey Cush on ihanteellinen maanisen masennuksen, mielialah\u00e4iri\u00f6iden, ADD:n ja ADHD:n hoitoon. Uudet potilaat saattavat h\u00e4m\u00e4t\u00e4 petollisia tuoksuja ja tuoksuja, mutta k\u00e4ytt\u00e4jien tulisi olla varovaisia - hyvin korkeat THC-pitoisuudet voivat tappaa sinut v\u00e4litt\u00f6m\u00e4sti, jos et ole varovainen! Muista k\u00e4ytt\u00e4\u00e4 t\u00e4t\u00e4 l\u00e4\u00e4kett\u00e4 kohtuudella ja odota pitk\u00e4\u00e4n annosten v\u00e4lill\u00e4. Nug Mickey Cush paksu, tahmea ja ruskehtavan oranssin karvan peitt\u00e4m\u00e4.<\/p>\n<div><\/div>\n<div><\/div>\n<div><\/div>\n<div><\/div>\n<pre><strong>Osta Mickey Kush Marijuana Strain Online - osta Marijuana Strain , osta Mickey Kush Marijuana Strain , osta Mickey Kush verkossa, mist\u00e4 ostaa Mickey Kush Marijuana Strain , Mickey Kush Marijuana Strain myyt\u00e4v\u00e4n\u00e4, Marijuana Strain myyt\u00e4v\u00e4n\u00e4, osta Marijuana Strain verkossa, mist\u00e4 ostaa Mickey Kush verkossa, Mickey Kush Marijuana Strain myyt\u00e4v\u00e4n\u00e4 usa , USA, Kanada,uk, ostaa, verkossa, toimittajat, turvallinen toimitus, Voit silti saada Mickey Kush Marijuana Strain , Onko Mickey Kush Marijuana Strain usa, ostaa Mickey Kush Marijuana Strain verkossa usa, miten tilata Mickey Kush Marijuana Strain , Onko Mickey Kush Marijuana Strain laillista Kanadassa.<\/strong><\/pre>","protected":false},"excerpt":{"rendered":"<p>Osta Mickey Kush Marihuana Strain Online. Asiakkaat kysyv\u00e4t usein Voitko\u00a0<em>ostaa<\/em>\u00a0rikkaruohot\u00a0<em>verkossa<\/em>\u00a0ja onko se toimitettu ilman, ett\u00e4 poliisit ovat j\u00e4ljitt\u00e4neet sit\u00e4? JOO!<\/p>\n<pre><strong>Osta Mickey Kush -marihuanan kanta verkosta - osta marihuanan kanta, osta Mickey Kush -marihuanan kanta, osta Mickey Kush verkosta, mist\u00e4 ostaa Mickey Kush -marihuanan kantaa , myyt\u00e4v\u00e4n\u00e4 Mickey Kush -marihuanasanta, myyt\u00e4v\u00e4n\u00e4 marihuanan kanta myyt\u00e4v\u00e4n\u00e4, osta marihuanan kanta verkossa, mist\u00e4 ostaa Mickey Kush verkossa, Mickey Kush -marihuanan kanta myyt\u00e4v\u00e4n\u00e4 Yhdysvalloissa, USA, Kanada, Iso-Britannia, osta, verkossa, toimittajat, turvallinen toimitus, voit silti saada Mickey Kush -marihuanan kantaa , Onko Mickey Kush -marihuanan kanta usa, osta Mickey Kush -marihuanan kanta verkossa usa, kuinka tilata Mickey Kush -marihuanakanta , Onko Mickey Kush -marihuanakanta laillinen Kanadassa<\/strong><\/pre>","protected":false},"featured_media":9499,"comment_status":"open","ping_status":"closed","template":"","meta":{"_bst_post_transparent":"","_bst_post_title":"","_bst_post_layout":"","_bst_post_sidebar_id":"","_bst_post_content_style":"","_bst_post_vertical_padding":"","_bst_post_feature":"","_bst_post_feature_position":"","_bst_post_header":false,"_bst_post_footer":false},"product_brand":[],"product_cat":[81],"product_tag":[],"product_brands":[],"class_list":{"0":"post-9491","1":"product","2":"type-product","3":"status-publish","4":"has-post-thumbnail","6":"product_cat-marijuana-medical-cannabis","8":"first","9":"instock","10":"shipping-taxable","11":"purchasable","12":"product-type-variable","13":"entry","14":"content-bg","15":"loop-entry"},"tiered_pricing_type":"fixed","tiered_pricing_fixed_rules":{"28":"9","50":"8","100":"7","250":"6","500":"4.5","1000":"3"},"tiered_pricing_percentage_rules":[],"tiered_pricing_minimum":1,"_administrator_tiered_pricing_type":"fixed","_administrator_tiered_pricing_fixed_rules":[],"_editor_tiered_pricing_type":"fixed","_editor_tiered_pricing_fixed_rules":[],"_author_tiered_pricing_type":"fixed","_author_tiered_pricing_fixed_rules":[],"_contributor_tiered_pricing_type":"fixed","_contributor_tiered_pricing_fixed_rules":[],"_subscriber_tiered_pricing_type":"fixed","_subscriber_tiered_pricing_fixed_rules":[],"_customer_tiered_pricing_type":"fixed","_customer_tiered_pricing_fixed_rules":[],"_shop_manager_tiered_pricing_type":"fixed","_shop_manager_tiered_pricing_fixed_rules":[],"_wpseo_manager_tiered_pricing_type":"fixed","_wpseo_manager_tiered_pricing_fixed_rules":[],"_wpseo_editor_tiered_pricing_type":"fixed","_wpseo_editor_tiered_pricing_fixed_rules":[],"yoast_head":"<!-- This site is optimized with the Yoast SEO plugin v27.2 - https:\/\/yoast.com\/product\/yoast-seo-wordpress\/ -->\n<title>Buy Mickey Kush Marijuana Strain Online - stonersmeds.com<\/title>\n<meta name=\"robots\" content=\"index, follow, max-snippet:-1, max-image-preview:large, max-video-preview:-1\" \/>\n<link rel=\"canonical\" href=\"https:\/\/stonersmeds.com\/fi\/shop\/buy-mickey-kush-marijuana-strain-online\/\" \/>\n<meta property=\"og:locale\" content=\"fi_FI\" \/>\n<meta property=\"og:type\" content=\"article\" \/>\n<meta property=\"og:title\" content=\"Buy Mickey Kush Marijuana Strain Online - stonersmeds.com\" \/>\n<meta property=\"og:description\" content=\"Buy Mickey Kush Marijuana Strain Online.\u00a0Clients often ask Can you\u00a0buy\u00a0weed\u00a0online\u00a0and have it delivered without the cops tracing it ? YES! Buy Mickey Kush Marijuana Strain Online - buy Marijuana Strain , buy Mickey Kush Marijuana Strain , buy Mickey Kush online, Where to Buy Mickey Kush Marijuana Strain , Mickey Kush Marijuana Strain for sale, Marijuana Strain for sale, buy Marijuana Strain online, where to Buy Mickey Kush online, Mickey Kush Marijuana Strain for sale in usa , USA, canada,uk, buy, online, suppliers, safe delivery, You can still get Mickey Kush Marijuana Strain , Is Mickey Kush Marijuana Strainin usa, buy Mickey Kush Marijuana Strain online usa, how to order Mickey Kush Marijuana Strain , Is Mickey Kush Marijuana Strain legal in Canada\" \/>\n<meta property=\"og:url\" content=\"https:\/\/stonersmeds.com\/fi\/shop\/buy-mickey-kush-marijuana-strain-online\/\" \/>\n<meta property=\"og:site_name\" content=\"stonersmeds.com\" \/>\n<meta property=\"article:modified_time\" content=\"2026-03-02T13:30:04+00:00\" \/>\n<meta property=\"og:image\" content=\"https:\/\/stonersmeds.com\/wp-content\/uploads\/2022\/03\/Buy-Mickey-Kush-Marijuana-Strain-Online.jpg\" \/>\n\t<meta property=\"og:image:width\" content=\"600\" \/>\n\t<meta property=\"og:image:height\" content=\"600\" \/>\n\t<meta property=\"og:image:type\" content=\"image\/jpeg\" \/>\n<meta name=\"twitter:card\" content=\"summary_large_image\" \/>\n<meta name=\"twitter:label1\" content=\"Saatavuus\" \/>\n\t<meta name=\"twitter:data1\" content=\"Varastossa\" \/>\n<script type=\"application\/ld+json\" class=\"yoast-schema-graph\">{\"@context\":\"https:\/\/schema.org\",\"@graph\":[{\"@type\":\"WebPage\",\"@id\":\"https:\/\/stonersmeds.com\/shop\/buy-mickey-kush-marijuana-strain-online\/\",\"url\":\"https:\/\/stonersmeds.com\/shop\/buy-mickey-kush-marijuana-strain-online\/\",\"name\":\"Buy Mickey Kush Marijuana Strain Online - stonersmeds.com\",\"isPartOf\":{\"@id\":\"https:\/\/stonersmeds.com\/#website\"},\"primaryImageOfPage\":{\"@id\":\"https:\/\/stonersmeds.com\/shop\/buy-mickey-kush-marijuana-strain-online\/#primaryimage\"},\"image\":{\"@id\":\"https:\/\/stonersmeds.com\/shop\/buy-mickey-kush-marijuana-strain-online\/#primaryimage\"},\"thumbnailUrl\":\"https:\/\/stonersmeds.com\/wp-content\/uploads\/2022\/03\/Buy-Mickey-Kush-Marijuana-Strain-Online.jpg\",\"datePublished\":\"2022-03-11T17:08:26+00:00\",\"dateModified\":\"2026-03-02T13:30:04+00:00\",\"breadcrumb\":{\"@id\":\"https:\/\/stonersmeds.com\/shop\/buy-mickey-kush-marijuana-strain-online\/#breadcrumb\"},\"inLanguage\":\"fi\",\"potentialAction\":[{\"@type\":\"ReadAction\",\"target\":[\"https:\/\/stonersmeds.com\/shop\/buy-mickey-kush-marijuana-strain-online\/\"]}]},{\"@type\":\"ImageObject\",\"inLanguage\":\"fi\",\"@id\":\"https:\/\/stonersmeds.com\/shop\/buy-mickey-kush-marijuana-strain-online\/#primaryimage\",\"url\":\"https:\/\/stonersmeds.com\/wp-content\/uploads\/2022\/03\/Buy-Mickey-Kush-Marijuana-Strain-Online.jpg\",\"contentUrl\":\"https:\/\/stonersmeds.com\/wp-content\/uploads\/2022\/03\/Buy-Mickey-Kush-Marijuana-Strain-Online.jpg\",\"width\":600,\"height\":600},{\"@type\":\"BreadcrumbList\",\"@id\":\"https:\/\/stonersmeds.com\/shop\/buy-mickey-kush-marijuana-strain-online\/#breadcrumb\",\"itemListElement\":[{\"@type\":\"ListItem\",\"position\":1,\"name\":\"Home\",\"item\":\"https:\/\/stonersmeds.com\/\"},{\"@type\":\"ListItem\",\"position\":2,\"name\":\"Shop\",\"item\":\"https:\/\/stonersmeds.com\/shop\/\"},{\"@type\":\"ListItem\",\"position\":3,\"name\":\"Buy Mickey Kush Marijuana Strain Online\"}]},{\"@type\":\"WebSite\",\"@id\":\"https:\/\/stonersmeds.com\/#website\",\"url\":\"https:\/\/stonersmeds.com\/\",\"name\":\"stonersmeds.com\",\"description\":\"verschreibungspflichtige Medizin kaufen\",\"publisher\":{\"@id\":\"https:\/\/stonersmeds.com\/#organization\"},\"alternateName\":\"Research chemical shop\",\"potentialAction\":[{\"@type\":\"SearchAction\",\"target\":{\"@type\":\"EntryPoint\",\"urlTemplate\":\"https:\/\/stonersmeds.com\/?s={search_term_string}\"},\"query-input\":{\"@type\":\"PropertyValueSpecification\",\"valueRequired\":true,\"valueName\":\"search_term_string\"}}],\"inLanguage\":\"fi\"},{\"@type\":\"Organization\",\"@id\":\"https:\/\/stonersmeds.com\/#organization\",\"name\":\"Stonersmeds Shop\",\"url\":\"https:\/\/stonersmeds.com\/\",\"logo\":{\"@type\":\"ImageObject\",\"inLanguage\":\"fi\",\"@id\":\"https:\/\/stonersmeds.com\/#\/schema\/logo\/image\/\",\"url\":\"https:\/\/stonersmeds.com\/wp-content\/uploads\/2026\/02\/high-purity-DMT-powder.jpg\",\"contentUrl\":\"https:\/\/stonersmeds.com\/wp-content\/uploads\/2026\/02\/high-purity-DMT-powder.jpg\",\"width\":500,\"height\":500,\"caption\":\"Stonersmeds Shop\"},\"image\":{\"@id\":\"https:\/\/stonersmeds.com\/#\/schema\/logo\/image\/\"}}]}<\/script>\n<meta property=\"og:availability\" content=\"instock\" \/>\n<meta property=\"product:availability\" content=\"instock\" \/>\n<meta property=\"product:condition\" content=\"new\" \/>\n<!-- \/ Yoast SEO plugin. -->","yoast_head_json":{"title":"Osta Mickey Kush Marihuana Strain Online - stonersmeds.com","robots":{"index":"index","follow":"follow","max-snippet":"max-snippet:-1","max-image-preview":"max-image-preview:large","max-video-preview":"max-video-preview:-1"},"canonical":"https:\/\/stonersmeds.com\/fi\/shop\/buy-mickey-kush-marijuana-strain-online\/","og_locale":"fi_FI","og_type":"article","og_title":"Buy Mickey Kush Marijuana Strain Online - stonersmeds.com","og_description":"Buy Mickey Kush Marijuana Strain Online.\u00a0Clients often ask Can you\u00a0buy\u00a0weed\u00a0online\u00a0and have it delivered without the cops tracing it ? YES! Buy Mickey Kush Marijuana Strain Online - buy Marijuana Strain , buy Mickey Kush Marijuana Strain , buy Mickey Kush online, Where to Buy Mickey Kush Marijuana Strain , Mickey Kush Marijuana Strain for sale, Marijuana Strain for sale, buy Marijuana Strain online, where to Buy Mickey Kush online, Mickey Kush Marijuana Strain for sale in usa , USA, canada,uk, buy, online, suppliers, safe delivery, You can still get Mickey Kush Marijuana Strain , Is Mickey Kush Marijuana Strainin usa, buy Mickey Kush Marijuana Strain online usa, how to order Mickey Kush Marijuana Strain , Is Mickey Kush Marijuana Strain legal in Canada","og_url":"https:\/\/stonersmeds.com\/fi\/shop\/buy-mickey-kush-marijuana-strain-online\/","og_site_name":"stonersmeds.com","article_modified_time":"2026-03-02T13:30:04+00:00","og_image":[{"width":600,"height":600,"url":"https:\/\/stonersmeds.com\/wp-content\/uploads\/2022\/03\/Buy-Mickey-Kush-Marijuana-Strain-Online.jpg","type":"image\/jpeg"}],"twitter_card":"summary_large_image","twitter_misc":{"Saatavuus":"Varastossa"},"schema":{"@context":"https:\/\/schema.org","@graph":[{"@type":"WebPage","@id":"https:\/\/stonersmeds.com\/shop\/buy-mickey-kush-marijuana-strain-online\/","url":"https:\/\/stonersmeds.com\/shop\/buy-mickey-kush-marijuana-strain-online\/","name":"Osta Mickey Kush Marihuana Strain Online - stonersmeds.com","isPartOf":{"@id":"https:\/\/stonersmeds.com\/#website"},"primaryImageOfPage":{"@id":"https:\/\/stonersmeds.com\/shop\/buy-mickey-kush-marijuana-strain-online\/#primaryimage"},"image":{"@id":"https:\/\/stonersmeds.com\/shop\/buy-mickey-kush-marijuana-strain-online\/#primaryimage"},"thumbnailUrl":"https:\/\/stonersmeds.com\/wp-content\/uploads\/2022\/03\/Buy-Mickey-Kush-Marijuana-Strain-Online.jpg","datePublished":"2022-03-11T17:08:26+00:00","dateModified":"2026-03-02T13:30:04+00:00","breadcrumb":{"@id":"https:\/\/stonersmeds.com\/shop\/buy-mickey-kush-marijuana-strain-online\/#breadcrumb"},"inLanguage":"fi","potentialAction":[{"@type":"ReadAction","target":["https:\/\/stonersmeds.com\/shop\/buy-mickey-kush-marijuana-strain-online\/"]}]},{"@type":"ImageObject","inLanguage":"fi","@id":"https:\/\/stonersmeds.com\/shop\/buy-mickey-kush-marijuana-strain-online\/#primaryimage","url":"https:\/\/stonersmeds.com\/wp-content\/uploads\/2022\/03\/Buy-Mickey-Kush-Marijuana-Strain-Online.jpg","contentUrl":"https:\/\/stonersmeds.com\/wp-content\/uploads\/2022\/03\/Buy-Mickey-Kush-Marijuana-Strain-Online.jpg","width":600,"height":600},{"@type":"BreadcrumbList","@id":"https:\/\/stonersmeds.com\/shop\/buy-mickey-kush-marijuana-strain-online\/#breadcrumb","itemListElement":[{"@type":"ListItem","position":1,"name":"Home","item":"https:\/\/stonersmeds.com\/"},{"@type":"ListItem","position":2,"name":"Shop","item":"https:\/\/stonersmeds.com\/shop\/"},{"@type":"ListItem","position":3,"name":"Buy Mickey Kush Marijuana Strain Online"}]},{"@type":"WebSite","@id":"https:\/\/stonersmeds.com\/#website","url":"https:\/\/stonersmeds.com\/","name":"stonersmeds.com","description":"verschreibungspflichtige Medizin kaufen","publisher":{"@id":"https:\/\/stonersmeds.com\/#organization"},"alternateName":"Research chemical shop","potentialAction":[{"@type":"SearchAction","target":{"@type":"EntryPoint","urlTemplate":"https:\/\/stonersmeds.com\/?s={search_term_string}"},"query-input":{"@type":"PropertyValueSpecification","valueRequired":true,"valueName":"search_term_string"}}],"inLanguage":"fi"},{"@type":"Organization","@id":"https:\/\/stonersmeds.com\/#organization","name":"Stonersmeds Shop","url":"https:\/\/stonersmeds.com\/","logo":{"@type":"ImageObject","inLanguage":"fi","@id":"https:\/\/stonersmeds.com\/#\/schema\/logo\/image\/","url":"https:\/\/stonersmeds.com\/wp-content\/uploads\/2026\/02\/high-purity-DMT-powder.jpg","contentUrl":"https:\/\/stonersmeds.com\/wp-content\/uploads\/2026\/02\/high-purity-DMT-powder.jpg","width":500,"height":500,"caption":"Stonersmeds Shop"},"image":{"@id":"https:\/\/stonersmeds.com\/#\/schema\/logo\/image\/"}}]},"og_availability":"instock","product_availability":"instock","product_condition":"new"},"_links":{"self":[{"href":"https:\/\/stonersmeds.com\/fi\/wp-json\/wp\/v2\/product\/9491","targetHints":{"allow":["GET"]}}],"collection":[{"href":"https:\/\/stonersmeds.com\/fi\/wp-json\/wp\/v2\/product"}],"about":[{"href":"https:\/\/stonersmeds.com\/fi\/wp-json\/wp\/v2\/types\/product"}],"replies":[{"embeddable":true,"href":"https:\/\/stonersmeds.com\/fi\/wp-json\/wp\/v2\/comments?post=9491"}],"version-history":[{"count":0,"href":"https:\/\/stonersmeds.com\/fi\/wp-json\/wp\/v2\/product\/9491\/revisions"}],"wp:featuredmedia":[{"embeddable":true,"href":"https:\/\/stonersmeds.com\/fi\/wp-json\/wp\/v2\/media\/9499"}],"wp:attachment":[{"href":"https:\/\/stonersmeds.com\/fi\/wp-json\/wp\/v2\/media?parent=9491"}],"wp:term":[{"taxonomy":"product_brand","embeddable":true,"href":"https:\/\/stonersmeds.com\/fi\/wp-json\/wp\/v2\/product_brand?post=9491"},{"taxonomy":"product_cat","embeddable":true,"href":"https:\/\/stonersmeds.com\/fi\/wp-json\/wp\/v2\/product_cat?post=9491"},{"taxonomy":"product_tag","embeddable":true,"href":"https:\/\/stonersmeds.com\/fi\/wp-json\/wp\/v2\/product_tag?post=9491"},{"taxonomy":"product_brands","embeddable":true,"href":"https:\/\/stonersmeds.com\/fi\/wp-json\/wp\/v2\/product_brands?post=9491"}],"curies":[{"name":"wp","href":"https:\/\/api.w.org\/{rel}","templated":true}]}}