{"id":9501,"date":"2022-03-11T17:14:55","date_gmt":"2022-03-11T17:14:55","guid":{"rendered":"https:\/\/stonersmeds.com\/?post_type=product&#038;p=9501"},"modified":"2026-02-24T13:40:45","modified_gmt":"2026-02-24T11:40:45","slug":"buy-mimosa-aaaaa-sativa-kush-online","status":"publish","type":"product","link":"https:\/\/stonersmeds.com\/fi\/shop\/buy-mimosa-aaaaa-sativa-kush-online\/","title":{"rendered":"Osta Mimosa (AAAAA) Sativa Kush verkosta"},"content":{"rendered":"<h1>Osta Mimosa (AAAAA) Sativa Kush verkosta<\/h1>\n<p>Mimosa AAAA on premium-sativa-dominoiva (70% sativa \/ 30% indica) hybridikanta. Linja on Purple Punch yhdistettyn\u00e4 Clementine. Makuprofiili on eritt\u00e4in makea eik\u00e4 yll\u00e4tt\u00e4v\u00e4n hedelm\u00e4inen. Sativana ja energisen\u00e4 samaan aikaan voit odottaa huumaavaa ja huumaavaa vaikutusta. Mimosa on puhdas, inspiroiva ja onnellinen.<\/p>\n<p>Potilaat kertovat, ett\u00e4 se on erinomainen j\u00e4nnitys p\u00e4iv\u00e4saikaan, erityisesti mielialah\u00e4iri\u00f6ihin, kuten masennukseen. Muita hy\u00f6dyllisi\u00e4 tiloja ovat p\u00e4\u00e4ns\u00e4rky, migreeni ja ADHD\/ADD.<\/p>\n<p>&nbsp;<\/p>\n<p>&nbsp;<\/p>\n<p>&nbsp;<\/p>\n<p>&nbsp;<\/p>\n<pre><strong>Osta Mimosa (AAAAA) Sativa Kush verkossa - osta Sativa Kush , osta Mimosa (AAAAA) Sativa Kush , osta Sativa Kush verkossa, mist\u00e4 ostaa Mimosa (AAAAA) Sativa Kush , Mimosa (AAAAA) Sativa Kush myyt\u00e4v\u00e4n\u00e4, Sativa Kush myyt\u00e4v\u00e4n\u00e4, osta Mimosa (AAAAA) Sativa verkossa, mist\u00e4 ostaa Mimosa (AAAAA) Sativa Kush verkossa, Mimosa (AAAAA) Sativa Kush myyt\u00e4v\u00e4n\u00e4 usa , USA, Kanada,uk, osta, online, toimittajat, turvallinen toimitus, Voit silti saada Mimosa (AAAAA) Sativa Kush , Onko Mimosa (AAAAA) Sativa Kush usa, osta Mimosa (AAAAA) Sativa Kush verkossa usa, miten tilata Mimosa (AAAAA) Sativa Kush , Onko Mimosa (AAAAA) Sativa Kush laillista Kanadassa.<\/strong><\/pre>","protected":false},"excerpt":{"rendered":"<p><strong>$15 \/ gramma<\/strong><\/p>\n<ul>\n<li>AAAAA edustaa parhaista parhaita!<\/li>\n<li>Ota yhteytt\u00e4 tukkutilauksia varten<\/li>\n<li><strong>Minimitilaus on 7 grammaa<\/strong><\/li>\n<li>Maailmanlaajuinen toimitus.<\/li>\n<\/ul>\n<pre><strong>Osta Mimosa (AAAAA) Sativa Kush verkossa - osta Sativa Kush , osta Mimosa (AAAAA) Sativa Kush , osta Sativa Kush verkossa, mist\u00e4 ostaa Mimosa (AAAAA) Sativa Kush , Mimosa (AAAAA) Sativa Kush myyt\u00e4v\u00e4n\u00e4, Sativa Kush myyt\u00e4v\u00e4n\u00e4, osta Mimosa (AAAAA) Sativa verkossa, mist\u00e4 ostaa Mimosa (AAAAA) Sativa Kush verkossa, Mimosa (AAAAA) Sativa Kush myyt\u00e4v\u00e4n\u00e4 usa , USA, Kanada,uk, osta, online, toimittajat, turvallinen toimitus, Voit silti saada Mimosa (AAAAA) Sativa Kush , Onko Mimosa (AAAAA) Sativa Kush usa, osta Mimosa (AAAAA) Sativa Kush verkossa usa, miten tilata Mimosa (AAAAA) Sativa Kush , Onko Mimosa (AAAAA) Sativa Kush laillista Kanadassa.<\/strong><\/pre>","protected":false},"featured_media":9511,"comment_status":"open","ping_status":"closed","template":"","meta":{"_bst_post_transparent":"","_bst_post_title":"","_bst_post_layout":"","_bst_post_sidebar_id":"","_bst_post_content_style":"","_bst_post_vertical_padding":"","_bst_post_feature":"","_bst_post_feature_position":"","_bst_post_header":false,"_bst_post_footer":false},"product_brand":[],"product_cat":[81],"product_tag":[],"product_brands":[],"class_list":{"0":"post-9501","1":"product","2":"type-product","3":"status-publish","4":"has-post-thumbnail","6":"product_cat-marijuana-medical-cannabis","8":"first","9":"instock","10":"shipping-taxable","11":"purchasable","12":"product-type-variable","13":"entry","14":"content-bg","15":"loop-entry"},"tiered_pricing_type":"fixed","tiered_pricing_fixed_rules":{"28":"9","50":"8","100":"7","250":"6","500":"4.5","1000":"3"},"tiered_pricing_percentage_rules":[],"tiered_pricing_minimum":1,"_administrator_tiered_pricing_type":"fixed","_administrator_tiered_pricing_fixed_rules":[],"_editor_tiered_pricing_type":"fixed","_editor_tiered_pricing_fixed_rules":[],"_author_tiered_pricing_type":"fixed","_author_tiered_pricing_fixed_rules":[],"_contributor_tiered_pricing_type":"fixed","_contributor_tiered_pricing_fixed_rules":[],"_subscriber_tiered_pricing_type":"fixed","_subscriber_tiered_pricing_fixed_rules":[],"_customer_tiered_pricing_type":"fixed","_customer_tiered_pricing_fixed_rules":[],"_shop_manager_tiered_pricing_type":"fixed","_shop_manager_tiered_pricing_fixed_rules":[],"_wpseo_manager_tiered_pricing_type":"fixed","_wpseo_manager_tiered_pricing_fixed_rules":[],"_wpseo_editor_tiered_pricing_type":"fixed","_wpseo_editor_tiered_pricing_fixed_rules":[],"yoast_head":"<!-- This site is optimized with the Yoast SEO plugin v27.2 - https:\/\/yoast.com\/product\/yoast-seo-wordpress\/ -->\n<title>Buy Mimosa (AAAAA) Sativa Kush online - stonersmeds.com<\/title>\n<meta name=\"robots\" content=\"index, follow, max-snippet:-1, max-image-preview:large, max-video-preview:-1\" \/>\n<link rel=\"canonical\" href=\"https:\/\/stonersmeds.com\/fi\/shop\/buy-mimosa-aaaaa-sativa-kush-online\/\" \/>\n<meta property=\"og:locale\" content=\"fi_FI\" \/>\n<meta property=\"og:type\" content=\"article\" \/>\n<meta property=\"og:title\" content=\"Buy Mimosa (AAAAA) Sativa Kush online - stonersmeds.com\" \/>\n<meta property=\"og:description\" content=\"$15 \/ gram   AAAAA represents the best of the best!  Contact us for wholesale orders  Minimum order is 7 grams  Worldwide shipping.  Buy Mimosa (AAAAA) Sativa Kush online - buy Sativa Kush , buy Mimosa (AAAAA) Sativa Kush , buy Sativa Kush\u00a0 online, Where to Buy Mimosa (AAAAA) Sativa Kush , Mimosa (AAAAA) Sativa Kush for sale, Sativa Kush for sale, buy\u00a0 Mimosa (AAAAA) Sativa online, where to Buy Mimosa (AAAAA) Kush online, Mimosa (AAAAA) Sativa Kush for sale in usa , USA, canada,uk, buy, online, suppliers, safe delivery, You can still get Mimosa (AAAAA) Sativa Kush , Is Mimosa (AAAAA) Sativa Kush usa, buy Mimosa (AAAAA) Sativa Kush online usa, how to order Mimosa (AAAAA) Sativa Kush , Is Mimosa (AAAAA) Sativa Kush legal in Canada\" \/>\n<meta property=\"og:url\" content=\"https:\/\/stonersmeds.com\/fi\/shop\/buy-mimosa-aaaaa-sativa-kush-online\/\" \/>\n<meta property=\"og:site_name\" content=\"stonersmeds.com\" \/>\n<meta property=\"article:modified_time\" content=\"2026-02-24T11:40:45+00:00\" \/>\n<meta property=\"og:image\" content=\"https:\/\/stonersmeds.com\/wp-content\/uploads\/2022\/03\/Buy-Mimosa-AAAAA-Sativa-Kush-online.jpg\" \/>\n\t<meta property=\"og:image:width\" content=\"600\" \/>\n\t<meta property=\"og:image:height\" content=\"600\" \/>\n\t<meta property=\"og:image:type\" content=\"image\/jpeg\" \/>\n<meta name=\"twitter:card\" content=\"summary_large_image\" \/>\n<meta name=\"twitter:label1\" content=\"Saatavuus\" \/>\n\t<meta name=\"twitter:data1\" content=\"Varastossa\" \/>\n<script type=\"application\/ld+json\" class=\"yoast-schema-graph\">{\"@context\":\"https:\/\/schema.org\",\"@graph\":[{\"@type\":\"WebPage\",\"@id\":\"https:\/\/stonersmeds.com\/shop\/buy-mimosa-aaaaa-sativa-kush-online\/\",\"url\":\"https:\/\/stonersmeds.com\/shop\/buy-mimosa-aaaaa-sativa-kush-online\/\",\"name\":\"Buy Mimosa (AAAAA) Sativa Kush online - stonersmeds.com\",\"isPartOf\":{\"@id\":\"https:\/\/stonersmeds.com\/#website\"},\"primaryImageOfPage\":{\"@id\":\"https:\/\/stonersmeds.com\/shop\/buy-mimosa-aaaaa-sativa-kush-online\/#primaryimage\"},\"image\":{\"@id\":\"https:\/\/stonersmeds.com\/shop\/buy-mimosa-aaaaa-sativa-kush-online\/#primaryimage\"},\"thumbnailUrl\":\"https:\/\/stonersmeds.com\/wp-content\/uploads\/2022\/03\/Buy-Mimosa-AAAAA-Sativa-Kush-online.jpg\",\"datePublished\":\"2022-03-11T17:14:55+00:00\",\"dateModified\":\"2026-02-24T11:40:45+00:00\",\"breadcrumb\":{\"@id\":\"https:\/\/stonersmeds.com\/shop\/buy-mimosa-aaaaa-sativa-kush-online\/#breadcrumb\"},\"inLanguage\":\"fi\",\"potentialAction\":[{\"@type\":\"ReadAction\",\"target\":[\"https:\/\/stonersmeds.com\/shop\/buy-mimosa-aaaaa-sativa-kush-online\/\"]}]},{\"@type\":\"ImageObject\",\"inLanguage\":\"fi\",\"@id\":\"https:\/\/stonersmeds.com\/shop\/buy-mimosa-aaaaa-sativa-kush-online\/#primaryimage\",\"url\":\"https:\/\/stonersmeds.com\/wp-content\/uploads\/2022\/03\/Buy-Mimosa-AAAAA-Sativa-Kush-online.jpg\",\"contentUrl\":\"https:\/\/stonersmeds.com\/wp-content\/uploads\/2022\/03\/Buy-Mimosa-AAAAA-Sativa-Kush-online.jpg\",\"width\":600,\"height\":600},{\"@type\":\"BreadcrumbList\",\"@id\":\"https:\/\/stonersmeds.com\/shop\/buy-mimosa-aaaaa-sativa-kush-online\/#breadcrumb\",\"itemListElement\":[{\"@type\":\"ListItem\",\"position\":1,\"name\":\"Home\",\"item\":\"https:\/\/stonersmeds.com\/\"},{\"@type\":\"ListItem\",\"position\":2,\"name\":\"Shop\",\"item\":\"https:\/\/stonersmeds.com\/shop\/\"},{\"@type\":\"ListItem\",\"position\":3,\"name\":\"Buy Mimosa (AAAAA) Sativa Kush online\"}]},{\"@type\":\"WebSite\",\"@id\":\"https:\/\/stonersmeds.com\/#website\",\"url\":\"https:\/\/stonersmeds.com\/\",\"name\":\"stonersmeds.com\",\"description\":\"verschreibungspflichtige Medizin kaufen\",\"publisher\":{\"@id\":\"https:\/\/stonersmeds.com\/#organization\"},\"alternateName\":\"Research chemical shop\",\"potentialAction\":[{\"@type\":\"SearchAction\",\"target\":{\"@type\":\"EntryPoint\",\"urlTemplate\":\"https:\/\/stonersmeds.com\/?s={search_term_string}\"},\"query-input\":{\"@type\":\"PropertyValueSpecification\",\"valueRequired\":true,\"valueName\":\"search_term_string\"}}],\"inLanguage\":\"fi\"},{\"@type\":\"Organization\",\"@id\":\"https:\/\/stonersmeds.com\/#organization\",\"name\":\"Stonersmeds Shop\",\"url\":\"https:\/\/stonersmeds.com\/\",\"logo\":{\"@type\":\"ImageObject\",\"inLanguage\":\"fi\",\"@id\":\"https:\/\/stonersmeds.com\/#\/schema\/logo\/image\/\",\"url\":\"https:\/\/stonersmeds.com\/wp-content\/uploads\/2026\/02\/high-purity-DMT-powder.jpg\",\"contentUrl\":\"https:\/\/stonersmeds.com\/wp-content\/uploads\/2026\/02\/high-purity-DMT-powder.jpg\",\"width\":500,\"height\":500,\"caption\":\"Stonersmeds Shop\"},\"image\":{\"@id\":\"https:\/\/stonersmeds.com\/#\/schema\/logo\/image\/\"}}]}<\/script>\n<meta property=\"og:availability\" content=\"instock\" \/>\n<meta property=\"product:availability\" content=\"instock\" \/>\n<meta property=\"product:condition\" content=\"new\" \/>\n<!-- \/ Yoast SEO plugin. -->","yoast_head_json":{"title":"Osta Mimosa (AAAAA) Sativa Kush verkosta - stonersmeds.com","robots":{"index":"index","follow":"follow","max-snippet":"max-snippet:-1","max-image-preview":"max-image-preview:large","max-video-preview":"max-video-preview:-1"},"canonical":"https:\/\/stonersmeds.com\/fi\/shop\/buy-mimosa-aaaaa-sativa-kush-online\/","og_locale":"fi_FI","og_type":"article","og_title":"Buy Mimosa (AAAAA) Sativa Kush online - stonersmeds.com","og_description":"$15 \/ gram   AAAAA represents the best of the best!  Contact us for wholesale orders  Minimum order is 7 grams  Worldwide shipping.  Buy Mimosa (AAAAA) Sativa Kush online - buy Sativa Kush , buy Mimosa (AAAAA) Sativa Kush , buy Sativa Kush\u00a0 online, Where to Buy Mimosa (AAAAA) Sativa Kush , Mimosa (AAAAA) Sativa Kush for sale, Sativa Kush for sale, buy\u00a0 Mimosa (AAAAA) Sativa online, where to Buy Mimosa (AAAAA) Kush online, Mimosa (AAAAA) Sativa Kush for sale in usa , USA, canada,uk, buy, online, suppliers, safe delivery, You can still get Mimosa (AAAAA) Sativa Kush , Is Mimosa (AAAAA) Sativa Kush usa, buy Mimosa (AAAAA) Sativa Kush online usa, how to order Mimosa (AAAAA) Sativa Kush , Is Mimosa (AAAAA) Sativa Kush legal in Canada","og_url":"https:\/\/stonersmeds.com\/fi\/shop\/buy-mimosa-aaaaa-sativa-kush-online\/","og_site_name":"stonersmeds.com","article_modified_time":"2026-02-24T11:40:45+00:00","og_image":[{"width":600,"height":600,"url":"https:\/\/stonersmeds.com\/wp-content\/uploads\/2022\/03\/Buy-Mimosa-AAAAA-Sativa-Kush-online.jpg","type":"image\/jpeg"}],"twitter_card":"summary_large_image","twitter_misc":{"Saatavuus":"Varastossa"},"schema":{"@context":"https:\/\/schema.org","@graph":[{"@type":"WebPage","@id":"https:\/\/stonersmeds.com\/shop\/buy-mimosa-aaaaa-sativa-kush-online\/","url":"https:\/\/stonersmeds.com\/shop\/buy-mimosa-aaaaa-sativa-kush-online\/","name":"Osta Mimosa (AAAAA) Sativa Kush verkosta - stonersmeds.com","isPartOf":{"@id":"https:\/\/stonersmeds.com\/#website"},"primaryImageOfPage":{"@id":"https:\/\/stonersmeds.com\/shop\/buy-mimosa-aaaaa-sativa-kush-online\/#primaryimage"},"image":{"@id":"https:\/\/stonersmeds.com\/shop\/buy-mimosa-aaaaa-sativa-kush-online\/#primaryimage"},"thumbnailUrl":"https:\/\/stonersmeds.com\/wp-content\/uploads\/2022\/03\/Buy-Mimosa-AAAAA-Sativa-Kush-online.jpg","datePublished":"2022-03-11T17:14:55+00:00","dateModified":"2026-02-24T11:40:45+00:00","breadcrumb":{"@id":"https:\/\/stonersmeds.com\/shop\/buy-mimosa-aaaaa-sativa-kush-online\/#breadcrumb"},"inLanguage":"fi","potentialAction":[{"@type":"ReadAction","target":["https:\/\/stonersmeds.com\/shop\/buy-mimosa-aaaaa-sativa-kush-online\/"]}]},{"@type":"ImageObject","inLanguage":"fi","@id":"https:\/\/stonersmeds.com\/shop\/buy-mimosa-aaaaa-sativa-kush-online\/#primaryimage","url":"https:\/\/stonersmeds.com\/wp-content\/uploads\/2022\/03\/Buy-Mimosa-AAAAA-Sativa-Kush-online.jpg","contentUrl":"https:\/\/stonersmeds.com\/wp-content\/uploads\/2022\/03\/Buy-Mimosa-AAAAA-Sativa-Kush-online.jpg","width":600,"height":600},{"@type":"BreadcrumbList","@id":"https:\/\/stonersmeds.com\/shop\/buy-mimosa-aaaaa-sativa-kush-online\/#breadcrumb","itemListElement":[{"@type":"ListItem","position":1,"name":"Home","item":"https:\/\/stonersmeds.com\/"},{"@type":"ListItem","position":2,"name":"Shop","item":"https:\/\/stonersmeds.com\/shop\/"},{"@type":"ListItem","position":3,"name":"Buy Mimosa (AAAAA) Sativa Kush online"}]},{"@type":"WebSite","@id":"https:\/\/stonersmeds.com\/#website","url":"https:\/\/stonersmeds.com\/","name":"stonersmeds.com","description":"verschreibungspflichtige Medizin kaufen","publisher":{"@id":"https:\/\/stonersmeds.com\/#organization"},"alternateName":"Research chemical shop","potentialAction":[{"@type":"SearchAction","target":{"@type":"EntryPoint","urlTemplate":"https:\/\/stonersmeds.com\/?s={search_term_string}"},"query-input":{"@type":"PropertyValueSpecification","valueRequired":true,"valueName":"search_term_string"}}],"inLanguage":"fi"},{"@type":"Organization","@id":"https:\/\/stonersmeds.com\/#organization","name":"Stonersmeds Shop","url":"https:\/\/stonersmeds.com\/","logo":{"@type":"ImageObject","inLanguage":"fi","@id":"https:\/\/stonersmeds.com\/#\/schema\/logo\/image\/","url":"https:\/\/stonersmeds.com\/wp-content\/uploads\/2026\/02\/high-purity-DMT-powder.jpg","contentUrl":"https:\/\/stonersmeds.com\/wp-content\/uploads\/2026\/02\/high-purity-DMT-powder.jpg","width":500,"height":500,"caption":"Stonersmeds Shop"},"image":{"@id":"https:\/\/stonersmeds.com\/#\/schema\/logo\/image\/"}}]},"og_availability":"instock","product_availability":"instock","product_condition":"new"},"_links":{"self":[{"href":"https:\/\/stonersmeds.com\/fi\/wp-json\/wp\/v2\/product\/9501","targetHints":{"allow":["GET"]}}],"collection":[{"href":"https:\/\/stonersmeds.com\/fi\/wp-json\/wp\/v2\/product"}],"about":[{"href":"https:\/\/stonersmeds.com\/fi\/wp-json\/wp\/v2\/types\/product"}],"replies":[{"embeddable":true,"href":"https:\/\/stonersmeds.com\/fi\/wp-json\/wp\/v2\/comments?post=9501"}],"version-history":[{"count":0,"href":"https:\/\/stonersmeds.com\/fi\/wp-json\/wp\/v2\/product\/9501\/revisions"}],"wp:featuredmedia":[{"embeddable":true,"href":"https:\/\/stonersmeds.com\/fi\/wp-json\/wp\/v2\/media\/9511"}],"wp:attachment":[{"href":"https:\/\/stonersmeds.com\/fi\/wp-json\/wp\/v2\/media?parent=9501"}],"wp:term":[{"taxonomy":"product_brand","embeddable":true,"href":"https:\/\/stonersmeds.com\/fi\/wp-json\/wp\/v2\/product_brand?post=9501"},{"taxonomy":"product_cat","embeddable":true,"href":"https:\/\/stonersmeds.com\/fi\/wp-json\/wp\/v2\/product_cat?post=9501"},{"taxonomy":"product_tag","embeddable":true,"href":"https:\/\/stonersmeds.com\/fi\/wp-json\/wp\/v2\/product_tag?post=9501"},{"taxonomy":"product_brands","embeddable":true,"href":"https:\/\/stonersmeds.com\/fi\/wp-json\/wp\/v2\/product_brands?post=9501"}],"curies":[{"name":"wp","href":"https:\/\/api.w.org\/{rel}","templated":true}]}}