{"id":9777,"date":"2022-03-12T02:14:55","date_gmt":"2022-03-12T02:14:55","guid":{"rendered":"https:\/\/stonersmeds.com\/?post_type=product&#038;p=9777"},"modified":"2026-03-01T08:50:04","modified_gmt":"2026-03-01T06:50:04","slug":"buy-ativan-2mg-pills-online","status":"publish","type":"product","link":"https:\/\/stonersmeds.com\/fi\/shop\/buy-ativan-2mg-pills-online\/","title":{"rendered":"Osta Ativan 2mg -pillereit\u00e4 verkosta"},"content":{"rendered":"<h1>Osta Ativan 2mg pillereit\u00e4 verkossa.<\/h1>\n<p>T\u00e4t\u00e4 l\u00e4\u00e4kityst\u00e4 k\u00e4ytet\u00e4\u00e4n ahdistuksen hoitoon. Loratsepaami kuuluu bentsodiatsepiineiksi kutsuttuun l\u00e4\u00e4keryhm\u00e4\u00e4n, jotka vaikuttavat aivoihin ja hermoihin (keskushermostoon) ja joilla on rauhoittava vaikutus. T\u00e4m\u00e4 l\u00e4\u00e4ke toimii lis\u00e4\u00e4m\u00e4ll\u00e4 tiettyjen elimist\u00f6n luonnollisten kemikaalien (GABA) vaikutuksia.<\/p>\n<p>&nbsp;<\/p>\n<p>&nbsp;<\/p>\n<pre><strong>Osta Ativan 2mg pillereit\u00e4 verkossa - ostaa Ativan , ostaa Ativan 2mg pillereit\u00e4 , ostaa Ativan pillereit\u00e4 verkossa, Mist\u00e4 ostaa Ativan 2mg pillereit\u00e4 , Ativan 2mg pillereit\u00e4 myyt\u00e4v\u00e4n\u00e4, Ativan pillereit\u00e4 myyt\u00e4v\u00e4n\u00e4, ostaa Ativan 2mg verkossa, mist\u00e4 ostaa Ativan 2mg pillereit\u00e4 verkossa, Ativan 2mg pillereit\u00e4 myyt\u00e4v\u00e4n\u00e4 usa , USA, Kanada,uk, osta, verkossa, toimittajat, turvallinen toimitus, Voit silti saada Ativan 2mg pillereit\u00e4 , Onko Ativan 2mg pillereit\u00e4 laillista usa, ostaa Ativan 2mg pillereit\u00e4 verkossa usa, miten tilata Ativan 2mg pillereit\u00e4 , Onko Ativan 2mg pillereit\u00e4 laillista Kanadassa .<\/strong><\/pre>","protected":false},"excerpt":{"rendered":"<div class=\"product-price\">\n<p class=\"price\"><span class=\"woocs_price_code\" data-product-id=\"1452\"><span class=\"woocommerce-Price-amount amount\"><bdi><span class=\"woocommerce-Price-currencySymbol\">\u20ac<\/span>\u00a0100.00<\/bdi><\/span>\u00a0-\u00a0<span class=\"woocommerce-Price-amount amount\"><bdi><span class=\"woocommerce-Price-currencySymbol\">\u20ac<\/span>\u00a0800.00<\/bdi><\/span><\/span><\/p>\n<p><span class=\"availability instock\">Varastossa<\/span><\/p>\n<\/div>\n<div class=\"woocommerce-product-details__short-description\">\n<p>Ativan (Loratsepaami) 2 mg pillereit\u00e4\/tabletteja:<\/p>\n<p>Ativan (loratsepaami) hoitaa ahdistusta, ahdistusta, johon liittyy masennus, ja unettomuutta (univaikeuksia). T\u00e4m\u00e4 l\u00e4\u00e4ke on bentsodiatsepiini.<\/p>\n<p>Voit ostaa Ativan online (Lorazepam) 2mg tabletteja verkossa ilman resepti\u00e4 (No RX).<\/p>\n<p>tuotteen hinta on: per pilleri<br \/>\n<strong>Minimitilausm\u00e4\u00e4r\u00e4 on: 70 pillereit\u00e4<\/strong><\/p>\n<pre><strong>Osta Ativan 2mg pillereit\u00e4 verkossa - ostaa Ativan , ostaa Ativan 2mg pillereit\u00e4 , ostaa Ativan pillereit\u00e4 verkossa, Mist\u00e4 ostaa Ativan 2mg pillereit\u00e4 , Ativan 2mg pillereit\u00e4 myyt\u00e4v\u00e4n\u00e4, Ativan pillereit\u00e4 myyt\u00e4v\u00e4n\u00e4, ostaa Ativan 2mg verkossa, mist\u00e4 ostaa Ativan 2mg pillereit\u00e4 verkossa, Ativan 2mg pillereit\u00e4 myyt\u00e4v\u00e4n\u00e4 usa , USA, Kanada,uk, osta, verkossa, toimittajat, turvallinen toimitus, Voit silti saada Ativan 2mg pillereit\u00e4 , Onko Ativan 2mg pillereit\u00e4 laillista usa, ostaa Ativan 2mg pillereit\u00e4 verkossa usa, miten tilata Ativan 2mg pillereit\u00e4 , Onko Ativan 2mg pillereit\u00e4 laillista Kanadassa .<\/strong><\/pre>\n<\/div>","protected":false},"featured_media":9786,"comment_status":"open","ping_status":"closed","template":"","meta":{"_bst_post_transparent":"","_bst_post_title":"","_bst_post_layout":"","_bst_post_sidebar_id":"","_bst_post_content_style":"","_bst_post_vertical_padding":"","_bst_post_feature":"","_bst_post_feature_position":"","_bst_post_header":false,"_bst_post_footer":false},"product_brand":[],"product_cat":[77,770],"product_tag":[],"product_brands":[],"class_list":{"0":"post-9777","1":"product","2":"type-product","3":"status-publish","4":"has-post-thumbnail","6":"product_cat-pain-sleeping-sex-pills","7":"product_cat-sleeping-pills","9":"first","10":"instock","11":"shipping-taxable","12":"purchasable","13":"product-type-variable","14":"entry","15":"content-bg","16":"loop-entry"},"tiered_pricing_type":"fixed","tiered_pricing_fixed_rules":[],"tiered_pricing_percentage_rules":[],"tiered_pricing_minimum":1,"_administrator_tiered_pricing_type":"fixed","_administrator_tiered_pricing_fixed_rules":[],"_editor_tiered_pricing_type":"fixed","_editor_tiered_pricing_fixed_rules":[],"_author_tiered_pricing_type":"fixed","_author_tiered_pricing_fixed_rules":[],"_contributor_tiered_pricing_type":"fixed","_contributor_tiered_pricing_fixed_rules":[],"_subscriber_tiered_pricing_type":"fixed","_subscriber_tiered_pricing_fixed_rules":[],"_customer_tiered_pricing_type":"fixed","_customer_tiered_pricing_fixed_rules":[],"_shop_manager_tiered_pricing_type":"fixed","_shop_manager_tiered_pricing_fixed_rules":[],"_wpseo_manager_tiered_pricing_type":"fixed","_wpseo_manager_tiered_pricing_fixed_rules":[],"_wpseo_editor_tiered_pricing_type":"fixed","_wpseo_editor_tiered_pricing_fixed_rules":[],"yoast_head":"<!-- This site is optimized with the Yoast SEO plugin v27.2 - https:\/\/yoast.com\/product\/yoast-seo-wordpress\/ -->\n<title>Buy Ativan 2mg pills online - Fast and safe delivery<\/title>\n<meta name=\"description\" content=\"Buy Ativan 2mg, Order safely &amp; maintain your privacy No prescription necessary Discreet standard shipping at Low prices.\" \/>\n<meta name=\"robots\" content=\"index, follow, max-snippet:-1, max-image-preview:large, max-video-preview:-1\" \/>\n<link rel=\"canonical\" href=\"https:\/\/stonersmeds.com\/fi\/shop\/buy-ativan-2mg-pills-online\/\" \/>\n<meta property=\"og:locale\" content=\"fi_FI\" \/>\n<meta property=\"og:type\" content=\"article\" \/>\n<meta property=\"og:title\" content=\"Buy Ativan 2mg pills online - Fast and safe delivery\" \/>\n<meta property=\"og:description\" content=\"Buy Ativan 2mg, Order safely &amp; maintain your privacy No prescription necessary Discreet standard shipping at Low prices.\" \/>\n<meta property=\"og:url\" content=\"https:\/\/stonersmeds.com\/fi\/shop\/buy-ativan-2mg-pills-online\/\" \/>\n<meta property=\"og:site_name\" content=\"stonersmeds.com\" \/>\n<meta property=\"article:modified_time\" content=\"2026-03-01T06:50:04+00:00\" \/>\n<meta property=\"og:image\" content=\"https:\/\/stonersmeds.com\/wp-content\/uploads\/2022\/03\/buy-ativan-2mg-pills-online.jpg\" \/>\n\t<meta property=\"og:image:width\" content=\"600\" \/>\n\t<meta property=\"og:image:height\" content=\"600\" \/>\n\t<meta property=\"og:image:type\" content=\"image\/jpeg\" \/>\n<meta name=\"twitter:card\" content=\"summary_large_image\" \/>\n<meta name=\"twitter:label1\" content=\"Saatavuus\" \/>\n\t<meta name=\"twitter:data1\" content=\"Varastossa\" \/>\n<script type=\"application\/ld+json\" class=\"yoast-schema-graph\">{\"@context\":\"https:\/\/schema.org\",\"@graph\":[{\"@type\":\"WebPage\",\"@id\":\"https:\/\/stonersmeds.com\/shop\/buy-ativan-2mg-pills-online\/\",\"url\":\"https:\/\/stonersmeds.com\/shop\/buy-ativan-2mg-pills-online\/\",\"name\":\"Buy Ativan 2mg pills online - Fast and safe delivery\",\"isPartOf\":{\"@id\":\"https:\/\/stonersmeds.com\/#website\"},\"primaryImageOfPage\":{\"@id\":\"https:\/\/stonersmeds.com\/shop\/buy-ativan-2mg-pills-online\/#primaryimage\"},\"image\":{\"@id\":\"https:\/\/stonersmeds.com\/shop\/buy-ativan-2mg-pills-online\/#primaryimage\"},\"thumbnailUrl\":\"https:\/\/stonersmeds.com\/wp-content\/uploads\/2022\/03\/buy-ativan-2mg-pills-online.jpg\",\"datePublished\":\"2022-03-12T02:14:55+00:00\",\"dateModified\":\"2026-03-01T06:50:04+00:00\",\"description\":\"Buy Ativan 2mg, Order safely & maintain your privacy No prescription necessary Discreet standard shipping at Low prices.\",\"breadcrumb\":{\"@id\":\"https:\/\/stonersmeds.com\/shop\/buy-ativan-2mg-pills-online\/#breadcrumb\"},\"inLanguage\":\"fi\",\"potentialAction\":[{\"@type\":\"ReadAction\",\"target\":[\"https:\/\/stonersmeds.com\/shop\/buy-ativan-2mg-pills-online\/\"]}]},{\"@type\":\"ImageObject\",\"inLanguage\":\"fi\",\"@id\":\"https:\/\/stonersmeds.com\/shop\/buy-ativan-2mg-pills-online\/#primaryimage\",\"url\":\"https:\/\/stonersmeds.com\/wp-content\/uploads\/2022\/03\/buy-ativan-2mg-pills-online.jpg\",\"contentUrl\":\"https:\/\/stonersmeds.com\/wp-content\/uploads\/2022\/03\/buy-ativan-2mg-pills-online.jpg\",\"width\":600,\"height\":600},{\"@type\":\"BreadcrumbList\",\"@id\":\"https:\/\/stonersmeds.com\/shop\/buy-ativan-2mg-pills-online\/#breadcrumb\",\"itemListElement\":[{\"@type\":\"ListItem\",\"position\":1,\"name\":\"Home\",\"item\":\"https:\/\/stonersmeds.com\/\"},{\"@type\":\"ListItem\",\"position\":2,\"name\":\"Shop\",\"item\":\"https:\/\/stonersmeds.com\/shop\/\"},{\"@type\":\"ListItem\",\"position\":3,\"name\":\"Buy Ativan 2mg pills online\"}]},{\"@type\":\"WebSite\",\"@id\":\"https:\/\/stonersmeds.com\/#website\",\"url\":\"https:\/\/stonersmeds.com\/\",\"name\":\"stonersmeds.com\",\"description\":\"verschreibungspflichtige Medizin kaufen\",\"publisher\":{\"@id\":\"https:\/\/stonersmeds.com\/#organization\"},\"alternateName\":\"Research chemical shop\",\"potentialAction\":[{\"@type\":\"SearchAction\",\"target\":{\"@type\":\"EntryPoint\",\"urlTemplate\":\"https:\/\/stonersmeds.com\/?s={search_term_string}\"},\"query-input\":{\"@type\":\"PropertyValueSpecification\",\"valueRequired\":true,\"valueName\":\"search_term_string\"}}],\"inLanguage\":\"fi\"},{\"@type\":\"Organization\",\"@id\":\"https:\/\/stonersmeds.com\/#organization\",\"name\":\"Stonersmeds Shop\",\"url\":\"https:\/\/stonersmeds.com\/\",\"logo\":{\"@type\":\"ImageObject\",\"inLanguage\":\"fi\",\"@id\":\"https:\/\/stonersmeds.com\/#\/schema\/logo\/image\/\",\"url\":\"https:\/\/stonersmeds.com\/wp-content\/uploads\/2026\/02\/high-purity-DMT-powder.jpg\",\"contentUrl\":\"https:\/\/stonersmeds.com\/wp-content\/uploads\/2026\/02\/high-purity-DMT-powder.jpg\",\"width\":500,\"height\":500,\"caption\":\"Stonersmeds Shop\"},\"image\":{\"@id\":\"https:\/\/stonersmeds.com\/#\/schema\/logo\/image\/\"}}]}<\/script>\n<meta property=\"og:availability\" content=\"instock\" \/>\n<meta property=\"product:availability\" content=\"instock\" \/>\n<meta property=\"product:condition\" content=\"new\" \/>\n<!-- \/ Yoast SEO plugin. -->","yoast_head_json":{"title":"Osta Ativan 2mg pillereit\u00e4 verkossa - Nopea ja turvallinen toimitus","description":"Osta Ativan 2mg, Tilaa turvallisesti &amp; s\u00e4ilyt\u00e4 yksityisyytesi Ei resepti\u00e4 tarvita Hienovarainen vakiotoimitus edulliseen hintaan.","robots":{"index":"index","follow":"follow","max-snippet":"max-snippet:-1","max-image-preview":"max-image-preview:large","max-video-preview":"max-video-preview:-1"},"canonical":"https:\/\/stonersmeds.com\/fi\/shop\/buy-ativan-2mg-pills-online\/","og_locale":"fi_FI","og_type":"article","og_title":"Buy Ativan 2mg pills online - Fast and safe delivery","og_description":"Buy Ativan 2mg, Order safely & maintain your privacy No prescription necessary Discreet standard shipping at Low prices.","og_url":"https:\/\/stonersmeds.com\/fi\/shop\/buy-ativan-2mg-pills-online\/","og_site_name":"stonersmeds.com","article_modified_time":"2026-03-01T06:50:04+00:00","og_image":[{"width":600,"height":600,"url":"https:\/\/stonersmeds.com\/wp-content\/uploads\/2022\/03\/buy-ativan-2mg-pills-online.jpg","type":"image\/jpeg"}],"twitter_card":"summary_large_image","twitter_misc":{"Saatavuus":"Varastossa"},"schema":{"@context":"https:\/\/schema.org","@graph":[{"@type":"WebPage","@id":"https:\/\/stonersmeds.com\/shop\/buy-ativan-2mg-pills-online\/","url":"https:\/\/stonersmeds.com\/shop\/buy-ativan-2mg-pills-online\/","name":"Osta Ativan 2mg pillereit\u00e4 verkossa - Nopea ja turvallinen toimitus","isPartOf":{"@id":"https:\/\/stonersmeds.com\/#website"},"primaryImageOfPage":{"@id":"https:\/\/stonersmeds.com\/shop\/buy-ativan-2mg-pills-online\/#primaryimage"},"image":{"@id":"https:\/\/stonersmeds.com\/shop\/buy-ativan-2mg-pills-online\/#primaryimage"},"thumbnailUrl":"https:\/\/stonersmeds.com\/wp-content\/uploads\/2022\/03\/buy-ativan-2mg-pills-online.jpg","datePublished":"2022-03-12T02:14:55+00:00","dateModified":"2026-03-01T06:50:04+00:00","description":"Osta Ativan 2mg, Tilaa turvallisesti &amp; s\u00e4ilyt\u00e4 yksityisyytesi Ei resepti\u00e4 tarvita Hienovarainen vakiotoimitus edulliseen hintaan.","breadcrumb":{"@id":"https:\/\/stonersmeds.com\/shop\/buy-ativan-2mg-pills-online\/#breadcrumb"},"inLanguage":"fi","potentialAction":[{"@type":"ReadAction","target":["https:\/\/stonersmeds.com\/shop\/buy-ativan-2mg-pills-online\/"]}]},{"@type":"ImageObject","inLanguage":"fi","@id":"https:\/\/stonersmeds.com\/shop\/buy-ativan-2mg-pills-online\/#primaryimage","url":"https:\/\/stonersmeds.com\/wp-content\/uploads\/2022\/03\/buy-ativan-2mg-pills-online.jpg","contentUrl":"https:\/\/stonersmeds.com\/wp-content\/uploads\/2022\/03\/buy-ativan-2mg-pills-online.jpg","width":600,"height":600},{"@type":"BreadcrumbList","@id":"https:\/\/stonersmeds.com\/shop\/buy-ativan-2mg-pills-online\/#breadcrumb","itemListElement":[{"@type":"ListItem","position":1,"name":"Home","item":"https:\/\/stonersmeds.com\/"},{"@type":"ListItem","position":2,"name":"Shop","item":"https:\/\/stonersmeds.com\/shop\/"},{"@type":"ListItem","position":3,"name":"Buy Ativan 2mg pills online"}]},{"@type":"WebSite","@id":"https:\/\/stonersmeds.com\/#website","url":"https:\/\/stonersmeds.com\/","name":"stonersmeds.com","description":"verschreibungspflichtige Medizin kaufen","publisher":{"@id":"https:\/\/stonersmeds.com\/#organization"},"alternateName":"Research chemical shop","potentialAction":[{"@type":"SearchAction","target":{"@type":"EntryPoint","urlTemplate":"https:\/\/stonersmeds.com\/?s={search_term_string}"},"query-input":{"@type":"PropertyValueSpecification","valueRequired":true,"valueName":"search_term_string"}}],"inLanguage":"fi"},{"@type":"Organization","@id":"https:\/\/stonersmeds.com\/#organization","name":"Stonersmeds Shop","url":"https:\/\/stonersmeds.com\/","logo":{"@type":"ImageObject","inLanguage":"fi","@id":"https:\/\/stonersmeds.com\/#\/schema\/logo\/image\/","url":"https:\/\/stonersmeds.com\/wp-content\/uploads\/2026\/02\/high-purity-DMT-powder.jpg","contentUrl":"https:\/\/stonersmeds.com\/wp-content\/uploads\/2026\/02\/high-purity-DMT-powder.jpg","width":500,"height":500,"caption":"Stonersmeds Shop"},"image":{"@id":"https:\/\/stonersmeds.com\/#\/schema\/logo\/image\/"}}]},"og_availability":"instock","product_availability":"instock","product_condition":"new"},"_links":{"self":[{"href":"https:\/\/stonersmeds.com\/fi\/wp-json\/wp\/v2\/product\/9777","targetHints":{"allow":["GET"]}}],"collection":[{"href":"https:\/\/stonersmeds.com\/fi\/wp-json\/wp\/v2\/product"}],"about":[{"href":"https:\/\/stonersmeds.com\/fi\/wp-json\/wp\/v2\/types\/product"}],"replies":[{"embeddable":true,"href":"https:\/\/stonersmeds.com\/fi\/wp-json\/wp\/v2\/comments?post=9777"}],"version-history":[{"count":0,"href":"https:\/\/stonersmeds.com\/fi\/wp-json\/wp\/v2\/product\/9777\/revisions"}],"wp:featuredmedia":[{"embeddable":true,"href":"https:\/\/stonersmeds.com\/fi\/wp-json\/wp\/v2\/media\/9786"}],"wp:attachment":[{"href":"https:\/\/stonersmeds.com\/fi\/wp-json\/wp\/v2\/media?parent=9777"}],"wp:term":[{"taxonomy":"product_brand","embeddable":true,"href":"https:\/\/stonersmeds.com\/fi\/wp-json\/wp\/v2\/product_brand?post=9777"},{"taxonomy":"product_cat","embeddable":true,"href":"https:\/\/stonersmeds.com\/fi\/wp-json\/wp\/v2\/product_cat?post=9777"},{"taxonomy":"product_tag","embeddable":true,"href":"https:\/\/stonersmeds.com\/fi\/wp-json\/wp\/v2\/product_tag?post=9777"},{"taxonomy":"product_brands","embeddable":true,"href":"https:\/\/stonersmeds.com\/fi\/wp-json\/wp\/v2\/product_brands?post=9777"}],"curies":[{"name":"wp","href":"https:\/\/api.w.org\/{rel}","templated":true}]}}