{"id":9828,"date":"2022-03-12T02:41:29","date_gmt":"2022-03-12T02:41:29","guid":{"rendered":"https:\/\/stonersmeds.com\/?post_type=product&#038;p=9828"},"modified":"2026-03-01T11:30:06","modified_gmt":"2026-03-01T09:30:06","slug":"buy-fentanyl-tablets-online","status":"publish","type":"product","link":"https:\/\/stonersmeds.com\/fi\/shop\/buy-fentanyl-tablets-online\/","title":{"rendered":"Osta fentanyylitabletteja verkosta"},"content":{"rendered":"<h1>Osta fentanyylitabletteja verkosta<\/h1>\n<p>Mihin fentanyyli\u00e4 k\u00e4ytet\u00e4\u00e4n:<br \/>\nK\u00e4ytet\u00e4\u00e4n kivun lievitt\u00e4miseen<\/p>\n<p>Miten Fentanyyli toimii:<br \/>\nFentanyyli v\u00e4hent\u00e4\u00e4 henkil\u00f6n kivun tunnetta ja kipua.<\/p>\n<p>Miten fentanyyli\u00e4 tulisi k\u00e4ytt\u00e4\u00e4:<br \/>\n\u00c4l\u00e4 ota t\u00e4t\u00e4 <a href=\"https:\/\/stonersmeds.com\/fi\/tuote-avainsana\/pain-medication-without-doctor-prescription\/\">l\u00e4\u00e4kitys muiden vahvojen kipul\u00e4\u00e4kkeiden kanssa keskustelematta l\u00e4\u00e4k\u00e4rin kanssa.<\/a> ensiksi. Juo runsaasti kofeiinittomia nesteit\u00e4, ellei l\u00e4\u00e4k\u00e4ri kehota sinua juomaan v\u00e4hemm\u00e4n nesteit\u00e4. Pid\u00e4 kipup\u00e4iv\u00e4kirjaa.<\/p>\n<div><\/div>\n<div><\/div>\n<div><\/div>\n<div><\/div>\n<pre><strong>Osta fentanyyli tabletteja verkossa - osta fentanyyli\u00e4 , osta fentanyyli tabletteja , osta fentanyyli\u00e4 verkossa, Mist\u00e4 ostaa fentanyyli\u00e4 tabletteja , fentanyyli\u00e4 tabletteja myyt\u00e4v\u00e4n\u00e4, fentanyyli\u00e4 myyt\u00e4v\u00e4n\u00e4, ostaa tabletteja verkossa, mist\u00e4 ostaa fentanyyli\u00e4 tabletteja verkossa, fentanyyli\u00e4 tabletteja myyt\u00e4v\u00e4n\u00e4 Yhdysvalloissa , USA, Kanada,uk, ostaa, online, toimittajat, turvallinen toimitus, Voit silti saada fentanyyli tabletteja , Onko fentanyyli tabletit laillista usa, ostaa fentanyyli tabletit verkossa usa, miten tilata fentanyyli tabletteja , Onko fentanyyli tabletit laillista Kanadassa .<\/strong><\/pre>","protected":false},"excerpt":{"rendered":"<p><strong>200mcg ..........................$4 \/ Pilleri<\/strong><\/p>\n<p>Fentanyyli\u00e4 on saatavana nelj\u00e4n\u00e4 erilaisena transmukosaalisena valmisteena ja useina muina valmistetyyppein\u00e4. Jokaisen tuotteen sis\u00e4lt\u00e4m\u00e4 l\u00e4\u00e4ke imeytyy elimist\u00f6\u00f6n eri tavalla, joten yht\u00e4 tuotetta ei voi korvata toisella. Kun vaihdat tuotteesta toiseen, l\u00e4\u00e4k\u00e4ri m\u00e4\u00e4r\u00e4\u00e4 sinulle parhaan annoksen.<\/p>\n<pre><strong>Osta fentanyyli tabletteja verkossa - osta fentanyyli\u00e4 , osta fentanyyli tabletteja , osta fentanyyli\u00e4 verkossa, Mist\u00e4 ostaa fentanyyli\u00e4 tabletteja , fentanyyli\u00e4 tabletteja myyt\u00e4v\u00e4n\u00e4, fentanyyli\u00e4 myyt\u00e4v\u00e4n\u00e4, ostaa tabletteja verkossa, mist\u00e4 ostaa fentanyyli\u00e4 tabletteja verkossa, fentanyyli\u00e4 tabletteja myyt\u00e4v\u00e4n\u00e4 Yhdysvalloissa , USA, Kanada,uk, ostaa, online, toimittajat, turvallinen toimitus, Voit silti saada fentanyyli tabletteja , Onko fentanyyli tabletit laillista usa, ostaa fentanyyli tabletit verkossa usa, miten tilata fentanyyli tabletteja , Onko fentanyyli tabletit laillista Kanadassa .<\/strong><\/pre>","protected":false},"featured_media":9837,"comment_status":"open","ping_status":"closed","template":"","meta":{"_bst_post_transparent":"","_bst_post_title":"","_bst_post_layout":"","_bst_post_sidebar_id":"","_bst_post_content_style":"","_bst_post_vertical_padding":"","_bst_post_feature":"","_bst_post_feature_position":"","_bst_post_header":false,"_bst_post_footer":false},"product_brand":[],"product_cat":[769,77,771],"product_tag":[],"product_brands":[],"class_list":{"0":"post-9828","1":"product","2":"type-product","3":"status-publish","4":"has-post-thumbnail","6":"product_cat-pain-pills","7":"product_cat-pain-sleeping-sex-pills","8":"product_cat-sex-pills","10":"first","11":"instock","12":"shipping-taxable","13":"purchasable","14":"product-type-variable","15":"entry","16":"content-bg","17":"loop-entry"},"tiered_pricing_type":"fixed","tiered_pricing_fixed_rules":[],"tiered_pricing_percentage_rules":[],"tiered_pricing_minimum":1,"_administrator_tiered_pricing_type":"fixed","_administrator_tiered_pricing_fixed_rules":[],"_editor_tiered_pricing_type":"fixed","_editor_tiered_pricing_fixed_rules":[],"_author_tiered_pricing_type":"fixed","_author_tiered_pricing_fixed_rules":[],"_contributor_tiered_pricing_type":"fixed","_contributor_tiered_pricing_fixed_rules":[],"_subscriber_tiered_pricing_type":"fixed","_subscriber_tiered_pricing_fixed_rules":[],"_customer_tiered_pricing_type":"fixed","_customer_tiered_pricing_fixed_rules":[],"_shop_manager_tiered_pricing_type":"fixed","_shop_manager_tiered_pricing_fixed_rules":[],"_wpseo_manager_tiered_pricing_type":"fixed","_wpseo_manager_tiered_pricing_fixed_rules":[],"_wpseo_editor_tiered_pricing_type":"fixed","_wpseo_editor_tiered_pricing_fixed_rules":[],"yoast_head":"<!-- This site is optimized with the Yoast SEO plugin v27.2 - https:\/\/yoast.com\/product\/yoast-seo-wordpress\/ -->\n<title>Buy fentanyl tablets online - Fast and safe delivery<\/title>\n<meta name=\"description\" content=\"Buy fentanyl tablets, Order safely &amp; maintain your privacy No prescription necessary Discreet standard shipping at Low prices.\" \/>\n<meta name=\"robots\" content=\"index, follow, max-snippet:-1, max-image-preview:large, max-video-preview:-1\" \/>\n<link rel=\"canonical\" href=\"https:\/\/stonersmeds.com\/fi\/shop\/buy-fentanyl-tablets-online\/\" \/>\n<meta property=\"og:locale\" content=\"fi_FI\" \/>\n<meta property=\"og:type\" content=\"article\" \/>\n<meta property=\"og:title\" content=\"Buy fentanyl tablets online - Fast and safe delivery\" \/>\n<meta property=\"og:description\" content=\"Buy fentanyl tablets, Order safely &amp; maintain your privacy No prescription necessary Discreet standard shipping at Low prices.\" \/>\n<meta property=\"og:url\" content=\"https:\/\/stonersmeds.com\/fi\/shop\/buy-fentanyl-tablets-online\/\" \/>\n<meta property=\"og:site_name\" content=\"stonersmeds.com\" \/>\n<meta property=\"article:modified_time\" content=\"2026-03-01T09:30:06+00:00\" \/>\n<meta property=\"og:image\" content=\"https:\/\/stonersmeds.com\/wp-content\/uploads\/2022\/03\/buy-fentanyl-tablets-online-1.jpg\" \/>\n\t<meta property=\"og:image:width\" content=\"600\" \/>\n\t<meta property=\"og:image:height\" content=\"600\" \/>\n\t<meta property=\"og:image:type\" content=\"image\/jpeg\" \/>\n<meta name=\"twitter:card\" content=\"summary_large_image\" \/>\n<meta name=\"twitter:label1\" content=\"Saatavuus\" \/>\n\t<meta name=\"twitter:data1\" content=\"Varastossa\" \/>\n<script type=\"application\/ld+json\" class=\"yoast-schema-graph\">{\"@context\":\"https:\/\/schema.org\",\"@graph\":[{\"@type\":\"WebPage\",\"@id\":\"https:\/\/stonersmeds.com\/de\/shop\/buy-fentanyl-tablets-online\/\",\"url\":\"https:\/\/stonersmeds.com\/de\/shop\/buy-fentanyl-tablets-online\/\",\"name\":\"Buy fentanyl tablets online - Fast and safe delivery\",\"isPartOf\":{\"@id\":\"https:\/\/stonersmeds.com\/#website\"},\"primaryImageOfPage\":{\"@id\":\"https:\/\/stonersmeds.com\/de\/shop\/buy-fentanyl-tablets-online\/#primaryimage\"},\"image\":{\"@id\":\"https:\/\/stonersmeds.com\/de\/shop\/buy-fentanyl-tablets-online\/#primaryimage\"},\"thumbnailUrl\":\"https:\/\/stonersmeds.com\/wp-content\/uploads\/2022\/03\/buy-fentanyl-tablets-online-1.jpg\",\"datePublished\":\"2022-03-12T02:41:29+00:00\",\"dateModified\":\"2026-03-01T09:30:06+00:00\",\"description\":\"Buy fentanyl tablets, Order safely & maintain your privacy No prescription necessary Discreet standard shipping at Low prices.\",\"breadcrumb\":{\"@id\":\"https:\/\/stonersmeds.com\/de\/shop\/buy-fentanyl-tablets-online\/#breadcrumb\"},\"inLanguage\":\"fi\",\"potentialAction\":[{\"@type\":\"ReadAction\",\"target\":[\"https:\/\/stonersmeds.com\/de\/shop\/buy-fentanyl-tablets-online\/\"]}]},{\"@type\":\"ImageObject\",\"inLanguage\":\"fi\",\"@id\":\"https:\/\/stonersmeds.com\/de\/shop\/buy-fentanyl-tablets-online\/#primaryimage\",\"url\":\"https:\/\/stonersmeds.com\/wp-content\/uploads\/2022\/03\/buy-fentanyl-tablets-online-1.jpg\",\"contentUrl\":\"https:\/\/stonersmeds.com\/wp-content\/uploads\/2022\/03\/buy-fentanyl-tablets-online-1.jpg\",\"width\":600,\"height\":600},{\"@type\":\"BreadcrumbList\",\"@id\":\"https:\/\/stonersmeds.com\/de\/shop\/buy-fentanyl-tablets-online\/#breadcrumb\",\"itemListElement\":[{\"@type\":\"ListItem\",\"position\":1,\"name\":\"Home\",\"item\":\"https:\/\/stonersmeds.com\/\"},{\"@type\":\"ListItem\",\"position\":2,\"name\":\"Shop\",\"item\":\"https:\/\/stonersmeds.com\/shop\/\"},{\"@type\":\"ListItem\",\"position\":3,\"name\":\"Buy fentanyl tablets online\"}]},{\"@type\":\"WebSite\",\"@id\":\"https:\/\/stonersmeds.com\/#website\",\"url\":\"https:\/\/stonersmeds.com\/\",\"name\":\"stonersmeds.com\",\"description\":\"verschreibungspflichtige Medizin kaufen\",\"publisher\":{\"@id\":\"https:\/\/stonersmeds.com\/#organization\"},\"alternateName\":\"Research chemical shop\",\"potentialAction\":[{\"@type\":\"SearchAction\",\"target\":{\"@type\":\"EntryPoint\",\"urlTemplate\":\"https:\/\/stonersmeds.com\/?s={search_term_string}\"},\"query-input\":{\"@type\":\"PropertyValueSpecification\",\"valueRequired\":true,\"valueName\":\"search_term_string\"}}],\"inLanguage\":\"fi\"},{\"@type\":\"Organization\",\"@id\":\"https:\/\/stonersmeds.com\/#organization\",\"name\":\"Stonersmeds Shop\",\"url\":\"https:\/\/stonersmeds.com\/\",\"logo\":{\"@type\":\"ImageObject\",\"inLanguage\":\"fi\",\"@id\":\"https:\/\/stonersmeds.com\/#\/schema\/logo\/image\/\",\"url\":\"https:\/\/stonersmeds.com\/wp-content\/uploads\/2026\/02\/high-purity-DMT-powder.jpg\",\"contentUrl\":\"https:\/\/stonersmeds.com\/wp-content\/uploads\/2026\/02\/high-purity-DMT-powder.jpg\",\"width\":500,\"height\":500,\"caption\":\"Stonersmeds Shop\"},\"image\":{\"@id\":\"https:\/\/stonersmeds.com\/#\/schema\/logo\/image\/\"}}]}<\/script>\n<meta property=\"og:availability\" content=\"instock\" \/>\n<meta property=\"product:availability\" content=\"instock\" \/>\n<meta property=\"product:condition\" content=\"new\" \/>\n<!-- \/ Yoast SEO plugin. -->","yoast_head_json":{"title":"Osta fentanyyli tabletteja verkossa - Nopea ja turvallinen toimitus","description":"Osta fentanyyli tabletteja, Tilaa turvallisesti &amp; s\u00e4ilyt\u00e4 yksityisyytesi Ei resepti\u00e4 tarpeen Hienovarainen vakiotoimitus edulliseen hintaan.","robots":{"index":"index","follow":"follow","max-snippet":"max-snippet:-1","max-image-preview":"max-image-preview:large","max-video-preview":"max-video-preview:-1"},"canonical":"https:\/\/stonersmeds.com\/fi\/shop\/buy-fentanyl-tablets-online\/","og_locale":"fi_FI","og_type":"article","og_title":"Buy fentanyl tablets online - Fast and safe delivery","og_description":"Buy fentanyl tablets, Order safely & maintain your privacy No prescription necessary Discreet standard shipping at Low prices.","og_url":"https:\/\/stonersmeds.com\/fi\/shop\/buy-fentanyl-tablets-online\/","og_site_name":"stonersmeds.com","article_modified_time":"2026-03-01T09:30:06+00:00","og_image":[{"width":600,"height":600,"url":"https:\/\/stonersmeds.com\/wp-content\/uploads\/2022\/03\/buy-fentanyl-tablets-online-1.jpg","type":"image\/jpeg"}],"twitter_card":"summary_large_image","twitter_misc":{"Saatavuus":"Varastossa"},"schema":{"@context":"https:\/\/schema.org","@graph":[{"@type":"WebPage","@id":"https:\/\/stonersmeds.com\/de\/shop\/buy-fentanyl-tablets-online\/","url":"https:\/\/stonersmeds.com\/de\/shop\/buy-fentanyl-tablets-online\/","name":"Osta fentanyyli tabletteja verkossa - Nopea ja turvallinen toimitus","isPartOf":{"@id":"https:\/\/stonersmeds.com\/#website"},"primaryImageOfPage":{"@id":"https:\/\/stonersmeds.com\/de\/shop\/buy-fentanyl-tablets-online\/#primaryimage"},"image":{"@id":"https:\/\/stonersmeds.com\/de\/shop\/buy-fentanyl-tablets-online\/#primaryimage"},"thumbnailUrl":"https:\/\/stonersmeds.com\/wp-content\/uploads\/2022\/03\/buy-fentanyl-tablets-online-1.jpg","datePublished":"2022-03-12T02:41:29+00:00","dateModified":"2026-03-01T09:30:06+00:00","description":"Osta fentanyyli tabletteja, Tilaa turvallisesti &amp; s\u00e4ilyt\u00e4 yksityisyytesi Ei resepti\u00e4 tarpeen Hienovarainen vakiotoimitus edulliseen hintaan.","breadcrumb":{"@id":"https:\/\/stonersmeds.com\/de\/shop\/buy-fentanyl-tablets-online\/#breadcrumb"},"inLanguage":"fi","potentialAction":[{"@type":"ReadAction","target":["https:\/\/stonersmeds.com\/de\/shop\/buy-fentanyl-tablets-online\/"]}]},{"@type":"ImageObject","inLanguage":"fi","@id":"https:\/\/stonersmeds.com\/de\/shop\/buy-fentanyl-tablets-online\/#primaryimage","url":"https:\/\/stonersmeds.com\/wp-content\/uploads\/2022\/03\/buy-fentanyl-tablets-online-1.jpg","contentUrl":"https:\/\/stonersmeds.com\/wp-content\/uploads\/2022\/03\/buy-fentanyl-tablets-online-1.jpg","width":600,"height":600},{"@type":"BreadcrumbList","@id":"https:\/\/stonersmeds.com\/de\/shop\/buy-fentanyl-tablets-online\/#breadcrumb","itemListElement":[{"@type":"ListItem","position":1,"name":"Home","item":"https:\/\/stonersmeds.com\/"},{"@type":"ListItem","position":2,"name":"Shop","item":"https:\/\/stonersmeds.com\/shop\/"},{"@type":"ListItem","position":3,"name":"Buy fentanyl tablets online"}]},{"@type":"WebSite","@id":"https:\/\/stonersmeds.com\/#website","url":"https:\/\/stonersmeds.com\/","name":"stonersmeds.com","description":"verschreibungspflichtige Medizin kaufen","publisher":{"@id":"https:\/\/stonersmeds.com\/#organization"},"alternateName":"Research chemical shop","potentialAction":[{"@type":"SearchAction","target":{"@type":"EntryPoint","urlTemplate":"https:\/\/stonersmeds.com\/?s={search_term_string}"},"query-input":{"@type":"PropertyValueSpecification","valueRequired":true,"valueName":"search_term_string"}}],"inLanguage":"fi"},{"@type":"Organization","@id":"https:\/\/stonersmeds.com\/#organization","name":"Stonersmeds Shop","url":"https:\/\/stonersmeds.com\/","logo":{"@type":"ImageObject","inLanguage":"fi","@id":"https:\/\/stonersmeds.com\/#\/schema\/logo\/image\/","url":"https:\/\/stonersmeds.com\/wp-content\/uploads\/2026\/02\/high-purity-DMT-powder.jpg","contentUrl":"https:\/\/stonersmeds.com\/wp-content\/uploads\/2026\/02\/high-purity-DMT-powder.jpg","width":500,"height":500,"caption":"Stonersmeds Shop"},"image":{"@id":"https:\/\/stonersmeds.com\/#\/schema\/logo\/image\/"}}]},"og_availability":"instock","product_availability":"instock","product_condition":"new"},"_links":{"self":[{"href":"https:\/\/stonersmeds.com\/fi\/wp-json\/wp\/v2\/product\/9828","targetHints":{"allow":["GET"]}}],"collection":[{"href":"https:\/\/stonersmeds.com\/fi\/wp-json\/wp\/v2\/product"}],"about":[{"href":"https:\/\/stonersmeds.com\/fi\/wp-json\/wp\/v2\/types\/product"}],"replies":[{"embeddable":true,"href":"https:\/\/stonersmeds.com\/fi\/wp-json\/wp\/v2\/comments?post=9828"}],"version-history":[{"count":0,"href":"https:\/\/stonersmeds.com\/fi\/wp-json\/wp\/v2\/product\/9828\/revisions"}],"wp:featuredmedia":[{"embeddable":true,"href":"https:\/\/stonersmeds.com\/fi\/wp-json\/wp\/v2\/media\/9837"}],"wp:attachment":[{"href":"https:\/\/stonersmeds.com\/fi\/wp-json\/wp\/v2\/media?parent=9828"}],"wp:term":[{"taxonomy":"product_brand","embeddable":true,"href":"https:\/\/stonersmeds.com\/fi\/wp-json\/wp\/v2\/product_brand?post=9828"},{"taxonomy":"product_cat","embeddable":true,"href":"https:\/\/stonersmeds.com\/fi\/wp-json\/wp\/v2\/product_cat?post=9828"},{"taxonomy":"product_tag","embeddable":true,"href":"https:\/\/stonersmeds.com\/fi\/wp-json\/wp\/v2\/product_tag?post=9828"},{"taxonomy":"product_brands","embeddable":true,"href":"https:\/\/stonersmeds.com\/fi\/wp-json\/wp\/v2\/product_brands?post=9828"}],"curies":[{"name":"wp","href":"https:\/\/api.w.org\/{rel}","templated":true}]}}