{"id":9870,"date":"2022-03-12T03:00:26","date_gmt":"2022-03-12T03:00:26","guid":{"rendered":"https:\/\/stonersmeds.com\/?post_type=product&#038;p=9870"},"modified":"2026-03-02T13:00:45","modified_gmt":"2026-03-02T11:00:45","slug":"buy-imovane-zopiclone-pills-online","status":"publish","type":"product","link":"https:\/\/stonersmeds.com\/fi\/shop\/buy-imovane-zopiclone-pills-online\/","title":{"rendered":"Osta Imovane Zopiclone -pillereit\u00e4 verkosta"},"content":{"rendered":"<h1>Osta Imovane Zopiclone -pillereit\u00e4 verkosta.<\/h1>\n<p>Tsopikloni on rauhoittava ja hypnoottinen l\u00e4\u00e4ke, joka kuuluu farmakologiseen l\u00e4\u00e4keryhm\u00e4\u00e4n, kuten bentsodiatsepiinit. T\u00e4t\u00e4 l\u00e4\u00e4kett\u00e4 k\u00e4ytet\u00e4\u00e4n unettomuuden, lyhytaikaisen helpotuksen ja erilaisten unih\u00e4iri\u00f6iden oireiden hoitoon. T\u00e4m\u00e4 voi auttaa nukahtamisvaikeuksissa, usein her\u00e4\u00e4misess\u00e4 \u00f6isin tai varhaisessa her\u00e4\u00e4misess\u00e4. Tsopiklonilla on my\u00f6s rauhoittavia, anksiolyyttisi\u00e4, keskuslihaksia rentouttavia, kouristuksia est\u00e4vi\u00e4 ja muistinmenetyksi\u00e4 est\u00e4vi\u00e4 ominaisuuksia.<\/p>\n<div><\/div>\n<div><\/div>\n<div><\/div>\n<div><\/div>\n<pre><strong>Osta Imovane Zopiclone -pillereit\u00e4 verkosta - osta Zopiclone, osta Imovane Zopiclone -pillerit, osta Imovane Zopiclone verkosta, mist\u00e4 ostaa Imovane Zopiclone -pillereit\u00e4, myyt\u00e4v\u00e4n\u00e4 Imovane Zopiclone -pillereit\u00e4, myyt\u00e4v\u00e4n\u00e4 Zopiclone-pillereit\u00e4, osta Zopiclone-pillerit verkosta, mist\u00e4 ostaa Zopiclone Inovane -pillereit\u00e4 Imovane Zopiclone pillereit\u00e4 myyt\u00e4v\u00e4n\u00e4 Yhdysvalloissa, USA, Kanada, Iso-Britannia, osta, verkossa, toimittajat, turvallinen toimitus, voit edelleen saada Imovane Zopiclone -pillereit\u00e4, Onko Imovane Zopiclone -pillerit laillisia Yhdysvalloissa, osta Imovane Zopiclone -pillereit\u00e4 verkosta Yhdysvalloissa, kuinka tilata Imovane Zopiclone-pillerit, Onko Imovane Zopiclone-pillerit laillisia Kanadassa<\/strong><\/pre>","protected":false},"excerpt":{"rendered":"<p>Osta Imovane Zopiclone -pillereit\u00e4 verkosta.\u00a0\u00a0<em>Imovane<\/em>: Tsopikloni kuuluu rauhoittavien l\u00e4\u00e4kkeiden luokkaan.<wbr \/>hypnoottiset aineet. Sit\u00e4 k\u00e4ytet\u00e4\u00e4n unih\u00e4iri\u00f6iden lyhytaikaiseen ja oireenmukaiseen lievitykseen.<\/p>\n<pre><\/pre>","protected":false},"featured_media":9879,"comment_status":"open","ping_status":"closed","template":"","meta":{"_bst_post_transparent":"","_bst_post_title":"","_bst_post_layout":"","_bst_post_sidebar_id":"","_bst_post_content_style":"","_bst_post_vertical_padding":"","_bst_post_feature":"","_bst_post_feature_position":"","_bst_post_header":false,"_bst_post_footer":false},"product_brand":[],"product_cat":[77,770],"product_tag":[1215,1211,1216,1229,1217,1220,1227,1212,1219,1223,1226,1225,1224,1222,1228,1218,1213,1214,1221],"product_brands":[],"class_list":{"0":"post-9870","1":"product","2":"type-product","3":"status-publish","4":"has-post-thumbnail","6":"product_cat-pain-sleeping-sex-pills","7":"product_cat-sleeping-pills","8":"product_tag-buy-blue-zopiclone","9":"product_tag-buy-zopiclone-7-5mg-tablets-next-day-delivery","10":"product_tag-buy-zopiclone-7-5mg-uk","11":"product_tag-buy-zopiclone-online","12":"product_tag-buy-zopiclone-singapore","13":"product_tag-ebay-zopiclone","14":"product_tag-hab-zopiclone-10mg","15":"product_tag-how-much-is-zopiclone","16":"product_tag-sleeping-pills-uk-zopiclone","17":"product_tag-zolpidem-10-mg-price","18":"product_tag-zolpidem-10-mg-price-walmart","19":"product_tag-zopiclone-10mg-fake","20":"product_tag-zopiclone-10mg-for-sale","21":"product_tag-zopiclone-10mg-price","22":"product_tag-zopiclone-10mg-reviews","23":"product_tag-zopiclone-7-5mg-price","24":"product_tag-zopiclone-amazon","25":"product_tag-zopiclone-buy","26":"product_tag-zopiclone-suppliers","28":"first","29":"instock","30":"shipping-taxable","31":"purchasable","32":"product-type-variable","33":"entry","34":"content-bg","35":"loop-entry"},"tiered_pricing_type":"fixed","tiered_pricing_fixed_rules":[],"tiered_pricing_percentage_rules":[],"tiered_pricing_minimum":1,"_administrator_tiered_pricing_type":"fixed","_administrator_tiered_pricing_fixed_rules":[],"_editor_tiered_pricing_type":"fixed","_editor_tiered_pricing_fixed_rules":[],"_author_tiered_pricing_type":"fixed","_author_tiered_pricing_fixed_rules":[],"_contributor_tiered_pricing_type":"fixed","_contributor_tiered_pricing_fixed_rules":[],"_subscriber_tiered_pricing_type":"fixed","_subscriber_tiered_pricing_fixed_rules":[],"_customer_tiered_pricing_type":"fixed","_customer_tiered_pricing_fixed_rules":[],"_shop_manager_tiered_pricing_type":"fixed","_shop_manager_tiered_pricing_fixed_rules":[],"_wpseo_manager_tiered_pricing_type":"fixed","_wpseo_manager_tiered_pricing_fixed_rules":[],"_wpseo_editor_tiered_pricing_type":"fixed","_wpseo_editor_tiered_pricing_fixed_rules":[],"yoast_head":"<!-- This site is optimized with the Yoast SEO plugin v27.2 - https:\/\/yoast.com\/product\/yoast-seo-wordpress\/ -->\n<title>Buy Imovane Zopiclone Fast and safe delivery worldwide<\/title>\n<meta name=\"description\" content=\"Buy Imovane Zopiclone, Order safely &amp; maintain your privacy No prescription necessary Discreet standard shipping at Low prices.\" \/>\n<meta name=\"robots\" content=\"index, follow, max-snippet:-1, max-image-preview:large, max-video-preview:-1\" \/>\n<link rel=\"canonical\" href=\"https:\/\/stonersmeds.com\/fi\/shop\/buy-imovane-zopiclone-pills-online\/\" \/>\n<meta property=\"og:locale\" content=\"fi_FI\" \/>\n<meta property=\"og:type\" content=\"article\" \/>\n<meta property=\"og:title\" content=\"Buy Imovane Zopiclone Fast and safe delivery worldwide\" \/>\n<meta property=\"og:description\" content=\"Buy Imovane Zopiclone, Order safely &amp; maintain your privacy No prescription necessary Discreet standard shipping at Low prices.\" \/>\n<meta property=\"og:url\" content=\"https:\/\/stonersmeds.com\/fi\/shop\/buy-imovane-zopiclone-pills-online\/\" \/>\n<meta property=\"og:site_name\" content=\"stonersmeds.com\" \/>\n<meta property=\"article:modified_time\" content=\"2026-03-02T11:00:45+00:00\" \/>\n<meta property=\"og:image\" content=\"https:\/\/stonersmeds.com\/wp-content\/uploads\/2022\/03\/buy-imovane-zopiclone-pills-online.jpg\" \/>\n\t<meta property=\"og:image:width\" content=\"600\" \/>\n\t<meta property=\"og:image:height\" content=\"600\" \/>\n\t<meta property=\"og:image:type\" content=\"image\/jpeg\" \/>\n<meta name=\"twitter:card\" content=\"summary_large_image\" \/>\n<meta name=\"twitter:label1\" content=\"Saatavuus\" \/>\n\t<meta name=\"twitter:data1\" content=\"Varastossa\" \/>\n<script type=\"application\/ld+json\" class=\"yoast-schema-graph\">{\"@context\":\"https:\/\/schema.org\",\"@graph\":[{\"@type\":[\"WebPage\",\"ItemPage\"],\"@id\":\"https:\/\/stonersmeds.com\/shop\/buy-imovane-zopiclone-pills-online\/\",\"url\":\"https:\/\/stonersmeds.com\/shop\/buy-imovane-zopiclone-pills-online\/\",\"name\":\"Buy Imovane Zopiclone Fast and safe delivery worldwide\",\"isPartOf\":{\"@id\":\"https:\/\/stonersmeds.com\/#website\"},\"primaryImageOfPage\":{\"@id\":\"https:\/\/stonersmeds.com\/shop\/buy-imovane-zopiclone-pills-online\/#primaryimage\"},\"image\":{\"@id\":\"https:\/\/stonersmeds.com\/shop\/buy-imovane-zopiclone-pills-online\/#primaryimage\"},\"thumbnailUrl\":\"https:\/\/stonersmeds.com\/wp-content\/uploads\/2022\/03\/buy-imovane-zopiclone-pills-online.jpg\",\"datePublished\":\"2022-03-12T03:00:26+00:00\",\"dateModified\":\"2026-03-02T11:00:45+00:00\",\"description\":\"Buy Imovane Zopiclone, Order safely & maintain your privacy No prescription necessary Discreet standard shipping at Low prices.\",\"breadcrumb\":{\"@id\":\"https:\/\/stonersmeds.com\/shop\/buy-imovane-zopiclone-pills-online\/#breadcrumb\"},\"inLanguage\":\"fi\",\"potentialAction\":[{\"@type\":\"ReadAction\",\"target\":[\"https:\/\/stonersmeds.com\/shop\/buy-imovane-zopiclone-pills-online\/\"]}]},{\"@type\":\"ImageObject\",\"inLanguage\":\"fi\",\"@id\":\"https:\/\/stonersmeds.com\/shop\/buy-imovane-zopiclone-pills-online\/#primaryimage\",\"url\":\"https:\/\/stonersmeds.com\/wp-content\/uploads\/2022\/03\/buy-imovane-zopiclone-pills-online.jpg\",\"contentUrl\":\"https:\/\/stonersmeds.com\/wp-content\/uploads\/2022\/03\/buy-imovane-zopiclone-pills-online.jpg\",\"width\":600,\"height\":600},{\"@type\":\"BreadcrumbList\",\"@id\":\"https:\/\/stonersmeds.com\/shop\/buy-imovane-zopiclone-pills-online\/#breadcrumb\",\"itemListElement\":[{\"@type\":\"ListItem\",\"position\":1,\"name\":\"Home\",\"item\":\"https:\/\/stonersmeds.com\/\"},{\"@type\":\"ListItem\",\"position\":2,\"name\":\"Shop\",\"item\":\"https:\/\/stonersmeds.com\/shop\/\"},{\"@type\":\"ListItem\",\"position\":3,\"name\":\"Buy Imovane Zopiclone pills online\"}]},{\"@type\":\"WebSite\",\"@id\":\"https:\/\/stonersmeds.com\/#website\",\"url\":\"https:\/\/stonersmeds.com\/\",\"name\":\"stonersmeds.com\",\"description\":\"verschreibungspflichtige Medizin kaufen\",\"publisher\":{\"@id\":\"https:\/\/stonersmeds.com\/#organization\"},\"alternateName\":\"Research chemical shop\",\"potentialAction\":[{\"@type\":\"SearchAction\",\"target\":{\"@type\":\"EntryPoint\",\"urlTemplate\":\"https:\/\/stonersmeds.com\/?s={search_term_string}\"},\"query-input\":{\"@type\":\"PropertyValueSpecification\",\"valueRequired\":true,\"valueName\":\"search_term_string\"}}],\"inLanguage\":\"fi\"},{\"@type\":\"Organization\",\"@id\":\"https:\/\/stonersmeds.com\/#organization\",\"name\":\"Stonersmeds Shop\",\"url\":\"https:\/\/stonersmeds.com\/\",\"logo\":{\"@type\":\"ImageObject\",\"inLanguage\":\"fi\",\"@id\":\"https:\/\/stonersmeds.com\/#\/schema\/logo\/image\/\",\"url\":\"https:\/\/stonersmeds.com\/wp-content\/uploads\/2026\/02\/high-purity-DMT-powder.jpg\",\"contentUrl\":\"https:\/\/stonersmeds.com\/wp-content\/uploads\/2026\/02\/high-purity-DMT-powder.jpg\",\"width\":500,\"height\":500,\"caption\":\"Stonersmeds Shop\"},\"image\":{\"@id\":\"https:\/\/stonersmeds.com\/#\/schema\/logo\/image\/\"}}]}<\/script>\n<meta property=\"og:availability\" content=\"instock\" \/>\n<meta property=\"product:availability\" content=\"instock\" \/>\n<meta property=\"product:condition\" content=\"new\" \/>\n<!-- \/ Yoast SEO plugin. -->","yoast_head_json":{"title":"Osta Imovane Zopiclone Nopea ja turvallinen toimitus maailmanlaajuisesti","description":"Osta Imovane Zopiclone, tilaa turvallisesti ja s\u00e4ilyt\u00e4 yksityisyytesi Ei vaadi resepti\u00e4 Huomaamaton vakiotoimitus alhaisilla hinnoilla.","robots":{"index":"index","follow":"follow","max-snippet":"max-snippet:-1","max-image-preview":"max-image-preview:large","max-video-preview":"max-video-preview:-1"},"canonical":"https:\/\/stonersmeds.com\/fi\/shop\/buy-imovane-zopiclone-pills-online\/","og_locale":"fi_FI","og_type":"article","og_title":"Buy Imovane Zopiclone Fast and safe delivery worldwide","og_description":"Buy Imovane Zopiclone, Order safely & maintain your privacy No prescription necessary Discreet standard shipping at Low prices.","og_url":"https:\/\/stonersmeds.com\/fi\/shop\/buy-imovane-zopiclone-pills-online\/","og_site_name":"stonersmeds.com","article_modified_time":"2026-03-02T11:00:45+00:00","og_image":[{"width":600,"height":600,"url":"https:\/\/stonersmeds.com\/wp-content\/uploads\/2022\/03\/buy-imovane-zopiclone-pills-online.jpg","type":"image\/jpeg"}],"twitter_card":"summary_large_image","twitter_misc":{"Saatavuus":"Varastossa"},"schema":{"@context":"https:\/\/schema.org","@graph":[{"@type":["WebPage","ItemPage"],"@id":"https:\/\/stonersmeds.com\/shop\/buy-imovane-zopiclone-pills-online\/","url":"https:\/\/stonersmeds.com\/shop\/buy-imovane-zopiclone-pills-online\/","name":"Osta Imovane Zopiclone Nopea ja turvallinen toimitus maailmanlaajuisesti","isPartOf":{"@id":"https:\/\/stonersmeds.com\/#website"},"primaryImageOfPage":{"@id":"https:\/\/stonersmeds.com\/shop\/buy-imovane-zopiclone-pills-online\/#primaryimage"},"image":{"@id":"https:\/\/stonersmeds.com\/shop\/buy-imovane-zopiclone-pills-online\/#primaryimage"},"thumbnailUrl":"https:\/\/stonersmeds.com\/wp-content\/uploads\/2022\/03\/buy-imovane-zopiclone-pills-online.jpg","datePublished":"2022-03-12T03:00:26+00:00","dateModified":"2026-03-02T11:00:45+00:00","description":"Osta Imovane Zopiclone, tilaa turvallisesti ja s\u00e4ilyt\u00e4 yksityisyytesi Ei vaadi resepti\u00e4 Huomaamaton vakiotoimitus alhaisilla hinnoilla.","breadcrumb":{"@id":"https:\/\/stonersmeds.com\/shop\/buy-imovane-zopiclone-pills-online\/#breadcrumb"},"inLanguage":"fi","potentialAction":[{"@type":"ReadAction","target":["https:\/\/stonersmeds.com\/shop\/buy-imovane-zopiclone-pills-online\/"]}]},{"@type":"ImageObject","inLanguage":"fi","@id":"https:\/\/stonersmeds.com\/shop\/buy-imovane-zopiclone-pills-online\/#primaryimage","url":"https:\/\/stonersmeds.com\/wp-content\/uploads\/2022\/03\/buy-imovane-zopiclone-pills-online.jpg","contentUrl":"https:\/\/stonersmeds.com\/wp-content\/uploads\/2022\/03\/buy-imovane-zopiclone-pills-online.jpg","width":600,"height":600},{"@type":"BreadcrumbList","@id":"https:\/\/stonersmeds.com\/shop\/buy-imovane-zopiclone-pills-online\/#breadcrumb","itemListElement":[{"@type":"ListItem","position":1,"name":"Home","item":"https:\/\/stonersmeds.com\/"},{"@type":"ListItem","position":2,"name":"Shop","item":"https:\/\/stonersmeds.com\/shop\/"},{"@type":"ListItem","position":3,"name":"Buy Imovane Zopiclone pills online"}]},{"@type":"WebSite","@id":"https:\/\/stonersmeds.com\/#website","url":"https:\/\/stonersmeds.com\/","name":"stonersmeds.com","description":"verschreibungspflichtige Medizin kaufen","publisher":{"@id":"https:\/\/stonersmeds.com\/#organization"},"alternateName":"Research chemical shop","potentialAction":[{"@type":"SearchAction","target":{"@type":"EntryPoint","urlTemplate":"https:\/\/stonersmeds.com\/?s={search_term_string}"},"query-input":{"@type":"PropertyValueSpecification","valueRequired":true,"valueName":"search_term_string"}}],"inLanguage":"fi"},{"@type":"Organization","@id":"https:\/\/stonersmeds.com\/#organization","name":"Stonersmeds Shop","url":"https:\/\/stonersmeds.com\/","logo":{"@type":"ImageObject","inLanguage":"fi","@id":"https:\/\/stonersmeds.com\/#\/schema\/logo\/image\/","url":"https:\/\/stonersmeds.com\/wp-content\/uploads\/2026\/02\/high-purity-DMT-powder.jpg","contentUrl":"https:\/\/stonersmeds.com\/wp-content\/uploads\/2026\/02\/high-purity-DMT-powder.jpg","width":500,"height":500,"caption":"Stonersmeds Shop"},"image":{"@id":"https:\/\/stonersmeds.com\/#\/schema\/logo\/image\/"}}]},"og_availability":"instock","product_availability":"instock","product_condition":"new"},"_links":{"self":[{"href":"https:\/\/stonersmeds.com\/fi\/wp-json\/wp\/v2\/product\/9870","targetHints":{"allow":["GET"]}}],"collection":[{"href":"https:\/\/stonersmeds.com\/fi\/wp-json\/wp\/v2\/product"}],"about":[{"href":"https:\/\/stonersmeds.com\/fi\/wp-json\/wp\/v2\/types\/product"}],"replies":[{"embeddable":true,"href":"https:\/\/stonersmeds.com\/fi\/wp-json\/wp\/v2\/comments?post=9870"}],"version-history":[{"count":0,"href":"https:\/\/stonersmeds.com\/fi\/wp-json\/wp\/v2\/product\/9870\/revisions"}],"wp:featuredmedia":[{"embeddable":true,"href":"https:\/\/stonersmeds.com\/fi\/wp-json\/wp\/v2\/media\/9879"}],"wp:attachment":[{"href":"https:\/\/stonersmeds.com\/fi\/wp-json\/wp\/v2\/media?parent=9870"}],"wp:term":[{"taxonomy":"product_brand","embeddable":true,"href":"https:\/\/stonersmeds.com\/fi\/wp-json\/wp\/v2\/product_brand?post=9870"},{"taxonomy":"product_cat","embeddable":true,"href":"https:\/\/stonersmeds.com\/fi\/wp-json\/wp\/v2\/product_cat?post=9870"},{"taxonomy":"product_tag","embeddable":true,"href":"https:\/\/stonersmeds.com\/fi\/wp-json\/wp\/v2\/product_tag?post=9870"},{"taxonomy":"product_brands","embeddable":true,"href":"https:\/\/stonersmeds.com\/fi\/wp-json\/wp\/v2\/product_brands?post=9870"}],"curies":[{"name":"wp","href":"https:\/\/api.w.org\/{rel}","templated":true}]}}