{"id":9881,"date":"2022-03-12T03:07:06","date_gmt":"2022-03-12T03:07:06","guid":{"rendered":"https:\/\/stonersmeds.com\/?post_type=product&#038;p=9881"},"modified":"2026-03-01T04:30:04","modified_gmt":"2026-03-01T02:30:04","slug":"buy-klonopin-2mg-pills-online","status":"publish","type":"product","link":"https:\/\/stonersmeds.com\/fi\/shop\/buy-klonopin-2mg-pills-online\/","title":{"rendered":"Osta Klonopin 2mg -pillereit\u00e4 verkosta"},"content":{"rendered":"<h1>Osta Klonopin 2mg -pillereit\u00e4 verkosta.<\/h1>\n<p>Klonatsepaamia k\u00e4ytet\u00e4\u00e4n est\u00e4m\u00e4\u00e4n ja hallitsemaan kohtauksia. N\u00e4m\u00e4 l\u00e4\u00e4kkeet tunnetaan antikonvulsantteina tai epilepsial\u00e4\u00e4kkein\u00e4. Sit\u00e4 k\u00e4ytet\u00e4\u00e4n my\u00f6s paniikkikohtausten hoitoon. Klonatsepaami rauhoittaa aivojasi ja hermojasi. Se kuuluu l\u00e4\u00e4keryhm\u00e4\u00e4n, jota kutsutaan bentsodiatsepiineiksi.<\/p>\n<div><\/div>\n<div><\/div>\n<div><\/div>\n<div><\/div>\n<pre><strong>Osta Klonopin 2 mg pillereit\u00e4 verkosta - osta Klonopin , osta Klonopin 2 mg pillereit\u00e4 , osta Klonopin verkosta, mist\u00e4 ostaa Klonopin 2 mg pillereit\u00e4 , Klonopin 2 mg pillereit\u00e4 myyt\u00e4v\u00e4n\u00e4, Klonopin 2 mg pillereit\u00e4 myyt\u00e4v\u00e4n\u00e4, osta Klonopin 2 mg verkosta, mist\u00e4 ostaa Klonopin 2, mist\u00e4 ostaa Klonopin 2 2mg pillereit\u00e4 myyt\u00e4v\u00e4n\u00e4 Yhdysvalloissa, USA, Kanada, Iso-Britannia, osta, verkossa, toimittajat, turvallinen toimitus, voit silti saada Klonopin 2mg pillereit\u00e4 , Onko Klonopin 2mg pillereit\u00e4 laillisia Yhdysvalloissa, osta Klonopin 2mg pillereit\u00e4 verkosta usa, kuinka tilata Klonopin 2mg pillerit , Onko Klonopin 2mg -pillerit laillisia Kanadassa<\/strong><\/pre>","protected":false},"excerpt":{"rendered":"<p>Osta Klonopin 2mg pillereit\u00e4 verkossa. Klonopin (klonatsepaami) hoitaa kouristuksia, paniikkih\u00e4iri\u00f6it\u00e4 ja ahdistusta. T\u00e4m\u00e4 l\u00e4\u00e4ke on bentsodiatsepiini.<\/p>\n<p>tuotteen hinta on: per pilleri<br \/>\n<strong>Minimitilausm\u00e4\u00e4r\u00e4 on: 50 pilleri\u00e4<\/strong><\/p>\n<pre><\/pre>","protected":false},"featured_media":9890,"comment_status":"open","ping_status":"closed","template":"","meta":{"_bst_post_transparent":"","_bst_post_title":"","_bst_post_layout":"","_bst_post_sidebar_id":"","_bst_post_content_style":"","_bst_post_vertical_padding":"","_bst_post_feature":"","_bst_post_feature_position":"","_bst_post_header":false,"_bst_post_footer":false},"product_brand":[],"product_cat":[77,770],"product_tag":[1210,502,505,504,507,501,1204,1203,1207,499,1205,1209,1206,509,500,506,508,1208],"product_brands":[],"class_list":{"0":"post-9881","1":"product","2":"type-product","3":"status-publish","4":"has-post-thumbnail","6":"product_cat-pain-sleeping-sex-pills","7":"product_cat-sleeping-pills","8":"product_tag-buy-anti-anxiety-medication-uk","9":"product_tag-buy-clonazepam-0-25-online","10":"product_tag-buy-clonazepam-2mg","11":"product_tag-buy-clonazepam-ireland","12":"product_tag-buy-clonazepam-uk","13":"product_tag-buy-generic-clonazepam","14":"product_tag-buy-rivotril-2mg-online","15":"product_tag-can-you-get-clonazepam-over-the-counter","16":"product_tag-clonazepam-0-5mg-online-order","17":"product_tag-clonazepam-2mg-buy-online","18":"product_tag-clonazepam-cost-uk","19":"product_tag-clonazepam-dosage-for-anxiety","20":"product_tag-how-to-get-clonazepam","21":"product_tag-klonopin-dosage","22":"product_tag-klonopin-from-ebay-online","23":"product_tag-online-doctors-who-prescribe-klonopin","24":"product_tag-online-doctors-who-prescribe-klonopin-reddit","25":"product_tag-rivotril-2mg-price-uk","27":"first","28":"instock","29":"shipping-taxable","30":"purchasable","31":"product-type-variable","32":"entry","33":"content-bg","34":"loop-entry"},"tiered_pricing_type":"fixed","tiered_pricing_fixed_rules":[],"tiered_pricing_percentage_rules":[],"tiered_pricing_minimum":1,"_administrator_tiered_pricing_type":"fixed","_administrator_tiered_pricing_fixed_rules":[],"_editor_tiered_pricing_type":"fixed","_editor_tiered_pricing_fixed_rules":[],"_author_tiered_pricing_type":"fixed","_author_tiered_pricing_fixed_rules":[],"_contributor_tiered_pricing_type":"fixed","_contributor_tiered_pricing_fixed_rules":[],"_subscriber_tiered_pricing_type":"fixed","_subscriber_tiered_pricing_fixed_rules":[],"_customer_tiered_pricing_type":"fixed","_customer_tiered_pricing_fixed_rules":[],"_shop_manager_tiered_pricing_type":"fixed","_shop_manager_tiered_pricing_fixed_rules":[],"_wpseo_manager_tiered_pricing_type":"fixed","_wpseo_manager_tiered_pricing_fixed_rules":[],"_wpseo_editor_tiered_pricing_type":"fixed","_wpseo_editor_tiered_pricing_fixed_rules":[],"yoast_head":"<!-- This site is optimized with the Yoast SEO plugin v27.2 - https:\/\/yoast.com\/product\/yoast-seo-wordpress\/ -->\n<title>Buy Klonopin 2mg no prescription, Fast shipping and safe delivery<\/title>\n<meta name=\"description\" content=\"Buy Klonopin 2mg, Order safely &amp; maintain your privacy No prescription necessary Discreet standard shipping at Low prices.\" \/>\n<meta name=\"robots\" content=\"index, follow, max-snippet:-1, max-image-preview:large, max-video-preview:-1\" \/>\n<link rel=\"canonical\" href=\"https:\/\/stonersmeds.com\/fi\/shop\/buy-klonopin-2mg-pills-online\/\" \/>\n<meta property=\"og:locale\" content=\"fi_FI\" \/>\n<meta property=\"og:type\" content=\"article\" \/>\n<meta property=\"og:title\" content=\"Buy Klonopin 2mg no prescription, Fast shipping and safe delivery\" \/>\n<meta property=\"og:description\" content=\"Buy Klonopin 2mg, Order safely &amp; maintain your privacy No prescription necessary Discreet standard shipping at Low prices.\" \/>\n<meta property=\"og:url\" content=\"https:\/\/stonersmeds.com\/fi\/shop\/buy-klonopin-2mg-pills-online\/\" \/>\n<meta property=\"og:site_name\" content=\"stonersmeds.com\" \/>\n<meta property=\"article:modified_time\" content=\"2026-03-01T02:30:04+00:00\" \/>\n<meta property=\"og:image\" content=\"https:\/\/stonersmeds.com\/wp-content\/uploads\/2022\/03\/Buy-Klonopin-2mg-pills-online.jpg\" \/>\n\t<meta property=\"og:image:width\" content=\"600\" \/>\n\t<meta property=\"og:image:height\" content=\"600\" \/>\n\t<meta property=\"og:image:type\" content=\"image\/jpeg\" \/>\n<meta name=\"twitter:card\" content=\"summary_large_image\" \/>\n<meta name=\"twitter:label1\" content=\"Saatavuus\" \/>\n\t<meta name=\"twitter:data1\" content=\"Varastossa\" \/>\n<script type=\"application\/ld+json\" class=\"yoast-schema-graph\">{\"@context\":\"https:\/\/schema.org\",\"@graph\":[{\"@type\":\"WebPage\",\"@id\":\"https:\/\/stonersmeds.com\/shop\/buy-klonopin-2mg-pills-online\/\",\"url\":\"https:\/\/stonersmeds.com\/shop\/buy-klonopin-2mg-pills-online\/\",\"name\":\"Buy Klonopin 2mg no prescription, Fast shipping and safe delivery\",\"isPartOf\":{\"@id\":\"https:\/\/stonersmeds.com\/#website\"},\"primaryImageOfPage\":{\"@id\":\"https:\/\/stonersmeds.com\/shop\/buy-klonopin-2mg-pills-online\/#primaryimage\"},\"image\":{\"@id\":\"https:\/\/stonersmeds.com\/shop\/buy-klonopin-2mg-pills-online\/#primaryimage\"},\"thumbnailUrl\":\"https:\/\/stonersmeds.com\/wp-content\/uploads\/2022\/03\/Buy-Klonopin-2mg-pills-online.jpg\",\"datePublished\":\"2022-03-12T03:07:06+00:00\",\"dateModified\":\"2026-03-01T02:30:04+00:00\",\"description\":\"Buy Klonopin 2mg, Order safely & maintain your privacy No prescription necessary Discreet standard shipping at Low prices.\",\"breadcrumb\":{\"@id\":\"https:\/\/stonersmeds.com\/shop\/buy-klonopin-2mg-pills-online\/#breadcrumb\"},\"inLanguage\":\"fi\",\"potentialAction\":[{\"@type\":\"ReadAction\",\"target\":[\"https:\/\/stonersmeds.com\/shop\/buy-klonopin-2mg-pills-online\/\"]}]},{\"@type\":\"ImageObject\",\"inLanguage\":\"fi\",\"@id\":\"https:\/\/stonersmeds.com\/shop\/buy-klonopin-2mg-pills-online\/#primaryimage\",\"url\":\"https:\/\/stonersmeds.com\/wp-content\/uploads\/2022\/03\/Buy-Klonopin-2mg-pills-online.jpg\",\"contentUrl\":\"https:\/\/stonersmeds.com\/wp-content\/uploads\/2022\/03\/Buy-Klonopin-2mg-pills-online.jpg\",\"width\":600,\"height\":600},{\"@type\":\"BreadcrumbList\",\"@id\":\"https:\/\/stonersmeds.com\/shop\/buy-klonopin-2mg-pills-online\/#breadcrumb\",\"itemListElement\":[{\"@type\":\"ListItem\",\"position\":1,\"name\":\"Home\",\"item\":\"https:\/\/stonersmeds.com\/\"},{\"@type\":\"ListItem\",\"position\":2,\"name\":\"Shop\",\"item\":\"https:\/\/stonersmeds.com\/shop\/\"},{\"@type\":\"ListItem\",\"position\":3,\"name\":\"Buy Klonopin 2mg pills online\"}]},{\"@type\":\"WebSite\",\"@id\":\"https:\/\/stonersmeds.com\/#website\",\"url\":\"https:\/\/stonersmeds.com\/\",\"name\":\"stonersmeds.com\",\"description\":\"verschreibungspflichtige Medizin kaufen\",\"publisher\":{\"@id\":\"https:\/\/stonersmeds.com\/#organization\"},\"alternateName\":\"Research chemical shop\",\"potentialAction\":[{\"@type\":\"SearchAction\",\"target\":{\"@type\":\"EntryPoint\",\"urlTemplate\":\"https:\/\/stonersmeds.com\/?s={search_term_string}\"},\"query-input\":{\"@type\":\"PropertyValueSpecification\",\"valueRequired\":true,\"valueName\":\"search_term_string\"}}],\"inLanguage\":\"fi\"},{\"@type\":\"Organization\",\"@id\":\"https:\/\/stonersmeds.com\/#organization\",\"name\":\"Stonersmeds Shop\",\"url\":\"https:\/\/stonersmeds.com\/\",\"logo\":{\"@type\":\"ImageObject\",\"inLanguage\":\"fi\",\"@id\":\"https:\/\/stonersmeds.com\/#\/schema\/logo\/image\/\",\"url\":\"https:\/\/stonersmeds.com\/wp-content\/uploads\/2026\/02\/high-purity-DMT-powder.jpg\",\"contentUrl\":\"https:\/\/stonersmeds.com\/wp-content\/uploads\/2026\/02\/high-purity-DMT-powder.jpg\",\"width\":500,\"height\":500,\"caption\":\"Stonersmeds Shop\"},\"image\":{\"@id\":\"https:\/\/stonersmeds.com\/#\/schema\/logo\/image\/\"}}]}<\/script>\n<meta property=\"og:availability\" content=\"instock\" \/>\n<meta property=\"product:availability\" content=\"instock\" \/>\n<meta property=\"product:condition\" content=\"new\" \/>\n<!-- \/ Yoast SEO plugin. -->","yoast_head_json":{"title":"Buy Klonopin 2mg no prescription, Fast shipping and safe delivery","description":"Buy Klonopin 2mg, Order safely & maintain your privacy No prescription necessary Discreet standard shipping at Low prices.","robots":{"index":"index","follow":"follow","max-snippet":"max-snippet:-1","max-image-preview":"max-image-preview:large","max-video-preview":"max-video-preview:-1"},"canonical":"https:\/\/stonersmeds.com\/fi\/shop\/buy-klonopin-2mg-pills-online\/","og_locale":"fi_FI","og_type":"article","og_title":"Buy Klonopin 2mg no prescription, Fast shipping and safe delivery","og_description":"Buy Klonopin 2mg, Order safely & maintain your privacy No prescription necessary Discreet standard shipping at Low prices.","og_url":"https:\/\/stonersmeds.com\/fi\/shop\/buy-klonopin-2mg-pills-online\/","og_site_name":"stonersmeds.com","article_modified_time":"2026-03-01T02:30:04+00:00","og_image":[{"width":600,"height":600,"url":"https:\/\/stonersmeds.com\/wp-content\/uploads\/2022\/03\/Buy-Klonopin-2mg-pills-online.jpg","type":"image\/jpeg"}],"twitter_card":"summary_large_image","twitter_misc":{"Saatavuus":"Varastossa"},"schema":{"@context":"https:\/\/schema.org","@graph":[{"@type":"WebPage","@id":"https:\/\/stonersmeds.com\/shop\/buy-klonopin-2mg-pills-online\/","url":"https:\/\/stonersmeds.com\/shop\/buy-klonopin-2mg-pills-online\/","name":"Buy Klonopin 2mg no prescription, Fast shipping and safe delivery","isPartOf":{"@id":"https:\/\/stonersmeds.com\/#website"},"primaryImageOfPage":{"@id":"https:\/\/stonersmeds.com\/shop\/buy-klonopin-2mg-pills-online\/#primaryimage"},"image":{"@id":"https:\/\/stonersmeds.com\/shop\/buy-klonopin-2mg-pills-online\/#primaryimage"},"thumbnailUrl":"https:\/\/stonersmeds.com\/wp-content\/uploads\/2022\/03\/Buy-Klonopin-2mg-pills-online.jpg","datePublished":"2022-03-12T03:07:06+00:00","dateModified":"2026-03-01T02:30:04+00:00","description":"Buy Klonopin 2mg, Order safely & maintain your privacy No prescription necessary Discreet standard shipping at Low prices.","breadcrumb":{"@id":"https:\/\/stonersmeds.com\/shop\/buy-klonopin-2mg-pills-online\/#breadcrumb"},"inLanguage":"fi","potentialAction":[{"@type":"ReadAction","target":["https:\/\/stonersmeds.com\/shop\/buy-klonopin-2mg-pills-online\/"]}]},{"@type":"ImageObject","inLanguage":"fi","@id":"https:\/\/stonersmeds.com\/shop\/buy-klonopin-2mg-pills-online\/#primaryimage","url":"https:\/\/stonersmeds.com\/wp-content\/uploads\/2022\/03\/Buy-Klonopin-2mg-pills-online.jpg","contentUrl":"https:\/\/stonersmeds.com\/wp-content\/uploads\/2022\/03\/Buy-Klonopin-2mg-pills-online.jpg","width":600,"height":600},{"@type":"BreadcrumbList","@id":"https:\/\/stonersmeds.com\/shop\/buy-klonopin-2mg-pills-online\/#breadcrumb","itemListElement":[{"@type":"ListItem","position":1,"name":"Home","item":"https:\/\/stonersmeds.com\/"},{"@type":"ListItem","position":2,"name":"Shop","item":"https:\/\/stonersmeds.com\/shop\/"},{"@type":"ListItem","position":3,"name":"Buy Klonopin 2mg pills online"}]},{"@type":"WebSite","@id":"https:\/\/stonersmeds.com\/#website","url":"https:\/\/stonersmeds.com\/","name":"stonersmeds.com","description":"verschreibungspflichtige Medizin kaufen","publisher":{"@id":"https:\/\/stonersmeds.com\/#organization"},"alternateName":"Research chemical shop","potentialAction":[{"@type":"SearchAction","target":{"@type":"EntryPoint","urlTemplate":"https:\/\/stonersmeds.com\/?s={search_term_string}"},"query-input":{"@type":"PropertyValueSpecification","valueRequired":true,"valueName":"search_term_string"}}],"inLanguage":"fi"},{"@type":"Organization","@id":"https:\/\/stonersmeds.com\/#organization","name":"Stonersmeds Shop","url":"https:\/\/stonersmeds.com\/","logo":{"@type":"ImageObject","inLanguage":"fi","@id":"https:\/\/stonersmeds.com\/#\/schema\/logo\/image\/","url":"https:\/\/stonersmeds.com\/wp-content\/uploads\/2026\/02\/high-purity-DMT-powder.jpg","contentUrl":"https:\/\/stonersmeds.com\/wp-content\/uploads\/2026\/02\/high-purity-DMT-powder.jpg","width":500,"height":500,"caption":"Stonersmeds Shop"},"image":{"@id":"https:\/\/stonersmeds.com\/#\/schema\/logo\/image\/"}}]},"og_availability":"instock","product_availability":"instock","product_condition":"new"},"_links":{"self":[{"href":"https:\/\/stonersmeds.com\/fi\/wp-json\/wp\/v2\/product\/9881","targetHints":{"allow":["GET"]}}],"collection":[{"href":"https:\/\/stonersmeds.com\/fi\/wp-json\/wp\/v2\/product"}],"about":[{"href":"https:\/\/stonersmeds.com\/fi\/wp-json\/wp\/v2\/types\/product"}],"replies":[{"embeddable":true,"href":"https:\/\/stonersmeds.com\/fi\/wp-json\/wp\/v2\/comments?post=9881"}],"version-history":[{"count":0,"href":"https:\/\/stonersmeds.com\/fi\/wp-json\/wp\/v2\/product\/9881\/revisions"}],"wp:featuredmedia":[{"embeddable":true,"href":"https:\/\/stonersmeds.com\/fi\/wp-json\/wp\/v2\/media\/9890"}],"wp:attachment":[{"href":"https:\/\/stonersmeds.com\/fi\/wp-json\/wp\/v2\/media?parent=9881"}],"wp:term":[{"taxonomy":"product_brand","embeddable":true,"href":"https:\/\/stonersmeds.com\/fi\/wp-json\/wp\/v2\/product_brand?post=9881"},{"taxonomy":"product_cat","embeddable":true,"href":"https:\/\/stonersmeds.com\/fi\/wp-json\/wp\/v2\/product_cat?post=9881"},{"taxonomy":"product_tag","embeddable":true,"href":"https:\/\/stonersmeds.com\/fi\/wp-json\/wp\/v2\/product_tag?post=9881"},{"taxonomy":"product_brands","embeddable":true,"href":"https:\/\/stonersmeds.com\/fi\/wp-json\/wp\/v2\/product_brands?post=9881"}],"curies":[{"name":"wp","href":"https:\/\/api.w.org\/{rel}","templated":true}]}}