{"id":9951,"date":"2022-03-12T03:46:31","date_gmt":"2022-03-12T03:46:31","guid":{"rendered":"https:\/\/stonersmeds.com\/?post_type=product&#038;p=9951"},"modified":"2026-03-01T23:40:44","modified_gmt":"2026-03-01T21:40:44","slug":"buy-thca-crystals-top-shelf-2","status":"publish","type":"product","link":"https:\/\/stonersmeds.com\/fi\/shop\/buy-thca-crystals-top-shelf-2\/","title":{"rendered":"Osta THCA-kiteit\u00e4 - yl\u00e4hylly"},"content":{"rendered":"<h1>Osta THCA-kiteit\u00e4 - yl\u00e4hylly<\/h1>\n<p>THCA eli tetrahydrokannabinolinen sy\u00f6vytt\u00e4v\u00e4 aine on kannabisyhdiste, jolla on alkanut n\u00e4ky\u00e4 korjaavaa potentiaalia riippumatta sen tutkimisen alkuvaiheesta. Olet tiennyt THC:st\u00e4, ja pit\u00e4en mieless\u00e4, ett\u00e4 ne saattavat kuulostaa vertailukelpoisilta, THCA:lla on t\u00e4ysin erilaiset ominaisuudet. THCA ei ole lainkaan THC:n kaltainen, vaan se on raa'assa ja el\u00e4v\u00e4ss\u00e4 kannabiksessa esiintyv\u00e4 huumaamaton kannabinoidi. Kasvin kuivuessa THCA muuttuu v\u00e4hitellen THC:ksi. L\u00e4mp\u00f6 helpottaa t\u00e4t\u00e4 muutosta sykliss\u00e4, joka tunnetaan nimell\u00e4 dekarboksylaatio, joka on ylimalkainen sana, joka kuvaa sit\u00e4, mit\u00e4 tapahtuu, kun poltat tai hajotat kukkaa.<\/p>\n<p>Jos olet ostanut laboratoriossa kokeiltua kannabista, saatat huomata, ett\u00e4 runsain kannabinoidi on joko THC tai THCA, jotka molemmat voivat vaihdella 10-20% v\u00e4lill\u00e4. Vaikka THCA on tarkempi nimitys kukille, joita ei ole dekarboksyloitu, ne tarkoittavat periaatteessa jotain hyvin samanlaista, jos hyv\u00e4ksyt, ett\u00e4 ostaja odottaa, ett\u00e4 tuotetta poltetaan, hajotetaan tai l\u00e4mmitet\u00e4\u00e4n tavalla tai toisella.<\/p>\n<p>\"Jalokivet\" tai THCA-jalokivet ovat liikkuneet kannabiskonsentraattiasiakkaiden kanssa viime vuosien aikana. Kuten ei kauan sitten, erist\u00e4ytynyt THCA on ollut vaikeasti tavoitettavissa. Nyky\u00e4\u00e4n voit l\u00f6yt\u00e4\u00e4 niit\u00e4 erill\u00e4\u00e4n tai sit\u00e4kin yleisemmin terpeenien kanssa doused terpeenien kanssa s\u00e4ili\u00f6iss\u00e4 nimelt\u00e4 \"kastike\". K\u00e4ymme l\u00e4pi kaiken, mit\u00e4 tarvitset ajatella THCA:sta lasimaisesti.<\/p>\n<p>THCA edustaa tetrahydrokannabinolia sy\u00f6vytt\u00e4v\u00e4\u00e4 ainetta. Raakakannabiksella ja el\u00e4v\u00e4ll\u00e4 kannabiksella on suurimmat ryhm\u00e4t. THCA muuttuu v\u00e4hitellen THC:ksi kasvin kuivuessa. Kannabiksen l\u00e4mpeneminen nopeuttaa kiertokulkua.<\/p>\n<p>THCA on THC:n ei-psykoaktiivinen esiaste, mik\u00e4 tarkoittaa, ett\u00e4 se ei saa sinua pilveen. T\u00e4m\u00e4 on selitys sille, ett\u00e4 kannabis tulisi dekarboksyloida liedess\u00e4 ennen sen k\u00e4ytt\u00f6\u00e4 sy\u00f6t\u00e4viss\u00e4 tuotteissa. Sykli takaa, ett\u00e4 kaikki THCA on muuttunut THC:ksi, jotta voit kokea t\u00e4ydet psykoaktiiviset vaikutukset.<\/p>\n<p>THCA on THC:n ei-psykoaktiivinen esiaste, mik\u00e4 tarkoittaa, ett\u00e4 se ei saa sinua pilveen. T\u00e4m\u00e4 on selitys sille, ett\u00e4 kannabis tulisi dekarboksyloida liedess\u00e4 ennen sen k\u00e4ytt\u00f6\u00e4 sy\u00f6t\u00e4viss\u00e4 tuotteissa. Sykli takaa, ett\u00e4 kaikki THCA on muuttunut THC:ksi, jotta voit kokea t\u00e4ydet psykoaktiiviset vaikutukset.<\/p>\n<p>Raakakannabis on tunnettu superruoka. Kannabiksen puristaminen voi tuottaa merkitt\u00e4v\u00e4mpi\u00e4 THCA-tasoja. Korkean THCA-pitoisuuden sy\u00f6minen voi auttaa kompensoimaan endokannabinoidien puutetta ilman korkeaa THCA-tasoa. Endokannabinoidin vajaatoiminta on syyn\u00e4 muutamiin lamauttaviin vaivoihin.<\/p>\n<p>ostaa thca verkossa, thca kiteinen myyt\u00e4v\u00e4n\u00e4, thca kiteinen myyt\u00e4v\u00e4n\u00e4 verkossa, thc kiteet myyt\u00e4v\u00e4n\u00e4, thca myyt\u00e4v\u00e4n\u00e4, Tietyt henkil\u00f6t, jotka ovat herkki\u00e4 THC: lle, eiv\u00e4t voi kuluttaa tarpeeksi kannabinoidia helpottaakseen niiden ilmenemismuotoja. Onneksi he voivat jopa nyt l\u00f6yt\u00e4\u00e4 vastaavan tai merkitt\u00e4v\u00e4mm\u00e4n avun sy\u00f6m\u00e4ll\u00e4 raakakannabista.<\/p>\n<p>Tohtori William Courtney, M.D. Willits, Kalifornia on ty\u00f6nt\u00e4nyt etuja puristamalla ruoho hyvin l\u00e4hes 10 vuotta nyt. Uudet kasvit ovat eniten koholla THCA:ssa. Joten paitsi jos ymm\u00e4rr\u00e4t, miten kehitt\u00e4\u00e4 ruohoa tai joku, joka tekee, olet ihanteellisessa tilanteessa l\u00f6yt\u00e4\u00e4 THCA l\u00e4pikuultava.<\/p>\n<pre><strong>Osta THCA-kiteit\u00e4 - Yl\u00e4hylly - osta THCA, osta THCA-kiteit\u00e4, osta THCA-kiteit\u00e4 verkosta, mist\u00e4 ostaa THCA-kiteit\u00e4, myyt\u00e4v\u00e4n\u00e4 THCA-kiteit\u00e4, myyt\u00e4v\u00e4n\u00e4 kiteit\u00e4, osta THCA verkossa, mist\u00e4 ostaa THCA-kiteit\u00e4 verkossa, THCA-kiteit\u00e4 myyt\u00e4v\u00e4n\u00e4 usa , USA, kanada, uk, osta, verkossa, toimittajat, turvallinen toimitus, voit silti saada THCA-kiteit\u00e4, onko THCA-kiteit\u00e4 laillista Yhdysvalloissa, osta THCA-kiteit\u00e4 verkosta usa, kuinka tilata THCA-kiteit\u00e4, onko THCA-kiteet laillista Kanadassa<\/strong><\/pre>","protected":false},"excerpt":{"rendered":"<ul>\n<li>Maailmanlaajuinen toimitus<\/li>\n<li><strong>Konsentraatti, joka koostuu 97-99% THC:st\u00e4<\/strong><\/li>\n<li><strong>99% puhdas THC-A<\/strong><\/li>\n<li><strong>Ota meihin yhteytt\u00e4<\/strong> isompiin tilauksiin<\/li>\n<\/ul>","protected":false},"featured_media":9969,"comment_status":"open","ping_status":"closed","template":"","meta":{"_bst_post_transparent":"","_bst_post_title":"","_bst_post_layout":"","_bst_post_sidebar_id":"","_bst_post_content_style":"","_bst_post_vertical_padding":"","_bst_post_feature":"","_bst_post_feature_position":"","_bst_post_header":false,"_bst_post_footer":false},"product_brand":[],"product_cat":[78],"product_tag":[812,799,810,813,807,806,808,811,809,801,805,804,802,803,814,800],"product_brands":[],"class_list":{"0":"post-9951","1":"product","2":"type-product","3":"status-publish","4":"has-post-thumbnail","6":"product_cat-shatter","7":"product_tag-99-9-thc-crystal","8":"product_tag-buy-thca-crystalline-online","9":"product_tag-buy-thca-online","10":"product_tag-crystal-thc-drug","11":"product_tag-how-to-make-thc-crystals","12":"product_tag-how-to-make-thca-crystalline","13":"product_tag-live-crystals-thc","14":"product_tag-marijuana-crystals","15":"product_tag-thc-crystalline-farming","16":"product_tag-thc-crystalline-price","17":"product_tag-thca-crystalline-uses","18":"product_tag-thca-crystals-for-sale","19":"product_tag-thca-crystals-how-to-smoke","20":"product_tag-thca-crystals-price","21":"product_tag-thca-isolate-for-sale","22":"product_tag-where-to-buy-natural-crystals","24":"first","25":"instock","26":"shipping-taxable","27":"purchasable","28":"product-type-variable","29":"has-default-attributes","30":"entry","31":"content-bg","32":"loop-entry"},"tiered_pricing_type":"fixed","tiered_pricing_fixed_rules":[],"tiered_pricing_percentage_rules":[],"tiered_pricing_minimum":1,"_administrator_tiered_pricing_type":"fixed","_administrator_tiered_pricing_fixed_rules":[],"_editor_tiered_pricing_type":"fixed","_editor_tiered_pricing_fixed_rules":[],"_author_tiered_pricing_type":"fixed","_author_tiered_pricing_fixed_rules":[],"_contributor_tiered_pricing_type":"fixed","_contributor_tiered_pricing_fixed_rules":[],"_subscriber_tiered_pricing_type":"fixed","_subscriber_tiered_pricing_fixed_rules":[],"_customer_tiered_pricing_type":"fixed","_customer_tiered_pricing_fixed_rules":[],"_shop_manager_tiered_pricing_type":"fixed","_shop_manager_tiered_pricing_fixed_rules":[],"_wpseo_manager_tiered_pricing_type":"fixed","_wpseo_manager_tiered_pricing_fixed_rules":[],"_wpseo_editor_tiered_pricing_type":"fixed","_wpseo_editor_tiered_pricing_fixed_rules":[],"yoast_head":"<!-- This site is optimized with the Yoast SEO plugin v27.2 - https:\/\/yoast.com\/product\/yoast-seo-wordpress\/ -->\n<title>Buy THCA Crystals- Top Shelf - Cheap price, top quality<\/title>\n<meta name=\"description\" content=\"Buy THCA Crystals Online at an affordable price at stonersmeds. Our hash has high THC, best quality you will find\" \/>\n<meta name=\"robots\" content=\"index, follow, max-snippet:-1, max-image-preview:large, max-video-preview:-1\" \/>\n<link rel=\"canonical\" href=\"https:\/\/stonersmeds.com\/fi\/shop\/buy-thca-crystals-top-shelf-2\/\" \/>\n<meta property=\"og:locale\" content=\"fi_FI\" \/>\n<meta property=\"og:type\" content=\"article\" \/>\n<meta property=\"og:title\" content=\"Buy THCA Crystals- Top Shelf - Cheap price, top quality\" \/>\n<meta property=\"og:description\" content=\"Buy THCA Crystals Online at an affordable price at stonersmeds. Our hash has high THC, best quality you will find\" \/>\n<meta property=\"og:url\" content=\"https:\/\/stonersmeds.com\/fi\/shop\/buy-thca-crystals-top-shelf-2\/\" \/>\n<meta property=\"og:site_name\" content=\"stonersmeds.com\" \/>\n<meta property=\"article:modified_time\" content=\"2026-03-01T21:40:44+00:00\" \/>\n<meta property=\"og:image\" content=\"https:\/\/stonersmeds.com\/wp-content\/uploads\/2022\/03\/Buy-THCA-Crystals-Top-Shelf-1.jpg\" \/>\n\t<meta property=\"og:image:width\" content=\"600\" \/>\n\t<meta property=\"og:image:height\" content=\"600\" \/>\n\t<meta property=\"og:image:type\" content=\"image\/jpeg\" \/>\n<meta name=\"twitter:card\" content=\"summary_large_image\" \/>\n<meta name=\"twitter:label1\" content=\"Saatavuus\" \/>\n\t<meta name=\"twitter:data1\" content=\"Varastossa\" \/>\n<script type=\"application\/ld+json\" class=\"yoast-schema-graph\">{\"@context\":\"https:\/\/schema.org\",\"@graph\":[{\"@type\":\"WebPage\",\"@id\":\"https:\/\/stonersmeds.com\/fr\/shop\/buy-thca-crystals-top-shelf-2\/\",\"url\":\"https:\/\/stonersmeds.com\/fr\/shop\/buy-thca-crystals-top-shelf-2\/\",\"name\":\"Buy THCA Crystals- Top Shelf - Cheap price, top quality\",\"isPartOf\":{\"@id\":\"https:\/\/stonersmeds.com\/#website\"},\"primaryImageOfPage\":{\"@id\":\"https:\/\/stonersmeds.com\/fr\/shop\/buy-thca-crystals-top-shelf-2\/#primaryimage\"},\"image\":{\"@id\":\"https:\/\/stonersmeds.com\/fr\/shop\/buy-thca-crystals-top-shelf-2\/#primaryimage\"},\"thumbnailUrl\":\"https:\/\/stonersmeds.com\/wp-content\/uploads\/2022\/03\/Buy-THCA-Crystals-Top-Shelf-1.jpg\",\"datePublished\":\"2022-03-12T03:46:31+00:00\",\"dateModified\":\"2026-03-01T21:40:44+00:00\",\"description\":\"Buy THCA Crystals Online at an affordable price at stonersmeds. Our hash has high THC, best quality you will find\",\"breadcrumb\":{\"@id\":\"https:\/\/stonersmeds.com\/fr\/shop\/buy-thca-crystals-top-shelf-2\/#breadcrumb\"},\"inLanguage\":\"fi\",\"potentialAction\":[{\"@type\":\"ReadAction\",\"target\":[\"https:\/\/stonersmeds.com\/fr\/shop\/buy-thca-crystals-top-shelf-2\/\"]}]},{\"@type\":\"ImageObject\",\"inLanguage\":\"fi\",\"@id\":\"https:\/\/stonersmeds.com\/fr\/shop\/buy-thca-crystals-top-shelf-2\/#primaryimage\",\"url\":\"https:\/\/stonersmeds.com\/wp-content\/uploads\/2022\/03\/Buy-THCA-Crystals-Top-Shelf-1.jpg\",\"contentUrl\":\"https:\/\/stonersmeds.com\/wp-content\/uploads\/2022\/03\/Buy-THCA-Crystals-Top-Shelf-1.jpg\",\"width\":600,\"height\":600},{\"@type\":\"BreadcrumbList\",\"@id\":\"https:\/\/stonersmeds.com\/fr\/shop\/buy-thca-crystals-top-shelf-2\/#breadcrumb\",\"itemListElement\":[{\"@type\":\"ListItem\",\"position\":1,\"name\":\"Home\",\"item\":\"https:\/\/stonersmeds.com\/\"},{\"@type\":\"ListItem\",\"position\":2,\"name\":\"Shop\",\"item\":\"https:\/\/stonersmeds.com\/shop\/\"},{\"@type\":\"ListItem\",\"position\":3,\"name\":\"Buy THCA Crystals- Top Shelf\"}]},{\"@type\":\"WebSite\",\"@id\":\"https:\/\/stonersmeds.com\/#website\",\"url\":\"https:\/\/stonersmeds.com\/\",\"name\":\"stonersmeds.com\",\"description\":\"verschreibungspflichtige Medizin kaufen\",\"publisher\":{\"@id\":\"https:\/\/stonersmeds.com\/#organization\"},\"alternateName\":\"Research chemical shop\",\"potentialAction\":[{\"@type\":\"SearchAction\",\"target\":{\"@type\":\"EntryPoint\",\"urlTemplate\":\"https:\/\/stonersmeds.com\/?s={search_term_string}\"},\"query-input\":{\"@type\":\"PropertyValueSpecification\",\"valueRequired\":true,\"valueName\":\"search_term_string\"}}],\"inLanguage\":\"fi\"},{\"@type\":\"Organization\",\"@id\":\"https:\/\/stonersmeds.com\/#organization\",\"name\":\"Stonersmeds Shop\",\"url\":\"https:\/\/stonersmeds.com\/\",\"logo\":{\"@type\":\"ImageObject\",\"inLanguage\":\"fi\",\"@id\":\"https:\/\/stonersmeds.com\/#\/schema\/logo\/image\/\",\"url\":\"https:\/\/stonersmeds.com\/wp-content\/uploads\/2026\/02\/high-purity-DMT-powder.jpg\",\"contentUrl\":\"https:\/\/stonersmeds.com\/wp-content\/uploads\/2026\/02\/high-purity-DMT-powder.jpg\",\"width\":500,\"height\":500,\"caption\":\"Stonersmeds Shop\"},\"image\":{\"@id\":\"https:\/\/stonersmeds.com\/#\/schema\/logo\/image\/\"}}]}<\/script>\n<meta property=\"og:availability\" content=\"instock\" \/>\n<meta property=\"product:availability\" content=\"instock\" \/>\n<meta property=\"product:condition\" content=\"new\" \/>\n<!-- \/ Yoast SEO plugin. -->","yoast_head_json":{"title":"Buy THCA Crystals- Top Shelf - Cheap price, top quality","description":"Buy THCA Crystals Online at an affordable price at stonersmeds. Our hash has high THC, best quality you will find","robots":{"index":"index","follow":"follow","max-snippet":"max-snippet:-1","max-image-preview":"max-image-preview:large","max-video-preview":"max-video-preview:-1"},"canonical":"https:\/\/stonersmeds.com\/fi\/shop\/buy-thca-crystals-top-shelf-2\/","og_locale":"fi_FI","og_type":"article","og_title":"Buy THCA Crystals- Top Shelf - Cheap price, top quality","og_description":"Buy THCA Crystals Online at an affordable price at stonersmeds. Our hash has high THC, best quality you will find","og_url":"https:\/\/stonersmeds.com\/fi\/shop\/buy-thca-crystals-top-shelf-2\/","og_site_name":"stonersmeds.com","article_modified_time":"2026-03-01T21:40:44+00:00","og_image":[{"width":600,"height":600,"url":"https:\/\/stonersmeds.com\/wp-content\/uploads\/2022\/03\/Buy-THCA-Crystals-Top-Shelf-1.jpg","type":"image\/jpeg"}],"twitter_card":"summary_large_image","twitter_misc":{"Saatavuus":"Varastossa"},"schema":{"@context":"https:\/\/schema.org","@graph":[{"@type":"WebPage","@id":"https:\/\/stonersmeds.com\/fr\/shop\/buy-thca-crystals-top-shelf-2\/","url":"https:\/\/stonersmeds.com\/fr\/shop\/buy-thca-crystals-top-shelf-2\/","name":"Buy THCA Crystals- Top Shelf - Cheap price, top quality","isPartOf":{"@id":"https:\/\/stonersmeds.com\/#website"},"primaryImageOfPage":{"@id":"https:\/\/stonersmeds.com\/fr\/shop\/buy-thca-crystals-top-shelf-2\/#primaryimage"},"image":{"@id":"https:\/\/stonersmeds.com\/fr\/shop\/buy-thca-crystals-top-shelf-2\/#primaryimage"},"thumbnailUrl":"https:\/\/stonersmeds.com\/wp-content\/uploads\/2022\/03\/Buy-THCA-Crystals-Top-Shelf-1.jpg","datePublished":"2022-03-12T03:46:31+00:00","dateModified":"2026-03-01T21:40:44+00:00","description":"Buy THCA Crystals Online at an affordable price at stonersmeds. Our hash has high THC, best quality you will find","breadcrumb":{"@id":"https:\/\/stonersmeds.com\/fr\/shop\/buy-thca-crystals-top-shelf-2\/#breadcrumb"},"inLanguage":"fi","potentialAction":[{"@type":"ReadAction","target":["https:\/\/stonersmeds.com\/fr\/shop\/buy-thca-crystals-top-shelf-2\/"]}]},{"@type":"ImageObject","inLanguage":"fi","@id":"https:\/\/stonersmeds.com\/fr\/shop\/buy-thca-crystals-top-shelf-2\/#primaryimage","url":"https:\/\/stonersmeds.com\/wp-content\/uploads\/2022\/03\/Buy-THCA-Crystals-Top-Shelf-1.jpg","contentUrl":"https:\/\/stonersmeds.com\/wp-content\/uploads\/2022\/03\/Buy-THCA-Crystals-Top-Shelf-1.jpg","width":600,"height":600},{"@type":"BreadcrumbList","@id":"https:\/\/stonersmeds.com\/fr\/shop\/buy-thca-crystals-top-shelf-2\/#breadcrumb","itemListElement":[{"@type":"ListItem","position":1,"name":"Home","item":"https:\/\/stonersmeds.com\/"},{"@type":"ListItem","position":2,"name":"Shop","item":"https:\/\/stonersmeds.com\/shop\/"},{"@type":"ListItem","position":3,"name":"Buy THCA Crystals- Top Shelf"}]},{"@type":"WebSite","@id":"https:\/\/stonersmeds.com\/#website","url":"https:\/\/stonersmeds.com\/","name":"stonersmeds.com","description":"verschreibungspflichtige Medizin kaufen","publisher":{"@id":"https:\/\/stonersmeds.com\/#organization"},"alternateName":"Research chemical shop","potentialAction":[{"@type":"SearchAction","target":{"@type":"EntryPoint","urlTemplate":"https:\/\/stonersmeds.com\/?s={search_term_string}"},"query-input":{"@type":"PropertyValueSpecification","valueRequired":true,"valueName":"search_term_string"}}],"inLanguage":"fi"},{"@type":"Organization","@id":"https:\/\/stonersmeds.com\/#organization","name":"Stonersmeds Shop","url":"https:\/\/stonersmeds.com\/","logo":{"@type":"ImageObject","inLanguage":"fi","@id":"https:\/\/stonersmeds.com\/#\/schema\/logo\/image\/","url":"https:\/\/stonersmeds.com\/wp-content\/uploads\/2026\/02\/high-purity-DMT-powder.jpg","contentUrl":"https:\/\/stonersmeds.com\/wp-content\/uploads\/2026\/02\/high-purity-DMT-powder.jpg","width":500,"height":500,"caption":"Stonersmeds Shop"},"image":{"@id":"https:\/\/stonersmeds.com\/#\/schema\/logo\/image\/"}}]},"og_availability":"instock","product_availability":"instock","product_condition":"new"},"_links":{"self":[{"href":"https:\/\/stonersmeds.com\/fi\/wp-json\/wp\/v2\/product\/9951","targetHints":{"allow":["GET"]}}],"collection":[{"href":"https:\/\/stonersmeds.com\/fi\/wp-json\/wp\/v2\/product"}],"about":[{"href":"https:\/\/stonersmeds.com\/fi\/wp-json\/wp\/v2\/types\/product"}],"replies":[{"embeddable":true,"href":"https:\/\/stonersmeds.com\/fi\/wp-json\/wp\/v2\/comments?post=9951"}],"version-history":[{"count":0,"href":"https:\/\/stonersmeds.com\/fi\/wp-json\/wp\/v2\/product\/9951\/revisions"}],"wp:featuredmedia":[{"embeddable":true,"href":"https:\/\/stonersmeds.com\/fi\/wp-json\/wp\/v2\/media\/9969"}],"wp:attachment":[{"href":"https:\/\/stonersmeds.com\/fi\/wp-json\/wp\/v2\/media?parent=9951"}],"wp:term":[{"taxonomy":"product_brand","embeddable":true,"href":"https:\/\/stonersmeds.com\/fi\/wp-json\/wp\/v2\/product_brand?post=9951"},{"taxonomy":"product_cat","embeddable":true,"href":"https:\/\/stonersmeds.com\/fi\/wp-json\/wp\/v2\/product_cat?post=9951"},{"taxonomy":"product_tag","embeddable":true,"href":"https:\/\/stonersmeds.com\/fi\/wp-json\/wp\/v2\/product_tag?post=9951"},{"taxonomy":"product_brands","embeddable":true,"href":"https:\/\/stonersmeds.com\/fi\/wp-json\/wp\/v2\/product_brands?post=9951"}],"curies":[{"name":"wp","href":"https:\/\/api.w.org\/{rel}","templated":true}]}}