{"id":9981,"date":"2022-03-12T03:52:51","date_gmt":"2022-03-12T03:52:51","guid":{"rendered":"https:\/\/stonersmeds.com\/?post_type=product&#038;p=9981"},"modified":"2026-03-02T08:50:49","modified_gmt":"2026-03-02T06:50:49","slug":"buy-oxycodone-40mg-pills-online","status":"publish","type":"product","link":"https:\/\/stonersmeds.com\/fi\/shop\/buy-oxycodone-40mg-pills-online\/","title":{"rendered":"Osta OxyCodone 40 mg pillereit\u00e4 verkosta"},"content":{"rendered":"<h1>Buy OxyCodone 40mg pills online.<\/h1>\n<p>Buy OxyCodone 40mg pills online. We also have codeine for sale.\u00a0Pain pills and other pills are used worlwide.<\/p>\n<p>Oksikodoni on tarkoitettu kohtalaisen tai vaikean kivun hoitoon. Merkinn\u00e4t Keskivaikeaan tai vaikeaan krooniseen kipuun, jotka vaativat pitk\u00e4vaikutteisia opioidianalgeetteja, on my\u00f6s hitaasti vapauttavia formulaatioita.<\/p>\n<p>&nbsp;<\/p>\n<pre><strong>Buy OxyCodone 40mg pills online - buy OxyCodone , buy OxyCodone 40mg pills , buy OxyCodone pills online, Where to Buy OxyCodone 40mg pills , OxyCodone 40mg pills for sale, OxyCodone for sale, buy OxyCodone 40mg online, where to Buy OxyCodone 40mg pills online, OxyCodone 40mg pills for sale in usa , USA, canada,uk, buy, online, suppliers, safe delivery, You can still get OxyCodone 40mg pills , Is OxyCodone 40mg pills legal in usa, buy OxyCodone 40mg pills online usa, how to order OxyCodone 40mg pills , Is OxyCodone 40mg pills legal in Canada<\/strong><\/pre>","protected":false},"excerpt":{"rendered":"<p>Buy OxyCodone 40mg pills online.\u00a0Buy Oxycodone Online | Order 40mg OxyCodone without prescription\u00a0Using Credit Cards you can Get express delivery<\/p>\n<pre><\/pre>","protected":false},"featured_media":9985,"comment_status":"open","ping_status":"closed","template":"","meta":{"_bst_post_transparent":"","_bst_post_title":"","_bst_post_layout":"","_bst_post_sidebar_id":"","_bst_post_content_style":"","_bst_post_vertical_padding":"","_bst_post_feature":"","_bst_post_feature_position":"","_bst_post_header":false,"_bst_post_footer":false},"product_brand":[],"product_cat":[769,77],"product_tag":[1060,1058,1056,1055,1054,1059,1053,1057],"product_brands":[],"class_list":{"0":"post-9981","1":"product","2":"type-product","3":"status-publish","4":"has-post-thumbnail","6":"product_cat-pain-pills","7":"product_cat-pain-sleeping-sex-pills","8":"product_tag-10-mg-oxycontin","9":"product_tag-10-mg-percocet-high","10":"product_tag-10-milligram-oxycodone-pictures","11":"product_tag-how-strong-is-oxycodone-10","12":"product_tag-need-a-prescription-for-oxycodone","13":"product_tag-oxycodone-10-milligram-pink","14":"product_tag-oxycodone-15mg-pills-for-sale","15":"product_tag-picture-of-oxycontin-10-mg","17":"first","18":"instock","19":"shipping-taxable","20":"purchasable","21":"product-type-variable","22":"entry","23":"content-bg","24":"loop-entry"},"tiered_pricing_type":"fixed","tiered_pricing_fixed_rules":[],"tiered_pricing_percentage_rules":[],"tiered_pricing_minimum":1,"_administrator_tiered_pricing_type":"fixed","_administrator_tiered_pricing_fixed_rules":[],"_editor_tiered_pricing_type":"fixed","_editor_tiered_pricing_fixed_rules":[],"_author_tiered_pricing_type":"fixed","_author_tiered_pricing_fixed_rules":[],"_contributor_tiered_pricing_type":"fixed","_contributor_tiered_pricing_fixed_rules":[],"_subscriber_tiered_pricing_type":"fixed","_subscriber_tiered_pricing_fixed_rules":[],"_customer_tiered_pricing_type":"fixed","_customer_tiered_pricing_fixed_rules":[],"_shop_manager_tiered_pricing_type":"fixed","_shop_manager_tiered_pricing_fixed_rules":[],"_wpseo_manager_tiered_pricing_type":"fixed","_wpseo_manager_tiered_pricing_fixed_rules":[],"_wpseo_editor_tiered_pricing_type":"fixed","_wpseo_editor_tiered_pricing_fixed_rules":[],"yoast_head":"<!-- This site is optimized with the Yoast SEO plugin v27.2 - https:\/\/yoast.com\/product\/yoast-seo-wordpress\/ -->\n<title>Buy OxyCodone 40mg pills safe and fast delivery, secure payment<\/title>\n<meta name=\"description\" content=\"Buy OxyCodone 40mg pills, delivery in 24 hours, fast and safe delivery, secure payment methods and 100% customer satisfaction\" \/>\n<meta name=\"robots\" content=\"index, follow, max-snippet:-1, max-image-preview:large, max-video-preview:-1\" \/>\n<link rel=\"canonical\" href=\"https:\/\/stonersmeds.com\/fi\/shop\/buy-oxycodone-40mg-pills-online\/\" \/>\n<meta property=\"og:locale\" content=\"fi_FI\" \/>\n<meta property=\"og:type\" content=\"article\" \/>\n<meta property=\"og:title\" content=\"Buy OxyCodone 40mg pills safe and fast delivery, secure payment\" \/>\n<meta property=\"og:description\" content=\"Buy OxyCodone 40mg pills, delivery in 24 hours, fast and safe delivery, secure payment methods and 100% customer satisfaction\" \/>\n<meta property=\"og:url\" content=\"https:\/\/stonersmeds.com\/fi\/shop\/buy-oxycodone-40mg-pills-online\/\" \/>\n<meta property=\"og:site_name\" content=\"stonersmeds.com\" \/>\n<meta property=\"article:modified_time\" content=\"2026-03-02T06:50:49+00:00\" \/>\n<meta property=\"og:image\" content=\"https:\/\/stonersmeds.com\/wp-content\/uploads\/2022\/03\/buy-oxycodone-40mg-pills-online.jpg\" \/>\n\t<meta property=\"og:image:width\" content=\"600\" \/>\n\t<meta property=\"og:image:height\" content=\"600\" \/>\n\t<meta property=\"og:image:type\" content=\"image\/jpeg\" \/>\n<meta name=\"twitter:card\" content=\"summary_large_image\" \/>\n<meta name=\"twitter:label1\" content=\"Saatavuus\" \/>\n\t<meta name=\"twitter:data1\" content=\"Varastossa\" \/>\n<script type=\"application\/ld+json\" class=\"yoast-schema-graph\">{\"@context\":\"https:\/\/schema.org\",\"@graph\":[{\"@type\":\"WebPage\",\"@id\":\"https:\/\/stonersmeds.com\/pt\/shop\/buy-oxycodone-40mg-pills-online\/\",\"url\":\"https:\/\/stonersmeds.com\/pt\/shop\/buy-oxycodone-40mg-pills-online\/\",\"name\":\"Buy OxyCodone 40mg pills safe and fast delivery, secure payment\",\"isPartOf\":{\"@id\":\"https:\/\/stonersmeds.com\/#website\"},\"primaryImageOfPage\":{\"@id\":\"https:\/\/stonersmeds.com\/pt\/shop\/buy-oxycodone-40mg-pills-online\/#primaryimage\"},\"image\":{\"@id\":\"https:\/\/stonersmeds.com\/pt\/shop\/buy-oxycodone-40mg-pills-online\/#primaryimage\"},\"thumbnailUrl\":\"https:\/\/stonersmeds.com\/wp-content\/uploads\/2022\/03\/buy-oxycodone-40mg-pills-online.jpg\",\"datePublished\":\"2022-03-12T03:52:51+00:00\",\"dateModified\":\"2026-03-02T06:50:49+00:00\",\"description\":\"Buy OxyCodone 40mg pills, delivery in 24 hours, fast and safe delivery, secure payment methods and 100% customer satisfaction\",\"breadcrumb\":{\"@id\":\"https:\/\/stonersmeds.com\/pt\/shop\/buy-oxycodone-40mg-pills-online\/#breadcrumb\"},\"inLanguage\":\"fi\",\"potentialAction\":[{\"@type\":\"ReadAction\",\"target\":[\"https:\/\/stonersmeds.com\/pt\/shop\/buy-oxycodone-40mg-pills-online\/\"]}]},{\"@type\":\"ImageObject\",\"inLanguage\":\"fi\",\"@id\":\"https:\/\/stonersmeds.com\/pt\/shop\/buy-oxycodone-40mg-pills-online\/#primaryimage\",\"url\":\"https:\/\/stonersmeds.com\/wp-content\/uploads\/2022\/03\/buy-oxycodone-40mg-pills-online.jpg\",\"contentUrl\":\"https:\/\/stonersmeds.com\/wp-content\/uploads\/2022\/03\/buy-oxycodone-40mg-pills-online.jpg\",\"width\":600,\"height\":600},{\"@type\":\"BreadcrumbList\",\"@id\":\"https:\/\/stonersmeds.com\/pt\/shop\/buy-oxycodone-40mg-pills-online\/#breadcrumb\",\"itemListElement\":[{\"@type\":\"ListItem\",\"position\":1,\"name\":\"Home\",\"item\":\"https:\/\/stonersmeds.com\/\"},{\"@type\":\"ListItem\",\"position\":2,\"name\":\"Shop\",\"item\":\"https:\/\/stonersmeds.com\/shop\/\"},{\"@type\":\"ListItem\",\"position\":3,\"name\":\"Buy OxyCodone 40mg pills online\"}]},{\"@type\":\"WebSite\",\"@id\":\"https:\/\/stonersmeds.com\/#website\",\"url\":\"https:\/\/stonersmeds.com\/\",\"name\":\"stonersmeds.com\",\"description\":\"verschreibungspflichtige Medizin kaufen\",\"publisher\":{\"@id\":\"https:\/\/stonersmeds.com\/#organization\"},\"alternateName\":\"Research chemical shop\",\"potentialAction\":[{\"@type\":\"SearchAction\",\"target\":{\"@type\":\"EntryPoint\",\"urlTemplate\":\"https:\/\/stonersmeds.com\/?s={search_term_string}\"},\"query-input\":{\"@type\":\"PropertyValueSpecification\",\"valueRequired\":true,\"valueName\":\"search_term_string\"}}],\"inLanguage\":\"fi\"},{\"@type\":\"Organization\",\"@id\":\"https:\/\/stonersmeds.com\/#organization\",\"name\":\"Stonersmeds Shop\",\"url\":\"https:\/\/stonersmeds.com\/\",\"logo\":{\"@type\":\"ImageObject\",\"inLanguage\":\"fi\",\"@id\":\"https:\/\/stonersmeds.com\/#\/schema\/logo\/image\/\",\"url\":\"https:\/\/stonersmeds.com\/wp-content\/uploads\/2026\/02\/high-purity-DMT-powder.jpg\",\"contentUrl\":\"https:\/\/stonersmeds.com\/wp-content\/uploads\/2026\/02\/high-purity-DMT-powder.jpg\",\"width\":500,\"height\":500,\"caption\":\"Stonersmeds Shop\"},\"image\":{\"@id\":\"https:\/\/stonersmeds.com\/#\/schema\/logo\/image\/\"}}]}<\/script>\n<meta property=\"og:availability\" content=\"instock\" \/>\n<meta property=\"product:availability\" content=\"instock\" \/>\n<meta property=\"product:condition\" content=\"new\" \/>\n<!-- \/ Yoast SEO plugin. -->","yoast_head_json":{"title":"Buy OxyCodone 40mg pills safe and fast delivery, secure payment","description":"Buy OxyCodone 40mg pills, delivery in 24 hours, fast and safe delivery, secure payment methods and 100% customer satisfaction","robots":{"index":"index","follow":"follow","max-snippet":"max-snippet:-1","max-image-preview":"max-image-preview:large","max-video-preview":"max-video-preview:-1"},"canonical":"https:\/\/stonersmeds.com\/fi\/shop\/buy-oxycodone-40mg-pills-online\/","og_locale":"fi_FI","og_type":"article","og_title":"Buy OxyCodone 40mg pills safe and fast delivery, secure payment","og_description":"Buy OxyCodone 40mg pills, delivery in 24 hours, fast and safe delivery, secure payment methods and 100% customer satisfaction","og_url":"https:\/\/stonersmeds.com\/fi\/shop\/buy-oxycodone-40mg-pills-online\/","og_site_name":"stonersmeds.com","article_modified_time":"2026-03-02T06:50:49+00:00","og_image":[{"width":600,"height":600,"url":"https:\/\/stonersmeds.com\/wp-content\/uploads\/2022\/03\/buy-oxycodone-40mg-pills-online.jpg","type":"image\/jpeg"}],"twitter_card":"summary_large_image","twitter_misc":{"Saatavuus":"Varastossa"},"schema":{"@context":"https:\/\/schema.org","@graph":[{"@type":"WebPage","@id":"https:\/\/stonersmeds.com\/pt\/shop\/buy-oxycodone-40mg-pills-online\/","url":"https:\/\/stonersmeds.com\/pt\/shop\/buy-oxycodone-40mg-pills-online\/","name":"Buy OxyCodone 40mg pills safe and fast delivery, secure payment","isPartOf":{"@id":"https:\/\/stonersmeds.com\/#website"},"primaryImageOfPage":{"@id":"https:\/\/stonersmeds.com\/pt\/shop\/buy-oxycodone-40mg-pills-online\/#primaryimage"},"image":{"@id":"https:\/\/stonersmeds.com\/pt\/shop\/buy-oxycodone-40mg-pills-online\/#primaryimage"},"thumbnailUrl":"https:\/\/stonersmeds.com\/wp-content\/uploads\/2022\/03\/buy-oxycodone-40mg-pills-online.jpg","datePublished":"2022-03-12T03:52:51+00:00","dateModified":"2026-03-02T06:50:49+00:00","description":"Buy OxyCodone 40mg pills, delivery in 24 hours, fast and safe delivery, secure payment methods and 100% customer satisfaction","breadcrumb":{"@id":"https:\/\/stonersmeds.com\/pt\/shop\/buy-oxycodone-40mg-pills-online\/#breadcrumb"},"inLanguage":"fi","potentialAction":[{"@type":"ReadAction","target":["https:\/\/stonersmeds.com\/pt\/shop\/buy-oxycodone-40mg-pills-online\/"]}]},{"@type":"ImageObject","inLanguage":"fi","@id":"https:\/\/stonersmeds.com\/pt\/shop\/buy-oxycodone-40mg-pills-online\/#primaryimage","url":"https:\/\/stonersmeds.com\/wp-content\/uploads\/2022\/03\/buy-oxycodone-40mg-pills-online.jpg","contentUrl":"https:\/\/stonersmeds.com\/wp-content\/uploads\/2022\/03\/buy-oxycodone-40mg-pills-online.jpg","width":600,"height":600},{"@type":"BreadcrumbList","@id":"https:\/\/stonersmeds.com\/pt\/shop\/buy-oxycodone-40mg-pills-online\/#breadcrumb","itemListElement":[{"@type":"ListItem","position":1,"name":"Home","item":"https:\/\/stonersmeds.com\/"},{"@type":"ListItem","position":2,"name":"Shop","item":"https:\/\/stonersmeds.com\/shop\/"},{"@type":"ListItem","position":3,"name":"Buy OxyCodone 40mg pills online"}]},{"@type":"WebSite","@id":"https:\/\/stonersmeds.com\/#website","url":"https:\/\/stonersmeds.com\/","name":"stonersmeds.com","description":"verschreibungspflichtige Medizin kaufen","publisher":{"@id":"https:\/\/stonersmeds.com\/#organization"},"alternateName":"Research chemical shop","potentialAction":[{"@type":"SearchAction","target":{"@type":"EntryPoint","urlTemplate":"https:\/\/stonersmeds.com\/?s={search_term_string}"},"query-input":{"@type":"PropertyValueSpecification","valueRequired":true,"valueName":"search_term_string"}}],"inLanguage":"fi"},{"@type":"Organization","@id":"https:\/\/stonersmeds.com\/#organization","name":"Stonersmeds Shop","url":"https:\/\/stonersmeds.com\/","logo":{"@type":"ImageObject","inLanguage":"fi","@id":"https:\/\/stonersmeds.com\/#\/schema\/logo\/image\/","url":"https:\/\/stonersmeds.com\/wp-content\/uploads\/2026\/02\/high-purity-DMT-powder.jpg","contentUrl":"https:\/\/stonersmeds.com\/wp-content\/uploads\/2026\/02\/high-purity-DMT-powder.jpg","width":500,"height":500,"caption":"Stonersmeds Shop"},"image":{"@id":"https:\/\/stonersmeds.com\/#\/schema\/logo\/image\/"}}]},"og_availability":"instock","product_availability":"instock","product_condition":"new"},"_links":{"self":[{"href":"https:\/\/stonersmeds.com\/fi\/wp-json\/wp\/v2\/product\/9981","targetHints":{"allow":["GET"]}}],"collection":[{"href":"https:\/\/stonersmeds.com\/fi\/wp-json\/wp\/v2\/product"}],"about":[{"href":"https:\/\/stonersmeds.com\/fi\/wp-json\/wp\/v2\/types\/product"}],"replies":[{"embeddable":true,"href":"https:\/\/stonersmeds.com\/fi\/wp-json\/wp\/v2\/comments?post=9981"}],"version-history":[{"count":0,"href":"https:\/\/stonersmeds.com\/fi\/wp-json\/wp\/v2\/product\/9981\/revisions"}],"wp:featuredmedia":[{"embeddable":true,"href":"https:\/\/stonersmeds.com\/fi\/wp-json\/wp\/v2\/media\/9985"}],"wp:attachment":[{"href":"https:\/\/stonersmeds.com\/fi\/wp-json\/wp\/v2\/media?parent=9981"}],"wp:term":[{"taxonomy":"product_brand","embeddable":true,"href":"https:\/\/stonersmeds.com\/fi\/wp-json\/wp\/v2\/product_brand?post=9981"},{"taxonomy":"product_cat","embeddable":true,"href":"https:\/\/stonersmeds.com\/fi\/wp-json\/wp\/v2\/product_cat?post=9981"},{"taxonomy":"product_tag","embeddable":true,"href":"https:\/\/stonersmeds.com\/fi\/wp-json\/wp\/v2\/product_tag?post=9981"},{"taxonomy":"product_brands","embeddable":true,"href":"https:\/\/stonersmeds.com\/fi\/wp-json\/wp\/v2\/product_brands?post=9981"}],"curies":[{"name":"wp","href":"https:\/\/api.w.org\/{rel}","templated":true}]}}