{"id":10012,"date":"2022-03-12T04:08:52","date_gmt":"2022-03-12T04:08:52","guid":{"rendered":"https:\/\/stonersmeds.com\/?post_type=product&#038;p=10012"},"modified":"2026-03-02T00:00:45","modified_gmt":"2026-03-01T22:00:45","slug":"buy-restoril-30mg-temezepam-pills-online","status":"publish","type":"product","link":"https:\/\/stonersmeds.com\/fr\/shop\/buy-restoril-30mg-temezepam-pills-online\/","title":{"rendered":"Acheter des pilules de t\u00e9maz\u00e9pam Restoril 30 mg"},"content":{"rendered":"<h1><strong>Buy Restoril 30mg online - temazepam - Acheter Restoril en ligne sans ordonnance.<\/strong><\/h1>\n<p>Restoril (Temazepam) est une benzodiaz\u00e9pine (ben-Zoe-dye-AZE-eh-peen). Le t\u00e9maz\u00e9pam agit sur les substances chimiques du cerveau qui peuvent \u00eatre d\u00e9s\u00e9quilibr\u00e9es chez les personnes souffrant de troubles du sommeil (insomnie). Restoril est utilis\u00e9 pour traiter les sympt\u00f4mes de l'insomnie, tels que les difficult\u00e9s \u00e0 s'endormir ou \u00e0 rester endormi. Restoril agit en ralentissant le syst\u00e8me nerveux central (cerveau), provoquant une somnolence qui aide les patients \u00e0 s'endormir.<\/p>\n<h2>UTILISATIONS DE RESTOIL\u00a0:<\/h2>\n<p>Ce m\u00e9dicament est utilis\u00e9 pour traiter un certain trouble du sommeil (insomnie). Il peut vous aider \u00e0 vous endormir plus rapidement, \u00e0 rester endormi plus longtemps et \u00e0 r\u00e9duire la fr\u00e9quence de vos r\u00e9veils nocturnes, afin que vous puissiez b\u00e9n\u00e9ficier d'une meilleure nuit de repos. Le t\u00e9maz\u00e9pam appartient \u00e0 une classe de m\u00e9dicaments appel\u00e9s s\u00e9datifs-hypnotiques. Il agit sur le cerveau pour produire un effet calmant.<\/p>\n<p>L&#039;utilisation de ce m\u00e9dicament est g\u00e9n\u00e9ralement limit\u00e9e \u00e0 de courtes p\u00e9riodes de traitement de 1 \u00e0 2 semaines ou moins. Si ton\u00a0<a class=\"crossLinked\" href=\"https:\/\/www.webmd.com\/sleep-disorders\/living-with-insomnia-11\/slideshow-insomnia\">insomnie<\/a>\u00a0dure plus longtemps, parlez-en \u00e0 votre m\u00e9decin pour voir si vous avez besoin d&#039;un autre traitement.<\/p>\n<h3>Comment utiliser Restoril :<\/h3>\n<ul>\n<li>Lisez le Guide des m\u00e9dicaments fourni par votre pharmacien avant de commencer \u00e0 utiliser le t\u00e9maz\u00e9pam et chaque fois que vous recevez une recharge. Si vous avez des questions, interrogez votre m\u00e9decin ou votre pharmacien.<\/li>\n<li>Prenez ce m\u00e9dicament par voie orale avec ou sans nourriture selon les directives de votre m\u00e9decin, g\u00e9n\u00e9ralement juste avant de vous coucher. La posologie est bas\u00e9e sur votre \u00e9tat de sant\u00e9, votre \u00e2ge et votre r\u00e9ponse au traitement.<\/li>\n<li>Bien que cela soit peu probable, ce m\u00e9dicament peut rarement provoquer une perte de m\u00e9moire temporaire \u00e0 court terme. Pour r\u00e9duire ce risque, ne prenez pas de dose de ce m\u00e9dicament si vous n'avez pas eu le temps de passer une nuit compl\u00e8te de sommeil d'au moins 7 \u00e0 8 heures. Si vous devez vous r\u00e9veiller avant, vous risquez d'avoir des pertes de m\u00e9moire.<\/li>\n<li>Dans de tels cas, des sympt\u00f4mes de sevrage (tels que naus\u00e9es, vomissements, bouff\u00e9es vasomotrices, crampes d&#039;estomac, nervosit\u00e9, tremblements) peuvent survenir si vous arr\u00eatez soudainement d&#039;utiliser ce m\u00e9dicament. Pour pr\u00e9venir les r\u00e9actions de sevrage, votre m\u00e9decin peut r\u00e9duire progressivement votre dose. Consultez votre m\u00e9decin ou votre pharmacien pour plus de d\u00e9tails et signalez imm\u00e9diatement toute r\u00e9action de sevrage.<\/li>\n<\/ul>\n<h3>Comment utiliser<\/h3>\n<ul>\n<li>Si ce m\u00e9dicament n'est plus efficace, parlez-en \u00e0 votre m\u00e9decin.<\/li>\n<li>Bien qu&#039;il aide de nombreuses personnes, ce m\u00e9dicament peut parfois entra\u00eener une d\u00e9pendance. Ce risque peut \u00eatre plus \u00e9lev\u00e9 si vous souffrez d&#039;un trouble li\u00e9 \u00e0 l&#039;utilisation de substances (comme une surconsommation ou une d\u00e9pendance aux drogues\/alcool). Prenez ce m\u00e9dicament exactement comme prescrit pour r\u00e9duire le risque de d\u00e9pendance. Demandez plus de d\u00e9tails \u00e0 votre m\u00e9decin ou \u00e0 votre pharmacien.<\/li>\n<li>Informez votre m\u00e9decin si votre \u00e9tat persiste apr\u00e8s 7 \u00e0 10 jours ou s&#039;il s&#039;aggrave.<\/li>\n<li>Vous pourriez avoir de la difficult\u00e9 \u00e0 dormir les premi\u00e8res nuits apr\u00e8s avoir cess\u00e9 de prendre ce m\u00e9dicament. Il dispara\u00eetra g\u00e9n\u00e9ralement apr\u00e8s 1 ou 2 nuits. Si cet effet persiste, contactez votre m\u00e9decin.<\/li>\n<\/ul>\n<h1><strong>Meilleur endroit pour acheter Restoril 30mg en ligne sans ordonnance | Legit Restoril 30mg \u00e0 vendre en ligne<\/strong><\/h1>\n<p class=\"lead\">Ici, vous pouvez l'acheter en ligne en toute s\u00e9curit\u00e9 et sans ordonnance. Les produits sont de la meilleure qualit\u00e9 et environ 98.98% purs et approuv\u00e9s par la FDA. L'emballage est s\u00fbr et l'exp\u00e9dition est 100% discr\u00e8te et la livraison est tr\u00e8s rapide. Nous exp\u00e9dions avec DHL, FedEx, et UPS pour le moment.<\/p>\n<p>Tu fais\u00a0<strong>NE PAS<\/strong>\u00a0besoin d&#039;un\u00a0<strong>Prescription<\/strong>\u00a0pour commander chez nous. Passez votre commande maintenant et nous vous enverrons votre colis discr\u00e8tement dans le monde entier.<\/p>","protected":false},"excerpt":{"rendered":"<p>Acheter des pilules Restoril 30mg Temazepam en ligne.<\/p>\n<p>Marque:\u00a0<strong>Restaurer<\/strong><br \/>\nG\u00e9n\u00e9rique:\u00a0<strong>T\u00e9maz\u00e9pam<\/strong><br \/>\nForce disponible\u00a0: 30\u00a0mg<br \/>\nEmballage : Blister<br \/>\nFabriqu\u00e9 par : Novatris<\/p>\n<p>&nbsp;<\/p>","protected":false},"featured_media":10021,"comment_status":"open","ping_status":"closed","template":"","meta":{"_bst_post_transparent":"","_bst_post_title":"","_bst_post_layout":"","_bst_post_sidebar_id":"","_bst_post_content_style":"","_bst_post_vertical_padding":"","_bst_post_feature":"","_bst_post_feature_position":"","_bst_post_header":false,"_bst_post_footer":false},"product_brand":[],"product_cat":[77,770],"product_tag":[1077,1070,1064,1063,1067,1074,1076,1062,1075,1061,1068,1071,1065,1073,1069,1072,1066],"product_brands":[],"class_list":{"0":"post-10012","1":"product","2":"type-product","3":"status-publish","4":"has-post-thumbnail","6":"product_cat-pain-sleeping-sex-pills","7":"product_cat-sleeping-pills","8":"product_tag-20-mg-oxycontin-time-release","9":"product_tag-cost-of-temazepam-at-walmart","10":"product_tag-goodrx-temazepam","11":"product_tag-goodrx-temazepam-7-5","12":"product_tag-how-much-does-temazepam-cost","13":"product_tag-max-dose-of-temazepam","14":"product_tag-oxycodone-15mg-tablet-image","15":"product_tag-restorol-walgreens","16":"product_tag-temazepam-15-mg-goodrx","17":"product_tag-temazepam-30-mg-prices","18":"product_tag-temazepam-30-mg-sleeping-pills","19":"product_tag-temazepam-30-mg-street-price","20":"product_tag-temazepam-30-mg-street-value","21":"product_tag-temazepam-7-5-mg-price","22":"product_tag-temazepam-7-5-mg-prices","23":"product_tag-temazepam-cost-price","24":"product_tag-temazepam-cost-without-insurance","26":"first","27":"instock","28":"shipping-taxable","29":"purchasable","30":"product-type-variable","31":"entry","32":"content-bg","33":"loop-entry"},"tiered_pricing_type":"fixed","tiered_pricing_fixed_rules":[],"tiered_pricing_percentage_rules":[],"tiered_pricing_minimum":1,"_administrator_tiered_pricing_type":"fixed","_administrator_tiered_pricing_fixed_rules":[],"_editor_tiered_pricing_type":"fixed","_editor_tiered_pricing_fixed_rules":[],"_author_tiered_pricing_type":"fixed","_author_tiered_pricing_fixed_rules":[],"_contributor_tiered_pricing_type":"fixed","_contributor_tiered_pricing_fixed_rules":[],"_subscriber_tiered_pricing_type":"fixed","_subscriber_tiered_pricing_fixed_rules":[],"_customer_tiered_pricing_type":"fixed","_customer_tiered_pricing_fixed_rules":[],"_shop_manager_tiered_pricing_type":"fixed","_shop_manager_tiered_pricing_fixed_rules":[],"_wpseo_manager_tiered_pricing_type":"fixed","_wpseo_manager_tiered_pricing_fixed_rules":[],"_wpseo_editor_tiered_pricing_type":"fixed","_wpseo_editor_tiered_pricing_fixed_rules":[],"yoast_head":"<!-- This site is optimized with the Yoast SEO plugin v27.2 - https:\/\/yoast.com\/product\/yoast-seo-wordpress\/ -->\n<title>Buy Restoril 30mg online, Temazepam (Generic Restoril) 30mg Capsules<\/title>\n<meta name=\"description\" content=\"Buy Restoril 30mg online \u2013 temazepam \u2013 Buy Restoril online without prescription. Restoril (Temazepam) is a benzodiazepine\" \/>\n<meta name=\"robots\" content=\"index, follow, max-snippet:-1, max-image-preview:large, max-video-preview:-1\" \/>\n<link rel=\"canonical\" href=\"https:\/\/stonersmeds.com\/fr\/shop\/buy-restoril-30mg-temezepam-pills-online\/\" \/>\n<meta property=\"og:locale\" content=\"fr_FR\" \/>\n<meta property=\"og:type\" content=\"article\" \/>\n<meta property=\"og:title\" content=\"Buy Restoril 30mg online, Temazepam (Generic Restoril) 30mg Capsules\" \/>\n<meta property=\"og:description\" content=\"Buy Restoril 30mg online \u2013 temazepam \u2013 Buy Restoril online without prescription. Restoril (Temazepam) is a benzodiazepine\" \/>\n<meta property=\"og:url\" content=\"https:\/\/stonersmeds.com\/fr\/shop\/buy-restoril-30mg-temezepam-pills-online\/\" \/>\n<meta property=\"og:site_name\" content=\"stonersmeds.com\" \/>\n<meta property=\"article:modified_time\" content=\"2026-03-01T22:00:45+00:00\" \/>\n<meta property=\"og:image\" content=\"https:\/\/stonersmeds.com\/wp-content\/uploads\/2022\/03\/Buy-Restoril-30mg-Temezepam-pills-online.jpg\" \/>\n\t<meta property=\"og:image:width\" content=\"600\" \/>\n\t<meta property=\"og:image:height\" content=\"600\" \/>\n\t<meta property=\"og:image:type\" content=\"image\/jpeg\" \/>\n<meta name=\"twitter:card\" content=\"summary_large_image\" \/>\n<meta name=\"twitter:label1\" content=\"Disponibilit\u00e9\" \/>\n\t<meta name=\"twitter:data1\" content=\"En stock\" \/>\n<script type=\"application\/ld+json\" class=\"yoast-schema-graph\">{\"@context\":\"https:\/\/schema.org\",\"@graph\":[{\"@type\":\"WebPage\",\"@id\":\"https:\/\/stonersmeds.com\/de\/shop\/buy-restoril-30mg-temezepam-pills-online\/\",\"url\":\"https:\/\/stonersmeds.com\/de\/shop\/buy-restoril-30mg-temezepam-pills-online\/\",\"name\":\"Buy Restoril 30mg online, Temazepam (Generic Restoril) 30mg Capsules\",\"isPartOf\":{\"@id\":\"https:\/\/stonersmeds.com\/#website\"},\"primaryImageOfPage\":{\"@id\":\"https:\/\/stonersmeds.com\/de\/shop\/buy-restoril-30mg-temezepam-pills-online\/#primaryimage\"},\"image\":{\"@id\":\"https:\/\/stonersmeds.com\/de\/shop\/buy-restoril-30mg-temezepam-pills-online\/#primaryimage\"},\"thumbnailUrl\":\"https:\/\/stonersmeds.com\/wp-content\/uploads\/2022\/03\/Buy-Restoril-30mg-Temezepam-pills-online.jpg\",\"datePublished\":\"2022-03-12T04:08:52+00:00\",\"dateModified\":\"2026-03-01T22:00:45+00:00\",\"description\":\"Buy Restoril 30mg online \u2013 temazepam \u2013 Buy Restoril online without prescription. Restoril (Temazepam) is a benzodiazepine\",\"breadcrumb\":{\"@id\":\"https:\/\/stonersmeds.com\/de\/shop\/buy-restoril-30mg-temezepam-pills-online\/#breadcrumb\"},\"inLanguage\":\"fr-FR\",\"potentialAction\":[{\"@type\":\"ReadAction\",\"target\":[\"https:\/\/stonersmeds.com\/de\/shop\/buy-restoril-30mg-temezepam-pills-online\/\"]}]},{\"@type\":\"ImageObject\",\"inLanguage\":\"fr-FR\",\"@id\":\"https:\/\/stonersmeds.com\/de\/shop\/buy-restoril-30mg-temezepam-pills-online\/#primaryimage\",\"url\":\"https:\/\/stonersmeds.com\/wp-content\/uploads\/2022\/03\/Buy-Restoril-30mg-Temezepam-pills-online.jpg\",\"contentUrl\":\"https:\/\/stonersmeds.com\/wp-content\/uploads\/2022\/03\/Buy-Restoril-30mg-Temezepam-pills-online.jpg\",\"width\":600,\"height\":600},{\"@type\":\"BreadcrumbList\",\"@id\":\"https:\/\/stonersmeds.com\/de\/shop\/buy-restoril-30mg-temezepam-pills-online\/#breadcrumb\",\"itemListElement\":[{\"@type\":\"ListItem\",\"position\":1,\"name\":\"Home\",\"item\":\"https:\/\/stonersmeds.com\/\"},{\"@type\":\"ListItem\",\"position\":2,\"name\":\"Shop\",\"item\":\"https:\/\/stonersmeds.com\/shop\/\"},{\"@type\":\"ListItem\",\"position\":3,\"name\":\"Buy Restoril 30mg Temazepam pills\"}]},{\"@type\":\"WebSite\",\"@id\":\"https:\/\/stonersmeds.com\/#website\",\"url\":\"https:\/\/stonersmeds.com\/\",\"name\":\"stonersmeds.com\",\"description\":\"verschreibungspflichtige Medizin kaufen\",\"publisher\":{\"@id\":\"https:\/\/stonersmeds.com\/#organization\"},\"alternateName\":\"Research chemical shop\",\"potentialAction\":[{\"@type\":\"SearchAction\",\"target\":{\"@type\":\"EntryPoint\",\"urlTemplate\":\"https:\/\/stonersmeds.com\/?s={search_term_string}\"},\"query-input\":{\"@type\":\"PropertyValueSpecification\",\"valueRequired\":true,\"valueName\":\"search_term_string\"}}],\"inLanguage\":\"fr-FR\"},{\"@type\":\"Organization\",\"@id\":\"https:\/\/stonersmeds.com\/#organization\",\"name\":\"Stonersmeds Shop\",\"url\":\"https:\/\/stonersmeds.com\/\",\"logo\":{\"@type\":\"ImageObject\",\"inLanguage\":\"fr-FR\",\"@id\":\"https:\/\/stonersmeds.com\/#\/schema\/logo\/image\/\",\"url\":\"https:\/\/stonersmeds.com\/wp-content\/uploads\/2026\/02\/high-purity-DMT-powder.jpg\",\"contentUrl\":\"https:\/\/stonersmeds.com\/wp-content\/uploads\/2026\/02\/high-purity-DMT-powder.jpg\",\"width\":500,\"height\":500,\"caption\":\"Stonersmeds Shop\"},\"image\":{\"@id\":\"https:\/\/stonersmeds.com\/#\/schema\/logo\/image\/\"}}]}<\/script>\n<meta property=\"og:availability\" content=\"instock\" \/>\n<meta property=\"product:availability\" content=\"instock\" \/>\n<meta property=\"product:condition\" content=\"new\" \/>\n<!-- \/ Yoast SEO plugin. -->","yoast_head_json":{"title":"Acheter Restoril 30mg en ligne, T\u00e9maz\u00e9pam (Generic Restoril) 30mg Capsules","description":"Acheter Restoril 30mg en ligne - temazepam - Acheter Restoril en ligne sans ordonnance. Restoril (Temazepam) est une benzodiaz\u00e9pine.","robots":{"index":"index","follow":"follow","max-snippet":"max-snippet:-1","max-image-preview":"max-image-preview:large","max-video-preview":"max-video-preview:-1"},"canonical":"https:\/\/stonersmeds.com\/fr\/shop\/buy-restoril-30mg-temezepam-pills-online\/","og_locale":"fr_FR","og_type":"article","og_title":"Buy Restoril 30mg online, Temazepam (Generic Restoril) 30mg Capsules","og_description":"Buy Restoril 30mg online \u2013 temazepam \u2013 Buy Restoril online without prescription. Restoril (Temazepam) is a benzodiazepine","og_url":"https:\/\/stonersmeds.com\/fr\/shop\/buy-restoril-30mg-temezepam-pills-online\/","og_site_name":"stonersmeds.com","article_modified_time":"2026-03-01T22:00:45+00:00","og_image":[{"width":600,"height":600,"url":"https:\/\/stonersmeds.com\/wp-content\/uploads\/2022\/03\/Buy-Restoril-30mg-Temezepam-pills-online.jpg","type":"image\/jpeg"}],"twitter_card":"summary_large_image","twitter_misc":{"Disponibilit\u00e9":"En stock"},"schema":{"@context":"https:\/\/schema.org","@graph":[{"@type":"WebPage","@id":"https:\/\/stonersmeds.com\/de\/shop\/buy-restoril-30mg-temezepam-pills-online\/","url":"https:\/\/stonersmeds.com\/de\/shop\/buy-restoril-30mg-temezepam-pills-online\/","name":"Acheter Restoril 30mg en ligne, T\u00e9maz\u00e9pam (Generic Restoril) 30mg Capsules","isPartOf":{"@id":"https:\/\/stonersmeds.com\/#website"},"primaryImageOfPage":{"@id":"https:\/\/stonersmeds.com\/de\/shop\/buy-restoril-30mg-temezepam-pills-online\/#primaryimage"},"image":{"@id":"https:\/\/stonersmeds.com\/de\/shop\/buy-restoril-30mg-temezepam-pills-online\/#primaryimage"},"thumbnailUrl":"https:\/\/stonersmeds.com\/wp-content\/uploads\/2022\/03\/Buy-Restoril-30mg-Temezepam-pills-online.jpg","datePublished":"2022-03-12T04:08:52+00:00","dateModified":"2026-03-01T22:00:45+00:00","description":"Acheter Restoril 30mg en ligne - temazepam - Acheter Restoril en ligne sans ordonnance. Restoril (Temazepam) est une benzodiaz\u00e9pine.","breadcrumb":{"@id":"https:\/\/stonersmeds.com\/de\/shop\/buy-restoril-30mg-temezepam-pills-online\/#breadcrumb"},"inLanguage":"fr-FR","potentialAction":[{"@type":"ReadAction","target":["https:\/\/stonersmeds.com\/de\/shop\/buy-restoril-30mg-temezepam-pills-online\/"]}]},{"@type":"ImageObject","inLanguage":"fr-FR","@id":"https:\/\/stonersmeds.com\/de\/shop\/buy-restoril-30mg-temezepam-pills-online\/#primaryimage","url":"https:\/\/stonersmeds.com\/wp-content\/uploads\/2022\/03\/Buy-Restoril-30mg-Temezepam-pills-online.jpg","contentUrl":"https:\/\/stonersmeds.com\/wp-content\/uploads\/2022\/03\/Buy-Restoril-30mg-Temezepam-pills-online.jpg","width":600,"height":600},{"@type":"BreadcrumbList","@id":"https:\/\/stonersmeds.com\/de\/shop\/buy-restoril-30mg-temezepam-pills-online\/#breadcrumb","itemListElement":[{"@type":"ListItem","position":1,"name":"Home","item":"https:\/\/stonersmeds.com\/"},{"@type":"ListItem","position":2,"name":"Shop","item":"https:\/\/stonersmeds.com\/shop\/"},{"@type":"ListItem","position":3,"name":"Buy Restoril 30mg Temazepam pills"}]},{"@type":"WebSite","@id":"https:\/\/stonersmeds.com\/#website","url":"https:\/\/stonersmeds.com\/","name":"stonersmeds.com","description":"m\u00e9dicaments \u00e0 usage unique en vente","publisher":{"@id":"https:\/\/stonersmeds.com\/#organization"},"alternateName":"Research chemical shop","potentialAction":[{"@type":"SearchAction","target":{"@type":"EntryPoint","urlTemplate":"https:\/\/stonersmeds.com\/?s={search_term_string}"},"query-input":{"@type":"PropertyValueSpecification","valueRequired":true,"valueName":"search_term_string"}}],"inLanguage":"fr-FR"},{"@type":"Organization","@id":"https:\/\/stonersmeds.com\/#organization","name":"Stonersmeds Shop","url":"https:\/\/stonersmeds.com\/","logo":{"@type":"ImageObject","inLanguage":"fr-FR","@id":"https:\/\/stonersmeds.com\/#\/schema\/logo\/image\/","url":"https:\/\/stonersmeds.com\/wp-content\/uploads\/2026\/02\/high-purity-DMT-powder.jpg","contentUrl":"https:\/\/stonersmeds.com\/wp-content\/uploads\/2026\/02\/high-purity-DMT-powder.jpg","width":500,"height":500,"caption":"Stonersmeds Shop"},"image":{"@id":"https:\/\/stonersmeds.com\/#\/schema\/logo\/image\/"}}]},"og_availability":"instock","product_availability":"instock","product_condition":"new"},"_links":{"self":[{"href":"https:\/\/stonersmeds.com\/fr\/wp-json\/wp\/v2\/product\/10012","targetHints":{"allow":["GET"]}}],"collection":[{"href":"https:\/\/stonersmeds.com\/fr\/wp-json\/wp\/v2\/product"}],"about":[{"href":"https:\/\/stonersmeds.com\/fr\/wp-json\/wp\/v2\/types\/product"}],"replies":[{"embeddable":true,"href":"https:\/\/stonersmeds.com\/fr\/wp-json\/wp\/v2\/comments?post=10012"}],"version-history":[{"count":0,"href":"https:\/\/stonersmeds.com\/fr\/wp-json\/wp\/v2\/product\/10012\/revisions"}],"wp:featuredmedia":[{"embeddable":true,"href":"https:\/\/stonersmeds.com\/fr\/wp-json\/wp\/v2\/media\/10021"}],"wp:attachment":[{"href":"https:\/\/stonersmeds.com\/fr\/wp-json\/wp\/v2\/media?parent=10012"}],"wp:term":[{"taxonomy":"product_brand","embeddable":true,"href":"https:\/\/stonersmeds.com\/fr\/wp-json\/wp\/v2\/product_brand?post=10012"},{"taxonomy":"product_cat","embeddable":true,"href":"https:\/\/stonersmeds.com\/fr\/wp-json\/wp\/v2\/product_cat?post=10012"},{"taxonomy":"product_tag","embeddable":true,"href":"https:\/\/stonersmeds.com\/fr\/wp-json\/wp\/v2\/product_tag?post=10012"},{"taxonomy":"product_brands","embeddable":true,"href":"https:\/\/stonersmeds.com\/fr\/wp-json\/wp\/v2\/product_brands?post=10012"}],"curies":[{"name":"wp","href":"https:\/\/api.w.org\/{rel}","templated":true}]}}