{"id":10171,"date":"2022-03-12T05:48:30","date_gmt":"2022-03-12T05:48:30","guid":{"rendered":"https:\/\/stonersmeds.com\/?post_type=product&#038;p=10171"},"modified":"2026-03-02T00:40:41","modified_gmt":"2026-03-01T22:40:41","slug":"buy-4mmc-mephedrone-online","status":"publish","type":"product","link":"https:\/\/stonersmeds.com\/fr\/shop\/buy-4mmc-mephedrone-online\/","title":{"rendered":"Acheter de la m\u00e9ph\u00e9drone 4MMC en ligne"},"content":{"rendered":"<h1>Acheter Mephedrone 4MMC en ligne<\/h1>\n<p>Nous sommes l\u00e0 pour vous aider \u00e0 r\u00e9pondre \u00e0 tous vos besoins et exigences. Entrez facilement en contact avec notre boutique en ligne et faites vos achats en toute tranquillit\u00e9. Vos besoins sont maintenant \u00e0 port\u00e9e de clic. Prenez contact avec nous imm\u00e9diatement ! (Acheter Mephedrone 4MMC)<\/p>\n<p>Acheter de la m\u00e9ph\u00e9drone en ligne<br \/>\nAcheter de la m\u00e9ph\u00e9drone en ligne ; Nous sommes le marchand de r\u00e8gles de m\u00e9ph\u00e9drone aux \u00c9tats-Unis, en Australie et au-del\u00e0, ce qui signifie que nous sommes devenus un distributeur de premier plan de m\u00e9dicaments \u00e0 base de 4-MMC dans le monde entier. Plus de vaporisateurs humides Nous offrons une excellente m\u00e9ph\u00e9drone, \u00e9galement appel\u00e9e 4-m\u00e9thylm\u00e9thcathinone (4-MMC).<\/p>\n<p>Acheter Mephedrone Powder - High Purity Mephedrone and Other Substituted Phenethylamines at Cheapest Prices. Remises disponibles. Livraison rapide dans le monde entier.<\/p>\n<p>Acheter de la poudre de MMC (m\u00e9ph\u00e9drone). La MMC (m\u00e9ph\u00e9drone) est \u00e9galement connue sous le nom de 4-m\u00e9thylm\u00e9thcathinone ou 4-m\u00e9thyl\u00e9ph\u00e9drone.<\/p>\n<p>Commander de la m\u00e9ph\u00e9drone. M-CAT, 4-MMC en ligne. La m\u00e9ph\u00e9drone est une drogue stimulante qui appartient \u00e0 la famille chimique des cathinones. Le Mephedrone Crystal, 4-Methyl Methcathinone Powder est l'une des centaines de drogues de synth\u00e8se ou de drogues l\u00e9gales qui ont \u00e9t\u00e9 signal\u00e9es ces derni\u00e8res ann\u00e9es.<\/p>\n<p><strong>O\u00f9 acheter des sels de bain \u00e0 la m\u00e9ph\u00e9drone<\/strong><br \/>\nInformations sur la m\u00e9ph\u00e9drone La m\u00e9ph\u00e9drone, ou dim\u00e9thylm\u00e9thcathinone, 1- (4-m\u00e9thylph\u00e9nyl) -2-m\u00e9thylaminopropan-1-one, est actuellement disponible au Royaume-Uni, aux \u00c9tats-Unis, en Australie et dans d'autres pays. Les noms choisis sont Mcat, 4-MMC, MM-Cat, Meow ou 4-m\u00e9thylm\u00e9thcathinone. Initialement, la m\u00e9ph\u00e9drone \u00e9tait raffin\u00e9e \u00e0 partir de la plante africaine Khat buy mephedrone. Il s'agit d'un m\u00e9dicament stimulant et entactog\u00e8ne appartenant aux classes de substances de la ph\u00e9n\u00e9thylamine, de l'amph\u00e9tamine et de la cathinone, connu pour produire de l\u00e9g\u00e8res sensations d'eutrophie et pour calmer le d\u00e9sir.<\/p>\n<p><strong>Acheter de la Mephedrone en ligne avec livraison de nuit<\/strong>Comme son cousin \u00e0 base de MDMA, il r\u00e9agit \u00e9galement en cr\u00e9ant de la compassion. La m\u00e9ph\u00e9drone agit sur les synapses comme la coca\u00efne ou l'amph\u00e9tamine, ce qui en fait un outil pr\u00e9cieux pour la recherche. Acheter de la m\u00e9ph\u00e9drone en ligne. La m\u00e9ph\u00e9drone se pr\u00e9sente sous la forme d'une poudre blanche riche, mais aussi de granul\u00e9s.<\/p>\n<p>O\u00f9 acheter de la m\u00e9ph\u00e9drone<br \/>\nBien que la m\u00e9ph\u00e9drone ait fait l'objet d'une utilisation ill\u00e9gale c\u00e9l\u00e8bre dans des conditions r\u00e9cr\u00e9atives, elle est \u00e9galement un nutriment important pour les plantes, comme les sels de bain \u00e0 la m\u00e9ph\u00e9drone. Les limites entre l'usage ill\u00e9gal et l'usage agricole sont floues, ce qui ajoute \u00e0 la perplexit\u00e9.<\/p>\n<p><strong>$ 250 pour 10 grammes<\/strong><\/p>\n<pre><strong>Acheter mephedrone 4MMC en ligne - acheter mephedrone, acheter mephedrone espagne, acheter mephedrone en ligne, O\u00f9 acheter mephedrone, mephedrone plant food, mephedrone plant for sale, acheter 4mmc en ligne, o\u00f9 acheter 4mmc en ligne, 4mmc for sale , Espagne, acheter, en ligne, fournisseurs, livraison s\u00e9curis\u00e9e, Vous pouvez toujours obtenir de la m\u00e9ph\u00e9drone, La m\u00e9ph\u00e9drone est-elle l\u00e9gale en Espagne, acheter de la nourriture pour plantes de m\u00e9ph\u00e9drone en ligne Espagne, comment faire de la nourriture pour plantes avec de la m\u00e9ph\u00e9drone, La m\u00e9ph\u00e9drone est-elle l\u00e9gale en Espagne,<\/strong><\/pre>","protected":false},"excerpt":{"rendered":"<p><strong>Nous sommes l\u00e0 pour vous aider \u00e0 r\u00e9pondre \u00e0 tous vos besoins et exigences. Entrez facilement en contact avec notre boutique en ligne et faites vos achats en toute tranquillit\u00e9. Vos besoins sont maintenant \u00e0 port\u00e9e de clic. Prenez contact avec nous imm\u00e9diatement ! (Acheter Mephedrone 4MMC)<\/strong><\/p>\n<p>Nous fournissons des produits de haute puret\u00e9 avec un syst\u00e8me d&#039;exp\u00e9dition tr\u00e8s bon et discret. Avec une exp\u00e9rience de 12 ans dans la livraison de produits chimiques de recherche\u00a0; nous nous concentrons sur la s\u00e9curit\u00e9.<\/p>\n<pre><strong>Acheter 4MMC Mephedrone en ligne - acheter Mephedrone, acheter 4MMC Mephedrone pr\u00e8s de chez moi, comment acheter 4MMC Mephedrone en ligne, o\u00f9 acheter 4MMC Mephedrone, 4MMC Mephedrone \u00e0 vendre, 4MMC Mephedrone \u00e0 vendre en usa, acheter 4MMC Mephedrone en ligne maintenant, o\u00f9 acheter 4MMC Mephedrone en ligne, 4MMC Mephedrone for sale in usa , USA, canada,uk, buy, online, suppliers, safe delivery, You can still get 4MMC Mephedrone , Is 4MMC Mephedrone legal in usa, buy 4MMC Mephedrone online usa, how to order 4MMC Mephedrone , Is 4MMC Mephedrone in Canada<\/strong><\/pre>","protected":false},"featured_media":10184,"comment_status":"open","ping_status":"closed","template":"","meta":{"_bst_post_transparent":"","_bst_post_title":"","_bst_post_layout":"","_bst_post_sidebar_id":"","_bst_post_content_style":"","_bst_post_vertical_padding":"","_bst_post_feature":"","_bst_post_feature_position":"","_bst_post_header":false,"_bst_post_footer":false},"product_brand":[],"product_cat":[79],"product_tag":[],"product_brands":[],"class_list":{"0":"post-10171","1":"product","2":"type-product","3":"status-publish","4":"has-post-thumbnail","6":"product_cat-research-chemicals-and-bath-salt","8":"first","9":"instock","10":"shipping-taxable","11":"purchasable","12":"product-type-variable","13":"entry","14":"content-bg","15":"loop-entry"},"tiered_pricing_type":"fixed","tiered_pricing_fixed_rules":[],"tiered_pricing_percentage_rules":[],"tiered_pricing_minimum":1,"_administrator_tiered_pricing_type":"fixed","_administrator_tiered_pricing_fixed_rules":[],"_editor_tiered_pricing_type":"fixed","_editor_tiered_pricing_fixed_rules":[],"_author_tiered_pricing_type":"fixed","_author_tiered_pricing_fixed_rules":[],"_contributor_tiered_pricing_type":"fixed","_contributor_tiered_pricing_fixed_rules":[],"_subscriber_tiered_pricing_type":"fixed","_subscriber_tiered_pricing_fixed_rules":[],"_customer_tiered_pricing_type":"fixed","_customer_tiered_pricing_fixed_rules":[],"_shop_manager_tiered_pricing_type":"fixed","_shop_manager_tiered_pricing_fixed_rules":[],"_wpseo_manager_tiered_pricing_type":"fixed","_wpseo_manager_tiered_pricing_fixed_rules":[],"_wpseo_editor_tiered_pricing_type":"fixed","_wpseo_editor_tiered_pricing_fixed_rules":[],"yoast_head":"<!-- This site is optimized with the Yoast SEO plugin v27.2 - https:\/\/yoast.com\/product\/yoast-seo-wordpress\/ -->\n<title>Buy 4MMC Mephedrone online - Cheap price, top quality<\/title>\n<meta name=\"description\" content=\"Buy mephedrone online Online at an affordable price at stonersmeds. All products are lab qualified and have premium quality.\" \/>\n<meta name=\"robots\" content=\"index, follow, max-snippet:-1, max-image-preview:large, max-video-preview:-1\" \/>\n<link rel=\"canonical\" href=\"https:\/\/stonersmeds.com\/fr\/shop\/buy-4mmc-mephedrone-online\/\" \/>\n<meta property=\"og:locale\" content=\"fr_FR\" \/>\n<meta property=\"og:type\" content=\"article\" \/>\n<meta property=\"og:title\" content=\"Buy 4MMC Mephedrone online - Cheap price, top quality\" \/>\n<meta property=\"og:description\" content=\"Buy mephedrone online Online at an affordable price at stonersmeds. All products are lab qualified and have premium quality.\" \/>\n<meta property=\"og:url\" content=\"https:\/\/stonersmeds.com\/fr\/shop\/buy-4mmc-mephedrone-online\/\" \/>\n<meta property=\"og:site_name\" content=\"stonersmeds.com\" \/>\n<meta property=\"article:modified_time\" content=\"2026-03-01T22:40:41+00:00\" \/>\n<meta property=\"og:image\" content=\"https:\/\/stonersmeds.com\/wp-content\/uploads\/2022\/03\/where-can-i-order-mdpv-bath-salts-online.jpg\" \/>\n\t<meta property=\"og:image:width\" content=\"600\" \/>\n\t<meta property=\"og:image:height\" content=\"600\" \/>\n\t<meta property=\"og:image:type\" content=\"image\/jpeg\" \/>\n<meta name=\"twitter:card\" content=\"summary_large_image\" \/>\n<meta name=\"twitter:label1\" content=\"Disponibilit\u00e9\" \/>\n\t<meta name=\"twitter:data1\" content=\"En stock\" \/>\n<script type=\"application\/ld+json\" class=\"yoast-schema-graph\">{\"@context\":\"https:\/\/schema.org\",\"@graph\":[{\"@type\":\"WebPage\",\"@id\":\"https:\/\/stonersmeds.com\/shop\/buy-4mmc-mephedrone-online\/\",\"url\":\"https:\/\/stonersmeds.com\/shop\/buy-4mmc-mephedrone-online\/\",\"name\":\"Buy 4MMC Mephedrone online - Cheap price, top quality\",\"isPartOf\":{\"@id\":\"https:\/\/stonersmeds.com\/#website\"},\"primaryImageOfPage\":{\"@id\":\"https:\/\/stonersmeds.com\/shop\/buy-4mmc-mephedrone-online\/#primaryimage\"},\"image\":{\"@id\":\"https:\/\/stonersmeds.com\/shop\/buy-4mmc-mephedrone-online\/#primaryimage\"},\"thumbnailUrl\":\"https:\/\/stonersmeds.com\/wp-content\/uploads\/2022\/03\/where-can-i-order-mdpv-bath-salts-online.jpg\",\"datePublished\":\"2022-03-12T05:48:30+00:00\",\"dateModified\":\"2026-03-01T22:40:41+00:00\",\"description\":\"Buy mephedrone online Online at an affordable price at stonersmeds. All products are lab qualified and have premium quality.\",\"breadcrumb\":{\"@id\":\"https:\/\/stonersmeds.com\/shop\/buy-4mmc-mephedrone-online\/#breadcrumb\"},\"inLanguage\":\"fr-FR\",\"potentialAction\":[{\"@type\":\"ReadAction\",\"target\":[\"https:\/\/stonersmeds.com\/shop\/buy-4mmc-mephedrone-online\/\"]}]},{\"@type\":\"ImageObject\",\"inLanguage\":\"fr-FR\",\"@id\":\"https:\/\/stonersmeds.com\/shop\/buy-4mmc-mephedrone-online\/#primaryimage\",\"url\":\"https:\/\/stonersmeds.com\/wp-content\/uploads\/2022\/03\/where-can-i-order-mdpv-bath-salts-online.jpg\",\"contentUrl\":\"https:\/\/stonersmeds.com\/wp-content\/uploads\/2022\/03\/where-can-i-order-mdpv-bath-salts-online.jpg\",\"width\":600,\"height\":600},{\"@type\":\"BreadcrumbList\",\"@id\":\"https:\/\/stonersmeds.com\/shop\/buy-4mmc-mephedrone-online\/#breadcrumb\",\"itemListElement\":[{\"@type\":\"ListItem\",\"position\":1,\"name\":\"Home\",\"item\":\"https:\/\/stonersmeds.com\/\"},{\"@type\":\"ListItem\",\"position\":2,\"name\":\"Shop\",\"item\":\"https:\/\/stonersmeds.com\/shop\/\"},{\"@type\":\"ListItem\",\"position\":3,\"name\":\"Buy 4MMC Mephedrone online\"}]},{\"@type\":\"WebSite\",\"@id\":\"https:\/\/stonersmeds.com\/#website\",\"url\":\"https:\/\/stonersmeds.com\/\",\"name\":\"stonersmeds.com\",\"description\":\"verschreibungspflichtige Medizin kaufen\",\"publisher\":{\"@id\":\"https:\/\/stonersmeds.com\/#organization\"},\"alternateName\":\"Research chemical shop\",\"potentialAction\":[{\"@type\":\"SearchAction\",\"target\":{\"@type\":\"EntryPoint\",\"urlTemplate\":\"https:\/\/stonersmeds.com\/?s={search_term_string}\"},\"query-input\":{\"@type\":\"PropertyValueSpecification\",\"valueRequired\":true,\"valueName\":\"search_term_string\"}}],\"inLanguage\":\"fr-FR\"},{\"@type\":\"Organization\",\"@id\":\"https:\/\/stonersmeds.com\/#organization\",\"name\":\"Stonersmeds Shop\",\"url\":\"https:\/\/stonersmeds.com\/\",\"logo\":{\"@type\":\"ImageObject\",\"inLanguage\":\"fr-FR\",\"@id\":\"https:\/\/stonersmeds.com\/#\/schema\/logo\/image\/\",\"url\":\"https:\/\/stonersmeds.com\/wp-content\/uploads\/2026\/02\/high-purity-DMT-powder.jpg\",\"contentUrl\":\"https:\/\/stonersmeds.com\/wp-content\/uploads\/2026\/02\/high-purity-DMT-powder.jpg\",\"width\":500,\"height\":500,\"caption\":\"Stonersmeds Shop\"},\"image\":{\"@id\":\"https:\/\/stonersmeds.com\/#\/schema\/logo\/image\/\"}}]}<\/script>\n<meta property=\"og:availability\" content=\"instock\" \/>\n<meta property=\"product:availability\" content=\"instock\" \/>\n<meta property=\"product:condition\" content=\"new\" \/>\n<!-- \/ Yoast SEO plugin. -->","yoast_head_json":{"title":"Buy 4MMC Mephedrone online - Cheap price, top quality","description":"Acheter mephedrone en ligne \u00e0 un prix abordable chez stonersmeds. Tous les produits sont qualifi\u00e9s en laboratoire et sont de premi\u00e8re qualit\u00e9.","robots":{"index":"index","follow":"follow","max-snippet":"max-snippet:-1","max-image-preview":"max-image-preview:large","max-video-preview":"max-video-preview:-1"},"canonical":"https:\/\/stonersmeds.com\/fr\/shop\/buy-4mmc-mephedrone-online\/","og_locale":"fr_FR","og_type":"article","og_title":"Buy 4MMC Mephedrone online - Cheap price, top quality","og_description":"Buy mephedrone online Online at an affordable price at stonersmeds. All products are lab qualified and have premium quality.","og_url":"https:\/\/stonersmeds.com\/fr\/shop\/buy-4mmc-mephedrone-online\/","og_site_name":"stonersmeds.com","article_modified_time":"2026-03-01T22:40:41+00:00","og_image":[{"width":600,"height":600,"url":"https:\/\/stonersmeds.com\/wp-content\/uploads\/2022\/03\/where-can-i-order-mdpv-bath-salts-online.jpg","type":"image\/jpeg"}],"twitter_card":"summary_large_image","twitter_misc":{"Disponibilit\u00e9":"En stock"},"schema":{"@context":"https:\/\/schema.org","@graph":[{"@type":"WebPage","@id":"https:\/\/stonersmeds.com\/shop\/buy-4mmc-mephedrone-online\/","url":"https:\/\/stonersmeds.com\/shop\/buy-4mmc-mephedrone-online\/","name":"Buy 4MMC Mephedrone online - Cheap price, top quality","isPartOf":{"@id":"https:\/\/stonersmeds.com\/#website"},"primaryImageOfPage":{"@id":"https:\/\/stonersmeds.com\/shop\/buy-4mmc-mephedrone-online\/#primaryimage"},"image":{"@id":"https:\/\/stonersmeds.com\/shop\/buy-4mmc-mephedrone-online\/#primaryimage"},"thumbnailUrl":"https:\/\/stonersmeds.com\/wp-content\/uploads\/2022\/03\/where-can-i-order-mdpv-bath-salts-online.jpg","datePublished":"2022-03-12T05:48:30+00:00","dateModified":"2026-03-01T22:40:41+00:00","description":"Acheter mephedrone en ligne \u00e0 un prix abordable chez stonersmeds. Tous les produits sont qualifi\u00e9s en laboratoire et sont de premi\u00e8re qualit\u00e9.","breadcrumb":{"@id":"https:\/\/stonersmeds.com\/shop\/buy-4mmc-mephedrone-online\/#breadcrumb"},"inLanguage":"fr-FR","potentialAction":[{"@type":"ReadAction","target":["https:\/\/stonersmeds.com\/shop\/buy-4mmc-mephedrone-online\/"]}]},{"@type":"ImageObject","inLanguage":"fr-FR","@id":"https:\/\/stonersmeds.com\/shop\/buy-4mmc-mephedrone-online\/#primaryimage","url":"https:\/\/stonersmeds.com\/wp-content\/uploads\/2022\/03\/where-can-i-order-mdpv-bath-salts-online.jpg","contentUrl":"https:\/\/stonersmeds.com\/wp-content\/uploads\/2022\/03\/where-can-i-order-mdpv-bath-salts-online.jpg","width":600,"height":600},{"@type":"BreadcrumbList","@id":"https:\/\/stonersmeds.com\/shop\/buy-4mmc-mephedrone-online\/#breadcrumb","itemListElement":[{"@type":"ListItem","position":1,"name":"Home","item":"https:\/\/stonersmeds.com\/"},{"@type":"ListItem","position":2,"name":"Shop","item":"https:\/\/stonersmeds.com\/shop\/"},{"@type":"ListItem","position":3,"name":"Buy 4MMC Mephedrone online"}]},{"@type":"WebSite","@id":"https:\/\/stonersmeds.com\/#website","url":"https:\/\/stonersmeds.com\/","name":"stonersmeds.com","description":"m\u00e9dicaments \u00e0 usage unique en vente","publisher":{"@id":"https:\/\/stonersmeds.com\/#organization"},"alternateName":"Research chemical shop","potentialAction":[{"@type":"SearchAction","target":{"@type":"EntryPoint","urlTemplate":"https:\/\/stonersmeds.com\/?s={search_term_string}"},"query-input":{"@type":"PropertyValueSpecification","valueRequired":true,"valueName":"search_term_string"}}],"inLanguage":"fr-FR"},{"@type":"Organization","@id":"https:\/\/stonersmeds.com\/#organization","name":"Stonersmeds Shop","url":"https:\/\/stonersmeds.com\/","logo":{"@type":"ImageObject","inLanguage":"fr-FR","@id":"https:\/\/stonersmeds.com\/#\/schema\/logo\/image\/","url":"https:\/\/stonersmeds.com\/wp-content\/uploads\/2026\/02\/high-purity-DMT-powder.jpg","contentUrl":"https:\/\/stonersmeds.com\/wp-content\/uploads\/2026\/02\/high-purity-DMT-powder.jpg","width":500,"height":500,"caption":"Stonersmeds Shop"},"image":{"@id":"https:\/\/stonersmeds.com\/#\/schema\/logo\/image\/"}}]},"og_availability":"instock","product_availability":"instock","product_condition":"new"},"_links":{"self":[{"href":"https:\/\/stonersmeds.com\/fr\/wp-json\/wp\/v2\/product\/10171","targetHints":{"allow":["GET"]}}],"collection":[{"href":"https:\/\/stonersmeds.com\/fr\/wp-json\/wp\/v2\/product"}],"about":[{"href":"https:\/\/stonersmeds.com\/fr\/wp-json\/wp\/v2\/types\/product"}],"replies":[{"embeddable":true,"href":"https:\/\/stonersmeds.com\/fr\/wp-json\/wp\/v2\/comments?post=10171"}],"version-history":[{"count":0,"href":"https:\/\/stonersmeds.com\/fr\/wp-json\/wp\/v2\/product\/10171\/revisions"}],"wp:featuredmedia":[{"embeddable":true,"href":"https:\/\/stonersmeds.com\/fr\/wp-json\/wp\/v2\/media\/10184"}],"wp:attachment":[{"href":"https:\/\/stonersmeds.com\/fr\/wp-json\/wp\/v2\/media?parent=10171"}],"wp:term":[{"taxonomy":"product_brand","embeddable":true,"href":"https:\/\/stonersmeds.com\/fr\/wp-json\/wp\/v2\/product_brand?post=10171"},{"taxonomy":"product_cat","embeddable":true,"href":"https:\/\/stonersmeds.com\/fr\/wp-json\/wp\/v2\/product_cat?post=10171"},{"taxonomy":"product_tag","embeddable":true,"href":"https:\/\/stonersmeds.com\/fr\/wp-json\/wp\/v2\/product_tag?post=10171"},{"taxonomy":"product_brands","embeddable":true,"href":"https:\/\/stonersmeds.com\/fr\/wp-json\/wp\/v2\/product_brands?post=10171"}],"curies":[{"name":"wp","href":"https:\/\/api.w.org\/{rel}","templated":true}]}}