{"id":10219,"date":"2022-03-12T06:05:09","date_gmt":"2022-03-12T06:05:09","guid":{"rendered":"https:\/\/stonersmeds.com\/?post_type=product&#038;p=10219"},"modified":"2026-02-27T06:50:04","modified_gmt":"2026-02-27T04:50:04","slug":"buy-50mcg-lsd-tablets-online","status":"publish","type":"product","link":"https:\/\/stonersmeds.com\/fr\/shop\/buy-50mcg-lsd-tablets-online\/","title":{"rendered":"Acheter des comprim\u00e9s de LSD de 50 mcg en ligne"},"content":{"rendered":"<h1>Achetez des comprim\u00e9s de LSD de 50 mcg en ligne.<\/h1>\n<p>Achetez des comprim\u00e9s de LSD de 50 mcg en ligne.<\/p>\n<p>Commandez des comprim\u00e9s de LSD ou achetez des comprim\u00e9s de LSD en ligne dans notre boutique de comprim\u00e9s de LSD : Si vous voulez acheter des comprim\u00e9s de LSD de bonne qualit\u00e9, ne cherchez pas plus loin, vous \u00eates au bon endroit. Nos comprim\u00e9s de LSD sont les meilleurs sur le march\u00e9 actuellement.<br \/>\nNom G\u00e9n\u00e9rique : Di\u00e9thylamide de l&#039;acide lysergique<br \/>\nNoms communs ou noms de rue : Le LSD est vendu sous plus de 80 noms de rue, dont acid, blotter, cid, doses, dots et trips, ainsi que des noms qui refl\u00e8tent les dessins sur les feuilles de papier buvard (par exemple, \"purple dragon\").<\/p>\n<p>&nbsp;<\/p>\n<p>&nbsp;<\/p>\n<pre><strong>Acheter des comprim\u00e9s de LSD 50mcg en ligne - acheter des comprim\u00e9s de LSD, acheter des comprim\u00e9s de LSD 50mcg, acheter du LSD 50mcg en ligne, O\u00f9 acheter des comprim\u00e9s de LSD 50mcg, des comprim\u00e9s de LSD 50mcg \u00e0 vendre, des comprim\u00e9s de LSD \u00e0 vendre, acheter des comprim\u00e9s en ligne, o\u00f9 acheter des comprim\u00e9s de LSD 50mcg en ligne, Comprim\u00e9s de LSD de 50 mcg \u00e0 vendre aux \u00c9tats-Unis, \u00c9tats-Unis, Canada, Royaume-Uni, acheter, en ligne, fournisseurs, livraison en toute s\u00e9curit\u00e9, Vous pouvez toujours obtenir des comprim\u00e9s de LSD de 50 mcg, Les comprim\u00e9s de LSD de 50 mcg sont-ils l\u00e9gaux aux \u00c9tats-Unis, acheter des comprim\u00e9s de LSD de 50 mcg en ligne aux \u00c9tats-Unis, comment commander 50 mcg Comprim\u00e9s de LSD , Les comprim\u00e9s de LSD de 50 mcg sont-ils l\u00e9gaux au Canada<\/strong><\/pre>","protected":false},"excerpt":{"rendered":"<p>Real 50mcg LSD tablets online - 50mcg LSD tablets for sale | Buy LSD tablets online | Buy 50mcg LSD tablets for sale| Buy cheap 50mcg LSD tablets | Where to buy 50mcg LSD tablets online.<\/p>\n<pre><strong>Acheter des comprim\u00e9s de LSD 50mcg en ligne - acheter des comprim\u00e9s de LSD, acheter des comprim\u00e9s de LSD 50mcg, acheter du LSD 50mcg en ligne, O\u00f9 acheter des comprim\u00e9s de LSD 50mcg, des comprim\u00e9s de LSD 50mcg \u00e0 vendre, des comprim\u00e9s de LSD \u00e0 vendre, acheter des comprim\u00e9s en ligne, o\u00f9 acheter des comprim\u00e9s de LSD 50mcg en ligne, Comprim\u00e9s de LSD de 50 mcg \u00e0 vendre aux \u00c9tats-Unis, \u00c9tats-Unis, Canada, Royaume-Uni, acheter, en ligne, fournisseurs, livraison en toute s\u00e9curit\u00e9, Vous pouvez toujours obtenir des comprim\u00e9s de LSD de 50 mcg, Les comprim\u00e9s de LSD de 50 mcg sont-ils l\u00e9gaux aux \u00c9tats-Unis, acheter des comprim\u00e9s de LSD de 50 mcg en ligne aux \u00c9tats-Unis, comment commander 50 mcg Comprim\u00e9s de LSD , Les comprim\u00e9s de LSD de 50 mcg sont-ils l\u00e9gaux au Canada<\/strong><\/pre>","protected":false},"featured_media":10225,"comment_status":"open","ping_status":"closed","template":"","meta":{"_bst_post_transparent":"","_bst_post_title":"","_bst_post_layout":"","_bst_post_sidebar_id":"","_bst_post_content_style":"","_bst_post_vertical_padding":"","_bst_post_feature":"","_bst_post_feature_position":"","_bst_post_header":false,"_bst_post_footer":false},"product_brand":[],"product_cat":[79],"product_tag":[],"product_brands":[],"class_list":{"0":"post-10219","1":"product","2":"type-product","3":"status-publish","4":"has-post-thumbnail","6":"product_cat-research-chemicals-and-bath-salt","8":"first","9":"instock","10":"shipping-taxable","11":"purchasable","12":"product-type-variable","13":"entry","14":"content-bg","15":"loop-entry"},"tiered_pricing_type":"fixed","tiered_pricing_fixed_rules":[],"tiered_pricing_percentage_rules":[],"tiered_pricing_minimum":1,"_administrator_tiered_pricing_type":"fixed","_administrator_tiered_pricing_fixed_rules":[],"_editor_tiered_pricing_type":"fixed","_editor_tiered_pricing_fixed_rules":[],"_author_tiered_pricing_type":"fixed","_author_tiered_pricing_fixed_rules":[],"_contributor_tiered_pricing_type":"fixed","_contributor_tiered_pricing_fixed_rules":[],"_subscriber_tiered_pricing_type":"fixed","_subscriber_tiered_pricing_fixed_rules":[],"_customer_tiered_pricing_type":"fixed","_customer_tiered_pricing_fixed_rules":[],"_shop_manager_tiered_pricing_type":"fixed","_shop_manager_tiered_pricing_fixed_rules":[],"_wpseo_manager_tiered_pricing_type":"fixed","_wpseo_manager_tiered_pricing_fixed_rules":[],"_wpseo_editor_tiered_pricing_type":"fixed","_wpseo_editor_tiered_pricing_fixed_rules":[],"yoast_head":"<!-- This site is optimized with the Yoast SEO plugin v27.2 - https:\/\/yoast.com\/product\/yoast-seo-wordpress\/ -->\n<title>Buy 50mcg LSD tablets online - Cheap price, top quality<\/title>\n<meta name=\"description\" content=\"Buy 50mcg LSD tablets Online at an affordable price at stonersmeds. All products are lab qualified and have premium quality.\" \/>\n<meta name=\"robots\" content=\"index, follow, max-snippet:-1, max-image-preview:large, max-video-preview:-1\" \/>\n<link rel=\"canonical\" href=\"https:\/\/stonersmeds.com\/fr\/shop\/buy-50mcg-lsd-tablets-online\/\" \/>\n<meta property=\"og:locale\" content=\"fr_FR\" \/>\n<meta property=\"og:type\" content=\"article\" \/>\n<meta property=\"og:title\" content=\"Buy 50mcg LSD tablets online - Cheap price, top quality\" \/>\n<meta property=\"og:description\" content=\"Buy 50mcg LSD tablets Online at an affordable price at stonersmeds. All products are lab qualified and have premium quality.\" \/>\n<meta property=\"og:url\" content=\"https:\/\/stonersmeds.com\/fr\/shop\/buy-50mcg-lsd-tablets-online\/\" \/>\n<meta property=\"og:site_name\" content=\"stonersmeds.com\" \/>\n<meta property=\"article:modified_time\" content=\"2026-02-27T04:50:04+00:00\" \/>\n<meta property=\"og:image\" content=\"https:\/\/stonersmeds.com\/wp-content\/uploads\/2022\/03\/buy-50mcg-lsd-tablets-online.jpg\" \/>\n\t<meta property=\"og:image:width\" content=\"600\" \/>\n\t<meta property=\"og:image:height\" content=\"600\" \/>\n\t<meta property=\"og:image:type\" content=\"image\/jpeg\" \/>\n<meta name=\"twitter:card\" content=\"summary_large_image\" \/>\n<meta name=\"twitter:label1\" content=\"Disponibilit\u00e9\" \/>\n\t<meta name=\"twitter:data1\" content=\"En stock\" \/>\n<script type=\"application\/ld+json\" class=\"yoast-schema-graph\">{\"@context\":\"https:\/\/schema.org\",\"@graph\":[{\"@type\":\"WebPage\",\"@id\":\"https:\/\/stonersmeds.com\/shop\/buy-50mcg-lsd-tablets-online\/\",\"url\":\"https:\/\/stonersmeds.com\/shop\/buy-50mcg-lsd-tablets-online\/\",\"name\":\"Buy 50mcg LSD tablets online - Cheap price, top quality\",\"isPartOf\":{\"@id\":\"https:\/\/stonersmeds.com\/#website\"},\"primaryImageOfPage\":{\"@id\":\"https:\/\/stonersmeds.com\/shop\/buy-50mcg-lsd-tablets-online\/#primaryimage\"},\"image\":{\"@id\":\"https:\/\/stonersmeds.com\/shop\/buy-50mcg-lsd-tablets-online\/#primaryimage\"},\"thumbnailUrl\":\"https:\/\/stonersmeds.com\/wp-content\/uploads\/2022\/03\/buy-50mcg-lsd-tablets-online.jpg\",\"datePublished\":\"2022-03-12T06:05:09+00:00\",\"dateModified\":\"2026-02-27T04:50:04+00:00\",\"description\":\"Buy 50mcg LSD tablets Online at an affordable price at stonersmeds. All products are lab qualified and have premium quality.\",\"breadcrumb\":{\"@id\":\"https:\/\/stonersmeds.com\/shop\/buy-50mcg-lsd-tablets-online\/#breadcrumb\"},\"inLanguage\":\"fr-FR\",\"potentialAction\":[{\"@type\":\"ReadAction\",\"target\":[\"https:\/\/stonersmeds.com\/shop\/buy-50mcg-lsd-tablets-online\/\"]}]},{\"@type\":\"ImageObject\",\"inLanguage\":\"fr-FR\",\"@id\":\"https:\/\/stonersmeds.com\/shop\/buy-50mcg-lsd-tablets-online\/#primaryimage\",\"url\":\"https:\/\/stonersmeds.com\/wp-content\/uploads\/2022\/03\/buy-50mcg-lsd-tablets-online.jpg\",\"contentUrl\":\"https:\/\/stonersmeds.com\/wp-content\/uploads\/2022\/03\/buy-50mcg-lsd-tablets-online.jpg\",\"width\":600,\"height\":600},{\"@type\":\"BreadcrumbList\",\"@id\":\"https:\/\/stonersmeds.com\/shop\/buy-50mcg-lsd-tablets-online\/#breadcrumb\",\"itemListElement\":[{\"@type\":\"ListItem\",\"position\":1,\"name\":\"Home\",\"item\":\"https:\/\/stonersmeds.com\/\"},{\"@type\":\"ListItem\",\"position\":2,\"name\":\"Shop\",\"item\":\"https:\/\/stonersmeds.com\/shop\/\"},{\"@type\":\"ListItem\",\"position\":3,\"name\":\"Buy 50mcg LSD tablets online\"}]},{\"@type\":\"WebSite\",\"@id\":\"https:\/\/stonersmeds.com\/#website\",\"url\":\"https:\/\/stonersmeds.com\/\",\"name\":\"stonersmeds.com\",\"description\":\"verschreibungspflichtige Medizin kaufen\",\"publisher\":{\"@id\":\"https:\/\/stonersmeds.com\/#organization\"},\"alternateName\":\"Research chemical shop\",\"potentialAction\":[{\"@type\":\"SearchAction\",\"target\":{\"@type\":\"EntryPoint\",\"urlTemplate\":\"https:\/\/stonersmeds.com\/?s={search_term_string}\"},\"query-input\":{\"@type\":\"PropertyValueSpecification\",\"valueRequired\":true,\"valueName\":\"search_term_string\"}}],\"inLanguage\":\"fr-FR\"},{\"@type\":\"Organization\",\"@id\":\"https:\/\/stonersmeds.com\/#organization\",\"name\":\"Stonersmeds Shop\",\"url\":\"https:\/\/stonersmeds.com\/\",\"logo\":{\"@type\":\"ImageObject\",\"inLanguage\":\"fr-FR\",\"@id\":\"https:\/\/stonersmeds.com\/#\/schema\/logo\/image\/\",\"url\":\"https:\/\/stonersmeds.com\/wp-content\/uploads\/2026\/02\/high-purity-DMT-powder.jpg\",\"contentUrl\":\"https:\/\/stonersmeds.com\/wp-content\/uploads\/2026\/02\/high-purity-DMT-powder.jpg\",\"width\":500,\"height\":500,\"caption\":\"Stonersmeds Shop\"},\"image\":{\"@id\":\"https:\/\/stonersmeds.com\/#\/schema\/logo\/image\/\"}}]}<\/script>\n<meta property=\"og:availability\" content=\"instock\" \/>\n<meta property=\"product:availability\" content=\"instock\" \/>\n<meta property=\"product:condition\" content=\"new\" \/>\n<!-- \/ Yoast SEO plugin. -->","yoast_head_json":{"title":"Acheter des comprim\u00e9s de LSD 50mcg en ligne - Prix bon march\u00e9, qualit\u00e9 sup\u00e9rieure","description":"Achetez des comprim\u00e9s de LSD de 50 mcg en ligne \u00e0 un prix abordable chez stonersmeds. Tous les produits sont qualifi\u00e9s en laboratoire et ont une qualit\u00e9 sup\u00e9rieure.","robots":{"index":"index","follow":"follow","max-snippet":"max-snippet:-1","max-image-preview":"max-image-preview:large","max-video-preview":"max-video-preview:-1"},"canonical":"https:\/\/stonersmeds.com\/fr\/shop\/buy-50mcg-lsd-tablets-online\/","og_locale":"fr_FR","og_type":"article","og_title":"Buy 50mcg LSD tablets online - Cheap price, top quality","og_description":"Buy 50mcg LSD tablets Online at an affordable price at stonersmeds. All products are lab qualified and have premium quality.","og_url":"https:\/\/stonersmeds.com\/fr\/shop\/buy-50mcg-lsd-tablets-online\/","og_site_name":"stonersmeds.com","article_modified_time":"2026-02-27T04:50:04+00:00","og_image":[{"width":600,"height":600,"url":"https:\/\/stonersmeds.com\/wp-content\/uploads\/2022\/03\/buy-50mcg-lsd-tablets-online.jpg","type":"image\/jpeg"}],"twitter_card":"summary_large_image","twitter_misc":{"Disponibilit\u00e9":"En stock"},"schema":{"@context":"https:\/\/schema.org","@graph":[{"@type":"WebPage","@id":"https:\/\/stonersmeds.com\/shop\/buy-50mcg-lsd-tablets-online\/","url":"https:\/\/stonersmeds.com\/shop\/buy-50mcg-lsd-tablets-online\/","name":"Acheter des comprim\u00e9s de LSD 50mcg en ligne - Prix bon march\u00e9, qualit\u00e9 sup\u00e9rieure","isPartOf":{"@id":"https:\/\/stonersmeds.com\/#website"},"primaryImageOfPage":{"@id":"https:\/\/stonersmeds.com\/shop\/buy-50mcg-lsd-tablets-online\/#primaryimage"},"image":{"@id":"https:\/\/stonersmeds.com\/shop\/buy-50mcg-lsd-tablets-online\/#primaryimage"},"thumbnailUrl":"https:\/\/stonersmeds.com\/wp-content\/uploads\/2022\/03\/buy-50mcg-lsd-tablets-online.jpg","datePublished":"2022-03-12T06:05:09+00:00","dateModified":"2026-02-27T04:50:04+00:00","description":"Achetez des comprim\u00e9s de LSD de 50 mcg en ligne \u00e0 un prix abordable chez stonersmeds. Tous les produits sont qualifi\u00e9s en laboratoire et ont une qualit\u00e9 sup\u00e9rieure.","breadcrumb":{"@id":"https:\/\/stonersmeds.com\/shop\/buy-50mcg-lsd-tablets-online\/#breadcrumb"},"inLanguage":"fr-FR","potentialAction":[{"@type":"ReadAction","target":["https:\/\/stonersmeds.com\/shop\/buy-50mcg-lsd-tablets-online\/"]}]},{"@type":"ImageObject","inLanguage":"fr-FR","@id":"https:\/\/stonersmeds.com\/shop\/buy-50mcg-lsd-tablets-online\/#primaryimage","url":"https:\/\/stonersmeds.com\/wp-content\/uploads\/2022\/03\/buy-50mcg-lsd-tablets-online.jpg","contentUrl":"https:\/\/stonersmeds.com\/wp-content\/uploads\/2022\/03\/buy-50mcg-lsd-tablets-online.jpg","width":600,"height":600},{"@type":"BreadcrumbList","@id":"https:\/\/stonersmeds.com\/shop\/buy-50mcg-lsd-tablets-online\/#breadcrumb","itemListElement":[{"@type":"ListItem","position":1,"name":"Home","item":"https:\/\/stonersmeds.com\/"},{"@type":"ListItem","position":2,"name":"Shop","item":"https:\/\/stonersmeds.com\/shop\/"},{"@type":"ListItem","position":3,"name":"Buy 50mcg LSD tablets online"}]},{"@type":"WebSite","@id":"https:\/\/stonersmeds.com\/#website","url":"https:\/\/stonersmeds.com\/","name":"stonersmeds.com","description":"m\u00e9dicaments \u00e0 usage unique en vente","publisher":{"@id":"https:\/\/stonersmeds.com\/#organization"},"alternateName":"Research chemical shop","potentialAction":[{"@type":"SearchAction","target":{"@type":"EntryPoint","urlTemplate":"https:\/\/stonersmeds.com\/?s={search_term_string}"},"query-input":{"@type":"PropertyValueSpecification","valueRequired":true,"valueName":"search_term_string"}}],"inLanguage":"fr-FR"},{"@type":"Organization","@id":"https:\/\/stonersmeds.com\/#organization","name":"Stonersmeds Shop","url":"https:\/\/stonersmeds.com\/","logo":{"@type":"ImageObject","inLanguage":"fr-FR","@id":"https:\/\/stonersmeds.com\/#\/schema\/logo\/image\/","url":"https:\/\/stonersmeds.com\/wp-content\/uploads\/2026\/02\/high-purity-DMT-powder.jpg","contentUrl":"https:\/\/stonersmeds.com\/wp-content\/uploads\/2026\/02\/high-purity-DMT-powder.jpg","width":500,"height":500,"caption":"Stonersmeds Shop"},"image":{"@id":"https:\/\/stonersmeds.com\/#\/schema\/logo\/image\/"}}]},"og_availability":"instock","product_availability":"instock","product_condition":"new"},"_links":{"self":[{"href":"https:\/\/stonersmeds.com\/fr\/wp-json\/wp\/v2\/product\/10219","targetHints":{"allow":["GET"]}}],"collection":[{"href":"https:\/\/stonersmeds.com\/fr\/wp-json\/wp\/v2\/product"}],"about":[{"href":"https:\/\/stonersmeds.com\/fr\/wp-json\/wp\/v2\/types\/product"}],"replies":[{"embeddable":true,"href":"https:\/\/stonersmeds.com\/fr\/wp-json\/wp\/v2\/comments?post=10219"}],"version-history":[{"count":0,"href":"https:\/\/stonersmeds.com\/fr\/wp-json\/wp\/v2\/product\/10219\/revisions"}],"wp:featuredmedia":[{"embeddable":true,"href":"https:\/\/stonersmeds.com\/fr\/wp-json\/wp\/v2\/media\/10225"}],"wp:attachment":[{"href":"https:\/\/stonersmeds.com\/fr\/wp-json\/wp\/v2\/media?parent=10219"}],"wp:term":[{"taxonomy":"product_brand","embeddable":true,"href":"https:\/\/stonersmeds.com\/fr\/wp-json\/wp\/v2\/product_brand?post=10219"},{"taxonomy":"product_cat","embeddable":true,"href":"https:\/\/stonersmeds.com\/fr\/wp-json\/wp\/v2\/product_cat?post=10219"},{"taxonomy":"product_tag","embeddable":true,"href":"https:\/\/stonersmeds.com\/fr\/wp-json\/wp\/v2\/product_tag?post=10219"},{"taxonomy":"product_brands","embeddable":true,"href":"https:\/\/stonersmeds.com\/fr\/wp-json\/wp\/v2\/product_brands?post=10219"}],"curies":[{"name":"wp","href":"https:\/\/api.w.org\/{rel}","templated":true}]}}