{"id":10646,"date":"2022-03-12T09:03:00","date_gmt":"2022-03-12T09:03:00","guid":{"rendered":"https:\/\/stonersmeds.com\/?post_type=product&#038;p=10646"},"modified":"2026-02-26T09:50:34","modified_gmt":"2026-02-26T07:50:34","slug":"buy-mdpv-online","status":"publish","type":"product","link":"https:\/\/stonersmeds.com\/fr\/shop\/buy-mdpv-online\/","title":{"rendered":"Acheter MDPV en ligne"},"content":{"rendered":"<p>Acheter MDPV en ligne<\/p>\n<p>Achetez du MDPV en ligne pour votre usage personnel ou pour la revente. Nous pouvons vous assurer que notre MDPV \u00e0 vendre est la meilleure qualit\u00e9 de poudre de MDPV sur le march\u00e9 en ce moment. Nous offrons une livraison discr\u00e8te et des m\u00e9thodes de paiement s\u00e9curis\u00e9es comme western union, moneygram et bitcoins. Nous proposons \u00e9galement \u00e0 la vente de nombreux autres produits chimiques de recherche comme le JWH-018. Il est \u00e0 noter que nous ne sommes pas responsables de la fa\u00e7on dont chaque client utilise notre MDPV for sale USA.<\/p>\n<p>&nbsp;<\/p>\n<p>&nbsp;<\/p>\n<pre><strong>Acheter MDPV en ligne - acheter MDPV, acheter MDPV usa, acheter MDPV en ligne USA, O\u00f9 acheter MDPV, MDPV \u00e0 vendre, MDPV \u00e0 vendre pr\u00e8s de chez moi, acheter MDPV en ligne pr\u00e8s de chez moi, o\u00f9 acheter MDPV en ligne, MDPV \u00e0 vendre aux Etats-Unis, USA , canada, royaume-uni, acheter, en ligne, fournisseurs, livraison en toute s\u00e9curit\u00e9, Vous pouvez toujours obtenir MDPV, MDPV est-il l\u00e9gal aux \u00c9tats-Unis, acheter MDPV en ligne aux \u00c9tats-Unis, comment commander MDPV, MDPV est-il l\u00e9gal au Canada<\/strong><\/pre>","protected":false},"excerpt":{"rendered":"<p>y MDPV en ligne ici sur casadelamedicina.es. L&#039;achat de produits chimiques de recherche en ligne est tr\u00e8s difficile. Mais nous pouvons fournir des MDPV de qualit\u00e9 sup\u00e9rieure \u00e0 vendre \u00e0 des prix tr\u00e8s bas. Rien de bon n&#039;arrive facilement et il nous faut beaucoup de travail pour avoir le MDPV de la meilleure qualit\u00e9 \u00e0 vendre.<\/p>\n<pre><strong>Acheter MDPV en ligne - acheter MDPV, acheter MDPV usa, acheter MDPV en ligne USA, O\u00f9 acheter MDPV, MDPV \u00e0 vendre, MDPV \u00e0 vendre pr\u00e8s de chez moi, acheter MDPV en ligne pr\u00e8s de chez moi, o\u00f9 acheter MDPV en ligne, MDPV \u00e0 vendre aux Etats-Unis, USA , canada, royaume-uni, acheter, en ligne, fournisseurs, livraison en toute s\u00e9curit\u00e9, Vous pouvez toujours obtenir MDPV, MDPV est-il l\u00e9gal aux \u00c9tats-Unis, acheter MDPV en ligne aux \u00c9tats-Unis, comment commander MDPV, MDPV est-il l\u00e9gal au Canada<\/strong><\/pre>","protected":false},"featured_media":10656,"comment_status":"open","ping_status":"closed","template":"","meta":{"_bst_post_transparent":"","_bst_post_title":"","_bst_post_layout":"","_bst_post_sidebar_id":"","_bst_post_content_style":"","_bst_post_vertical_padding":"","_bst_post_feature":"","_bst_post_feature_position":"","_bst_post_header":false,"_bst_post_footer":false},"product_brand":[],"product_cat":[79],"product_tag":[384,390,386,385,395,396,394,388,392,389,387,391,393],"product_brands":[],"class_list":{"0":"post-10646","1":"product","2":"type-product","3":"status-publish","4":"has-post-thumbnail","6":"product_cat-research-chemicals-and-bath-salt","7":"product_tag-buy-mdpv","8":"product_tag-buy-mdpv-online-near-me","9":"product_tag-buy-mdpv-online-usa","10":"product_tag-buy-mdpv-usa","11":"product_tag-how-to-order-mdpv","12":"product_tag-is-mdpv-legal-in-canada","13":"product_tag-is-mdpv-legal-in-usa","14":"product_tag-mdpv-for-sale","15":"product_tag-mdpv-for-sale-in-usa","16":"product_tag-mdpv-for-sale-near-me","17":"product_tag-where-to-buy-mdpv","18":"product_tag-where-to-buy-mdpv-online","19":"product_tag-you-can-still-get-mdpv","21":"first","22":"instock","23":"shipping-taxable","24":"purchasable","25":"product-type-variable","26":"entry","27":"content-bg","28":"loop-entry"},"tiered_pricing_type":"fixed","tiered_pricing_fixed_rules":[],"tiered_pricing_percentage_rules":[],"tiered_pricing_minimum":1,"_administrator_tiered_pricing_type":"fixed","_administrator_tiered_pricing_fixed_rules":[],"_editor_tiered_pricing_type":"fixed","_editor_tiered_pricing_fixed_rules":[],"_author_tiered_pricing_type":"fixed","_author_tiered_pricing_fixed_rules":[],"_contributor_tiered_pricing_type":"fixed","_contributor_tiered_pricing_fixed_rules":[],"_subscriber_tiered_pricing_type":"fixed","_subscriber_tiered_pricing_fixed_rules":[],"_customer_tiered_pricing_type":"fixed","_customer_tiered_pricing_fixed_rules":[],"_shop_manager_tiered_pricing_type":"fixed","_shop_manager_tiered_pricing_fixed_rules":[],"_wpseo_manager_tiered_pricing_type":"fixed","_wpseo_manager_tiered_pricing_fixed_rules":[],"_wpseo_editor_tiered_pricing_type":"fixed","_wpseo_editor_tiered_pricing_fixed_rules":[],"yoast_head":"<!-- This site is optimized with the Yoast SEO plugin v27.2 - https:\/\/yoast.com\/product\/yoast-seo-wordpress\/ -->\n<title>Buy MDPV online - Cheap price, Grade A++<\/title>\n<meta name=\"description\" content=\"Buy MDPV online Online at an affordable price at stonersmeds. All products are lab qualified and have premium quality.\" \/>\n<meta name=\"robots\" content=\"index, follow, max-snippet:-1, max-image-preview:large, max-video-preview:-1\" \/>\n<link rel=\"canonical\" href=\"https:\/\/stonersmeds.com\/fr\/shop\/buy-mdpv-online\/\" \/>\n<meta property=\"og:locale\" content=\"fr_FR\" \/>\n<meta property=\"og:type\" content=\"article\" \/>\n<meta property=\"og:title\" content=\"Buy MDPV online - Cheap price, Grade A++\" \/>\n<meta property=\"og:description\" content=\"Buy MDPV online Online at an affordable price at stonersmeds. All products are lab qualified and have premium quality.\" \/>\n<meta property=\"og:url\" content=\"https:\/\/stonersmeds.com\/fr\/shop\/buy-mdpv-online\/\" \/>\n<meta property=\"og:site_name\" content=\"stonersmeds.com\" \/>\n<meta property=\"article:modified_time\" content=\"2026-02-26T07:50:34+00:00\" \/>\n<meta property=\"og:image\" content=\"https:\/\/stonersmeds.com\/wp-content\/uploads\/2022\/03\/buy-mdpv-online.jpg\" \/>\n\t<meta property=\"og:image:width\" content=\"600\" \/>\n\t<meta property=\"og:image:height\" content=\"600\" \/>\n\t<meta property=\"og:image:type\" content=\"image\/jpeg\" \/>\n<meta name=\"twitter:card\" content=\"summary_large_image\" \/>\n<meta name=\"twitter:label1\" content=\"Disponibilit\u00e9\" \/>\n\t<meta name=\"twitter:data1\" content=\"En stock\" \/>\n<script type=\"application\/ld+json\" class=\"yoast-schema-graph\">{\"@context\":\"https:\/\/schema.org\",\"@graph\":[{\"@type\":\"WebPage\",\"@id\":\"https:\/\/stonersmeds.com\/shop\/buy-mdpv-online\/\",\"url\":\"https:\/\/stonersmeds.com\/shop\/buy-mdpv-online\/\",\"name\":\"Buy MDPV online - Cheap price, Grade A++\",\"isPartOf\":{\"@id\":\"https:\/\/stonersmeds.com\/#website\"},\"primaryImageOfPage\":{\"@id\":\"https:\/\/stonersmeds.com\/shop\/buy-mdpv-online\/#primaryimage\"},\"image\":{\"@id\":\"https:\/\/stonersmeds.com\/shop\/buy-mdpv-online\/#primaryimage\"},\"thumbnailUrl\":\"https:\/\/stonersmeds.com\/wp-content\/uploads\/2022\/03\/buy-mdpv-online.jpg\",\"datePublished\":\"2022-03-12T09:03:00+00:00\",\"dateModified\":\"2026-02-26T07:50:34+00:00\",\"description\":\"Buy MDPV online Online at an affordable price at stonersmeds. All products are lab qualified and have premium quality.\",\"breadcrumb\":{\"@id\":\"https:\/\/stonersmeds.com\/shop\/buy-mdpv-online\/#breadcrumb\"},\"inLanguage\":\"fr-FR\",\"potentialAction\":[{\"@type\":\"ReadAction\",\"target\":[\"https:\/\/stonersmeds.com\/shop\/buy-mdpv-online\/\"]}]},{\"@type\":\"ImageObject\",\"inLanguage\":\"fr-FR\",\"@id\":\"https:\/\/stonersmeds.com\/shop\/buy-mdpv-online\/#primaryimage\",\"url\":\"https:\/\/stonersmeds.com\/wp-content\/uploads\/2022\/03\/buy-mdpv-online.jpg\",\"contentUrl\":\"https:\/\/stonersmeds.com\/wp-content\/uploads\/2022\/03\/buy-mdpv-online.jpg\",\"width\":600,\"height\":600},{\"@type\":\"BreadcrumbList\",\"@id\":\"https:\/\/stonersmeds.com\/shop\/buy-mdpv-online\/#breadcrumb\",\"itemListElement\":[{\"@type\":\"ListItem\",\"position\":1,\"name\":\"Home\",\"item\":\"https:\/\/stonersmeds.com\/\"},{\"@type\":\"ListItem\",\"position\":2,\"name\":\"Shop\",\"item\":\"https:\/\/stonersmeds.com\/shop\/\"},{\"@type\":\"ListItem\",\"position\":3,\"name\":\"Buy MDPV online\"}]},{\"@type\":\"WebSite\",\"@id\":\"https:\/\/stonersmeds.com\/#website\",\"url\":\"https:\/\/stonersmeds.com\/\",\"name\":\"stonersmeds.com\",\"description\":\"verschreibungspflichtige Medizin kaufen\",\"publisher\":{\"@id\":\"https:\/\/stonersmeds.com\/#organization\"},\"alternateName\":\"Research chemical shop\",\"potentialAction\":[{\"@type\":\"SearchAction\",\"target\":{\"@type\":\"EntryPoint\",\"urlTemplate\":\"https:\/\/stonersmeds.com\/?s={search_term_string}\"},\"query-input\":{\"@type\":\"PropertyValueSpecification\",\"valueRequired\":true,\"valueName\":\"search_term_string\"}}],\"inLanguage\":\"fr-FR\"},{\"@type\":\"Organization\",\"@id\":\"https:\/\/stonersmeds.com\/#organization\",\"name\":\"Stonersmeds Shop\",\"url\":\"https:\/\/stonersmeds.com\/\",\"logo\":{\"@type\":\"ImageObject\",\"inLanguage\":\"fr-FR\",\"@id\":\"https:\/\/stonersmeds.com\/#\/schema\/logo\/image\/\",\"url\":\"https:\/\/stonersmeds.com\/wp-content\/uploads\/2026\/02\/high-purity-DMT-powder.jpg\",\"contentUrl\":\"https:\/\/stonersmeds.com\/wp-content\/uploads\/2026\/02\/high-purity-DMT-powder.jpg\",\"width\":500,\"height\":500,\"caption\":\"Stonersmeds Shop\"},\"image\":{\"@id\":\"https:\/\/stonersmeds.com\/#\/schema\/logo\/image\/\"}}]}<\/script>\n<meta property=\"og:availability\" content=\"instock\" \/>\n<meta property=\"product:availability\" content=\"instock\" \/>\n<meta property=\"product:condition\" content=\"new\" \/>\n<!-- \/ Yoast SEO plugin. -->","yoast_head_json":{"title":"Acheter MDPV en ligne - Prix pas cher, Grade A++","description":"Achetez MDPV en ligne en ligne \u00e0 un prix abordable chez stonersmeds. Tous les produits sont qualifi\u00e9s en laboratoire et ont une qualit\u00e9 sup\u00e9rieure.","robots":{"index":"index","follow":"follow","max-snippet":"max-snippet:-1","max-image-preview":"max-image-preview:large","max-video-preview":"max-video-preview:-1"},"canonical":"https:\/\/stonersmeds.com\/fr\/shop\/buy-mdpv-online\/","og_locale":"fr_FR","og_type":"article","og_title":"Buy MDPV online - Cheap price, Grade A++","og_description":"Buy MDPV online Online at an affordable price at stonersmeds. All products are lab qualified and have premium quality.","og_url":"https:\/\/stonersmeds.com\/fr\/shop\/buy-mdpv-online\/","og_site_name":"stonersmeds.com","article_modified_time":"2026-02-26T07:50:34+00:00","og_image":[{"width":600,"height":600,"url":"https:\/\/stonersmeds.com\/wp-content\/uploads\/2022\/03\/buy-mdpv-online.jpg","type":"image\/jpeg"}],"twitter_card":"summary_large_image","twitter_misc":{"Disponibilit\u00e9":"En stock"},"schema":{"@context":"https:\/\/schema.org","@graph":[{"@type":"WebPage","@id":"https:\/\/stonersmeds.com\/shop\/buy-mdpv-online\/","url":"https:\/\/stonersmeds.com\/shop\/buy-mdpv-online\/","name":"Acheter MDPV en ligne - Prix pas cher, Grade A++","isPartOf":{"@id":"https:\/\/stonersmeds.com\/#website"},"primaryImageOfPage":{"@id":"https:\/\/stonersmeds.com\/shop\/buy-mdpv-online\/#primaryimage"},"image":{"@id":"https:\/\/stonersmeds.com\/shop\/buy-mdpv-online\/#primaryimage"},"thumbnailUrl":"https:\/\/stonersmeds.com\/wp-content\/uploads\/2022\/03\/buy-mdpv-online.jpg","datePublished":"2022-03-12T09:03:00+00:00","dateModified":"2026-02-26T07:50:34+00:00","description":"Achetez MDPV en ligne en ligne \u00e0 un prix abordable chez stonersmeds. Tous les produits sont qualifi\u00e9s en laboratoire et ont une qualit\u00e9 sup\u00e9rieure.","breadcrumb":{"@id":"https:\/\/stonersmeds.com\/shop\/buy-mdpv-online\/#breadcrumb"},"inLanguage":"fr-FR","potentialAction":[{"@type":"ReadAction","target":["https:\/\/stonersmeds.com\/shop\/buy-mdpv-online\/"]}]},{"@type":"ImageObject","inLanguage":"fr-FR","@id":"https:\/\/stonersmeds.com\/shop\/buy-mdpv-online\/#primaryimage","url":"https:\/\/stonersmeds.com\/wp-content\/uploads\/2022\/03\/buy-mdpv-online.jpg","contentUrl":"https:\/\/stonersmeds.com\/wp-content\/uploads\/2022\/03\/buy-mdpv-online.jpg","width":600,"height":600},{"@type":"BreadcrumbList","@id":"https:\/\/stonersmeds.com\/shop\/buy-mdpv-online\/#breadcrumb","itemListElement":[{"@type":"ListItem","position":1,"name":"Home","item":"https:\/\/stonersmeds.com\/"},{"@type":"ListItem","position":2,"name":"Shop","item":"https:\/\/stonersmeds.com\/shop\/"},{"@type":"ListItem","position":3,"name":"Buy MDPV online"}]},{"@type":"WebSite","@id":"https:\/\/stonersmeds.com\/#website","url":"https:\/\/stonersmeds.com\/","name":"stonersmeds.com","description":"m\u00e9dicaments \u00e0 usage unique en vente","publisher":{"@id":"https:\/\/stonersmeds.com\/#organization"},"alternateName":"Research chemical shop","potentialAction":[{"@type":"SearchAction","target":{"@type":"EntryPoint","urlTemplate":"https:\/\/stonersmeds.com\/?s={search_term_string}"},"query-input":{"@type":"PropertyValueSpecification","valueRequired":true,"valueName":"search_term_string"}}],"inLanguage":"fr-FR"},{"@type":"Organization","@id":"https:\/\/stonersmeds.com\/#organization","name":"Stonersmeds Shop","url":"https:\/\/stonersmeds.com\/","logo":{"@type":"ImageObject","inLanguage":"fr-FR","@id":"https:\/\/stonersmeds.com\/#\/schema\/logo\/image\/","url":"https:\/\/stonersmeds.com\/wp-content\/uploads\/2026\/02\/high-purity-DMT-powder.jpg","contentUrl":"https:\/\/stonersmeds.com\/wp-content\/uploads\/2026\/02\/high-purity-DMT-powder.jpg","width":500,"height":500,"caption":"Stonersmeds Shop"},"image":{"@id":"https:\/\/stonersmeds.com\/#\/schema\/logo\/image\/"}}]},"og_availability":"instock","product_availability":"instock","product_condition":"new"},"_links":{"self":[{"href":"https:\/\/stonersmeds.com\/fr\/wp-json\/wp\/v2\/product\/10646","targetHints":{"allow":["GET"]}}],"collection":[{"href":"https:\/\/stonersmeds.com\/fr\/wp-json\/wp\/v2\/product"}],"about":[{"href":"https:\/\/stonersmeds.com\/fr\/wp-json\/wp\/v2\/types\/product"}],"replies":[{"embeddable":true,"href":"https:\/\/stonersmeds.com\/fr\/wp-json\/wp\/v2\/comments?post=10646"}],"version-history":[{"count":0,"href":"https:\/\/stonersmeds.com\/fr\/wp-json\/wp\/v2\/product\/10646\/revisions"}],"wp:featuredmedia":[{"embeddable":true,"href":"https:\/\/stonersmeds.com\/fr\/wp-json\/wp\/v2\/media\/10656"}],"wp:attachment":[{"href":"https:\/\/stonersmeds.com\/fr\/wp-json\/wp\/v2\/media?parent=10646"}],"wp:term":[{"taxonomy":"product_brand","embeddable":true,"href":"https:\/\/stonersmeds.com\/fr\/wp-json\/wp\/v2\/product_brand?post=10646"},{"taxonomy":"product_cat","embeddable":true,"href":"https:\/\/stonersmeds.com\/fr\/wp-json\/wp\/v2\/product_cat?post=10646"},{"taxonomy":"product_tag","embeddable":true,"href":"https:\/\/stonersmeds.com\/fr\/wp-json\/wp\/v2\/product_tag?post=10646"},{"taxonomy":"product_brands","embeddable":true,"href":"https:\/\/stonersmeds.com\/fr\/wp-json\/wp\/v2\/product_brands?post=10646"}],"curies":[{"name":"wp","href":"https:\/\/api.w.org\/{rel}","templated":true}]}}