{"id":8616,"date":"2022-03-11T06:05:16","date_gmt":"2022-03-11T06:05:16","guid":{"rendered":"https:\/\/stonersmeds.com\/?post_type=product&#038;p=8616"},"modified":"2026-02-25T01:20:35","modified_gmt":"2026-02-24T23:20:35","slug":"buy-crack-cocaine-online","status":"publish","type":"product","link":"https:\/\/stonersmeds.com\/fr\/shop\/buy-crack-cocaine-online\/","title":{"rendered":"Acheter du crack en ligne"},"content":{"rendered":"<h1><b>Acheter du crack<\/b><\/h1>\n<p>Le crack est une forme de coca\u00efne \u00e9galement appel\u00e9e forme libre de base. Il fournit des effets \u00e9lev\u00e9s sur le corps de l&#039;utilisateur et de cette fa\u00e7on, il se sent plus d\u00e9tendu. Les gens sont rapidement tomb\u00e9s en d\u00e9pendance avec cette forme. C&#039;est pourquoi; on l&#039;appelle aussi la forme de coca\u00efne la plus d\u00e9pendante.<\/p>\n<p>Les gens l&#039;ont surtout fum\u00e9, mais peuvent aussi l&#039;utiliser par d&#039;autres moyens. Le crack a \u00e9t\u00e9 produit pour la premi\u00e8re fois dans les ann\u00e9es 1984 et 1985 pour \u00eatre utilis\u00e9 comme drogue r\u00e9cr\u00e9ative. Mais ces derni\u00e8res ann\u00e9es, son utilisation s&#039;est r\u00e9pandue tr\u00e8s rapidement dans tous les domaines de la vie en raison de ses multiples fonctionnalit\u00e9s. crack en ligne, o\u00f9 acheter du crack, crack l\u00e9gal, crack en ligne<\/p>\n<p>En raison de sa popularit\u00e9 rapide, il est \u00e9galement connu sous le nom d&#039;\u00e9pid\u00e9mie de crack.<\/p>\n<p>Il est produit chimiquement en m\u00e9langeant diff\u00e9rentes bases avec d&#039;autres ingr\u00e9dients pour augmenter son effet. Il atteint l&#039;esprit humain pour effectuer les actions souhait\u00e9es lorsqu&#039;il est fum\u00e9. Cette forme de coca\u00efne procure un high intense au cerveau humain pendant un court intervalle de temps.<\/p>\n<p>Le chemin par lequel il peut \u00e9galement \u00eatre pris directement par le nez s&#039;appelle renifler. Mais ce n&#039;est pas nocif \u00e0 ce point. L&#039;utilisateur peut tomber dans la d\u00e9pendance lorsqu&#039;il est fum\u00e9. Mais dans ce dernier cas, il y a tr\u00e8s peu de chances de devenir d\u00e9pendant de cette drogue tr\u00e8s puissante.<\/p>\n<p>Le crack est l&#039;une des formes les plus pures sous lesquelles se trouve la coca\u00efne. Il a une puret\u00e9 de 70-100% qui peut \u00eatre nocif pour la sant\u00e9 humaine lorsqu&#039;il est utilis\u00e9 pendant une longue p\u00e9riode. Ce type de coca\u00efne est nomm\u00e9 crack car il produit le son lorsqu&#039;il est chauff\u00e9 pour produire diff\u00e9rents produits.<\/p>\n<p>La raison de sa popularit\u00e9 dans une si grande mesure est qu&#039;il est disponible \u00e0 un prix tr\u00e8s bas. La coca\u00efne ordinaire est \u00e9galement nomm\u00e9e\u00a0<b>\"La drogue du riche<\/b>\u00a0car il est vendu \u00e0 des prix tr\u00e8s \u00e9lev\u00e9s. Alors que le crack coca\u00efne, en revanche, est facilement accessible \u00e0 tous.<\/p>\n<h3>$70 par gramme et crack.<\/h3>\n<p>Comment exp\u00e9dions-nous les colis ?<br \/>\nAchetez du crack en ligne et b\u00e9n\u00e9ficiez d&#039;une livraison discr\u00e8te dans le monde entier. Nous emballons soigneusement les colis avec des papiers de tungst\u00e8ne et de carbone pour \u00e9viter les machines \u00e0 rayons X des douanes dans les a\u00e9roports. Les colis sont joliment emball\u00e9s avec des papiers cadeaux de l&#039;ext\u00e9rieur.<\/p>\n<p>le prix du produit est le suivant\u00a0: par gramme<br \/>\n<strong>La quantit\u00e9 minimum de commande est de : 2 grammes<\/strong><\/p>\n<p>Il est disponible dans presque tous les magasins en ligne. Notre boutique en ligne propose \u00e9galement ce produit \u00e0 des prix tr\u00e8s bas. Vous pouvez acheter ce produit et obtenir la livraison rapide du produit \u00e0 votre porte.c<\/p>\n<p><a href=\"https:\/\/stonersmeds.com\/fr\/categorie-produit\/cocaine\/\">https:\/\/stonersmeds.com\/product-category\/cocaine\/<\/a><\/p>\n<blockquote class=\"wp-embedded-content\" data-secret=\"Ux82VA29Ss\"><p><a href=\"https:\/\/stonersmeds.com\/fr\/shop\/buy-bio-cocaine-86\/\">Acheter Bio Coca\u00efne 86%<\/a><\/p><\/blockquote>\n<p><iframe class=\"wp-embedded-content\" sandbox=\"allow-scripts\" security=\"restricted\" style=\"position: absolute; visibility: hidden;\" title=\"&quot;Acheter Bio Cocaine 86%&quot; - stonersmeds.com\" src=\"https:\/\/stonersmeds.com\/shop\/buy-bio-cocaine-86\/embed\/#?secret=X43AyYOnvF#?secret=Ux82VA29Ss\" data-secret=\"Ux82VA29Ss\" width=\"600\" height=\"338\" frameborder=\"0\" marginwidth=\"0\" marginheight=\"0\" scrolling=\"no\"><\/iframe><\/p>\n<blockquote class=\"wp-embedded-content\" data-secret=\"T0Nn8AUwFa\"><p><a href=\"https:\/\/stonersmeds.com\/fr\/shop\/buy-pure-colombian-cocaine-96-pure\/\">Acheter de la coca\u00efne pure colombienne 96% Pure<\/a><\/p><\/blockquote>\n<p><iframe class=\"wp-embedded-content\" sandbox=\"allow-scripts\" security=\"restricted\" style=\"position: absolute; visibility: hidden;\" title=\"&quot;Acheter de la coca\u00efne colombienne pure 96% Pure&quot; - stonersmeds.com\" src=\"https:\/\/stonersmeds.com\/shop\/buy-pure-colombian-cocaine-96-pure\/embed\/#?secret=YPas3lunK0#?secret=T0Nn8AUwFa\" data-secret=\"T0Nn8AUwFa\" width=\"600\" height=\"338\" frameborder=\"0\" marginwidth=\"0\" marginheight=\"0\" scrolling=\"no\"><\/iframe><\/p>\n<pre><strong>Acheter du crack en ligne - acheter du crack, acheter du crack, acheter de la coca\u00efne en ligne, o\u00f9 acheter du crack, du crack \u00e0 vendre, de la coca\u00efne \u00e0 vendre, acheter de la coca\u00efne en ligne, o\u00f9 acheter de la coca\u00efne en ligne, du crack \u00e0 vendre aux \u00c9tats-Unis, \u00c9tats-Unis , canada, royaume-uni, acheter, en ligne, fournisseurs, livraison en toute s\u00e9curit\u00e9, Vous pouvez toujours obtenir du crack, le crack est-il l\u00e9gal aux \u00c9tats-Unis, acheter du crack en ligne aux \u00c9tats-Unis, comment commander du crack, le crack est-il l\u00e9gal au Canada<\/strong><\/pre>","protected":false},"excerpt":{"rendered":"<p>Meilleure coca\u00efne crack \u00e0 vendre en ligne. Nous vous proposons du crack coca \u00e0 des prix abordables. Passez votre commande maintenant!<\/p>\n<p><strong>Achetez des m\u00e9dicaments en ligne \u00e0 des prix de gros incroyables !!!<\/strong><\/p>\n<p>&nbsp;<\/p>\n<pre><strong>Acheter du crack en ligne - acheter du crack, acheter du crack, acheter de la coca\u00efne en ligne, o\u00f9 acheter du crack, du crack \u00e0 vendre, de la coca\u00efne \u00e0 vendre, acheter de la coca\u00efne en ligne, o\u00f9 acheter de la coca\u00efne en ligne, du crack \u00e0 vendre aux \u00c9tats-Unis, \u00c9tats-Unis , canada, royaume-uni, acheter, en ligne, fournisseurs, livraison en toute s\u00e9curit\u00e9, Vous pouvez toujours obtenir du crack, le crack est-il l\u00e9gal aux \u00c9tats-Unis, acheter du crack en ligne aux \u00c9tats-Unis, comment commander du crack, le crack est-il l\u00e9gal au Canada<\/strong><\/pre>","protected":false},"featured_media":8621,"comment_status":"closed","ping_status":"closed","template":"","meta":{"_bst_post_transparent":"","_bst_post_title":"","_bst_post_layout":"","_bst_post_sidebar_id":"","_bst_post_content_style":"","_bst_post_vertical_padding":"","_bst_post_feature":"","_bst_post_feature_position":"","_bst_post_header":false,"_bst_post_footer":false},"product_brand":[],"product_cat":[72],"product_tag":[101,105,128,98,127,89,97,102,130,132,90,93,95,94,141,96,137,99,103,91,92,100,139,138,135,133,104,131,129,140],"product_brands":[],"class_list":{"0":"post-8616","1":"product","2":"type-product","3":"status-publish","4":"has-post-thumbnail","6":"product_cat-cocaine","7":"product_tag-bolivian-cocaine-for-sale","8":"product_tag-buy-adhd-pills-online","9":"product_tag-buy-cocaine-online","10":"product_tag-buy-cocaine-powder-online","11":"product_tag-buy-crack-cocaine","12":"product_tag-cheap-cocaine","13":"product_tag-cocaine-for-sale","14":"product_tag-colombian-cocaine-for-sale","15":"product_tag-crack-cocaine-for-sale","16":"product_tag-crack-cocaine-for-sale-in-usa","17":"product_tag-crack-for-sale","18":"product_tag-drugs-online","19":"product_tag-dutchanonstore","20":"product_tag-gogaine","21":"product_tag-is-crack-cocaine-legal-in-usa","22":"product_tag-legal-cocaine","23":"product_tag-online","24":"product_tag-order-volkswagen-cocaine-online","25":"product_tag-peruvian-cocaine-for-sale","26":"product_tag-pure-cocaine","27":"product_tag-pure-coke-shop","28":"product_tag-pure-peruvian-cocaine-for-sale","29":"product_tag-safe-delivery","30":"product_tag-suppliers","31":"product_tag-uk","32":"product_tag-usa","33":"product_tag-where-to-buy-bio-cocaine","34":"product_tag-where-to-buy-cocaine-online","35":"product_tag-where-to-buy-crack-cocaine","36":"product_tag-you-can-still-get-crack-cocaine","38":"first","39":"instock","40":"shipping-taxable","41":"purchasable","42":"product-type-simple","43":"entry","44":"content-bg","45":"loop-entry"},"tiered_pricing_type":"fixed","tiered_pricing_fixed_rules":{"8":"35","20":"30","50":"17","100":"15","250":"13","500":"10","1000":"8"},"tiered_pricing_percentage_rules":[],"tiered_pricing_minimum":1,"_administrator_tiered_pricing_type":"fixed","_administrator_tiered_pricing_fixed_rules":[],"_editor_tiered_pricing_type":"fixed","_editor_tiered_pricing_fixed_rules":[],"_author_tiered_pricing_type":"fixed","_author_tiered_pricing_fixed_rules":[],"_contributor_tiered_pricing_type":"fixed","_contributor_tiered_pricing_fixed_rules":[],"_subscriber_tiered_pricing_type":"fixed","_subscriber_tiered_pricing_fixed_rules":[],"_customer_tiered_pricing_type":"fixed","_customer_tiered_pricing_fixed_rules":[],"_shop_manager_tiered_pricing_type":"fixed","_shop_manager_tiered_pricing_fixed_rules":[],"_wpseo_manager_tiered_pricing_type":"fixed","_wpseo_manager_tiered_pricing_fixed_rules":[],"_wpseo_editor_tiered_pricing_type":"fixed","_wpseo_editor_tiered_pricing_fixed_rules":[],"yoast_head":"<!-- This site is optimized with the Yoast SEO plugin v27.2 - https:\/\/yoast.com\/product\/yoast-seo-wordpress\/ -->\n<title>Buy Crack Cocaine Online - fast and safe delivery<\/title>\n<meta name=\"description\" content=\"Buy Crack Cocaine, Order safely &amp; maintain your privacy No prescription necessary Discreet standard shipping at Low prices.\" \/>\n<meta name=\"robots\" content=\"index, follow, max-snippet:-1, max-image-preview:large, max-video-preview:-1\" \/>\n<link rel=\"canonical\" href=\"https:\/\/stonersmeds.com\/fr\/shop\/buy-crack-cocaine-online\/\" \/>\n<meta property=\"og:locale\" content=\"fr_FR\" \/>\n<meta property=\"og:type\" content=\"article\" \/>\n<meta property=\"og:title\" content=\"Buy Crack Cocaine Online - fast and safe delivery\" \/>\n<meta property=\"og:description\" content=\"Buy Crack Cocaine, Order safely &amp; maintain your privacy No prescription necessary Discreet standard shipping at Low prices.\" \/>\n<meta property=\"og:url\" content=\"https:\/\/stonersmeds.com\/fr\/shop\/buy-crack-cocaine-online\/\" \/>\n<meta property=\"og:site_name\" content=\"stonersmeds.com\" \/>\n<meta property=\"article:modified_time\" content=\"2026-02-24T23:20:35+00:00\" \/>\n<meta property=\"og:image\" content=\"https:\/\/stonersmeds.com\/wp-content\/uploads\/2022\/03\/buy-volkswagen-cocaine-online-90-pure.jpg\" \/>\n\t<meta property=\"og:image:width\" content=\"600\" \/>\n\t<meta property=\"og:image:height\" content=\"600\" \/>\n\t<meta property=\"og:image:type\" content=\"image\/jpeg\" \/>\n<meta name=\"twitter:card\" content=\"summary_large_image\" \/>\n<meta name=\"twitter:label1\" content=\"Prix\" \/>\n\t<meta name=\"twitter:data1\" content=\"35&#036;\" \/>\n\t<meta name=\"twitter:label2\" content=\"Disponibilit\u00e9\" \/>\n\t<meta name=\"twitter:data2\" content=\"En stock\" \/>\n<script type=\"application\/ld+json\" class=\"yoast-schema-graph\">{\"@context\":\"https:\/\/schema.org\",\"@graph\":[{\"@type\":\"WebPage\",\"@id\":\"https:\/\/stonersmeds.com\/shop\/buy-crack-cocaine-online\/\",\"url\":\"https:\/\/stonersmeds.com\/shop\/buy-crack-cocaine-online\/\",\"name\":\"Buy Crack Cocaine Online - fast and safe delivery\",\"isPartOf\":{\"@id\":\"https:\/\/stonersmeds.com\/#website\"},\"primaryImageOfPage\":{\"@id\":\"https:\/\/stonersmeds.com\/shop\/buy-crack-cocaine-online\/#primaryimage\"},\"image\":{\"@id\":\"https:\/\/stonersmeds.com\/shop\/buy-crack-cocaine-online\/#primaryimage\"},\"thumbnailUrl\":\"https:\/\/stonersmeds.com\/wp-content\/uploads\/2022\/03\/buy-volkswagen-cocaine-online-90-pure.jpg\",\"datePublished\":\"2022-03-11T06:05:16+00:00\",\"dateModified\":\"2026-02-24T23:20:35+00:00\",\"description\":\"Buy Crack Cocaine, Order safely & maintain your privacy No prescription necessary Discreet standard shipping at Low prices.\",\"breadcrumb\":{\"@id\":\"https:\/\/stonersmeds.com\/shop\/buy-crack-cocaine-online\/#breadcrumb\"},\"inLanguage\":\"fr-FR\",\"potentialAction\":[{\"@type\":\"ReadAction\",\"target\":[\"https:\/\/stonersmeds.com\/shop\/buy-crack-cocaine-online\/\"]}]},{\"@type\":\"ImageObject\",\"inLanguage\":\"fr-FR\",\"@id\":\"https:\/\/stonersmeds.com\/shop\/buy-crack-cocaine-online\/#primaryimage\",\"url\":\"https:\/\/stonersmeds.com\/wp-content\/uploads\/2022\/03\/buy-volkswagen-cocaine-online-90-pure.jpg\",\"contentUrl\":\"https:\/\/stonersmeds.com\/wp-content\/uploads\/2022\/03\/buy-volkswagen-cocaine-online-90-pure.jpg\",\"width\":600,\"height\":600},{\"@type\":\"BreadcrumbList\",\"@id\":\"https:\/\/stonersmeds.com\/shop\/buy-crack-cocaine-online\/#breadcrumb\",\"itemListElement\":[{\"@type\":\"ListItem\",\"position\":1,\"name\":\"Home\",\"item\":\"https:\/\/stonersmeds.com\/\"},{\"@type\":\"ListItem\",\"position\":2,\"name\":\"Shop\",\"item\":\"https:\/\/stonersmeds.com\/shop\/\"},{\"@type\":\"ListItem\",\"position\":3,\"name\":\"Buy Crack Cocaine Online\"}]},{\"@type\":\"WebSite\",\"@id\":\"https:\/\/stonersmeds.com\/#website\",\"url\":\"https:\/\/stonersmeds.com\/\",\"name\":\"stonersmeds.com\",\"description\":\"verschreibungspflichtige Medizin kaufen\",\"publisher\":{\"@id\":\"https:\/\/stonersmeds.com\/#organization\"},\"alternateName\":\"Research chemical shop\",\"potentialAction\":[{\"@type\":\"SearchAction\",\"target\":{\"@type\":\"EntryPoint\",\"urlTemplate\":\"https:\/\/stonersmeds.com\/?s={search_term_string}\"},\"query-input\":{\"@type\":\"PropertyValueSpecification\",\"valueRequired\":true,\"valueName\":\"search_term_string\"}}],\"inLanguage\":\"fr-FR\"},{\"@type\":\"Organization\",\"@id\":\"https:\/\/stonersmeds.com\/#organization\",\"name\":\"Stonersmeds Shop\",\"url\":\"https:\/\/stonersmeds.com\/\",\"logo\":{\"@type\":\"ImageObject\",\"inLanguage\":\"fr-FR\",\"@id\":\"https:\/\/stonersmeds.com\/#\/schema\/logo\/image\/\",\"url\":\"https:\/\/stonersmeds.com\/wp-content\/uploads\/2026\/02\/high-purity-DMT-powder.jpg\",\"contentUrl\":\"https:\/\/stonersmeds.com\/wp-content\/uploads\/2026\/02\/high-purity-DMT-powder.jpg\",\"width\":500,\"height\":500,\"caption\":\"Stonersmeds Shop\"},\"image\":{\"@id\":\"https:\/\/stonersmeds.com\/#\/schema\/logo\/image\/\"}}]}<\/script>\n<meta property=\"product:price:amount\" content=\"35.00\" \/>\n<meta property=\"product:price:currency\" content=\"USD\" \/>\n<meta property=\"og:availability\" content=\"instock\" \/>\n<meta property=\"product:availability\" content=\"instock\" \/>\n<meta property=\"product:condition\" content=\"new\" \/>\n<!-- \/ Yoast SEO plugin. -->","yoast_head_json":{"title":"Acheter du crack en ligne - livraison rapide et s\u00fbre","description":"Achetez du crack, commandez en toute s\u00e9curit\u00e9 et pr\u00e9servez votre vie priv\u00e9e Aucune ordonnance n\u00e9cessaire Exp\u00e9dition standard discr\u00e8te \u00e0 bas prix.","robots":{"index":"index","follow":"follow","max-snippet":"max-snippet:-1","max-image-preview":"max-image-preview:large","max-video-preview":"max-video-preview:-1"},"canonical":"https:\/\/stonersmeds.com\/fr\/shop\/buy-crack-cocaine-online\/","og_locale":"fr_FR","og_type":"article","og_title":"Buy Crack Cocaine Online - fast and safe delivery","og_description":"Buy Crack Cocaine, Order safely & maintain your privacy No prescription necessary Discreet standard shipping at Low prices.","og_url":"https:\/\/stonersmeds.com\/fr\/shop\/buy-crack-cocaine-online\/","og_site_name":"stonersmeds.com","article_modified_time":"2026-02-24T23:20:35+00:00","og_image":[{"width":600,"height":600,"url":"https:\/\/stonersmeds.com\/wp-content\/uploads\/2022\/03\/buy-volkswagen-cocaine-online-90-pure.jpg","type":"image\/jpeg"}],"twitter_card":"summary_large_image","twitter_misc":{"Prix":"35&#36;","Disponibilit\u00e9":"En stock"},"schema":{"@context":"https:\/\/schema.org","@graph":[{"@type":"WebPage","@id":"https:\/\/stonersmeds.com\/shop\/buy-crack-cocaine-online\/","url":"https:\/\/stonersmeds.com\/shop\/buy-crack-cocaine-online\/","name":"Acheter du crack en ligne - livraison rapide et s\u00fbre","isPartOf":{"@id":"https:\/\/stonersmeds.com\/#website"},"primaryImageOfPage":{"@id":"https:\/\/stonersmeds.com\/shop\/buy-crack-cocaine-online\/#primaryimage"},"image":{"@id":"https:\/\/stonersmeds.com\/shop\/buy-crack-cocaine-online\/#primaryimage"},"thumbnailUrl":"https:\/\/stonersmeds.com\/wp-content\/uploads\/2022\/03\/buy-volkswagen-cocaine-online-90-pure.jpg","datePublished":"2022-03-11T06:05:16+00:00","dateModified":"2026-02-24T23:20:35+00:00","description":"Achetez du crack, commandez en toute s\u00e9curit\u00e9 et pr\u00e9servez votre vie priv\u00e9e Aucune ordonnance n\u00e9cessaire Exp\u00e9dition standard discr\u00e8te \u00e0 bas prix.","breadcrumb":{"@id":"https:\/\/stonersmeds.com\/shop\/buy-crack-cocaine-online\/#breadcrumb"},"inLanguage":"fr-FR","potentialAction":[{"@type":"ReadAction","target":["https:\/\/stonersmeds.com\/shop\/buy-crack-cocaine-online\/"]}]},{"@type":"ImageObject","inLanguage":"fr-FR","@id":"https:\/\/stonersmeds.com\/shop\/buy-crack-cocaine-online\/#primaryimage","url":"https:\/\/stonersmeds.com\/wp-content\/uploads\/2022\/03\/buy-volkswagen-cocaine-online-90-pure.jpg","contentUrl":"https:\/\/stonersmeds.com\/wp-content\/uploads\/2022\/03\/buy-volkswagen-cocaine-online-90-pure.jpg","width":600,"height":600},{"@type":"BreadcrumbList","@id":"https:\/\/stonersmeds.com\/shop\/buy-crack-cocaine-online\/#breadcrumb","itemListElement":[{"@type":"ListItem","position":1,"name":"Home","item":"https:\/\/stonersmeds.com\/"},{"@type":"ListItem","position":2,"name":"Shop","item":"https:\/\/stonersmeds.com\/shop\/"},{"@type":"ListItem","position":3,"name":"Buy Crack Cocaine Online"}]},{"@type":"WebSite","@id":"https:\/\/stonersmeds.com\/#website","url":"https:\/\/stonersmeds.com\/","name":"stonersmeds.com","description":"m\u00e9dicaments \u00e0 usage unique en vente","publisher":{"@id":"https:\/\/stonersmeds.com\/#organization"},"alternateName":"Research chemical shop","potentialAction":[{"@type":"SearchAction","target":{"@type":"EntryPoint","urlTemplate":"https:\/\/stonersmeds.com\/?s={search_term_string}"},"query-input":{"@type":"PropertyValueSpecification","valueRequired":true,"valueName":"search_term_string"}}],"inLanguage":"fr-FR"},{"@type":"Organization","@id":"https:\/\/stonersmeds.com\/#organization","name":"Stonersmeds Shop","url":"https:\/\/stonersmeds.com\/","logo":{"@type":"ImageObject","inLanguage":"fr-FR","@id":"https:\/\/stonersmeds.com\/#\/schema\/logo\/image\/","url":"https:\/\/stonersmeds.com\/wp-content\/uploads\/2026\/02\/high-purity-DMT-powder.jpg","contentUrl":"https:\/\/stonersmeds.com\/wp-content\/uploads\/2026\/02\/high-purity-DMT-powder.jpg","width":500,"height":500,"caption":"Stonersmeds Shop"},"image":{"@id":"https:\/\/stonersmeds.com\/#\/schema\/logo\/image\/"}}]},"product_price_amount":"35.00","product_price_currency":"USD","og_availability":"instock","product_availability":"instock","product_condition":"new"},"_links":{"self":[{"href":"https:\/\/stonersmeds.com\/fr\/wp-json\/wp\/v2\/product\/8616","targetHints":{"allow":["GET"]}}],"collection":[{"href":"https:\/\/stonersmeds.com\/fr\/wp-json\/wp\/v2\/product"}],"about":[{"href":"https:\/\/stonersmeds.com\/fr\/wp-json\/wp\/v2\/types\/product"}],"replies":[{"embeddable":true,"href":"https:\/\/stonersmeds.com\/fr\/wp-json\/wp\/v2\/comments?post=8616"}],"version-history":[{"count":0,"href":"https:\/\/stonersmeds.com\/fr\/wp-json\/wp\/v2\/product\/8616\/revisions"}],"wp:featuredmedia":[{"embeddable":true,"href":"https:\/\/stonersmeds.com\/fr\/wp-json\/wp\/v2\/media\/8621"}],"wp:attachment":[{"href":"https:\/\/stonersmeds.com\/fr\/wp-json\/wp\/v2\/media?parent=8616"}],"wp:term":[{"taxonomy":"product_brand","embeddable":true,"href":"https:\/\/stonersmeds.com\/fr\/wp-json\/wp\/v2\/product_brand?post=8616"},{"taxonomy":"product_cat","embeddable":true,"href":"https:\/\/stonersmeds.com\/fr\/wp-json\/wp\/v2\/product_cat?post=8616"},{"taxonomy":"product_tag","embeddable":true,"href":"https:\/\/stonersmeds.com\/fr\/wp-json\/wp\/v2\/product_tag?post=8616"},{"taxonomy":"product_brands","embeddable":true,"href":"https:\/\/stonersmeds.com\/fr\/wp-json\/wp\/v2\/product_brands?post=8616"}],"curies":[{"name":"wp","href":"https:\/\/api.w.org\/{rel}","templated":true}]}}