{"id":8983,"date":"2022-03-11T11:13:33","date_gmt":"2022-03-11T11:13:33","guid":{"rendered":"https:\/\/stonersmeds.com\/?post_type=product&#038;p=8983"},"modified":"2026-03-02T11:20:05","modified_gmt":"2026-03-02T09:20:05","slug":"buy-afghan-black-hash-online","status":"publish","type":"product","link":"https:\/\/stonersmeds.com\/fr\/shop\/buy-afghan-black-hash-online\/","title":{"rendered":"Acheter Afghan Black Hash en ligne"},"content":{"rendered":"<h1>Acheter Afghan Black Hash en ligne<\/h1>\n<p>Achetez Afghan Black Hash en ligne.\u00a0<strong>Hachis Noir Afghan<\/strong>\u00a0est un clone de hash. Il s'agit d'un d\u00e9lit mondial et d'une peine d'emprisonnement \u00e0 perp\u00e9tuit\u00e9. Il ne contient plus de THC, de cannabino\u00efdes synth\u00e9tiques ou d'autres compos\u00e9s chimiques d'\u00e9tudes (comme JWH-018, JWH-073, JWH-250, AM-2209 et bien d'autres). Il s'agit probablement du haschich de prison le plus exceptionnel sur le march\u00e9. Nous utilisons de pr\u00e9f\u00e9rence des substances v\u00e9g\u00e9tales et alimentaires de premi\u00e8re qualit\u00e9. Il ressemble \u00e0 du hasch, il a l'air d'\u00eatre du hasch, il sent le chanvre et il a une excellente saveur. La couleur de l'Afghan Black hashish est tr\u00e8s diff\u00e9rente de celle de nos autres produits. Si vous ne connaissez pas encore nos produits, achetez d'abord un \u00e9chantillon. L'envoi est gratuit. Si vous achetez d'autres produits de notre gamme de haschisch criminel, les frais de port peuvent \u00eatre r\u00e9duits.<\/p>\n<p>&nbsp;<\/p>\n<p>&nbsp;<\/p>\n<p>&nbsp;<\/p>\n<pre><strong>Acheter Afghan Black Hash en ligne - acheter des pilules de Hash, acheter Black Hash, acheter Black Hashy en ligne, O\u00f9 acheter Afghan Black Hash, Afghan Black Hash \u00e0 vendre, Black Hash \u00e0 vendre, acheter Hash en ligne, o\u00f9 acheter Black Hash en ligne, Afghan Black Hash \u00e0 vendre aux \u00c9tats-Unis, \u00c9tats-Unis, Canada, Royaume-Uni, acheter, en ligne, fournisseurs, livraison en toute s\u00e9curit\u00e9, Vous pouvez toujours obtenir Afghan Black Hash, Afghan Black Hash est-il l\u00e9gal aux \u00c9tats-Unis, acheter Afghan Black Hash en ligne aux \u00c9tats-Unis, comment commander Afghan Black Hash , Est-ce que Afghan Black Hashlegal au Canada<\/strong><\/pre>","protected":false},"excerpt":{"rendered":"<p>Nous acceptons UNIQUEMENT les paiements par Western Union, Moneygram et bitcoins. Le d\u00e9lai de livraison prend environ 3 jours ou 24 heures.<\/p>\n<p>Haschich noir afghan \u00e0 vendre<br \/>\nLes fleurs noires afghanes d\u00e9gagent un parfum profond et musqu\u00e9 qui sent la terre et les feuilles humides. Une respiration plus profonde peut \u00e9galement sentir le toucher de fruits aigres. Pendant ce temps, moudre ou cueillir cette fleur poilue procure la sensation \u00e9pic\u00e9e souvent associ\u00e9e aux Afghans.<\/p>\n<pre><strong>Acheter Afghan Black Hash en ligne - acheter des pilules de Hash, acheter Black Hash, acheter Black Hashy en ligne, O\u00f9 acheter Afghan Black Hash, Afghan Black Hash \u00e0 vendre, Black Hash \u00e0 vendre, acheter Hash en ligne, o\u00f9 acheter Black Hash en ligne, Afghan Black Hash \u00e0 vendre aux \u00c9tats-Unis, \u00c9tats-Unis, Canada, Royaume-Uni, acheter, en ligne, fournisseurs, livraison en toute s\u00e9curit\u00e9, Vous pouvez toujours obtenir Afghan Black Hash, Afghan Black Hash est-il l\u00e9gal aux \u00c9tats-Unis, acheter Afghan Black Hash en ligne aux \u00c9tats-Unis, comment commander Afghan Black Hash , Est-ce que Afghan Black Hashlegal au Canada<\/strong><\/pre>","protected":false},"featured_media":8995,"comment_status":"open","ping_status":"closed","template":"","meta":{"_bst_post_transparent":"","_bst_post_title":"","_bst_post_layout":"","_bst_post_sidebar_id":"","_bst_post_content_style":"","_bst_post_vertical_padding":"","_bst_post_feature":"","_bst_post_feature_position":"","_bst_post_header":false,"_bst_post_footer":false},"product_brand":[],"product_cat":[74],"product_tag":[],"product_brands":[],"class_list":{"0":"post-8983","1":"product","2":"type-product","3":"status-publish","4":"has-post-thumbnail","6":"product_cat-hash-hashish","8":"first","9":"instock","10":"shipping-taxable","11":"purchasable","12":"product-type-variable","13":"entry","14":"content-bg","15":"loop-entry"},"tiered_pricing_type":"fixed","tiered_pricing_fixed_rules":[],"tiered_pricing_percentage_rules":[],"tiered_pricing_minimum":1,"_administrator_tiered_pricing_type":"fixed","_administrator_tiered_pricing_fixed_rules":[],"_editor_tiered_pricing_type":"fixed","_editor_tiered_pricing_fixed_rules":[],"_author_tiered_pricing_type":"fixed","_author_tiered_pricing_fixed_rules":[],"_contributor_tiered_pricing_type":"fixed","_contributor_tiered_pricing_fixed_rules":[],"_subscriber_tiered_pricing_type":"fixed","_subscriber_tiered_pricing_fixed_rules":[],"_customer_tiered_pricing_type":"fixed","_customer_tiered_pricing_fixed_rules":[],"_shop_manager_tiered_pricing_type":"fixed","_shop_manager_tiered_pricing_fixed_rules":[],"_wpseo_manager_tiered_pricing_type":"fixed","_wpseo_manager_tiered_pricing_fixed_rules":[],"_wpseo_editor_tiered_pricing_type":"fixed","_wpseo_editor_tiered_pricing_fixed_rules":[],"yoast_head":"<!-- This site is optimized with the Yoast SEO plugin v27.2 - https:\/\/yoast.com\/product\/yoast-seo-wordpress\/ -->\n<title>Buy Afghan Black Hash Online - Cheap price, top quality<\/title>\n<meta name=\"description\" content=\"Buy Afghan Black Hash Online at an affordable price at stonersmeds. Our hash has high THC, best quality you will find\" \/>\n<meta name=\"robots\" content=\"index, follow, max-snippet:-1, max-image-preview:large, max-video-preview:-1\" \/>\n<link rel=\"canonical\" href=\"https:\/\/stonersmeds.com\/fr\/shop\/buy-afghan-black-hash-online\/\" \/>\n<meta property=\"og:locale\" content=\"fr_FR\" \/>\n<meta property=\"og:type\" content=\"article\" \/>\n<meta property=\"og:title\" content=\"Buy Afghan Black Hash Online - Cheap price, top quality\" \/>\n<meta property=\"og:description\" content=\"Buy Afghan Black Hash Online at an affordable price at stonersmeds. Our hash has high THC, best quality you will find\" \/>\n<meta property=\"og:url\" content=\"https:\/\/stonersmeds.com\/fr\/shop\/buy-afghan-black-hash-online\/\" \/>\n<meta property=\"og:site_name\" content=\"stonersmeds.com\" \/>\n<meta property=\"article:modified_time\" content=\"2026-03-02T09:20:05+00:00\" \/>\n<meta property=\"og:image\" content=\"https:\/\/stonersmeds.com\/wp-content\/uploads\/2022\/03\/Buy-Afghan-Black-Hash-Online.jpg\" \/>\n\t<meta property=\"og:image:width\" content=\"600\" \/>\n\t<meta property=\"og:image:height\" content=\"600\" \/>\n\t<meta property=\"og:image:type\" content=\"image\/jpeg\" \/>\n<meta name=\"twitter:card\" content=\"summary_large_image\" \/>\n<meta name=\"twitter:label1\" content=\"Disponibilit\u00e9\" \/>\n\t<meta name=\"twitter:data1\" content=\"En stock\" \/>\n<script type=\"application\/ld+json\" class=\"yoast-schema-graph\">{\"@context\":\"https:\/\/schema.org\",\"@graph\":[{\"@type\":\"WebPage\",\"@id\":\"https:\/\/stonersmeds.com\/sk\/shop\/buy-afghan-black-hash-online\/\",\"url\":\"https:\/\/stonersmeds.com\/sk\/shop\/buy-afghan-black-hash-online\/\",\"name\":\"Buy Afghan Black Hash Online - Cheap price, top quality\",\"isPartOf\":{\"@id\":\"https:\/\/stonersmeds.com\/#website\"},\"primaryImageOfPage\":{\"@id\":\"https:\/\/stonersmeds.com\/sk\/shop\/buy-afghan-black-hash-online\/#primaryimage\"},\"image\":{\"@id\":\"https:\/\/stonersmeds.com\/sk\/shop\/buy-afghan-black-hash-online\/#primaryimage\"},\"thumbnailUrl\":\"https:\/\/stonersmeds.com\/wp-content\/uploads\/2022\/03\/Buy-Afghan-Black-Hash-Online.jpg\",\"datePublished\":\"2022-03-11T11:13:33+00:00\",\"dateModified\":\"2026-03-02T09:20:05+00:00\",\"description\":\"Buy Afghan Black Hash Online at an affordable price at stonersmeds. Our hash has high THC, best quality you will find\",\"breadcrumb\":{\"@id\":\"https:\/\/stonersmeds.com\/sk\/shop\/buy-afghan-black-hash-online\/#breadcrumb\"},\"inLanguage\":\"fr-FR\",\"potentialAction\":[{\"@type\":\"ReadAction\",\"target\":[\"https:\/\/stonersmeds.com\/sk\/shop\/buy-afghan-black-hash-online\/\"]}]},{\"@type\":\"ImageObject\",\"inLanguage\":\"fr-FR\",\"@id\":\"https:\/\/stonersmeds.com\/sk\/shop\/buy-afghan-black-hash-online\/#primaryimage\",\"url\":\"https:\/\/stonersmeds.com\/wp-content\/uploads\/2022\/03\/Buy-Afghan-Black-Hash-Online.jpg\",\"contentUrl\":\"https:\/\/stonersmeds.com\/wp-content\/uploads\/2022\/03\/Buy-Afghan-Black-Hash-Online.jpg\",\"width\":600,\"height\":600},{\"@type\":\"BreadcrumbList\",\"@id\":\"https:\/\/stonersmeds.com\/sk\/shop\/buy-afghan-black-hash-online\/#breadcrumb\",\"itemListElement\":[{\"@type\":\"ListItem\",\"position\":1,\"name\":\"Home\",\"item\":\"https:\/\/stonersmeds.com\/\"},{\"@type\":\"ListItem\",\"position\":2,\"name\":\"Shop\",\"item\":\"https:\/\/stonersmeds.com\/shop\/\"},{\"@type\":\"ListItem\",\"position\":3,\"name\":\"Buy Afghan Black Hash Online\"}]},{\"@type\":\"WebSite\",\"@id\":\"https:\/\/stonersmeds.com\/#website\",\"url\":\"https:\/\/stonersmeds.com\/\",\"name\":\"stonersmeds.com\",\"description\":\"verschreibungspflichtige Medizin kaufen\",\"publisher\":{\"@id\":\"https:\/\/stonersmeds.com\/#organization\"},\"alternateName\":\"Research chemical shop\",\"potentialAction\":[{\"@type\":\"SearchAction\",\"target\":{\"@type\":\"EntryPoint\",\"urlTemplate\":\"https:\/\/stonersmeds.com\/?s={search_term_string}\"},\"query-input\":{\"@type\":\"PropertyValueSpecification\",\"valueRequired\":true,\"valueName\":\"search_term_string\"}}],\"inLanguage\":\"fr-FR\"},{\"@type\":\"Organization\",\"@id\":\"https:\/\/stonersmeds.com\/#organization\",\"name\":\"Stonersmeds Shop\",\"url\":\"https:\/\/stonersmeds.com\/\",\"logo\":{\"@type\":\"ImageObject\",\"inLanguage\":\"fr-FR\",\"@id\":\"https:\/\/stonersmeds.com\/#\/schema\/logo\/image\/\",\"url\":\"https:\/\/stonersmeds.com\/wp-content\/uploads\/2026\/02\/high-purity-DMT-powder.jpg\",\"contentUrl\":\"https:\/\/stonersmeds.com\/wp-content\/uploads\/2026\/02\/high-purity-DMT-powder.jpg\",\"width\":500,\"height\":500,\"caption\":\"Stonersmeds Shop\"},\"image\":{\"@id\":\"https:\/\/stonersmeds.com\/#\/schema\/logo\/image\/\"}}]}<\/script>\n<meta property=\"og:availability\" content=\"instock\" \/>\n<meta property=\"product:availability\" content=\"instock\" \/>\n<meta property=\"product:condition\" content=\"new\" \/>\n<!-- \/ Yoast SEO plugin. -->","yoast_head_json":{"title":"Acheter Afghan Black Hash en ligne - Prix bon march\u00e9, qualit\u00e9 sup\u00e9rieure","description":"Achetez Afghan Black Hash en ligne \u00e0 un prix abordable chez stonersmeds. Notre hasch a un THC \u00e9lev\u00e9, la meilleure qualit\u00e9 que vous trouverez","robots":{"index":"index","follow":"follow","max-snippet":"max-snippet:-1","max-image-preview":"max-image-preview:large","max-video-preview":"max-video-preview:-1"},"canonical":"https:\/\/stonersmeds.com\/fr\/shop\/buy-afghan-black-hash-online\/","og_locale":"fr_FR","og_type":"article","og_title":"Buy Afghan Black Hash Online - Cheap price, top quality","og_description":"Buy Afghan Black Hash Online at an affordable price at stonersmeds. Our hash has high THC, best quality you will find","og_url":"https:\/\/stonersmeds.com\/fr\/shop\/buy-afghan-black-hash-online\/","og_site_name":"stonersmeds.com","article_modified_time":"2026-03-02T09:20:05+00:00","og_image":[{"width":600,"height":600,"url":"https:\/\/stonersmeds.com\/wp-content\/uploads\/2022\/03\/Buy-Afghan-Black-Hash-Online.jpg","type":"image\/jpeg"}],"twitter_card":"summary_large_image","twitter_misc":{"Disponibilit\u00e9":"En stock"},"schema":{"@context":"https:\/\/schema.org","@graph":[{"@type":"WebPage","@id":"https:\/\/stonersmeds.com\/sk\/shop\/buy-afghan-black-hash-online\/","url":"https:\/\/stonersmeds.com\/sk\/shop\/buy-afghan-black-hash-online\/","name":"Acheter Afghan Black Hash en ligne - Prix bon march\u00e9, qualit\u00e9 sup\u00e9rieure","isPartOf":{"@id":"https:\/\/stonersmeds.com\/#website"},"primaryImageOfPage":{"@id":"https:\/\/stonersmeds.com\/sk\/shop\/buy-afghan-black-hash-online\/#primaryimage"},"image":{"@id":"https:\/\/stonersmeds.com\/sk\/shop\/buy-afghan-black-hash-online\/#primaryimage"},"thumbnailUrl":"https:\/\/stonersmeds.com\/wp-content\/uploads\/2022\/03\/Buy-Afghan-Black-Hash-Online.jpg","datePublished":"2022-03-11T11:13:33+00:00","dateModified":"2026-03-02T09:20:05+00:00","description":"Achetez Afghan Black Hash en ligne \u00e0 un prix abordable chez stonersmeds. Notre hasch a un THC \u00e9lev\u00e9, la meilleure qualit\u00e9 que vous trouverez","breadcrumb":{"@id":"https:\/\/stonersmeds.com\/sk\/shop\/buy-afghan-black-hash-online\/#breadcrumb"},"inLanguage":"fr-FR","potentialAction":[{"@type":"ReadAction","target":["https:\/\/stonersmeds.com\/sk\/shop\/buy-afghan-black-hash-online\/"]}]},{"@type":"ImageObject","inLanguage":"fr-FR","@id":"https:\/\/stonersmeds.com\/sk\/shop\/buy-afghan-black-hash-online\/#primaryimage","url":"https:\/\/stonersmeds.com\/wp-content\/uploads\/2022\/03\/Buy-Afghan-Black-Hash-Online.jpg","contentUrl":"https:\/\/stonersmeds.com\/wp-content\/uploads\/2022\/03\/Buy-Afghan-Black-Hash-Online.jpg","width":600,"height":600},{"@type":"BreadcrumbList","@id":"https:\/\/stonersmeds.com\/sk\/shop\/buy-afghan-black-hash-online\/#breadcrumb","itemListElement":[{"@type":"ListItem","position":1,"name":"Home","item":"https:\/\/stonersmeds.com\/"},{"@type":"ListItem","position":2,"name":"Shop","item":"https:\/\/stonersmeds.com\/shop\/"},{"@type":"ListItem","position":3,"name":"Buy Afghan Black Hash Online"}]},{"@type":"WebSite","@id":"https:\/\/stonersmeds.com\/#website","url":"https:\/\/stonersmeds.com\/","name":"stonersmeds.com","description":"m\u00e9dicaments \u00e0 usage unique en vente","publisher":{"@id":"https:\/\/stonersmeds.com\/#organization"},"alternateName":"Research chemical shop","potentialAction":[{"@type":"SearchAction","target":{"@type":"EntryPoint","urlTemplate":"https:\/\/stonersmeds.com\/?s={search_term_string}"},"query-input":{"@type":"PropertyValueSpecification","valueRequired":true,"valueName":"search_term_string"}}],"inLanguage":"fr-FR"},{"@type":"Organization","@id":"https:\/\/stonersmeds.com\/#organization","name":"Stonersmeds Shop","url":"https:\/\/stonersmeds.com\/","logo":{"@type":"ImageObject","inLanguage":"fr-FR","@id":"https:\/\/stonersmeds.com\/#\/schema\/logo\/image\/","url":"https:\/\/stonersmeds.com\/wp-content\/uploads\/2026\/02\/high-purity-DMT-powder.jpg","contentUrl":"https:\/\/stonersmeds.com\/wp-content\/uploads\/2026\/02\/high-purity-DMT-powder.jpg","width":500,"height":500,"caption":"Stonersmeds Shop"},"image":{"@id":"https:\/\/stonersmeds.com\/#\/schema\/logo\/image\/"}}]},"og_availability":"instock","product_availability":"instock","product_condition":"new"},"_links":{"self":[{"href":"https:\/\/stonersmeds.com\/fr\/wp-json\/wp\/v2\/product\/8983","targetHints":{"allow":["GET"]}}],"collection":[{"href":"https:\/\/stonersmeds.com\/fr\/wp-json\/wp\/v2\/product"}],"about":[{"href":"https:\/\/stonersmeds.com\/fr\/wp-json\/wp\/v2\/types\/product"}],"replies":[{"embeddable":true,"href":"https:\/\/stonersmeds.com\/fr\/wp-json\/wp\/v2\/comments?post=8983"}],"version-history":[{"count":0,"href":"https:\/\/stonersmeds.com\/fr\/wp-json\/wp\/v2\/product\/8983\/revisions"}],"wp:featuredmedia":[{"embeddable":true,"href":"https:\/\/stonersmeds.com\/fr\/wp-json\/wp\/v2\/media\/8995"}],"wp:attachment":[{"href":"https:\/\/stonersmeds.com\/fr\/wp-json\/wp\/v2\/media?parent=8983"}],"wp:term":[{"taxonomy":"product_brand","embeddable":true,"href":"https:\/\/stonersmeds.com\/fr\/wp-json\/wp\/v2\/product_brand?post=8983"},{"taxonomy":"product_cat","embeddable":true,"href":"https:\/\/stonersmeds.com\/fr\/wp-json\/wp\/v2\/product_cat?post=8983"},{"taxonomy":"product_tag","embeddable":true,"href":"https:\/\/stonersmeds.com\/fr\/wp-json\/wp\/v2\/product_tag?post=8983"},{"taxonomy":"product_brands","embeddable":true,"href":"https:\/\/stonersmeds.com\/fr\/wp-json\/wp\/v2\/product_brands?post=8983"}],"curies":[{"name":"wp","href":"https:\/\/api.w.org\/{rel}","templated":true}]}}