{"id":9315,"date":"2022-03-11T15:24:48","date_gmt":"2022-03-11T15:24:48","guid":{"rendered":"https:\/\/stonersmeds.com\/?post_type=product&#038;p=9315"},"modified":"2026-02-24T06:30:31","modified_gmt":"2026-02-24T04:30:31","slug":"buy-blue-dream-sativa-strain-online","status":"publish","type":"product","link":"https:\/\/stonersmeds.com\/fr\/shop\/buy-blue-dream-sativa-strain-online\/","title":{"rendered":"Achetez la vari\u00e9t\u00e9 Blue Dream Sativa en ligne"},"content":{"rendered":"<h1>Achetez la vari\u00e9t\u00e9 Blue Dream Sativa en ligne.<\/h1>\n<p>Achetez la vari\u00e9t\u00e9 Blue Dream Sativa en ligne.<\/p>\n<h4>Sativa Dominant Hybrid\u00a0\u2013\u00a060% Sativa \/ 40% Indica<\/h4>\n<h4>THC:\u00a017% \u2013 24%,\u00a0CBD:\u00a0<em>2<\/em>%,\u00a0CBN:\u00a0<em>1<\/em>%<\/h4>\n<p><strong>Effets<\/strong><br \/>\nCr\u00e9atif, \u00c9nergisant, Euphorique, Heureux<br \/>\n<strong>Peut soulager<\/strong><br \/>\nTDA\/TDAH, Anxi\u00e9t\u00e9, Trouble bipolaire, Douleur chronique, D\u00e9pression, Fatigue, Maux de t\u00eate, Hyperactivit\u00e9<br \/>\n<strong>Les saveurs<\/strong><br \/>\nBerry, myrtille, fruit\u00e9, \u00e0 base de plantes, sucr\u00e9, vanille<br \/>\n<strong>Ar\u00f4mes<\/strong><br \/>\nTerreux, Fruit\u00e9, Doux, Vanill\u00e9<\/p>\n<p>&nbsp;<\/p>\n<p>&nbsp;<\/p>\n<p>&nbsp;<\/p>\n<pre><strong>Acheter la souche Blue Dream Sativa en ligne - acheter la souche Sativa, acheter la souche Blue Dream Sativa, acheter la souche Blue Dream Sativa en ligne, o\u00f9 acheter la souche Blue Dream Sativa, la souche Blue Dream Sativa \u00e0 vendre, la souche Sativa \u00e0 vendre, acheter la souche Blue Sativa en ligne, o\u00f9 pour acheter la souche Blue Dream Sativa en ligne, la souche Blue Dream Sativa \u00e0 vendre aux \u00c9tats-Unis, aux \u00c9tats-Unis, au Canada, au Royaume-Uni, acheter, en ligne, les fournisseurs, la livraison en toute s\u00e9curit\u00e9, vous pouvez toujours obtenir la souche Blue Dream Sativa, la souche Blue Dream Sativa est-elle l\u00e9gale aux \u00c9tats-Unis, acheter Blue Dream Sativa Strain en ligne aux \u00c9tats-Unis, comment commander Blue Dream Sativa Strain , Blue Dream Sativa Strain est-il l\u00e9gal au Canada<\/strong><\/pre>","protected":false},"excerpt":{"rendered":"<p>Buy Blue Dream Sativa Strain Online.\u00a0buy weed online with or without a medical marijuana card. Mail order marijuana.<\/p>\n<pre><strong>Acheter la souche Blue Dream Sativa en ligne - acheter la souche Sativa, acheter la souche Blue Dream Sativa, acheter la souche Blue Dream Sativa en ligne, o\u00f9 acheter la souche Blue Dream Sativa, la souche Blue Dream Sativa \u00e0 vendre, la souche Sativa \u00e0 vendre, acheter la souche Blue Sativa en ligne, o\u00f9 pour acheter la souche Blue Dream Sativa en ligne, la souche Blue Dream Sativa \u00e0 vendre aux \u00c9tats-Unis, aux \u00c9tats-Unis, au Canada, au Royaume-Uni, acheter, en ligne, les fournisseurs, la livraison en toute s\u00e9curit\u00e9, vous pouvez toujours obtenir la souche Blue Dream Sativa, la souche Blue Dream Sativa est-elle l\u00e9gale aux \u00c9tats-Unis, acheter Blue Dream Sativa Strain en ligne aux \u00c9tats-Unis, comment commander Blue Dream Sativa Strain , Blue Dream Sativa Strain est-il l\u00e9gal au Canada<\/strong><\/pre>","protected":false},"featured_media":9323,"comment_status":"open","ping_status":"closed","template":"","meta":{"_bst_post_transparent":"","_bst_post_title":"","_bst_post_layout":"","_bst_post_sidebar_id":"","_bst_post_content_style":"","_bst_post_vertical_padding":"","_bst_post_feature":"","_bst_post_feature_position":"","_bst_post_header":false,"_bst_post_footer":false},"product_brand":[],"product_cat":[81],"product_tag":[],"product_brands":[],"class_list":{"0":"post-9315","1":"product","2":"type-product","3":"status-publish","4":"has-post-thumbnail","6":"product_cat-marijuana-medical-cannabis","8":"first","9":"instock","10":"shipping-taxable","11":"purchasable","12":"product-type-variable","13":"entry","14":"content-bg","15":"loop-entry"},"tiered_pricing_type":"fixed","tiered_pricing_fixed_rules":{"28":"9","50":"8","100":"7","250":"6","500":"4.5","1000":"3"},"tiered_pricing_percentage_rules":[],"tiered_pricing_minimum":1,"_administrator_tiered_pricing_type":"fixed","_administrator_tiered_pricing_fixed_rules":[],"_editor_tiered_pricing_type":"fixed","_editor_tiered_pricing_fixed_rules":[],"_author_tiered_pricing_type":"fixed","_author_tiered_pricing_fixed_rules":[],"_contributor_tiered_pricing_type":"fixed","_contributor_tiered_pricing_fixed_rules":[],"_subscriber_tiered_pricing_type":"fixed","_subscriber_tiered_pricing_fixed_rules":[],"_customer_tiered_pricing_type":"fixed","_customer_tiered_pricing_fixed_rules":[],"_shop_manager_tiered_pricing_type":"fixed","_shop_manager_tiered_pricing_fixed_rules":[],"_wpseo_manager_tiered_pricing_type":"fixed","_wpseo_manager_tiered_pricing_fixed_rules":[],"_wpseo_editor_tiered_pricing_type":"fixed","_wpseo_editor_tiered_pricing_fixed_rules":[],"yoast_head":"<!-- This site is optimized with the Yoast SEO plugin v27.2 - https:\/\/yoast.com\/product\/yoast-seo-wordpress\/ -->\n<title>Buy Blue Dream Sativa Strain Online - stonersmeds.com<\/title>\n<meta name=\"robots\" content=\"index, follow, max-snippet:-1, max-image-preview:large, max-video-preview:-1\" \/>\n<link rel=\"canonical\" href=\"https:\/\/stonersmeds.com\/fr\/shop\/buy-blue-dream-sativa-strain-online\/\" \/>\n<meta property=\"og:locale\" content=\"fr_FR\" \/>\n<meta property=\"og:type\" content=\"article\" \/>\n<meta property=\"og:title\" content=\"Buy Blue Dream Sativa Strain Online - stonersmeds.com\" \/>\n<meta property=\"og:description\" content=\"Buy Blue Dream Sativa Strain Online.\u00a0buy weed online with or without a medical marijuana card. Mail order marijuana. Buy Blue Dream Sativa Strain Online - buy Sativa Strain , buy Blue Dream Sativa Strain , buy Blue Sativa Strain online, Where to Buy Blue Dream Sativa Strain , Blue Dream Sativa Strain for sale, Sativa Strain for sale, buy Blue Sativa Strain online, where to Buy Blue Dream Sativa Strain online, Blue Dream Sativa Strain for sale in usa , USA, canada,uk, buy, online, suppliers, safe delivery, You can still get Blue Dream Sativa Strain , Is Blue Dream Sativa Strain legal in usa, buy Blue Dream Sativa Strain online usa, how to order Blue Dream Sativa Strain , Is Blue Dream Sativa Strain legal in Canada\" \/>\n<meta property=\"og:url\" content=\"https:\/\/stonersmeds.com\/fr\/shop\/buy-blue-dream-sativa-strain-online\/\" \/>\n<meta property=\"og:site_name\" content=\"stonersmeds.com\" \/>\n<meta property=\"article:modified_time\" content=\"2026-02-24T04:30:31+00:00\" \/>\n<meta property=\"og:image\" content=\"https:\/\/stonersmeds.com\/wp-content\/uploads\/2022\/03\/Buy-Blue-Dream-Sativa-Strain-Online.jpg\" \/>\n\t<meta property=\"og:image:width\" content=\"600\" \/>\n\t<meta property=\"og:image:height\" content=\"600\" \/>\n\t<meta property=\"og:image:type\" content=\"image\/jpeg\" \/>\n<meta name=\"twitter:card\" content=\"summary_large_image\" \/>\n<meta name=\"twitter:label1\" content=\"Disponibilit\u00e9\" \/>\n\t<meta name=\"twitter:data1\" content=\"En stock\" \/>\n<script type=\"application\/ld+json\" class=\"yoast-schema-graph\">{\"@context\":\"https:\/\/schema.org\",\"@graph\":[{\"@type\":\"WebPage\",\"@id\":\"https:\/\/stonersmeds.com\/shop\/buy-blue-dream-sativa-strain-online\/\",\"url\":\"https:\/\/stonersmeds.com\/shop\/buy-blue-dream-sativa-strain-online\/\",\"name\":\"Buy Blue Dream Sativa Strain Online - stonersmeds.com\",\"isPartOf\":{\"@id\":\"https:\/\/stonersmeds.com\/#website\"},\"primaryImageOfPage\":{\"@id\":\"https:\/\/stonersmeds.com\/shop\/buy-blue-dream-sativa-strain-online\/#primaryimage\"},\"image\":{\"@id\":\"https:\/\/stonersmeds.com\/shop\/buy-blue-dream-sativa-strain-online\/#primaryimage\"},\"thumbnailUrl\":\"https:\/\/stonersmeds.com\/wp-content\/uploads\/2022\/03\/Buy-Blue-Dream-Sativa-Strain-Online.jpg\",\"datePublished\":\"2022-03-11T15:24:48+00:00\",\"dateModified\":\"2026-02-24T04:30:31+00:00\",\"breadcrumb\":{\"@id\":\"https:\/\/stonersmeds.com\/shop\/buy-blue-dream-sativa-strain-online\/#breadcrumb\"},\"inLanguage\":\"fr-FR\",\"potentialAction\":[{\"@type\":\"ReadAction\",\"target\":[\"https:\/\/stonersmeds.com\/shop\/buy-blue-dream-sativa-strain-online\/\"]}]},{\"@type\":\"ImageObject\",\"inLanguage\":\"fr-FR\",\"@id\":\"https:\/\/stonersmeds.com\/shop\/buy-blue-dream-sativa-strain-online\/#primaryimage\",\"url\":\"https:\/\/stonersmeds.com\/wp-content\/uploads\/2022\/03\/Buy-Blue-Dream-Sativa-Strain-Online.jpg\",\"contentUrl\":\"https:\/\/stonersmeds.com\/wp-content\/uploads\/2022\/03\/Buy-Blue-Dream-Sativa-Strain-Online.jpg\",\"width\":600,\"height\":600},{\"@type\":\"BreadcrumbList\",\"@id\":\"https:\/\/stonersmeds.com\/shop\/buy-blue-dream-sativa-strain-online\/#breadcrumb\",\"itemListElement\":[{\"@type\":\"ListItem\",\"position\":1,\"name\":\"Home\",\"item\":\"https:\/\/stonersmeds.com\/\"},{\"@type\":\"ListItem\",\"position\":2,\"name\":\"Shop\",\"item\":\"https:\/\/stonersmeds.com\/shop\/\"},{\"@type\":\"ListItem\",\"position\":3,\"name\":\"Buy Blue Dream Sativa Strain Online\"}]},{\"@type\":\"WebSite\",\"@id\":\"https:\/\/stonersmeds.com\/#website\",\"url\":\"https:\/\/stonersmeds.com\/\",\"name\":\"stonersmeds.com\",\"description\":\"verschreibungspflichtige Medizin kaufen\",\"publisher\":{\"@id\":\"https:\/\/stonersmeds.com\/#organization\"},\"alternateName\":\"Research chemical shop\",\"potentialAction\":[{\"@type\":\"SearchAction\",\"target\":{\"@type\":\"EntryPoint\",\"urlTemplate\":\"https:\/\/stonersmeds.com\/?s={search_term_string}\"},\"query-input\":{\"@type\":\"PropertyValueSpecification\",\"valueRequired\":true,\"valueName\":\"search_term_string\"}}],\"inLanguage\":\"fr-FR\"},{\"@type\":\"Organization\",\"@id\":\"https:\/\/stonersmeds.com\/#organization\",\"name\":\"Stonersmeds Shop\",\"url\":\"https:\/\/stonersmeds.com\/\",\"logo\":{\"@type\":\"ImageObject\",\"inLanguage\":\"fr-FR\",\"@id\":\"https:\/\/stonersmeds.com\/#\/schema\/logo\/image\/\",\"url\":\"https:\/\/stonersmeds.com\/wp-content\/uploads\/2026\/02\/high-purity-DMT-powder.jpg\",\"contentUrl\":\"https:\/\/stonersmeds.com\/wp-content\/uploads\/2026\/02\/high-purity-DMT-powder.jpg\",\"width\":500,\"height\":500,\"caption\":\"Stonersmeds Shop\"},\"image\":{\"@id\":\"https:\/\/stonersmeds.com\/#\/schema\/logo\/image\/\"}}]}<\/script>\n<meta property=\"og:availability\" content=\"instock\" \/>\n<meta property=\"product:availability\" content=\"instock\" \/>\n<meta property=\"product:condition\" content=\"new\" \/>\n<!-- \/ Yoast SEO plugin. -->","yoast_head_json":{"title":"Acheter la vari\u00e9t\u00e9 Blue Dream Sativa en ligne - stonersmeds.com","robots":{"index":"index","follow":"follow","max-snippet":"max-snippet:-1","max-image-preview":"max-image-preview:large","max-video-preview":"max-video-preview:-1"},"canonical":"https:\/\/stonersmeds.com\/fr\/shop\/buy-blue-dream-sativa-strain-online\/","og_locale":"fr_FR","og_type":"article","og_title":"Buy Blue Dream Sativa Strain Online - stonersmeds.com","og_description":"Buy Blue Dream Sativa Strain Online.\u00a0buy weed online with or without a medical marijuana card. Mail order marijuana. Buy Blue Dream Sativa Strain Online - buy Sativa Strain , buy Blue Dream Sativa Strain , buy Blue Sativa Strain online, Where to Buy Blue Dream Sativa Strain , Blue Dream Sativa Strain for sale, Sativa Strain for sale, buy Blue Sativa Strain online, where to Buy Blue Dream Sativa Strain online, Blue Dream Sativa Strain for sale in usa , USA, canada,uk, buy, online, suppliers, safe delivery, You can still get Blue Dream Sativa Strain , Is Blue Dream Sativa Strain legal in usa, buy Blue Dream Sativa Strain online usa, how to order Blue Dream Sativa Strain , Is Blue Dream Sativa Strain legal in Canada","og_url":"https:\/\/stonersmeds.com\/fr\/shop\/buy-blue-dream-sativa-strain-online\/","og_site_name":"stonersmeds.com","article_modified_time":"2026-02-24T04:30:31+00:00","og_image":[{"width":600,"height":600,"url":"https:\/\/stonersmeds.com\/wp-content\/uploads\/2022\/03\/Buy-Blue-Dream-Sativa-Strain-Online.jpg","type":"image\/jpeg"}],"twitter_card":"summary_large_image","twitter_misc":{"Disponibilit\u00e9":"En stock"},"schema":{"@context":"https:\/\/schema.org","@graph":[{"@type":"WebPage","@id":"https:\/\/stonersmeds.com\/shop\/buy-blue-dream-sativa-strain-online\/","url":"https:\/\/stonersmeds.com\/shop\/buy-blue-dream-sativa-strain-online\/","name":"Acheter la vari\u00e9t\u00e9 Blue Dream Sativa en ligne - stonersmeds.com","isPartOf":{"@id":"https:\/\/stonersmeds.com\/#website"},"primaryImageOfPage":{"@id":"https:\/\/stonersmeds.com\/shop\/buy-blue-dream-sativa-strain-online\/#primaryimage"},"image":{"@id":"https:\/\/stonersmeds.com\/shop\/buy-blue-dream-sativa-strain-online\/#primaryimage"},"thumbnailUrl":"https:\/\/stonersmeds.com\/wp-content\/uploads\/2022\/03\/Buy-Blue-Dream-Sativa-Strain-Online.jpg","datePublished":"2022-03-11T15:24:48+00:00","dateModified":"2026-02-24T04:30:31+00:00","breadcrumb":{"@id":"https:\/\/stonersmeds.com\/shop\/buy-blue-dream-sativa-strain-online\/#breadcrumb"},"inLanguage":"fr-FR","potentialAction":[{"@type":"ReadAction","target":["https:\/\/stonersmeds.com\/shop\/buy-blue-dream-sativa-strain-online\/"]}]},{"@type":"ImageObject","inLanguage":"fr-FR","@id":"https:\/\/stonersmeds.com\/shop\/buy-blue-dream-sativa-strain-online\/#primaryimage","url":"https:\/\/stonersmeds.com\/wp-content\/uploads\/2022\/03\/Buy-Blue-Dream-Sativa-Strain-Online.jpg","contentUrl":"https:\/\/stonersmeds.com\/wp-content\/uploads\/2022\/03\/Buy-Blue-Dream-Sativa-Strain-Online.jpg","width":600,"height":600},{"@type":"BreadcrumbList","@id":"https:\/\/stonersmeds.com\/shop\/buy-blue-dream-sativa-strain-online\/#breadcrumb","itemListElement":[{"@type":"ListItem","position":1,"name":"Home","item":"https:\/\/stonersmeds.com\/"},{"@type":"ListItem","position":2,"name":"Shop","item":"https:\/\/stonersmeds.com\/shop\/"},{"@type":"ListItem","position":3,"name":"Buy Blue Dream Sativa Strain Online"}]},{"@type":"WebSite","@id":"https:\/\/stonersmeds.com\/#website","url":"https:\/\/stonersmeds.com\/","name":"stonersmeds.com","description":"m\u00e9dicaments \u00e0 usage unique en vente","publisher":{"@id":"https:\/\/stonersmeds.com\/#organization"},"alternateName":"Research chemical shop","potentialAction":[{"@type":"SearchAction","target":{"@type":"EntryPoint","urlTemplate":"https:\/\/stonersmeds.com\/?s={search_term_string}"},"query-input":{"@type":"PropertyValueSpecification","valueRequired":true,"valueName":"search_term_string"}}],"inLanguage":"fr-FR"},{"@type":"Organization","@id":"https:\/\/stonersmeds.com\/#organization","name":"Stonersmeds Shop","url":"https:\/\/stonersmeds.com\/","logo":{"@type":"ImageObject","inLanguage":"fr-FR","@id":"https:\/\/stonersmeds.com\/#\/schema\/logo\/image\/","url":"https:\/\/stonersmeds.com\/wp-content\/uploads\/2026\/02\/high-purity-DMT-powder.jpg","contentUrl":"https:\/\/stonersmeds.com\/wp-content\/uploads\/2026\/02\/high-purity-DMT-powder.jpg","width":500,"height":500,"caption":"Stonersmeds Shop"},"image":{"@id":"https:\/\/stonersmeds.com\/#\/schema\/logo\/image\/"}}]},"og_availability":"instock","product_availability":"instock","product_condition":"new"},"_links":{"self":[{"href":"https:\/\/stonersmeds.com\/fr\/wp-json\/wp\/v2\/product\/9315","targetHints":{"allow":["GET"]}}],"collection":[{"href":"https:\/\/stonersmeds.com\/fr\/wp-json\/wp\/v2\/product"}],"about":[{"href":"https:\/\/stonersmeds.com\/fr\/wp-json\/wp\/v2\/types\/product"}],"replies":[{"embeddable":true,"href":"https:\/\/stonersmeds.com\/fr\/wp-json\/wp\/v2\/comments?post=9315"}],"version-history":[{"count":0,"href":"https:\/\/stonersmeds.com\/fr\/wp-json\/wp\/v2\/product\/9315\/revisions"}],"wp:featuredmedia":[{"embeddable":true,"href":"https:\/\/stonersmeds.com\/fr\/wp-json\/wp\/v2\/media\/9323"}],"wp:attachment":[{"href":"https:\/\/stonersmeds.com\/fr\/wp-json\/wp\/v2\/media?parent=9315"}],"wp:term":[{"taxonomy":"product_brand","embeddable":true,"href":"https:\/\/stonersmeds.com\/fr\/wp-json\/wp\/v2\/product_brand?post=9315"},{"taxonomy":"product_cat","embeddable":true,"href":"https:\/\/stonersmeds.com\/fr\/wp-json\/wp\/v2\/product_cat?post=9315"},{"taxonomy":"product_tag","embeddable":true,"href":"https:\/\/stonersmeds.com\/fr\/wp-json\/wp\/v2\/product_tag?post=9315"},{"taxonomy":"product_brands","embeddable":true,"href":"https:\/\/stonersmeds.com\/fr\/wp-json\/wp\/v2\/product_brands?post=9315"}],"curies":[{"name":"wp","href":"https:\/\/api.w.org\/{rel}","templated":true}]}}