{"id":9686,"date":"2022-03-11T19:03:46","date_gmt":"2022-03-11T19:03:46","guid":{"rendered":"https:\/\/stonersmeds.com\/?post_type=product&#038;p=9686"},"modified":"2026-03-02T05:40:08","modified_gmt":"2026-03-02T03:40:08","slug":"buy-blueberry-nuken-shatter-top-shelf","status":"publish","type":"product","link":"https:\/\/stonersmeds.com\/fr\/shop\/buy-blueberry-nuken-shatter-top-shelf\/","title":{"rendered":"Acheter Blueberry Nuken Shatter - Top Shelf"},"content":{"rendered":"<h1>Acheter Blueberry Nuken Shatter - Top Shelf<\/h1>\n<p>Acheter Blueberry Shatter en ligne<br \/>\nBlueberry Shatter est un concentr\u00e9 d\u00e9riv\u00e9 d'une vari\u00e9t\u00e9 originale cr\u00e9\u00e9e par l'imagination florissante du l\u00e9gendaire DJ Short. La Blueberry Shatter est un extrait de premi\u00e8re qualit\u00e9 et est consid\u00e9r\u00e9e comme l'un des hybrides indica les plus \u00e9nergiques et euphorisants connus de la communaut\u00e9 du cannabis. Vous pouvez vous attendre \u00e0 un go\u00fbt d\u00e9licieux rappelant un muffin aux myrtilles frais, satur\u00e9 des notes d\u00e9licates de vanille de cette d\u00e9licieuse r\u00e2pe, couronn\u00e9 par des notes de pin qui sont croquantes \u00e0 l'expiration.<\/p>\n<p>Acheter Blueberry Shatter en ligne<br \/>\nMalheureusement, il n'est pas rare qu'il s'affaisse et se transforme en boutons cireux lorsqu'il est expos\u00e9 \u00e0 la chaleur. Mais cela ne rend pas vos coups de poing moins s\u00fbrs ou moins puissants.<\/p>\n<p>Nous n'offrons pas de remboursement si votre larme se transforme en bourgeons ou en cire. La Ink Kush, aussi convoit\u00e9e que sa parente OG Kush, est un hybride \u00e0 dominante indica avec un fort effet corporel. Dans sa variante exclusive, des poils roses \u00e9mergent de bourgeons vert clair \u00e0 peine visibles. Sous une couverture de trichomes semblables \u00e0 du sucre, avec un soup\u00e7on de parfum sucr\u00e9 \u00e0 la vanille et de bonbon.<\/p>\n<p>Achetez Blueberry Shatter, il induit une sensation durable de chaude euphorie qui monte lentement, apportant avec elle une vague de calme introspectif qui vous submerge, vous ralentit et vous distrait des pens\u00e9es rapides et parfois n\u00e9gatives qui ont tendance \u00e0 saturer votre esprit pendant une longue journ\u00e9e de travail encombr\u00e9e. Les effets stimulants et durables de cet extrait en font le choix id\u00e9al pour traiter la fatigue chronique, la douleur et le stress, en mettant l'accent sur la dissolution de la monotonie quotidienne du blues de la journ\u00e9e de travail.<\/p>\n<p>&nbsp;<\/p>\n<pre><strong>Acheter Blueberry Nuken Shatter - Top Shelf - acheter Blueberry Nuken Shatter , acheter Blueberry Nuken Shatter usa , acheter Blueberry Nuken Shatter en ligne USA , O\u00f9 acheter Blueberry Nuken Shatter , Blueberry Nuken Shatter \u00e0 vendre , Blueberry Nuken Shatter \u00e0 vendre pr\u00e8s de chez moi , acheter Blueberry Nuken Shatter en ligne pr\u00e8s de chez moi , o\u00f9 acheter Blueberry Nuken Shatter en ligne , Blueberry Nuken Shatter en vente aux USA , USA, canada,uk, acheter, en ligne, fournisseurs, livraison s\u00e9curis\u00e9e, Vous pouvez toujours obtenir Blueberry Nuken Shatter , Est-ce que Blueberry Nuken Shatter est l\u00e9gal aux USA, acheter Blueberry Nuken Shatter en ligne aux USA, comment commander Blueberry Nuken Shatter , Est-ce que Blueberry Nuken Shatter est l\u00e9gal au Canada ?<\/strong><\/pre>","protected":false},"excerpt":{"rendered":"<ul>\n<li>Livraison internationale<\/li>\n<li><strong>Cat\u00e9gorie : AAAAA<\/strong><\/li>\n<li>La commande minimale est\u00a0<strong>3,5 grammes<\/strong><\/li>\n<li><strong>Contactez-nous<\/strong>\u00a0pour les grosses commandes<\/li>\n<\/ul>\n<pre><strong>Acheter Blueberry Nuken Shatter - Top Shelf - acheter Blueberry Nuken Shatter , acheter Blueberry Nuken Shatter usa , acheter Blueberry Nuken Shatter en ligne USA , O\u00f9 acheter Blueberry Nuken Shatter , Blueberry Nuken Shatter \u00e0 vendre , Blueberry Nuken Shatter \u00e0 vendre pr\u00e8s de chez moi , acheter Blueberry Nuken Shatter en ligne pr\u00e8s de chez moi , o\u00f9 acheter Blueberry Nuken Shatter en ligne , Blueberry Nuken Shatter en vente aux USA , USA, canada,uk, acheter, en ligne, fournisseurs, livraison s\u00e9curis\u00e9e, Vous pouvez toujours obtenir Blueberry Nuken Shatter , Est-ce que Blueberry Nuken Shatter est l\u00e9gal aux USA, acheter Blueberry Nuken Shatter en ligne aux USA, comment commander Blueberry Nuken Shatter , Est-ce que Blueberry Nuken Shatter est l\u00e9gal au Canada ?<\/strong><\/pre>","protected":false},"featured_media":9701,"comment_status":"open","ping_status":"closed","template":"","meta":{"_bst_post_transparent":"","_bst_post_title":"","_bst_post_layout":"","_bst_post_sidebar_id":"","_bst_post_content_style":"","_bst_post_vertical_padding":"","_bst_post_feature":"","_bst_post_feature_position":"","_bst_post_header":false,"_bst_post_footer":false},"product_brand":[],"product_cat":[78],"product_tag":[],"product_brands":[],"class_list":{"0":"post-9686","1":"product","2":"type-product","3":"status-publish","4":"has-post-thumbnail","6":"product_cat-shatter","8":"first","9":"instock","10":"shipping-taxable","11":"purchasable","12":"product-type-variable","13":"entry","14":"content-bg","15":"loop-entry"},"tiered_pricing_type":"fixed","tiered_pricing_fixed_rules":[],"tiered_pricing_percentage_rules":[],"tiered_pricing_minimum":1,"_administrator_tiered_pricing_type":"fixed","_administrator_tiered_pricing_fixed_rules":[],"_editor_tiered_pricing_type":"fixed","_editor_tiered_pricing_fixed_rules":[],"_author_tiered_pricing_type":"fixed","_author_tiered_pricing_fixed_rules":[],"_contributor_tiered_pricing_type":"fixed","_contributor_tiered_pricing_fixed_rules":[],"_subscriber_tiered_pricing_type":"fixed","_subscriber_tiered_pricing_fixed_rules":[],"_customer_tiered_pricing_type":"fixed","_customer_tiered_pricing_fixed_rules":[],"_shop_manager_tiered_pricing_type":"fixed","_shop_manager_tiered_pricing_fixed_rules":[],"_wpseo_manager_tiered_pricing_type":"fixed","_wpseo_manager_tiered_pricing_fixed_rules":[],"_wpseo_editor_tiered_pricing_type":"fixed","_wpseo_editor_tiered_pricing_fixed_rules":[],"yoast_head":"<!-- This site is optimized with the Yoast SEO plugin v27.2 - https:\/\/yoast.com\/product\/yoast-seo-wordpress\/ -->\n<title>Buy Blueberry Nuken Shatter \u2013 Top Shelf - Cheap price, top quality<\/title>\n<meta name=\"description\" content=\"Buy Blueberry Nuken Shatter Online at an affordable price at stonersmeds. Our hash has high THC, best quality you will find\" \/>\n<meta name=\"robots\" content=\"index, follow, max-snippet:-1, max-image-preview:large, max-video-preview:-1\" \/>\n<link rel=\"canonical\" href=\"https:\/\/stonersmeds.com\/fr\/shop\/buy-blueberry-nuken-shatter-top-shelf\/\" \/>\n<meta property=\"og:locale\" content=\"fr_FR\" \/>\n<meta property=\"og:type\" content=\"article\" \/>\n<meta property=\"og:title\" content=\"Buy Blueberry Nuken Shatter \u2013 Top Shelf - Cheap price, top quality\" \/>\n<meta property=\"og:description\" content=\"Buy Blueberry Nuken Shatter Online at an affordable price at stonersmeds. Our hash has high THC, best quality you will find\" \/>\n<meta property=\"og:url\" content=\"https:\/\/stonersmeds.com\/fr\/shop\/buy-blueberry-nuken-shatter-top-shelf\/\" \/>\n<meta property=\"og:site_name\" content=\"stonersmeds.com\" \/>\n<meta property=\"article:modified_time\" content=\"2026-03-02T03:40:08+00:00\" \/>\n<meta property=\"og:image\" content=\"https:\/\/stonersmeds.com\/wp-content\/uploads\/2022\/03\/Buy-Blueberry-Nuken-Shatter.jpg\" \/>\n\t<meta property=\"og:image:width\" content=\"600\" \/>\n\t<meta property=\"og:image:height\" content=\"600\" \/>\n\t<meta property=\"og:image:type\" content=\"image\/jpeg\" \/>\n<meta name=\"twitter:card\" content=\"summary_large_image\" \/>\n<meta name=\"twitter:label1\" content=\"Disponibilit\u00e9\" \/>\n\t<meta name=\"twitter:data1\" content=\"En stock\" \/>\n<script type=\"application\/ld+json\" class=\"yoast-schema-graph\">{\"@context\":\"https:\/\/schema.org\",\"@graph\":[{\"@type\":\"WebPage\",\"@id\":\"https:\/\/stonersmeds.com\/shop\/buy-blueberry-nuken-shatter-top-shelf\/\",\"url\":\"https:\/\/stonersmeds.com\/shop\/buy-blueberry-nuken-shatter-top-shelf\/\",\"name\":\"Buy Blueberry Nuken Shatter \u2013 Top Shelf - Cheap price, top quality\",\"isPartOf\":{\"@id\":\"https:\/\/stonersmeds.com\/#website\"},\"primaryImageOfPage\":{\"@id\":\"https:\/\/stonersmeds.com\/shop\/buy-blueberry-nuken-shatter-top-shelf\/#primaryimage\"},\"image\":{\"@id\":\"https:\/\/stonersmeds.com\/shop\/buy-blueberry-nuken-shatter-top-shelf\/#primaryimage\"},\"thumbnailUrl\":\"https:\/\/stonersmeds.com\/wp-content\/uploads\/2022\/03\/Buy-Blueberry-Nuken-Shatter.jpg\",\"datePublished\":\"2022-03-11T19:03:46+00:00\",\"dateModified\":\"2026-03-02T03:40:08+00:00\",\"description\":\"Buy Blueberry Nuken Shatter Online at an affordable price at stonersmeds. Our hash has high THC, best quality you will find\",\"breadcrumb\":{\"@id\":\"https:\/\/stonersmeds.com\/shop\/buy-blueberry-nuken-shatter-top-shelf\/#breadcrumb\"},\"inLanguage\":\"fr-FR\",\"potentialAction\":[{\"@type\":\"ReadAction\",\"target\":[\"https:\/\/stonersmeds.com\/shop\/buy-blueberry-nuken-shatter-top-shelf\/\"]}]},{\"@type\":\"ImageObject\",\"inLanguage\":\"fr-FR\",\"@id\":\"https:\/\/stonersmeds.com\/shop\/buy-blueberry-nuken-shatter-top-shelf\/#primaryimage\",\"url\":\"https:\/\/stonersmeds.com\/wp-content\/uploads\/2022\/03\/Buy-Blueberry-Nuken-Shatter.jpg\",\"contentUrl\":\"https:\/\/stonersmeds.com\/wp-content\/uploads\/2022\/03\/Buy-Blueberry-Nuken-Shatter.jpg\",\"width\":600,\"height\":600},{\"@type\":\"BreadcrumbList\",\"@id\":\"https:\/\/stonersmeds.com\/shop\/buy-blueberry-nuken-shatter-top-shelf\/#breadcrumb\",\"itemListElement\":[{\"@type\":\"ListItem\",\"position\":1,\"name\":\"Home\",\"item\":\"https:\/\/stonersmeds.com\/\"},{\"@type\":\"ListItem\",\"position\":2,\"name\":\"Shop\",\"item\":\"https:\/\/stonersmeds.com\/shop\/\"},{\"@type\":\"ListItem\",\"position\":3,\"name\":\"Buy Blueberry Nuken Shatter \u2013 Top Shelf\"}]},{\"@type\":\"WebSite\",\"@id\":\"https:\/\/stonersmeds.com\/#website\",\"url\":\"https:\/\/stonersmeds.com\/\",\"name\":\"stonersmeds.com\",\"description\":\"verschreibungspflichtige Medizin kaufen\",\"publisher\":{\"@id\":\"https:\/\/stonersmeds.com\/#organization\"},\"alternateName\":\"Research chemical shop\",\"potentialAction\":[{\"@type\":\"SearchAction\",\"target\":{\"@type\":\"EntryPoint\",\"urlTemplate\":\"https:\/\/stonersmeds.com\/?s={search_term_string}\"},\"query-input\":{\"@type\":\"PropertyValueSpecification\",\"valueRequired\":true,\"valueName\":\"search_term_string\"}}],\"inLanguage\":\"fr-FR\"},{\"@type\":\"Organization\",\"@id\":\"https:\/\/stonersmeds.com\/#organization\",\"name\":\"Stonersmeds Shop\",\"url\":\"https:\/\/stonersmeds.com\/\",\"logo\":{\"@type\":\"ImageObject\",\"inLanguage\":\"fr-FR\",\"@id\":\"https:\/\/stonersmeds.com\/#\/schema\/logo\/image\/\",\"url\":\"https:\/\/stonersmeds.com\/wp-content\/uploads\/2026\/02\/high-purity-DMT-powder.jpg\",\"contentUrl\":\"https:\/\/stonersmeds.com\/wp-content\/uploads\/2026\/02\/high-purity-DMT-powder.jpg\",\"width\":500,\"height\":500,\"caption\":\"Stonersmeds Shop\"},\"image\":{\"@id\":\"https:\/\/stonersmeds.com\/#\/schema\/logo\/image\/\"}}]}<\/script>\n<meta property=\"og:availability\" content=\"instock\" \/>\n<meta property=\"product:availability\" content=\"instock\" \/>\n<meta property=\"product:condition\" content=\"new\" \/>\n<!-- \/ Yoast SEO plugin. -->","yoast_head_json":{"title":"Acheter Blueberry Nuken Shatter - Top Shelf - Prix bas, qualit\u00e9 sup\u00e9rieure","description":"Achetez Blueberry Nuken Shatter en ligne \u00e0 un prix abordable chez stonersmeds. Notre hash a un taux de THC \u00e9lev\u00e9, la meilleure qualit\u00e9 que vous trouverez.","robots":{"index":"index","follow":"follow","max-snippet":"max-snippet:-1","max-image-preview":"max-image-preview:large","max-video-preview":"max-video-preview:-1"},"canonical":"https:\/\/stonersmeds.com\/fr\/shop\/buy-blueberry-nuken-shatter-top-shelf\/","og_locale":"fr_FR","og_type":"article","og_title":"Buy Blueberry Nuken Shatter \u2013 Top Shelf - Cheap price, top quality","og_description":"Buy Blueberry Nuken Shatter Online at an affordable price at stonersmeds. Our hash has high THC, best quality you will find","og_url":"https:\/\/stonersmeds.com\/fr\/shop\/buy-blueberry-nuken-shatter-top-shelf\/","og_site_name":"stonersmeds.com","article_modified_time":"2026-03-02T03:40:08+00:00","og_image":[{"width":600,"height":600,"url":"https:\/\/stonersmeds.com\/wp-content\/uploads\/2022\/03\/Buy-Blueberry-Nuken-Shatter.jpg","type":"image\/jpeg"}],"twitter_card":"summary_large_image","twitter_misc":{"Disponibilit\u00e9":"En stock"},"schema":{"@context":"https:\/\/schema.org","@graph":[{"@type":"WebPage","@id":"https:\/\/stonersmeds.com\/shop\/buy-blueberry-nuken-shatter-top-shelf\/","url":"https:\/\/stonersmeds.com\/shop\/buy-blueberry-nuken-shatter-top-shelf\/","name":"Acheter Blueberry Nuken Shatter - Top Shelf - Prix bas, qualit\u00e9 sup\u00e9rieure","isPartOf":{"@id":"https:\/\/stonersmeds.com\/#website"},"primaryImageOfPage":{"@id":"https:\/\/stonersmeds.com\/shop\/buy-blueberry-nuken-shatter-top-shelf\/#primaryimage"},"image":{"@id":"https:\/\/stonersmeds.com\/shop\/buy-blueberry-nuken-shatter-top-shelf\/#primaryimage"},"thumbnailUrl":"https:\/\/stonersmeds.com\/wp-content\/uploads\/2022\/03\/Buy-Blueberry-Nuken-Shatter.jpg","datePublished":"2022-03-11T19:03:46+00:00","dateModified":"2026-03-02T03:40:08+00:00","description":"Achetez Blueberry Nuken Shatter en ligne \u00e0 un prix abordable chez stonersmeds. Notre hash a un taux de THC \u00e9lev\u00e9, la meilleure qualit\u00e9 que vous trouverez.","breadcrumb":{"@id":"https:\/\/stonersmeds.com\/shop\/buy-blueberry-nuken-shatter-top-shelf\/#breadcrumb"},"inLanguage":"fr-FR","potentialAction":[{"@type":"ReadAction","target":["https:\/\/stonersmeds.com\/shop\/buy-blueberry-nuken-shatter-top-shelf\/"]}]},{"@type":"ImageObject","inLanguage":"fr-FR","@id":"https:\/\/stonersmeds.com\/shop\/buy-blueberry-nuken-shatter-top-shelf\/#primaryimage","url":"https:\/\/stonersmeds.com\/wp-content\/uploads\/2022\/03\/Buy-Blueberry-Nuken-Shatter.jpg","contentUrl":"https:\/\/stonersmeds.com\/wp-content\/uploads\/2022\/03\/Buy-Blueberry-Nuken-Shatter.jpg","width":600,"height":600},{"@type":"BreadcrumbList","@id":"https:\/\/stonersmeds.com\/shop\/buy-blueberry-nuken-shatter-top-shelf\/#breadcrumb","itemListElement":[{"@type":"ListItem","position":1,"name":"Home","item":"https:\/\/stonersmeds.com\/"},{"@type":"ListItem","position":2,"name":"Shop","item":"https:\/\/stonersmeds.com\/shop\/"},{"@type":"ListItem","position":3,"name":"Buy Blueberry Nuken Shatter \u2013 Top Shelf"}]},{"@type":"WebSite","@id":"https:\/\/stonersmeds.com\/#website","url":"https:\/\/stonersmeds.com\/","name":"stonersmeds.com","description":"m\u00e9dicaments \u00e0 usage unique en vente","publisher":{"@id":"https:\/\/stonersmeds.com\/#organization"},"alternateName":"Research chemical shop","potentialAction":[{"@type":"SearchAction","target":{"@type":"EntryPoint","urlTemplate":"https:\/\/stonersmeds.com\/?s={search_term_string}"},"query-input":{"@type":"PropertyValueSpecification","valueRequired":true,"valueName":"search_term_string"}}],"inLanguage":"fr-FR"},{"@type":"Organization","@id":"https:\/\/stonersmeds.com\/#organization","name":"Stonersmeds Shop","url":"https:\/\/stonersmeds.com\/","logo":{"@type":"ImageObject","inLanguage":"fr-FR","@id":"https:\/\/stonersmeds.com\/#\/schema\/logo\/image\/","url":"https:\/\/stonersmeds.com\/wp-content\/uploads\/2026\/02\/high-purity-DMT-powder.jpg","contentUrl":"https:\/\/stonersmeds.com\/wp-content\/uploads\/2026\/02\/high-purity-DMT-powder.jpg","width":500,"height":500,"caption":"Stonersmeds Shop"},"image":{"@id":"https:\/\/stonersmeds.com\/#\/schema\/logo\/image\/"}}]},"og_availability":"instock","product_availability":"instock","product_condition":"new"},"_links":{"self":[{"href":"https:\/\/stonersmeds.com\/fr\/wp-json\/wp\/v2\/product\/9686","targetHints":{"allow":["GET"]}}],"collection":[{"href":"https:\/\/stonersmeds.com\/fr\/wp-json\/wp\/v2\/product"}],"about":[{"href":"https:\/\/stonersmeds.com\/fr\/wp-json\/wp\/v2\/types\/product"}],"replies":[{"embeddable":true,"href":"https:\/\/stonersmeds.com\/fr\/wp-json\/wp\/v2\/comments?post=9686"}],"version-history":[{"count":0,"href":"https:\/\/stonersmeds.com\/fr\/wp-json\/wp\/v2\/product\/9686\/revisions"}],"wp:featuredmedia":[{"embeddable":true,"href":"https:\/\/stonersmeds.com\/fr\/wp-json\/wp\/v2\/media\/9701"}],"wp:attachment":[{"href":"https:\/\/stonersmeds.com\/fr\/wp-json\/wp\/v2\/media?parent=9686"}],"wp:term":[{"taxonomy":"product_brand","embeddable":true,"href":"https:\/\/stonersmeds.com\/fr\/wp-json\/wp\/v2\/product_brand?post=9686"},{"taxonomy":"product_cat","embeddable":true,"href":"https:\/\/stonersmeds.com\/fr\/wp-json\/wp\/v2\/product_cat?post=9686"},{"taxonomy":"product_tag","embeddable":true,"href":"https:\/\/stonersmeds.com\/fr\/wp-json\/wp\/v2\/product_tag?post=9686"},{"taxonomy":"product_brands","embeddable":true,"href":"https:\/\/stonersmeds.com\/fr\/wp-json\/wp\/v2\/product_brands?post=9686"}],"curies":[{"name":"wp","href":"https:\/\/api.w.org\/{rel}","templated":true}]}}