{"id":9828,"date":"2022-03-12T02:41:29","date_gmt":"2022-03-12T02:41:29","guid":{"rendered":"https:\/\/stonersmeds.com\/?post_type=product&#038;p=9828"},"modified":"2026-03-01T11:30:06","modified_gmt":"2026-03-01T09:30:06","slug":"buy-fentanyl-tablets-online","status":"publish","type":"product","link":"https:\/\/stonersmeds.com\/fr\/shop\/buy-fentanyl-tablets-online\/","title":{"rendered":"Acheter des comprim\u00e9s de fentanyl en ligne"},"content":{"rendered":"<h1>Acheter des comprim\u00e9s de fentanyl en ligne<\/h1>\n<p>A quoi sert le fentanyl :<br \/>\nUtilis\u00e9 pour soulager la douleur<\/p>\n<p>Comment fonctionne le fentanyl\u00a0:<br \/>\nLe fentanyl r\u00e9duit la sensation et la r\u00e9ponse \u00e0 la douleur.<\/p>\n<p>Comment le fentanyl doit-il \u00eatre utilis\u00e9\u00a0:<br \/>\nNe pas prendre ce m\u00e9dicament <a href=\"https:\/\/stonersmeds.com\/fr\/etiquette-produit\/pain-medication-without-doctor-prescription\/\">des m\u00e9dicaments avec d'autres analg\u00e9siques puissants sans en parler \u00e0 votre m\u00e9decin<\/a> d'abord. Buvez beaucoup de liquides d\u00e9caf\u00e9in\u00e9s, \u00e0 moins que votre m\u00e9decin ne vous dise de boire moins. Tenez un journal de la douleur.<\/p>\n<div><\/div>\n<div><\/div>\n<div><\/div>\n<div><\/div>\n<pre><strong>Acheter des comprim\u00e9s de fentanyl en ligne - acheter du fentanyl, acheter des comprim\u00e9s de fentanyl, acheter du fentanyl en ligne, O\u00f9 acheter des comprim\u00e9s de fentanyl, des comprim\u00e9s de fentanyl \u00e0 vendre, du fentanyl \u00e0 vendre, acheter des comprim\u00e9s en ligne, o\u00f9 acheter des comprim\u00e9s de fentanyl en ligne, des comprim\u00e9s de fentanyl \u00e0 vendre aux \u00c9tats-Unis, \u00c9tats-Unis , Canada, Royaume-Uni, acheter, en ligne, fournisseurs, livraison en toute s\u00e9curit\u00e9, Vous pouvez toujours obtenir des comprim\u00e9s de fentanyl, Les comprim\u00e9s de fentanyl sont-ils l\u00e9gaux aux \u00c9tats-Unis, acheter des comprim\u00e9s de fentanyl en ligne aux \u00c9tats-Unis, comment commander des comprim\u00e9s de fentanyl, Les comprim\u00e9s de fentanyl sont-ils l\u00e9gaux au Canada<\/strong><\/pre>","protected":false},"excerpt":{"rendered":"<p><strong>200mcg ..........................$4 \/ Pilule<\/strong><\/p>\n<p>Le fentanyl est disponible sous la forme de quatre produits transmuqueux diff\u00e9rents et de plusieurs autres types de produits. Le m\u00e9dicament contenu dans chaque produit est absorb\u00e9 diff\u00e9remment par l&#039;organisme, de sorte qu&#039;un produit ne peut pas \u00eatre remplac\u00e9 par un autre. Lorsque vous passez d&#039;un produit \u00e0 un autre, votre m\u00e9decin vous prescrira la dose qui vous convient le mieux.<\/p>\n<pre><strong>Acheter des comprim\u00e9s de fentanyl en ligne - acheter du fentanyl, acheter des comprim\u00e9s de fentanyl, acheter du fentanyl en ligne, O\u00f9 acheter des comprim\u00e9s de fentanyl, des comprim\u00e9s de fentanyl \u00e0 vendre, du fentanyl \u00e0 vendre, acheter des comprim\u00e9s en ligne, o\u00f9 acheter des comprim\u00e9s de fentanyl en ligne, des comprim\u00e9s de fentanyl \u00e0 vendre aux \u00c9tats-Unis, \u00c9tats-Unis , Canada, Royaume-Uni, acheter, en ligne, fournisseurs, livraison en toute s\u00e9curit\u00e9, Vous pouvez toujours obtenir des comprim\u00e9s de fentanyl, Les comprim\u00e9s de fentanyl sont-ils l\u00e9gaux aux \u00c9tats-Unis, acheter des comprim\u00e9s de fentanyl en ligne aux \u00c9tats-Unis, comment commander des comprim\u00e9s de fentanyl, Les comprim\u00e9s de fentanyl sont-ils l\u00e9gaux au Canada<\/strong><\/pre>","protected":false},"featured_media":9837,"comment_status":"open","ping_status":"closed","template":"","meta":{"_bst_post_transparent":"","_bst_post_title":"","_bst_post_layout":"","_bst_post_sidebar_id":"","_bst_post_content_style":"","_bst_post_vertical_padding":"","_bst_post_feature":"","_bst_post_feature_position":"","_bst_post_header":false,"_bst_post_footer":false},"product_brand":[],"product_cat":[769,77,771],"product_tag":[],"product_brands":[],"class_list":{"0":"post-9828","1":"product","2":"type-product","3":"status-publish","4":"has-post-thumbnail","6":"product_cat-pain-pills","7":"product_cat-pain-sleeping-sex-pills","8":"product_cat-sex-pills","10":"first","11":"instock","12":"shipping-taxable","13":"purchasable","14":"product-type-variable","15":"entry","16":"content-bg","17":"loop-entry"},"tiered_pricing_type":"fixed","tiered_pricing_fixed_rules":[],"tiered_pricing_percentage_rules":[],"tiered_pricing_minimum":1,"_administrator_tiered_pricing_type":"fixed","_administrator_tiered_pricing_fixed_rules":[],"_editor_tiered_pricing_type":"fixed","_editor_tiered_pricing_fixed_rules":[],"_author_tiered_pricing_type":"fixed","_author_tiered_pricing_fixed_rules":[],"_contributor_tiered_pricing_type":"fixed","_contributor_tiered_pricing_fixed_rules":[],"_subscriber_tiered_pricing_type":"fixed","_subscriber_tiered_pricing_fixed_rules":[],"_customer_tiered_pricing_type":"fixed","_customer_tiered_pricing_fixed_rules":[],"_shop_manager_tiered_pricing_type":"fixed","_shop_manager_tiered_pricing_fixed_rules":[],"_wpseo_manager_tiered_pricing_type":"fixed","_wpseo_manager_tiered_pricing_fixed_rules":[],"_wpseo_editor_tiered_pricing_type":"fixed","_wpseo_editor_tiered_pricing_fixed_rules":[],"yoast_head":"<!-- This site is optimized with the Yoast SEO plugin v27.2 - https:\/\/yoast.com\/product\/yoast-seo-wordpress\/ -->\n<title>Buy fentanyl tablets online - Fast and safe delivery<\/title>\n<meta name=\"description\" content=\"Buy fentanyl tablets, Order safely &amp; maintain your privacy No prescription necessary Discreet standard shipping at Low prices.\" \/>\n<meta name=\"robots\" content=\"index, follow, max-snippet:-1, max-image-preview:large, max-video-preview:-1\" \/>\n<link rel=\"canonical\" href=\"https:\/\/stonersmeds.com\/fr\/shop\/buy-fentanyl-tablets-online\/\" \/>\n<meta property=\"og:locale\" content=\"fr_FR\" \/>\n<meta property=\"og:type\" content=\"article\" \/>\n<meta property=\"og:title\" content=\"Buy fentanyl tablets online - Fast and safe delivery\" \/>\n<meta property=\"og:description\" content=\"Buy fentanyl tablets, Order safely &amp; maintain your privacy No prescription necessary Discreet standard shipping at Low prices.\" \/>\n<meta property=\"og:url\" content=\"https:\/\/stonersmeds.com\/fr\/shop\/buy-fentanyl-tablets-online\/\" \/>\n<meta property=\"og:site_name\" content=\"stonersmeds.com\" \/>\n<meta property=\"article:modified_time\" content=\"2026-03-01T09:30:06+00:00\" \/>\n<meta property=\"og:image\" content=\"https:\/\/stonersmeds.com\/wp-content\/uploads\/2022\/03\/buy-fentanyl-tablets-online-1.jpg\" \/>\n\t<meta property=\"og:image:width\" content=\"600\" \/>\n\t<meta property=\"og:image:height\" content=\"600\" \/>\n\t<meta property=\"og:image:type\" content=\"image\/jpeg\" \/>\n<meta name=\"twitter:card\" content=\"summary_large_image\" \/>\n<meta name=\"twitter:label1\" content=\"Disponibilit\u00e9\" \/>\n\t<meta name=\"twitter:data1\" content=\"En stock\" \/>\n<script type=\"application\/ld+json\" class=\"yoast-schema-graph\">{\"@context\":\"https:\/\/schema.org\",\"@graph\":[{\"@type\":\"WebPage\",\"@id\":\"https:\/\/stonersmeds.com\/de\/shop\/buy-fentanyl-tablets-online\/\",\"url\":\"https:\/\/stonersmeds.com\/de\/shop\/buy-fentanyl-tablets-online\/\",\"name\":\"Buy fentanyl tablets online - Fast and safe delivery\",\"isPartOf\":{\"@id\":\"https:\/\/stonersmeds.com\/#website\"},\"primaryImageOfPage\":{\"@id\":\"https:\/\/stonersmeds.com\/de\/shop\/buy-fentanyl-tablets-online\/#primaryimage\"},\"image\":{\"@id\":\"https:\/\/stonersmeds.com\/de\/shop\/buy-fentanyl-tablets-online\/#primaryimage\"},\"thumbnailUrl\":\"https:\/\/stonersmeds.com\/wp-content\/uploads\/2022\/03\/buy-fentanyl-tablets-online-1.jpg\",\"datePublished\":\"2022-03-12T02:41:29+00:00\",\"dateModified\":\"2026-03-01T09:30:06+00:00\",\"description\":\"Buy fentanyl tablets, Order safely & maintain your privacy No prescription necessary Discreet standard shipping at Low prices.\",\"breadcrumb\":{\"@id\":\"https:\/\/stonersmeds.com\/de\/shop\/buy-fentanyl-tablets-online\/#breadcrumb\"},\"inLanguage\":\"fr-FR\",\"potentialAction\":[{\"@type\":\"ReadAction\",\"target\":[\"https:\/\/stonersmeds.com\/de\/shop\/buy-fentanyl-tablets-online\/\"]}]},{\"@type\":\"ImageObject\",\"inLanguage\":\"fr-FR\",\"@id\":\"https:\/\/stonersmeds.com\/de\/shop\/buy-fentanyl-tablets-online\/#primaryimage\",\"url\":\"https:\/\/stonersmeds.com\/wp-content\/uploads\/2022\/03\/buy-fentanyl-tablets-online-1.jpg\",\"contentUrl\":\"https:\/\/stonersmeds.com\/wp-content\/uploads\/2022\/03\/buy-fentanyl-tablets-online-1.jpg\",\"width\":600,\"height\":600},{\"@type\":\"BreadcrumbList\",\"@id\":\"https:\/\/stonersmeds.com\/de\/shop\/buy-fentanyl-tablets-online\/#breadcrumb\",\"itemListElement\":[{\"@type\":\"ListItem\",\"position\":1,\"name\":\"Home\",\"item\":\"https:\/\/stonersmeds.com\/\"},{\"@type\":\"ListItem\",\"position\":2,\"name\":\"Shop\",\"item\":\"https:\/\/stonersmeds.com\/shop\/\"},{\"@type\":\"ListItem\",\"position\":3,\"name\":\"Buy fentanyl tablets online\"}]},{\"@type\":\"WebSite\",\"@id\":\"https:\/\/stonersmeds.com\/#website\",\"url\":\"https:\/\/stonersmeds.com\/\",\"name\":\"stonersmeds.com\",\"description\":\"verschreibungspflichtige Medizin kaufen\",\"publisher\":{\"@id\":\"https:\/\/stonersmeds.com\/#organization\"},\"alternateName\":\"Research chemical shop\",\"potentialAction\":[{\"@type\":\"SearchAction\",\"target\":{\"@type\":\"EntryPoint\",\"urlTemplate\":\"https:\/\/stonersmeds.com\/?s={search_term_string}\"},\"query-input\":{\"@type\":\"PropertyValueSpecification\",\"valueRequired\":true,\"valueName\":\"search_term_string\"}}],\"inLanguage\":\"fr-FR\"},{\"@type\":\"Organization\",\"@id\":\"https:\/\/stonersmeds.com\/#organization\",\"name\":\"Stonersmeds Shop\",\"url\":\"https:\/\/stonersmeds.com\/\",\"logo\":{\"@type\":\"ImageObject\",\"inLanguage\":\"fr-FR\",\"@id\":\"https:\/\/stonersmeds.com\/#\/schema\/logo\/image\/\",\"url\":\"https:\/\/stonersmeds.com\/wp-content\/uploads\/2026\/02\/high-purity-DMT-powder.jpg\",\"contentUrl\":\"https:\/\/stonersmeds.com\/wp-content\/uploads\/2026\/02\/high-purity-DMT-powder.jpg\",\"width\":500,\"height\":500,\"caption\":\"Stonersmeds Shop\"},\"image\":{\"@id\":\"https:\/\/stonersmeds.com\/#\/schema\/logo\/image\/\"}}]}<\/script>\n<meta property=\"og:availability\" content=\"instock\" \/>\n<meta property=\"product:availability\" content=\"instock\" \/>\n<meta property=\"product:condition\" content=\"new\" \/>\n<!-- \/ Yoast SEO plugin. -->","yoast_head_json":{"title":"Acheter des comprim\u00e9s de fentanyl en ligne - Livraison rapide et s\u00e9curis\u00e9e","description":"Achetez des comprim\u00e9s de fentanyl, commandez en toute s\u00e9curit\u00e9 et pr\u00e9servez votre vie priv\u00e9e Aucune ordonnance n\u00e9cessaire Exp\u00e9dition standard discr\u00e8te \u00e0 bas prix.","robots":{"index":"index","follow":"follow","max-snippet":"max-snippet:-1","max-image-preview":"max-image-preview:large","max-video-preview":"max-video-preview:-1"},"canonical":"https:\/\/stonersmeds.com\/fr\/shop\/buy-fentanyl-tablets-online\/","og_locale":"fr_FR","og_type":"article","og_title":"Buy fentanyl tablets online - Fast and safe delivery","og_description":"Buy fentanyl tablets, Order safely & maintain your privacy No prescription necessary Discreet standard shipping at Low prices.","og_url":"https:\/\/stonersmeds.com\/fr\/shop\/buy-fentanyl-tablets-online\/","og_site_name":"stonersmeds.com","article_modified_time":"2026-03-01T09:30:06+00:00","og_image":[{"width":600,"height":600,"url":"https:\/\/stonersmeds.com\/wp-content\/uploads\/2022\/03\/buy-fentanyl-tablets-online-1.jpg","type":"image\/jpeg"}],"twitter_card":"summary_large_image","twitter_misc":{"Disponibilit\u00e9":"En stock"},"schema":{"@context":"https:\/\/schema.org","@graph":[{"@type":"WebPage","@id":"https:\/\/stonersmeds.com\/de\/shop\/buy-fentanyl-tablets-online\/","url":"https:\/\/stonersmeds.com\/de\/shop\/buy-fentanyl-tablets-online\/","name":"Acheter des comprim\u00e9s de fentanyl en ligne - Livraison rapide et s\u00e9curis\u00e9e","isPartOf":{"@id":"https:\/\/stonersmeds.com\/#website"},"primaryImageOfPage":{"@id":"https:\/\/stonersmeds.com\/de\/shop\/buy-fentanyl-tablets-online\/#primaryimage"},"image":{"@id":"https:\/\/stonersmeds.com\/de\/shop\/buy-fentanyl-tablets-online\/#primaryimage"},"thumbnailUrl":"https:\/\/stonersmeds.com\/wp-content\/uploads\/2022\/03\/buy-fentanyl-tablets-online-1.jpg","datePublished":"2022-03-12T02:41:29+00:00","dateModified":"2026-03-01T09:30:06+00:00","description":"Achetez des comprim\u00e9s de fentanyl, commandez en toute s\u00e9curit\u00e9 et pr\u00e9servez votre vie priv\u00e9e Aucune ordonnance n\u00e9cessaire Exp\u00e9dition standard discr\u00e8te \u00e0 bas prix.","breadcrumb":{"@id":"https:\/\/stonersmeds.com\/de\/shop\/buy-fentanyl-tablets-online\/#breadcrumb"},"inLanguage":"fr-FR","potentialAction":[{"@type":"ReadAction","target":["https:\/\/stonersmeds.com\/de\/shop\/buy-fentanyl-tablets-online\/"]}]},{"@type":"ImageObject","inLanguage":"fr-FR","@id":"https:\/\/stonersmeds.com\/de\/shop\/buy-fentanyl-tablets-online\/#primaryimage","url":"https:\/\/stonersmeds.com\/wp-content\/uploads\/2022\/03\/buy-fentanyl-tablets-online-1.jpg","contentUrl":"https:\/\/stonersmeds.com\/wp-content\/uploads\/2022\/03\/buy-fentanyl-tablets-online-1.jpg","width":600,"height":600},{"@type":"BreadcrumbList","@id":"https:\/\/stonersmeds.com\/de\/shop\/buy-fentanyl-tablets-online\/#breadcrumb","itemListElement":[{"@type":"ListItem","position":1,"name":"Home","item":"https:\/\/stonersmeds.com\/"},{"@type":"ListItem","position":2,"name":"Shop","item":"https:\/\/stonersmeds.com\/shop\/"},{"@type":"ListItem","position":3,"name":"Buy fentanyl tablets online"}]},{"@type":"WebSite","@id":"https:\/\/stonersmeds.com\/#website","url":"https:\/\/stonersmeds.com\/","name":"stonersmeds.com","description":"m\u00e9dicaments \u00e0 usage unique en vente","publisher":{"@id":"https:\/\/stonersmeds.com\/#organization"},"alternateName":"Research chemical shop","potentialAction":[{"@type":"SearchAction","target":{"@type":"EntryPoint","urlTemplate":"https:\/\/stonersmeds.com\/?s={search_term_string}"},"query-input":{"@type":"PropertyValueSpecification","valueRequired":true,"valueName":"search_term_string"}}],"inLanguage":"fr-FR"},{"@type":"Organization","@id":"https:\/\/stonersmeds.com\/#organization","name":"Stonersmeds Shop","url":"https:\/\/stonersmeds.com\/","logo":{"@type":"ImageObject","inLanguage":"fr-FR","@id":"https:\/\/stonersmeds.com\/#\/schema\/logo\/image\/","url":"https:\/\/stonersmeds.com\/wp-content\/uploads\/2026\/02\/high-purity-DMT-powder.jpg","contentUrl":"https:\/\/stonersmeds.com\/wp-content\/uploads\/2026\/02\/high-purity-DMT-powder.jpg","width":500,"height":500,"caption":"Stonersmeds Shop"},"image":{"@id":"https:\/\/stonersmeds.com\/#\/schema\/logo\/image\/"}}]},"og_availability":"instock","product_availability":"instock","product_condition":"new"},"_links":{"self":[{"href":"https:\/\/stonersmeds.com\/fr\/wp-json\/wp\/v2\/product\/9828","targetHints":{"allow":["GET"]}}],"collection":[{"href":"https:\/\/stonersmeds.com\/fr\/wp-json\/wp\/v2\/product"}],"about":[{"href":"https:\/\/stonersmeds.com\/fr\/wp-json\/wp\/v2\/types\/product"}],"replies":[{"embeddable":true,"href":"https:\/\/stonersmeds.com\/fr\/wp-json\/wp\/v2\/comments?post=9828"}],"version-history":[{"count":0,"href":"https:\/\/stonersmeds.com\/fr\/wp-json\/wp\/v2\/product\/9828\/revisions"}],"wp:featuredmedia":[{"embeddable":true,"href":"https:\/\/stonersmeds.com\/fr\/wp-json\/wp\/v2\/media\/9837"}],"wp:attachment":[{"href":"https:\/\/stonersmeds.com\/fr\/wp-json\/wp\/v2\/media?parent=9828"}],"wp:term":[{"taxonomy":"product_brand","embeddable":true,"href":"https:\/\/stonersmeds.com\/fr\/wp-json\/wp\/v2\/product_brand?post=9828"},{"taxonomy":"product_cat","embeddable":true,"href":"https:\/\/stonersmeds.com\/fr\/wp-json\/wp\/v2\/product_cat?post=9828"},{"taxonomy":"product_tag","embeddable":true,"href":"https:\/\/stonersmeds.com\/fr\/wp-json\/wp\/v2\/product_tag?post=9828"},{"taxonomy":"product_brands","embeddable":true,"href":"https:\/\/stonersmeds.com\/fr\/wp-json\/wp\/v2\/product_brands?post=9828"}],"curies":[{"name":"wp","href":"https:\/\/api.w.org\/{rel}","templated":true}]}}