{"id":9926,"date":"2022-03-12T03:33:57","date_gmt":"2022-03-12T03:33:57","guid":{"rendered":"https:\/\/stonersmeds.com\/?post_type=product&#038;p=9926"},"modified":"2026-02-22T22:00:29","modified_gmt":"2026-02-22T20:00:29","slug":"buy-mogadon-nitrazepam-5mg-pills-online","status":"publish","type":"product","link":"https:\/\/stonersmeds.com\/fr\/shop\/buy-mogadon-nitrazepam-5mg-pills-online\/","title":{"rendered":"Acheter des pilules de Mogadon Nitrazepam 5mg en ligne"},"content":{"rendered":"<h1>Acheter des pilules de Mogadon Nitrazepam 5mg en ligne.<\/h1>\n<p>Mogadon est un m\u00e9dicament benzodiaz\u00e9pine utilis\u00e9 pour traiter l&#039;insomnie; Il est parfois utilis\u00e9 pour traiter l&#039;anxi\u00e9t\u00e9 s\u00e9v\u00e8re. Il s&#039;agit d&#039;un s\u00e9datif \u00e0 usage \u00e0 court terme uniquement car il pr\u00e9sente un r\u00e9el potentiel d&#039;abus en raison de son effet calmant et calmant.<\/p>\n<div><\/div>\n<div><\/div>\n<div><\/div>\n<pre><strong>Acheter Mogadon Nitrazepam 5mg pilules en ligne - acheter Nitrazepam, acheter Mogadon Nitrazepam 5mg pilules, acheter Mogadon Nitrazepam en ligne, O\u00f9 acheter Mogadon Nitrazepam 5mg pilules, Mogadon Nitrazepam 5mg pilules \u00e0 vendre, Mogadon Nitrazepam \u00e0 vendre, acheter Mogadon Nitrazepam pilules en ligne, o\u00f9 acheter Mogadon Nitrazepam 5 mg pilules en ligne, Mogadon Nitrazepam 5 mg pilules \u00e0 vendre aux \u00c9tats-Unis, \u00c9tats-Unis, Canada, Royaume-Uni, acheter, en ligne, fournisseurs, livraison en toute s\u00e9curit\u00e9, Vous pouvez toujours obtenir des pilules Mogadon Nitrazepam 5 mg, Est-ce que Mogadon Nitrazepam 5 mg est l\u00e9gal aux \u00c9tats-Unis, acheter Mogadon Nitrazepam 5mg pilules en ligne aux \u00c9tats-Unis, comment commander des pilules Mogadon Nitrazepam 5mg , Est-ce que Mogadon Nitrazepam 5mg pilules 30mg est l\u00e9gal au Canada<\/strong><\/pre>","protected":false},"excerpt":{"rendered":"<p>Buy Mogadon Nitrazepam 5mg pills online. des difficult\u00e9s \u00e0 s'endormir, des r\u00e9veils successifs tout au long de la nuit et des r\u00e9veils matinaux. Il est \u00e9galement utilis\u00e9 pour superviser les crises myocloniques.<\/p>\n<p>le prix du produit est le suivant\u00a0: par pilule<br \/>\n<strong>La quantit\u00e9 minimum de commande est de : 50 comprim\u00e9s<\/strong><\/p>\n<p><strong>\u00a0<\/strong><\/p>","protected":false},"featured_media":9935,"comment_status":"open","ping_status":"closed","template":"","meta":{"_bst_post_transparent":"","_bst_post_title":"","_bst_post_layout":"","_bst_post_sidebar_id":"","_bst_post_content_style":"","_bst_post_vertical_padding":"","_bst_post_feature":"","_bst_post_feature_position":"","_bst_post_header":false,"_bst_post_footer":false},"product_brand":[],"product_cat":[77,770],"product_tag":[1161,1165,1169,1168,1166,1164,1162,1167,1160,1163],"product_brands":[],"class_list":{"0":"post-9926","1":"product","2":"type-product","3":"status-publish","4":"has-post-thumbnail","6":"product_cat-pain-sleeping-sex-pills","7":"product_cat-sleeping-pills","8":"product_tag-mogadon-drug","9":"product_tag-mogadon-nitrazepam","10":"product_tag-nitrazepam-10","11":"product_tag-nitrazepam-5","12":"product_tag-nitrazepam-5-mg","13":"product_tag-nitrazepam-brand-names","14":"product_tag-nitrazepam-in-usa","15":"product_tag-nitrazepam-rx","16":"product_tag-nitrazepam-side-effects","17":"product_tag-nitrazepam-vs-diazepam","19":"first","20":"instock","21":"shipping-taxable","22":"purchasable","23":"product-type-variable","24":"entry","25":"content-bg","26":"loop-entry"},"tiered_pricing_type":"fixed","tiered_pricing_fixed_rules":[],"tiered_pricing_percentage_rules":[],"tiered_pricing_minimum":1,"_administrator_tiered_pricing_type":"fixed","_administrator_tiered_pricing_fixed_rules":[],"_editor_tiered_pricing_type":"fixed","_editor_tiered_pricing_fixed_rules":[],"_author_tiered_pricing_type":"fixed","_author_tiered_pricing_fixed_rules":[],"_contributor_tiered_pricing_type":"fixed","_contributor_tiered_pricing_fixed_rules":[],"_subscriber_tiered_pricing_type":"fixed","_subscriber_tiered_pricing_fixed_rules":[],"_customer_tiered_pricing_type":"fixed","_customer_tiered_pricing_fixed_rules":[],"_shop_manager_tiered_pricing_type":"fixed","_shop_manager_tiered_pricing_fixed_rules":[],"_wpseo_manager_tiered_pricing_type":"fixed","_wpseo_manager_tiered_pricing_fixed_rules":[],"_wpseo_editor_tiered_pricing_type":"fixed","_wpseo_editor_tiered_pricing_fixed_rules":[],"yoast_head":"<!-- This site is optimized with the Yoast SEO plugin v27.2 - https:\/\/yoast.com\/product\/yoast-seo-wordpress\/ -->\n<title>Buy Mogadon Nitrazepam 5mg order safe, no prescription required<\/title>\n<meta name=\"description\" content=\"Buy Mogadon Nitrazepam 5mg, Order safely &amp; maintain your privacy No prescription necessary Discreet standard shipping at Low prices.\" \/>\n<meta name=\"robots\" content=\"index, follow, max-snippet:-1, max-image-preview:large, max-video-preview:-1\" \/>\n<link rel=\"canonical\" href=\"https:\/\/stonersmeds.com\/fr\/shop\/buy-mogadon-nitrazepam-5mg-pills-online\/\" \/>\n<meta property=\"og:locale\" content=\"fr_FR\" \/>\n<meta property=\"og:type\" content=\"article\" \/>\n<meta property=\"og:title\" content=\"Buy Mogadon Nitrazepam 5mg order safe, no prescription required\" \/>\n<meta property=\"og:description\" content=\"Buy Mogadon Nitrazepam 5mg, Order safely &amp; maintain your privacy No prescription necessary Discreet standard shipping at Low prices.\" \/>\n<meta property=\"og:url\" content=\"https:\/\/stonersmeds.com\/fr\/shop\/buy-mogadon-nitrazepam-5mg-pills-online\/\" \/>\n<meta property=\"og:site_name\" content=\"stonersmeds.com\" \/>\n<meta property=\"article:modified_time\" content=\"2026-02-22T20:00:29+00:00\" \/>\n<meta property=\"og:image\" content=\"https:\/\/stonersmeds.com\/wp-content\/uploads\/2022\/03\/buy-mogadon-nitrazepam-5mg-pills-online.jpg\" \/>\n\t<meta property=\"og:image:width\" content=\"600\" \/>\n\t<meta property=\"og:image:height\" content=\"600\" \/>\n\t<meta property=\"og:image:type\" content=\"image\/jpeg\" \/>\n<meta name=\"twitter:card\" content=\"summary_large_image\" \/>\n<meta name=\"twitter:label1\" content=\"Disponibilit\u00e9\" \/>\n\t<meta name=\"twitter:data1\" content=\"En stock\" \/>\n<script type=\"application\/ld+json\" class=\"yoast-schema-graph\">{\"@context\":\"https:\/\/schema.org\",\"@graph\":[{\"@type\":\"WebPage\",\"@id\":\"https:\/\/stonersmeds.com\/shop\/buy-mogadon-nitrazepam-5mg-pills-online\/\",\"url\":\"https:\/\/stonersmeds.com\/shop\/buy-mogadon-nitrazepam-5mg-pills-online\/\",\"name\":\"Buy Mogadon Nitrazepam 5mg order safe, no prescription required\",\"isPartOf\":{\"@id\":\"https:\/\/stonersmeds.com\/#website\"},\"primaryImageOfPage\":{\"@id\":\"https:\/\/stonersmeds.com\/shop\/buy-mogadon-nitrazepam-5mg-pills-online\/#primaryimage\"},\"image\":{\"@id\":\"https:\/\/stonersmeds.com\/shop\/buy-mogadon-nitrazepam-5mg-pills-online\/#primaryimage\"},\"thumbnailUrl\":\"https:\/\/stonersmeds.com\/wp-content\/uploads\/2022\/03\/buy-mogadon-nitrazepam-5mg-pills-online.jpg\",\"datePublished\":\"2022-03-12T03:33:57+00:00\",\"dateModified\":\"2026-02-22T20:00:29+00:00\",\"description\":\"Buy Mogadon Nitrazepam 5mg, Order safely & maintain your privacy No prescription necessary Discreet standard shipping at Low prices.\",\"breadcrumb\":{\"@id\":\"https:\/\/stonersmeds.com\/shop\/buy-mogadon-nitrazepam-5mg-pills-online\/#breadcrumb\"},\"inLanguage\":\"fr-FR\",\"potentialAction\":[{\"@type\":\"ReadAction\",\"target\":[\"https:\/\/stonersmeds.com\/shop\/buy-mogadon-nitrazepam-5mg-pills-online\/\"]}]},{\"@type\":\"ImageObject\",\"inLanguage\":\"fr-FR\",\"@id\":\"https:\/\/stonersmeds.com\/shop\/buy-mogadon-nitrazepam-5mg-pills-online\/#primaryimage\",\"url\":\"https:\/\/stonersmeds.com\/wp-content\/uploads\/2022\/03\/buy-mogadon-nitrazepam-5mg-pills-online.jpg\",\"contentUrl\":\"https:\/\/stonersmeds.com\/wp-content\/uploads\/2022\/03\/buy-mogadon-nitrazepam-5mg-pills-online.jpg\",\"width\":600,\"height\":600},{\"@type\":\"BreadcrumbList\",\"@id\":\"https:\/\/stonersmeds.com\/shop\/buy-mogadon-nitrazepam-5mg-pills-online\/#breadcrumb\",\"itemListElement\":[{\"@type\":\"ListItem\",\"position\":1,\"name\":\"Home\",\"item\":\"https:\/\/stonersmeds.com\/\"},{\"@type\":\"ListItem\",\"position\":2,\"name\":\"Shop\",\"item\":\"https:\/\/stonersmeds.com\/shop\/\"},{\"@type\":\"ListItem\",\"position\":3,\"name\":\"Buy Mogadon Nitrazepam 5mg pills online\"}]},{\"@type\":\"WebSite\",\"@id\":\"https:\/\/stonersmeds.com\/#website\",\"url\":\"https:\/\/stonersmeds.com\/\",\"name\":\"stonersmeds.com\",\"description\":\"verschreibungspflichtige Medizin kaufen\",\"publisher\":{\"@id\":\"https:\/\/stonersmeds.com\/#organization\"},\"alternateName\":\"Research chemical shop\",\"potentialAction\":[{\"@type\":\"SearchAction\",\"target\":{\"@type\":\"EntryPoint\",\"urlTemplate\":\"https:\/\/stonersmeds.com\/?s={search_term_string}\"},\"query-input\":{\"@type\":\"PropertyValueSpecification\",\"valueRequired\":true,\"valueName\":\"search_term_string\"}}],\"inLanguage\":\"fr-FR\"},{\"@type\":\"Organization\",\"@id\":\"https:\/\/stonersmeds.com\/#organization\",\"name\":\"Stonersmeds Shop\",\"url\":\"https:\/\/stonersmeds.com\/\",\"logo\":{\"@type\":\"ImageObject\",\"inLanguage\":\"fr-FR\",\"@id\":\"https:\/\/stonersmeds.com\/#\/schema\/logo\/image\/\",\"url\":\"https:\/\/stonersmeds.com\/wp-content\/uploads\/2026\/02\/high-purity-DMT-powder.jpg\",\"contentUrl\":\"https:\/\/stonersmeds.com\/wp-content\/uploads\/2026\/02\/high-purity-DMT-powder.jpg\",\"width\":500,\"height\":500,\"caption\":\"Stonersmeds Shop\"},\"image\":{\"@id\":\"https:\/\/stonersmeds.com\/#\/schema\/logo\/image\/\"}}]}<\/script>\n<meta property=\"og:availability\" content=\"instock\" \/>\n<meta property=\"product:availability\" content=\"instock\" \/>\n<meta property=\"product:condition\" content=\"new\" \/>\n<!-- \/ Yoast SEO plugin. -->","yoast_head_json":{"title":"Achetez Mogadon Nitrazepam 5mg en toute s\u00e9curit\u00e9, sans ordonnance","description":"Achetez Mogadon Nitrazepam 5mg, Commandez en toute s\u00e9curit\u00e9 et pr\u00e9servez votre vie priv\u00e9e Aucune ordonnance n\u00e9cessaire Exp\u00e9dition standard discr\u00e8te \u00e0 bas prix.","robots":{"index":"index","follow":"follow","max-snippet":"max-snippet:-1","max-image-preview":"max-image-preview:large","max-video-preview":"max-video-preview:-1"},"canonical":"https:\/\/stonersmeds.com\/fr\/shop\/buy-mogadon-nitrazepam-5mg-pills-online\/","og_locale":"fr_FR","og_type":"article","og_title":"Buy Mogadon Nitrazepam 5mg order safe, no prescription required","og_description":"Buy Mogadon Nitrazepam 5mg, Order safely & maintain your privacy No prescription necessary Discreet standard shipping at Low prices.","og_url":"https:\/\/stonersmeds.com\/fr\/shop\/buy-mogadon-nitrazepam-5mg-pills-online\/","og_site_name":"stonersmeds.com","article_modified_time":"2026-02-22T20:00:29+00:00","og_image":[{"width":600,"height":600,"url":"https:\/\/stonersmeds.com\/wp-content\/uploads\/2022\/03\/buy-mogadon-nitrazepam-5mg-pills-online.jpg","type":"image\/jpeg"}],"twitter_card":"summary_large_image","twitter_misc":{"Disponibilit\u00e9":"En stock"},"schema":{"@context":"https:\/\/schema.org","@graph":[{"@type":"WebPage","@id":"https:\/\/stonersmeds.com\/shop\/buy-mogadon-nitrazepam-5mg-pills-online\/","url":"https:\/\/stonersmeds.com\/shop\/buy-mogadon-nitrazepam-5mg-pills-online\/","name":"Achetez Mogadon Nitrazepam 5mg en toute s\u00e9curit\u00e9, sans ordonnance","isPartOf":{"@id":"https:\/\/stonersmeds.com\/#website"},"primaryImageOfPage":{"@id":"https:\/\/stonersmeds.com\/shop\/buy-mogadon-nitrazepam-5mg-pills-online\/#primaryimage"},"image":{"@id":"https:\/\/stonersmeds.com\/shop\/buy-mogadon-nitrazepam-5mg-pills-online\/#primaryimage"},"thumbnailUrl":"https:\/\/stonersmeds.com\/wp-content\/uploads\/2022\/03\/buy-mogadon-nitrazepam-5mg-pills-online.jpg","datePublished":"2022-03-12T03:33:57+00:00","dateModified":"2026-02-22T20:00:29+00:00","description":"Achetez Mogadon Nitrazepam 5mg, Commandez en toute s\u00e9curit\u00e9 et pr\u00e9servez votre vie priv\u00e9e Aucune ordonnance n\u00e9cessaire Exp\u00e9dition standard discr\u00e8te \u00e0 bas prix.","breadcrumb":{"@id":"https:\/\/stonersmeds.com\/shop\/buy-mogadon-nitrazepam-5mg-pills-online\/#breadcrumb"},"inLanguage":"fr-FR","potentialAction":[{"@type":"ReadAction","target":["https:\/\/stonersmeds.com\/shop\/buy-mogadon-nitrazepam-5mg-pills-online\/"]}]},{"@type":"ImageObject","inLanguage":"fr-FR","@id":"https:\/\/stonersmeds.com\/shop\/buy-mogadon-nitrazepam-5mg-pills-online\/#primaryimage","url":"https:\/\/stonersmeds.com\/wp-content\/uploads\/2022\/03\/buy-mogadon-nitrazepam-5mg-pills-online.jpg","contentUrl":"https:\/\/stonersmeds.com\/wp-content\/uploads\/2022\/03\/buy-mogadon-nitrazepam-5mg-pills-online.jpg","width":600,"height":600},{"@type":"BreadcrumbList","@id":"https:\/\/stonersmeds.com\/shop\/buy-mogadon-nitrazepam-5mg-pills-online\/#breadcrumb","itemListElement":[{"@type":"ListItem","position":1,"name":"Home","item":"https:\/\/stonersmeds.com\/"},{"@type":"ListItem","position":2,"name":"Shop","item":"https:\/\/stonersmeds.com\/shop\/"},{"@type":"ListItem","position":3,"name":"Buy Mogadon Nitrazepam 5mg pills online"}]},{"@type":"WebSite","@id":"https:\/\/stonersmeds.com\/#website","url":"https:\/\/stonersmeds.com\/","name":"stonersmeds.com","description":"m\u00e9dicaments \u00e0 usage unique en vente","publisher":{"@id":"https:\/\/stonersmeds.com\/#organization"},"alternateName":"Research chemical shop","potentialAction":[{"@type":"SearchAction","target":{"@type":"EntryPoint","urlTemplate":"https:\/\/stonersmeds.com\/?s={search_term_string}"},"query-input":{"@type":"PropertyValueSpecification","valueRequired":true,"valueName":"search_term_string"}}],"inLanguage":"fr-FR"},{"@type":"Organization","@id":"https:\/\/stonersmeds.com\/#organization","name":"Stonersmeds Shop","url":"https:\/\/stonersmeds.com\/","logo":{"@type":"ImageObject","inLanguage":"fr-FR","@id":"https:\/\/stonersmeds.com\/#\/schema\/logo\/image\/","url":"https:\/\/stonersmeds.com\/wp-content\/uploads\/2026\/02\/high-purity-DMT-powder.jpg","contentUrl":"https:\/\/stonersmeds.com\/wp-content\/uploads\/2026\/02\/high-purity-DMT-powder.jpg","width":500,"height":500,"caption":"Stonersmeds Shop"},"image":{"@id":"https:\/\/stonersmeds.com\/#\/schema\/logo\/image\/"}}]},"og_availability":"instock","product_availability":"instock","product_condition":"new"},"_links":{"self":[{"href":"https:\/\/stonersmeds.com\/fr\/wp-json\/wp\/v2\/product\/9926","targetHints":{"allow":["GET"]}}],"collection":[{"href":"https:\/\/stonersmeds.com\/fr\/wp-json\/wp\/v2\/product"}],"about":[{"href":"https:\/\/stonersmeds.com\/fr\/wp-json\/wp\/v2\/types\/product"}],"replies":[{"embeddable":true,"href":"https:\/\/stonersmeds.com\/fr\/wp-json\/wp\/v2\/comments?post=9926"}],"version-history":[{"count":0,"href":"https:\/\/stonersmeds.com\/fr\/wp-json\/wp\/v2\/product\/9926\/revisions"}],"wp:featuredmedia":[{"embeddable":true,"href":"https:\/\/stonersmeds.com\/fr\/wp-json\/wp\/v2\/media\/9935"}],"wp:attachment":[{"href":"https:\/\/stonersmeds.com\/fr\/wp-json\/wp\/v2\/media?parent=9926"}],"wp:term":[{"taxonomy":"product_brand","embeddable":true,"href":"https:\/\/stonersmeds.com\/fr\/wp-json\/wp\/v2\/product_brand?post=9926"},{"taxonomy":"product_cat","embeddable":true,"href":"https:\/\/stonersmeds.com\/fr\/wp-json\/wp\/v2\/product_cat?post=9926"},{"taxonomy":"product_tag","embeddable":true,"href":"https:\/\/stonersmeds.com\/fr\/wp-json\/wp\/v2\/product_tag?post=9926"},{"taxonomy":"product_brands","embeddable":true,"href":"https:\/\/stonersmeds.com\/fr\/wp-json\/wp\/v2\/product_brands?post=9926"}],"curies":[{"name":"wp","href":"https:\/\/api.w.org\/{rel}","templated":true}]}}