{"id":10005,"date":"2022-03-12T04:03:56","date_gmt":"2022-03-12T04:03:56","guid":{"rendered":"https:\/\/stonersmeds.com\/?post_type=product&#038;p=10005"},"modified":"2026-03-01T02:50:05","modified_gmt":"2026-03-01T00:50:05","slug":"buy-phenida-10mg-pills-online","status":"publish","type":"product","link":"https:\/\/stonersmeds.com\/it\/shop\/buy-phenida-10mg-pills-online\/","title":{"rendered":"Acquista online le pillole Phenida 10mg"},"content":{"rendered":"<h1>Acquistare Phenida online 10mg Pillole online.<\/h1>\n<p>Il fenide \u00e8 un farmaco per l'ADD\/ADHD. \u00c8 possibile vedere i dettagli e le informazioni relative ai fenidi nella stessa categoria ADD\/ADHD elencata di seguito.<\/p>\n<p>ADD \/ ADHD:<\/p>\n<p>L'ADHD (Attention Deficit Hyperactivity Disorder) \u00e8 un problema associato a scarsa concentrazione, iperattivit\u00e0, incapacit\u00e0 di controllare il comportamento o a una combinazione di questi fattori. Per essere diagnosticati come ADHD, questi problemi devono essere al di fuori dell'intervallo normale per l'et\u00e0 e lo sviluppo di una persona.<\/p>\n<p>Volete una cura per l'ADD\/ADHD? Qui potete acquistare fenid online. Acquistare fenida online.<\/p>\n<div><\/div>\n<div><\/div>\n<div><\/div>\n<pre><strong>Comprare Phenida 10mg Pills online - comprare Phenida, comprare Phenida 10mg Pills, comprare Phenida Pills online, dove comprare Phenida 10mg Pills, Phenida 10mg Pills in vendita, Phenida in vendita, comprare Phenida 10mg Pills online, dove comprare Phenida 10mg Pills online, Phenida 10mg Pills in vendita in usa, USA, canada, uk, acquistare, online, fornitori, consegna sicura, \u00c8 ancora possibile ottenere Phenida 10mg Pills, Phenida 10mg Pills \u00e8 legale in usa, acquistare Phenida 10mg Pills online usa, come ordinare Phenida 10mg Pills, Phenida 10mg Pills \u00e8 legale in Canada<\/strong><\/pre>","protected":false},"excerpt":{"rendered":"<p>Acquistare Phenida 10mg pillole online. sonniferi da banco, ordinare pillole online, vendita di steroidi, sonniferi forti, farmaci antidolorifici, farmacia online.<\/p>\n<pre><\/pre>","protected":false},"featured_media":10010,"comment_status":"open","ping_status":"closed","template":"","meta":{"_bst_post_transparent":"","_bst_post_title":"","_bst_post_layout":"","_bst_post_sidebar_id":"","_bst_post_content_style":"","_bst_post_vertical_padding":"","_bst_post_feature":"","_bst_post_feature_position":"","_bst_post_header":false,"_bst_post_footer":false},"product_brand":[],"product_cat":[769,77,771],"product_tag":[1079,1084,1078,1089,1080,1090,1091,1088,1082,1086,1083,1081,1085,1087],"product_brands":[],"class_list":{"0":"post-10005","1":"product","2":"type-product","3":"status-publish","4":"has-post-thumbnail","6":"product_cat-pain-pills","7":"product_cat-pain-sleeping-sex-pills","8":"product_cat-sex-pills","9":"product_tag-buy-phenida-10mg-pills","10":"product_tag-buy-phenida-10mg-pills-online","11":"product_tag-buy-phenida-10mg-pills-online-buy-phenida","12":"product_tag-buy-phenida-10mg-pills-online-usa","13":"product_tag-buy-phenida-pills-online","14":"product_tag-how-to-order-phenida-10mg-pills","15":"product_tag-is-phenida-10mg-pills-legal-in-canada","16":"product_tag-is-phenida-10mg-pills-legal-in-usa","17":"product_tag-phenida-10mg-pills-for-sale","18":"product_tag-phenida-10mg-pills-for-sale-in-usa","19":"product_tag-phenida-for-sale","20":"product_tag-where-to-buy-phenida-10mg-pills","21":"product_tag-where-to-buy-phenida-10mg-pills-online","22":"product_tag-you-can-still-get-phenida-10mg-pills","24":"first","25":"instock","26":"shipping-taxable","27":"purchasable","28":"product-type-variable","29":"entry","30":"content-bg","31":"loop-entry"},"tiered_pricing_type":"fixed","tiered_pricing_fixed_rules":[],"tiered_pricing_percentage_rules":[],"tiered_pricing_minimum":1,"_administrator_tiered_pricing_type":"fixed","_administrator_tiered_pricing_fixed_rules":[],"_editor_tiered_pricing_type":"fixed","_editor_tiered_pricing_fixed_rules":[],"_author_tiered_pricing_type":"fixed","_author_tiered_pricing_fixed_rules":[],"_contributor_tiered_pricing_type":"fixed","_contributor_tiered_pricing_fixed_rules":[],"_subscriber_tiered_pricing_type":"fixed","_subscriber_tiered_pricing_fixed_rules":[],"_customer_tiered_pricing_type":"fixed","_customer_tiered_pricing_fixed_rules":[],"_shop_manager_tiered_pricing_type":"fixed","_shop_manager_tiered_pricing_fixed_rules":[],"_wpseo_manager_tiered_pricing_type":"fixed","_wpseo_manager_tiered_pricing_fixed_rules":[],"_wpseo_editor_tiered_pricing_type":"fixed","_wpseo_editor_tiered_pricing_fixed_rules":[],"yoast_head":"<!-- This site is optimized with the Yoast SEO plugin v27.2 - https:\/\/yoast.com\/product\/yoast-seo-wordpress\/ -->\n<title>Buy phenida Online Wholesale India, Phenida 10mg Supplier, Exporter<\/title>\n<meta name=\"description\" content=\"Buy phenida Online 30mg No prescription needed Cheap from trusted online pharmacies. Phenida Online fast shipping over night delivery\" \/>\n<meta name=\"robots\" content=\"index, follow, max-snippet:-1, max-image-preview:large, max-video-preview:-1\" \/>\n<link rel=\"canonical\" href=\"https:\/\/stonersmeds.com\/it\/shop\/buy-phenida-10mg-pills-online\/\" \/>\n<meta property=\"og:locale\" content=\"it_IT\" \/>\n<meta property=\"og:type\" content=\"article\" \/>\n<meta property=\"og:title\" content=\"Buy phenida Online Wholesale India, Phenida 10mg Supplier, Exporter\" \/>\n<meta property=\"og:description\" content=\"Buy phenida Online 30mg No prescription needed Cheap from trusted online pharmacies. Phenida Online fast shipping over night delivery\" \/>\n<meta property=\"og:url\" content=\"https:\/\/stonersmeds.com\/it\/shop\/buy-phenida-10mg-pills-online\/\" \/>\n<meta property=\"og:site_name\" content=\"stonersmeds.com\" \/>\n<meta property=\"article:modified_time\" content=\"2026-03-01T00:50:05+00:00\" \/>\n<meta property=\"og:image\" content=\"https:\/\/stonersmeds.com\/wp-content\/uploads\/2022\/03\/buy-phenida-10mg-pills-online.jpg\" \/>\n\t<meta property=\"og:image:width\" content=\"600\" \/>\n\t<meta property=\"og:image:height\" content=\"600\" \/>\n\t<meta property=\"og:image:type\" content=\"image\/jpeg\" \/>\n<meta name=\"twitter:card\" content=\"summary_large_image\" \/>\n<meta name=\"twitter:label1\" content=\"Disponibilit\u00e0\" \/>\n\t<meta name=\"twitter:data1\" content=\"In stock\" \/>\n<script type=\"application\/ld+json\" class=\"yoast-schema-graph\">{\"@context\":\"https:\/\/schema.org\",\"@graph\":[{\"@type\":\"WebPage\",\"@id\":\"https:\/\/stonersmeds.com\/shop\/buy-phenida-10mg-pills-online\/\",\"url\":\"https:\/\/stonersmeds.com\/shop\/buy-phenida-10mg-pills-online\/\",\"name\":\"Buy phenida Online Wholesale India, Phenida 10mg Supplier, Exporter\",\"isPartOf\":{\"@id\":\"https:\/\/stonersmeds.com\/#website\"},\"primaryImageOfPage\":{\"@id\":\"https:\/\/stonersmeds.com\/shop\/buy-phenida-10mg-pills-online\/#primaryimage\"},\"image\":{\"@id\":\"https:\/\/stonersmeds.com\/shop\/buy-phenida-10mg-pills-online\/#primaryimage\"},\"thumbnailUrl\":\"https:\/\/stonersmeds.com\/wp-content\/uploads\/2022\/03\/buy-phenida-10mg-pills-online.jpg\",\"datePublished\":\"2022-03-12T04:03:56+00:00\",\"dateModified\":\"2026-03-01T00:50:05+00:00\",\"description\":\"Buy phenida Online 30mg No prescription needed Cheap from trusted online pharmacies. Phenida Online fast shipping over night delivery\",\"breadcrumb\":{\"@id\":\"https:\/\/stonersmeds.com\/shop\/buy-phenida-10mg-pills-online\/#breadcrumb\"},\"inLanguage\":\"it-IT\",\"potentialAction\":[{\"@type\":\"ReadAction\",\"target\":[\"https:\/\/stonersmeds.com\/shop\/buy-phenida-10mg-pills-online\/\"]}]},{\"@type\":\"ImageObject\",\"inLanguage\":\"it-IT\",\"@id\":\"https:\/\/stonersmeds.com\/shop\/buy-phenida-10mg-pills-online\/#primaryimage\",\"url\":\"https:\/\/stonersmeds.com\/wp-content\/uploads\/2022\/03\/buy-phenida-10mg-pills-online.jpg\",\"contentUrl\":\"https:\/\/stonersmeds.com\/wp-content\/uploads\/2022\/03\/buy-phenida-10mg-pills-online.jpg\",\"width\":600,\"height\":600},{\"@type\":\"BreadcrumbList\",\"@id\":\"https:\/\/stonersmeds.com\/shop\/buy-phenida-10mg-pills-online\/#breadcrumb\",\"itemListElement\":[{\"@type\":\"ListItem\",\"position\":1,\"name\":\"Home\",\"item\":\"https:\/\/stonersmeds.com\/\"},{\"@type\":\"ListItem\",\"position\":2,\"name\":\"Shop\",\"item\":\"https:\/\/stonersmeds.com\/shop\/\"},{\"@type\":\"ListItem\",\"position\":3,\"name\":\"Buy Phenida 10mg Pills online\"}]},{\"@type\":\"WebSite\",\"@id\":\"https:\/\/stonersmeds.com\/#website\",\"url\":\"https:\/\/stonersmeds.com\/\",\"name\":\"stonersmeds.com\",\"description\":\"verschreibungspflichtige Medizin kaufen\",\"publisher\":{\"@id\":\"https:\/\/stonersmeds.com\/#organization\"},\"alternateName\":\"Research chemical shop\",\"potentialAction\":[{\"@type\":\"SearchAction\",\"target\":{\"@type\":\"EntryPoint\",\"urlTemplate\":\"https:\/\/stonersmeds.com\/?s={search_term_string}\"},\"query-input\":{\"@type\":\"PropertyValueSpecification\",\"valueRequired\":true,\"valueName\":\"search_term_string\"}}],\"inLanguage\":\"it-IT\"},{\"@type\":\"Organization\",\"@id\":\"https:\/\/stonersmeds.com\/#organization\",\"name\":\"Stonersmeds Shop\",\"url\":\"https:\/\/stonersmeds.com\/\",\"logo\":{\"@type\":\"ImageObject\",\"inLanguage\":\"it-IT\",\"@id\":\"https:\/\/stonersmeds.com\/#\/schema\/logo\/image\/\",\"url\":\"https:\/\/stonersmeds.com\/wp-content\/uploads\/2026\/02\/high-purity-DMT-powder.jpg\",\"contentUrl\":\"https:\/\/stonersmeds.com\/wp-content\/uploads\/2026\/02\/high-purity-DMT-powder.jpg\",\"width\":500,\"height\":500,\"caption\":\"Stonersmeds Shop\"},\"image\":{\"@id\":\"https:\/\/stonersmeds.com\/#\/schema\/logo\/image\/\"}}]}<\/script>\n<meta property=\"og:availability\" content=\"instock\" \/>\n<meta property=\"product:availability\" content=\"instock\" \/>\n<meta property=\"product:condition\" content=\"new\" \/>\n<!-- \/ Yoast SEO plugin. -->","yoast_head_json":{"title":"Comprare Phenida online all'ingrosso India, Phenida 10mg Fornitore, Esportatore","description":"Acquistare Phenida Online 30mg Senza ricetta a buon mercato da farmacie online di fiducia. Phenida Online spedizione veloce consegna notturna","robots":{"index":"index","follow":"follow","max-snippet":"max-snippet:-1","max-image-preview":"max-image-preview:large","max-video-preview":"max-video-preview:-1"},"canonical":"https:\/\/stonersmeds.com\/it\/shop\/buy-phenida-10mg-pills-online\/","og_locale":"it_IT","og_type":"article","og_title":"Buy phenida Online Wholesale India, Phenida 10mg Supplier, Exporter","og_description":"Buy phenida Online 30mg No prescription needed Cheap from trusted online pharmacies. Phenida Online fast shipping over night delivery","og_url":"https:\/\/stonersmeds.com\/it\/shop\/buy-phenida-10mg-pills-online\/","og_site_name":"stonersmeds.com","article_modified_time":"2026-03-01T00:50:05+00:00","og_image":[{"width":600,"height":600,"url":"https:\/\/stonersmeds.com\/wp-content\/uploads\/2022\/03\/buy-phenida-10mg-pills-online.jpg","type":"image\/jpeg"}],"twitter_card":"summary_large_image","twitter_misc":{"Disponibilit\u00e0":"In stock"},"schema":{"@context":"https:\/\/schema.org","@graph":[{"@type":"WebPage","@id":"https:\/\/stonersmeds.com\/shop\/buy-phenida-10mg-pills-online\/","url":"https:\/\/stonersmeds.com\/shop\/buy-phenida-10mg-pills-online\/","name":"Comprare Phenida online all'ingrosso India, Phenida 10mg Fornitore, Esportatore","isPartOf":{"@id":"https:\/\/stonersmeds.com\/#website"},"primaryImageOfPage":{"@id":"https:\/\/stonersmeds.com\/shop\/buy-phenida-10mg-pills-online\/#primaryimage"},"image":{"@id":"https:\/\/stonersmeds.com\/shop\/buy-phenida-10mg-pills-online\/#primaryimage"},"thumbnailUrl":"https:\/\/stonersmeds.com\/wp-content\/uploads\/2022\/03\/buy-phenida-10mg-pills-online.jpg","datePublished":"2022-03-12T04:03:56+00:00","dateModified":"2026-03-01T00:50:05+00:00","description":"Acquistare Phenida Online 30mg Senza ricetta a buon mercato da farmacie online di fiducia. Phenida Online spedizione veloce consegna notturna","breadcrumb":{"@id":"https:\/\/stonersmeds.com\/shop\/buy-phenida-10mg-pills-online\/#breadcrumb"},"inLanguage":"it-IT","potentialAction":[{"@type":"ReadAction","target":["https:\/\/stonersmeds.com\/shop\/buy-phenida-10mg-pills-online\/"]}]},{"@type":"ImageObject","inLanguage":"it-IT","@id":"https:\/\/stonersmeds.com\/shop\/buy-phenida-10mg-pills-online\/#primaryimage","url":"https:\/\/stonersmeds.com\/wp-content\/uploads\/2022\/03\/buy-phenida-10mg-pills-online.jpg","contentUrl":"https:\/\/stonersmeds.com\/wp-content\/uploads\/2022\/03\/buy-phenida-10mg-pills-online.jpg","width":600,"height":600},{"@type":"BreadcrumbList","@id":"https:\/\/stonersmeds.com\/shop\/buy-phenida-10mg-pills-online\/#breadcrumb","itemListElement":[{"@type":"ListItem","position":1,"name":"Home","item":"https:\/\/stonersmeds.com\/"},{"@type":"ListItem","position":2,"name":"Shop","item":"https:\/\/stonersmeds.com\/shop\/"},{"@type":"ListItem","position":3,"name":"Buy Phenida 10mg Pills online"}]},{"@type":"WebSite","@id":"https:\/\/stonersmeds.com\/#website","url":"https:\/\/stonersmeds.com\/","name":"stonersmeds.com","description":"acquistare la medicina di qualit\u00e0","publisher":{"@id":"https:\/\/stonersmeds.com\/#organization"},"alternateName":"Research chemical shop","potentialAction":[{"@type":"SearchAction","target":{"@type":"EntryPoint","urlTemplate":"https:\/\/stonersmeds.com\/?s={search_term_string}"},"query-input":{"@type":"PropertyValueSpecification","valueRequired":true,"valueName":"search_term_string"}}],"inLanguage":"it-IT"},{"@type":"Organization","@id":"https:\/\/stonersmeds.com\/#organization","name":"Stonersmeds Shop","url":"https:\/\/stonersmeds.com\/","logo":{"@type":"ImageObject","inLanguage":"it-IT","@id":"https:\/\/stonersmeds.com\/#\/schema\/logo\/image\/","url":"https:\/\/stonersmeds.com\/wp-content\/uploads\/2026\/02\/high-purity-DMT-powder.jpg","contentUrl":"https:\/\/stonersmeds.com\/wp-content\/uploads\/2026\/02\/high-purity-DMT-powder.jpg","width":500,"height":500,"caption":"Stonersmeds Shop"},"image":{"@id":"https:\/\/stonersmeds.com\/#\/schema\/logo\/image\/"}}]},"og_availability":"instock","product_availability":"instock","product_condition":"new"},"_links":{"self":[{"href":"https:\/\/stonersmeds.com\/it\/wp-json\/wp\/v2\/product\/10005","targetHints":{"allow":["GET"]}}],"collection":[{"href":"https:\/\/stonersmeds.com\/it\/wp-json\/wp\/v2\/product"}],"about":[{"href":"https:\/\/stonersmeds.com\/it\/wp-json\/wp\/v2\/types\/product"}],"replies":[{"embeddable":true,"href":"https:\/\/stonersmeds.com\/it\/wp-json\/wp\/v2\/comments?post=10005"}],"version-history":[{"count":0,"href":"https:\/\/stonersmeds.com\/it\/wp-json\/wp\/v2\/product\/10005\/revisions"}],"wp:featuredmedia":[{"embeddable":true,"href":"https:\/\/stonersmeds.com\/it\/wp-json\/wp\/v2\/media\/10010"}],"wp:attachment":[{"href":"https:\/\/stonersmeds.com\/it\/wp-json\/wp\/v2\/media?parent=10005"}],"wp:term":[{"taxonomy":"product_brand","embeddable":true,"href":"https:\/\/stonersmeds.com\/it\/wp-json\/wp\/v2\/product_brand?post=10005"},{"taxonomy":"product_cat","embeddable":true,"href":"https:\/\/stonersmeds.com\/it\/wp-json\/wp\/v2\/product_cat?post=10005"},{"taxonomy":"product_tag","embeddable":true,"href":"https:\/\/stonersmeds.com\/it\/wp-json\/wp\/v2\/product_tag?post=10005"},{"taxonomy":"product_brands","embeddable":true,"href":"https:\/\/stonersmeds.com\/it\/wp-json\/wp\/v2\/product_brands?post=10005"}],"curies":[{"name":"wp","href":"https:\/\/api.w.org\/{rel}","templated":true}]}}