{"id":10718,"date":"2022-03-12T09:26:17","date_gmt":"2022-03-12T09:26:17","guid":{"rendered":"https:\/\/stonersmeds.com\/?post_type=product&#038;p=10718"},"modified":"2026-03-02T07:10:40","modified_gmt":"2026-03-02T05:10:40","slug":"buy-mexedrone-mxe-power-crystal-online","status":"publish","type":"product","link":"https:\/\/stonersmeds.com\/it\/shop\/buy-mexedrone-mxe-power-crystal-online\/","title":{"rendered":"Acquistare Mexedrone MXE Power &amp; Crystal online"},"content":{"rendered":"<h1>Acquistare Mexedrone MXE Power &amp; Crystal online.<\/h1>\n<p>Il Mexedrone (4-mmc-oMe) \u00e8 un semplice del Mefedrone, <a href=\"https:\/\/www.mancheck-berlin.de\/mephedron\/\">4-MMC<\/a>. Il Mexedrone \u00e8 emerso su ordine del Mefedrone come farmaco illecito. Il Mexedrone ha una massa atomica di 207,268g\/Mol, una ricetta subatomica di C12H17NO2 e un nome metodico di 3-metossi-2-(metiamino)- 1-(4-metilfenil)propan-1-one. Poich\u00e9 il Mexedrone \u00e8 un composto particolare, i dati relativi alle propriet\u00e0 biochimiche del Mexedrone non sono accessibili.<\/p>\n<p>Il Mexedrone appartiene alla classe dei composti del catinone e risponde di conseguenza. L\u00e2aspetto fisico\u00e2 del Mexedrone \u00e8 costituito da gemme bianche, tuttavia \u00e8 possibile acquistare il Mexedrone nella struttura di\u00e2 cristalli\u00e2 o di <a href=\"https:\/\/stonersmeds.com\/it\/tag-prodotto\/synthetic-powder\/\">polvere sinteticamente identica<\/a>. Il Mexedrone viene somministrato per via orale e presenta valori limite da 50 mg a 100 mg. Si \u00e8 visto che misure di Mexedrone da 100 mg a 150 mg mostrano impatti paragonabili a quelli del Mefedrone. Gli effetti del Mexedrone possono durare da 4 a 6 ore.<\/p>\n<p>Il Mexedrone \u00e8 una droga psicoattiva denominata sia stimolante che entactogena, che inoltre provoca incitamento. \u00c8 plausibile, anche se non ancora dimostrato, che il Mexedrone provochi un'inondazione di sinapsi, che si manifesta nell'impatto stimolante dell'esperienza. Le sinapsi coinvolte nell'esperienza del Mexedrone possono includere dopamina, noradrenalina e serotonina.<\/p>\n<p>Gli effetti del Mexedrone sono 70%\u00e2 di quelli del suo composto madre, il Mefedrone. Gli effetti del Mexedrone diventano pi\u00f9 plausibili in misure pi\u00f9 elevate e sono di natura fisica, intellettuale e uditiva. Gli effettivi impatti del mexedrone comprendono felicit\u00e0, sedazione, sensazioni e miglioramenti materiali, parsimonia, sudorazione abbondante, sensazioni incontrollate, schiacciamento dei denti, visione vibrante e capacit\u00e0 di gestione della temperatura soffocata. Gli impatti psicologici del Mexedrone comprendono l'estasi e l'accelerazione del pensiero e della rete. Gli effetti del Mexedrone possono anche presentarsi come miglioramenti uditivi.<\/p>\n<p>Dopo aver consumato il Mexedrone, possono verificarsi impatti post-stimolazione. Gli impatti post-stimolo del Mexedrone possono essere di natura negativa e comprendono contemplazione e ispirazione rallentate, stanchezza intellettuale, disagio, fragilit\u00e0, stato d'animo pesante e attenzione. Gli impatti post-incitamento del Mexedrone si verificano probabilmente a causa del consumo di sinapsi, dove le scorte di sinapsi si sono esaurite nel periodo di incitamento dell'esperienza.<\/p>\n<p>&nbsp;<\/p>\n<p>&nbsp;<\/p>\n<pre><strong>Acquistare Mexedrone MXE Power &amp; Crystal online - acquistare Mexedrone, acquistare Mexedrone MXE Power &amp; Crystal usa, acquistare Mexedrone MXE Power &amp; Crystal online USA, dove acquistare Mexedrone MXE Power &amp; Crystal, Mexedrone MXE Power &amp; Crystal in vendita, Mexedrone MXE Power &amp; Crystal in vendita vicino a me, acquistare Mexedrone MXE Power &amp; Crystal online vicino a me, dove acquistare Mexedrone MXE Power &amp; Crystal online, Mexedrone MXE Power &amp; Crystal in vendita in usa, USA, canada, uk, acquistare, online, fornitori, consegna sicura, \u00c8 ancora possibile ottenere Mexedrone MXE Power &amp; Crystal , Mexedrone MXE Power &amp; Crystal legale in usa, acquistare Mexedrone MXE Power &amp; Crystal online usa, come ordinare Mexedrone MXE Power &amp; Crystal , Mexedrone MXE Power &amp; Crystal legale in Canada<\/strong><\/pre>","protected":false},"excerpt":{"rendered":"<p>Acquistare Mexedrone MXE Power &amp; Crystal online. Mexedrone MXE Power .Mexedrone, indicato anche come MEX o 4-MMC-Ome.<\/p>\n<pre><strong>Acquistare Mexedrone MXE Power &amp; Crystal online - acquistare Mexedrone, acquistare Mexedrone MXE Power &amp; Crystal usa, acquistare Mexedrone MXE Power &amp; Crystal online USA, dove acquistare Mexedrone MXE Power &amp; Crystal, Mexedrone MXE Power &amp; Crystal in vendita, Mexedrone MXE Power &amp; Crystal in vendita vicino a me, acquistare Mexedrone MXE Power &amp; Crystal online vicino a me, dove acquistare Mexedrone MXE Power &amp; Crystal online, Mexedrone MXE Power &amp; Crystal in vendita in usa, USA, canada, uk, acquistare, online, fornitori, consegna sicura, \u00c8 ancora possibile ottenere Mexedrone MXE Power &amp; Crystal , Mexedrone MXE Power &amp; Crystal legale in usa, acquistare Mexedrone MXE Power &amp; Crystal online usa, come ordinare Mexedrone MXE Power &amp; Crystal , Mexedrone MXE Power &amp; Crystal legale in Canada<\/strong><\/pre>","protected":false},"featured_media":10729,"comment_status":"open","ping_status":"closed","template":"","meta":{"_bst_post_transparent":"","_bst_post_title":"","_bst_post_layout":"","_bst_post_sidebar_id":"","_bst_post_content_style":"","_bst_post_vertical_padding":"","_bst_post_feature":"","_bst_post_feature_position":"","_bst_post_header":false,"_bst_post_footer":false},"product_brand":[],"product_cat":[79],"product_tag":[252,258,254,253,261,256,260,257,255,259],"product_brands":[],"class_list":{"0":"post-10718","1":"product","2":"type-product","3":"status-publish","4":"has-post-thumbnail","6":"product_cat-research-chemicals-and-bath-salt","7":"product_tag-buy-mexedrone","8":"product_tag-buy-mexedrone-mxe-power-crystal-online-near-me","9":"product_tag-buy-mexedrone-mxe-power-crystal-online-usa","10":"product_tag-buy-mexedrone-mxe-power-crystal-usa","11":"product_tag-how-to-order-mexedrone-mxe-power-crystal","12":"product_tag-mexedrone-mxe-power-crystal-for-sale","13":"product_tag-mexedrone-mxe-power-crystal-for-sale-in-usa","14":"product_tag-mexedrone-mxe-power-crystal-for-sale-near-me","15":"product_tag-where-to-buy-mexedrone-mxe-power-crystal","16":"product_tag-where-to-buy-mexedrone-mxe-power-crystal-online","18":"first","19":"instock","20":"shipping-taxable","21":"purchasable","22":"product-type-variable","23":"entry","24":"content-bg","25":"loop-entry"},"tiered_pricing_type":"fixed","tiered_pricing_fixed_rules":[],"tiered_pricing_percentage_rules":[],"tiered_pricing_minimum":1,"_administrator_tiered_pricing_type":"fixed","_administrator_tiered_pricing_fixed_rules":[],"_editor_tiered_pricing_type":"fixed","_editor_tiered_pricing_fixed_rules":[],"_author_tiered_pricing_type":"fixed","_author_tiered_pricing_fixed_rules":[],"_contributor_tiered_pricing_type":"fixed","_contributor_tiered_pricing_fixed_rules":[],"_subscriber_tiered_pricing_type":"fixed","_subscriber_tiered_pricing_fixed_rules":[],"_customer_tiered_pricing_type":"fixed","_customer_tiered_pricing_fixed_rules":[],"_shop_manager_tiered_pricing_type":"fixed","_shop_manager_tiered_pricing_fixed_rules":[],"_wpseo_manager_tiered_pricing_type":"fixed","_wpseo_manager_tiered_pricing_fixed_rules":[],"_wpseo_editor_tiered_pricing_type":"fixed","_wpseo_editor_tiered_pricing_fixed_rules":[],"yoast_head":"<!-- This site is optimized with the Yoast SEO plugin v27.2 - https:\/\/yoast.com\/product\/yoast-seo-wordpress\/ -->\n<title>Buy Mexedrone MXE Power &amp; Crystal Online - Cheap price, Grade A++<\/title>\n<meta name=\"description\" content=\"Buy Mexedrone MXE Power Online at an affordable price at stonersmeds. All products are lab qualified and have premium quality.\" \/>\n<meta name=\"robots\" content=\"index, follow, max-snippet:-1, max-image-preview:large, max-video-preview:-1\" \/>\n<link rel=\"canonical\" href=\"https:\/\/stonersmeds.com\/it\/shop\/buy-mexedrone-mxe-power-crystal-online\/\" \/>\n<meta property=\"og:locale\" content=\"it_IT\" \/>\n<meta property=\"og:type\" content=\"article\" \/>\n<meta property=\"og:title\" content=\"Buy Mexedrone MXE Power &amp; Crystal Online - Cheap price, Grade A++\" \/>\n<meta property=\"og:description\" content=\"Buy Mexedrone MXE Power Online at an affordable price at stonersmeds. All products are lab qualified and have premium quality.\" \/>\n<meta property=\"og:url\" content=\"https:\/\/stonersmeds.com\/it\/shop\/buy-mexedrone-mxe-power-crystal-online\/\" \/>\n<meta property=\"og:site_name\" content=\"stonersmeds.com\" \/>\n<meta property=\"article:modified_time\" content=\"2026-03-02T05:10:40+00:00\" \/>\n<meta property=\"og:image\" content=\"https:\/\/stonersmeds.com\/wp-content\/uploads\/2022\/03\/buy-mexedrone-mxe-power-crystal-online-1.jpg\" \/>\n\t<meta property=\"og:image:width\" content=\"600\" \/>\n\t<meta property=\"og:image:height\" content=\"600\" \/>\n\t<meta property=\"og:image:type\" content=\"image\/jpeg\" \/>\n<meta name=\"twitter:card\" content=\"summary_large_image\" \/>\n<meta name=\"twitter:label1\" content=\"Disponibilit\u00e0\" \/>\n\t<meta name=\"twitter:data1\" content=\"In stock\" \/>\n<script type=\"application\/ld+json\" class=\"yoast-schema-graph\">{\"@context\":\"https:\/\/schema.org\",\"@graph\":[{\"@type\":\"WebPage\",\"@id\":\"https:\/\/stonersmeds.com\/el\/shop\/buy-mexedrone-mxe-power-crystal-online\/\",\"url\":\"https:\/\/stonersmeds.com\/el\/shop\/buy-mexedrone-mxe-power-crystal-online\/\",\"name\":\"Buy Mexedrone MXE Power & Crystal Online - Cheap price, Grade A++\",\"isPartOf\":{\"@id\":\"https:\/\/stonersmeds.com\/#website\"},\"primaryImageOfPage\":{\"@id\":\"https:\/\/stonersmeds.com\/el\/shop\/buy-mexedrone-mxe-power-crystal-online\/#primaryimage\"},\"image\":{\"@id\":\"https:\/\/stonersmeds.com\/el\/shop\/buy-mexedrone-mxe-power-crystal-online\/#primaryimage\"},\"thumbnailUrl\":\"https:\/\/stonersmeds.com\/wp-content\/uploads\/2022\/03\/buy-mexedrone-mxe-power-crystal-online-1.jpg\",\"datePublished\":\"2022-03-12T09:26:17+00:00\",\"dateModified\":\"2026-03-02T05:10:40+00:00\",\"description\":\"Buy Mexedrone MXE Power Online at an affordable price at stonersmeds. All products are lab qualified and have premium quality.\",\"breadcrumb\":{\"@id\":\"https:\/\/stonersmeds.com\/el\/shop\/buy-mexedrone-mxe-power-crystal-online\/#breadcrumb\"},\"inLanguage\":\"it-IT\",\"potentialAction\":[{\"@type\":\"ReadAction\",\"target\":[\"https:\/\/stonersmeds.com\/el\/shop\/buy-mexedrone-mxe-power-crystal-online\/\"]}]},{\"@type\":\"ImageObject\",\"inLanguage\":\"it-IT\",\"@id\":\"https:\/\/stonersmeds.com\/el\/shop\/buy-mexedrone-mxe-power-crystal-online\/#primaryimage\",\"url\":\"https:\/\/stonersmeds.com\/wp-content\/uploads\/2022\/03\/buy-mexedrone-mxe-power-crystal-online-1.jpg\",\"contentUrl\":\"https:\/\/stonersmeds.com\/wp-content\/uploads\/2022\/03\/buy-mexedrone-mxe-power-crystal-online-1.jpg\",\"width\":600,\"height\":600},{\"@type\":\"BreadcrumbList\",\"@id\":\"https:\/\/stonersmeds.com\/el\/shop\/buy-mexedrone-mxe-power-crystal-online\/#breadcrumb\",\"itemListElement\":[{\"@type\":\"ListItem\",\"position\":1,\"name\":\"Home\",\"item\":\"https:\/\/stonersmeds.com\/\"},{\"@type\":\"ListItem\",\"position\":2,\"name\":\"Shop\",\"item\":\"https:\/\/stonersmeds.com\/shop\/\"},{\"@type\":\"ListItem\",\"position\":3,\"name\":\"Buy Mexedrone MXE Power &#038; Crystal Online\"}]},{\"@type\":\"WebSite\",\"@id\":\"https:\/\/stonersmeds.com\/#website\",\"url\":\"https:\/\/stonersmeds.com\/\",\"name\":\"stonersmeds.com\",\"description\":\"verschreibungspflichtige Medizin kaufen\",\"publisher\":{\"@id\":\"https:\/\/stonersmeds.com\/#organization\"},\"alternateName\":\"Research chemical shop\",\"potentialAction\":[{\"@type\":\"SearchAction\",\"target\":{\"@type\":\"EntryPoint\",\"urlTemplate\":\"https:\/\/stonersmeds.com\/?s={search_term_string}\"},\"query-input\":{\"@type\":\"PropertyValueSpecification\",\"valueRequired\":true,\"valueName\":\"search_term_string\"}}],\"inLanguage\":\"it-IT\"},{\"@type\":\"Organization\",\"@id\":\"https:\/\/stonersmeds.com\/#organization\",\"name\":\"Stonersmeds Shop\",\"url\":\"https:\/\/stonersmeds.com\/\",\"logo\":{\"@type\":\"ImageObject\",\"inLanguage\":\"it-IT\",\"@id\":\"https:\/\/stonersmeds.com\/#\/schema\/logo\/image\/\",\"url\":\"https:\/\/stonersmeds.com\/wp-content\/uploads\/2026\/02\/high-purity-DMT-powder.jpg\",\"contentUrl\":\"https:\/\/stonersmeds.com\/wp-content\/uploads\/2026\/02\/high-purity-DMT-powder.jpg\",\"width\":500,\"height\":500,\"caption\":\"Stonersmeds Shop\"},\"image\":{\"@id\":\"https:\/\/stonersmeds.com\/#\/schema\/logo\/image\/\"}}]}<\/script>\n<meta property=\"og:availability\" content=\"instock\" \/>\n<meta property=\"product:availability\" content=\"instock\" \/>\n<meta property=\"product:condition\" content=\"new\" \/>\n<!-- \/ Yoast SEO plugin. -->","yoast_head_json":{"title":"Comprare Mexedrone MXE Power &amp; Crystal Online - Prezzo economico, Grado A+++","description":"Acquista Mexedrone MXE Power online ad un prezzo conveniente su stonersmed. Tutti i prodotti sono qualificati in laboratorio e di qualit\u00e0 superiore.","robots":{"index":"index","follow":"follow","max-snippet":"max-snippet:-1","max-image-preview":"max-image-preview:large","max-video-preview":"max-video-preview:-1"},"canonical":"https:\/\/stonersmeds.com\/it\/shop\/buy-mexedrone-mxe-power-crystal-online\/","og_locale":"it_IT","og_type":"article","og_title":"Buy Mexedrone MXE Power & Crystal Online - Cheap price, Grade A++","og_description":"Buy Mexedrone MXE Power Online at an affordable price at stonersmeds. All products are lab qualified and have premium quality.","og_url":"https:\/\/stonersmeds.com\/it\/shop\/buy-mexedrone-mxe-power-crystal-online\/","og_site_name":"stonersmeds.com","article_modified_time":"2026-03-02T05:10:40+00:00","og_image":[{"width":600,"height":600,"url":"https:\/\/stonersmeds.com\/wp-content\/uploads\/2022\/03\/buy-mexedrone-mxe-power-crystal-online-1.jpg","type":"image\/jpeg"}],"twitter_card":"summary_large_image","twitter_misc":{"Disponibilit\u00e0":"In stock"},"schema":{"@context":"https:\/\/schema.org","@graph":[{"@type":"WebPage","@id":"https:\/\/stonersmeds.com\/el\/shop\/buy-mexedrone-mxe-power-crystal-online\/","url":"https:\/\/stonersmeds.com\/el\/shop\/buy-mexedrone-mxe-power-crystal-online\/","name":"Comprare Mexedrone MXE Power &amp; Crystal Online - Prezzo economico, Grado A+++","isPartOf":{"@id":"https:\/\/stonersmeds.com\/#website"},"primaryImageOfPage":{"@id":"https:\/\/stonersmeds.com\/el\/shop\/buy-mexedrone-mxe-power-crystal-online\/#primaryimage"},"image":{"@id":"https:\/\/stonersmeds.com\/el\/shop\/buy-mexedrone-mxe-power-crystal-online\/#primaryimage"},"thumbnailUrl":"https:\/\/stonersmeds.com\/wp-content\/uploads\/2022\/03\/buy-mexedrone-mxe-power-crystal-online-1.jpg","datePublished":"2022-03-12T09:26:17+00:00","dateModified":"2026-03-02T05:10:40+00:00","description":"Acquista Mexedrone MXE Power online ad un prezzo conveniente su stonersmed. Tutti i prodotti sono qualificati in laboratorio e di qualit\u00e0 superiore.","breadcrumb":{"@id":"https:\/\/stonersmeds.com\/el\/shop\/buy-mexedrone-mxe-power-crystal-online\/#breadcrumb"},"inLanguage":"it-IT","potentialAction":[{"@type":"ReadAction","target":["https:\/\/stonersmeds.com\/el\/shop\/buy-mexedrone-mxe-power-crystal-online\/"]}]},{"@type":"ImageObject","inLanguage":"it-IT","@id":"https:\/\/stonersmeds.com\/el\/shop\/buy-mexedrone-mxe-power-crystal-online\/#primaryimage","url":"https:\/\/stonersmeds.com\/wp-content\/uploads\/2022\/03\/buy-mexedrone-mxe-power-crystal-online-1.jpg","contentUrl":"https:\/\/stonersmeds.com\/wp-content\/uploads\/2022\/03\/buy-mexedrone-mxe-power-crystal-online-1.jpg","width":600,"height":600},{"@type":"BreadcrumbList","@id":"https:\/\/stonersmeds.com\/el\/shop\/buy-mexedrone-mxe-power-crystal-online\/#breadcrumb","itemListElement":[{"@type":"ListItem","position":1,"name":"Home","item":"https:\/\/stonersmeds.com\/"},{"@type":"ListItem","position":2,"name":"Shop","item":"https:\/\/stonersmeds.com\/shop\/"},{"@type":"ListItem","position":3,"name":"Buy Mexedrone MXE Power &#038; Crystal Online"}]},{"@type":"WebSite","@id":"https:\/\/stonersmeds.com\/#website","url":"https:\/\/stonersmeds.com\/","name":"stonersmeds.com","description":"acquistare la medicina di qualit\u00e0","publisher":{"@id":"https:\/\/stonersmeds.com\/#organization"},"alternateName":"Research chemical shop","potentialAction":[{"@type":"SearchAction","target":{"@type":"EntryPoint","urlTemplate":"https:\/\/stonersmeds.com\/?s={search_term_string}"},"query-input":{"@type":"PropertyValueSpecification","valueRequired":true,"valueName":"search_term_string"}}],"inLanguage":"it-IT"},{"@type":"Organization","@id":"https:\/\/stonersmeds.com\/#organization","name":"Stonersmeds Shop","url":"https:\/\/stonersmeds.com\/","logo":{"@type":"ImageObject","inLanguage":"it-IT","@id":"https:\/\/stonersmeds.com\/#\/schema\/logo\/image\/","url":"https:\/\/stonersmeds.com\/wp-content\/uploads\/2026\/02\/high-purity-DMT-powder.jpg","contentUrl":"https:\/\/stonersmeds.com\/wp-content\/uploads\/2026\/02\/high-purity-DMT-powder.jpg","width":500,"height":500,"caption":"Stonersmeds Shop"},"image":{"@id":"https:\/\/stonersmeds.com\/#\/schema\/logo\/image\/"}}]},"og_availability":"instock","product_availability":"instock","product_condition":"new"},"_links":{"self":[{"href":"https:\/\/stonersmeds.com\/it\/wp-json\/wp\/v2\/product\/10718","targetHints":{"allow":["GET"]}}],"collection":[{"href":"https:\/\/stonersmeds.com\/it\/wp-json\/wp\/v2\/product"}],"about":[{"href":"https:\/\/stonersmeds.com\/it\/wp-json\/wp\/v2\/types\/product"}],"replies":[{"embeddable":true,"href":"https:\/\/stonersmeds.com\/it\/wp-json\/wp\/v2\/comments?post=10718"}],"version-history":[{"count":0,"href":"https:\/\/stonersmeds.com\/it\/wp-json\/wp\/v2\/product\/10718\/revisions"}],"wp:featuredmedia":[{"embeddable":true,"href":"https:\/\/stonersmeds.com\/it\/wp-json\/wp\/v2\/media\/10729"}],"wp:attachment":[{"href":"https:\/\/stonersmeds.com\/it\/wp-json\/wp\/v2\/media?parent=10718"}],"wp:term":[{"taxonomy":"product_brand","embeddable":true,"href":"https:\/\/stonersmeds.com\/it\/wp-json\/wp\/v2\/product_brand?post=10718"},{"taxonomy":"product_cat","embeddable":true,"href":"https:\/\/stonersmeds.com\/it\/wp-json\/wp\/v2\/product_cat?post=10718"},{"taxonomy":"product_tag","embeddable":true,"href":"https:\/\/stonersmeds.com\/it\/wp-json\/wp\/v2\/product_tag?post=10718"},{"taxonomy":"product_brands","embeddable":true,"href":"https:\/\/stonersmeds.com\/it\/wp-json\/wp\/v2\/product_brands?post=10718"}],"curies":[{"name":"wp","href":"https:\/\/api.w.org\/{rel}","templated":true}]}}