{"id":10023,"date":"2022-03-12T04:44:57","date_gmt":"2022-03-12T04:44:57","guid":{"rendered":"https:\/\/stonersmeds.com\/?post_type=product&#038;p=10023"},"modified":"2026-02-23T21:00:04","modified_gmt":"2026-02-23T19:00:04","slug":"buy-roxicodone-30mg-pills-online","status":"publish","type":"product","link":"https:\/\/stonersmeds.com\/nl\/shop\/buy-roxicodone-30mg-pills-online\/","title":{"rendered":"Oxycodon 10 mg, 30 mg online kopen"},"content":{"rendered":"<h2>Oxycodon online kopen 10 mg, 30 mg online<\/h2>\n<p>Oxycodone is an opioid medicine available for the management of moderate to severe pain. It is an oral medication in both immediate-release and extended-release formulations. Oxycodone\u2019s onset of action typically begins within 15 minutes, and effects wear off in about six hours for immediate-release forms. People can also\u00a0buy oxycodone online\u00a0in combination with acetaminophen or aspirin.<\/p>\n<p>Oxycodon is krachtiger dan morfine, aangezien uit onderzoeken blijkt dat 5 mg oxycodon ongeveer 1,5 keer zo effectief is als 5 mg morfine.<\/p>\n<p>Duitsers maakten voor het eerst oxycodon van theba\u00efne in het jaar 1916. In de Verenigde Staten is het medicijn ook verkrijgbaar als een generieke versie met een groothandelsprijs van minder dan $0,30 per pil.<\/p>\n<p>Oxycodon is een van de meest voorgeschreven opio\u00efde analgetica in de Verenigde Staten, met meer dan 10 miljoen recepten per jaar.<\/p>\n<h2>Gebruik van Oxycodon<\/h2>\n<p>You can\u00a0buy oxycodone online\u00a0for managing your pain conditions ranging from moderate to severe acute or chronic pain. Doctors prescribe oxycodone only when other treatment options such as combination opioids or non-opioid analgesics are not sufficient for a patient to provide required pain relief. The medication may also improve the quality of life in certain conditions.<\/p>\n<p>Oxycodone also comes as controlled released tablets that have analgesic effects ranging for about 12 hours. An independent study conducted in July 1996 found that oxycodone\u2019s controlled-release form has a variable action duration ranging from 10 to 12 hours.<\/p>\n<p>Een recensie die in 2006 werd gedrukt, zegt dat de door oxycodon gecontroleerde afgifte vergelijkbaar is met de vormen met onmiddellijke afgifte, hydromorfon en morfine bij de behandeling van kankerpijn, met minder bijwerkingen dan andere. Het concludeert dat oxycodon met gecontroleerde afgifte een eerstelijnsbehandeling is en een geldig alternatief voor morfine voor kankerpijn.<\/p>\n<p>De FDA in de Verenigde Staten keurt het goed <a href=\"https:\/\/www.webmd.com\/drugs\/2\/drug-1025-5278\/oxycodone-oral\/oxycodone-oral\/details\">oxycodon<\/a> Formulieren met verlengde afgifte voor kinderen van 11 jaar en ouder voor de verlichting van traumapijn, kankerpijn of pijn als gevolg van een operatie, alleen voor kinderen die al zijn behandeld met opio\u00efde analgetica en die een tolerantie hebben van ten minste 20 mg oxycodon per dag.<\/p>\n<h2>Werkingsmechanisme<\/h2>\n<p>Oxycodon is een kunstmatige of semi-synthetische opio\u00efde, die een selectieve volledige agonist is van de MOR (mu-opio\u00efde receptor), het primaire biologische doelwit van het endogene opio\u00efde neuropeptide b\u00e8ta-endorfine. Het medicijn heeft een lage affiniteit voor KOR (k-opio\u00efde receptor) en DOR (delta-opio\u00efde receptor), waar het een agonist is. Na binding aan MOR geeft oxycodon een G-eiwitcomplex af dat de afgifte van celneurotransmitters remt door de productie van cAMP te verminderen, kanalen van kalium te openen en kanalen van calcium te sluiten.<\/p>\n<p>Wetenschappers zijn van mening dat oxycodon zijn pijnstillende effecten produceert door MOR in de middenhersenen PAG (periaqueductaal grijs) en RVM (rostraal ventromediale medulla) te activeren. Omgekeerd zorgen ze voor verslaving door MOR te activeren in de MRV (mesolimbische beloningsroute), inclusief in het ventrale pallidum, de nucleus accumbens en het ventrale tegmentale gebied.<\/p>\n<h2>Bijwerkingen<\/h2>\n<p>Oxycodone produces several side effects along with its needed healing impact. People should\u00a0buy oxycodone online\u00a0only on a doctor\u2019s prescription. Severe side effects of the medication include reduced sensitivity to pain, anxiolysis, euphoria, feelings of relaxation, and respiratory depression.<\/p>\n<p>Enkele veel voorkomende bijwerkingen van oxycodon zijn:<\/p>\n<ul>\n<li>Misselijkheid (23%)<\/li>\n<li>Constipatie (23%)<\/li>\n<li>Slaperigheid (23%)<\/li>\n<li>Jeuk (13%)<\/li>\n<li>Duizeligheid (13%)<\/li>\n<li>Braken (12%)<\/li>\n<li>Droge mond (6%)<\/li>\n<li>Zweten (5%)<\/li>\n<\/ul>\n<p>Minder vaak voorkomende bijwerkingen van oxycodon die door minder dan 5 % van de pati\u00ebnten werden ervaren, zijn nervositeit, verlies van eetlust, diarree, buikpijn, dyspneu, urineretentie en hikken.<\/p>\n<p>De meeste bijwerkingen worden na verloop van tijd minder ernstig en verdwijnen geleidelijk binnen een paar dagen of binnen een week. Het is echter waarschijnlijker dat constipatie tijdens het gebruik aanhoudt.<\/p>\n<h3>Interacties<\/h3>\n<p>The medication interacts with many drugs to produce unwanted effects. It is advisable to\u00a0buy oxycodone online\u00a0and read the label instructions to know about all its potential drug interactions.<\/p>\n<p>Enzymes such as CYP3A4 and CYP2D6 metabolize oxycodone. So, the inhibitors and inducers of these enzymes can alter the clearance of oxycodone by increasing and decreasing the medication\u2019s half-life, respectively. Genetic variations in these enzymes also influence the removal of oxycodone, which relates to the wide inter-person variability in its potency and half-life.<\/p>\n<p>Lopinavir\/ritonavir or ritonavir significantly increase oxycodone\u2019s plasma concentrations in healthy humans due to inhibition of CYP2D6 and CYP3A4.<\/p>\n<p>Rifampicin reduces oxycodone\u2019s plasma concentration due to its active CYP3A4 inducing property. In a chronic pain patient, fosphenytoin, an inducer of CYP2A4, dramatically reduces the analgesic effects of oxycodone.<\/p>\n<p>Het is noodzakelijk dat een arts de doseringen of medicijnen aanpast in geval van interacties tussen geneesmiddelen.<\/p>","protected":false},"excerpt":{"rendered":"<p>Het is belangrijk om te weten wat oxycodon is voordat u oxycodon online gaat kopen bij een echte online apotheek. oxycodon is een opio\u00efde pijnstiller die wordt gebruikt voor de behandeling van matige tot ernstige pijn.<\/p>\n<pre><\/pre>","protected":false},"featured_media":10026,"comment_status":"open","ping_status":"closed","template":"","meta":{"_bst_post_transparent":"","_bst_post_title":"","_bst_post_layout":"","_bst_post_sidebar_id":"","_bst_post_content_style":"","_bst_post_vertical_padding":"","_bst_post_feature":"","_bst_post_feature_position":"","_bst_post_header":false,"_bst_post_footer":false},"product_brand":[],"product_cat":[769,77],"product_tag":[1060,1058,1056,1055,1054,1059,1053,1057],"product_brands":[],"class_list":{"0":"post-10023","1":"product","2":"type-product","3":"status-publish","4":"has-post-thumbnail","6":"product_cat-pain-pills","7":"product_cat-pain-sleeping-sex-pills","8":"product_tag-10-mg-oxycontin","9":"product_tag-10-mg-percocet-high","10":"product_tag-10-milligram-oxycodone-pictures","11":"product_tag-how-strong-is-oxycodone-10","12":"product_tag-need-a-prescription-for-oxycodone","13":"product_tag-oxycodone-10-milligram-pink","14":"product_tag-oxycodone-15mg-pills-for-sale","15":"product_tag-picture-of-oxycontin-10-mg","17":"first","18":"instock","19":"shipping-taxable","20":"purchasable","21":"product-type-variable","22":"entry","23":"content-bg","24":"loop-entry"},"tiered_pricing_type":"fixed","tiered_pricing_fixed_rules":[],"tiered_pricing_percentage_rules":[],"tiered_pricing_minimum":1,"_administrator_tiered_pricing_type":"fixed","_administrator_tiered_pricing_fixed_rules":[],"_editor_tiered_pricing_type":"fixed","_editor_tiered_pricing_fixed_rules":[],"_author_tiered_pricing_type":"fixed","_author_tiered_pricing_fixed_rules":[],"_contributor_tiered_pricing_type":"fixed","_contributor_tiered_pricing_fixed_rules":[],"_subscriber_tiered_pricing_type":"fixed","_subscriber_tiered_pricing_fixed_rules":[],"_customer_tiered_pricing_type":"fixed","_customer_tiered_pricing_fixed_rules":[],"_shop_manager_tiered_pricing_type":"fixed","_shop_manager_tiered_pricing_fixed_rules":[],"_wpseo_manager_tiered_pricing_type":"fixed","_wpseo_manager_tiered_pricing_fixed_rules":[],"_wpseo_editor_tiered_pricing_type":"fixed","_wpseo_editor_tiered_pricing_fixed_rules":[],"yoast_head":"<!-- This site is optimized with the Yoast SEO plugin v27.2 - https:\/\/yoast.com\/product\/yoast-seo-wordpress\/ -->\n<title>Buy Oxycodone 10mg, 30mg Online - stonersmeds.com<\/title>\n<meta name=\"description\" content=\"Place your order to buy oxycodone online without prescription . All order for oxycodone and its substitutes are processed same day.\" \/>\n<meta name=\"robots\" content=\"index, follow, max-snippet:-1, max-image-preview:large, max-video-preview:-1\" \/>\n<link rel=\"canonical\" href=\"https:\/\/stonersmeds.com\/nl\/shop\/buy-roxicodone-30mg-pills-online\/\" \/>\n<meta property=\"og:locale\" content=\"nl_NL\" \/>\n<meta property=\"og:type\" content=\"article\" \/>\n<meta property=\"og:title\" content=\"Buy Oxycodone 10mg, 30mg Online - stonersmeds.com\" \/>\n<meta property=\"og:description\" content=\"Place your order to buy oxycodone online without prescription . All order for oxycodone and its substitutes are processed same day.\" \/>\n<meta property=\"og:url\" content=\"https:\/\/stonersmeds.com\/nl\/shop\/buy-roxicodone-30mg-pills-online\/\" \/>\n<meta property=\"og:site_name\" content=\"stonersmeds.com\" \/>\n<meta property=\"article:modified_time\" content=\"2026-02-23T19:00:04+00:00\" \/>\n<meta property=\"og:image\" content=\"https:\/\/stonersmeds.com\/wp-content\/uploads\/2022\/03\/buy-roxicodone-30mg-pills-online.jpg\" \/>\n\t<meta property=\"og:image:width\" content=\"600\" \/>\n\t<meta property=\"og:image:height\" content=\"600\" \/>\n\t<meta property=\"og:image:type\" content=\"image\/jpeg\" \/>\n<meta name=\"twitter:card\" content=\"summary_large_image\" \/>\n<meta name=\"twitter:label1\" content=\"Beschikbaarheid\" \/>\n\t<meta name=\"twitter:data1\" content=\"Op voorraad\" \/>\n<script type=\"application\/ld+json\" class=\"yoast-schema-graph\">{\"@context\":\"https:\/\/schema.org\",\"@graph\":[{\"@type\":\"WebPage\",\"@id\":\"https:\/\/stonersmeds.com\/sk\/shop\/buy-roxicodone-30mg-pills-online\/\",\"url\":\"https:\/\/stonersmeds.com\/sk\/shop\/buy-roxicodone-30mg-pills-online\/\",\"name\":\"Buy Oxycodone 10mg, 30mg Online - stonersmeds.com\",\"isPartOf\":{\"@id\":\"https:\/\/stonersmeds.com\/#website\"},\"primaryImageOfPage\":{\"@id\":\"https:\/\/stonersmeds.com\/sk\/shop\/buy-roxicodone-30mg-pills-online\/#primaryimage\"},\"image\":{\"@id\":\"https:\/\/stonersmeds.com\/sk\/shop\/buy-roxicodone-30mg-pills-online\/#primaryimage\"},\"thumbnailUrl\":\"https:\/\/stonersmeds.com\/wp-content\/uploads\/2022\/03\/buy-roxicodone-30mg-pills-online.jpg\",\"datePublished\":\"2022-03-12T04:44:57+00:00\",\"dateModified\":\"2026-02-23T19:00:04+00:00\",\"description\":\"Place your order to buy oxycodone online without prescription . All order for oxycodone and its substitutes are processed same day.\",\"breadcrumb\":{\"@id\":\"https:\/\/stonersmeds.com\/sk\/shop\/buy-roxicodone-30mg-pills-online\/#breadcrumb\"},\"inLanguage\":\"nl-NL\",\"potentialAction\":[{\"@type\":\"ReadAction\",\"target\":[\"https:\/\/stonersmeds.com\/sk\/shop\/buy-roxicodone-30mg-pills-online\/\"]}]},{\"@type\":\"ImageObject\",\"inLanguage\":\"nl-NL\",\"@id\":\"https:\/\/stonersmeds.com\/sk\/shop\/buy-roxicodone-30mg-pills-online\/#primaryimage\",\"url\":\"https:\/\/stonersmeds.com\/wp-content\/uploads\/2022\/03\/buy-roxicodone-30mg-pills-online.jpg\",\"contentUrl\":\"https:\/\/stonersmeds.com\/wp-content\/uploads\/2022\/03\/buy-roxicodone-30mg-pills-online.jpg\",\"width\":600,\"height\":600},{\"@type\":\"BreadcrumbList\",\"@id\":\"https:\/\/stonersmeds.com\/sk\/shop\/buy-roxicodone-30mg-pills-online\/#breadcrumb\",\"itemListElement\":[{\"@type\":\"ListItem\",\"position\":1,\"name\":\"Home\",\"item\":\"https:\/\/stonersmeds.com\/\"},{\"@type\":\"ListItem\",\"position\":2,\"name\":\"Shop\",\"item\":\"https:\/\/stonersmeds.com\/shop\/\"},{\"@type\":\"ListItem\",\"position\":3,\"name\":\"Buy Oxycodone 10mg, 30mg Online\"}]},{\"@type\":\"WebSite\",\"@id\":\"https:\/\/stonersmeds.com\/#website\",\"url\":\"https:\/\/stonersmeds.com\/\",\"name\":\"stonersmeds.com\",\"description\":\"verschreibungspflichtige Medizin kaufen\",\"publisher\":{\"@id\":\"https:\/\/stonersmeds.com\/#organization\"},\"alternateName\":\"Research chemical shop\",\"potentialAction\":[{\"@type\":\"SearchAction\",\"target\":{\"@type\":\"EntryPoint\",\"urlTemplate\":\"https:\/\/stonersmeds.com\/?s={search_term_string}\"},\"query-input\":{\"@type\":\"PropertyValueSpecification\",\"valueRequired\":true,\"valueName\":\"search_term_string\"}}],\"inLanguage\":\"nl-NL\"},{\"@type\":\"Organization\",\"@id\":\"https:\/\/stonersmeds.com\/#organization\",\"name\":\"Stonersmeds Shop\",\"url\":\"https:\/\/stonersmeds.com\/\",\"logo\":{\"@type\":\"ImageObject\",\"inLanguage\":\"nl-NL\",\"@id\":\"https:\/\/stonersmeds.com\/#\/schema\/logo\/image\/\",\"url\":\"https:\/\/stonersmeds.com\/wp-content\/uploads\/2026\/02\/high-purity-DMT-powder.jpg\",\"contentUrl\":\"https:\/\/stonersmeds.com\/wp-content\/uploads\/2026\/02\/high-purity-DMT-powder.jpg\",\"width\":500,\"height\":500,\"caption\":\"Stonersmeds Shop\"},\"image\":{\"@id\":\"https:\/\/stonersmeds.com\/#\/schema\/logo\/image\/\"}}]}<\/script>\n<meta property=\"og:availability\" content=\"instock\" \/>\n<meta property=\"product:availability\" content=\"instock\" \/>\n<meta property=\"product:condition\" content=\"new\" \/>\n<!-- \/ Yoast SEO plugin. -->","yoast_head_json":{"title":"Oxycodon 10 mg, 30 mg online kopen - stonersmeds.com","description":"Plaats uw bestelling om oxycodon online te kopen zonder recept. Alle bestellingen voor oxycodon en zijn vervangers worden dezelfde dag verwerkt.","robots":{"index":"index","follow":"follow","max-snippet":"max-snippet:-1","max-image-preview":"max-image-preview:large","max-video-preview":"max-video-preview:-1"},"canonical":"https:\/\/stonersmeds.com\/nl\/shop\/buy-roxicodone-30mg-pills-online\/","og_locale":"nl_NL","og_type":"article","og_title":"Buy Oxycodone 10mg, 30mg Online - stonersmeds.com","og_description":"Place your order to buy oxycodone online without prescription . All order for oxycodone and its substitutes are processed same day.","og_url":"https:\/\/stonersmeds.com\/nl\/shop\/buy-roxicodone-30mg-pills-online\/","og_site_name":"stonersmeds.com","article_modified_time":"2026-02-23T19:00:04+00:00","og_image":[{"width":600,"height":600,"url":"https:\/\/stonersmeds.com\/wp-content\/uploads\/2022\/03\/buy-roxicodone-30mg-pills-online.jpg","type":"image\/jpeg"}],"twitter_card":"summary_large_image","twitter_misc":{"Beschikbaarheid":"Op voorraad"},"schema":{"@context":"https:\/\/schema.org","@graph":[{"@type":"WebPage","@id":"https:\/\/stonersmeds.com\/sk\/shop\/buy-roxicodone-30mg-pills-online\/","url":"https:\/\/stonersmeds.com\/sk\/shop\/buy-roxicodone-30mg-pills-online\/","name":"Oxycodon 10 mg, 30 mg online kopen - stonersmeds.com","isPartOf":{"@id":"https:\/\/stonersmeds.com\/#website"},"primaryImageOfPage":{"@id":"https:\/\/stonersmeds.com\/sk\/shop\/buy-roxicodone-30mg-pills-online\/#primaryimage"},"image":{"@id":"https:\/\/stonersmeds.com\/sk\/shop\/buy-roxicodone-30mg-pills-online\/#primaryimage"},"thumbnailUrl":"https:\/\/stonersmeds.com\/wp-content\/uploads\/2022\/03\/buy-roxicodone-30mg-pills-online.jpg","datePublished":"2022-03-12T04:44:57+00:00","dateModified":"2026-02-23T19:00:04+00:00","description":"Plaats uw bestelling om oxycodon online te kopen zonder recept. Alle bestellingen voor oxycodon en zijn vervangers worden dezelfde dag verwerkt.","breadcrumb":{"@id":"https:\/\/stonersmeds.com\/sk\/shop\/buy-roxicodone-30mg-pills-online\/#breadcrumb"},"inLanguage":"nl-NL","potentialAction":[{"@type":"ReadAction","target":["https:\/\/stonersmeds.com\/sk\/shop\/buy-roxicodone-30mg-pills-online\/"]}]},{"@type":"ImageObject","inLanguage":"nl-NL","@id":"https:\/\/stonersmeds.com\/sk\/shop\/buy-roxicodone-30mg-pills-online\/#primaryimage","url":"https:\/\/stonersmeds.com\/wp-content\/uploads\/2022\/03\/buy-roxicodone-30mg-pills-online.jpg","contentUrl":"https:\/\/stonersmeds.com\/wp-content\/uploads\/2022\/03\/buy-roxicodone-30mg-pills-online.jpg","width":600,"height":600},{"@type":"BreadcrumbList","@id":"https:\/\/stonersmeds.com\/sk\/shop\/buy-roxicodone-30mg-pills-online\/#breadcrumb","itemListElement":[{"@type":"ListItem","position":1,"name":"Home","item":"https:\/\/stonersmeds.com\/"},{"@type":"ListItem","position":2,"name":"Shop","item":"https:\/\/stonersmeds.com\/shop\/"},{"@type":"ListItem","position":3,"name":"Buy Oxycodone 10mg, 30mg Online"}]},{"@type":"WebSite","@id":"https:\/\/stonersmeds.com\/#website","url":"https:\/\/stonersmeds.com\/","name":"stonersmeds.com","description":"verschreibungspflichtige Medizin kaufen","publisher":{"@id":"https:\/\/stonersmeds.com\/#organization"},"alternateName":"Research chemical shop","potentialAction":[{"@type":"SearchAction","target":{"@type":"EntryPoint","urlTemplate":"https:\/\/stonersmeds.com\/?s={search_term_string}"},"query-input":{"@type":"PropertyValueSpecification","valueRequired":true,"valueName":"search_term_string"}}],"inLanguage":"nl-NL"},{"@type":"Organization","@id":"https:\/\/stonersmeds.com\/#organization","name":"Stonersmeds Shop","url":"https:\/\/stonersmeds.com\/","logo":{"@type":"ImageObject","inLanguage":"nl-NL","@id":"https:\/\/stonersmeds.com\/#\/schema\/logo\/image\/","url":"https:\/\/stonersmeds.com\/wp-content\/uploads\/2026\/02\/high-purity-DMT-powder.jpg","contentUrl":"https:\/\/stonersmeds.com\/wp-content\/uploads\/2026\/02\/high-purity-DMT-powder.jpg","width":500,"height":500,"caption":"Stonersmeds Shop"},"image":{"@id":"https:\/\/stonersmeds.com\/#\/schema\/logo\/image\/"}}]},"og_availability":"instock","product_availability":"instock","product_condition":"new"},"_links":{"self":[{"href":"https:\/\/stonersmeds.com\/nl\/wp-json\/wp\/v2\/product\/10023","targetHints":{"allow":["GET"]}}],"collection":[{"href":"https:\/\/stonersmeds.com\/nl\/wp-json\/wp\/v2\/product"}],"about":[{"href":"https:\/\/stonersmeds.com\/nl\/wp-json\/wp\/v2\/types\/product"}],"replies":[{"embeddable":true,"href":"https:\/\/stonersmeds.com\/nl\/wp-json\/wp\/v2\/comments?post=10023"}],"version-history":[{"count":0,"href":"https:\/\/stonersmeds.com\/nl\/wp-json\/wp\/v2\/product\/10023\/revisions"}],"wp:featuredmedia":[{"embeddable":true,"href":"https:\/\/stonersmeds.com\/nl\/wp-json\/wp\/v2\/media\/10026"}],"wp:attachment":[{"href":"https:\/\/stonersmeds.com\/nl\/wp-json\/wp\/v2\/media?parent=10023"}],"wp:term":[{"taxonomy":"product_brand","embeddable":true,"href":"https:\/\/stonersmeds.com\/nl\/wp-json\/wp\/v2\/product_brand?post=10023"},{"taxonomy":"product_cat","embeddable":true,"href":"https:\/\/stonersmeds.com\/nl\/wp-json\/wp\/v2\/product_cat?post=10023"},{"taxonomy":"product_tag","embeddable":true,"href":"https:\/\/stonersmeds.com\/nl\/wp-json\/wp\/v2\/product_tag?post=10023"},{"taxonomy":"product_brands","embeddable":true,"href":"https:\/\/stonersmeds.com\/nl\/wp-json\/wp\/v2\/product_brands?post=10023"}],"curies":[{"name":"wp","href":"https:\/\/api.w.org\/{rel}","templated":true}]}}