{"id":10322,"date":"2022-03-12T06:45:02","date_gmt":"2022-03-12T06:45:02","guid":{"rendered":"https:\/\/stonersmeds.com\/?post_type=product&#038;p=10322"},"modified":"2026-02-27T11:40:09","modified_gmt":"2026-02-27T09:40:09","slug":"buy-buphedrone-powder-online","status":"publish","type":"product","link":"https:\/\/stonersmeds.com\/nl\/shop\/buy-buphedrone-powder-online\/","title":{"rendered":"Koop Buphedrone-poeder online"},"content":{"rendered":"<h1>Koop Buphedrone-poeder online.<\/h1>\n<p>Koop Buphedrone-poeder online. We hebben een breed scala aan onderzoekschemicali\u00ebn te koop tegen zeer goedkope prijzen. Buphedrone is er slechts \u00e9\u00e9n van. Voor meer vragen kunt u contact met ons opnemen. Houd er rekening mee dat onze onderzoekschemicali\u00ebn in geen geval voor menselijke consumptie zijn.<\/p>\n<p>&nbsp;<\/p>\n<p>&nbsp;<\/p>\n<pre><strong>Koop Buphedrone-poeder online - koop poeder, koop Buphedrone-poeder, koop Buphedrone online, Waar te koop Buphedrone-poeder, Buphedrone-poeder te koop, poeder te koop, koop poeder online, waar te koop Buphedrone-poeder online, Buphedrone-poeder te koop in de VS, VS. , Canada, VK, kopen, online, leveranciers, veilige levering, U kunt nog steeds Buphedrone-poeder krijgen, Is Buphedrone-poeder legaal in de VS, Buphedrone-poeder online kopen VS, hoe u Buphedrone-poeder bestelt, Is Buphedrone-poeder legaal in Canada<\/strong><\/pre>","protected":false},"excerpt":{"rendered":"<p>Koop Buphedrone-poeder online.\u00a0<em>buphedrone<\/em>, ook bekend als \u03b1-methylamino-butyrofenon (MABP), is een stimulerend middel van de chemische klassen fenethylamine en cathinon dat voor het eerst werd gesynthetiseerd in 1928.<\/p>\n<pre><strong>Koop Buphedrone-poeder online - koop poeder, koop Buphedrone-poeder, koop Buphedrone online, Waar te koop Buphedrone-poeder, Buphedrone-poeder te koop, poeder te koop, koop poeder online, waar te koop Buphedrone-poeder online, Buphedrone-poeder te koop in de VS, VS. , Canada, VK, kopen, online, leveranciers, veilige levering, U kunt nog steeds Buphedrone-poeder krijgen, Is Buphedrone-poeder legaal in de VS, Buphedrone-poeder online kopen VS, hoe u Buphedrone-poeder bestelt, Is Buphedrone-poeder legaal in Canada<\/strong><\/pre>","protected":false},"featured_media":10331,"comment_status":"open","ping_status":"closed","template":"","meta":{"_bst_post_transparent":"","_bst_post_title":"","_bst_post_layout":"","_bst_post_sidebar_id":"","_bst_post_content_style":"","_bst_post_vertical_padding":"","_bst_post_feature":"","_bst_post_feature_position":"","_bst_post_header":false,"_bst_post_footer":false},"product_brand":[],"product_cat":[79],"product_tag":[],"product_brands":[],"class_list":{"0":"post-10322","1":"product","2":"type-product","3":"status-publish","4":"has-post-thumbnail","6":"product_cat-research-chemicals-and-bath-salt","8":"first","9":"instock","10":"shipping-taxable","11":"purchasable","12":"product-type-variable","13":"entry","14":"content-bg","15":"loop-entry"},"tiered_pricing_type":"fixed","tiered_pricing_fixed_rules":[],"tiered_pricing_percentage_rules":[],"tiered_pricing_minimum":1,"_administrator_tiered_pricing_type":"fixed","_administrator_tiered_pricing_fixed_rules":[],"_editor_tiered_pricing_type":"fixed","_editor_tiered_pricing_fixed_rules":[],"_author_tiered_pricing_type":"fixed","_author_tiered_pricing_fixed_rules":[],"_contributor_tiered_pricing_type":"fixed","_contributor_tiered_pricing_fixed_rules":[],"_subscriber_tiered_pricing_type":"fixed","_subscriber_tiered_pricing_fixed_rules":[],"_customer_tiered_pricing_type":"fixed","_customer_tiered_pricing_fixed_rules":[],"_shop_manager_tiered_pricing_type":"fixed","_shop_manager_tiered_pricing_fixed_rules":[],"_wpseo_manager_tiered_pricing_type":"fixed","_wpseo_manager_tiered_pricing_fixed_rules":[],"_wpseo_editor_tiered_pricing_type":"fixed","_wpseo_editor_tiered_pricing_fixed_rules":[],"yoast_head":"<!-- This site is optimized with the Yoast SEO plugin v27.2 - https:\/\/yoast.com\/product\/yoast-seo-wordpress\/ -->\n<title>Buy Buphedrone powder online - Cheap price, top quality<\/title>\n<meta name=\"description\" content=\"Buy Buphedrone powder Online at an affordable price at stonersmeds. All products are lab qualified and have premium quality.\" \/>\n<meta name=\"robots\" content=\"index, follow, max-snippet:-1, max-image-preview:large, max-video-preview:-1\" \/>\n<link rel=\"canonical\" href=\"https:\/\/stonersmeds.com\/nl\/shop\/buy-buphedrone-powder-online\/\" \/>\n<meta property=\"og:locale\" content=\"nl_NL\" \/>\n<meta property=\"og:type\" content=\"article\" \/>\n<meta property=\"og:title\" content=\"Buy Buphedrone powder online - Cheap price, top quality\" \/>\n<meta property=\"og:description\" content=\"Buy Buphedrone powder Online at an affordable price at stonersmeds. All products are lab qualified and have premium quality.\" \/>\n<meta property=\"og:url\" content=\"https:\/\/stonersmeds.com\/nl\/shop\/buy-buphedrone-powder-online\/\" \/>\n<meta property=\"og:site_name\" content=\"stonersmeds.com\" \/>\n<meta property=\"article:modified_time\" content=\"2026-02-27T09:40:09+00:00\" \/>\n<meta property=\"og:image\" content=\"https:\/\/stonersmeds.com\/wp-content\/uploads\/2022\/03\/buy-buphedrone-powder-online.jpg\" \/>\n\t<meta property=\"og:image:width\" content=\"600\" \/>\n\t<meta property=\"og:image:height\" content=\"600\" \/>\n\t<meta property=\"og:image:type\" content=\"image\/jpeg\" \/>\n<meta name=\"twitter:card\" content=\"summary_large_image\" \/>\n<meta name=\"twitter:label1\" content=\"Beschikbaarheid\" \/>\n\t<meta name=\"twitter:data1\" content=\"Op voorraad\" \/>\n<script type=\"application\/ld+json\" class=\"yoast-schema-graph\">{\"@context\":\"https:\/\/schema.org\",\"@graph\":[{\"@type\":\"WebPage\",\"@id\":\"https:\/\/stonersmeds.com\/shop\/buy-buphedrone-powder-online\/\",\"url\":\"https:\/\/stonersmeds.com\/shop\/buy-buphedrone-powder-online\/\",\"name\":\"Buy Buphedrone powder online - Cheap price, top quality\",\"isPartOf\":{\"@id\":\"https:\/\/stonersmeds.com\/#website\"},\"primaryImageOfPage\":{\"@id\":\"https:\/\/stonersmeds.com\/shop\/buy-buphedrone-powder-online\/#primaryimage\"},\"image\":{\"@id\":\"https:\/\/stonersmeds.com\/shop\/buy-buphedrone-powder-online\/#primaryimage\"},\"thumbnailUrl\":\"https:\/\/stonersmeds.com\/wp-content\/uploads\/2022\/03\/buy-buphedrone-powder-online.jpg\",\"datePublished\":\"2022-03-12T06:45:02+00:00\",\"dateModified\":\"2026-02-27T09:40:09+00:00\",\"description\":\"Buy Buphedrone powder Online at an affordable price at stonersmeds. All products are lab qualified and have premium quality.\",\"breadcrumb\":{\"@id\":\"https:\/\/stonersmeds.com\/shop\/buy-buphedrone-powder-online\/#breadcrumb\"},\"inLanguage\":\"nl-NL\",\"potentialAction\":[{\"@type\":\"ReadAction\",\"target\":[\"https:\/\/stonersmeds.com\/shop\/buy-buphedrone-powder-online\/\"]}]},{\"@type\":\"ImageObject\",\"inLanguage\":\"nl-NL\",\"@id\":\"https:\/\/stonersmeds.com\/shop\/buy-buphedrone-powder-online\/#primaryimage\",\"url\":\"https:\/\/stonersmeds.com\/wp-content\/uploads\/2022\/03\/buy-buphedrone-powder-online.jpg\",\"contentUrl\":\"https:\/\/stonersmeds.com\/wp-content\/uploads\/2022\/03\/buy-buphedrone-powder-online.jpg\",\"width\":600,\"height\":600},{\"@type\":\"BreadcrumbList\",\"@id\":\"https:\/\/stonersmeds.com\/shop\/buy-buphedrone-powder-online\/#breadcrumb\",\"itemListElement\":[{\"@type\":\"ListItem\",\"position\":1,\"name\":\"Home\",\"item\":\"https:\/\/stonersmeds.com\/\"},{\"@type\":\"ListItem\",\"position\":2,\"name\":\"Shop\",\"item\":\"https:\/\/stonersmeds.com\/shop\/\"},{\"@type\":\"ListItem\",\"position\":3,\"name\":\"Buy Buphedrone powder online\"}]},{\"@type\":\"WebSite\",\"@id\":\"https:\/\/stonersmeds.com\/#website\",\"url\":\"https:\/\/stonersmeds.com\/\",\"name\":\"stonersmeds.com\",\"description\":\"verschreibungspflichtige Medizin kaufen\",\"publisher\":{\"@id\":\"https:\/\/stonersmeds.com\/#organization\"},\"alternateName\":\"Research chemical shop\",\"potentialAction\":[{\"@type\":\"SearchAction\",\"target\":{\"@type\":\"EntryPoint\",\"urlTemplate\":\"https:\/\/stonersmeds.com\/?s={search_term_string}\"},\"query-input\":{\"@type\":\"PropertyValueSpecification\",\"valueRequired\":true,\"valueName\":\"search_term_string\"}}],\"inLanguage\":\"nl-NL\"},{\"@type\":\"Organization\",\"@id\":\"https:\/\/stonersmeds.com\/#organization\",\"name\":\"Stonersmeds Shop\",\"url\":\"https:\/\/stonersmeds.com\/\",\"logo\":{\"@type\":\"ImageObject\",\"inLanguage\":\"nl-NL\",\"@id\":\"https:\/\/stonersmeds.com\/#\/schema\/logo\/image\/\",\"url\":\"https:\/\/stonersmeds.com\/wp-content\/uploads\/2026\/02\/high-purity-DMT-powder.jpg\",\"contentUrl\":\"https:\/\/stonersmeds.com\/wp-content\/uploads\/2026\/02\/high-purity-DMT-powder.jpg\",\"width\":500,\"height\":500,\"caption\":\"Stonersmeds Shop\"},\"image\":{\"@id\":\"https:\/\/stonersmeds.com\/#\/schema\/logo\/image\/\"}}]}<\/script>\n<meta property=\"og:availability\" content=\"instock\" \/>\n<meta property=\"product:availability\" content=\"instock\" \/>\n<meta property=\"product:condition\" content=\"new\" \/>\n<!-- \/ Yoast SEO plugin. -->","yoast_head_json":{"title":"Koop Buphedrone-poeder online - Goedkope prijs, topkwaliteit","description":"Koop Buphedrone poeder Online tegen een betaalbare prijs bij stonersmeds. Alle producten zijn laboratorium gekwalificeerd en hebben premium kwaliteit.","robots":{"index":"index","follow":"follow","max-snippet":"max-snippet:-1","max-image-preview":"max-image-preview:large","max-video-preview":"max-video-preview:-1"},"canonical":"https:\/\/stonersmeds.com\/nl\/shop\/buy-buphedrone-powder-online\/","og_locale":"nl_NL","og_type":"article","og_title":"Buy Buphedrone powder online - Cheap price, top quality","og_description":"Buy Buphedrone powder Online at an affordable price at stonersmeds. All products are lab qualified and have premium quality.","og_url":"https:\/\/stonersmeds.com\/nl\/shop\/buy-buphedrone-powder-online\/","og_site_name":"stonersmeds.com","article_modified_time":"2026-02-27T09:40:09+00:00","og_image":[{"width":600,"height":600,"url":"https:\/\/stonersmeds.com\/wp-content\/uploads\/2022\/03\/buy-buphedrone-powder-online.jpg","type":"image\/jpeg"}],"twitter_card":"summary_large_image","twitter_misc":{"Beschikbaarheid":"Op voorraad"},"schema":{"@context":"https:\/\/schema.org","@graph":[{"@type":"WebPage","@id":"https:\/\/stonersmeds.com\/shop\/buy-buphedrone-powder-online\/","url":"https:\/\/stonersmeds.com\/shop\/buy-buphedrone-powder-online\/","name":"Koop Buphedrone-poeder online - Goedkope prijs, topkwaliteit","isPartOf":{"@id":"https:\/\/stonersmeds.com\/#website"},"primaryImageOfPage":{"@id":"https:\/\/stonersmeds.com\/shop\/buy-buphedrone-powder-online\/#primaryimage"},"image":{"@id":"https:\/\/stonersmeds.com\/shop\/buy-buphedrone-powder-online\/#primaryimage"},"thumbnailUrl":"https:\/\/stonersmeds.com\/wp-content\/uploads\/2022\/03\/buy-buphedrone-powder-online.jpg","datePublished":"2022-03-12T06:45:02+00:00","dateModified":"2026-02-27T09:40:09+00:00","description":"Koop Buphedrone poeder Online tegen een betaalbare prijs bij stonersmeds. Alle producten zijn laboratorium gekwalificeerd en hebben premium kwaliteit.","breadcrumb":{"@id":"https:\/\/stonersmeds.com\/shop\/buy-buphedrone-powder-online\/#breadcrumb"},"inLanguage":"nl-NL","potentialAction":[{"@type":"ReadAction","target":["https:\/\/stonersmeds.com\/shop\/buy-buphedrone-powder-online\/"]}]},{"@type":"ImageObject","inLanguage":"nl-NL","@id":"https:\/\/stonersmeds.com\/shop\/buy-buphedrone-powder-online\/#primaryimage","url":"https:\/\/stonersmeds.com\/wp-content\/uploads\/2022\/03\/buy-buphedrone-powder-online.jpg","contentUrl":"https:\/\/stonersmeds.com\/wp-content\/uploads\/2022\/03\/buy-buphedrone-powder-online.jpg","width":600,"height":600},{"@type":"BreadcrumbList","@id":"https:\/\/stonersmeds.com\/shop\/buy-buphedrone-powder-online\/#breadcrumb","itemListElement":[{"@type":"ListItem","position":1,"name":"Home","item":"https:\/\/stonersmeds.com\/"},{"@type":"ListItem","position":2,"name":"Shop","item":"https:\/\/stonersmeds.com\/shop\/"},{"@type":"ListItem","position":3,"name":"Buy Buphedrone powder online"}]},{"@type":"WebSite","@id":"https:\/\/stonersmeds.com\/#website","url":"https:\/\/stonersmeds.com\/","name":"stonersmeds.com","description":"verschreibungspflichtige Medizin kaufen","publisher":{"@id":"https:\/\/stonersmeds.com\/#organization"},"alternateName":"Research chemical shop","potentialAction":[{"@type":"SearchAction","target":{"@type":"EntryPoint","urlTemplate":"https:\/\/stonersmeds.com\/?s={search_term_string}"},"query-input":{"@type":"PropertyValueSpecification","valueRequired":true,"valueName":"search_term_string"}}],"inLanguage":"nl-NL"},{"@type":"Organization","@id":"https:\/\/stonersmeds.com\/#organization","name":"Stonersmeds Shop","url":"https:\/\/stonersmeds.com\/","logo":{"@type":"ImageObject","inLanguage":"nl-NL","@id":"https:\/\/stonersmeds.com\/#\/schema\/logo\/image\/","url":"https:\/\/stonersmeds.com\/wp-content\/uploads\/2026\/02\/high-purity-DMT-powder.jpg","contentUrl":"https:\/\/stonersmeds.com\/wp-content\/uploads\/2026\/02\/high-purity-DMT-powder.jpg","width":500,"height":500,"caption":"Stonersmeds Shop"},"image":{"@id":"https:\/\/stonersmeds.com\/#\/schema\/logo\/image\/"}}]},"og_availability":"instock","product_availability":"instock","product_condition":"new"},"_links":{"self":[{"href":"https:\/\/stonersmeds.com\/nl\/wp-json\/wp\/v2\/product\/10322","targetHints":{"allow":["GET"]}}],"collection":[{"href":"https:\/\/stonersmeds.com\/nl\/wp-json\/wp\/v2\/product"}],"about":[{"href":"https:\/\/stonersmeds.com\/nl\/wp-json\/wp\/v2\/types\/product"}],"replies":[{"embeddable":true,"href":"https:\/\/stonersmeds.com\/nl\/wp-json\/wp\/v2\/comments?post=10322"}],"version-history":[{"count":0,"href":"https:\/\/stonersmeds.com\/nl\/wp-json\/wp\/v2\/product\/10322\/revisions"}],"wp:featuredmedia":[{"embeddable":true,"href":"https:\/\/stonersmeds.com\/nl\/wp-json\/wp\/v2\/media\/10331"}],"wp:attachment":[{"href":"https:\/\/stonersmeds.com\/nl\/wp-json\/wp\/v2\/media?parent=10322"}],"wp:term":[{"taxonomy":"product_brand","embeddable":true,"href":"https:\/\/stonersmeds.com\/nl\/wp-json\/wp\/v2\/product_brand?post=10322"},{"taxonomy":"product_cat","embeddable":true,"href":"https:\/\/stonersmeds.com\/nl\/wp-json\/wp\/v2\/product_cat?post=10322"},{"taxonomy":"product_tag","embeddable":true,"href":"https:\/\/stonersmeds.com\/nl\/wp-json\/wp\/v2\/product_tag?post=10322"},{"taxonomy":"product_brands","embeddable":true,"href":"https:\/\/stonersmeds.com\/nl\/wp-json\/wp\/v2\/product_brands?post=10322"}],"curies":[{"name":"wp","href":"https:\/\/api.w.org\/{rel}","templated":true}]}}