{"id":10031,"date":"2022-03-12T04:54:29","date_gmt":"2022-03-12T04:54:29","guid":{"rendered":"https:\/\/stonersmeds.com\/?post_type=product&#038;p=10031"},"modified":"2026-02-25T17:10:05","modified_gmt":"2026-02-25T15:10:05","slug":"buy-1p-lsd-cheap-100mcg-blotters-online","status":"publish","type":"product","link":"https:\/\/stonersmeds.com\/pl\/shop\/buy-1p-lsd-cheap-100mcg-blotters-online\/","title":{"rendered":"Kup 1P-LSD tanie 100mcg Blottery online"},"content":{"rendered":"<h1>Kupi\u0107 1P-LSD 100mcg Blotters tanio online.<\/h1>\n<p>L.S.D. jest przewa\u017caj\u0105c\u0105 odmian\u0105 Indica, nazwan\u0105 tak na cze\u015b\u0107 intensywnego leku halucynogennego w \u015bwietle niesamowicie halucynogennego i m\u00f3zgowego haju tej odmiany. Odmiana ta rozpoczyna si\u0119 energicznym uczuciem rado\u015bci, kt\u00f3re mo\u017ce zachwia\u0107 psychik\u0105 i pozostawi\u0107 kilku klient\u00f3w ca\u0142kowicie zdezorientowanych i \"intelektualnie zakleszczonych\". Niekt\u00f3rzy klienci gwarantuj\u0105, \u017ce po u\u017cyciu L.S.D. czuj\u0105 si\u0119 bardziej innowacyjni lub towarzyscy, pomimo solidnego pobudzenia m\u00f3zgowego.<\/p>\n<h3>Kup 1P-LSD Tanie 100mcg Blotters online<\/h3>\n<p>Taki poziom pobudzenia umys\u0142owego jest bardzo rzadki dla Indica. Jak mo\u017cna si\u0119 spodziewa\u0107, L.S.D. ma r\u00f3wnie\u017c normalne oddzia\u0142ywanie na cia\u0142o oparte na Indice. Klienci cz\u0119sto zauwa\u017caj\u0105 prze\u0142omowe znieczulenie cia\u0142a po 1 do 2 godzin po spo\u017cyciu, kiedy du\u017ca cz\u0119\u015b\u0107 wp\u0142yw\u00f3w m\u00f3zgowych zanika. Negatywny wp\u0142yw mo\u017ce obejmowa\u0107 uczucie ci\u0119\u017cko\u015bci w ustach, sucho\u015b\u0107 oczu, uczucie oszo\u0142omienia, b\u00f3le m\u00f3zgowe i niewielk\u0105 nieufno\u015b\u0107.<\/p>\n<p>Dla wi\u0119kszo\u015bci, ten szczep mo\u017ce by\u0107 wykorzystany kiedykolwiek w ci\u0105gu dnia, aby u\u0142atwi\u0107 \u0142agodny do bezpo\u015bredniego trwaj\u0105cego pulsuj\u0105cy b\u00f3l. L.S.D. jest cz\u0119sto zalecana, aby pom\u00f3c zarz\u0105dza\u0107 ci\u015bnieniem, niepokojem lub nieszcz\u0119\u015bciem. Pacjenci dodatkowo wykorzystuj\u0105 ten szczep do leczenia zaburze\u0144 snu, a kilka os\u00f3b wybiera go, aby pom\u00f3c w walce z b\u00f3lami g\u0142owy.<\/p>\n<p>L.S.D. jest hybryd\u0105 Mazara i niezwykle starego asortymentu skunka, Skunk #1, wyprodukowanego przez Barney's Farm. Chocia\u017c odmiana ta nie jest sugerowana dla nowych producent\u00f3w, jest bardzo prosta w uprawie, poniewa\u017c jest odporna na liczne infekcje i mo\u017ce by\u0107 uprawiana zar\u00f3wno na zewn\u0105trz, jak i wewn\u0105trz. Przy d\u0142ugim okresie kwitnienia, gdzie\u015b w przedziale 65-78 dni, L.S.D. mo\u017ce dostarczy\u0107 a\u017c 650 gram\u00f3w na ka\u017cdy metr kwadratowy. Rzadko przekraczaj\u0105ca 60 centymetr\u00f3w, odmiana ta ko\u0144czy si\u0119 zwykle w kwietniu na po\u0142udniowej stronie r\u00f3wnika i w pa\u017adzierniku na p\u00f3\u0142nocnej. Ta odmiana mo\u017ce mie\u0107 kontrol\u0119 THC do 24%.<\/p>\n<p>&nbsp;<\/p>\n<p>&nbsp;<\/p>\n<pre><strong>Kup 1P-LSD Tanie 100mcg Blotters Online - kupi\u0107 1P-LSD , kupi\u0107 1P-LSD Tanie 100mcg Blotters , kupi\u0107 1P-LSD Blotters online, Gdzie kupi\u0107 1P-LSD Tanie 100mcg Blotters , 1P-LSD Tanie 100mcg Blotters na sprzeda\u017c, 1P-LSD Blotters na sprzeda\u017c, kupi\u0107 1P-LSD Tanie online, gdzie kupi\u0107 1P-LSD Tanie 100mcg Blotters online, 1P-LSD Tanie 100mcg Blotters na sprzeda\u017c w usa , USA, Kanada, uk, kupi\u0107, online, dostawc\u00f3w, bezpiecznej dostawy, Mo\u017cna jeszcze dosta\u0107 1P-LSD Tanie 100mcg Blotters , Czy 1P-LSD Tanie 100mcg Blotters legalne w usa, kupi\u0107 1P-LSD Tanie 100mcg Blotters online usa, jak zam\u00f3wi\u0107 1P-LSD Tanie 100mcg Blotters , Czy 1P-LSD Tanie 100mcg Blotters legalne w Kanadzie<\/strong><\/pre>","protected":false},"excerpt":{"rendered":"<p>Minimalne zam\u00f3wienie to 10 Blotter\u00f3w.<\/p>\n<pre><\/pre>","protected":false},"featured_media":10050,"comment_status":"open","ping_status":"closed","template":"","meta":{"_bst_post_transparent":"","_bst_post_title":"","_bst_post_layout":"","_bst_post_sidebar_id":"","_bst_post_content_style":"","_bst_post_vertical_padding":"","_bst_post_feature":"","_bst_post_feature_position":"","_bst_post_header":false,"_bst_post_footer":false},"product_brand":[],"product_cat":[80],"product_tag":[846,924,922,869,870,871,864,867,865,862,866,861,863,921,923,868],"product_brands":[],"class_list":{"0":"post-10031","1":"product","2":"type-product","3":"status-publish","4":"has-post-thumbnail","6":"product_cat-psychedelic-drugs","7":"product_tag-1p-lsd-shop","8":"product_tag-acid-prices-lsd","9":"product_tag-cost-of-lsd","10":"product_tag-how-long-does-lsd-cost","11":"product_tag-how-much-does-lsd-cost","12":"product_tag-how-much-does-lsd-cost-per-tab","13":"product_tag-how-to-make-liquid-lsd","14":"product_tag-liquid-acid-lsd","15":"product_tag-liquid-lsd-color","16":"product_tag-liquid-lsd-online","17":"product_tag-liquid-lsd-price","18":"product_tag-liquid-lsd-shop","19":"product_tag-liquid-lsd-vs-tabs","20":"product_tag-lsd-25-for-sale","21":"product_tag-lsd-tab-cost","22":"product_tag-what-does-lsd-look-like","24":"first","25":"instock","26":"shipping-taxable","27":"purchasable","28":"product-type-variable","29":"entry","30":"content-bg","31":"loop-entry"},"tiered_pricing_type":"fixed","tiered_pricing_fixed_rules":[],"tiered_pricing_percentage_rules":[],"tiered_pricing_minimum":1,"_administrator_tiered_pricing_type":"fixed","_administrator_tiered_pricing_fixed_rules":[],"_editor_tiered_pricing_type":"fixed","_editor_tiered_pricing_fixed_rules":[],"_author_tiered_pricing_type":"fixed","_author_tiered_pricing_fixed_rules":[],"_contributor_tiered_pricing_type":"fixed","_contributor_tiered_pricing_fixed_rules":[],"_subscriber_tiered_pricing_type":"fixed","_subscriber_tiered_pricing_fixed_rules":[],"_customer_tiered_pricing_type":"fixed","_customer_tiered_pricing_fixed_rules":[],"_shop_manager_tiered_pricing_type":"fixed","_shop_manager_tiered_pricing_fixed_rules":[],"_wpseo_manager_tiered_pricing_type":"fixed","_wpseo_manager_tiered_pricing_fixed_rules":[],"_wpseo_editor_tiered_pricing_type":"fixed","_wpseo_editor_tiered_pricing_fixed_rules":[],"yoast_head":"<!-- This site is optimized with the Yoast SEO plugin v27.2 - https:\/\/yoast.com\/product\/yoast-seo-wordpress\/ -->\n<title>Buy 1P-LSD Cheap 100mcg Blotters Online - Cheap price, Highest quality<\/title>\n<meta name=\"description\" content=\"Buy 1P-LSD 100mcg Blotters Online at an affordable price at stonersmeds. All products are lab qualified and have premium quality.\" \/>\n<meta name=\"robots\" content=\"index, follow, max-snippet:-1, max-image-preview:large, max-video-preview:-1\" \/>\n<link rel=\"canonical\" href=\"https:\/\/stonersmeds.com\/pl\/shop\/buy-1p-lsd-cheap-100mcg-blotters-online\/\" \/>\n<meta property=\"og:locale\" content=\"pl_PL\" \/>\n<meta property=\"og:type\" content=\"article\" \/>\n<meta property=\"og:title\" content=\"Buy 1P-LSD Cheap 100mcg Blotters Online - Cheap price, Highest quality\" \/>\n<meta property=\"og:description\" content=\"Buy 1P-LSD 100mcg Blotters Online at an affordable price at stonersmeds. All products are lab qualified and have premium quality.\" \/>\n<meta property=\"og:url\" content=\"https:\/\/stonersmeds.com\/pl\/shop\/buy-1p-lsd-cheap-100mcg-blotters-online\/\" \/>\n<meta property=\"og:site_name\" content=\"stonersmeds.com\" \/>\n<meta property=\"article:modified_time\" content=\"2026-02-25T15:10:05+00:00\" \/>\n<meta property=\"og:image\" content=\"https:\/\/stonersmeds.com\/wp-content\/uploads\/2022\/03\/Buy-1P-LSD-100mcg-Blotters-cheap-online.jpg\" \/>\n\t<meta property=\"og:image:width\" content=\"600\" \/>\n\t<meta property=\"og:image:height\" content=\"600\" \/>\n\t<meta property=\"og:image:type\" content=\"image\/jpeg\" \/>\n<meta name=\"twitter:card\" content=\"summary_large_image\" \/>\n<meta name=\"twitter:label1\" content=\"Dost\u0119pno\u015b\u0107\" \/>\n\t<meta name=\"twitter:data1\" content=\"Dost\u0119pny\" \/>\n<script type=\"application\/ld+json\" class=\"yoast-schema-graph\">{\"@context\":\"https:\/\/schema.org\",\"@graph\":[{\"@type\":\"WebPage\",\"@id\":\"https:\/\/stonersmeds.com\/shop\/buy-1p-lsd-cheap-100mcg-blotters-online\/\",\"url\":\"https:\/\/stonersmeds.com\/shop\/buy-1p-lsd-cheap-100mcg-blotters-online\/\",\"name\":\"Buy 1P-LSD Cheap 100mcg Blotters Online - Cheap price, Highest quality\",\"isPartOf\":{\"@id\":\"https:\/\/stonersmeds.com\/#website\"},\"primaryImageOfPage\":{\"@id\":\"https:\/\/stonersmeds.com\/shop\/buy-1p-lsd-cheap-100mcg-blotters-online\/#primaryimage\"},\"image\":{\"@id\":\"https:\/\/stonersmeds.com\/shop\/buy-1p-lsd-cheap-100mcg-blotters-online\/#primaryimage\"},\"thumbnailUrl\":\"https:\/\/stonersmeds.com\/wp-content\/uploads\/2022\/03\/Buy-1P-LSD-100mcg-Blotters-cheap-online.jpg\",\"datePublished\":\"2022-03-12T04:54:29+00:00\",\"dateModified\":\"2026-02-25T15:10:05+00:00\",\"description\":\"Buy 1P-LSD 100mcg Blotters Online at an affordable price at stonersmeds. All products are lab qualified and have premium quality.\",\"breadcrumb\":{\"@id\":\"https:\/\/stonersmeds.com\/shop\/buy-1p-lsd-cheap-100mcg-blotters-online\/#breadcrumb\"},\"inLanguage\":\"pl-PL\",\"potentialAction\":[{\"@type\":\"ReadAction\",\"target\":[\"https:\/\/stonersmeds.com\/shop\/buy-1p-lsd-cheap-100mcg-blotters-online\/\"]}]},{\"@type\":\"ImageObject\",\"inLanguage\":\"pl-PL\",\"@id\":\"https:\/\/stonersmeds.com\/shop\/buy-1p-lsd-cheap-100mcg-blotters-online\/#primaryimage\",\"url\":\"https:\/\/stonersmeds.com\/wp-content\/uploads\/2022\/03\/Buy-1P-LSD-100mcg-Blotters-cheap-online.jpg\",\"contentUrl\":\"https:\/\/stonersmeds.com\/wp-content\/uploads\/2022\/03\/Buy-1P-LSD-100mcg-Blotters-cheap-online.jpg\",\"width\":600,\"height\":600},{\"@type\":\"BreadcrumbList\",\"@id\":\"https:\/\/stonersmeds.com\/shop\/buy-1p-lsd-cheap-100mcg-blotters-online\/#breadcrumb\",\"itemListElement\":[{\"@type\":\"ListItem\",\"position\":1,\"name\":\"Home\",\"item\":\"https:\/\/stonersmeds.com\/\"},{\"@type\":\"ListItem\",\"position\":2,\"name\":\"Shop\",\"item\":\"https:\/\/stonersmeds.com\/shop\/\"},{\"@type\":\"ListItem\",\"position\":3,\"name\":\"Buy 1P-LSD Cheap 100mcg Blotters Online\"}]},{\"@type\":\"WebSite\",\"@id\":\"https:\/\/stonersmeds.com\/#website\",\"url\":\"https:\/\/stonersmeds.com\/\",\"name\":\"stonersmeds.com\",\"description\":\"verschreibungspflichtige Medizin kaufen\",\"publisher\":{\"@id\":\"https:\/\/stonersmeds.com\/#organization\"},\"alternateName\":\"Research chemical shop\",\"potentialAction\":[{\"@type\":\"SearchAction\",\"target\":{\"@type\":\"EntryPoint\",\"urlTemplate\":\"https:\/\/stonersmeds.com\/?s={search_term_string}\"},\"query-input\":{\"@type\":\"PropertyValueSpecification\",\"valueRequired\":true,\"valueName\":\"search_term_string\"}}],\"inLanguage\":\"pl-PL\"},{\"@type\":\"Organization\",\"@id\":\"https:\/\/stonersmeds.com\/#organization\",\"name\":\"Stonersmeds Shop\",\"url\":\"https:\/\/stonersmeds.com\/\",\"logo\":{\"@type\":\"ImageObject\",\"inLanguage\":\"pl-PL\",\"@id\":\"https:\/\/stonersmeds.com\/#\/schema\/logo\/image\/\",\"url\":\"https:\/\/stonersmeds.com\/wp-content\/uploads\/2026\/02\/high-purity-DMT-powder.jpg\",\"contentUrl\":\"https:\/\/stonersmeds.com\/wp-content\/uploads\/2026\/02\/high-purity-DMT-powder.jpg\",\"width\":500,\"height\":500,\"caption\":\"Stonersmeds Shop\"},\"image\":{\"@id\":\"https:\/\/stonersmeds.com\/#\/schema\/logo\/image\/\"}}]}<\/script>\n<meta property=\"og:availability\" content=\"instock\" \/>\n<meta property=\"product:availability\" content=\"instock\" \/>\n<meta property=\"product:condition\" content=\"new\" \/>\n<!-- \/ Yoast SEO plugin. -->","yoast_head_json":{"title":"Kup 1P-LSD Tanie 100mcg Blotters Online - Tania cena, Najwy\u017csza jako\u015b\u0107","description":"Kup 1P-LSD 100mcg Blotters Online w przyst\u0119pnej cenie w stonersmeds. Wszystkie produkty s\u0105 kwalifikowane laboratoryjnie i maj\u0105 jako\u015b\u0107 premium.","robots":{"index":"index","follow":"follow","max-snippet":"max-snippet:-1","max-image-preview":"max-image-preview:large","max-video-preview":"max-video-preview:-1"},"canonical":"https:\/\/stonersmeds.com\/pl\/shop\/buy-1p-lsd-cheap-100mcg-blotters-online\/","og_locale":"pl_PL","og_type":"article","og_title":"Buy 1P-LSD Cheap 100mcg Blotters Online - Cheap price, Highest quality","og_description":"Buy 1P-LSD 100mcg Blotters Online at an affordable price at stonersmeds. All products are lab qualified and have premium quality.","og_url":"https:\/\/stonersmeds.com\/pl\/shop\/buy-1p-lsd-cheap-100mcg-blotters-online\/","og_site_name":"stonersmeds.com","article_modified_time":"2026-02-25T15:10:05+00:00","og_image":[{"width":600,"height":600,"url":"https:\/\/stonersmeds.com\/wp-content\/uploads\/2022\/03\/Buy-1P-LSD-100mcg-Blotters-cheap-online.jpg","type":"image\/jpeg"}],"twitter_card":"summary_large_image","twitter_misc":{"Dost\u0119pno\u015b\u0107":"Dost\u0119pny"},"schema":{"@context":"https:\/\/schema.org","@graph":[{"@type":"WebPage","@id":"https:\/\/stonersmeds.com\/shop\/buy-1p-lsd-cheap-100mcg-blotters-online\/","url":"https:\/\/stonersmeds.com\/shop\/buy-1p-lsd-cheap-100mcg-blotters-online\/","name":"Kup 1P-LSD Tanie 100mcg Blotters Online - Tania cena, Najwy\u017csza jako\u015b\u0107","isPartOf":{"@id":"https:\/\/stonersmeds.com\/#website"},"primaryImageOfPage":{"@id":"https:\/\/stonersmeds.com\/shop\/buy-1p-lsd-cheap-100mcg-blotters-online\/#primaryimage"},"image":{"@id":"https:\/\/stonersmeds.com\/shop\/buy-1p-lsd-cheap-100mcg-blotters-online\/#primaryimage"},"thumbnailUrl":"https:\/\/stonersmeds.com\/wp-content\/uploads\/2022\/03\/Buy-1P-LSD-100mcg-Blotters-cheap-online.jpg","datePublished":"2022-03-12T04:54:29+00:00","dateModified":"2026-02-25T15:10:05+00:00","description":"Kup 1P-LSD 100mcg Blotters Online w przyst\u0119pnej cenie w stonersmeds. Wszystkie produkty s\u0105 kwalifikowane laboratoryjnie i maj\u0105 jako\u015b\u0107 premium.","breadcrumb":{"@id":"https:\/\/stonersmeds.com\/shop\/buy-1p-lsd-cheap-100mcg-blotters-online\/#breadcrumb"},"inLanguage":"pl-PL","potentialAction":[{"@type":"ReadAction","target":["https:\/\/stonersmeds.com\/shop\/buy-1p-lsd-cheap-100mcg-blotters-online\/"]}]},{"@type":"ImageObject","inLanguage":"pl-PL","@id":"https:\/\/stonersmeds.com\/shop\/buy-1p-lsd-cheap-100mcg-blotters-online\/#primaryimage","url":"https:\/\/stonersmeds.com\/wp-content\/uploads\/2022\/03\/Buy-1P-LSD-100mcg-Blotters-cheap-online.jpg","contentUrl":"https:\/\/stonersmeds.com\/wp-content\/uploads\/2022\/03\/Buy-1P-LSD-100mcg-Blotters-cheap-online.jpg","width":600,"height":600},{"@type":"BreadcrumbList","@id":"https:\/\/stonersmeds.com\/shop\/buy-1p-lsd-cheap-100mcg-blotters-online\/#breadcrumb","itemListElement":[{"@type":"ListItem","position":1,"name":"Home","item":"https:\/\/stonersmeds.com\/"},{"@type":"ListItem","position":2,"name":"Shop","item":"https:\/\/stonersmeds.com\/shop\/"},{"@type":"ListItem","position":3,"name":"Buy 1P-LSD Cheap 100mcg Blotters Online"}]},{"@type":"WebSite","@id":"https:\/\/stonersmeds.com\/#website","url":"https:\/\/stonersmeds.com\/","name":"stonersmeds.com","description":"verschreibungspflichtige Medizin kaufen","publisher":{"@id":"https:\/\/stonersmeds.com\/#organization"},"alternateName":"Research chemical shop","potentialAction":[{"@type":"SearchAction","target":{"@type":"EntryPoint","urlTemplate":"https:\/\/stonersmeds.com\/?s={search_term_string}"},"query-input":{"@type":"PropertyValueSpecification","valueRequired":true,"valueName":"search_term_string"}}],"inLanguage":"pl-PL"},{"@type":"Organization","@id":"https:\/\/stonersmeds.com\/#organization","name":"Stonersmeds Shop","url":"https:\/\/stonersmeds.com\/","logo":{"@type":"ImageObject","inLanguage":"pl-PL","@id":"https:\/\/stonersmeds.com\/#\/schema\/logo\/image\/","url":"https:\/\/stonersmeds.com\/wp-content\/uploads\/2026\/02\/high-purity-DMT-powder.jpg","contentUrl":"https:\/\/stonersmeds.com\/wp-content\/uploads\/2026\/02\/high-purity-DMT-powder.jpg","width":500,"height":500,"caption":"Stonersmeds Shop"},"image":{"@id":"https:\/\/stonersmeds.com\/#\/schema\/logo\/image\/"}}]},"og_availability":"instock","product_availability":"instock","product_condition":"new"},"_links":{"self":[{"href":"https:\/\/stonersmeds.com\/pl\/wp-json\/wp\/v2\/product\/10031","targetHints":{"allow":["GET"]}}],"collection":[{"href":"https:\/\/stonersmeds.com\/pl\/wp-json\/wp\/v2\/product"}],"about":[{"href":"https:\/\/stonersmeds.com\/pl\/wp-json\/wp\/v2\/types\/product"}],"replies":[{"embeddable":true,"href":"https:\/\/stonersmeds.com\/pl\/wp-json\/wp\/v2\/comments?post=10031"}],"version-history":[{"count":0,"href":"https:\/\/stonersmeds.com\/pl\/wp-json\/wp\/v2\/product\/10031\/revisions"}],"wp:featuredmedia":[{"embeddable":true,"href":"https:\/\/stonersmeds.com\/pl\/wp-json\/wp\/v2\/media\/10050"}],"wp:attachment":[{"href":"https:\/\/stonersmeds.com\/pl\/wp-json\/wp\/v2\/media?parent=10031"}],"wp:term":[{"taxonomy":"product_brand","embeddable":true,"href":"https:\/\/stonersmeds.com\/pl\/wp-json\/wp\/v2\/product_brand?post=10031"},{"taxonomy":"product_cat","embeddable":true,"href":"https:\/\/stonersmeds.com\/pl\/wp-json\/wp\/v2\/product_cat?post=10031"},{"taxonomy":"product_tag","embeddable":true,"href":"https:\/\/stonersmeds.com\/pl\/wp-json\/wp\/v2\/product_tag?post=10031"},{"taxonomy":"product_brands","embeddable":true,"href":"https:\/\/stonersmeds.com\/pl\/wp-json\/wp\/v2\/product_brands?post=10031"}],"curies":[{"name":"wp","href":"https:\/\/api.w.org\/{rel}","templated":true}]}}