{"id":10159,"date":"2022-03-12T05:43:35","date_gmt":"2022-03-12T05:43:35","guid":{"rendered":"https:\/\/stonersmeds.com\/?post_type=product&#038;p=10159"},"modified":"2026-03-02T13:30:42","modified_gmt":"2026-03-02T11:30:42","slug":"buy-4-fa-powder-1-oz-pure-online-cheap","status":"publish","type":"product","link":"https:\/\/stonersmeds.com\/pl\/shop\/buy-4-fa-powder-1-oz-pure-online-cheap\/","title":{"rendered":"Kup 4-FA Powder 1 uncja Pure Online Tanio"},"content":{"rendered":"<h1>Kup 4-FA Powder 1 uncja Pure Online Tanio.<\/h1>\n<p>Kup 4-FA Powder 1 uncja Pure Online Tanio.<\/p>\n<p>4-FA (4-fluoramfetamina) to lek podobny do amfetaminy, kt\u00f3ry w\u0142a\u015bnie pojawi\u0142 si\u0119 na rynku holenderskim na umiarkowanie kr\u00f3tki okres czasu. W okresie od 2007 do 2009 roku sprzedawany by\u0142 zasadniczo jako speed lub MDMA. By\u0142o to spowodowane tym, \u017ce w tamtym czasie brakowa\u0142o surowych materia\u0142\u00f3w dla tych specjalist\u00f3w, wi\u0119c 4-FA by\u0142 wykorzystywany jako specjalista od ci\u0119cia. W ka\u017cdym razie, od 2010 roku 4-FA jest stopniowo sprzedawany przez sprzedawc\u00f3w jako 4-FA, co r\u00f3wnie\u017c oznacza, \u017ce kupuj\u0105cy uwa\u017caj\u0105 go za \"lek decyzji\".<\/p>\n<p>R\u00f3\u017cne nazwy 4-FA obejmuj\u0105 4-FMP, 4-Fluor, 4-Flava, 4-F lub Flux. Jest to substancja, kt\u00f3ra wchodzi w zakres nowych substancji psychoaktywnych (NPS). S\u0105 to substancje, kt\u00f3re by\u0142y ostatnio dost\u0119pne i zosta\u0142y stworzone jako opcja w przeciwie\u0144stwie do zwyk\u0142ych substancji nielegalnych. NPS s\u0105 inaczej nazywane syntetycznymi lekami badawczymi lub lekami oryginalnymi. Zmieniaj\u0105c co\u015b niewielkiego w obecn\u0105 struktur\u0119 zwi\u0105zku, nazwa substancji zmienia si\u0119 iw ten spos\u00f3b nie jest w tym momencie obj\u0119ta ustaw\u0105 opiumow\u0105 i w zwi\u0105zku z tym jest niezgodna z prawem. To sprawia, \u017ce trudniej jest zapobiec tworzeniu, zawieraniu transakcji i w\u0142asno\u015bci.<\/p>\n<p>4-FA najcz\u0119\u015bciej wyst\u0119puje w postaci proszku lub pigu\u0142ek. W strukturze pigu\u0142ki 4-FA jest przyjmowany doustnie. Klienci wk\u0142adaj\u0105 proszek do etui lub ruchomego papieru (bomby) lub w niekt\u00f3rych przypadkach ulegaj\u0105 zniszczeniu w napoju. Zasadniczo nie ma rozr\u00f3\u017cnienia mi\u0119dzy pigu\u0142kami 4-FA, proszkami 4-FA lub przypadkami z 4-FA.<\/p>\n<p>Pojemniki s\u0105 produkowane przy u\u017cyciu matowej lub s\u0142odkiej substancji i mog\u0105 by\u0107 proste lub mie\u0107 r\u00f3\u017cne odcienie. Do jednego pude\u0142ka mo\u017cna za\u0142adowa\u0107 wiele r\u00f3\u017cnych substancji. 4-FA, ale dodatkowo r\u00f3\u017cnymi substancjami, na przyk\u0142ad amfetamin\u0105 (speed), MDMA, kofein\u0105 lub niczym na wyci\u0105gni\u0119cie r\u0119ki. Niekt\u00f3re artyku\u0142y sklepowe znajduj\u0105 si\u0119 r\u00f3wnie\u017c w skrzynkach. Walizki s\u0105 z regu\u0142y w worku, a na opakowaniu jest napisane, co si\u0119 w nim znajduje. W przypadku, gdy klienci sami wype\u0142niaj\u0105 pojemnik, mog\u0105 wykorzysta\u0107 skal\u0119 mg, aby zdecydowa\u0107 o dok\u0142adnej porcji. 4-fa na sprzeda\u017c, , gdzie kupi\u0107 4fa, kupi\u0107 4-fa, 4 fa na sprzeda\u017c, 4fa na sprzeda\u017c, 4 fa kupi\u0107, kupi\u0107 4fa, 4-fa kupi\u0107, 4-fa na sprzeda\u017c<\/p>\n<p>To, co kto\u015b czuje po za\u017cyciu 4-FA na pocz\u0105tku, zale\u017cy od pomiar\u00f3w. Aby odkry\u0107, 4-FA mo\u017cna wypr\u00f3bowa\u0107 podczas administracji testowej (patrz menu). W nast\u0119pstwie po\u0142kni\u0119cia 4-FA potrzeba oko\u0142o 20 do godziny, aby pojawi\u0142y si\u0119 uderzenia. 4-FA wykonuje si\u0119 po 4 do 8 godzinach, chocia\u017c niekt\u00f3rzy klienci zg\u0142aszaj\u0105, \u017ce ostateczne wyniki mog\u0105 trwa\u0107 do ponad 12 godzin.<\/p>\n<p>Ognisty, przejrzysty, dopasowany i ostro\u017cny<\/p>\n<p>Lekkie szcz\u0119\u015bcie, szcz\u0119\u015bliwe i jasne<\/p>\n<p>Solidne poczucie posiadania miejsca<\/p>\n<p>Ekstremalne do\u015bwiadczenie dotyku i muzyki<\/p>\n<p>Solidny wym\u00f3g kontaktu, rozmowy i blisko\u015bci<\/p>\n<p>&nbsp;<\/p>\n<p>&nbsp;<\/p>\n<pre><strong>Kup 4-FA Powder 1 oz Pure Online Tanio - kup 1 oz Pure, kup 4-FA Powder 1 oz Pure blisko mnie, jak kupi\u0107 4-FA Powder 1 oz Pure online, Gdzie kupi\u0107 4-FA Powder 1 oz Pure, 4-FA Powder 1 oz Pure na sprzeda\u017c, 4-FA Powder 1 oz Pure na sprzeda\u017c w USA, kup 4-4-FA Powder 1 oz Pure online teraz, gdzie kupi\u0107 4-FA Powder 1 oz Pure online, 4-FA Proszek 1 uncja Pure na sprzeda\u017c w USA, USA, Kanada, Wielka Brytania, kup, online, dostawcy, bezpieczna dostawa, Nadal mo\u017cesz otrzyma\u0107 proszek 4-FA 1 uncja Pure, Czy proszek 4-FA 1 uncja Pure jest legalny w USA, kup 4 -FA Proszek 1 oz Pure online usa, jak zam\u00f3wi\u0107 4-FA Proszek 1 oz Pure, Czy 4-FA Proszek 1 oz Pure w Kanadzie<\/strong><\/pre>","protected":false},"excerpt":{"rendered":"<p>Kup 4-FA Powder 1 oz Pure online tanio. 4-FA Powder Podobne do: MDMA &amp; Oral Methamphetamine<br \/>\nZalecane dawkowanie: 200mg.<\/p>\n<pre><strong>Kup 4-FA Powder 1 oz Pure Online Tanio - kup 1 oz Pure, kup 4-FA Powder 1 oz Pure blisko mnie, jak kupi\u0107 4-FA Powder 1 oz Pure online, Gdzie kupi\u0107 4-FA Powder 1 oz Pure, 4-FA Powder 1 oz Pure na sprzeda\u017c, 4-FA Powder 1 oz Pure na sprzeda\u017c w USA, kup 4-4-FA Powder 1 oz Pure online teraz, gdzie kupi\u0107 4-FA Powder 1 oz Pure online, 4-FA Proszek 1 uncja Pure na sprzeda\u017c w USA, USA, Kanada, Wielka Brytania, kup, online, dostawcy, bezpieczna dostawa, Nadal mo\u017cesz otrzyma\u0107 proszek 4-FA 1 uncja Pure, Czy proszek 4-FA 1 uncja Pure jest legalny w USA, kup 4 -FA Proszek 1 oz Pure online usa, jak zam\u00f3wi\u0107 4-FA Proszek 1 oz Pure, Czy 4-FA Proszek 1 oz Pure w Kanadzie<\/strong><\/pre>","protected":false},"featured_media":10169,"comment_status":"open","ping_status":"closed","template":"","meta":{"_bst_post_transparent":"","_bst_post_title":"","_bst_post_layout":"","_bst_post_sidebar_id":"","_bst_post_content_style":"","_bst_post_vertical_padding":"","_bst_post_feature":"","_bst_post_feature_position":"","_bst_post_header":false,"_bst_post_footer":false},"product_brand":[],"product_cat":[79],"product_tag":[],"product_brands":[],"class_list":{"0":"post-10159","1":"product","2":"type-product","3":"status-publish","4":"has-post-thumbnail","6":"product_cat-research-chemicals-and-bath-salt","8":"first","9":"instock","10":"shipping-taxable","11":"purchasable","12":"product-type-variable","13":"entry","14":"content-bg","15":"loop-entry"},"tiered_pricing_type":"fixed","tiered_pricing_fixed_rules":[],"tiered_pricing_percentage_rules":[],"tiered_pricing_minimum":1,"_administrator_tiered_pricing_type":"fixed","_administrator_tiered_pricing_fixed_rules":[],"_editor_tiered_pricing_type":"fixed","_editor_tiered_pricing_fixed_rules":[],"_author_tiered_pricing_type":"fixed","_author_tiered_pricing_fixed_rules":[],"_contributor_tiered_pricing_type":"fixed","_contributor_tiered_pricing_fixed_rules":[],"_subscriber_tiered_pricing_type":"fixed","_subscriber_tiered_pricing_fixed_rules":[],"_customer_tiered_pricing_type":"fixed","_customer_tiered_pricing_fixed_rules":[],"_shop_manager_tiered_pricing_type":"fixed","_shop_manager_tiered_pricing_fixed_rules":[],"_wpseo_manager_tiered_pricing_type":"fixed","_wpseo_manager_tiered_pricing_fixed_rules":[],"_wpseo_editor_tiered_pricing_type":"fixed","_wpseo_editor_tiered_pricing_fixed_rules":[],"yoast_head":"<!-- This site is optimized with the Yoast SEO plugin v27.2 - https:\/\/yoast.com\/product\/yoast-seo-wordpress\/ -->\n<title>Buy 4-FA Powder 1 oz Pure Online Cheap - Cheap price, top quality<\/title>\n<meta name=\"description\" content=\"Buy 4-FA Powder Online at an affordable price at stonersmeds. All products are lab qualified and have premium quality.\" \/>\n<meta name=\"robots\" content=\"index, follow, max-snippet:-1, max-image-preview:large, max-video-preview:-1\" \/>\n<link rel=\"canonical\" href=\"https:\/\/stonersmeds.com\/pl\/shop\/buy-4-fa-powder-1-oz-pure-online-cheap\/\" \/>\n<meta property=\"og:locale\" content=\"pl_PL\" \/>\n<meta property=\"og:type\" content=\"article\" \/>\n<meta property=\"og:title\" content=\"Buy 4-FA Powder 1 oz Pure Online Cheap - Cheap price, top quality\" \/>\n<meta property=\"og:description\" content=\"Buy 4-FA Powder Online at an affordable price at stonersmeds. All products are lab qualified and have premium quality.\" \/>\n<meta property=\"og:url\" content=\"https:\/\/stonersmeds.com\/pl\/shop\/buy-4-fa-powder-1-oz-pure-online-cheap\/\" \/>\n<meta property=\"og:site_name\" content=\"stonersmeds.com\" \/>\n<meta property=\"article:modified_time\" content=\"2026-03-02T11:30:42+00:00\" \/>\n<meta property=\"og:image\" content=\"https:\/\/stonersmeds.com\/wp-content\/uploads\/2022\/03\/buy-4-fa-powder-1-oz-pure-online-cheap.jpg\" \/>\n\t<meta property=\"og:image:width\" content=\"600\" \/>\n\t<meta property=\"og:image:height\" content=\"600\" \/>\n\t<meta property=\"og:image:type\" content=\"image\/jpeg\" \/>\n<meta name=\"twitter:card\" content=\"summary_large_image\" \/>\n<meta name=\"twitter:label1\" content=\"Dost\u0119pno\u015b\u0107\" \/>\n\t<meta name=\"twitter:data1\" content=\"Dost\u0119pny\" \/>\n<script type=\"application\/ld+json\" class=\"yoast-schema-graph\">{\"@context\":\"https:\/\/schema.org\",\"@graph\":[{\"@type\":\"WebPage\",\"@id\":\"https:\/\/stonersmeds.com\/sk\/shop\/buy-4-fa-powder-1-oz-pure-online-cheap\/\",\"url\":\"https:\/\/stonersmeds.com\/sk\/shop\/buy-4-fa-powder-1-oz-pure-online-cheap\/\",\"name\":\"Buy 4-FA Powder 1 oz Pure Online Cheap - Cheap price, top quality\",\"isPartOf\":{\"@id\":\"https:\/\/stonersmeds.com\/#website\"},\"primaryImageOfPage\":{\"@id\":\"https:\/\/stonersmeds.com\/sk\/shop\/buy-4-fa-powder-1-oz-pure-online-cheap\/#primaryimage\"},\"image\":{\"@id\":\"https:\/\/stonersmeds.com\/sk\/shop\/buy-4-fa-powder-1-oz-pure-online-cheap\/#primaryimage\"},\"thumbnailUrl\":\"https:\/\/stonersmeds.com\/wp-content\/uploads\/2022\/03\/buy-4-fa-powder-1-oz-pure-online-cheap.jpg\",\"datePublished\":\"2022-03-12T05:43:35+00:00\",\"dateModified\":\"2026-03-02T11:30:42+00:00\",\"description\":\"Buy 4-FA Powder Online at an affordable price at stonersmeds. All products are lab qualified and have premium quality.\",\"breadcrumb\":{\"@id\":\"https:\/\/stonersmeds.com\/sk\/shop\/buy-4-fa-powder-1-oz-pure-online-cheap\/#breadcrumb\"},\"inLanguage\":\"pl-PL\",\"potentialAction\":[{\"@type\":\"ReadAction\",\"target\":[\"https:\/\/stonersmeds.com\/sk\/shop\/buy-4-fa-powder-1-oz-pure-online-cheap\/\"]}]},{\"@type\":\"ImageObject\",\"inLanguage\":\"pl-PL\",\"@id\":\"https:\/\/stonersmeds.com\/sk\/shop\/buy-4-fa-powder-1-oz-pure-online-cheap\/#primaryimage\",\"url\":\"https:\/\/stonersmeds.com\/wp-content\/uploads\/2022\/03\/buy-4-fa-powder-1-oz-pure-online-cheap.jpg\",\"contentUrl\":\"https:\/\/stonersmeds.com\/wp-content\/uploads\/2022\/03\/buy-4-fa-powder-1-oz-pure-online-cheap.jpg\",\"width\":600,\"height\":600},{\"@type\":\"BreadcrumbList\",\"@id\":\"https:\/\/stonersmeds.com\/sk\/shop\/buy-4-fa-powder-1-oz-pure-online-cheap\/#breadcrumb\",\"itemListElement\":[{\"@type\":\"ListItem\",\"position\":1,\"name\":\"Home\",\"item\":\"https:\/\/stonersmeds.com\/\"},{\"@type\":\"ListItem\",\"position\":2,\"name\":\"Shop\",\"item\":\"https:\/\/stonersmeds.com\/shop\/\"},{\"@type\":\"ListItem\",\"position\":3,\"name\":\"Buy 4-FA Powder 1 oz Pure Online Cheap\"}]},{\"@type\":\"WebSite\",\"@id\":\"https:\/\/stonersmeds.com\/#website\",\"url\":\"https:\/\/stonersmeds.com\/\",\"name\":\"stonersmeds.com\",\"description\":\"verschreibungspflichtige Medizin kaufen\",\"publisher\":{\"@id\":\"https:\/\/stonersmeds.com\/#organization\"},\"alternateName\":\"Research chemical shop\",\"potentialAction\":[{\"@type\":\"SearchAction\",\"target\":{\"@type\":\"EntryPoint\",\"urlTemplate\":\"https:\/\/stonersmeds.com\/?s={search_term_string}\"},\"query-input\":{\"@type\":\"PropertyValueSpecification\",\"valueRequired\":true,\"valueName\":\"search_term_string\"}}],\"inLanguage\":\"pl-PL\"},{\"@type\":\"Organization\",\"@id\":\"https:\/\/stonersmeds.com\/#organization\",\"name\":\"Stonersmeds Shop\",\"url\":\"https:\/\/stonersmeds.com\/\",\"logo\":{\"@type\":\"ImageObject\",\"inLanguage\":\"pl-PL\",\"@id\":\"https:\/\/stonersmeds.com\/#\/schema\/logo\/image\/\",\"url\":\"https:\/\/stonersmeds.com\/wp-content\/uploads\/2026\/02\/high-purity-DMT-powder.jpg\",\"contentUrl\":\"https:\/\/stonersmeds.com\/wp-content\/uploads\/2026\/02\/high-purity-DMT-powder.jpg\",\"width\":500,\"height\":500,\"caption\":\"Stonersmeds Shop\"},\"image\":{\"@id\":\"https:\/\/stonersmeds.com\/#\/schema\/logo\/image\/\"}}]}<\/script>\n<meta property=\"og:availability\" content=\"instock\" \/>\n<meta property=\"product:availability\" content=\"instock\" \/>\n<meta property=\"product:condition\" content=\"new\" \/>\n<!-- \/ Yoast SEO plugin. -->","yoast_head_json":{"title":"Kup 4-FA Powder 1 uncja Pure Online Tanio - Tania cena, najwy\u017csza jako\u015b\u0107","description":"Kup 4-FA Powder Online w przyst\u0119pnej cenie w stonersmeds. Wszystkie produkty posiadaj\u0105 kwalifikacje laboratoryjne i maj\u0105 najwy\u017csz\u0105 jako\u015b\u0107.","robots":{"index":"index","follow":"follow","max-snippet":"max-snippet:-1","max-image-preview":"max-image-preview:large","max-video-preview":"max-video-preview:-1"},"canonical":"https:\/\/stonersmeds.com\/pl\/shop\/buy-4-fa-powder-1-oz-pure-online-cheap\/","og_locale":"pl_PL","og_type":"article","og_title":"Buy 4-FA Powder 1 oz Pure Online Cheap - Cheap price, top quality","og_description":"Buy 4-FA Powder Online at an affordable price at stonersmeds. All products are lab qualified and have premium quality.","og_url":"https:\/\/stonersmeds.com\/pl\/shop\/buy-4-fa-powder-1-oz-pure-online-cheap\/","og_site_name":"stonersmeds.com","article_modified_time":"2026-03-02T11:30:42+00:00","og_image":[{"width":600,"height":600,"url":"https:\/\/stonersmeds.com\/wp-content\/uploads\/2022\/03\/buy-4-fa-powder-1-oz-pure-online-cheap.jpg","type":"image\/jpeg"}],"twitter_card":"summary_large_image","twitter_misc":{"Dost\u0119pno\u015b\u0107":"Dost\u0119pny"},"schema":{"@context":"https:\/\/schema.org","@graph":[{"@type":"WebPage","@id":"https:\/\/stonersmeds.com\/sk\/shop\/buy-4-fa-powder-1-oz-pure-online-cheap\/","url":"https:\/\/stonersmeds.com\/sk\/shop\/buy-4-fa-powder-1-oz-pure-online-cheap\/","name":"Kup 4-FA Powder 1 uncja Pure Online Tanio - Tania cena, najwy\u017csza jako\u015b\u0107","isPartOf":{"@id":"https:\/\/stonersmeds.com\/#website"},"primaryImageOfPage":{"@id":"https:\/\/stonersmeds.com\/sk\/shop\/buy-4-fa-powder-1-oz-pure-online-cheap\/#primaryimage"},"image":{"@id":"https:\/\/stonersmeds.com\/sk\/shop\/buy-4-fa-powder-1-oz-pure-online-cheap\/#primaryimage"},"thumbnailUrl":"https:\/\/stonersmeds.com\/wp-content\/uploads\/2022\/03\/buy-4-fa-powder-1-oz-pure-online-cheap.jpg","datePublished":"2022-03-12T05:43:35+00:00","dateModified":"2026-03-02T11:30:42+00:00","description":"Kup 4-FA Powder Online w przyst\u0119pnej cenie w stonersmeds. Wszystkie produkty posiadaj\u0105 kwalifikacje laboratoryjne i maj\u0105 najwy\u017csz\u0105 jako\u015b\u0107.","breadcrumb":{"@id":"https:\/\/stonersmeds.com\/sk\/shop\/buy-4-fa-powder-1-oz-pure-online-cheap\/#breadcrumb"},"inLanguage":"pl-PL","potentialAction":[{"@type":"ReadAction","target":["https:\/\/stonersmeds.com\/sk\/shop\/buy-4-fa-powder-1-oz-pure-online-cheap\/"]}]},{"@type":"ImageObject","inLanguage":"pl-PL","@id":"https:\/\/stonersmeds.com\/sk\/shop\/buy-4-fa-powder-1-oz-pure-online-cheap\/#primaryimage","url":"https:\/\/stonersmeds.com\/wp-content\/uploads\/2022\/03\/buy-4-fa-powder-1-oz-pure-online-cheap.jpg","contentUrl":"https:\/\/stonersmeds.com\/wp-content\/uploads\/2022\/03\/buy-4-fa-powder-1-oz-pure-online-cheap.jpg","width":600,"height":600},{"@type":"BreadcrumbList","@id":"https:\/\/stonersmeds.com\/sk\/shop\/buy-4-fa-powder-1-oz-pure-online-cheap\/#breadcrumb","itemListElement":[{"@type":"ListItem","position":1,"name":"Home","item":"https:\/\/stonersmeds.com\/"},{"@type":"ListItem","position":2,"name":"Shop","item":"https:\/\/stonersmeds.com\/shop\/"},{"@type":"ListItem","position":3,"name":"Buy 4-FA Powder 1 oz Pure Online Cheap"}]},{"@type":"WebSite","@id":"https:\/\/stonersmeds.com\/#website","url":"https:\/\/stonersmeds.com\/","name":"stonersmeds.com","description":"verschreibungspflichtige Medizin kaufen","publisher":{"@id":"https:\/\/stonersmeds.com\/#organization"},"alternateName":"Research chemical shop","potentialAction":[{"@type":"SearchAction","target":{"@type":"EntryPoint","urlTemplate":"https:\/\/stonersmeds.com\/?s={search_term_string}"},"query-input":{"@type":"PropertyValueSpecification","valueRequired":true,"valueName":"search_term_string"}}],"inLanguage":"pl-PL"},{"@type":"Organization","@id":"https:\/\/stonersmeds.com\/#organization","name":"Stonersmeds Shop","url":"https:\/\/stonersmeds.com\/","logo":{"@type":"ImageObject","inLanguage":"pl-PL","@id":"https:\/\/stonersmeds.com\/#\/schema\/logo\/image\/","url":"https:\/\/stonersmeds.com\/wp-content\/uploads\/2026\/02\/high-purity-DMT-powder.jpg","contentUrl":"https:\/\/stonersmeds.com\/wp-content\/uploads\/2026\/02\/high-purity-DMT-powder.jpg","width":500,"height":500,"caption":"Stonersmeds Shop"},"image":{"@id":"https:\/\/stonersmeds.com\/#\/schema\/logo\/image\/"}}]},"og_availability":"instock","product_availability":"instock","product_condition":"new"},"_links":{"self":[{"href":"https:\/\/stonersmeds.com\/pl\/wp-json\/wp\/v2\/product\/10159","targetHints":{"allow":["GET"]}}],"collection":[{"href":"https:\/\/stonersmeds.com\/pl\/wp-json\/wp\/v2\/product"}],"about":[{"href":"https:\/\/stonersmeds.com\/pl\/wp-json\/wp\/v2\/types\/product"}],"replies":[{"embeddable":true,"href":"https:\/\/stonersmeds.com\/pl\/wp-json\/wp\/v2\/comments?post=10159"}],"version-history":[{"count":0,"href":"https:\/\/stonersmeds.com\/pl\/wp-json\/wp\/v2\/product\/10159\/revisions"}],"wp:featuredmedia":[{"embeddable":true,"href":"https:\/\/stonersmeds.com\/pl\/wp-json\/wp\/v2\/media\/10169"}],"wp:attachment":[{"href":"https:\/\/stonersmeds.com\/pl\/wp-json\/wp\/v2\/media?parent=10159"}],"wp:term":[{"taxonomy":"product_brand","embeddable":true,"href":"https:\/\/stonersmeds.com\/pl\/wp-json\/wp\/v2\/product_brand?post=10159"},{"taxonomy":"product_cat","embeddable":true,"href":"https:\/\/stonersmeds.com\/pl\/wp-json\/wp\/v2\/product_cat?post=10159"},{"taxonomy":"product_tag","embeddable":true,"href":"https:\/\/stonersmeds.com\/pl\/wp-json\/wp\/v2\/product_tag?post=10159"},{"taxonomy":"product_brands","embeddable":true,"href":"https:\/\/stonersmeds.com\/pl\/wp-json\/wp\/v2\/product_brands?post=10159"}],"curies":[{"name":"wp","href":"https:\/\/api.w.org\/{rel}","templated":true}]}}