{"id":10187,"date":"2022-03-12T05:54:33","date_gmt":"2022-03-12T05:54:33","guid":{"rendered":"https:\/\/stonersmeds.com\/?post_type=product&#038;p=10187"},"modified":"2026-02-24T14:20:05","modified_gmt":"2026-02-24T12:20:05","slug":"buy-5-mapb-powder-crystal-1-oz","status":"publish","type":"product","link":"https:\/\/stonersmeds.com\/pl\/shop\/buy-5-mapb-powder-crystal-1-oz\/","title":{"rendered":"Kup 5-MAPB Powder &amp; Crystal 1 oz"},"content":{"rendered":"<h1>Kup proszek i kryszta\u0142 5-MAPB 1 uncja.<\/h1>\n<p>Kup proszek i kryszta\u0142 5-MAPB 1 uncja.<\/p>\n<p>kup 5 mapb online<\/p>\n<p>gdzie mog\u0119 kupi\u0107 5 mapb<\/p>\n<p>kup 5 mapb<\/p>\n<p>kup 5 mapb usa<\/p>\n<p>5 przegl\u0105d mapb<\/p>\n<p>&nbsp;<\/p>\n<p>&nbsp;<\/p>\n<pre><strong>Kup proszek i kryszta\u0142 5-MAPB 1 oz online \u2014 kup proszek i kryszta\u0142 5-MAPB 1 oz, kup proszek i kryszta\u0142 5-MAPB 1 oz, kup proszek i kryszta\u0142 1 oz online, Gdzie kupi\u0107 proszek i kryszta\u0142 5-MAPB 1 oz, 5- Proszek i kryszta\u0142 MAPB 1 oz na sprzeda\u017c, proszek i kryszta\u0142 5-MAPB 1 oz na sprzeda\u017c, kup proszek i kryszta\u0142 5-MAPB online, gdzie kupi\u0107 proszek i kryszta\u0142 5-MAPB 1 oz online, proszek i kryszta\u0142 5-MAPB 1 oz na sprzeda\u017c w USA, USA, Kanadzie, Wielkiej Brytanii, kup, online, dostawcy, bezpieczna dostawa, nadal mo\u017cesz dosta\u0107 5-MAPB Powder &amp; Crystal 1 oz, Czy 5-MAPB Powder &amp; Crystal 1 oz jest legalny w USA, kup 5-MAPB Proszek i kryszta\u0142 1 uncja online usa, jak zam\u00f3wi\u0107 proszek i kryszta\u0142 5-MAPB 1 uncja, Czy proszek i kryszta\u0142 5-MAPB 1 uncja s\u0105 legalne w Kanadzie<\/strong><\/pre>","protected":false},"excerpt":{"rendered":"<p>Buy 5-MAPB Powder &amp; Crystal 1 oz.\u00a05-MAPB Powder\u00a0 Similar to: MDMA \u2013 Recommended dosage for 5-MAPB : 100-200mg<\/p>\n<pre><strong>Kup proszek i kryszta\u0142 5-MAPB 1 oz online \u2014 kup proszek i kryszta\u0142 5-MAPB 1 oz, kup proszek i kryszta\u0142 5-MAPB 1 oz, kup proszek i kryszta\u0142 1 oz online, Gdzie kupi\u0107 proszek i kryszta\u0142 5-MAPB 1 oz, 5- Proszek i kryszta\u0142 MAPB 1 oz na sprzeda\u017c, proszek i kryszta\u0142 5-MAPB 1 oz na sprzeda\u017c, kup proszek i kryszta\u0142 5-MAPB online, gdzie kupi\u0107 proszek i kryszta\u0142 5-MAPB 1 oz online, proszek i kryszta\u0142 5-MAPB 1 oz na sprzeda\u017c w USA, USA, Kanadzie, Wielkiej Brytanii, kup, online, dostawcy, bezpieczna dostawa, nadal mo\u017cesz dosta\u0107 5-MAPB Powder &amp; Crystal 1 oz, Czy 5-MAPB Powder &amp; Crystal 1 oz jest legalny w USA, kup 5-MAPB Proszek i kryszta\u0142 1 uncja online usa, jak zam\u00f3wi\u0107 proszek i kryszta\u0142 5-MAPB 1 uncja, Czy proszek i kryszta\u0142 5-MAPB 1 uncja s\u0105 legalne w Kanadzie<\/strong><\/pre>","protected":false},"featured_media":10198,"comment_status":"open","ping_status":"closed","template":"","meta":{"_bst_post_transparent":"","_bst_post_title":"","_bst_post_layout":"","_bst_post_sidebar_id":"","_bst_post_content_style":"","_bst_post_vertical_padding":"","_bst_post_feature":"","_bst_post_feature_position":"","_bst_post_header":false,"_bst_post_footer":false},"product_brand":[],"product_cat":[79],"product_tag":[],"product_brands":[],"class_list":{"0":"post-10187","1":"product","2":"type-product","3":"status-publish","4":"has-post-thumbnail","6":"product_cat-research-chemicals-and-bath-salt","8":"first","9":"instock","10":"shipping-taxable","11":"purchasable","12":"product-type-variable","13":"entry","14":"content-bg","15":"loop-entry"},"tiered_pricing_type":"fixed","tiered_pricing_fixed_rules":[],"tiered_pricing_percentage_rules":[],"tiered_pricing_minimum":1,"_administrator_tiered_pricing_type":"fixed","_administrator_tiered_pricing_fixed_rules":[],"_editor_tiered_pricing_type":"fixed","_editor_tiered_pricing_fixed_rules":[],"_author_tiered_pricing_type":"fixed","_author_tiered_pricing_fixed_rules":[],"_contributor_tiered_pricing_type":"fixed","_contributor_tiered_pricing_fixed_rules":[],"_subscriber_tiered_pricing_type":"fixed","_subscriber_tiered_pricing_fixed_rules":[],"_customer_tiered_pricing_type":"fixed","_customer_tiered_pricing_fixed_rules":[],"_shop_manager_tiered_pricing_type":"fixed","_shop_manager_tiered_pricing_fixed_rules":[],"_wpseo_manager_tiered_pricing_type":"fixed","_wpseo_manager_tiered_pricing_fixed_rules":[],"_wpseo_editor_tiered_pricing_type":"fixed","_wpseo_editor_tiered_pricing_fixed_rules":[],"yoast_head":"<!-- This site is optimized with the Yoast SEO plugin v27.2 - https:\/\/yoast.com\/product\/yoast-seo-wordpress\/ -->\n<title>Buy 5-MAPB Powder &amp; Crystal 1 oz - Cheap price, top quality<\/title>\n<meta name=\"description\" content=\"Buy 5-MAPB Powder Online at an affordable price at stonersmeds. All products are lab qualified and have premium quality.\" \/>\n<meta name=\"robots\" content=\"index, follow, max-snippet:-1, max-image-preview:large, max-video-preview:-1\" \/>\n<link rel=\"canonical\" href=\"https:\/\/stonersmeds.com\/pl\/shop\/buy-5-mapb-powder-crystal-1-oz\/\" \/>\n<meta property=\"og:locale\" content=\"pl_PL\" \/>\n<meta property=\"og:type\" content=\"article\" \/>\n<meta property=\"og:title\" content=\"Buy 5-MAPB Powder &amp; Crystal 1 oz - Cheap price, top quality\" \/>\n<meta property=\"og:description\" content=\"Buy 5-MAPB Powder Online at an affordable price at stonersmeds. All products are lab qualified and have premium quality.\" \/>\n<meta property=\"og:url\" content=\"https:\/\/stonersmeds.com\/pl\/shop\/buy-5-mapb-powder-crystal-1-oz\/\" \/>\n<meta property=\"og:site_name\" content=\"stonersmeds.com\" \/>\n<meta property=\"article:modified_time\" content=\"2026-02-24T12:20:05+00:00\" \/>\n<meta property=\"og:image\" content=\"https:\/\/stonersmeds.com\/wp-content\/uploads\/2022\/03\/Buy-5-MAPB-Powder-Crystal-1-oz.jpg\" \/>\n\t<meta property=\"og:image:width\" content=\"600\" \/>\n\t<meta property=\"og:image:height\" content=\"600\" \/>\n\t<meta property=\"og:image:type\" content=\"image\/jpeg\" \/>\n<meta name=\"twitter:card\" content=\"summary_large_image\" \/>\n<meta name=\"twitter:label1\" content=\"Dost\u0119pno\u015b\u0107\" \/>\n\t<meta name=\"twitter:data1\" content=\"Dost\u0119pny\" \/>\n<script type=\"application\/ld+json\" class=\"yoast-schema-graph\">{\"@context\":\"https:\/\/schema.org\",\"@graph\":[{\"@type\":\"WebPage\",\"@id\":\"https:\/\/stonersmeds.com\/shop\/buy-5-mapb-powder-crystal-1-oz\/\",\"url\":\"https:\/\/stonersmeds.com\/shop\/buy-5-mapb-powder-crystal-1-oz\/\",\"name\":\"Buy 5-MAPB Powder & Crystal 1 oz - Cheap price, top quality\",\"isPartOf\":{\"@id\":\"https:\/\/stonersmeds.com\/#website\"},\"primaryImageOfPage\":{\"@id\":\"https:\/\/stonersmeds.com\/shop\/buy-5-mapb-powder-crystal-1-oz\/#primaryimage\"},\"image\":{\"@id\":\"https:\/\/stonersmeds.com\/shop\/buy-5-mapb-powder-crystal-1-oz\/#primaryimage\"},\"thumbnailUrl\":\"https:\/\/stonersmeds.com\/wp-content\/uploads\/2022\/03\/Buy-5-MAPB-Powder-Crystal-1-oz.jpg\",\"datePublished\":\"2022-03-12T05:54:33+00:00\",\"dateModified\":\"2026-02-24T12:20:05+00:00\",\"description\":\"Buy 5-MAPB Powder Online at an affordable price at stonersmeds. All products are lab qualified and have premium quality.\",\"breadcrumb\":{\"@id\":\"https:\/\/stonersmeds.com\/shop\/buy-5-mapb-powder-crystal-1-oz\/#breadcrumb\"},\"inLanguage\":\"pl-PL\",\"potentialAction\":[{\"@type\":\"ReadAction\",\"target\":[\"https:\/\/stonersmeds.com\/shop\/buy-5-mapb-powder-crystal-1-oz\/\"]}]},{\"@type\":\"ImageObject\",\"inLanguage\":\"pl-PL\",\"@id\":\"https:\/\/stonersmeds.com\/shop\/buy-5-mapb-powder-crystal-1-oz\/#primaryimage\",\"url\":\"https:\/\/stonersmeds.com\/wp-content\/uploads\/2022\/03\/Buy-5-MAPB-Powder-Crystal-1-oz.jpg\",\"contentUrl\":\"https:\/\/stonersmeds.com\/wp-content\/uploads\/2022\/03\/Buy-5-MAPB-Powder-Crystal-1-oz.jpg\",\"width\":600,\"height\":600},{\"@type\":\"BreadcrumbList\",\"@id\":\"https:\/\/stonersmeds.com\/shop\/buy-5-mapb-powder-crystal-1-oz\/#breadcrumb\",\"itemListElement\":[{\"@type\":\"ListItem\",\"position\":1,\"name\":\"Home\",\"item\":\"https:\/\/stonersmeds.com\/\"},{\"@type\":\"ListItem\",\"position\":2,\"name\":\"Shop\",\"item\":\"https:\/\/stonersmeds.com\/shop\/\"},{\"@type\":\"ListItem\",\"position\":3,\"name\":\"Buy 5-MAPB Powder &#038; Crystal 1 oz\"}]},{\"@type\":\"WebSite\",\"@id\":\"https:\/\/stonersmeds.com\/#website\",\"url\":\"https:\/\/stonersmeds.com\/\",\"name\":\"stonersmeds.com\",\"description\":\"verschreibungspflichtige Medizin kaufen\",\"publisher\":{\"@id\":\"https:\/\/stonersmeds.com\/#organization\"},\"alternateName\":\"Research chemical shop\",\"potentialAction\":[{\"@type\":\"SearchAction\",\"target\":{\"@type\":\"EntryPoint\",\"urlTemplate\":\"https:\/\/stonersmeds.com\/?s={search_term_string}\"},\"query-input\":{\"@type\":\"PropertyValueSpecification\",\"valueRequired\":true,\"valueName\":\"search_term_string\"}}],\"inLanguage\":\"pl-PL\"},{\"@type\":\"Organization\",\"@id\":\"https:\/\/stonersmeds.com\/#organization\",\"name\":\"Stonersmeds Shop\",\"url\":\"https:\/\/stonersmeds.com\/\",\"logo\":{\"@type\":\"ImageObject\",\"inLanguage\":\"pl-PL\",\"@id\":\"https:\/\/stonersmeds.com\/#\/schema\/logo\/image\/\",\"url\":\"https:\/\/stonersmeds.com\/wp-content\/uploads\/2026\/02\/high-purity-DMT-powder.jpg\",\"contentUrl\":\"https:\/\/stonersmeds.com\/wp-content\/uploads\/2026\/02\/high-purity-DMT-powder.jpg\",\"width\":500,\"height\":500,\"caption\":\"Stonersmeds Shop\"},\"image\":{\"@id\":\"https:\/\/stonersmeds.com\/#\/schema\/logo\/image\/\"}}]}<\/script>\n<meta property=\"og:availability\" content=\"instock\" \/>\n<meta property=\"product:availability\" content=\"instock\" \/>\n<meta property=\"product:condition\" content=\"new\" \/>\n<!-- \/ Yoast SEO plugin. -->","yoast_head_json":{"title":"Kup proszek i kryszta\u0142 5-MAPB 1 uncja - niska cena, najwy\u017csza jako\u015b\u0107","description":"Kup 5-MAPB Powder Online w przyst\u0119pnej cenie w stonersmeds. Wszystkie produkty posiadaj\u0105 kwalifikacje laboratoryjne i maj\u0105 najwy\u017csz\u0105 jako\u015b\u0107.","robots":{"index":"index","follow":"follow","max-snippet":"max-snippet:-1","max-image-preview":"max-image-preview:large","max-video-preview":"max-video-preview:-1"},"canonical":"https:\/\/stonersmeds.com\/pl\/shop\/buy-5-mapb-powder-crystal-1-oz\/","og_locale":"pl_PL","og_type":"article","og_title":"Buy 5-MAPB Powder & Crystal 1 oz - Cheap price, top quality","og_description":"Buy 5-MAPB Powder Online at an affordable price at stonersmeds. All products are lab qualified and have premium quality.","og_url":"https:\/\/stonersmeds.com\/pl\/shop\/buy-5-mapb-powder-crystal-1-oz\/","og_site_name":"stonersmeds.com","article_modified_time":"2026-02-24T12:20:05+00:00","og_image":[{"width":600,"height":600,"url":"https:\/\/stonersmeds.com\/wp-content\/uploads\/2022\/03\/Buy-5-MAPB-Powder-Crystal-1-oz.jpg","type":"image\/jpeg"}],"twitter_card":"summary_large_image","twitter_misc":{"Dost\u0119pno\u015b\u0107":"Dost\u0119pny"},"schema":{"@context":"https:\/\/schema.org","@graph":[{"@type":"WebPage","@id":"https:\/\/stonersmeds.com\/shop\/buy-5-mapb-powder-crystal-1-oz\/","url":"https:\/\/stonersmeds.com\/shop\/buy-5-mapb-powder-crystal-1-oz\/","name":"Kup proszek i kryszta\u0142 5-MAPB 1 uncja - niska cena, najwy\u017csza jako\u015b\u0107","isPartOf":{"@id":"https:\/\/stonersmeds.com\/#website"},"primaryImageOfPage":{"@id":"https:\/\/stonersmeds.com\/shop\/buy-5-mapb-powder-crystal-1-oz\/#primaryimage"},"image":{"@id":"https:\/\/stonersmeds.com\/shop\/buy-5-mapb-powder-crystal-1-oz\/#primaryimage"},"thumbnailUrl":"https:\/\/stonersmeds.com\/wp-content\/uploads\/2022\/03\/Buy-5-MAPB-Powder-Crystal-1-oz.jpg","datePublished":"2022-03-12T05:54:33+00:00","dateModified":"2026-02-24T12:20:05+00:00","description":"Kup 5-MAPB Powder Online w przyst\u0119pnej cenie w stonersmeds. Wszystkie produkty posiadaj\u0105 kwalifikacje laboratoryjne i maj\u0105 najwy\u017csz\u0105 jako\u015b\u0107.","breadcrumb":{"@id":"https:\/\/stonersmeds.com\/shop\/buy-5-mapb-powder-crystal-1-oz\/#breadcrumb"},"inLanguage":"pl-PL","potentialAction":[{"@type":"ReadAction","target":["https:\/\/stonersmeds.com\/shop\/buy-5-mapb-powder-crystal-1-oz\/"]}]},{"@type":"ImageObject","inLanguage":"pl-PL","@id":"https:\/\/stonersmeds.com\/shop\/buy-5-mapb-powder-crystal-1-oz\/#primaryimage","url":"https:\/\/stonersmeds.com\/wp-content\/uploads\/2022\/03\/Buy-5-MAPB-Powder-Crystal-1-oz.jpg","contentUrl":"https:\/\/stonersmeds.com\/wp-content\/uploads\/2022\/03\/Buy-5-MAPB-Powder-Crystal-1-oz.jpg","width":600,"height":600},{"@type":"BreadcrumbList","@id":"https:\/\/stonersmeds.com\/shop\/buy-5-mapb-powder-crystal-1-oz\/#breadcrumb","itemListElement":[{"@type":"ListItem","position":1,"name":"Home","item":"https:\/\/stonersmeds.com\/"},{"@type":"ListItem","position":2,"name":"Shop","item":"https:\/\/stonersmeds.com\/shop\/"},{"@type":"ListItem","position":3,"name":"Buy 5-MAPB Powder &#038; Crystal 1 oz"}]},{"@type":"WebSite","@id":"https:\/\/stonersmeds.com\/#website","url":"https:\/\/stonersmeds.com\/","name":"stonersmeds.com","description":"verschreibungspflichtige Medizin kaufen","publisher":{"@id":"https:\/\/stonersmeds.com\/#organization"},"alternateName":"Research chemical shop","potentialAction":[{"@type":"SearchAction","target":{"@type":"EntryPoint","urlTemplate":"https:\/\/stonersmeds.com\/?s={search_term_string}"},"query-input":{"@type":"PropertyValueSpecification","valueRequired":true,"valueName":"search_term_string"}}],"inLanguage":"pl-PL"},{"@type":"Organization","@id":"https:\/\/stonersmeds.com\/#organization","name":"Stonersmeds Shop","url":"https:\/\/stonersmeds.com\/","logo":{"@type":"ImageObject","inLanguage":"pl-PL","@id":"https:\/\/stonersmeds.com\/#\/schema\/logo\/image\/","url":"https:\/\/stonersmeds.com\/wp-content\/uploads\/2026\/02\/high-purity-DMT-powder.jpg","contentUrl":"https:\/\/stonersmeds.com\/wp-content\/uploads\/2026\/02\/high-purity-DMT-powder.jpg","width":500,"height":500,"caption":"Stonersmeds Shop"},"image":{"@id":"https:\/\/stonersmeds.com\/#\/schema\/logo\/image\/"}}]},"og_availability":"instock","product_availability":"instock","product_condition":"new"},"_links":{"self":[{"href":"https:\/\/stonersmeds.com\/pl\/wp-json\/wp\/v2\/product\/10187","targetHints":{"allow":["GET"]}}],"collection":[{"href":"https:\/\/stonersmeds.com\/pl\/wp-json\/wp\/v2\/product"}],"about":[{"href":"https:\/\/stonersmeds.com\/pl\/wp-json\/wp\/v2\/types\/product"}],"replies":[{"embeddable":true,"href":"https:\/\/stonersmeds.com\/pl\/wp-json\/wp\/v2\/comments?post=10187"}],"version-history":[{"count":0,"href":"https:\/\/stonersmeds.com\/pl\/wp-json\/wp\/v2\/product\/10187\/revisions"}],"wp:featuredmedia":[{"embeddable":true,"href":"https:\/\/stonersmeds.com\/pl\/wp-json\/wp\/v2\/media\/10198"}],"wp:attachment":[{"href":"https:\/\/stonersmeds.com\/pl\/wp-json\/wp\/v2\/media?parent=10187"}],"wp:term":[{"taxonomy":"product_brand","embeddable":true,"href":"https:\/\/stonersmeds.com\/pl\/wp-json\/wp\/v2\/product_brand?post=10187"},{"taxonomy":"product_cat","embeddable":true,"href":"https:\/\/stonersmeds.com\/pl\/wp-json\/wp\/v2\/product_cat?post=10187"},{"taxonomy":"product_tag","embeddable":true,"href":"https:\/\/stonersmeds.com\/pl\/wp-json\/wp\/v2\/product_tag?post=10187"},{"taxonomy":"product_brands","embeddable":true,"href":"https:\/\/stonersmeds.com\/pl\/wp-json\/wp\/v2\/product_brands?post=10187"}],"curies":[{"name":"wp","href":"https:\/\/api.w.org\/{rel}","templated":true}]}}