{"id":10203,"date":"2022-03-12T06:01:12","date_gmt":"2022-03-12T06:01:12","guid":{"rendered":"https:\/\/stonersmeds.com\/?post_type=product&#038;p=10203"},"modified":"2026-02-26T18:30:07","modified_gmt":"2026-02-26T16:30:07","slug":"buy-liquid-lsd-200ug-drop-online","status":"publish","type":"product","link":"https:\/\/stonersmeds.com\/pl\/shop\/buy-liquid-lsd-200ug-drop-online\/","title":{"rendered":"Kup p\u0142ynne LSD 200ug Drop Online"},"content":{"rendered":"<h1>Kup p\u0142ynny LSD 200ug i upu\u015b\u0107 Online Tanio.<\/h1>\n<p><strong>Co to jest p\u0142yn LSD?<\/strong><\/p>\n<p>LSD, czyli dietyloamid kwasu lizergowego, to psychodeliczny lek pochodz\u0105cy z substancji chemicznej zawartej w grzybie \u017cytnim. Jest najbardziej znany z u\u017cywania w kontrkulturze lat 60., a wynikaj\u0105cy z niego zakaz da\u0142 mu w wi\u0119kszo\u015bci negatywn\u0105 reputacj\u0119.<\/p>\n<p>W 1938 roku Albert Hofmann, szwajcarski naukowiec, zsyntetyzowa\u0142 LSD w swoim laboratorium w Zurychu w Szwajcarii. Niespodziewanie odkry\u0142 jego halucynogenne efekty w 1943 roku, kiedy niewielka ilo\u015b\u0107 wesz\u0142a w kontakt z jego sk\u00f3r\u0105.<\/p>\n<p><a href=\"https:\/\/stonersmeds.com\/pl\/shop\/buy-lsd-100mcg-blotters-online\/\">Kup LSD<\/a>, LSD jest niezwykle silnym halucynogenem i ma ogromny potencja\u0142 terapeutyczny, duchowy i kulturowy.<\/p>\n<h3>Kup p\u0142ynny LSD 200ug &amp; drop Online Cheap - Pharmacology<\/h3>\n<p>Po spo\u017cyciu do organizmu ludzkiego, LSD dzia\u0142a jako aktywator receptora 5-HT (serotoniny), a tak\u017ce dramatycznie zwi\u0119ksza poziom serotoniny w m\u00f3zgu poprzez dezaktywacj\u0119 system\u00f3w reguluj\u0105cych poziom serotoniny. Kup p\u0142ynny LSD 200ug &amp; drop Online Cheap. <a href=\"https:\/\/stonersmeds.com\/pl\/znacznik-produktu\/liquid-lsd-price\/\">cena p\u0142ynnego lsd<\/a>, 200ug lsd Spo\u015br\u00f3d 15 r\u00f3\u017cnych receptor\u00f3w serotoninowych w m\u00f3zgu, LSD preferuje g\u0142\u00f3wnie podtyp 2A (5-HT2A). Receptor 5-HT2A jest zaanga\u017cowany w procesy poznawcze w korze przedczo\u0142owej. Jest to wa\u017cny punkt, poniewa\u017c to w\u0142a\u015bnie tutaj wiele korzy\u015bci LSD pochodzi z jego zaanga\u017cowania w korze przedczo\u0142owej.<\/p>\n<h3>Jak zrobi\u0107 LSD?<\/h3>\n<p>Produkcja LSD wymaga du\u017cej wiedzy z zakresu chemii organicznej, kompletnego laboratorium (w tym mo\u017cliwo\u015bci sterylizacji sprz\u0119tu oraz dost\u0119pu do ciemni) oraz kilku substancji chemicznych, kt\u00f3rych sprzeda\u017c jest obecnie ograniczona lub \u015bci\u015ble monitorowana przez Drug Enforcement Agency (DEA). W przeciwie\u0144stwie do substancji chemicznych u\u017cywanych do produkcji metamfetaminy, nie mo\u017cna ich znale\u017a\u0107 w zwyk\u0142ych przedmiotach gospodarstwa domowego.<\/p>\n<p>Kora przedczo\u0142owa jest uwa\u017cana za aktywn\u0105 w planowaniu z\u0142o\u017conych zachowa\u0144 poznawczych, ekspresji osobowo\u015bci, podejmowaniu decyzji i moderowaniu zachowa\u0144 spo\u0142ecznych. Kup p\u0142ynny LSD 200ug &amp; drop Online Cheap. Odgrywa r\u00f3wnie\u017c kluczow\u0105 rol\u0119 w ludzkiej zdolno\u015bci do przetwarzania informacji z wszystkich innych system\u00f3w m\u00f3zgu i podejmowania decyzji ukierunkowanych na cel w wyniku.<\/p>\n<p>https:\/\/stonersmeds.com\/product-tag\/buy-blotter-lsd-online\/<\/p>\n<p>Dietyloamid kwasu lizergowego, powszechnie znany jako LSD, jest nielegalnym narkotykiem, kt\u00f3ry zmienia zmys\u0142y i powoduje halucynacje.<\/p>\n<p>&nbsp;<\/p>\n<p>&nbsp;<\/p>\n<pre><strong>Kup p\u0142ynne LSD 200ug Drop Online - kup p\u0142ynne LSD , <a href=\"https:\/\/stonersmeds.com\/pl\/shop\/buy-liquid-lsd-200ug-drop-online-2\/\">kup p\u0142ynn\u0105 kropl\u0119 LSD 200ug<\/a> , kupi\u0107 LSD 200ug online, Gdzie kupi\u0107 p\u0142ynny LSD 200ug Drop , p\u0142ynny LSD 200ug Drop na sprzeda\u017c, p\u0142ynny LSD na sprzeda\u017c, kupi\u0107 LSD 200ug Drop online, gdzie kupi\u0107 p\u0142ynny LSD 200ug Drop online, p\u0142ynny LSD 200ug Drop na sprzeda\u017c w usa , USA, kanada,uk, kupi\u0107, online, dostawc\u00f3w, bezpiecznej dostawy, mo\u017cna jeszcze dosta\u0107 p\u0142yn LSD 200ug Drop, Czy p\u0142yn LSD 200ug Drop legalne w usa, kupi\u0107 p\u0142yn LSD 200ug Drop online usa, jak zam\u00f3wi\u0107 p\u0142yn LSD 200ug Drop, Czy p\u0142yn LSD 200ug Drop legalne w Kanadzie<\/strong><\/pre>","protected":false},"excerpt":{"rendered":"<p>Kup p\u0142ynne lsd 200ug i kropli Online Cheap. Zakup LSD jest bardzo proste, jego \u0142atwo dost\u0119pne w sklepie internetowym USA.<\/p>\n<p>1ml = 20 kropli = 20 blotter\u00f3w<\/p>\n<pre><\/pre>","protected":false},"featured_media":10220,"comment_status":"open","ping_status":"closed","template":"","meta":{"_bst_post_transparent":"","_bst_post_title":"","_bst_post_layout":"","_bst_post_sidebar_id":"","_bst_post_content_style":"","_bst_post_vertical_padding":"","_bst_post_feature":"","_bst_post_feature_position":"","_bst_post_header":false,"_bst_post_footer":false},"product_brand":[],"product_cat":[80],"product_tag":[846,869,870,871,864,867,865,862,866,861,863,868],"product_brands":[],"class_list":{"0":"post-10203","1":"product","2":"type-product","3":"status-publish","4":"has-post-thumbnail","6":"product_cat-psychedelic-drugs","7":"product_tag-1p-lsd-shop","8":"product_tag-how-long-does-lsd-cost","9":"product_tag-how-much-does-lsd-cost","10":"product_tag-how-much-does-lsd-cost-per-tab","11":"product_tag-how-to-make-liquid-lsd","12":"product_tag-liquid-acid-lsd","13":"product_tag-liquid-lsd-color","14":"product_tag-liquid-lsd-online","15":"product_tag-liquid-lsd-price","16":"product_tag-liquid-lsd-shop","17":"product_tag-liquid-lsd-vs-tabs","18":"product_tag-what-does-lsd-look-like","20":"first","21":"instock","22":"shipping-taxable","23":"purchasable","24":"product-type-variable","25":"entry","26":"content-bg","27":"loop-entry"},"tiered_pricing_type":"fixed","tiered_pricing_fixed_rules":[],"tiered_pricing_percentage_rules":[],"tiered_pricing_minimum":1,"_administrator_tiered_pricing_type":"fixed","_administrator_tiered_pricing_fixed_rules":[],"_editor_tiered_pricing_type":"fixed","_editor_tiered_pricing_fixed_rules":[],"_author_tiered_pricing_type":"fixed","_author_tiered_pricing_fixed_rules":[],"_contributor_tiered_pricing_type":"fixed","_contributor_tiered_pricing_fixed_rules":[],"_subscriber_tiered_pricing_type":"fixed","_subscriber_tiered_pricing_fixed_rules":[],"_customer_tiered_pricing_type":"fixed","_customer_tiered_pricing_fixed_rules":[],"_shop_manager_tiered_pricing_type":"fixed","_shop_manager_tiered_pricing_fixed_rules":[],"_wpseo_manager_tiered_pricing_type":"fixed","_wpseo_manager_tiered_pricing_fixed_rules":[],"_wpseo_editor_tiered_pricing_type":"fixed","_wpseo_editor_tiered_pricing_fixed_rules":[],"yoast_head":"<!-- This site is optimized with the Yoast SEO plugin v27.2 - https:\/\/yoast.com\/product\/yoast-seo-wordpress\/ -->\n<title>Buy liquid LSD 200ug Drop Online - Cheap price, Highest quality<\/title>\n<meta name=\"description\" content=\"Buy liquid LSD 200ug Online at an affordable price at stonersmeds. All products are lab qualified and have premium quality.\" \/>\n<meta name=\"robots\" content=\"index, follow, max-snippet:-1, max-image-preview:large, max-video-preview:-1\" \/>\n<link rel=\"canonical\" href=\"https:\/\/stonersmeds.com\/pl\/shop\/buy-liquid-lsd-200ug-drop-online\/\" \/>\n<meta property=\"og:locale\" content=\"pl_PL\" \/>\n<meta property=\"og:type\" content=\"article\" \/>\n<meta property=\"og:title\" content=\"Buy liquid LSD 200ug Drop Online - Cheap price, Highest quality\" \/>\n<meta property=\"og:description\" content=\"Buy liquid LSD 200ug Online at an affordable price at stonersmeds. All products are lab qualified and have premium quality.\" \/>\n<meta property=\"og:url\" content=\"https:\/\/stonersmeds.com\/pl\/shop\/buy-liquid-lsd-200ug-drop-online\/\" \/>\n<meta property=\"og:site_name\" content=\"stonersmeds.com\" \/>\n<meta property=\"article:modified_time\" content=\"2026-02-26T16:30:07+00:00\" \/>\n<meta property=\"og:image\" content=\"https:\/\/stonersmeds.com\/wp-content\/uploads\/2022\/03\/Buy-liquid-lsd-200ug-drop-Online-Cheap.jpg\" \/>\n\t<meta property=\"og:image:width\" content=\"600\" \/>\n\t<meta property=\"og:image:height\" content=\"600\" \/>\n\t<meta property=\"og:image:type\" content=\"image\/jpeg\" \/>\n<meta name=\"twitter:card\" content=\"summary_large_image\" \/>\n<meta name=\"twitter:label1\" content=\"Dost\u0119pno\u015b\u0107\" \/>\n\t<meta name=\"twitter:data1\" content=\"Dost\u0119pny\" \/>\n<script type=\"application\/ld+json\" class=\"yoast-schema-graph\">{\"@context\":\"https:\/\/schema.org\",\"@graph\":[{\"@type\":\"WebPage\",\"@id\":\"https:\/\/stonersmeds.com\/sk\/shop\/buy-liquid-lsd-200ug-drop-online\/\",\"url\":\"https:\/\/stonersmeds.com\/sk\/shop\/buy-liquid-lsd-200ug-drop-online\/\",\"name\":\"Buy liquid LSD 200ug Drop Online - Cheap price, Highest quality\",\"isPartOf\":{\"@id\":\"https:\/\/stonersmeds.com\/#website\"},\"primaryImageOfPage\":{\"@id\":\"https:\/\/stonersmeds.com\/sk\/shop\/buy-liquid-lsd-200ug-drop-online\/#primaryimage\"},\"image\":{\"@id\":\"https:\/\/stonersmeds.com\/sk\/shop\/buy-liquid-lsd-200ug-drop-online\/#primaryimage\"},\"thumbnailUrl\":\"https:\/\/stonersmeds.com\/wp-content\/uploads\/2022\/03\/Buy-liquid-lsd-200ug-drop-Online-Cheap.jpg\",\"datePublished\":\"2022-03-12T06:01:12+00:00\",\"dateModified\":\"2026-02-26T16:30:07+00:00\",\"description\":\"Buy liquid LSD 200ug Online at an affordable price at stonersmeds. All products are lab qualified and have premium quality.\",\"breadcrumb\":{\"@id\":\"https:\/\/stonersmeds.com\/sk\/shop\/buy-liquid-lsd-200ug-drop-online\/#breadcrumb\"},\"inLanguage\":\"pl-PL\",\"potentialAction\":[{\"@type\":\"ReadAction\",\"target\":[\"https:\/\/stonersmeds.com\/sk\/shop\/buy-liquid-lsd-200ug-drop-online\/\"]}]},{\"@type\":\"ImageObject\",\"inLanguage\":\"pl-PL\",\"@id\":\"https:\/\/stonersmeds.com\/sk\/shop\/buy-liquid-lsd-200ug-drop-online\/#primaryimage\",\"url\":\"https:\/\/stonersmeds.com\/wp-content\/uploads\/2022\/03\/Buy-liquid-lsd-200ug-drop-Online-Cheap.jpg\",\"contentUrl\":\"https:\/\/stonersmeds.com\/wp-content\/uploads\/2022\/03\/Buy-liquid-lsd-200ug-drop-Online-Cheap.jpg\",\"width\":600,\"height\":600},{\"@type\":\"BreadcrumbList\",\"@id\":\"https:\/\/stonersmeds.com\/sk\/shop\/buy-liquid-lsd-200ug-drop-online\/#breadcrumb\",\"itemListElement\":[{\"@type\":\"ListItem\",\"position\":1,\"name\":\"Home\",\"item\":\"https:\/\/stonersmeds.com\/\"},{\"@type\":\"ListItem\",\"position\":2,\"name\":\"Shop\",\"item\":\"https:\/\/stonersmeds.com\/shop\/\"},{\"@type\":\"ListItem\",\"position\":3,\"name\":\"Buy liquid LSD 200ug Drop Online\"}]},{\"@type\":\"WebSite\",\"@id\":\"https:\/\/stonersmeds.com\/#website\",\"url\":\"https:\/\/stonersmeds.com\/\",\"name\":\"stonersmeds.com\",\"description\":\"verschreibungspflichtige Medizin kaufen\",\"publisher\":{\"@id\":\"https:\/\/stonersmeds.com\/#organization\"},\"alternateName\":\"Research chemical shop\",\"potentialAction\":[{\"@type\":\"SearchAction\",\"target\":{\"@type\":\"EntryPoint\",\"urlTemplate\":\"https:\/\/stonersmeds.com\/?s={search_term_string}\"},\"query-input\":{\"@type\":\"PropertyValueSpecification\",\"valueRequired\":true,\"valueName\":\"search_term_string\"}}],\"inLanguage\":\"pl-PL\"},{\"@type\":\"Organization\",\"@id\":\"https:\/\/stonersmeds.com\/#organization\",\"name\":\"Stonersmeds Shop\",\"url\":\"https:\/\/stonersmeds.com\/\",\"logo\":{\"@type\":\"ImageObject\",\"inLanguage\":\"pl-PL\",\"@id\":\"https:\/\/stonersmeds.com\/#\/schema\/logo\/image\/\",\"url\":\"https:\/\/stonersmeds.com\/wp-content\/uploads\/2026\/02\/high-purity-DMT-powder.jpg\",\"contentUrl\":\"https:\/\/stonersmeds.com\/wp-content\/uploads\/2026\/02\/high-purity-DMT-powder.jpg\",\"width\":500,\"height\":500,\"caption\":\"Stonersmeds Shop\"},\"image\":{\"@id\":\"https:\/\/stonersmeds.com\/#\/schema\/logo\/image\/\"}}]}<\/script>\n<meta property=\"og:availability\" content=\"instock\" \/>\n<meta property=\"product:availability\" content=\"instock\" \/>\n<meta property=\"product:condition\" content=\"new\" \/>\n<!-- \/ Yoast SEO plugin. -->","yoast_head_json":{"title":"Kup p\u0142ynny LSD 200ug Drop Online - Tania cena, Najwy\u017csza jako\u015b\u0107","description":"Kup p\u0142ynny LSD 200ug Online w przyst\u0119pnej cenie w stonersmeds. Wszystkie produkty posiadaj\u0105 kwalifikacje laboratoryjne i maj\u0105 najwy\u017csz\u0105 jako\u015b\u0107.","robots":{"index":"index","follow":"follow","max-snippet":"max-snippet:-1","max-image-preview":"max-image-preview:large","max-video-preview":"max-video-preview:-1"},"canonical":"https:\/\/stonersmeds.com\/pl\/shop\/buy-liquid-lsd-200ug-drop-online\/","og_locale":"pl_PL","og_type":"article","og_title":"Buy liquid LSD 200ug Drop Online - Cheap price, Highest quality","og_description":"Buy liquid LSD 200ug Online at an affordable price at stonersmeds. All products are lab qualified and have premium quality.","og_url":"https:\/\/stonersmeds.com\/pl\/shop\/buy-liquid-lsd-200ug-drop-online\/","og_site_name":"stonersmeds.com","article_modified_time":"2026-02-26T16:30:07+00:00","og_image":[{"width":600,"height":600,"url":"https:\/\/stonersmeds.com\/wp-content\/uploads\/2022\/03\/Buy-liquid-lsd-200ug-drop-Online-Cheap.jpg","type":"image\/jpeg"}],"twitter_card":"summary_large_image","twitter_misc":{"Dost\u0119pno\u015b\u0107":"Dost\u0119pny"},"schema":{"@context":"https:\/\/schema.org","@graph":[{"@type":"WebPage","@id":"https:\/\/stonersmeds.com\/sk\/shop\/buy-liquid-lsd-200ug-drop-online\/","url":"https:\/\/stonersmeds.com\/sk\/shop\/buy-liquid-lsd-200ug-drop-online\/","name":"Kup p\u0142ynny LSD 200ug Drop Online - Tania cena, Najwy\u017csza jako\u015b\u0107","isPartOf":{"@id":"https:\/\/stonersmeds.com\/#website"},"primaryImageOfPage":{"@id":"https:\/\/stonersmeds.com\/sk\/shop\/buy-liquid-lsd-200ug-drop-online\/#primaryimage"},"image":{"@id":"https:\/\/stonersmeds.com\/sk\/shop\/buy-liquid-lsd-200ug-drop-online\/#primaryimage"},"thumbnailUrl":"https:\/\/stonersmeds.com\/wp-content\/uploads\/2022\/03\/Buy-liquid-lsd-200ug-drop-Online-Cheap.jpg","datePublished":"2022-03-12T06:01:12+00:00","dateModified":"2026-02-26T16:30:07+00:00","description":"Kup p\u0142ynny LSD 200ug Online w przyst\u0119pnej cenie w stonersmeds. Wszystkie produkty posiadaj\u0105 kwalifikacje laboratoryjne i maj\u0105 najwy\u017csz\u0105 jako\u015b\u0107.","breadcrumb":{"@id":"https:\/\/stonersmeds.com\/sk\/shop\/buy-liquid-lsd-200ug-drop-online\/#breadcrumb"},"inLanguage":"pl-PL","potentialAction":[{"@type":"ReadAction","target":["https:\/\/stonersmeds.com\/sk\/shop\/buy-liquid-lsd-200ug-drop-online\/"]}]},{"@type":"ImageObject","inLanguage":"pl-PL","@id":"https:\/\/stonersmeds.com\/sk\/shop\/buy-liquid-lsd-200ug-drop-online\/#primaryimage","url":"https:\/\/stonersmeds.com\/wp-content\/uploads\/2022\/03\/Buy-liquid-lsd-200ug-drop-Online-Cheap.jpg","contentUrl":"https:\/\/stonersmeds.com\/wp-content\/uploads\/2022\/03\/Buy-liquid-lsd-200ug-drop-Online-Cheap.jpg","width":600,"height":600},{"@type":"BreadcrumbList","@id":"https:\/\/stonersmeds.com\/sk\/shop\/buy-liquid-lsd-200ug-drop-online\/#breadcrumb","itemListElement":[{"@type":"ListItem","position":1,"name":"Home","item":"https:\/\/stonersmeds.com\/"},{"@type":"ListItem","position":2,"name":"Shop","item":"https:\/\/stonersmeds.com\/shop\/"},{"@type":"ListItem","position":3,"name":"Buy liquid LSD 200ug Drop Online"}]},{"@type":"WebSite","@id":"https:\/\/stonersmeds.com\/#website","url":"https:\/\/stonersmeds.com\/","name":"stonersmeds.com","description":"verschreibungspflichtige Medizin kaufen","publisher":{"@id":"https:\/\/stonersmeds.com\/#organization"},"alternateName":"Research chemical shop","potentialAction":[{"@type":"SearchAction","target":{"@type":"EntryPoint","urlTemplate":"https:\/\/stonersmeds.com\/?s={search_term_string}"},"query-input":{"@type":"PropertyValueSpecification","valueRequired":true,"valueName":"search_term_string"}}],"inLanguage":"pl-PL"},{"@type":"Organization","@id":"https:\/\/stonersmeds.com\/#organization","name":"Stonersmeds Shop","url":"https:\/\/stonersmeds.com\/","logo":{"@type":"ImageObject","inLanguage":"pl-PL","@id":"https:\/\/stonersmeds.com\/#\/schema\/logo\/image\/","url":"https:\/\/stonersmeds.com\/wp-content\/uploads\/2026\/02\/high-purity-DMT-powder.jpg","contentUrl":"https:\/\/stonersmeds.com\/wp-content\/uploads\/2026\/02\/high-purity-DMT-powder.jpg","width":500,"height":500,"caption":"Stonersmeds Shop"},"image":{"@id":"https:\/\/stonersmeds.com\/#\/schema\/logo\/image\/"}}]},"og_availability":"instock","product_availability":"instock","product_condition":"new"},"_links":{"self":[{"href":"https:\/\/stonersmeds.com\/pl\/wp-json\/wp\/v2\/product\/10203","targetHints":{"allow":["GET"]}}],"collection":[{"href":"https:\/\/stonersmeds.com\/pl\/wp-json\/wp\/v2\/product"}],"about":[{"href":"https:\/\/stonersmeds.com\/pl\/wp-json\/wp\/v2\/types\/product"}],"replies":[{"embeddable":true,"href":"https:\/\/stonersmeds.com\/pl\/wp-json\/wp\/v2\/comments?post=10203"}],"version-history":[{"count":0,"href":"https:\/\/stonersmeds.com\/pl\/wp-json\/wp\/v2\/product\/10203\/revisions"}],"wp:featuredmedia":[{"embeddable":true,"href":"https:\/\/stonersmeds.com\/pl\/wp-json\/wp\/v2\/media\/10220"}],"wp:attachment":[{"href":"https:\/\/stonersmeds.com\/pl\/wp-json\/wp\/v2\/media?parent=10203"}],"wp:term":[{"taxonomy":"product_brand","embeddable":true,"href":"https:\/\/stonersmeds.com\/pl\/wp-json\/wp\/v2\/product_brand?post=10203"},{"taxonomy":"product_cat","embeddable":true,"href":"https:\/\/stonersmeds.com\/pl\/wp-json\/wp\/v2\/product_cat?post=10203"},{"taxonomy":"product_tag","embeddable":true,"href":"https:\/\/stonersmeds.com\/pl\/wp-json\/wp\/v2\/product_tag?post=10203"},{"taxonomy":"product_brands","embeddable":true,"href":"https:\/\/stonersmeds.com\/pl\/wp-json\/wp\/v2\/product_brands?post=10203"}],"curies":[{"name":"wp","href":"https:\/\/api.w.org\/{rel}","templated":true}]}}