{"id":10285,"date":"2022-03-12T06:35:09","date_gmt":"2022-03-12T06:35:09","guid":{"rendered":"https:\/\/stonersmeds.com\/?post_type=product&#038;p=10285"},"modified":"2026-02-28T22:20:05","modified_gmt":"2026-02-28T20:20:05","slug":"buy-alpha-pvp-online","status":"publish","type":"product","link":"https:\/\/stonersmeds.com\/pl\/shop\/buy-alpha-pvp-online\/","title":{"rendered":"Kup Alpha-PVP online"},"content":{"rendered":"<h1><b>Kup Alpha-PVP online<\/b><\/h1>\n<p>Alpha-PVP to syntetyczny stymulant stosowany w medycynie do leczenia r\u00f3\u017cnych chor\u00f3b. Alpha znalaz\u0142a si\u0119 w grupie prolek\u00f3w katynonowych. Alpha PVP zosta\u0142 po raz pierwszy zsyntetyzowany jako designerski lek. Teraz sta\u0142 si\u0119 bardzo popularny w\u015br\u00f3d ludzi do innych zastosowa\u0144, takich jak \u015brodek przeciwb\u00f3lowy. Ten syntetyczny stymulant s\u0142u\u017cy do zaspokajania potrzeb os\u00f3b za\u017cywaj\u0105cych narkotyki. Popularno\u015b\u0107 zyska\u0142a po 40 latach od swojego pierwszego produktu, czyli 2000 roku. Najwa\u017cniejsze, \u017ce w ci\u0105gu tych lat nie by\u0142a u\u017cywana przez nawet niewielk\u0105 spo\u0142eczno\u015b\u0107. Ale w 2000 roku i latach do tej pory sta\u0142 si\u0119 popularny do tego stopnia, \u017ce korzysta z niego prawie 70% z ca\u0142ej populacji planety.<\/p>\n<p><b>Pow\u00f3d popularno\u015bci Alpha-PVP Psychedelic Drugs<\/b><\/p>\n<p><b>Gdzie kupi\u0107 PVP? Alfa-PVP<\/b><\/p>\n<p>Alpha-PVP nale\u017cy do najpopularniejszej klasy prolek\u00f3w i jest stosowana na ogromn\u0105 skal\u0119. G\u0142\u00f3wnym powodem jego popularno\u015bci jest wysoka moc i szybkie dzia\u0142anie. Dzia\u0142a bezpo\u015brednio na centralny uk\u0142ad nerwowy, podobnie jak inne stymulanty.<\/p>\n<p>Ale dzia\u0142a bardzo szybko i uwalnia niekt\u00f3re hormony, aby wykona\u0107 po\u017c\u0105dane czynno\u015bci. Alpha PVP jest r\u00f3wnie\u017c znany jako stymulant o\u015brodkowego uk\u0142adu nerwowego ze wzgl\u0119du na sw\u00f3j spos\u00f3b dzia\u0142ania.<\/p>\n<p><b>Medyczne zastosowanie alfa-PVP Narkotyki psychodeliczne<\/b><\/p>\n<p>Alpha-PVP pomaga r\u00f3wnie\u017c ludzkiemu umys\u0142owi kontrolowa\u0107 natychmiastowe uczucia, takie jak szcz\u0119\u015bcie, smutek lub b\u00f3l. Lek ten pomaga umys\u0142owi wyobrazi\u0107 sobie normalne ramy do normalnego dzia\u0142ania bez \u017cadnych przeszk\u00f3d. W ten spos\u00f3b Alpha-PVP jest u\u017cywany do z\u0142agodzenia wszelkiego rodzaju wstrz\u0105s\u00f3w.<\/p>\n<p>Ludzie u\u017cywaj\u0105 tego proleku w klubach tanecznych i barach. Ale jest to r\u00f3wnie\u017c stosowanie tylko zgodnie z zaleceniami lekarzy w niekt\u00f3rych terapiach.<\/p>\n<p>Lekarze stosuj\u0105 leki wykonane z Alpha-PVP do leczenia ludzi. G\u0142\u00f3wnym zastosowaniem jest wyleczenie z depresji i l\u0119ku.<\/p>\n<p>Oto kilka kluczowych cech, dzi\u0119ki kt\u00f3rym u\u017cycie Alpha-PVP ro\u015bnie z dnia na dzie\u0144. Staje si\u0119 popularny w obu dziedzinach \u017cycia.<\/p>\n<p><b>Jak kupi\u0107 a-PVP\u00a0<\/b><b>\u00a0bezpiecznie - Opis<\/b><\/p>\n<p><strong>Pe\u0142na nazwa chemiczna:<\/strong>\u00a0alfa-pirolidynopentiofenon<br \/>\n<strong>Systematyczna nazwa IUPAC<\/strong>\u00a01-Fenylo-2-(1-pirolidynylo)-1-pentanon<br \/>\n<strong>Numer CAS<\/strong><strong>14530-33-7<\/strong><br \/>\n<strong>Numer ChemSpider<\/strong><strong>9324063<\/strong><br \/>\n<strong>Formu\u0142a molekularna<\/strong><strong>C15H21NO<\/strong><br \/>\n<strong>Masa cz\u0105steczkowa<\/strong><strong>231,333 g\/mol<\/strong><\/p>\n<p>Kup prawdziwy a-PVP online, \u03b1-Pyrrolidinopentiophenone (alpha-pyrrolidinovalerophenone, \u03b1-PVP, alpha-PVP, O-2387, \u03b2-keton-prolintane) jest zwi\u0105zkiem stymuluj\u0105cym opracowanym w latach 60-tych i zwi\u0105zanym z pirovalerone i jest ketonowym analogiem prolintane.<\/p>\n<p>Nasz sklep internetowy zajmuje si\u0119 Alpha-PVP na bardzo du\u017c\u0105 skal\u0119. Mo\u017cesz kupi\u0107 po\u017c\u0105dane produkty w bardzo rozs\u0105dnych cenach. Ponadto otrzymasz produkt w kr\u00f3tkim czasie za po\u015brednictwem naszych us\u0142ug dostawy online.<\/p>\n<p>Buy Alpha-PVP Online &#8211; buy PVP , buy Alpha-PVP , buy PVP online, Where to Buy Alpha-PVP , Alpha-PVP for sale, PVP for sale, buy PVP online, where to Buy Alpha-PVP online , Alpha-PVP for sale in usa , USA, canada,uk, buy, online, suppliers, safe delivery, You can still get Alpha-PVP , Is Alpha-PVP legal in usa, buy Alpha-PVP online usa, how to order Alpha-PVP , Is Alpha-PVP legal in Canada<\/p>\n<p>&nbsp;<\/p>\n<pre><strong>\u00a0<\/strong><\/pre>","protected":false},"excerpt":{"rendered":"<p><strong>Co to jest PVP?<\/strong><br \/>\nA-PVP, \u03b1-pirrolidynopentiofenon (alfa-pirrolidynopentiofenon, \u03b1-PVP, alfa-PVP, O-2387, \u03b2-keton-prolintan) to zwi\u0105zek stymuluj\u0105cy opracowany w latach 60. XX wieku, spokrewniony z piwaleronem i b\u0119d\u0105cy ketonowym analogiem prolintanu.<\/p>","protected":false},"featured_media":10302,"comment_status":"closed","ping_status":"closed","template":"","meta":{"_bst_post_transparent":"","_bst_post_title":"","_bst_post_layout":"","_bst_post_sidebar_id":"","_bst_post_content_style":"","_bst_post_vertical_padding":"","_bst_post_feature":"","_bst_post_feature_position":"","_bst_post_header":false,"_bst_post_footer":false},"product_brand":[],"product_cat":[79],"product_tag":[1465,1452,1453,1454,1455,1468,1456,1470,1472,1467,1485,1471,1443,1446,1457,1463,1483,1479,1469,1478,1440,1439,1449,1484,1480,1481,1482,1441,1458,1475,1459,1450,1451,1448,1474,1464,1460,1461,1444,1477,1473,1466,1476,1442,1445,1447,1462],"product_brands":[],"class_list":{"0":"post-10285","1":"product","2":"type-product","3":"status-publish","4":"has-post-thumbnail","6":"product_cat-research-chemicals-and-bath-salt","7":"product_tag-a-phip","8":"product_tag-a-pvp-kopen","9":"product_tag-a-pvp-online","10":"product_tag-a-pvp-online-kopen","11":"product_tag-a-pvp-poeder","12":"product_tag-alpha-pihp","13":"product_tag-alpha-pvp","14":"product_tag-alpha-pvp-legal-status","15":"product_tag-alpha-pvp-vendor-in-china","16":"product_tag-alpha-pyrrolidinopentiophenone","17":"product_tag-alpha-pyrrolidinopentiophenone-cost","18":"product_tag-alpha-pyrrolidinopentiophenone-side-effects","19":"product_tag-alpha-pvp-for-sale","20":"product_tag-alpha-pvp-for-sale-in-usa","21":"product_tag-alpha-pyrrolidinovalerophenone","22":"product_tag-apvp","23":"product_tag-buy-a-pvp-crystals-online","24":"product_tag-buy-a-pvp-online","25":"product_tag-buy-alpha-pvp-drug-online","26":"product_tag-buy-alpha-pvp-online","27":"product_tag-buy-alpha-pvp","28":"product_tag-buy-alpha-pvp-online-buy-pvp","29":"product_tag-buy-alpha-pvp-online-usa","30":"product_tag-buy-apvp-in-usa","31":"product_tag-buy-apvp-overnight-shipping","32":"product_tag-buy-flakka-drug-online","33":"product_tag-buy-flakka-online","34":"product_tag-buy-pvp-online","35":"product_tag-flakka","36":"product_tag-flocka-drug-info","37":"product_tag-grind","38":"product_tag-how-to-order-alpha-pvp","39":"product_tag-is-alpha-pvp-legal-in-canada","40":"product_tag-is-alpha-pvp-legal-in-usa","41":"product_tag-list-of-synthetic-drugs","42":"product_tag-mfpvp","43":"product_tag-niff","44":"product_tag-prolintane","45":"product_tag-pvp-for-sale","46":"product_tag-pyrrolidinovalerophenone","47":"product_tag-what-is-alpha-pyrrolidinopentiophenone","48":"product_tag-what-is-flakka","49":"product_tag-what-is-flakka-drug","50":"product_tag-where-to-buy-alpha-pvp","51":"product_tag-where-to-buy-alpha-pvp-online","52":"product_tag-you-can-still-get-alpha-pvp","53":"product_tag--pvp","55":"first","56":"instock","57":"shipping-taxable","58":"purchasable","59":"product-type-simple","60":"entry","61":"content-bg","62":"loop-entry"},"tiered_pricing_type":"fixed","tiered_pricing_fixed_rules":{"50":"5","100":"4.5","500":"1.8","1000":"1.5"},"tiered_pricing_percentage_rules":[],"tiered_pricing_minimum":1,"_administrator_tiered_pricing_type":"fixed","_administrator_tiered_pricing_fixed_rules":[],"_editor_tiered_pricing_type":"fixed","_editor_tiered_pricing_fixed_rules":[],"_author_tiered_pricing_type":"fixed","_author_tiered_pricing_fixed_rules":[],"_contributor_tiered_pricing_type":"fixed","_contributor_tiered_pricing_fixed_rules":[],"_subscriber_tiered_pricing_type":"fixed","_subscriber_tiered_pricing_fixed_rules":[],"_customer_tiered_pricing_type":"fixed","_customer_tiered_pricing_fixed_rules":[],"_shop_manager_tiered_pricing_type":"fixed","_shop_manager_tiered_pricing_fixed_rules":[],"_wpseo_manager_tiered_pricing_type":"fixed","_wpseo_manager_tiered_pricing_fixed_rules":[],"_wpseo_editor_tiered_pricing_type":"fixed","_wpseo_editor_tiered_pricing_fixed_rules":[],"yoast_head":"<!-- This site is optimized with the Yoast SEO plugin v27.2 - https:\/\/yoast.com\/product\/yoast-seo-wordpress\/ -->\n<title>Buy Alpha-PVP Online - Cheap price, top quality<\/title>\n<meta name=\"description\" content=\"Buy Alpha-PVP Online at an affordable price at stonersmeds. All products are lab qualified and have premium quality.\" \/>\n<meta name=\"robots\" content=\"index, follow, max-snippet:-1, max-image-preview:large, max-video-preview:-1\" \/>\n<link rel=\"canonical\" href=\"https:\/\/stonersmeds.com\/pl\/shop\/buy-alpha-pvp-online\/\" \/>\n<meta property=\"og:locale\" content=\"pl_PL\" \/>\n<meta property=\"og:type\" content=\"article\" \/>\n<meta property=\"og:title\" content=\"Buy Alpha-PVP Online - Cheap price, top quality\" \/>\n<meta property=\"og:description\" content=\"Buy Alpha-PVP Online at an affordable price at stonersmeds. All products are lab qualified and have premium quality.\" \/>\n<meta property=\"og:url\" content=\"https:\/\/stonersmeds.com\/pl\/shop\/buy-alpha-pvp-online\/\" \/>\n<meta property=\"og:site_name\" content=\"stonersmeds.com\" \/>\n<meta property=\"article:modified_time\" content=\"2026-02-28T20:20:05+00:00\" \/>\n<meta property=\"og:image\" content=\"https:\/\/stonersmeds.com\/wp-content\/uploads\/2022\/03\/A-pvp-crystal.jpg\" \/>\n\t<meta property=\"og:image:width\" content=\"600\" \/>\n\t<meta property=\"og:image:height\" content=\"600\" \/>\n\t<meta property=\"og:image:type\" content=\"image\/jpeg\" \/>\n<meta name=\"twitter:card\" content=\"summary_large_image\" \/>\n<meta name=\"twitter:label1\" content=\"Cena\" \/>\n\t<meta name=\"twitter:data1\" content=\"6&#036;\" \/>\n\t<meta name=\"twitter:label2\" content=\"Dost\u0119pno\u015b\u0107\" \/>\n\t<meta name=\"twitter:data2\" content=\"Dost\u0119pny\" \/>\n<script type=\"application\/ld+json\" class=\"yoast-schema-graph\">{\"@context\":\"https:\/\/schema.org\",\"@graph\":[{\"@type\":\"WebPage\",\"@id\":\"https:\/\/stonersmeds.com\/shop\/buy-alpha-pvp-online\/\",\"url\":\"https:\/\/stonersmeds.com\/shop\/buy-alpha-pvp-online\/\",\"name\":\"Buy Alpha-PVP Online - Cheap price, top quality\",\"isPartOf\":{\"@id\":\"https:\/\/stonersmeds.com\/#website\"},\"primaryImageOfPage\":{\"@id\":\"https:\/\/stonersmeds.com\/shop\/buy-alpha-pvp-online\/#primaryimage\"},\"image\":{\"@id\":\"https:\/\/stonersmeds.com\/shop\/buy-alpha-pvp-online\/#primaryimage\"},\"thumbnailUrl\":\"https:\/\/stonersmeds.com\/wp-content\/uploads\/2022\/03\/A-pvp-crystal.jpg\",\"datePublished\":\"2022-03-12T06:35:09+00:00\",\"dateModified\":\"2026-02-28T20:20:05+00:00\",\"description\":\"Buy Alpha-PVP Online at an affordable price at stonersmeds. All products are lab qualified and have premium quality.\",\"breadcrumb\":{\"@id\":\"https:\/\/stonersmeds.com\/shop\/buy-alpha-pvp-online\/#breadcrumb\"},\"inLanguage\":\"pl-PL\",\"potentialAction\":[{\"@type\":\"ReadAction\",\"target\":[\"https:\/\/stonersmeds.com\/shop\/buy-alpha-pvp-online\/\"]}]},{\"@type\":\"ImageObject\",\"inLanguage\":\"pl-PL\",\"@id\":\"https:\/\/stonersmeds.com\/shop\/buy-alpha-pvp-online\/#primaryimage\",\"url\":\"https:\/\/stonersmeds.com\/wp-content\/uploads\/2022\/03\/A-pvp-crystal.jpg\",\"contentUrl\":\"https:\/\/stonersmeds.com\/wp-content\/uploads\/2022\/03\/A-pvp-crystal.jpg\",\"width\":600,\"height\":600},{\"@type\":\"BreadcrumbList\",\"@id\":\"https:\/\/stonersmeds.com\/shop\/buy-alpha-pvp-online\/#breadcrumb\",\"itemListElement\":[{\"@type\":\"ListItem\",\"position\":1,\"name\":\"Home\",\"item\":\"https:\/\/stonersmeds.com\/\"},{\"@type\":\"ListItem\",\"position\":2,\"name\":\"Shop\",\"item\":\"https:\/\/stonersmeds.com\/shop\/\"},{\"@type\":\"ListItem\",\"position\":3,\"name\":\"Buy Alpha-PVP Online\"}]},{\"@type\":\"WebSite\",\"@id\":\"https:\/\/stonersmeds.com\/#website\",\"url\":\"https:\/\/stonersmeds.com\/\",\"name\":\"stonersmeds.com\",\"description\":\"verschreibungspflichtige Medizin kaufen\",\"publisher\":{\"@id\":\"https:\/\/stonersmeds.com\/#organization\"},\"alternateName\":\"Research chemical shop\",\"potentialAction\":[{\"@type\":\"SearchAction\",\"target\":{\"@type\":\"EntryPoint\",\"urlTemplate\":\"https:\/\/stonersmeds.com\/?s={search_term_string}\"},\"query-input\":{\"@type\":\"PropertyValueSpecification\",\"valueRequired\":true,\"valueName\":\"search_term_string\"}}],\"inLanguage\":\"pl-PL\"},{\"@type\":\"Organization\",\"@id\":\"https:\/\/stonersmeds.com\/#organization\",\"name\":\"Stonersmeds Shop\",\"url\":\"https:\/\/stonersmeds.com\/\",\"logo\":{\"@type\":\"ImageObject\",\"inLanguage\":\"pl-PL\",\"@id\":\"https:\/\/stonersmeds.com\/#\/schema\/logo\/image\/\",\"url\":\"https:\/\/stonersmeds.com\/wp-content\/uploads\/2026\/02\/high-purity-DMT-powder.jpg\",\"contentUrl\":\"https:\/\/stonersmeds.com\/wp-content\/uploads\/2026\/02\/high-purity-DMT-powder.jpg\",\"width\":500,\"height\":500,\"caption\":\"Stonersmeds Shop\"},\"image\":{\"@id\":\"https:\/\/stonersmeds.com\/#\/schema\/logo\/image\/\"}}]}<\/script>\n<meta property=\"product:price:amount\" content=\"6.00\" \/>\n<meta property=\"product:price:currency\" content=\"USD\" \/>\n<meta property=\"og:availability\" content=\"instock\" \/>\n<meta property=\"product:availability\" content=\"instock\" \/>\n<meta property=\"product:condition\" content=\"new\" \/>\n<!-- \/ Yoast SEO plugin. -->","yoast_head_json":{"title":"Kup Alpha-PVP online - tania cena, najwy\u017csza jako\u015b\u0107","description":"Kup Alpha-PVP Online w przyst\u0119pnej cenie w stonersmeds. Wszystkie produkty posiadaj\u0105 kwalifikacje laboratoryjne i maj\u0105 najwy\u017csz\u0105 jako\u015b\u0107.","robots":{"index":"index","follow":"follow","max-snippet":"max-snippet:-1","max-image-preview":"max-image-preview:large","max-video-preview":"max-video-preview:-1"},"canonical":"https:\/\/stonersmeds.com\/pl\/shop\/buy-alpha-pvp-online\/","og_locale":"pl_PL","og_type":"article","og_title":"Buy Alpha-PVP Online - Cheap price, top quality","og_description":"Buy Alpha-PVP Online at an affordable price at stonersmeds. All products are lab qualified and have premium quality.","og_url":"https:\/\/stonersmeds.com\/pl\/shop\/buy-alpha-pvp-online\/","og_site_name":"stonersmeds.com","article_modified_time":"2026-02-28T20:20:05+00:00","og_image":[{"width":600,"height":600,"url":"https:\/\/stonersmeds.com\/wp-content\/uploads\/2022\/03\/A-pvp-crystal.jpg","type":"image\/jpeg"}],"twitter_card":"summary_large_image","twitter_misc":{"Cena":"6&#36;","Dost\u0119pno\u015b\u0107":"Dost\u0119pny"},"schema":{"@context":"https:\/\/schema.org","@graph":[{"@type":"WebPage","@id":"https:\/\/stonersmeds.com\/shop\/buy-alpha-pvp-online\/","url":"https:\/\/stonersmeds.com\/shop\/buy-alpha-pvp-online\/","name":"Kup Alpha-PVP online - tania cena, najwy\u017csza jako\u015b\u0107","isPartOf":{"@id":"https:\/\/stonersmeds.com\/#website"},"primaryImageOfPage":{"@id":"https:\/\/stonersmeds.com\/shop\/buy-alpha-pvp-online\/#primaryimage"},"image":{"@id":"https:\/\/stonersmeds.com\/shop\/buy-alpha-pvp-online\/#primaryimage"},"thumbnailUrl":"https:\/\/stonersmeds.com\/wp-content\/uploads\/2022\/03\/A-pvp-crystal.jpg","datePublished":"2022-03-12T06:35:09+00:00","dateModified":"2026-02-28T20:20:05+00:00","description":"Kup Alpha-PVP Online w przyst\u0119pnej cenie w stonersmeds. Wszystkie produkty posiadaj\u0105 kwalifikacje laboratoryjne i maj\u0105 najwy\u017csz\u0105 jako\u015b\u0107.","breadcrumb":{"@id":"https:\/\/stonersmeds.com\/shop\/buy-alpha-pvp-online\/#breadcrumb"},"inLanguage":"pl-PL","potentialAction":[{"@type":"ReadAction","target":["https:\/\/stonersmeds.com\/shop\/buy-alpha-pvp-online\/"]}]},{"@type":"ImageObject","inLanguage":"pl-PL","@id":"https:\/\/stonersmeds.com\/shop\/buy-alpha-pvp-online\/#primaryimage","url":"https:\/\/stonersmeds.com\/wp-content\/uploads\/2022\/03\/A-pvp-crystal.jpg","contentUrl":"https:\/\/stonersmeds.com\/wp-content\/uploads\/2022\/03\/A-pvp-crystal.jpg","width":600,"height":600},{"@type":"BreadcrumbList","@id":"https:\/\/stonersmeds.com\/shop\/buy-alpha-pvp-online\/#breadcrumb","itemListElement":[{"@type":"ListItem","position":1,"name":"Home","item":"https:\/\/stonersmeds.com\/"},{"@type":"ListItem","position":2,"name":"Shop","item":"https:\/\/stonersmeds.com\/shop\/"},{"@type":"ListItem","position":3,"name":"Buy Alpha-PVP Online"}]},{"@type":"WebSite","@id":"https:\/\/stonersmeds.com\/#website","url":"https:\/\/stonersmeds.com\/","name":"stonersmeds.com","description":"verschreibungspflichtige Medizin kaufen","publisher":{"@id":"https:\/\/stonersmeds.com\/#organization"},"alternateName":"Research chemical shop","potentialAction":[{"@type":"SearchAction","target":{"@type":"EntryPoint","urlTemplate":"https:\/\/stonersmeds.com\/?s={search_term_string}"},"query-input":{"@type":"PropertyValueSpecification","valueRequired":true,"valueName":"search_term_string"}}],"inLanguage":"pl-PL"},{"@type":"Organization","@id":"https:\/\/stonersmeds.com\/#organization","name":"Stonersmeds Shop","url":"https:\/\/stonersmeds.com\/","logo":{"@type":"ImageObject","inLanguage":"pl-PL","@id":"https:\/\/stonersmeds.com\/#\/schema\/logo\/image\/","url":"https:\/\/stonersmeds.com\/wp-content\/uploads\/2026\/02\/high-purity-DMT-powder.jpg","contentUrl":"https:\/\/stonersmeds.com\/wp-content\/uploads\/2026\/02\/high-purity-DMT-powder.jpg","width":500,"height":500,"caption":"Stonersmeds Shop"},"image":{"@id":"https:\/\/stonersmeds.com\/#\/schema\/logo\/image\/"}}]},"product_price_amount":"6.00","product_price_currency":"USD","og_availability":"instock","product_availability":"instock","product_condition":"new"},"_links":{"self":[{"href":"https:\/\/stonersmeds.com\/pl\/wp-json\/wp\/v2\/product\/10285","targetHints":{"allow":["GET"]}}],"collection":[{"href":"https:\/\/stonersmeds.com\/pl\/wp-json\/wp\/v2\/product"}],"about":[{"href":"https:\/\/stonersmeds.com\/pl\/wp-json\/wp\/v2\/types\/product"}],"replies":[{"embeddable":true,"href":"https:\/\/stonersmeds.com\/pl\/wp-json\/wp\/v2\/comments?post=10285"}],"version-history":[{"count":0,"href":"https:\/\/stonersmeds.com\/pl\/wp-json\/wp\/v2\/product\/10285\/revisions"}],"wp:featuredmedia":[{"embeddable":true,"href":"https:\/\/stonersmeds.com\/pl\/wp-json\/wp\/v2\/media\/10302"}],"wp:attachment":[{"href":"https:\/\/stonersmeds.com\/pl\/wp-json\/wp\/v2\/media?parent=10285"}],"wp:term":[{"taxonomy":"product_brand","embeddable":true,"href":"https:\/\/stonersmeds.com\/pl\/wp-json\/wp\/v2\/product_brand?post=10285"},{"taxonomy":"product_cat","embeddable":true,"href":"https:\/\/stonersmeds.com\/pl\/wp-json\/wp\/v2\/product_cat?post=10285"},{"taxonomy":"product_tag","embeddable":true,"href":"https:\/\/stonersmeds.com\/pl\/wp-json\/wp\/v2\/product_tag?post=10285"},{"taxonomy":"product_brands","embeddable":true,"href":"https:\/\/stonersmeds.com\/pl\/wp-json\/wp\/v2\/product_brands?post=10285"}],"curies":[{"name":"wp","href":"https:\/\/api.w.org\/{rel}","templated":true}]}}