{"id":10342,"date":"2022-03-12T06:55:58","date_gmt":"2022-03-12T06:55:58","guid":{"rendered":"https:\/\/stonersmeds.com\/?post_type=product&#038;p=10342"},"modified":"2026-02-22T10:30:46","modified_gmt":"2026-02-22T08:30:46","slug":"buy-cheap-clonazolam-powder-online","status":"publish","type":"product","link":"https:\/\/stonersmeds.com\/pl\/shop\/buy-cheap-clonazolam-powder-online\/","title":{"rendered":"Kup tanie klonazolam w proszku online"},"content":{"rendered":"<h1><b>Kup klonazolam w proszku online<\/b><\/h1>\n<p>Proszek klonazolamu nale\u017cy do serii prolek\u00f3w benzodiazepinowych, kt\u00f3re s\u0105 stosowane w wielu sytuacjach do r\u00f3\u017cnych cel\u00f3w u ludzi. Po raz pierwszy zosta\u0142 zsyntetyzowany w 1971 roku jako lek designerski. W ostatnich latach sta\u0142 si\u0119 jednym z najcz\u0119\u015bciej u\u017cywanych narkotyk\u00f3w na \u015bwiecie ze wzgl\u0119du na swoje unikalne w\u0142a\u015bciwo\u015bci. Obecnie jest stosowany jako chemikalia badawcze, a tak\u017ce w leczeniu r\u00f3\u017cnych chor\u00f3b.<\/p>\n<h3><b>Dzia\u0142anie proszku klonazolamu<\/b><\/h3>\n<p>Proszek klonazolamu jest r\u00f3wnie\u017c lekiem psychoaktywnym, podobnie jak inne benzodiazepiny, a tak\u017ce dzia\u0142a w podobny spos\u00f3b jak wszystkie te pro-leki. Ma wysoki potencja\u0142 ni\u017c inne pro-leki z serii benzodiazepin.<\/p>\n<p>Dzia\u0142a r\u00f3wnie\u017c w taki sam spos\u00f3b, jak wszystkie pro-leki, ale jest szybszy ni\u017c wszystkie pro-leki nie tylko z tej rodziny, ale tak\u017ce cz\u0142onek innych rodzin pro-lek\u00f3w. Dzia\u0142a poprzez bezpo\u015bredni wp\u0142yw na uk\u0142ad neuroprzeka\u017anik\u00f3w w ludzkim m\u00f3zgu.<\/p>\n<p>Dzia\u0142anie to wzmacnia niekt\u00f3re substancje chemiczne w celu wykonania danej funkcji. Jest to r\u00f3wnie\u017c wykorzystywane do rozlu\u017anienia mi\u0119\u015bni poprzez zapewnienie odpowiedniego snu.<\/p>\n<p>Proszek klonazolamu zapewnia prawid\u0142owy sen ludzkiemu cia\u0142u. Jest stosowany przez prawie ka\u017cdego lekarza podczas leczenia pacjenta dotkni\u0119tego bezsenno\u015bci\u0105. Lekarze u\u017cywaj\u0105 go r\u00f3wnie\u017c w operacjach chirurgicznych, w kt\u00f3rych chc\u0105, aby pacjent straci\u0142 przytomno\u015b\u0107.<\/p>\n<p>Ten prolek pomaga r\u00f3wnie\u017c lekarzom trzyma\u0107 pacjenta z dala od innych narkotyk\u00f3w. Jest r\u00f3wnie\u017c stosowany do wycofywania alkoholu z ca\u0142ego organizmu poprzez r\u00f3\u017cne procesy. Clonazolam jest bardzo dobrym lekiem, ale tylko wtedy, gdy jest stosowany zgodnie z wymaganiami organizmu i zgodnie z recept\u0105.<\/p>\n<p>Proszek klonazolamu nie jest dobry dla zdrowia ludzkiego, gdy jest stosowany przez d\u0142ugi czas. Mo\u017ce powa\u017cnie zaszkodzi\u0107 zdrowiu ludzkiemu i wp\u0142ywa na uk\u0142ad neuron\u00f3w ludzkiego m\u00f3zgu.<\/p>\n<p>Nasz sklep internetowy zapewnia Clonazolam w bardzo niskich cenach. Nasz sklep oferuje r\u00f3wnie\u017c dostaw\u0119 produktu w bardzo kr\u00f3tkim czasie.<\/p>\n<p>&nbsp;<\/p>\n<p>&nbsp;<\/p>\n<pre><strong>Kup tani proszek klonazolamu online - kup proszek, kup tani proszek klonazolamu, kup proszek klonazolamu online, gdzie kupi\u0107 tani proszek klonazolamu, tani proszek klonazolamu na sprzeda\u017c, proszek na sprzeda\u017c, kup tani proszek klonazolamu online, gdzie kupi\u0107 tani proszek klonazolamu online, Tani proszek klonazolamu na sprzeda\u017c w USA, USA, Kanadzie, Wielkiej Brytanii, kup, online, dostawcy, bezpieczna dostawa, nadal mo\u017cesz uzyska\u0107 tani proszek klonazolamu, czy tani proszek klonazolamu jest legalny w USA, kup tani proszek klonazolamu online w USA, jak zam\u00f3wi\u0107 tani proszek klonazolamu, czy tani proszek klonazolamu jest legalny w Kanadzie<\/strong><\/pre>","protected":false},"excerpt":{"rendered":"<p>Kup tani proszek klonazolamu online. Clonazolam zawiera pier\u015bcie\u0144 benzenowy po\u0142\u0105czony z pier\u015bcieniem 1,2,4-triazolowym, ale poza tym jest strukturalnie identyczny z Clonazepamem Do czego s\u0142u\u017cy Clonazolam? Klonazolam jest obecnie dost\u0119pny wy\u0142\u0105cznie jako materia\u0142 badawczy i nie jest przeznaczony do spo\u017cycia przez ludzi.<\/p>\n<pre><strong>Kup tani proszek klonazolamu online - kup proszek, kup tani proszek klonazolamu, kup proszek klonazolamu online, gdzie kupi\u0107 tani proszek klonazolamu, tani proszek klonazolamu na sprzeda\u017c, proszek na sprzeda\u017c, kup tani proszek klonazolamu online, gdzie kupi\u0107 tani proszek klonazolamu online, Tani proszek klonazolamu na sprzeda\u017c w USA, USA, Kanadzie, Wielkiej Brytanii, kup, online, dostawcy, bezpieczna dostawa, nadal mo\u017cesz uzyska\u0107 tani proszek klonazolamu, czy tani proszek klonazolamu jest legalny w USA, kup tani proszek klonazolamu online w USA, jak zam\u00f3wi\u0107 tani proszek klonazolamu, czy tani proszek klonazolamu jest legalny w Kanadzie<\/strong><\/pre>","protected":false},"featured_media":10350,"comment_status":"open","ping_status":"closed","template":"","meta":{"_bst_post_transparent":"","_bst_post_title":"","_bst_post_layout":"","_bst_post_sidebar_id":"","_bst_post_content_style":"","_bst_post_vertical_padding":"","_bst_post_feature":"","_bst_post_feature_position":"","_bst_post_header":false,"_bst_post_footer":false},"product_brand":[],"product_cat":[79],"product_tag":[],"product_brands":[],"class_list":{"0":"post-10342","1":"product","2":"type-product","3":"status-publish","4":"has-post-thumbnail","6":"product_cat-research-chemicals-and-bath-salt","8":"first","9":"instock","10":"shipping-taxable","11":"purchasable","12":"product-type-variable","13":"entry","14":"content-bg","15":"loop-entry"},"tiered_pricing_type":"fixed","tiered_pricing_fixed_rules":[],"tiered_pricing_percentage_rules":[],"tiered_pricing_minimum":1,"_administrator_tiered_pricing_type":"fixed","_administrator_tiered_pricing_fixed_rules":[],"_editor_tiered_pricing_type":"fixed","_editor_tiered_pricing_fixed_rules":[],"_author_tiered_pricing_type":"fixed","_author_tiered_pricing_fixed_rules":[],"_contributor_tiered_pricing_type":"fixed","_contributor_tiered_pricing_fixed_rules":[],"_subscriber_tiered_pricing_type":"fixed","_subscriber_tiered_pricing_fixed_rules":[],"_customer_tiered_pricing_type":"fixed","_customer_tiered_pricing_fixed_rules":[],"_shop_manager_tiered_pricing_type":"fixed","_shop_manager_tiered_pricing_fixed_rules":[],"_wpseo_manager_tiered_pricing_type":"fixed","_wpseo_manager_tiered_pricing_fixed_rules":[],"_wpseo_editor_tiered_pricing_type":"fixed","_wpseo_editor_tiered_pricing_fixed_rules":[],"yoast_head":"<!-- This site is optimized with the Yoast SEO plugin v27.2 - https:\/\/yoast.com\/product\/yoast-seo-wordpress\/ -->\n<title>Buy Cheap Clonazolam Powder Online - Cheap price, top quality<\/title>\n<meta name=\"description\" content=\"Buy Clonazolam Powder Online at an affordable price at stonersmeds. All products are lab qualified and have premium quality.\" \/>\n<meta name=\"robots\" content=\"index, follow, max-snippet:-1, max-image-preview:large, max-video-preview:-1\" \/>\n<link rel=\"canonical\" href=\"https:\/\/stonersmeds.com\/pl\/shop\/buy-cheap-clonazolam-powder-online\/\" \/>\n<meta property=\"og:locale\" content=\"pl_PL\" \/>\n<meta property=\"og:type\" content=\"article\" \/>\n<meta property=\"og:title\" content=\"Buy Cheap Clonazolam Powder Online - Cheap price, top quality\" \/>\n<meta property=\"og:description\" content=\"Buy Clonazolam Powder Online at an affordable price at stonersmeds. All products are lab qualified and have premium quality.\" \/>\n<meta property=\"og:url\" content=\"https:\/\/stonersmeds.com\/pl\/shop\/buy-cheap-clonazolam-powder-online\/\" \/>\n<meta property=\"og:site_name\" content=\"stonersmeds.com\" \/>\n<meta property=\"article:modified_time\" content=\"2026-02-22T08:30:46+00:00\" \/>\n<meta property=\"og:image\" content=\"https:\/\/stonersmeds.com\/wp-content\/uploads\/2022\/03\/Buy-cheap-clonazolam-powder-online.jpg\" \/>\n\t<meta property=\"og:image:width\" content=\"600\" \/>\n\t<meta property=\"og:image:height\" content=\"600\" \/>\n\t<meta property=\"og:image:type\" content=\"image\/jpeg\" \/>\n<meta name=\"twitter:card\" content=\"summary_large_image\" \/>\n<meta name=\"twitter:label1\" content=\"Dost\u0119pno\u015b\u0107\" \/>\n\t<meta name=\"twitter:data1\" content=\"Dost\u0119pny\" \/>\n<script type=\"application\/ld+json\" class=\"yoast-schema-graph\">{\"@context\":\"https:\/\/schema.org\",\"@graph\":[{\"@type\":\"WebPage\",\"@id\":\"https:\/\/stonersmeds.com\/shop\/buy-cheap-clonazolam-powder-online\/\",\"url\":\"https:\/\/stonersmeds.com\/shop\/buy-cheap-clonazolam-powder-online\/\",\"name\":\"Buy Cheap Clonazolam Powder Online - Cheap price, top quality\",\"isPartOf\":{\"@id\":\"https:\/\/stonersmeds.com\/#website\"},\"primaryImageOfPage\":{\"@id\":\"https:\/\/stonersmeds.com\/shop\/buy-cheap-clonazolam-powder-online\/#primaryimage\"},\"image\":{\"@id\":\"https:\/\/stonersmeds.com\/shop\/buy-cheap-clonazolam-powder-online\/#primaryimage\"},\"thumbnailUrl\":\"https:\/\/stonersmeds.com\/wp-content\/uploads\/2022\/03\/Buy-cheap-clonazolam-powder-online.jpg\",\"datePublished\":\"2022-03-12T06:55:58+00:00\",\"dateModified\":\"2026-02-22T08:30:46+00:00\",\"description\":\"Buy Clonazolam Powder Online at an affordable price at stonersmeds. All products are lab qualified and have premium quality.\",\"breadcrumb\":{\"@id\":\"https:\/\/stonersmeds.com\/shop\/buy-cheap-clonazolam-powder-online\/#breadcrumb\"},\"inLanguage\":\"pl-PL\",\"potentialAction\":[{\"@type\":\"ReadAction\",\"target\":[\"https:\/\/stonersmeds.com\/shop\/buy-cheap-clonazolam-powder-online\/\"]}]},{\"@type\":\"ImageObject\",\"inLanguage\":\"pl-PL\",\"@id\":\"https:\/\/stonersmeds.com\/shop\/buy-cheap-clonazolam-powder-online\/#primaryimage\",\"url\":\"https:\/\/stonersmeds.com\/wp-content\/uploads\/2022\/03\/Buy-cheap-clonazolam-powder-online.jpg\",\"contentUrl\":\"https:\/\/stonersmeds.com\/wp-content\/uploads\/2022\/03\/Buy-cheap-clonazolam-powder-online.jpg\",\"width\":600,\"height\":600},{\"@type\":\"BreadcrumbList\",\"@id\":\"https:\/\/stonersmeds.com\/shop\/buy-cheap-clonazolam-powder-online\/#breadcrumb\",\"itemListElement\":[{\"@type\":\"ListItem\",\"position\":1,\"name\":\"Home\",\"item\":\"https:\/\/stonersmeds.com\/\"},{\"@type\":\"ListItem\",\"position\":2,\"name\":\"Shop\",\"item\":\"https:\/\/stonersmeds.com\/shop\/\"},{\"@type\":\"ListItem\",\"position\":3,\"name\":\"Buy Cheap Clonazolam Powder Online\"}]},{\"@type\":\"WebSite\",\"@id\":\"https:\/\/stonersmeds.com\/#website\",\"url\":\"https:\/\/stonersmeds.com\/\",\"name\":\"stonersmeds.com\",\"description\":\"verschreibungspflichtige Medizin kaufen\",\"publisher\":{\"@id\":\"https:\/\/stonersmeds.com\/#organization\"},\"alternateName\":\"Research chemical shop\",\"potentialAction\":[{\"@type\":\"SearchAction\",\"target\":{\"@type\":\"EntryPoint\",\"urlTemplate\":\"https:\/\/stonersmeds.com\/?s={search_term_string}\"},\"query-input\":{\"@type\":\"PropertyValueSpecification\",\"valueRequired\":true,\"valueName\":\"search_term_string\"}}],\"inLanguage\":\"pl-PL\"},{\"@type\":\"Organization\",\"@id\":\"https:\/\/stonersmeds.com\/#organization\",\"name\":\"Stonersmeds Shop\",\"url\":\"https:\/\/stonersmeds.com\/\",\"logo\":{\"@type\":\"ImageObject\",\"inLanguage\":\"pl-PL\",\"@id\":\"https:\/\/stonersmeds.com\/#\/schema\/logo\/image\/\",\"url\":\"https:\/\/stonersmeds.com\/wp-content\/uploads\/2026\/02\/high-purity-DMT-powder.jpg\",\"contentUrl\":\"https:\/\/stonersmeds.com\/wp-content\/uploads\/2026\/02\/high-purity-DMT-powder.jpg\",\"width\":500,\"height\":500,\"caption\":\"Stonersmeds Shop\"},\"image\":{\"@id\":\"https:\/\/stonersmeds.com\/#\/schema\/logo\/image\/\"}}]}<\/script>\n<meta property=\"og:availability\" content=\"instock\" \/>\n<meta property=\"product:availability\" content=\"instock\" \/>\n<meta property=\"product:condition\" content=\"new\" \/>\n<!-- \/ Yoast SEO plugin. -->","yoast_head_json":{"title":"Kup tani proszek klonazolamu online - niska cena, najwy\u017csza jako\u015b\u0107","description":"Kup Clonazolam Powder Online w przyst\u0119pnej cenie w stonersmeds. Wszystkie produkty s\u0105 kwalifikowane laboratoryjnie i maj\u0105 najwy\u017csz\u0105 jako\u015b\u0107.","robots":{"index":"index","follow":"follow","max-snippet":"max-snippet:-1","max-image-preview":"max-image-preview:large","max-video-preview":"max-video-preview:-1"},"canonical":"https:\/\/stonersmeds.com\/pl\/shop\/buy-cheap-clonazolam-powder-online\/","og_locale":"pl_PL","og_type":"article","og_title":"Buy Cheap Clonazolam Powder Online - Cheap price, top quality","og_description":"Buy Clonazolam Powder Online at an affordable price at stonersmeds. All products are lab qualified and have premium quality.","og_url":"https:\/\/stonersmeds.com\/pl\/shop\/buy-cheap-clonazolam-powder-online\/","og_site_name":"stonersmeds.com","article_modified_time":"2026-02-22T08:30:46+00:00","og_image":[{"width":600,"height":600,"url":"https:\/\/stonersmeds.com\/wp-content\/uploads\/2022\/03\/Buy-cheap-clonazolam-powder-online.jpg","type":"image\/jpeg"}],"twitter_card":"summary_large_image","twitter_misc":{"Dost\u0119pno\u015b\u0107":"Dost\u0119pny"},"schema":{"@context":"https:\/\/schema.org","@graph":[{"@type":"WebPage","@id":"https:\/\/stonersmeds.com\/shop\/buy-cheap-clonazolam-powder-online\/","url":"https:\/\/stonersmeds.com\/shop\/buy-cheap-clonazolam-powder-online\/","name":"Kup tani proszek klonazolamu online - niska cena, najwy\u017csza jako\u015b\u0107","isPartOf":{"@id":"https:\/\/stonersmeds.com\/#website"},"primaryImageOfPage":{"@id":"https:\/\/stonersmeds.com\/shop\/buy-cheap-clonazolam-powder-online\/#primaryimage"},"image":{"@id":"https:\/\/stonersmeds.com\/shop\/buy-cheap-clonazolam-powder-online\/#primaryimage"},"thumbnailUrl":"https:\/\/stonersmeds.com\/wp-content\/uploads\/2022\/03\/Buy-cheap-clonazolam-powder-online.jpg","datePublished":"2022-03-12T06:55:58+00:00","dateModified":"2026-02-22T08:30:46+00:00","description":"Kup Clonazolam Powder Online w przyst\u0119pnej cenie w stonersmeds. Wszystkie produkty s\u0105 kwalifikowane laboratoryjnie i maj\u0105 najwy\u017csz\u0105 jako\u015b\u0107.","breadcrumb":{"@id":"https:\/\/stonersmeds.com\/shop\/buy-cheap-clonazolam-powder-online\/#breadcrumb"},"inLanguage":"pl-PL","potentialAction":[{"@type":"ReadAction","target":["https:\/\/stonersmeds.com\/shop\/buy-cheap-clonazolam-powder-online\/"]}]},{"@type":"ImageObject","inLanguage":"pl-PL","@id":"https:\/\/stonersmeds.com\/shop\/buy-cheap-clonazolam-powder-online\/#primaryimage","url":"https:\/\/stonersmeds.com\/wp-content\/uploads\/2022\/03\/Buy-cheap-clonazolam-powder-online.jpg","contentUrl":"https:\/\/stonersmeds.com\/wp-content\/uploads\/2022\/03\/Buy-cheap-clonazolam-powder-online.jpg","width":600,"height":600},{"@type":"BreadcrumbList","@id":"https:\/\/stonersmeds.com\/shop\/buy-cheap-clonazolam-powder-online\/#breadcrumb","itemListElement":[{"@type":"ListItem","position":1,"name":"Home","item":"https:\/\/stonersmeds.com\/"},{"@type":"ListItem","position":2,"name":"Shop","item":"https:\/\/stonersmeds.com\/shop\/"},{"@type":"ListItem","position":3,"name":"Buy Cheap Clonazolam Powder Online"}]},{"@type":"WebSite","@id":"https:\/\/stonersmeds.com\/#website","url":"https:\/\/stonersmeds.com\/","name":"stonersmeds.com","description":"verschreibungspflichtige Medizin kaufen","publisher":{"@id":"https:\/\/stonersmeds.com\/#organization"},"alternateName":"Research chemical shop","potentialAction":[{"@type":"SearchAction","target":{"@type":"EntryPoint","urlTemplate":"https:\/\/stonersmeds.com\/?s={search_term_string}"},"query-input":{"@type":"PropertyValueSpecification","valueRequired":true,"valueName":"search_term_string"}}],"inLanguage":"pl-PL"},{"@type":"Organization","@id":"https:\/\/stonersmeds.com\/#organization","name":"Stonersmeds Shop","url":"https:\/\/stonersmeds.com\/","logo":{"@type":"ImageObject","inLanguage":"pl-PL","@id":"https:\/\/stonersmeds.com\/#\/schema\/logo\/image\/","url":"https:\/\/stonersmeds.com\/wp-content\/uploads\/2026\/02\/high-purity-DMT-powder.jpg","contentUrl":"https:\/\/stonersmeds.com\/wp-content\/uploads\/2026\/02\/high-purity-DMT-powder.jpg","width":500,"height":500,"caption":"Stonersmeds Shop"},"image":{"@id":"https:\/\/stonersmeds.com\/#\/schema\/logo\/image\/"}}]},"og_availability":"instock","product_availability":"instock","product_condition":"new"},"_links":{"self":[{"href":"https:\/\/stonersmeds.com\/pl\/wp-json\/wp\/v2\/product\/10342","targetHints":{"allow":["GET"]}}],"collection":[{"href":"https:\/\/stonersmeds.com\/pl\/wp-json\/wp\/v2\/product"}],"about":[{"href":"https:\/\/stonersmeds.com\/pl\/wp-json\/wp\/v2\/types\/product"}],"replies":[{"embeddable":true,"href":"https:\/\/stonersmeds.com\/pl\/wp-json\/wp\/v2\/comments?post=10342"}],"version-history":[{"count":0,"href":"https:\/\/stonersmeds.com\/pl\/wp-json\/wp\/v2\/product\/10342\/revisions"}],"wp:featuredmedia":[{"embeddable":true,"href":"https:\/\/stonersmeds.com\/pl\/wp-json\/wp\/v2\/media\/10350"}],"wp:attachment":[{"href":"https:\/\/stonersmeds.com\/pl\/wp-json\/wp\/v2\/media?parent=10342"}],"wp:term":[{"taxonomy":"product_brand","embeddable":true,"href":"https:\/\/stonersmeds.com\/pl\/wp-json\/wp\/v2\/product_brand?post=10342"},{"taxonomy":"product_cat","embeddable":true,"href":"https:\/\/stonersmeds.com\/pl\/wp-json\/wp\/v2\/product_cat?post=10342"},{"taxonomy":"product_tag","embeddable":true,"href":"https:\/\/stonersmeds.com\/pl\/wp-json\/wp\/v2\/product_tag?post=10342"},{"taxonomy":"product_brands","embeddable":true,"href":"https:\/\/stonersmeds.com\/pl\/wp-json\/wp\/v2\/product_brands?post=10342"}],"curies":[{"name":"wp","href":"https:\/\/api.w.org\/{rel}","templated":true}]}}