{"id":10384,"date":"2022-03-12T07:17:16","date_gmt":"2022-03-12T07:17:16","guid":{"rendered":"https:\/\/stonersmeds.com\/?post_type=product&#038;p=10384"},"modified":"2026-02-25T09:20:09","modified_gmt":"2026-02-25T07:20:09","slug":"buy-etizolam-powder-online","status":"publish","type":"product","link":"https:\/\/stonersmeds.com\/pl\/shop\/buy-etizolam-powder-online\/","title":{"rendered":"Kup proszek etizolamu online"},"content":{"rendered":"<h1>Kup proszek etizolamu online.<\/h1>\n<p>Dandy Drugs is a global manufacturer and supplier of <a href=\"https:\/\/stonersmeds.com\/pl\/znacznik-produktu\/where-to-buy-metho-methadone-hcl-powder-online\/\">Etizolam Powder<\/a>, API, Active Pharmaceutical Ingredients, Intermediates, with Documentation and Certification, DMF, FDA, US Drug Master File. We offer according to the requirements \/ amount of RND for development or advertising, Buy high quality sources with supporting technical packages. China wholesaler of etizolam. Etizolam supplier. <a href=\"https:\/\/stonersmeds.com\/pl\/znacznik-produktu\/buy-etizolam-powder-uk\/\">Buy Etizolam Powder<\/a>. etizolam powder supplier. wholesale etizolam powder.<\/p>\n<p>Jako aktywne sk\u0142adniki farmaceutyczne dla przemys\u0142u farmaceutycznego, nasze produkty s\u0105 wytwarzane w zak\u0142adach zgodnych z cGMP. Zach\u0119camy do kontaktu z nami, aby uzyska\u0107 wi\u0119cej informacji, w tym aktualny stan DKZ produktu. Cieszymy si\u0119, \u017ce b\u0119dziemy mogli wesprze\u0107 Ci\u0119 w Twoich projektach badawczo-rozwojowych.<\/p>\n<div><\/div>\n<div><\/div>\n<pre><strong>Buy Etizolam powder online - buy powder , buy Etizolam powder , buy powder online, <a href=\"https:\/\/stonersmeds.com\/pl\/znacznik-produktu\/where-to-buy-pure-quality-al-lad-10-mg-powder-online\/\">Where to Buy Etizolam powder<\/a> , Etizolam powder for sale, Etizolam for sale, buy Etizolam online, where to Buy Etizolam powder online , Etizolam powder for sale in usa , USA, canada,uk, buy, online, suppliers, safe delivery, You can still get Etizolam powder , Is Etizolam powder legal in usa, buy Etizolam powder online usa, how to order Etizolam powder , Is Etizolam powder legal in Canada<\/strong><\/pre>","protected":false},"excerpt":{"rendered":"<p>Buy Etizolam powder online.\u00a0Real Etizolam powder online \u2013 Etizolam powder for sale | Buy Etizolam powder online | Buy Etizolam powder powder for sale| Buy cheap Etizolam powder powder | Where to buy Etizolam powder powder online<\/p>\n<pre><\/pre>","protected":false},"featured_media":10397,"comment_status":"open","ping_status":"closed","template":"","meta":{"_bst_post_transparent":"","_bst_post_title":"","_bst_post_layout":"","_bst_post_sidebar_id":"","_bst_post_content_style":"","_bst_post_vertical_padding":"","_bst_post_feature":"","_bst_post_feature_position":"","_bst_post_header":false,"_bst_post_footer":false},"product_brand":[],"product_cat":[79],"product_tag":[822,817,820,827,815,826,824,825,816,818,821,819,823],"product_brands":[],"class_list":{"0":"post-10384","1":"product","2":"type-product","3":"status-publish","4":"has-post-thumbnail","6":"product_cat-research-chemicals-and-bath-salt","7":"product_tag-best-etizolam-vendor-reddit","8":"product_tag-best-etizolam-vendors","9":"product_tag-domestic-etizolam-vendor","10":"product_tag-etizolam-1mg","11":"product_tag-etizolam-pellets-usa-vendor","12":"product_tag-etizolam-powder-usa","13":"product_tag-etizolam-usa-overnight","14":"product_tag-etizolam-usa-supplier","15":"product_tag-etizolam-usa-vendor","16":"product_tag-etizolam-usa-vendor-credit-card","17":"product_tag-etizolam-usa-vendor-reddit","18":"product_tag-legit-etizolam-vendors","19":"product_tag-reliable-etizolam-vendor-usa","21":"first","22":"instock","23":"shipping-taxable","24":"purchasable","25":"product-type-variable","26":"entry","27":"content-bg","28":"loop-entry"},"tiered_pricing_type":"fixed","tiered_pricing_fixed_rules":[],"tiered_pricing_percentage_rules":[],"tiered_pricing_minimum":1,"_administrator_tiered_pricing_type":"fixed","_administrator_tiered_pricing_fixed_rules":[],"_editor_tiered_pricing_type":"fixed","_editor_tiered_pricing_fixed_rules":[],"_author_tiered_pricing_type":"fixed","_author_tiered_pricing_fixed_rules":[],"_contributor_tiered_pricing_type":"fixed","_contributor_tiered_pricing_fixed_rules":[],"_subscriber_tiered_pricing_type":"fixed","_subscriber_tiered_pricing_fixed_rules":[],"_customer_tiered_pricing_type":"fixed","_customer_tiered_pricing_fixed_rules":[],"_shop_manager_tiered_pricing_type":"fixed","_shop_manager_tiered_pricing_fixed_rules":[],"_wpseo_manager_tiered_pricing_type":"fixed","_wpseo_manager_tiered_pricing_fixed_rules":[],"_wpseo_editor_tiered_pricing_type":"fixed","_wpseo_editor_tiered_pricing_fixed_rules":[],"yoast_head":"<!-- This site is optimized with the Yoast SEO plugin v27.2 - https:\/\/yoast.com\/product\/yoast-seo-wordpress\/ -->\n<title>Buy Etizolam powder online - Cheap price, top quality<\/title>\n<meta name=\"description\" content=\"Buy Etizolam powder Online at an affordable price at stonersmeds. All products are lab qualified and have premium quality.\" \/>\n<meta name=\"robots\" content=\"index, follow, max-snippet:-1, max-image-preview:large, max-video-preview:-1\" \/>\n<link rel=\"canonical\" href=\"https:\/\/stonersmeds.com\/pl\/shop\/buy-etizolam-powder-online\/\" \/>\n<meta property=\"og:locale\" content=\"pl_PL\" \/>\n<meta property=\"og:type\" content=\"article\" \/>\n<meta property=\"og:title\" content=\"Buy Etizolam powder online - Cheap price, top quality\" \/>\n<meta property=\"og:description\" content=\"Buy Etizolam powder Online at an affordable price at stonersmeds. All products are lab qualified and have premium quality.\" \/>\n<meta property=\"og:url\" content=\"https:\/\/stonersmeds.com\/pl\/shop\/buy-etizolam-powder-online\/\" \/>\n<meta property=\"og:site_name\" content=\"stonersmeds.com\" \/>\n<meta property=\"article:modified_time\" content=\"2026-02-25T07:20:09+00:00\" \/>\n<meta property=\"og:image\" content=\"https:\/\/stonersmeds.com\/wp-content\/uploads\/2022\/03\/buy-etizolam-powder-online-1.jpg\" \/>\n\t<meta property=\"og:image:width\" content=\"600\" \/>\n\t<meta property=\"og:image:height\" content=\"600\" \/>\n\t<meta property=\"og:image:type\" content=\"image\/jpeg\" \/>\n<meta name=\"twitter:card\" content=\"summary_large_image\" \/>\n<meta name=\"twitter:label1\" content=\"Dost\u0119pno\u015b\u0107\" \/>\n\t<meta name=\"twitter:data1\" content=\"Dost\u0119pny\" \/>\n<script type=\"application\/ld+json\" class=\"yoast-schema-graph\">{\"@context\":\"https:\/\/schema.org\",\"@graph\":[{\"@type\":\"WebPage\",\"@id\":\"https:\/\/stonersmeds.com\/shop\/buy-etizolam-powder-online\/\",\"url\":\"https:\/\/stonersmeds.com\/shop\/buy-etizolam-powder-online\/\",\"name\":\"Buy Etizolam powder online - Cheap price, top quality\",\"isPartOf\":{\"@id\":\"https:\/\/stonersmeds.com\/#website\"},\"primaryImageOfPage\":{\"@id\":\"https:\/\/stonersmeds.com\/shop\/buy-etizolam-powder-online\/#primaryimage\"},\"image\":{\"@id\":\"https:\/\/stonersmeds.com\/shop\/buy-etizolam-powder-online\/#primaryimage\"},\"thumbnailUrl\":\"https:\/\/stonersmeds.com\/wp-content\/uploads\/2022\/03\/buy-etizolam-powder-online-1.jpg\",\"datePublished\":\"2022-03-12T07:17:16+00:00\",\"dateModified\":\"2026-02-25T07:20:09+00:00\",\"description\":\"Buy Etizolam powder Online at an affordable price at stonersmeds. All products are lab qualified and have premium quality.\",\"breadcrumb\":{\"@id\":\"https:\/\/stonersmeds.com\/shop\/buy-etizolam-powder-online\/#breadcrumb\"},\"inLanguage\":\"pl-PL\",\"potentialAction\":[{\"@type\":\"ReadAction\",\"target\":[\"https:\/\/stonersmeds.com\/shop\/buy-etizolam-powder-online\/\"]}]},{\"@type\":\"ImageObject\",\"inLanguage\":\"pl-PL\",\"@id\":\"https:\/\/stonersmeds.com\/shop\/buy-etizolam-powder-online\/#primaryimage\",\"url\":\"https:\/\/stonersmeds.com\/wp-content\/uploads\/2022\/03\/buy-etizolam-powder-online-1.jpg\",\"contentUrl\":\"https:\/\/stonersmeds.com\/wp-content\/uploads\/2022\/03\/buy-etizolam-powder-online-1.jpg\",\"width\":600,\"height\":600},{\"@type\":\"BreadcrumbList\",\"@id\":\"https:\/\/stonersmeds.com\/shop\/buy-etizolam-powder-online\/#breadcrumb\",\"itemListElement\":[{\"@type\":\"ListItem\",\"position\":1,\"name\":\"Home\",\"item\":\"https:\/\/stonersmeds.com\/\"},{\"@type\":\"ListItem\",\"position\":2,\"name\":\"Shop\",\"item\":\"https:\/\/stonersmeds.com\/shop\/\"},{\"@type\":\"ListItem\",\"position\":3,\"name\":\"Buy Etizolam powder online\"}]},{\"@type\":\"WebSite\",\"@id\":\"https:\/\/stonersmeds.com\/#website\",\"url\":\"https:\/\/stonersmeds.com\/\",\"name\":\"stonersmeds.com\",\"description\":\"verschreibungspflichtige Medizin kaufen\",\"publisher\":{\"@id\":\"https:\/\/stonersmeds.com\/#organization\"},\"alternateName\":\"Research chemical shop\",\"potentialAction\":[{\"@type\":\"SearchAction\",\"target\":{\"@type\":\"EntryPoint\",\"urlTemplate\":\"https:\/\/stonersmeds.com\/?s={search_term_string}\"},\"query-input\":{\"@type\":\"PropertyValueSpecification\",\"valueRequired\":true,\"valueName\":\"search_term_string\"}}],\"inLanguage\":\"pl-PL\"},{\"@type\":\"Organization\",\"@id\":\"https:\/\/stonersmeds.com\/#organization\",\"name\":\"Stonersmeds Shop\",\"url\":\"https:\/\/stonersmeds.com\/\",\"logo\":{\"@type\":\"ImageObject\",\"inLanguage\":\"pl-PL\",\"@id\":\"https:\/\/stonersmeds.com\/#\/schema\/logo\/image\/\",\"url\":\"https:\/\/stonersmeds.com\/wp-content\/uploads\/2026\/02\/high-purity-DMT-powder.jpg\",\"contentUrl\":\"https:\/\/stonersmeds.com\/wp-content\/uploads\/2026\/02\/high-purity-DMT-powder.jpg\",\"width\":500,\"height\":500,\"caption\":\"Stonersmeds Shop\"},\"image\":{\"@id\":\"https:\/\/stonersmeds.com\/#\/schema\/logo\/image\/\"}}]}<\/script>\n<meta property=\"og:availability\" content=\"instock\" \/>\n<meta property=\"product:availability\" content=\"instock\" \/>\n<meta property=\"product:condition\" content=\"new\" \/>\n<!-- \/ Yoast SEO plugin. -->","yoast_head_json":{"title":"Kup proszek Etizolam online - Tania cena, najwy\u017csza jako\u015b\u0107","description":"Kup proszek Etizolam Online w przyst\u0119pnej cenie w stonersmeds. Wszystkie produkty posiadaj\u0105 kwalifikacje laboratoryjne i maj\u0105 najwy\u017csz\u0105 jako\u015b\u0107.","robots":{"index":"index","follow":"follow","max-snippet":"max-snippet:-1","max-image-preview":"max-image-preview:large","max-video-preview":"max-video-preview:-1"},"canonical":"https:\/\/stonersmeds.com\/pl\/shop\/buy-etizolam-powder-online\/","og_locale":"pl_PL","og_type":"article","og_title":"Buy Etizolam powder online - Cheap price, top quality","og_description":"Buy Etizolam powder Online at an affordable price at stonersmeds. All products are lab qualified and have premium quality.","og_url":"https:\/\/stonersmeds.com\/pl\/shop\/buy-etizolam-powder-online\/","og_site_name":"stonersmeds.com","article_modified_time":"2026-02-25T07:20:09+00:00","og_image":[{"width":600,"height":600,"url":"https:\/\/stonersmeds.com\/wp-content\/uploads\/2022\/03\/buy-etizolam-powder-online-1.jpg","type":"image\/jpeg"}],"twitter_card":"summary_large_image","twitter_misc":{"Dost\u0119pno\u015b\u0107":"Dost\u0119pny"},"schema":{"@context":"https:\/\/schema.org","@graph":[{"@type":"WebPage","@id":"https:\/\/stonersmeds.com\/shop\/buy-etizolam-powder-online\/","url":"https:\/\/stonersmeds.com\/shop\/buy-etizolam-powder-online\/","name":"Kup proszek Etizolam online - Tania cena, najwy\u017csza jako\u015b\u0107","isPartOf":{"@id":"https:\/\/stonersmeds.com\/#website"},"primaryImageOfPage":{"@id":"https:\/\/stonersmeds.com\/shop\/buy-etizolam-powder-online\/#primaryimage"},"image":{"@id":"https:\/\/stonersmeds.com\/shop\/buy-etizolam-powder-online\/#primaryimage"},"thumbnailUrl":"https:\/\/stonersmeds.com\/wp-content\/uploads\/2022\/03\/buy-etizolam-powder-online-1.jpg","datePublished":"2022-03-12T07:17:16+00:00","dateModified":"2026-02-25T07:20:09+00:00","description":"Kup proszek Etizolam Online w przyst\u0119pnej cenie w stonersmeds. Wszystkie produkty posiadaj\u0105 kwalifikacje laboratoryjne i maj\u0105 najwy\u017csz\u0105 jako\u015b\u0107.","breadcrumb":{"@id":"https:\/\/stonersmeds.com\/shop\/buy-etizolam-powder-online\/#breadcrumb"},"inLanguage":"pl-PL","potentialAction":[{"@type":"ReadAction","target":["https:\/\/stonersmeds.com\/shop\/buy-etizolam-powder-online\/"]}]},{"@type":"ImageObject","inLanguage":"pl-PL","@id":"https:\/\/stonersmeds.com\/shop\/buy-etizolam-powder-online\/#primaryimage","url":"https:\/\/stonersmeds.com\/wp-content\/uploads\/2022\/03\/buy-etizolam-powder-online-1.jpg","contentUrl":"https:\/\/stonersmeds.com\/wp-content\/uploads\/2022\/03\/buy-etizolam-powder-online-1.jpg","width":600,"height":600},{"@type":"BreadcrumbList","@id":"https:\/\/stonersmeds.com\/shop\/buy-etizolam-powder-online\/#breadcrumb","itemListElement":[{"@type":"ListItem","position":1,"name":"Home","item":"https:\/\/stonersmeds.com\/"},{"@type":"ListItem","position":2,"name":"Shop","item":"https:\/\/stonersmeds.com\/shop\/"},{"@type":"ListItem","position":3,"name":"Buy Etizolam powder online"}]},{"@type":"WebSite","@id":"https:\/\/stonersmeds.com\/#website","url":"https:\/\/stonersmeds.com\/","name":"stonersmeds.com","description":"verschreibungspflichtige Medizin kaufen","publisher":{"@id":"https:\/\/stonersmeds.com\/#organization"},"alternateName":"Research chemical shop","potentialAction":[{"@type":"SearchAction","target":{"@type":"EntryPoint","urlTemplate":"https:\/\/stonersmeds.com\/?s={search_term_string}"},"query-input":{"@type":"PropertyValueSpecification","valueRequired":true,"valueName":"search_term_string"}}],"inLanguage":"pl-PL"},{"@type":"Organization","@id":"https:\/\/stonersmeds.com\/#organization","name":"Stonersmeds Shop","url":"https:\/\/stonersmeds.com\/","logo":{"@type":"ImageObject","inLanguage":"pl-PL","@id":"https:\/\/stonersmeds.com\/#\/schema\/logo\/image\/","url":"https:\/\/stonersmeds.com\/wp-content\/uploads\/2026\/02\/high-purity-DMT-powder.jpg","contentUrl":"https:\/\/stonersmeds.com\/wp-content\/uploads\/2026\/02\/high-purity-DMT-powder.jpg","width":500,"height":500,"caption":"Stonersmeds Shop"},"image":{"@id":"https:\/\/stonersmeds.com\/#\/schema\/logo\/image\/"}}]},"og_availability":"instock","product_availability":"instock","product_condition":"new"},"_links":{"self":[{"href":"https:\/\/stonersmeds.com\/pl\/wp-json\/wp\/v2\/product\/10384","targetHints":{"allow":["GET"]}}],"collection":[{"href":"https:\/\/stonersmeds.com\/pl\/wp-json\/wp\/v2\/product"}],"about":[{"href":"https:\/\/stonersmeds.com\/pl\/wp-json\/wp\/v2\/types\/product"}],"replies":[{"embeddable":true,"href":"https:\/\/stonersmeds.com\/pl\/wp-json\/wp\/v2\/comments?post=10384"}],"version-history":[{"count":0,"href":"https:\/\/stonersmeds.com\/pl\/wp-json\/wp\/v2\/product\/10384\/revisions"}],"wp:featuredmedia":[{"embeddable":true,"href":"https:\/\/stonersmeds.com\/pl\/wp-json\/wp\/v2\/media\/10397"}],"wp:attachment":[{"href":"https:\/\/stonersmeds.com\/pl\/wp-json\/wp\/v2\/media?parent=10384"}],"wp:term":[{"taxonomy":"product_brand","embeddable":true,"href":"https:\/\/stonersmeds.com\/pl\/wp-json\/wp\/v2\/product_brand?post=10384"},{"taxonomy":"product_cat","embeddable":true,"href":"https:\/\/stonersmeds.com\/pl\/wp-json\/wp\/v2\/product_cat?post=10384"},{"taxonomy":"product_tag","embeddable":true,"href":"https:\/\/stonersmeds.com\/pl\/wp-json\/wp\/v2\/product_tag?post=10384"},{"taxonomy":"product_brands","embeddable":true,"href":"https:\/\/stonersmeds.com\/pl\/wp-json\/wp\/v2\/product_brands?post=10384"}],"curies":[{"name":"wp","href":"https:\/\/api.w.org\/{rel}","templated":true}]}}