{"id":10675,"date":"2022-03-12T09:14:39","date_gmt":"2022-03-12T09:14:39","guid":{"rendered":"https:\/\/stonersmeds.com\/?post_type=product&#038;p=10675"},"modified":"2026-03-02T17:00:44","modified_gmt":"2026-03-02T15:00:44","slug":"buy-pump-it-bath-salt-online","status":"publish","type":"product","link":"https:\/\/stonersmeds.com\/pl\/shop\/buy-pump-it-bath-salt-online\/","title":{"rendered":"Kup s\u00f3l do k\u0105pieli Pump It Online"},"content":{"rendered":"<p><strong>Kup s\u00f3l do k\u0105pieli Pump It Online<\/strong><\/p>\n<p>Co to jest puder Pump-It?<br \/>\nProszek Pump-It to syntetyczny narkotyk sprzedawany w celu zast\u0105pienia nielegalnego <a href=\"https:\/\/www.dea.gov\/factsheets\/bath-salts\">sole do k\u0105pieli<\/a>. Sprzedawane na stacjach benzynowych i g\u0142\u00f3wnych sklepach, Pump-It proszek jest oznaczony jako \"nie-ludzki\" i sprzedawany jako wzmocniona witamina ro\u015blinna. Lek dostaje swoj\u0105 nazw\u0119 od efektu stymuluj\u0105cego , kt\u00f3ry zapewnia konsumentowi .<\/p>\n<p>Pump-it proszki zazwyczaj w ma\u0142ych plastikowych pojemnikach, a ludzie, kt\u00f3rzy nadu\u017cywaj\u0105 ich b\u0119dzie w\u0105cha\u0107, wstrzykiwa\u0107 lub ssa\u0107 na nich. Konsumenci zg\u0142aszaj\u0105 efekty takie jak <a href=\"https:\/\/stonersmeds.com\/pl\/shop\/buy-white-girl-bath-salt-online\/\">sole do k\u0105pieli<\/a>, kokaina i metamfetamina<\/p>\n<p>&nbsp;<\/p>\n<p>&nbsp;<\/p>\n<pre><strong>Kupi\u0107 Pump It Bath Salt Online - kupi\u0107 Pump It Bath Salt , <a href=\"https:\/\/stonersmeds.com\/pl\/znacznik-produktu\/where-to-buy-pump-it-bath-salt-online\/\">kup s\u00f3l do k\u0105pieli Pump It<\/a> usa, kupi\u0107 Pump It Bath Salt online USA, Gdzie kupi\u0107 Pump It Bath Salt, Nie Pump It Bath Salt na sprzeda\u017c, Pump It Bath Salt na sprzeda\u017c w pobli\u017cu mnie, kupi\u0107 Pump It Bath Salt online w pobli\u017cu mnie, gdzie kupi\u0107 Pump It Bath Salt online, Pump It Bath Salt na sprzeda\u017c w usa, USA, canada, uk, kupi\u0107, online, dostawc\u00f3w, bezpiecznej dostawy, Mo\u017cna jeszcze dosta\u0107 Pump It Bath Salt, Czy Pump It Bath Salt legalne w usa, <a href=\"https:\/\/stonersmeds.com\/pl\/znacznik-produktu\/where-to-buy-tranquility-bath-salt-online\/\">kupi\u0107 s\u00f3l do k\u0105pieli Pump It online usa<\/a>, jak zam\u00f3wi\u0107 Pump It Bath Salt , czy Pump It Bath Salt jest legalny w Kanadzie<\/strong><\/pre>","protected":false},"excerpt":{"rendered":"<p><strong>Cena produktu jest jak za 10 gram\u00f3w<\/strong><\/p>\n<p>Kup Pump It Up Bath Salts online. Poniewa\u017c substancje chemiczne stosowane w syntetycznych narkotykach zosta\u0142y odkryte przez w\u0142adze i zidentyfikowane jako substancje kontrolowane, chemicy znale\u017ali sposoby na obej\u015bcie ogranicze\u0144 prawnych, opracowuj\u0105c nowe zwi\u0105zki dla syntetycznych narkotyk\u00f3w lub \"projektant\u00f3w\".<\/p>\n<p>Pump-It Powder to jeden z najnowszych syntetycznych i modyfikowanych legalnych lek\u00f3w, kt\u00f3ry zyska\u0142 popularno\u015b\u0107. Jest uwa\u017cany za substytut wa\u017cki, przypraw (K2), p\u0142ynu do mycia szyb i soli do k\u0105pieli.1<\/p>\n<pre><strong>Kup s\u00f3l do k\u0105pieli Pump It Online - kup s\u00f3l do k\u0105pieli Pump It, kup s\u00f3l do k\u0105pieli Pump It w USA, kup s\u00f3l do k\u0105pieli Pump It online USA, gdzie kupi\u0107 s\u00f3l do k\u0105pieli Pump It, brak soli do k\u0105pieli Pump It na sprzeda\u017c, s\u00f3l do k\u0105pieli Pump It na sprzeda\u017c blisko mnie , kup s\u00f3l do k\u0105pieli Pump It online w pobli\u017cu mnie , gdzie kupi\u0107 s\u00f3l do k\u0105pieli Pump It online , s\u00f3l do k\u0105pieli Pump It na sprzeda\u017c w usa , USA, kanada, wielka brytania, kup online, dostawcy, bezpieczna dostawa, nadal mo\u017cesz dosta\u0107 Pump It Bath Salt , Is Pump It Bath Salt legal in Poland, kup Pump It Bath Salt online w Polsce, jak zam\u00f3wi\u0107 Pump It Bath Salt , Is Pump It Bath Salt legal in Poland<\/strong><\/pre>","protected":false},"featured_media":10693,"comment_status":"open","ping_status":"closed","template":"","meta":{"_bst_post_transparent":"","_bst_post_title":"","_bst_post_layout":"","_bst_post_sidebar_id":"","_bst_post_content_style":"","_bst_post_vertical_padding":"","_bst_post_feature":"","_bst_post_feature_position":"","_bst_post_header":false,"_bst_post_footer":false},"product_brand":[],"product_cat":[79],"product_tag":[305,303,310,316,312,311,304,309,314,307,318,315,302,306,308,313,317],"product_brands":[],"class_list":{"0":"post-10675","1":"product","2":"type-product","3":"status-publish","4":"has-post-thumbnail","6":"product_cat-research-chemicals-and-bath-salt","7":"product_tag-amped-bath-salts","8":"product_tag-bath-salts-online-head-shop","9":"product_tag-buy-pump-it-bath-salt","10":"product_tag-buy-pump-it-bath-salt-online-near-me","11":"product_tag-buy-pump-it-bath-salt-online-usa","12":"product_tag-buy-pump-it-bath-salt-usa","13":"product_tag-cloud-9-bath-salt-for-sale","14":"product_tag-cloud-9-salts","15":"product_tag-no-pump-it-bath-salt-for-sale","16":"product_tag-novelty-powder","17":"product_tag-pump-it-bath-salt-for-sale-in-usa","18":"product_tag-pump-it-bath-salt-for-sale-near-me","19":"product_tag-pump-it-powder-near-me","20":"product_tag-synthetic-powder","21":"product_tag-synthetic-speed","22":"product_tag-where-to-buy-pump-it-bath-salt","23":"product_tag-where-to-buy-pump-it-bath-salt-online","25":"first","26":"instock","27":"shipping-taxable","28":"purchasable","29":"product-type-variable","30":"entry","31":"content-bg","32":"loop-entry"},"tiered_pricing_type":"fixed","tiered_pricing_fixed_rules":[],"tiered_pricing_percentage_rules":[],"tiered_pricing_minimum":1,"_administrator_tiered_pricing_type":"fixed","_administrator_tiered_pricing_fixed_rules":[],"_editor_tiered_pricing_type":"fixed","_editor_tiered_pricing_fixed_rules":[],"_author_tiered_pricing_type":"fixed","_author_tiered_pricing_fixed_rules":[],"_contributor_tiered_pricing_type":"fixed","_contributor_tiered_pricing_fixed_rules":[],"_subscriber_tiered_pricing_type":"fixed","_subscriber_tiered_pricing_fixed_rules":[],"_customer_tiered_pricing_type":"fixed","_customer_tiered_pricing_fixed_rules":[],"_shop_manager_tiered_pricing_type":"fixed","_shop_manager_tiered_pricing_fixed_rules":[],"_wpseo_manager_tiered_pricing_type":"fixed","_wpseo_manager_tiered_pricing_fixed_rules":[],"_wpseo_editor_tiered_pricing_type":"fixed","_wpseo_editor_tiered_pricing_fixed_rules":[],"yoast_head":"<!-- This site is optimized with the Yoast SEO plugin v27.2 - https:\/\/yoast.com\/product\/yoast-seo-wordpress\/ -->\n<title>Buy Pump It Bath Salt Online - Cheap price, Grade A++<\/title>\n<meta name=\"description\" content=\"Buy Pump It Bath Salt Online at an affordable price at stonersmeds. All products are lab qualified and have premium quality.\" \/>\n<meta name=\"robots\" content=\"index, follow, max-snippet:-1, max-image-preview:large, max-video-preview:-1\" \/>\n<link rel=\"canonical\" href=\"https:\/\/stonersmeds.com\/pl\/shop\/buy-pump-it-bath-salt-online\/\" \/>\n<meta property=\"og:locale\" content=\"pl_PL\" \/>\n<meta property=\"og:type\" content=\"article\" \/>\n<meta property=\"og:title\" content=\"Buy Pump It Bath Salt Online - Cheap price, Grade A++\" \/>\n<meta property=\"og:description\" content=\"Buy Pump It Bath Salt Online at an affordable price at stonersmeds. All products are lab qualified and have premium quality.\" \/>\n<meta property=\"og:url\" content=\"https:\/\/stonersmeds.com\/pl\/shop\/buy-pump-it-bath-salt-online\/\" \/>\n<meta property=\"og:site_name\" content=\"stonersmeds.com\" \/>\n<meta property=\"article:modified_time\" content=\"2026-03-02T15:00:44+00:00\" \/>\n<meta property=\"og:image\" content=\"https:\/\/stonersmeds.com\/wp-content\/uploads\/2022\/03\/buy-pump-it-bath-salt-online.jpg\" \/>\n\t<meta property=\"og:image:width\" content=\"600\" \/>\n\t<meta property=\"og:image:height\" content=\"600\" \/>\n\t<meta property=\"og:image:type\" content=\"image\/jpeg\" \/>\n<meta name=\"twitter:card\" content=\"summary_large_image\" \/>\n<meta name=\"twitter:label1\" content=\"Dost\u0119pno\u015b\u0107\" \/>\n\t<meta name=\"twitter:data1\" content=\"Dost\u0119pny\" \/>\n<script type=\"application\/ld+json\" class=\"yoast-schema-graph\">{\"@context\":\"https:\/\/schema.org\",\"@graph\":[{\"@type\":\"WebPage\",\"@id\":\"https:\/\/stonersmeds.com\/de\/shop\/buy-pump-it-bath-salt-online\/\",\"url\":\"https:\/\/stonersmeds.com\/de\/shop\/buy-pump-it-bath-salt-online\/\",\"name\":\"Buy Pump It Bath Salt Online - Cheap price, Grade A++\",\"isPartOf\":{\"@id\":\"https:\/\/stonersmeds.com\/#website\"},\"primaryImageOfPage\":{\"@id\":\"https:\/\/stonersmeds.com\/de\/shop\/buy-pump-it-bath-salt-online\/#primaryimage\"},\"image\":{\"@id\":\"https:\/\/stonersmeds.com\/de\/shop\/buy-pump-it-bath-salt-online\/#primaryimage\"},\"thumbnailUrl\":\"https:\/\/stonersmeds.com\/wp-content\/uploads\/2022\/03\/buy-pump-it-bath-salt-online.jpg\",\"datePublished\":\"2022-03-12T09:14:39+00:00\",\"dateModified\":\"2026-03-02T15:00:44+00:00\",\"description\":\"Buy Pump It Bath Salt Online at an affordable price at stonersmeds. All products are lab qualified and have premium quality.\",\"breadcrumb\":{\"@id\":\"https:\/\/stonersmeds.com\/de\/shop\/buy-pump-it-bath-salt-online\/#breadcrumb\"},\"inLanguage\":\"pl-PL\",\"potentialAction\":[{\"@type\":\"ReadAction\",\"target\":[\"https:\/\/stonersmeds.com\/de\/shop\/buy-pump-it-bath-salt-online\/\"]}]},{\"@type\":\"ImageObject\",\"inLanguage\":\"pl-PL\",\"@id\":\"https:\/\/stonersmeds.com\/de\/shop\/buy-pump-it-bath-salt-online\/#primaryimage\",\"url\":\"https:\/\/stonersmeds.com\/wp-content\/uploads\/2022\/03\/buy-pump-it-bath-salt-online.jpg\",\"contentUrl\":\"https:\/\/stonersmeds.com\/wp-content\/uploads\/2022\/03\/buy-pump-it-bath-salt-online.jpg\",\"width\":600,\"height\":600},{\"@type\":\"BreadcrumbList\",\"@id\":\"https:\/\/stonersmeds.com\/de\/shop\/buy-pump-it-bath-salt-online\/#breadcrumb\",\"itemListElement\":[{\"@type\":\"ListItem\",\"position\":1,\"name\":\"Home\",\"item\":\"https:\/\/stonersmeds.com\/\"},{\"@type\":\"ListItem\",\"position\":2,\"name\":\"Shop\",\"item\":\"https:\/\/stonersmeds.com\/shop\/\"},{\"@type\":\"ListItem\",\"position\":3,\"name\":\"Buy Pump It Bath Salt Online\"}]},{\"@type\":\"WebSite\",\"@id\":\"https:\/\/stonersmeds.com\/#website\",\"url\":\"https:\/\/stonersmeds.com\/\",\"name\":\"stonersmeds.com\",\"description\":\"verschreibungspflichtige Medizin kaufen\",\"publisher\":{\"@id\":\"https:\/\/stonersmeds.com\/#organization\"},\"alternateName\":\"Research chemical shop\",\"potentialAction\":[{\"@type\":\"SearchAction\",\"target\":{\"@type\":\"EntryPoint\",\"urlTemplate\":\"https:\/\/stonersmeds.com\/?s={search_term_string}\"},\"query-input\":{\"@type\":\"PropertyValueSpecification\",\"valueRequired\":true,\"valueName\":\"search_term_string\"}}],\"inLanguage\":\"pl-PL\"},{\"@type\":\"Organization\",\"@id\":\"https:\/\/stonersmeds.com\/#organization\",\"name\":\"Stonersmeds Shop\",\"url\":\"https:\/\/stonersmeds.com\/\",\"logo\":{\"@type\":\"ImageObject\",\"inLanguage\":\"pl-PL\",\"@id\":\"https:\/\/stonersmeds.com\/#\/schema\/logo\/image\/\",\"url\":\"https:\/\/stonersmeds.com\/wp-content\/uploads\/2026\/02\/high-purity-DMT-powder.jpg\",\"contentUrl\":\"https:\/\/stonersmeds.com\/wp-content\/uploads\/2026\/02\/high-purity-DMT-powder.jpg\",\"width\":500,\"height\":500,\"caption\":\"Stonersmeds Shop\"},\"image\":{\"@id\":\"https:\/\/stonersmeds.com\/#\/schema\/logo\/image\/\"}}]}<\/script>\n<meta property=\"og:availability\" content=\"instock\" \/>\n<meta property=\"product:availability\" content=\"instock\" \/>\n<meta property=\"product:condition\" content=\"new\" \/>\n<!-- \/ Yoast SEO plugin. -->","yoast_head_json":{"title":"Kup online s\u00f3l do k\u0105pieli Pump It - niska cena, klasa A++","description":"Kup s\u00f3l do k\u0105pieli Pump It Online w przyst\u0119pnej cenie w stonersmeds. Wszystkie produkty posiadaj\u0105 kwalifikacje laboratoryjne i maj\u0105 najwy\u017csz\u0105 jako\u015b\u0107.","robots":{"index":"index","follow":"follow","max-snippet":"max-snippet:-1","max-image-preview":"max-image-preview:large","max-video-preview":"max-video-preview:-1"},"canonical":"https:\/\/stonersmeds.com\/pl\/shop\/buy-pump-it-bath-salt-online\/","og_locale":"pl_PL","og_type":"article","og_title":"Buy Pump It Bath Salt Online - Cheap price, Grade A++","og_description":"Buy Pump It Bath Salt Online at an affordable price at stonersmeds. All products are lab qualified and have premium quality.","og_url":"https:\/\/stonersmeds.com\/pl\/shop\/buy-pump-it-bath-salt-online\/","og_site_name":"stonersmeds.com","article_modified_time":"2026-03-02T15:00:44+00:00","og_image":[{"width":600,"height":600,"url":"https:\/\/stonersmeds.com\/wp-content\/uploads\/2022\/03\/buy-pump-it-bath-salt-online.jpg","type":"image\/jpeg"}],"twitter_card":"summary_large_image","twitter_misc":{"Dost\u0119pno\u015b\u0107":"Dost\u0119pny"},"schema":{"@context":"https:\/\/schema.org","@graph":[{"@type":"WebPage","@id":"https:\/\/stonersmeds.com\/de\/shop\/buy-pump-it-bath-salt-online\/","url":"https:\/\/stonersmeds.com\/de\/shop\/buy-pump-it-bath-salt-online\/","name":"Kup online s\u00f3l do k\u0105pieli Pump It - niska cena, klasa A++","isPartOf":{"@id":"https:\/\/stonersmeds.com\/#website"},"primaryImageOfPage":{"@id":"https:\/\/stonersmeds.com\/de\/shop\/buy-pump-it-bath-salt-online\/#primaryimage"},"image":{"@id":"https:\/\/stonersmeds.com\/de\/shop\/buy-pump-it-bath-salt-online\/#primaryimage"},"thumbnailUrl":"https:\/\/stonersmeds.com\/wp-content\/uploads\/2022\/03\/buy-pump-it-bath-salt-online.jpg","datePublished":"2022-03-12T09:14:39+00:00","dateModified":"2026-03-02T15:00:44+00:00","description":"Kup s\u00f3l do k\u0105pieli Pump It Online w przyst\u0119pnej cenie w stonersmeds. Wszystkie produkty posiadaj\u0105 kwalifikacje laboratoryjne i maj\u0105 najwy\u017csz\u0105 jako\u015b\u0107.","breadcrumb":{"@id":"https:\/\/stonersmeds.com\/de\/shop\/buy-pump-it-bath-salt-online\/#breadcrumb"},"inLanguage":"pl-PL","potentialAction":[{"@type":"ReadAction","target":["https:\/\/stonersmeds.com\/de\/shop\/buy-pump-it-bath-salt-online\/"]}]},{"@type":"ImageObject","inLanguage":"pl-PL","@id":"https:\/\/stonersmeds.com\/de\/shop\/buy-pump-it-bath-salt-online\/#primaryimage","url":"https:\/\/stonersmeds.com\/wp-content\/uploads\/2022\/03\/buy-pump-it-bath-salt-online.jpg","contentUrl":"https:\/\/stonersmeds.com\/wp-content\/uploads\/2022\/03\/buy-pump-it-bath-salt-online.jpg","width":600,"height":600},{"@type":"BreadcrumbList","@id":"https:\/\/stonersmeds.com\/de\/shop\/buy-pump-it-bath-salt-online\/#breadcrumb","itemListElement":[{"@type":"ListItem","position":1,"name":"Home","item":"https:\/\/stonersmeds.com\/"},{"@type":"ListItem","position":2,"name":"Shop","item":"https:\/\/stonersmeds.com\/shop\/"},{"@type":"ListItem","position":3,"name":"Buy Pump It Bath Salt Online"}]},{"@type":"WebSite","@id":"https:\/\/stonersmeds.com\/#website","url":"https:\/\/stonersmeds.com\/","name":"stonersmeds.com","description":"verschreibungspflichtige Medizin kaufen","publisher":{"@id":"https:\/\/stonersmeds.com\/#organization"},"alternateName":"Research chemical shop","potentialAction":[{"@type":"SearchAction","target":{"@type":"EntryPoint","urlTemplate":"https:\/\/stonersmeds.com\/?s={search_term_string}"},"query-input":{"@type":"PropertyValueSpecification","valueRequired":true,"valueName":"search_term_string"}}],"inLanguage":"pl-PL"},{"@type":"Organization","@id":"https:\/\/stonersmeds.com\/#organization","name":"Stonersmeds Shop","url":"https:\/\/stonersmeds.com\/","logo":{"@type":"ImageObject","inLanguage":"pl-PL","@id":"https:\/\/stonersmeds.com\/#\/schema\/logo\/image\/","url":"https:\/\/stonersmeds.com\/wp-content\/uploads\/2026\/02\/high-purity-DMT-powder.jpg","contentUrl":"https:\/\/stonersmeds.com\/wp-content\/uploads\/2026\/02\/high-purity-DMT-powder.jpg","width":500,"height":500,"caption":"Stonersmeds Shop"},"image":{"@id":"https:\/\/stonersmeds.com\/#\/schema\/logo\/image\/"}}]},"og_availability":"instock","product_availability":"instock","product_condition":"new"},"_links":{"self":[{"href":"https:\/\/stonersmeds.com\/pl\/wp-json\/wp\/v2\/product\/10675","targetHints":{"allow":["GET"]}}],"collection":[{"href":"https:\/\/stonersmeds.com\/pl\/wp-json\/wp\/v2\/product"}],"about":[{"href":"https:\/\/stonersmeds.com\/pl\/wp-json\/wp\/v2\/types\/product"}],"replies":[{"embeddable":true,"href":"https:\/\/stonersmeds.com\/pl\/wp-json\/wp\/v2\/comments?post=10675"}],"version-history":[{"count":0,"href":"https:\/\/stonersmeds.com\/pl\/wp-json\/wp\/v2\/product\/10675\/revisions"}],"wp:featuredmedia":[{"embeddable":true,"href":"https:\/\/stonersmeds.com\/pl\/wp-json\/wp\/v2\/media\/10693"}],"wp:attachment":[{"href":"https:\/\/stonersmeds.com\/pl\/wp-json\/wp\/v2\/media?parent=10675"}],"wp:term":[{"taxonomy":"product_brand","embeddable":true,"href":"https:\/\/stonersmeds.com\/pl\/wp-json\/wp\/v2\/product_brand?post=10675"},{"taxonomy":"product_cat","embeddable":true,"href":"https:\/\/stonersmeds.com\/pl\/wp-json\/wp\/v2\/product_cat?post=10675"},{"taxonomy":"product_tag","embeddable":true,"href":"https:\/\/stonersmeds.com\/pl\/wp-json\/wp\/v2\/product_tag?post=10675"},{"taxonomy":"product_brands","embeddable":true,"href":"https:\/\/stonersmeds.com\/pl\/wp-json\/wp\/v2\/product_brands?post=10675"}],"curies":[{"name":"wp","href":"https:\/\/api.w.org\/{rel}","templated":true}]}}