{"id":10703,"date":"2022-03-12T09:22:41","date_gmt":"2022-03-12T09:22:41","guid":{"rendered":"https:\/\/stonersmeds.com\/?post_type=product&#038;p=10703"},"modified":"2026-03-02T06:40:05","modified_gmt":"2026-03-02T04:40:05","slug":"buy-pure-cheap-ephenidine-powder-online","status":"publish","type":"product","link":"https:\/\/stonersmeds.com\/pl\/shop\/buy-pure-cheap-ephenidine-powder-online\/","title":{"rendered":"Kup czyst\u0105 tani\u0105 efenidyn\u0119 w proszku online"},"content":{"rendered":"<h1>Kup czyst\u0105 tani\u0105 efenidyn\u0119 w proszku online.<\/h1>\n<p>Efenidyna, znana r\u00f3wnie\u017c jako NEDPA, jest nowszym, mniej znanym zwi\u0105zkiem dysocjacyjnym z klasy diaryloamin. Kupi\u0107 sprawdzone <a href=\"https:\/\/www.researchgate.net\/publication\/326067810_Ephenidine_diphenidine_and_methoxphenidine_complications_reported_to_the_French_Addictovigilance_Network\">efenidyna<\/a> proszek, zam\u00f3w taniej 50 g efenydyny online.<br \/>\nEfenidyna jest antagonist\u0105 receptora NMDA, kt\u00f3ry jest strukturalnie spokrewniony z diaryletyloamin\u0105, tak\u0105 jak difenidyna i metofenidyna.<br \/>\nEfenidyn\u0119 i pokrewn\u0105 diaryloetyloamin\u0119 badano u ludzi w leczeniu uraz\u00f3w neurotoksycznych<\/p>\n<p>&nbsp;<\/p>\n<p>&nbsp;<\/p>\n<pre><strong><a href=\"https:\/\/stonersmeds.com\/pl\/znacznik-produktu\/where-to-buy-pure-cheap-ephenidine-powder-online\/\">Kup czyst\u0105 tani\u0105 efenidyn\u0119 w proszku online<\/a> - kupi\u0107 Pure Cheap Ephenidine Powder, kupi\u0107 Pure Cheap Ephenidine Powder usa, kupi\u0107 Pure Cheap Ephenidine Powder online USA, Gdzie kupi\u0107 Pure Cheap Ephenidine Powder, Pure Cheap Ephenidine Powder na sprzeda\u017c, Pure Cheap Ephenidine Powder na sprzeda\u017c w pobli\u017cu mnie, kupi\u0107 Pure Cheap Ephenidine Powder online w pobli\u017cu mnie, gdzie kupi\u0107 Pure Cheap Ephenidine Powder online , Pure Cheap Ephenidine Powder na sprzeda\u017c w usa , USA, canada,uk, kupi\u0107, online, dostawc\u00f3w, bezpieczn\u0105 dostaw\u0119, Mo\u017cna jeszcze dosta\u0107 Pure Cheap Ephenidine Powder , Czy Pure Cheap Ephenidine Powder legalne w usa, kupi\u0107 Pure Cheap Ephenidine Powder online usa, jak zam\u00f3wi\u0107 Pure Cheap Ephenidine Powder , Czy Pure Cheap Ephenidine Powder legalne w Kanadzie<\/strong><\/pre>","protected":false},"excerpt":{"rendered":"<p>Kup Czysty Tani Proszek Efenidyny Online. Efenidyna jest \u015brodkiem znieczulaj\u0105cym o dzia\u0142aniu dysocjacyjnym i dzia\u0142a jako antagonista receptora NMDA.<\/p>\n<p>Efenidyna, znana r\u00f3wnie\u017c jako NEDPA, jest nowszym, mniej znanym zwi\u0105zkiem dysocjacyjnym w klasie diaryetyloamin.<br \/>\nEfenidyna jest antagonist\u0105 receptora NMDA, kt\u00f3ry jest strukturalnie spokrewniony z diaryletyloamin\u0105, tak\u0105 jak difenidyna i metofenidyna.<\/p>\n<pre><strong>Kup czyst\u0105 tani\u0105 efenidyn\u0119 w proszku online - kup czyst\u0105 tani\u0105 efenidyn\u0119 w proszku, kup czyst\u0105 tani\u0105 efenidyn\u0119 w proszku w USA, kup czyst\u0105 tani\u0105 efenidyn\u0119 w proszku online w USA, gdzie kupi\u0107 czyst\u0105 tani\u0105 efenidyn\u0119 w proszku, czyst\u0105 tani\u0105 efenidyn\u0119 w proszku na sprzeda\u017c, czyst\u0105 tani\u0105 efenidyn\u0119 w proszku na sprzeda\u017c w pobli\u017cu ja, kup Pure Cheap Ephenidine Powder online blisko mnie, gdzie kupi\u0107 Pure Cheap Ephenidine Powder online, Pure Cheap Ephenidine Powder na sprzeda\u017c w USA, USA, Kanadzie, Wielkiej Brytanii, kup, online, dostawcy, bezpieczna dostawa, nadal mo\u017cesz dosta\u0107 Pure Cheap Efenidyna w proszku, to czysta tania efenidyna w proszku legalna w USA, kup czysta tania efenidyna w proszku online w USA, jak zam\u00f3wi\u0107 czyst\u0105 tani\u0105 efenidyn\u0119 w proszku, czy czysta tania efenidyna w proszku legalna w Kanadzie<\/strong><\/pre>","protected":false},"featured_media":10719,"comment_status":"open","ping_status":"closed","template":"","meta":{"_bst_post_transparent":"","_bst_post_title":"","_bst_post_layout":"","_bst_post_sidebar_id":"","_bst_post_content_style":"","_bst_post_vertical_padding":"","_bst_post_feature":"","_bst_post_feature_position":"","_bst_post_header":false,"_bst_post_footer":false},"product_brand":[],"product_cat":[79],"product_tag":[262,268,264,263,266,270,267,265,269],"product_brands":[],"class_list":{"0":"post-10703","1":"product","2":"type-product","3":"status-publish","4":"has-post-thumbnail","6":"product_cat-research-chemicals-and-bath-salt","7":"product_tag-buy-pure-cheap-ephenidine-powder","8":"product_tag-buy-pure-cheap-ephenidine-powder-online-near-me","9":"product_tag-buy-pure-cheap-ephenidine-powder-online-usa","10":"product_tag-buy-pure-cheap-ephenidine-powder-usa","11":"product_tag-pure-cheap-ephenidine-powder-for-sale","12":"product_tag-pure-cheap-ephenidine-powder-for-sale-in-usa","13":"product_tag-pure-cheap-ephenidine-powder-for-sale-near-me","14":"product_tag-where-to-buy-pure-cheap-ephenidine-powder","15":"product_tag-where-to-buy-pure-cheap-ephenidine-powder-online","17":"first","18":"instock","19":"shipping-taxable","20":"purchasable","21":"product-type-variable","22":"has-default-attributes","23":"entry","24":"content-bg","25":"loop-entry"},"tiered_pricing_type":"fixed","tiered_pricing_fixed_rules":[],"tiered_pricing_percentage_rules":[],"tiered_pricing_minimum":1,"_administrator_tiered_pricing_type":"fixed","_administrator_tiered_pricing_fixed_rules":[],"_editor_tiered_pricing_type":"fixed","_editor_tiered_pricing_fixed_rules":[],"_author_tiered_pricing_type":"fixed","_author_tiered_pricing_fixed_rules":[],"_contributor_tiered_pricing_type":"fixed","_contributor_tiered_pricing_fixed_rules":[],"_subscriber_tiered_pricing_type":"fixed","_subscriber_tiered_pricing_fixed_rules":[],"_customer_tiered_pricing_type":"fixed","_customer_tiered_pricing_fixed_rules":[],"_shop_manager_tiered_pricing_type":"fixed","_shop_manager_tiered_pricing_fixed_rules":[],"_wpseo_manager_tiered_pricing_type":"fixed","_wpseo_manager_tiered_pricing_fixed_rules":[],"_wpseo_editor_tiered_pricing_type":"fixed","_wpseo_editor_tiered_pricing_fixed_rules":[],"yoast_head":"<!-- This site is optimized with the Yoast SEO plugin v27.2 - https:\/\/yoast.com\/product\/yoast-seo-wordpress\/ -->\n<title>Buy Pure Cheap Ephenidine Powder Online - stonersmeds.com<\/title>\n<meta name=\"description\" content=\"Buy Pure Cheap Ephenidine Powder Online at an affordable price at stonersmeds. All products are lab qualified and have premium quality.\" \/>\n<meta name=\"robots\" content=\"index, follow, max-snippet:-1, max-image-preview:large, max-video-preview:-1\" \/>\n<link rel=\"canonical\" href=\"https:\/\/stonersmeds.com\/pl\/shop\/buy-pure-cheap-ephenidine-powder-online\/\" \/>\n<meta property=\"og:locale\" content=\"pl_PL\" \/>\n<meta property=\"og:type\" content=\"article\" \/>\n<meta property=\"og:title\" content=\"Buy Pure Cheap Ephenidine Powder Online - stonersmeds.com\" \/>\n<meta property=\"og:description\" content=\"Buy Pure Cheap Ephenidine Powder Online at an affordable price at stonersmeds. All products are lab qualified and have premium quality.\" \/>\n<meta property=\"og:url\" content=\"https:\/\/stonersmeds.com\/pl\/shop\/buy-pure-cheap-ephenidine-powder-online\/\" \/>\n<meta property=\"og:site_name\" content=\"stonersmeds.com\" \/>\n<meta property=\"article:modified_time\" content=\"2026-03-02T04:40:05+00:00\" \/>\n<meta property=\"og:image\" content=\"https:\/\/stonersmeds.com\/wp-content\/uploads\/2022\/03\/buy-pure-cheap-ephenidine-powder-online.jpg\" \/>\n\t<meta property=\"og:image:width\" content=\"600\" \/>\n\t<meta property=\"og:image:height\" content=\"600\" \/>\n\t<meta property=\"og:image:type\" content=\"image\/jpeg\" \/>\n<meta name=\"twitter:card\" content=\"summary_large_image\" \/>\n<meta name=\"twitter:label1\" content=\"Dost\u0119pno\u015b\u0107\" \/>\n\t<meta name=\"twitter:data1\" content=\"Dost\u0119pny\" \/>\n<script type=\"application\/ld+json\" class=\"yoast-schema-graph\">{\"@context\":\"https:\/\/schema.org\",\"@graph\":[{\"@type\":\"WebPage\",\"@id\":\"https:\/\/stonersmeds.com\/shop\/buy-pure-cheap-ephenidine-powder-online\/\",\"url\":\"https:\/\/stonersmeds.com\/shop\/buy-pure-cheap-ephenidine-powder-online\/\",\"name\":\"Buy Pure Cheap Ephenidine Powder Online - stonersmeds.com\",\"isPartOf\":{\"@id\":\"https:\/\/stonersmeds.com\/#website\"},\"primaryImageOfPage\":{\"@id\":\"https:\/\/stonersmeds.com\/shop\/buy-pure-cheap-ephenidine-powder-online\/#primaryimage\"},\"image\":{\"@id\":\"https:\/\/stonersmeds.com\/shop\/buy-pure-cheap-ephenidine-powder-online\/#primaryimage\"},\"thumbnailUrl\":\"https:\/\/stonersmeds.com\/wp-content\/uploads\/2022\/03\/buy-pure-cheap-ephenidine-powder-online.jpg\",\"datePublished\":\"2022-03-12T09:22:41+00:00\",\"dateModified\":\"2026-03-02T04:40:05+00:00\",\"description\":\"Buy Pure Cheap Ephenidine Powder Online at an affordable price at stonersmeds. All products are lab qualified and have premium quality.\",\"breadcrumb\":{\"@id\":\"https:\/\/stonersmeds.com\/shop\/buy-pure-cheap-ephenidine-powder-online\/#breadcrumb\"},\"inLanguage\":\"pl-PL\",\"potentialAction\":[{\"@type\":\"ReadAction\",\"target\":[\"https:\/\/stonersmeds.com\/shop\/buy-pure-cheap-ephenidine-powder-online\/\"]}]},{\"@type\":\"ImageObject\",\"inLanguage\":\"pl-PL\",\"@id\":\"https:\/\/stonersmeds.com\/shop\/buy-pure-cheap-ephenidine-powder-online\/#primaryimage\",\"url\":\"https:\/\/stonersmeds.com\/wp-content\/uploads\/2022\/03\/buy-pure-cheap-ephenidine-powder-online.jpg\",\"contentUrl\":\"https:\/\/stonersmeds.com\/wp-content\/uploads\/2022\/03\/buy-pure-cheap-ephenidine-powder-online.jpg\",\"width\":600,\"height\":600},{\"@type\":\"BreadcrumbList\",\"@id\":\"https:\/\/stonersmeds.com\/shop\/buy-pure-cheap-ephenidine-powder-online\/#breadcrumb\",\"itemListElement\":[{\"@type\":\"ListItem\",\"position\":1,\"name\":\"Home\",\"item\":\"https:\/\/stonersmeds.com\/\"},{\"@type\":\"ListItem\",\"position\":2,\"name\":\"Shop\",\"item\":\"https:\/\/stonersmeds.com\/shop\/\"},{\"@type\":\"ListItem\",\"position\":3,\"name\":\"Buy Pure Cheap Ephenidine Powder Online\"}]},{\"@type\":\"WebSite\",\"@id\":\"https:\/\/stonersmeds.com\/#website\",\"url\":\"https:\/\/stonersmeds.com\/\",\"name\":\"stonersmeds.com\",\"description\":\"verschreibungspflichtige Medizin kaufen\",\"publisher\":{\"@id\":\"https:\/\/stonersmeds.com\/#organization\"},\"alternateName\":\"Research chemical shop\",\"potentialAction\":[{\"@type\":\"SearchAction\",\"target\":{\"@type\":\"EntryPoint\",\"urlTemplate\":\"https:\/\/stonersmeds.com\/?s={search_term_string}\"},\"query-input\":{\"@type\":\"PropertyValueSpecification\",\"valueRequired\":true,\"valueName\":\"search_term_string\"}}],\"inLanguage\":\"pl-PL\"},{\"@type\":\"Organization\",\"@id\":\"https:\/\/stonersmeds.com\/#organization\",\"name\":\"Stonersmeds Shop\",\"url\":\"https:\/\/stonersmeds.com\/\",\"logo\":{\"@type\":\"ImageObject\",\"inLanguage\":\"pl-PL\",\"@id\":\"https:\/\/stonersmeds.com\/#\/schema\/logo\/image\/\",\"url\":\"https:\/\/stonersmeds.com\/wp-content\/uploads\/2026\/02\/high-purity-DMT-powder.jpg\",\"contentUrl\":\"https:\/\/stonersmeds.com\/wp-content\/uploads\/2026\/02\/high-purity-DMT-powder.jpg\",\"width\":500,\"height\":500,\"caption\":\"Stonersmeds Shop\"},\"image\":{\"@id\":\"https:\/\/stonersmeds.com\/#\/schema\/logo\/image\/\"}}]}<\/script>\n<meta property=\"og:availability\" content=\"instock\" \/>\n<meta property=\"product:availability\" content=\"instock\" \/>\n<meta property=\"product:condition\" content=\"new\" \/>\n<!-- \/ Yoast SEO plugin. -->","yoast_head_json":{"title":"Kup czyst\u0105 tani\u0105 efenidyn\u0119 w proszku online - stonersmeds.com","description":"Kup Pure Cheap Ephenidine Powder Online w przyst\u0119pnej cenie w stonersmeds. Wszystkie produkty posiadaj\u0105 kwalifikacje laboratoryjne i maj\u0105 najwy\u017csz\u0105 jako\u015b\u0107.","robots":{"index":"index","follow":"follow","max-snippet":"max-snippet:-1","max-image-preview":"max-image-preview:large","max-video-preview":"max-video-preview:-1"},"canonical":"https:\/\/stonersmeds.com\/pl\/shop\/buy-pure-cheap-ephenidine-powder-online\/","og_locale":"pl_PL","og_type":"article","og_title":"Buy Pure Cheap Ephenidine Powder Online - stonersmeds.com","og_description":"Buy Pure Cheap Ephenidine Powder Online at an affordable price at stonersmeds. All products are lab qualified and have premium quality.","og_url":"https:\/\/stonersmeds.com\/pl\/shop\/buy-pure-cheap-ephenidine-powder-online\/","og_site_name":"stonersmeds.com","article_modified_time":"2026-03-02T04:40:05+00:00","og_image":[{"width":600,"height":600,"url":"https:\/\/stonersmeds.com\/wp-content\/uploads\/2022\/03\/buy-pure-cheap-ephenidine-powder-online.jpg","type":"image\/jpeg"}],"twitter_card":"summary_large_image","twitter_misc":{"Dost\u0119pno\u015b\u0107":"Dost\u0119pny"},"schema":{"@context":"https:\/\/schema.org","@graph":[{"@type":"WebPage","@id":"https:\/\/stonersmeds.com\/shop\/buy-pure-cheap-ephenidine-powder-online\/","url":"https:\/\/stonersmeds.com\/shop\/buy-pure-cheap-ephenidine-powder-online\/","name":"Kup czyst\u0105 tani\u0105 efenidyn\u0119 w proszku online - stonersmeds.com","isPartOf":{"@id":"https:\/\/stonersmeds.com\/#website"},"primaryImageOfPage":{"@id":"https:\/\/stonersmeds.com\/shop\/buy-pure-cheap-ephenidine-powder-online\/#primaryimage"},"image":{"@id":"https:\/\/stonersmeds.com\/shop\/buy-pure-cheap-ephenidine-powder-online\/#primaryimage"},"thumbnailUrl":"https:\/\/stonersmeds.com\/wp-content\/uploads\/2022\/03\/buy-pure-cheap-ephenidine-powder-online.jpg","datePublished":"2022-03-12T09:22:41+00:00","dateModified":"2026-03-02T04:40:05+00:00","description":"Kup Pure Cheap Ephenidine Powder Online w przyst\u0119pnej cenie w stonersmeds. Wszystkie produkty posiadaj\u0105 kwalifikacje laboratoryjne i maj\u0105 najwy\u017csz\u0105 jako\u015b\u0107.","breadcrumb":{"@id":"https:\/\/stonersmeds.com\/shop\/buy-pure-cheap-ephenidine-powder-online\/#breadcrumb"},"inLanguage":"pl-PL","potentialAction":[{"@type":"ReadAction","target":["https:\/\/stonersmeds.com\/shop\/buy-pure-cheap-ephenidine-powder-online\/"]}]},{"@type":"ImageObject","inLanguage":"pl-PL","@id":"https:\/\/stonersmeds.com\/shop\/buy-pure-cheap-ephenidine-powder-online\/#primaryimage","url":"https:\/\/stonersmeds.com\/wp-content\/uploads\/2022\/03\/buy-pure-cheap-ephenidine-powder-online.jpg","contentUrl":"https:\/\/stonersmeds.com\/wp-content\/uploads\/2022\/03\/buy-pure-cheap-ephenidine-powder-online.jpg","width":600,"height":600},{"@type":"BreadcrumbList","@id":"https:\/\/stonersmeds.com\/shop\/buy-pure-cheap-ephenidine-powder-online\/#breadcrumb","itemListElement":[{"@type":"ListItem","position":1,"name":"Home","item":"https:\/\/stonersmeds.com\/"},{"@type":"ListItem","position":2,"name":"Shop","item":"https:\/\/stonersmeds.com\/shop\/"},{"@type":"ListItem","position":3,"name":"Buy Pure Cheap Ephenidine Powder Online"}]},{"@type":"WebSite","@id":"https:\/\/stonersmeds.com\/#website","url":"https:\/\/stonersmeds.com\/","name":"stonersmeds.com","description":"verschreibungspflichtige Medizin kaufen","publisher":{"@id":"https:\/\/stonersmeds.com\/#organization"},"alternateName":"Research chemical shop","potentialAction":[{"@type":"SearchAction","target":{"@type":"EntryPoint","urlTemplate":"https:\/\/stonersmeds.com\/?s={search_term_string}"},"query-input":{"@type":"PropertyValueSpecification","valueRequired":true,"valueName":"search_term_string"}}],"inLanguage":"pl-PL"},{"@type":"Organization","@id":"https:\/\/stonersmeds.com\/#organization","name":"Stonersmeds Shop","url":"https:\/\/stonersmeds.com\/","logo":{"@type":"ImageObject","inLanguage":"pl-PL","@id":"https:\/\/stonersmeds.com\/#\/schema\/logo\/image\/","url":"https:\/\/stonersmeds.com\/wp-content\/uploads\/2026\/02\/high-purity-DMT-powder.jpg","contentUrl":"https:\/\/stonersmeds.com\/wp-content\/uploads\/2026\/02\/high-purity-DMT-powder.jpg","width":500,"height":500,"caption":"Stonersmeds Shop"},"image":{"@id":"https:\/\/stonersmeds.com\/#\/schema\/logo\/image\/"}}]},"og_availability":"instock","product_availability":"instock","product_condition":"new"},"_links":{"self":[{"href":"https:\/\/stonersmeds.com\/pl\/wp-json\/wp\/v2\/product\/10703","targetHints":{"allow":["GET"]}}],"collection":[{"href":"https:\/\/stonersmeds.com\/pl\/wp-json\/wp\/v2\/product"}],"about":[{"href":"https:\/\/stonersmeds.com\/pl\/wp-json\/wp\/v2\/types\/product"}],"replies":[{"embeddable":true,"href":"https:\/\/stonersmeds.com\/pl\/wp-json\/wp\/v2\/comments?post=10703"}],"version-history":[{"count":0,"href":"https:\/\/stonersmeds.com\/pl\/wp-json\/wp\/v2\/product\/10703\/revisions"}],"wp:featuredmedia":[{"embeddable":true,"href":"https:\/\/stonersmeds.com\/pl\/wp-json\/wp\/v2\/media\/10719"}],"wp:attachment":[{"href":"https:\/\/stonersmeds.com\/pl\/wp-json\/wp\/v2\/media?parent=10703"}],"wp:term":[{"taxonomy":"product_brand","embeddable":true,"href":"https:\/\/stonersmeds.com\/pl\/wp-json\/wp\/v2\/product_brand?post=10703"},{"taxonomy":"product_cat","embeddable":true,"href":"https:\/\/stonersmeds.com\/pl\/wp-json\/wp\/v2\/product_cat?post=10703"},{"taxonomy":"product_tag","embeddable":true,"href":"https:\/\/stonersmeds.com\/pl\/wp-json\/wp\/v2\/product_tag?post=10703"},{"taxonomy":"product_brands","embeddable":true,"href":"https:\/\/stonersmeds.com\/pl\/wp-json\/wp\/v2\/product_brands?post=10703"}],"curies":[{"name":"wp","href":"https:\/\/api.w.org\/{rel}","templated":true}]}}