{"id":10777,"date":"2022-03-12T09:43:11","date_gmt":"2022-03-12T09:43:11","guid":{"rendered":"https:\/\/stonersmeds.com\/?post_type=product&#038;p=10777"},"modified":"2026-02-27T12:40:04","modified_gmt":"2026-02-27T10:40:04","slug":"buy-pure-mdma-powder-online","status":"publish","type":"product","link":"https:\/\/stonersmeds.com\/pl\/shop\/buy-pure-mdma-powder-online\/","title":{"rendered":"Kup czysty proszek MDMA online"},"content":{"rendered":"<h1>Kup czysty proszek MDMA online<\/h1>\n<p>Kup czysty proszek MDMA online. MDMA (Ecstasy\/Molly) Proszek na sprzeda\u017c tutaj na Tak daleko, jak jako\u015b\u0107 jest zaniepokojony mamy najlepsze.<\/p>\n<p>Czysty proszek MDMA online. Ecstasy\/Molly Powder na sprzeda\u017c (<a href=\"https:\/\/stonersmeds.com\/pl\/znacznik-produktu\/buy-powder-online\/\">kup Ecstasy\/Molly w proszku przez Internet<\/a>)<\/p>\n<p><a href=\"https:\/\/stonersmeds.com\/pl\/shop\/buy-xtc-philipp-plein-blue-524-mg-mdma-pills-online\/\">Kup MDMA online<\/a> (wynegocjowana 3,4-metylenodioksy-metamfetamina) to psychoaktywny lek z klasy narkotyk\u00f3w zast\u0119puj\u0105cych metylenodioksyfenyloamin\u0119 i amfetamin\u0119, stosowany g\u0142\u00f3wnie ze wzgl\u0119du na dzia\u0142anie euforyzuj\u0105ce i empatyczne. Farmakologicznie, <a href=\"https:\/\/stonersmeds.com\/pl\/znacznik-produktu\/buy-pure-mdma-powder\/\">Kup MDMA Pure Powder<\/a> MDMA dzia\u0142a jako substancja uwalniaj\u0105ca serotonin\u0119 noradrenalin\u0119 dopamin\u0119 oraz jako inhibitor wychwytu zwrotnego. <a href=\"https:\/\/stonersmeds.com\/pl\/znacznik-produktu\/where-to-buy-jwh-210-chemical-powder-online\/\">Kup MDMA w proszku online<\/a><\/p>\n<p>MDMA sprzedawane w Internecie jest powszechnie znane jako \"Ecstasy\" (skr\u00f3t \"E\", \"X\" lub \"XTC\") i zwykle odnosi si\u0119 do jego formy tabletki, chocia\u017c termin ten mo\u017ce sugerowa\u0107 mo\u017cliwo\u015b\u0107 podrobionego suplementu. Termin \"Mandy na sprzeda\u017c\" w Wielkiej Brytanii i ameryka\u0144ski termin \"Molly na sprzeda\u017c\" odnosz\u0105 si\u0119 do MDMA w postaci krystalicznego proszku, kt\u00f3ry jest stosunkowo wolny od podrobionych dodatk\u00f3w. Molly mo\u017ce czasami odnosi\u0107 si\u0119 do powi\u0105zanych lek\u00f3w, takich jak metylon, kupowanie czystego <a href=\"https:\/\/www.emcdda.europa.eu\/publications\/drug-profiles\/mdma_de\">MDMA<\/a> proszek, kupno MDPV online, mefedronu, czy innej grupy zwi\u0105zk\u00f3w farmakologicznych znanych jako sole k\u0105pielowe.<\/p>\n<p>&nbsp;<\/p>\n<p>&nbsp;<\/p>\n<pre><strong><a href=\"https:\/\/stonersmeds.com\/pl\/znacznik-produktu\/where-to-buy-pure-mdma-crystals-online\/\">Kup czysty proszek MDMA online<\/a> - kupi\u0107 czyste MDMA w proszku, kupi\u0107 czyste MDMA w proszku usa, kupi\u0107 czyste MDMA w proszku online USA, Gdzie kupi\u0107 czyste MDMA w proszku, czyste MDMA w proszku na sprzeda\u017c, czyste MDMA w proszku na sprzeda\u017c w pobli\u017cu mnie, kupi\u0107 czyste MDMA w proszku online w pobli\u017cu mnie, gdzie kupi\u0107 czyste MDMA w proszku online, Czysty proszek MDMA na sprzeda\u017c w USA, USA, Kanada, UK, kupi\u0107, online, dostawc\u00f3w, bezpiecznej dostawy, Mo\u017cna jeszcze dosta\u0107 czysty proszek MDMA, Czy czysty proszek MDMA jest legalne w USA, kupi\u0107 czysty proszek MDMA online USA, jak zam\u00f3wi\u0107 czysty proszek MDMA, Czy czysty proszek MDMA jest legalne w Kanadzie<\/strong><\/pre>","protected":false},"excerpt":{"rendered":"<ul>\n<li>Kup czysty proszek MDMA online<\/li>\n<li>Czysty proszek MDMA online<\/li>\n<li>Sprzedam ecstasy\/molly w proszku<\/li>\n<li>\u00a0kup Ecstasy\/Molly w proszku przez Internet<\/li>\n<\/ul>\n<pre><strong>Kup czysty proszek MDMA online - kup czysty proszek MDMA, kup czysty proszek MDMA w USA, kup czysty proszek MDMA online USA, gdzie kupi\u0107 czysty proszek MDMA, czysty proszek MDMA na sprzeda\u017c, czysty proszek MDMA na sprzeda\u017c blisko mnie, kup czysty proszek MDMA online blisko mnie, gdzie kupi\u0107 czysty proszek MDMA online, czysty proszek MDMA na sprzeda\u017c w USA, USA, Kanadzie, Wielkiej Brytanii, kup, online, dostawcy, bezpieczna dostawa, Nadal mo\u017cesz uzyska\u0107 czysty proszek MDMA, Czy czysty proszek MDMA jest legalny w USA, kup czysty proszek MDMA online usa, jak zam\u00f3wi\u0107 czysty proszek MDMA, Czy czysty proszek MDMA jest legalny w Kanadzie?<\/strong><\/pre>","protected":false},"featured_media":10792,"comment_status":"open","ping_status":"closed","template":"","meta":{"_bst_post_transparent":"","_bst_post_title":"","_bst_post_layout":"","_bst_post_sidebar_id":"","_bst_post_content_style":"","_bst_post_vertical_padding":"","_bst_post_feature":"","_bst_post_feature_position":"","_bst_post_header":false,"_bst_post_footer":false},"product_brand":[],"product_cat":[79],"product_tag":[186,192,188,187,190,194,191,189,193],"product_brands":[],"class_list":{"0":"post-10777","1":"product","2":"type-product","3":"status-publish","4":"has-post-thumbnail","6":"product_cat-research-chemicals-and-bath-salt","7":"product_tag-buy-pure-mdma-powder","8":"product_tag-buy-pure-mdma-powder-online-near-me","9":"product_tag-buy-pure-mdma-powder-online-usa","10":"product_tag-buy-pure-mdma-powder-usa","11":"product_tag-pure-mdma-powder-for-sale","12":"product_tag-pure-mdma-powder-for-sale-in-usa","13":"product_tag-pure-mdma-powder-for-sale-near-me","14":"product_tag-where-to-buy-pure-mdma-powder","15":"product_tag-where-to-buy-pure-mdma-powder-online","17":"first","18":"instock","19":"shipping-taxable","20":"purchasable","21":"product-type-variable","22":"entry","23":"content-bg","24":"loop-entry"},"tiered_pricing_type":"fixed","tiered_pricing_fixed_rules":[],"tiered_pricing_percentage_rules":[],"tiered_pricing_minimum":1,"_administrator_tiered_pricing_type":"fixed","_administrator_tiered_pricing_fixed_rules":[],"_editor_tiered_pricing_type":"fixed","_editor_tiered_pricing_fixed_rules":[],"_author_tiered_pricing_type":"fixed","_author_tiered_pricing_fixed_rules":[],"_contributor_tiered_pricing_type":"fixed","_contributor_tiered_pricing_fixed_rules":[],"_subscriber_tiered_pricing_type":"fixed","_subscriber_tiered_pricing_fixed_rules":[],"_customer_tiered_pricing_type":"fixed","_customer_tiered_pricing_fixed_rules":[],"_shop_manager_tiered_pricing_type":"fixed","_shop_manager_tiered_pricing_fixed_rules":[],"_wpseo_manager_tiered_pricing_type":"fixed","_wpseo_manager_tiered_pricing_fixed_rules":[],"_wpseo_editor_tiered_pricing_type":"fixed","_wpseo_editor_tiered_pricing_fixed_rules":[],"yoast_head":"<!-- This site is optimized with the Yoast SEO plugin v27.2 - https:\/\/yoast.com\/product\/yoast-seo-wordpress\/ -->\n<title>Buy pure MDMA powder online - Cheap price, Grade A++<\/title>\n<meta name=\"description\" content=\"Buy pure MDMA powder Online at an affordable price at stonersmeds. All products are lab qualified and have premium quality.\" \/>\n<meta name=\"robots\" content=\"index, follow, max-snippet:-1, max-image-preview:large, max-video-preview:-1\" \/>\n<link rel=\"canonical\" href=\"https:\/\/stonersmeds.com\/pl\/shop\/buy-pure-mdma-powder-online\/\" \/>\n<meta property=\"og:locale\" content=\"pl_PL\" \/>\n<meta property=\"og:type\" content=\"article\" \/>\n<meta property=\"og:title\" content=\"Buy pure MDMA powder online - Cheap price, Grade A++\" \/>\n<meta property=\"og:description\" content=\"Buy pure MDMA powder Online at an affordable price at stonersmeds. All products are lab qualified and have premium quality.\" \/>\n<meta property=\"og:url\" content=\"https:\/\/stonersmeds.com\/pl\/shop\/buy-pure-mdma-powder-online\/\" \/>\n<meta property=\"og:site_name\" content=\"stonersmeds.com\" \/>\n<meta property=\"article:modified_time\" content=\"2026-02-27T10:40:04+00:00\" \/>\n<meta property=\"og:image\" content=\"https:\/\/stonersmeds.com\/wp-content\/uploads\/2022\/03\/Buy-pure-MDMA-powder-online.jpg\" \/>\n\t<meta property=\"og:image:width\" content=\"600\" \/>\n\t<meta property=\"og:image:height\" content=\"600\" \/>\n\t<meta property=\"og:image:type\" content=\"image\/jpeg\" \/>\n<meta name=\"twitter:card\" content=\"summary_large_image\" \/>\n<meta name=\"twitter:label1\" content=\"Dost\u0119pno\u015b\u0107\" \/>\n\t<meta name=\"twitter:data1\" content=\"Dost\u0119pny\" \/>\n<script type=\"application\/ld+json\" class=\"yoast-schema-graph\">{\"@context\":\"https:\/\/schema.org\",\"@graph\":[{\"@type\":\"WebPage\",\"@id\":\"https:\/\/stonersmeds.com\/sk\/shop\/buy-pure-mdma-powder-online\/\",\"url\":\"https:\/\/stonersmeds.com\/sk\/shop\/buy-pure-mdma-powder-online\/\",\"name\":\"Buy pure MDMA powder online - Cheap price, Grade A++\",\"isPartOf\":{\"@id\":\"https:\/\/stonersmeds.com\/#website\"},\"primaryImageOfPage\":{\"@id\":\"https:\/\/stonersmeds.com\/sk\/shop\/buy-pure-mdma-powder-online\/#primaryimage\"},\"image\":{\"@id\":\"https:\/\/stonersmeds.com\/sk\/shop\/buy-pure-mdma-powder-online\/#primaryimage\"},\"thumbnailUrl\":\"https:\/\/stonersmeds.com\/wp-content\/uploads\/2022\/03\/Buy-pure-MDMA-powder-online.jpg\",\"datePublished\":\"2022-03-12T09:43:11+00:00\",\"dateModified\":\"2026-02-27T10:40:04+00:00\",\"description\":\"Buy pure MDMA powder Online at an affordable price at stonersmeds. All products are lab qualified and have premium quality.\",\"breadcrumb\":{\"@id\":\"https:\/\/stonersmeds.com\/sk\/shop\/buy-pure-mdma-powder-online\/#breadcrumb\"},\"inLanguage\":\"pl-PL\",\"potentialAction\":[{\"@type\":\"ReadAction\",\"target\":[\"https:\/\/stonersmeds.com\/sk\/shop\/buy-pure-mdma-powder-online\/\"]}]},{\"@type\":\"ImageObject\",\"inLanguage\":\"pl-PL\",\"@id\":\"https:\/\/stonersmeds.com\/sk\/shop\/buy-pure-mdma-powder-online\/#primaryimage\",\"url\":\"https:\/\/stonersmeds.com\/wp-content\/uploads\/2022\/03\/Buy-pure-MDMA-powder-online.jpg\",\"contentUrl\":\"https:\/\/stonersmeds.com\/wp-content\/uploads\/2022\/03\/Buy-pure-MDMA-powder-online.jpg\",\"width\":600,\"height\":600},{\"@type\":\"BreadcrumbList\",\"@id\":\"https:\/\/stonersmeds.com\/sk\/shop\/buy-pure-mdma-powder-online\/#breadcrumb\",\"itemListElement\":[{\"@type\":\"ListItem\",\"position\":1,\"name\":\"Home\",\"item\":\"https:\/\/stonersmeds.com\/\"},{\"@type\":\"ListItem\",\"position\":2,\"name\":\"Shop\",\"item\":\"https:\/\/stonersmeds.com\/shop\/\"},{\"@type\":\"ListItem\",\"position\":3,\"name\":\"Buy pure MDMA powder online\"}]},{\"@type\":\"WebSite\",\"@id\":\"https:\/\/stonersmeds.com\/#website\",\"url\":\"https:\/\/stonersmeds.com\/\",\"name\":\"stonersmeds.com\",\"description\":\"verschreibungspflichtige Medizin kaufen\",\"publisher\":{\"@id\":\"https:\/\/stonersmeds.com\/#organization\"},\"alternateName\":\"Research chemical shop\",\"potentialAction\":[{\"@type\":\"SearchAction\",\"target\":{\"@type\":\"EntryPoint\",\"urlTemplate\":\"https:\/\/stonersmeds.com\/?s={search_term_string}\"},\"query-input\":{\"@type\":\"PropertyValueSpecification\",\"valueRequired\":true,\"valueName\":\"search_term_string\"}}],\"inLanguage\":\"pl-PL\"},{\"@type\":\"Organization\",\"@id\":\"https:\/\/stonersmeds.com\/#organization\",\"name\":\"Stonersmeds Shop\",\"url\":\"https:\/\/stonersmeds.com\/\",\"logo\":{\"@type\":\"ImageObject\",\"inLanguage\":\"pl-PL\",\"@id\":\"https:\/\/stonersmeds.com\/#\/schema\/logo\/image\/\",\"url\":\"https:\/\/stonersmeds.com\/wp-content\/uploads\/2026\/02\/high-purity-DMT-powder.jpg\",\"contentUrl\":\"https:\/\/stonersmeds.com\/wp-content\/uploads\/2026\/02\/high-purity-DMT-powder.jpg\",\"width\":500,\"height\":500,\"caption\":\"Stonersmeds Shop\"},\"image\":{\"@id\":\"https:\/\/stonersmeds.com\/#\/schema\/logo\/image\/\"}}]}<\/script>\n<meta property=\"og:availability\" content=\"instock\" \/>\n<meta property=\"product:availability\" content=\"instock\" \/>\n<meta property=\"product:condition\" content=\"new\" \/>\n<!-- \/ Yoast SEO plugin. -->","yoast_head_json":{"title":"Kup czysty proszek MDMA online - niska cena, klasa A++","description":"Kup czysty proszek MDMA Online w przyst\u0119pnej cenie w stonersmeds. Wszystkie produkty posiadaj\u0105 kwalifikacje laboratoryjne i maj\u0105 najwy\u017csz\u0105 jako\u015b\u0107.","robots":{"index":"index","follow":"follow","max-snippet":"max-snippet:-1","max-image-preview":"max-image-preview:large","max-video-preview":"max-video-preview:-1"},"canonical":"https:\/\/stonersmeds.com\/pl\/shop\/buy-pure-mdma-powder-online\/","og_locale":"pl_PL","og_type":"article","og_title":"Buy pure MDMA powder online - Cheap price, Grade A++","og_description":"Buy pure MDMA powder Online at an affordable price at stonersmeds. All products are lab qualified and have premium quality.","og_url":"https:\/\/stonersmeds.com\/pl\/shop\/buy-pure-mdma-powder-online\/","og_site_name":"stonersmeds.com","article_modified_time":"2026-02-27T10:40:04+00:00","og_image":[{"width":600,"height":600,"url":"https:\/\/stonersmeds.com\/wp-content\/uploads\/2022\/03\/Buy-pure-MDMA-powder-online.jpg","type":"image\/jpeg"}],"twitter_card":"summary_large_image","twitter_misc":{"Dost\u0119pno\u015b\u0107":"Dost\u0119pny"},"schema":{"@context":"https:\/\/schema.org","@graph":[{"@type":"WebPage","@id":"https:\/\/stonersmeds.com\/sk\/shop\/buy-pure-mdma-powder-online\/","url":"https:\/\/stonersmeds.com\/sk\/shop\/buy-pure-mdma-powder-online\/","name":"Kup czysty proszek MDMA online - niska cena, klasa A++","isPartOf":{"@id":"https:\/\/stonersmeds.com\/#website"},"primaryImageOfPage":{"@id":"https:\/\/stonersmeds.com\/sk\/shop\/buy-pure-mdma-powder-online\/#primaryimage"},"image":{"@id":"https:\/\/stonersmeds.com\/sk\/shop\/buy-pure-mdma-powder-online\/#primaryimage"},"thumbnailUrl":"https:\/\/stonersmeds.com\/wp-content\/uploads\/2022\/03\/Buy-pure-MDMA-powder-online.jpg","datePublished":"2022-03-12T09:43:11+00:00","dateModified":"2026-02-27T10:40:04+00:00","description":"Kup czysty proszek MDMA Online w przyst\u0119pnej cenie w stonersmeds. Wszystkie produkty posiadaj\u0105 kwalifikacje laboratoryjne i maj\u0105 najwy\u017csz\u0105 jako\u015b\u0107.","breadcrumb":{"@id":"https:\/\/stonersmeds.com\/sk\/shop\/buy-pure-mdma-powder-online\/#breadcrumb"},"inLanguage":"pl-PL","potentialAction":[{"@type":"ReadAction","target":["https:\/\/stonersmeds.com\/sk\/shop\/buy-pure-mdma-powder-online\/"]}]},{"@type":"ImageObject","inLanguage":"pl-PL","@id":"https:\/\/stonersmeds.com\/sk\/shop\/buy-pure-mdma-powder-online\/#primaryimage","url":"https:\/\/stonersmeds.com\/wp-content\/uploads\/2022\/03\/Buy-pure-MDMA-powder-online.jpg","contentUrl":"https:\/\/stonersmeds.com\/wp-content\/uploads\/2022\/03\/Buy-pure-MDMA-powder-online.jpg","width":600,"height":600},{"@type":"BreadcrumbList","@id":"https:\/\/stonersmeds.com\/sk\/shop\/buy-pure-mdma-powder-online\/#breadcrumb","itemListElement":[{"@type":"ListItem","position":1,"name":"Home","item":"https:\/\/stonersmeds.com\/"},{"@type":"ListItem","position":2,"name":"Shop","item":"https:\/\/stonersmeds.com\/shop\/"},{"@type":"ListItem","position":3,"name":"Buy pure MDMA powder online"}]},{"@type":"WebSite","@id":"https:\/\/stonersmeds.com\/#website","url":"https:\/\/stonersmeds.com\/","name":"stonersmeds.com","description":"verschreibungspflichtige Medizin kaufen","publisher":{"@id":"https:\/\/stonersmeds.com\/#organization"},"alternateName":"Research chemical shop","potentialAction":[{"@type":"SearchAction","target":{"@type":"EntryPoint","urlTemplate":"https:\/\/stonersmeds.com\/?s={search_term_string}"},"query-input":{"@type":"PropertyValueSpecification","valueRequired":true,"valueName":"search_term_string"}}],"inLanguage":"pl-PL"},{"@type":"Organization","@id":"https:\/\/stonersmeds.com\/#organization","name":"Stonersmeds Shop","url":"https:\/\/stonersmeds.com\/","logo":{"@type":"ImageObject","inLanguage":"pl-PL","@id":"https:\/\/stonersmeds.com\/#\/schema\/logo\/image\/","url":"https:\/\/stonersmeds.com\/wp-content\/uploads\/2026\/02\/high-purity-DMT-powder.jpg","contentUrl":"https:\/\/stonersmeds.com\/wp-content\/uploads\/2026\/02\/high-purity-DMT-powder.jpg","width":500,"height":500,"caption":"Stonersmeds Shop"},"image":{"@id":"https:\/\/stonersmeds.com\/#\/schema\/logo\/image\/"}}]},"og_availability":"instock","product_availability":"instock","product_condition":"new"},"_links":{"self":[{"href":"https:\/\/stonersmeds.com\/pl\/wp-json\/wp\/v2\/product\/10777","targetHints":{"allow":["GET"]}}],"collection":[{"href":"https:\/\/stonersmeds.com\/pl\/wp-json\/wp\/v2\/product"}],"about":[{"href":"https:\/\/stonersmeds.com\/pl\/wp-json\/wp\/v2\/types\/product"}],"replies":[{"embeddable":true,"href":"https:\/\/stonersmeds.com\/pl\/wp-json\/wp\/v2\/comments?post=10777"}],"version-history":[{"count":0,"href":"https:\/\/stonersmeds.com\/pl\/wp-json\/wp\/v2\/product\/10777\/revisions"}],"wp:featuredmedia":[{"embeddable":true,"href":"https:\/\/stonersmeds.com\/pl\/wp-json\/wp\/v2\/media\/10792"}],"wp:attachment":[{"href":"https:\/\/stonersmeds.com\/pl\/wp-json\/wp\/v2\/media?parent=10777"}],"wp:term":[{"taxonomy":"product_brand","embeddable":true,"href":"https:\/\/stonersmeds.com\/pl\/wp-json\/wp\/v2\/product_brand?post=10777"},{"taxonomy":"product_cat","embeddable":true,"href":"https:\/\/stonersmeds.com\/pl\/wp-json\/wp\/v2\/product_cat?post=10777"},{"taxonomy":"product_tag","embeddable":true,"href":"https:\/\/stonersmeds.com\/pl\/wp-json\/wp\/v2\/product_tag?post=10777"},{"taxonomy":"product_brands","embeddable":true,"href":"https:\/\/stonersmeds.com\/pl\/wp-json\/wp\/v2\/product_brands?post=10777"}],"curies":[{"name":"wp","href":"https:\/\/api.w.org\/{rel}","templated":true}]}}