{"id":12695,"date":"2026-01-29T22:00:37","date_gmt":"2026-01-29T20:00:37","guid":{"rendered":"https:\/\/stonersmeds.com\/?post_type=product&#038;p=12695"},"modified":"2026-02-28T21:30:45","modified_gmt":"2026-02-28T19:30:45","slug":"buy-mephedrone-online","status":"publish","type":"product","link":"https:\/\/stonersmeds.com\/pl\/shop\/buy-mephedrone-online\/","title":{"rendered":"Buy Mephedrone Online"},"content":{"rendered":"<h1>Buy Mephedrone (4-MMC) Crystal Powder Online \u2013 4MMC For Sale Online \u2013 Mephedrone Supplier<\/h1>\n<p>\u00a0<\/p>\n<p><a href=\"https:\/\/chemcrystals.com\/wp-admin\/post.php?post=292&#038;action=edit#:~:text=https%3A\/\/chemcrystals.com\/product\/buy%2Dmephedrone%2Donline\/\">Mephedrone<\/a>\u00a0is an amphetamine and cathinone class drug.Buy Mephedrone (4-MMC) Crystal Powder Online An amphetamine is a drug with a stimulant effect on the (CNS) central nervous system that can be physically and psychologically addictive when used too much. Cathinone is a naturally occurring stimulant present in the Khat plant. Its structure and effects are similar to those of ephedrine and amphetamine.Mephedrone is a synthetic (artificial)\u00a0<a href=\"https:\/\/en.wikipedia.org\/wiki\/Mephedrone\">substance<\/a>\u00a0based on the (cathinone) compounds that exist in the Khat plant of East Africa. Users may\u00a0swallow, snort or inject\u00a0mephedrone.Mephedrone, also known as 4-methyl methcathinone (4-MMC) or 4-methyl ephedrone, is a synthetic stimulant drug of the amphetamine and cathinone classes. Slang names include bath salts, drone,M-CAT,White Magic and meow meow. It is chemically similar to the cathinone compounds found in the khat plant of eastern Africa. Buy Mephedrone Online<\/p>\n<p>\u00a0<\/p>\n<h2>Where can you buy Mephedrone Crystals Online \u2013 How can you Order Mephedrone 4mmc crystals Online anonymously<\/h2>\n<p>Mover over,: It comes in the form of tablets or a powder. Which users can swallow, snort or inject, producing similar effects to MDMA, amphetamines and cocaine..The metabolism of mephedrone has been studied in rats and humans and the metabolites can be detected in urine after usage.Mephedrone was first synthesised in 1929, but did not become widely known until it was rediscovered in 2003 at which point it was legal to produce and possess in many countries. By 2008 law enforcement agencies had become aware of the compound, and by 2010. Mephedrone was first made illegal in Israel in 2008, followed by Sweden later that year. In 2010.<\/p>\n<p>\u00a0<\/p>\n<h3>Buy Mephedrone (4-MMC) Crystal Powder Online, Order Mephedrone (4-MMC) Crystal Powder Online, Purchase Mephedrone (4-MMC) Crystal Powder Online<\/h3>\n<p>The EU ruled it illegal, in Australia, New Zealand and the United States, it is considered an analog of other illegal drugs and can be <a href=\"https:\/\/en.wikipedia.org\/wiki\/Mephedrone\">controlled<\/a> by laws similar to the US Federal Analog Act. In September 2011, the US temporarily classified mephedrone as a Schedule I drug, effective October 2011. Users have reported that mephedrone causes euphoria, stimulation, an enhanced appreciation for music, an elevated mood, decreased hostility.<\/p>\n<p>Furthermore,: Improved mental function and mild sexual stimulation these effects are similar to the effects of cocaine, amphetamines and MDMA. Of 70 Dutch users of mephedrone. More still, 58 described it as an overall pleasant experience and 12 described it as an unpleasant experience. In a survey of UK users who had previously taken cocaine. Buy Mephedrone (4-MMC) Crystal Online most users found it produced a better-quality and longer-lasting high and was less addictive.<\/p>\n<p>Buy Mephedrone (4-MMC) Crystal Powder Online contrary to other reports. Nine of the 15 of patients had a Glasgow coma scale (GCS) of 15. Indicating they were in a normal mental state.<\/p>\n<p>\u00a0<\/p>\n<p>FEEDBACKS<\/p>","protected":false},"excerpt":{"rendered":"<p><a href=\"http:\/\/confirmedchemicals.com\/\">Mephedrone<\/a>\u00a0is an amphetamine and cathinone class drug. An amphetamine is a drug with a stimulant effect on the (CNS) central nervous\u00a0<a href=\"https:\/\/en.wikipedia.org\/wiki\/Mephedrone\">system<\/a>\u00a0that can be physically and psychologically\u00a0<a href=\"https:\/\/en.wikipedia.org\/wiki\/Mephedrone\">addictive<\/a>\u00a0when used too much.Buy\u00a0<a href=\"http:\/\/confirmedchemicals.com\/\">Mephedrone (4-MMC)<\/a>\u00a0Crystal Powder Online<\/p>","protected":false},"featured_media":12724,"comment_status":"closed","ping_status":"closed","template":"","meta":{"_bst_post_transparent":"","_bst_post_title":"","_bst_post_layout":"","_bst_post_sidebar_id":"","_bst_post_content_style":"","_bst_post_vertical_padding":"","_bst_post_feature":"","_bst_post_feature_position":"","_bst_post_header":false,"_bst_post_footer":false},"product_brand":[],"product_cat":[1526],"product_tag":[2276,2277,2424,2425,2426,2284,2427,2428,2429,2430,2431,2432,2433,2434,2435,2436,2437,2438,2439,2440,2441,2442,2443],"product_brands":[],"class_list":{"0":"post-12695","1":"product","2":"type-product","3":"status-publish","4":"has-post-thumbnail","6":"product_cat-research-chemicals","7":"product_tag-buy-4mmc-online","8":"product_tag-buy-mephedrone","9":"product_tag-buy-mephedrone-4-mmc-crystal-powder","10":"product_tag-buy-mephedrone-online","11":"product_tag-buy-online-mephedrone","12":"product_tag-mephedrone","13":"product_tag-mephedrone-for-sale","14":"product_tag-mephedrone-for-sale-australia","15":"product_tag-mephedrone-for-sale-belgium","16":"product_tag-mephedrone-for-sale-brazil","17":"product_tag-mephedrone-for-sale-eu","18":"product_tag-mephedrone-for-sale-france","19":"product_tag-mephedrone-for-sale-germany","20":"product_tag-mephedrone-for-sale-italy","21":"product_tag-mephedrone-for-sale-netherlands","22":"product_tag-mephedrone-for-sale-nl","23":"product_tag-mephedrone-for-sale-romania","24":"product_tag-mephedrone-for-sale-sweden","25":"product_tag-mephedrone-for-sale-turkey","26":"product_tag-mephedrone-for-sale-uk","27":"product_tag-mephedrone-for-sale-usa","28":"product_tag-order-mephedrone-4-mmc-crystal-online","29":"product_tag-purchase-mephedrone-4-mmc-crystal-powder-online","31":"first","32":"instock","33":"shipping-taxable","34":"purchasable","35":"product-type-variable","36":"entry","37":"content-bg","38":"loop-entry"},"tiered_pricing_type":"fixed","tiered_pricing_fixed_rules":[],"tiered_pricing_percentage_rules":[],"tiered_pricing_minimum":1,"_administrator_tiered_pricing_type":"fixed","_administrator_tiered_pricing_fixed_rules":[],"_editor_tiered_pricing_type":"fixed","_editor_tiered_pricing_fixed_rules":[],"_author_tiered_pricing_type":"fixed","_author_tiered_pricing_fixed_rules":[],"_contributor_tiered_pricing_type":"fixed","_contributor_tiered_pricing_fixed_rules":[],"_subscriber_tiered_pricing_type":"fixed","_subscriber_tiered_pricing_fixed_rules":[],"_customer_tiered_pricing_type":"fixed","_customer_tiered_pricing_fixed_rules":[],"_shop_manager_tiered_pricing_type":"fixed","_shop_manager_tiered_pricing_fixed_rules":[],"_wpseo_manager_tiered_pricing_type":"fixed","_wpseo_manager_tiered_pricing_fixed_rules":[],"_wpseo_editor_tiered_pricing_type":"fixed","_wpseo_editor_tiered_pricing_fixed_rules":[],"yoast_head":"<!-- This site is optimized with the Yoast SEO plugin v27.2 - https:\/\/yoast.com\/product\/yoast-seo-wordpress\/ -->\n<title>Buy Mephedrone Online - stonersmeds.com<\/title>\n<meta name=\"robots\" content=\"index, follow, max-snippet:-1, max-image-preview:large, max-video-preview:-1\" \/>\n<link rel=\"canonical\" href=\"https:\/\/stonersmeds.com\/pl\/shop\/buy-mephedrone-online\/\" \/>\n<meta property=\"og:locale\" content=\"pl_PL\" \/>\n<meta property=\"og:type\" content=\"article\" \/>\n<meta property=\"og:title\" content=\"Buy Mephedrone Online - stonersmeds.com\" \/>\n<meta property=\"og:description\" content=\"Mephedrone\u00a0is an amphetamine and cathinone class drug. An amphetamine is a drug with a stimulant effect on the (CNS) central nervous\u00a0system\u00a0that can be physically and psychologically\u00a0addictive\u00a0when used too much.Buy\u00a0Mephedrone (4-MMC)\u00a0Crystal Powder Online\" \/>\n<meta property=\"og:url\" content=\"https:\/\/stonersmeds.com\/pl\/shop\/buy-mephedrone-online\/\" \/>\n<meta property=\"og:site_name\" content=\"stonersmeds.com\" \/>\n<meta property=\"article:modified_time\" content=\"2026-02-28T19:30:45+00:00\" \/>\n<meta name=\"twitter:card\" content=\"summary_large_image\" \/>\n<meta name=\"twitter:label1\" content=\"Dost\u0119pno\u015b\u0107\" \/>\n\t<meta name=\"twitter:data1\" content=\"Dost\u0119pny\" \/>\n<script type=\"application\/ld+json\" class=\"yoast-schema-graph\">{\"@context\":\"https:\/\/schema.org\",\"@graph\":[{\"@type\":\"WebPage\",\"@id\":\"https:\/\/stonersmeds.com\/shop\/buy-mephedrone-online\/\",\"url\":\"https:\/\/stonersmeds.com\/shop\/buy-mephedrone-online\/\",\"name\":\"Buy Mephedrone Online - stonersmeds.com\",\"isPartOf\":{\"@id\":\"https:\/\/stonersmeds.com\/#website\"},\"primaryImageOfPage\":{\"@id\":\"https:\/\/stonersmeds.com\/shop\/buy-mephedrone-online\/#primaryimage\"},\"image\":{\"@id\":\"https:\/\/stonersmeds.com\/shop\/buy-mephedrone-online\/#primaryimage\"},\"thumbnailUrl\":\"https:\/\/stonersmeds.com\/wp-content\/uploads\/2026\/01\/4MMC-2-1.jpeg\",\"datePublished\":\"2026-01-29T20:00:37+00:00\",\"dateModified\":\"2026-02-28T19:30:45+00:00\",\"breadcrumb\":{\"@id\":\"https:\/\/stonersmeds.com\/shop\/buy-mephedrone-online\/#breadcrumb\"},\"inLanguage\":\"pl-PL\",\"potentialAction\":[{\"@type\":\"ReadAction\",\"target\":[\"https:\/\/stonersmeds.com\/shop\/buy-mephedrone-online\/\"]}]},{\"@type\":\"ImageObject\",\"inLanguage\":\"pl-PL\",\"@id\":\"https:\/\/stonersmeds.com\/shop\/buy-mephedrone-online\/#primaryimage\",\"url\":\"https:\/\/stonersmeds.com\/wp-content\/uploads\/2026\/01\/4MMC-2-1.jpeg\",\"contentUrl\":\"https:\/\/stonersmeds.com\/wp-content\/uploads\/2026\/01\/4MMC-2-1.jpeg\",\"width\":720,\"height\":1280},{\"@type\":\"BreadcrumbList\",\"@id\":\"https:\/\/stonersmeds.com\/shop\/buy-mephedrone-online\/#breadcrumb\",\"itemListElement\":[{\"@type\":\"ListItem\",\"position\":1,\"name\":\"Home\",\"item\":\"https:\/\/stonersmeds.com\/\"},{\"@type\":\"ListItem\",\"position\":2,\"name\":\"Shop\",\"item\":\"https:\/\/stonersmeds.com\/shop\/\"},{\"@type\":\"ListItem\",\"position\":3,\"name\":\"Buy Mephedrone Online\"}]},{\"@type\":\"WebSite\",\"@id\":\"https:\/\/stonersmeds.com\/#website\",\"url\":\"https:\/\/stonersmeds.com\/\",\"name\":\"stonersmeds.com\",\"description\":\"verschreibungspflichtige Medizin kaufen\",\"publisher\":{\"@id\":\"https:\/\/stonersmeds.com\/#organization\"},\"alternateName\":\"Research chemical shop\",\"potentialAction\":[{\"@type\":\"SearchAction\",\"target\":{\"@type\":\"EntryPoint\",\"urlTemplate\":\"https:\/\/stonersmeds.com\/?s={search_term_string}\"},\"query-input\":{\"@type\":\"PropertyValueSpecification\",\"valueRequired\":true,\"valueName\":\"search_term_string\"}}],\"inLanguage\":\"pl-PL\"},{\"@type\":\"Organization\",\"@id\":\"https:\/\/stonersmeds.com\/#organization\",\"name\":\"Stonersmeds Shop\",\"url\":\"https:\/\/stonersmeds.com\/\",\"logo\":{\"@type\":\"ImageObject\",\"inLanguage\":\"pl-PL\",\"@id\":\"https:\/\/stonersmeds.com\/#\/schema\/logo\/image\/\",\"url\":\"https:\/\/stonersmeds.com\/wp-content\/uploads\/2026\/02\/high-purity-DMT-powder.jpg\",\"contentUrl\":\"https:\/\/stonersmeds.com\/wp-content\/uploads\/2026\/02\/high-purity-DMT-powder.jpg\",\"width\":500,\"height\":500,\"caption\":\"Stonersmeds Shop\"},\"image\":{\"@id\":\"https:\/\/stonersmeds.com\/#\/schema\/logo\/image\/\"}}]}<\/script>\n<meta property=\"og:availability\" content=\"instock\" \/>\n<meta property=\"product:availability\" content=\"instock\" \/>\n<meta property=\"product:condition\" content=\"new\" \/>\n<!-- \/ Yoast SEO plugin. -->","yoast_head_json":{"title":"Buy Mephedrone Online - stonersmeds.com","robots":{"index":"index","follow":"follow","max-snippet":"max-snippet:-1","max-image-preview":"max-image-preview:large","max-video-preview":"max-video-preview:-1"},"canonical":"https:\/\/stonersmeds.com\/pl\/shop\/buy-mephedrone-online\/","og_locale":"pl_PL","og_type":"article","og_title":"Buy Mephedrone Online - stonersmeds.com","og_description":"Mephedrone\u00a0is an amphetamine and cathinone class drug. An amphetamine is a drug with a stimulant effect on the (CNS) central nervous\u00a0system\u00a0that can be physically and psychologically\u00a0addictive\u00a0when used too much.Buy\u00a0Mephedrone (4-MMC)\u00a0Crystal Powder Online","og_url":"https:\/\/stonersmeds.com\/pl\/shop\/buy-mephedrone-online\/","og_site_name":"stonersmeds.com","article_modified_time":"2026-02-28T19:30:45+00:00","twitter_card":"summary_large_image","twitter_misc":{"Dost\u0119pno\u015b\u0107":"Dost\u0119pny"},"schema":{"@context":"https:\/\/schema.org","@graph":[{"@type":"WebPage","@id":"https:\/\/stonersmeds.com\/shop\/buy-mephedrone-online\/","url":"https:\/\/stonersmeds.com\/shop\/buy-mephedrone-online\/","name":"Buy Mephedrone Online - stonersmeds.com","isPartOf":{"@id":"https:\/\/stonersmeds.com\/#website"},"primaryImageOfPage":{"@id":"https:\/\/stonersmeds.com\/shop\/buy-mephedrone-online\/#primaryimage"},"image":{"@id":"https:\/\/stonersmeds.com\/shop\/buy-mephedrone-online\/#primaryimage"},"thumbnailUrl":"https:\/\/stonersmeds.com\/wp-content\/uploads\/2026\/01\/4MMC-2-1.jpeg","datePublished":"2026-01-29T20:00:37+00:00","dateModified":"2026-02-28T19:30:45+00:00","breadcrumb":{"@id":"https:\/\/stonersmeds.com\/shop\/buy-mephedrone-online\/#breadcrumb"},"inLanguage":"pl-PL","potentialAction":[{"@type":"ReadAction","target":["https:\/\/stonersmeds.com\/shop\/buy-mephedrone-online\/"]}]},{"@type":"ImageObject","inLanguage":"pl-PL","@id":"https:\/\/stonersmeds.com\/shop\/buy-mephedrone-online\/#primaryimage","url":"https:\/\/stonersmeds.com\/wp-content\/uploads\/2026\/01\/4MMC-2-1.jpeg","contentUrl":"https:\/\/stonersmeds.com\/wp-content\/uploads\/2026\/01\/4MMC-2-1.jpeg","width":720,"height":1280},{"@type":"BreadcrumbList","@id":"https:\/\/stonersmeds.com\/shop\/buy-mephedrone-online\/#breadcrumb","itemListElement":[{"@type":"ListItem","position":1,"name":"Home","item":"https:\/\/stonersmeds.com\/"},{"@type":"ListItem","position":2,"name":"Shop","item":"https:\/\/stonersmeds.com\/shop\/"},{"@type":"ListItem","position":3,"name":"Buy Mephedrone Online"}]},{"@type":"WebSite","@id":"https:\/\/stonersmeds.com\/#website","url":"https:\/\/stonersmeds.com\/","name":"stonersmeds.com","description":"verschreibungspflichtige Medizin kaufen","publisher":{"@id":"https:\/\/stonersmeds.com\/#organization"},"alternateName":"Research chemical shop","potentialAction":[{"@type":"SearchAction","target":{"@type":"EntryPoint","urlTemplate":"https:\/\/stonersmeds.com\/?s={search_term_string}"},"query-input":{"@type":"PropertyValueSpecification","valueRequired":true,"valueName":"search_term_string"}}],"inLanguage":"pl-PL"},{"@type":"Organization","@id":"https:\/\/stonersmeds.com\/#organization","name":"Stonersmeds Shop","url":"https:\/\/stonersmeds.com\/","logo":{"@type":"ImageObject","inLanguage":"pl-PL","@id":"https:\/\/stonersmeds.com\/#\/schema\/logo\/image\/","url":"https:\/\/stonersmeds.com\/wp-content\/uploads\/2026\/02\/high-purity-DMT-powder.jpg","contentUrl":"https:\/\/stonersmeds.com\/wp-content\/uploads\/2026\/02\/high-purity-DMT-powder.jpg","width":500,"height":500,"caption":"Stonersmeds Shop"},"image":{"@id":"https:\/\/stonersmeds.com\/#\/schema\/logo\/image\/"}}]},"og_availability":"instock","product_availability":"instock","product_condition":"new"},"_links":{"self":[{"href":"https:\/\/stonersmeds.com\/pl\/wp-json\/wp\/v2\/product\/12695","targetHints":{"allow":["GET"]}}],"collection":[{"href":"https:\/\/stonersmeds.com\/pl\/wp-json\/wp\/v2\/product"}],"about":[{"href":"https:\/\/stonersmeds.com\/pl\/wp-json\/wp\/v2\/types\/product"}],"replies":[{"embeddable":true,"href":"https:\/\/stonersmeds.com\/pl\/wp-json\/wp\/v2\/comments?post=12695"}],"version-history":[{"count":0,"href":"https:\/\/stonersmeds.com\/pl\/wp-json\/wp\/v2\/product\/12695\/revisions"}],"wp:featuredmedia":[{"embeddable":true,"href":"https:\/\/stonersmeds.com\/pl\/wp-json\/wp\/v2\/media\/12724"}],"wp:attachment":[{"href":"https:\/\/stonersmeds.com\/pl\/wp-json\/wp\/v2\/media?parent=12695"}],"wp:term":[{"taxonomy":"product_brand","embeddable":true,"href":"https:\/\/stonersmeds.com\/pl\/wp-json\/wp\/v2\/product_brand?post=12695"},{"taxonomy":"product_cat","embeddable":true,"href":"https:\/\/stonersmeds.com\/pl\/wp-json\/wp\/v2\/product_cat?post=12695"},{"taxonomy":"product_tag","embeddable":true,"href":"https:\/\/stonersmeds.com\/pl\/wp-json\/wp\/v2\/product_tag?post=12695"},{"taxonomy":"product_brands","embeddable":true,"href":"https:\/\/stonersmeds.com\/pl\/wp-json\/wp\/v2\/product_brands?post=12695"}],"curies":[{"name":"wp","href":"https:\/\/api.w.org\/{rel}","templated":true}]}}